{"id":101179,"date":"2022-07-11T17:41:59","date_gmt":"2022-07-11T09:41:59","guid":{"rendered":"https:\/\/www.gjtaiwan.com\/new\/?post_type=product&#038;p=101179"},"modified":"2026-01-27T10:35:09","modified_gmt":"2026-01-27T02:35:09","slug":"%e9%8a%80%e6%b2%b3%e9%90%b5%e9%81%93e%e6%9a%97%e6%9a%9d%e5%8f%b0%e6%97%a5%e9%9b%99%e8%aa%9e%ef%bc%8e%e9%99%84%e5%8f%b0%e8%aa%9e%e6%9c%97%e8%ae%80%e4%b8%bb%e9%a1%8c%e6%9b%b2qrcode","status":"publish","type":"product","link":"https:\/\/www.gjtaiwan.com\/new\/product\/%e9%8a%80%e6%b2%b3%e9%90%b5%e9%81%93e%e6%9a%97%e6%9a%9d%e5%8f%b0%e6%97%a5%e9%9b%99%e8%aa%9e%ef%bc%8e%e9%99%84%e5%8f%b0%e8%aa%9e%e6%9c%97%e8%ae%80%e4%b8%bb%e9%a1%8c%e6%9b%b2qrcode","title":{"rendered":"\u9280\u6cb3\u9435\u9053\u00ea\u6697\u669d\uff08\u53f0\u65e5\u96d9\u8a9e\uff0e\u9644\u53f0\u8a9e\u6717\u8b80\uff0b\u4e3b\u984c\u66f2QRcode\uff09"},"content":{"rendered":"<h1><strong>\u9280\u6cb3\u9435\u9053\u00ea\u6697\u669d\uff08\u53f0\u65e5\u96d9\u8a9e\uff0e\u9644\u53f0\u8a9e\u6717\u8b80\uff0b\u4e3b\u984c\u66f2QRcode\uff09<\/strong><\/h1>\n<p><img loading=\"lazy\" decoding=\"async\" class=\"alignnone size-large wp-image-101188\" src=\"https:\/\/www.gjtaiwan.com\/new\/wp-content\/uploads\/2022\/07\/9786267076385_bc-571x800.jpg\" alt=\"\" width=\"571\" height=\"800\" srcset=\"https:\/\/www.gjtaiwan.com\/new\/wp-content\/uploads\/2022\/07\/9786267076385_bc-571x800.jpg 571w, https:\/\/www.gjtaiwan.com\/new\/wp-content\/uploads\/2022\/07\/9786267076385_bc-286x400.jpg 286w, https:\/\/www.gjtaiwan.com\/new\/wp-content\/uploads\/2022\/07\/9786267076385_bc.jpg 768w, https:\/\/www.gjtaiwan.com\/new\/wp-content\/uploads\/2022\/07\/9786267076385_bc-600x840.jpg 600w\" sizes=\"auto, (max-width: 571px) 100vw, 571px\" \/><\/p>\n<p><img loading=\"lazy\" decoding=\"async\" class=\"alignnone size-large wp-image-101189\" src=\"https:\/\/www.gjtaiwan.com\/new\/wp-content\/uploads\/2022\/07\/9786267076385_b2-564x800.jpg\" alt=\"\" width=\"564\" height=\"800\" srcset=\"https:\/\/www.gjtaiwan.com\/new\/wp-content\/uploads\/2022\/07\/9786267076385_b2-564x800.jpg 564w, https:\/\/www.gjtaiwan.com\/new\/wp-content\/uploads\/2022\/07\/9786267076385_b2-282x400.jpg 282w, https:\/\/www.gjtaiwan.com\/new\/wp-content\/uploads\/2022\/07\/9786267076385_b2.jpg 768w, https:\/\/www.gjtaiwan.com\/new\/wp-content\/uploads\/2022\/07\/9786267076385_b2-600x851.jpg 600w\" sizes=\"auto, (max-width: 564px) 100vw, 564px\" \/><\/p>\n<p><img loading=\"lazy\" decoding=\"async\" class=\"alignnone size-large wp-image-101190\" src=\"https:\/\/www.gjtaiwan.com\/new\/wp-content\/uploads\/2022\/07\/9786267076385_b3-564x800.jpg\" alt=\"\" width=\"564\" height=\"800\" srcset=\"https:\/\/www.gjtaiwan.com\/new\/wp-content\/uploads\/2022\/07\/9786267076385_b3-564x800.jpg 564w, https:\/\/www.gjtaiwan.com\/new\/wp-content\/uploads\/2022\/07\/9786267076385_b3-282x400.jpg 282w, https:\/\/www.gjtaiwan.com\/new\/wp-content\/uploads\/2022\/07\/9786267076385_b3.jpg 768w, https:\/\/www.gjtaiwan.com\/new\/wp-content\/uploads\/2022\/07\/9786267076385_b3-600x851.jpg 600w\" sizes=\"auto, (max-width: 564px) 100vw, 564px\" \/><\/p>\n<p><img loading=\"lazy\" decoding=\"async\" class=\"alignnone size-large wp-image-101184\" src=\"https:\/\/www.gjtaiwan.com\/new\/wp-content\/uploads\/2022\/07\/9786267076385_b4-564x800.jpg\" alt=\"\" width=\"564\" height=\"800\" srcset=\"https:\/\/www.gjtaiwan.com\/new\/wp-content\/uploads\/2022\/07\/9786267076385_b4-564x800.jpg 564w, https:\/\/www.gjtaiwan.com\/new\/wp-content\/uploads\/2022\/07\/9786267076385_b4-282x400.jpg 282w, https:\/\/www.gjtaiwan.com\/new\/wp-content\/uploads\/2022\/07\/9786267076385_b4.jpg 768w, https:\/\/www.gjtaiwan.com\/new\/wp-content\/uploads\/2022\/07\/9786267076385_b4-600x851.jpg 600w\" sizes=\"auto, (max-width: 564px) 100vw, 564px\" \/><\/p>\n<p><img loading=\"lazy\" decoding=\"async\" class=\"alignnone size-large wp-image-101185\" src=\"https:\/\/www.gjtaiwan.com\/new\/wp-content\/uploads\/2022\/07\/9786267076385_b5-564x800.jpg\" alt=\"\" width=\"564\" height=\"800\" srcset=\"https:\/\/www.gjtaiwan.com\/new\/wp-content\/uploads\/2022\/07\/9786267076385_b5-564x800.jpg 564w, https:\/\/www.gjtaiwan.com\/new\/wp-content\/uploads\/2022\/07\/9786267076385_b5-282x400.jpg 282w, https:\/\/www.gjtaiwan.com\/new\/wp-content\/uploads\/2022\/07\/9786267076385_b5.jpg 768w, https:\/\/www.gjtaiwan.com\/new\/wp-content\/uploads\/2022\/07\/9786267076385_b5-600x851.jpg 600w\" sizes=\"auto, (max-width: 564px) 100vw, 564px\" \/><\/p>\n<p><img loading=\"lazy\" decoding=\"async\" class=\"alignnone size-large wp-image-101186\" src=\"https:\/\/www.gjtaiwan.com\/new\/wp-content\/uploads\/2022\/07\/9786267076385_b6-564x800.jpg\" alt=\"\" width=\"564\" height=\"800\" srcset=\"https:\/\/www.gjtaiwan.com\/new\/wp-content\/uploads\/2022\/07\/9786267076385_b6-564x800.jpg 564w, https:\/\/www.gjtaiwan.com\/new\/wp-content\/uploads\/2022\/07\/9786267076385_b6-282x400.jpg 282w, https:\/\/www.gjtaiwan.com\/new\/wp-content\/uploads\/2022\/07\/9786267076385_b6.jpg 768w, https:\/\/www.gjtaiwan.com\/new\/wp-content\/uploads\/2022\/07\/9786267076385_b6-600x851.jpg 600w\" sizes=\"auto, (max-width: 564px) 100vw, 564px\" \/><\/p>\n<p><img loading=\"lazy\" decoding=\"async\" class=\"alignnone size-large wp-image-101187\" src=\"https:\/\/www.gjtaiwan.com\/new\/wp-content\/uploads\/2022\/07\/9786267076385_b8-564x800.jpg\" alt=\"\" width=\"564\" height=\"800\" srcset=\"https:\/\/www.gjtaiwan.com\/new\/wp-content\/uploads\/2022\/07\/9786267076385_b8-564x800.jpg 564w, https:\/\/www.gjtaiwan.com\/new\/wp-content\/uploads\/2022\/07\/9786267076385_b8-282x400.jpg 282w, https:\/\/www.gjtaiwan.com\/new\/wp-content\/uploads\/2022\/07\/9786267076385_b8.jpg 768w, https:\/\/www.gjtaiwan.com\/new\/wp-content\/uploads\/2022\/07\/9786267076385_b8-600x851.jpg 600w\" sizes=\"auto, (max-width: 564px) 100vw, 564px\" \/><\/p>\n<h2><strong>\u5167\u5bb9\u7c21\u4ecb<\/strong><\/h2>\n<p>\u65e5\u672c\u4eba\u4e0a\u611b\u00ea\u570b\u6c11\u4f5c\u5bb6\u5bae\u6fa4\u8ce2\u6cbb<br \/>\n\u7559\u4e88\u4e16\u9593\u00ea\u6eab\u60c5\u7d93\u5178\u300c\u9280\u6cb3\u9244\u9053\u306e\u591c\u300d<br \/>\n\u7528\u53f0\u7063\u8a71\u89aa\u5207\u8f49\u5beb\uff0c\u5f15tshu\u0101\u4f60\u9032\u5165\u6563\u8d64\u5c11\u5e74\u00ea\u5947\u5e7b\u6545\u4e8b<br \/>\n\u4e00tsu\u0101\u5947\u9e97\u5922\u5e7b\u3001\u5145\u6eff\u6027\u547d\u54f2\u60f3\u00ea\u9280\u6cb3\u4e4b\u65c5\uff0c\u505a\u4f19\u8d77\u884c<\/p>\n<p>\u300c\u4e16\u754c\u6587\u5b78\u53f0\u8b80\u5c11\u5e74\u96d9\u8a9e\u7cfb\u5217\u300d\u4ee5\u5efa\u7acb\u9752\u5c11\u5e74\u5c0d\u5728\u5730\u4e3b\u9ad4\u00ea\u8a8d\u540c\u4ee5\u53cah\u00f9n\u95ca\u00ea\u4e16\u754c\u89c0\u70ba\u76ee\u6a19\uff0c\u6309\u7b97thai\u9078\u5404\u570b\u4e16\u754c\u540d\u8457\uff0c\u4ee5\u53f0\u6587\u9032\u884c\u5fe0\u65bc\u539f\u5178\u00ea\u7ffb\u8b6f\u8f49\u5beb\uff0c\u6536\u9304\u539f\u6587\u96d9\u8a9e\u51fa\u7248\u3002\u900f\u904e\u53f0\u7063\u8a71\u95b1\u8b80\u7d93\u5178\u6587\u5b78\u00ea\u771f\u9ad3\uff0c\u5f15tshu\u0101\u8b80\u8005\u8a8dbat\u5404\u570b\u7121\u4edd\u6642\u9593\u3001\u7a7a\u9593\u00ea\u771f\u5be6\u9762\u8154kap\u6587\u5316\u5167\u6db5\u3002<\/p>\n<p>\u672c\u7cfb\u5217\u7b2c\u4e09\u518a\u300a\u9280\u6cb3\u9435\u9053\u00ea\u6697\u669d\u300b\uff08\u539f\u6587\uff1a\u9280\u6cb3\u9244\u9053\u306e\u591c\uff09\u662f\u65e5\u672c\u570b\u6c11\u4f5c\u5bb6\u5bae\u6fa4\u8ce2\u6cbb\uff081986~1933\uff09\u7336\u672a\u8d74\u5b8c\u6210\u00ea\u4ee3\u8868\u4f5c\uff0c\u5f8c\u4ee3\u4ebabat\u4ee5\u52d5\u756b\u3001\u96fb\u5f71\u3001\u97f3\u6a02\u5287\u3001\u5929\u6587\u5287\u5834\u518d\u73fe\u00ea\u91cd\u8981\u8457\u4f5c\u3002Leh\u8b1b\u5b64\u55ae\u6563\u8d64\u00ea\u5c11\u5e74g\u00edn-\u00e1\u77f3\u90a6\u5c3c\uff0c\u7121\u610f\u4e2d\u5750\u8d77lih\u9280\u6cb3\u9435\u9053\u7ad9\u00ea\u6545\u4e8b\u3002U\u00ec\u70cf\u6697\u4e2d\u00ea hit\u9053\u5149\u7131\uff0c\u77f3\u90a6\u5c3c\u6703\u5f97kap\u4e0a\u597d\u00ea\u670b\u53cb\u540c\u9f4a\u884c\u5411\u5947\u5e7b\u00ea\u5b87\u5b99\uff0ch\u0101nn\u8df3\u751f\u6b7b\u95dc\u3001\u8d70tshu\u0113\u5e78\u798f\u00ea\u5922\u5e7b\u65c5\u9014\u3002\u662f\u503c\u5f97\u5927\u7d30\u6f22\u611f\u53d7\u9ad4\u9a57\u00ea\u65e5\u672c\u6587\u5b78\u3002<\/p>\n<p>\u672c\u66f8\u7279\u8272<\/p>\n<p>1. \u4e16\u754c\u6587\u5b78\u7d93\u5178\u300c\u9280\u6cb3\u9244\u9053\u306e\u591c\u300d\uff08\u83ef\u8b6f\uff1a\u9280\u6cb3\u9435\u9053\u4e4b\u591c\uff09\u982d\u4e00\u64fa\u53f0\u65e5\u5c0d\u8b6f\uff0c\u65e5\u672c\u570b\u6c11\u4f5c\u5bb6\u5bae\u6fa4\u8ce2\u6cbb\u540d\u4f5c\uff0c\u5c55\u73fe\u5947\u5e7b\u00ea\u5b87\u5b99\u4e16\u754ckap\u751f\u6b7b\u611f\u52d5\u00ea\u53cb\u60c5\u6545\u4e8b\u3002<br \/>\n2. \u9644\u53f0\u8a9e\u6709\u8072\u6717\u8b80\u3001\u4e3b\u984c\u66f2\u6f14\u5531QRcode\uff0c\u914d\u5408\u6545\u4e8b\u60c5\u5883\u00ea\u7cbe\u5f69\u914d\u6a02\uff0c\u95b1\u8b80\u5c0d\u7167\u7121\u8ca0\u64d4\uff0c\u53f0\u65e5\u5b78\u7fd2\u771f\u5229\u4fbf\u3002<br \/>\n3. \u7cbe\u5f69\u63d2\u5716\u8868\u73fe\u4e3b\u89d2\u6027\u683ckah\u6545\u4e8b\u60c5\u7bc0\u3001\u786c\u7cbe\u88dd\u5178\u85cf\u3002<\/p>\n<p>\u540d\u5bb6\u63a8\u85a6<\/p>\n<p>\u8d99\u9806\u6587\u3000\u524d\u570b\u7acb\u53f0\u7063\u5927\u5b78\u65e5\u672c\u8a9e\u6587\u5b78\u7cfb\u6559\u6388<br \/>\n\u5f90\u8208\u6176\u3000\u4e2d\u570b\u6587\u5316\u5927\u5b78\u524d\u6821\u9577\uff0e\u6771\u5433\u5927\u5b78\u7aef\u6728\u6137\u6821\u9577\u8b1b\u5ea7\u6559\u6388<br \/>\n\u5f35\u6587\u85b0\u3000\u570b\u7acb\u53f0\u7063\u5927\u5b78\u53f0\u7063\u6587\u5b78\u7814\u7a76\u6240\u526f\u6559\u6388\u517c\u6240\u9577<br \/>\n\u7f85\u6fdf\u7acb\u3000\u6771\u5433\u5927\u5b78\u65e5\u672c\u8a9e\u6587\u5b78\u7cfb\u6559\u6388\u517c\u4e3b\u4efb<br \/>\n\u694a\u7d20\u971e\u3000\u570b\u7acb\u653f\u6cbb\u5927\u5b78\u65e5\u672c\u8a9e\u6587\u5b78\u7cfb\u6559\u6388<br \/>\n\u5442\u7f8e\u89aa\u3000\u570b\u7acb\u53f0\u7063\u5e2b\u7bc4\u5927\u5b78\u53f0\u7063\u8a9e\u6587\u5b78\u7cfb\u52a9\u7406\u6559\u6388<\/p>\n<p>\u51fa\u7248\u8d0a\u52a9\u2500\u2500<br \/>\n\u5929\u6bcd\u6276\u8f2a\u793e\u3001\u5317\u5340\u6276\u8f2a\u793e\u3001\u660e\u5fb7\u6276\u8f2a\u793e<br \/>\n\u81f3\u5584\u6276\u8f2a\u793e\u3001\u5929\u548c\u6276\u8f2a\u793e\u3001\u5929\u6b23\u6276\u8f2a\u793e<\/p>\n<h2><strong>\u4f5c\u8005\u7c21\u4ecb<\/strong><\/h2>\n<p>\u8a08\u756b\u4e3b\u7de8\uff5c\u9673\u9e97\u541b<\/p>\n<p>\u570b\u7acb\u6210\u529f\u5927\u5b78\u53f0\u7063\u6587\u5b78\u7cfb\u6559\u6388\u3002\u65b0\u71df\u4eba\u3002\u5c08\u9577\u9818\u57df\u662f\u53f0\u7063\u539f\u4f4f\u6c11\u3001\u65b0\u4f4f\u6c11\u3001\u53f0\u8a9e\u65cf\u7fa4\u7b49\u8de8\u65cf\u7fa4\u3001\u8a9e\u8a00\u00ea\u793e\u6703\u8a9e\u8a00\u5b78\u73fe\u8c61kap\u6559\u80b2\u653f\u7b56\u7814\u7a76\u3002\u7de8\u8457\u300a\u53f0\u8a9eABC\u771f\u8da3\u5473\u300b\u3001\u300a\u53f0\u8a9e\u62cd\u901a\u95dc\u300b\u3001\u300a\u4e9e\u6d32\u5a5a\u59fb\u79fb\u6c11\u5973\u6027\u300b\u3001\u300a\u65b0\u79fb\u6c11\u3001\u5973\u6027\u3001\u6bcd\u8a9e\u00ea\u793e\u6703\u8a9e\u8a00\u5b78\u300b\u7b49\u5c08\u66f8\u3002<\/p>\n<p>\u53f0\u6587\u6f64\u7a3f\u2027\u6821\u5c0d\uff5c\u5433\u5609\u82ac<\/p>\n<p>\u8a69\u3001\u6563\u6587\u3001\u5c0f\u8aaa\u7b49\u6587\u985e\u00ea\u53f0\u8a9e\u6587\u5275\u4f5c\u5bb6\u3002\u4f5c\u54c1\u96c6\u300a\u706b\u7a2e\u300b\u5165\u90782019\u5e74\u81fa\u5357\u5e02\u4f5c\u5bb6\u4f5c\u54c1\u96c6\u3010\u7b2c\u4e5d\u8f2f\u3011\u3002\u64d4\u4efb\u53f0\u6c5f\u570b\u5bb6\u516c\u5712\u51fa\u7248\u00ea\u7e6a\u672c\u5f71\u97f3\u52d5\u756b\u300a\u5c0f\u8783\u87f9\u904a\u53f0\u6c5f\uff0f\u6d77\u548c\u5c1a\u904a\u53f0\u6c5f\u300bkap\u300a\u5c0f\u6c34\u9d28\u5169\u500b\u5bb6\uff0f\u6c34\u9d28\u56dd\u5169\u4e2a\u5bb6\u300b\u8b6f\u8005\u517c\u81fa\u8a9e\u914d\u97f3\u6307\u5c0e\u3002\u76ee\u524dt\u012b\u570b\u7acb\u81fa\u4e2d\u6559\u80b2\u5927\u5b78\u53f0\u7063\u8a9e\u6587\u5b78\u7cfb\u7814\u7a76\u6240\u8b80\u518a\u3002<\/p>\n<p>\u53f0\u6587\u6f64\u7a3f\u2027\u6821\u5c0d\uff5c\u6797\u6708\u5a25<\/p>\n<p>\u5609\u7fa9\u7e23\u6c34\u4e0a\u9109\u51fa\u4e16\u5927\u6f22\uff0c\u5ac1t\u012b\u5c4f\u6771\u3002\u570b\u7acb\u6210\u529f\u5927\u5b78\u53f0\u6587\u6240\u78a9\u58eb\u3002\u570b\u7acb\u5c4f\u6771\u5927\u5b78\u53f0\u8a9e\u8ab2\u7a0b\u8b1b\u5e2b\uff1b\u6210\u5927kap\u6559\u80b2\u90e8\u53f0\u8a9e\u8a8d\u8b49l\u00f3ng C2\u5c08\u696d\u7d1a\u3002\u5168\u570b\u8a9e\u6587\u7af6\u8cfd95\u5e74\u53f0\u8a9e\u5373\u5e2d\u6f14\u8aaakap 97\u5e74\u53f0\u8a9e\u6717\u8b80l\u00f3ng\u7b2c\u4e00\u540d\u3002102\u5e74\u6559\u80b2\u90e8\u95a9\u5ba2\u8a9e\u6587\u5b78\u734e\u6559\u5e2b\u7d44\u73fe\u4ee3\u8a69\u3008H\u014do\u7d05\u971ehi\u00e0m\u51fa\u5e06\u3009\u7b2c\u4e8c\u540d\uff0c107\u5e74\u5c4f\u6771\u7e23\u95a9\u5ba2\u539f\u6587\u5b78\u734e\u6563\u6587\u3008\u5435\u611b\u3009\u793e\u6703\u7d44\u7b2c\u4e00\u540d\u3002\u8a69\u6587\u6563\u898b\u300a\u6d77\u7fc1\u53f0\u8a9e\u6587\u5b78\u300b\u3001\u300a\u53f0\u6587\u6230\u7dda\u300b\u3001\u300a\u6559\u80b2\u90e8\u96fb\u5b50\u5831\u300b\u3001\u9ad8\u96c4\u6b77\u53f2\u535a\u7269\u9928\u00ea\u300c\u9ad8\u96c4\u5c0f\u6545\u4e8b\u300d\u3002<\/p>\n<p>\u65e5\u6587\u6821\u5c0d\uff5c\u9d5c\u6238\u8061\uff08\u3046\u3069\u30fb\u3055\u3068\u3057\uff09<\/p>\n<p>\u6771\u4eac\u5927\u5b78\u7d9c\u5408\u6587\u5316\u7814\u7a76\u6240\u535a\u58eb\u3002Bat ti\u00e0m\u9e7f\u5152\u5cf6\u5927\u5b78\u6cd5\u6587\u5b78\u9662\u64d4\u4efb\u526f\u6559\u6388\uff0c\u73fe\u6b64\u6642t\u012b\u660e\u6cbb\u5927\u5b78\u570b\u969b\u65e5\u672c\u5b78\u9662\u505a\u526f\u6559\u6388\u3002\u7de8\u904e\u00ea\u518a\u6709\u300a\u4e16\u754c\u6587\u5b78\u00ea\u6587\u5b78 \u6587\u5b78\u00ea\u4e16\u754c\u300b\uff08\u677e\u7c5f\u793e\uff0c2020\u5e74\uff09\u3001\u300a\u6279\u5224\u7406\u8ad6\u95dc\u9375\u5b57 \u6587\u5b78\u7406\u8ad6\u300b\uff08\u30d5\u30a3\u30eb\u30e0\u30a2\u30fc\u30c8\u793e\uff0c2020\u5e74\uff09\u7b49\u3002<\/p>\n<p>\u6709\u8072\u6717\u8b80\uff5c\u99ae\u52dd\u96c4 \u2500 \u6717\u8b80\u6307\u5c0e\u2027\u5b78\u8005\u2026\u7b49\u7537\u8072<\/p>\n<p>\u570b\u7acb\u53f0\u5357\u5927\u5b78\u53f0\u7063\u6587\u5316\u7814\u7a76\u6240\u7562\u696d\uff0c\u570b\u5c0f\u8001\u5e2b\u9000\u4f11\uff0c\u76ee\u524d\u64d4\u4efb\u53f0\u5357\u5927\u5b78\u53f0\u8a9e\u8ab2\u7a0b\u517c\u4efb\u8b1b\u5e2b\uff0c\u6307\u5c0e\u53f0\u8a9e\u8a9e\u6587\u7af6\u8cfd\u3002<\/p>\n<p>\u6709\u8072\u6717\u8b80\uff5c\u5433\u5b9c\u73ca \u2500 \u77f3\u90a6\u5c3c\u6bcd\u2026\u7b49\u5973\u8072<\/p>\n<p>\u4eca\u5e74\u8b80\u6210\u5927\u53f0\u6587\u7cfb\u4e00\u5e74\u00e1\uff0c\u4f6e\u610f\u770b\u5c0f\u8aaa\uff0c\u6709\u7576\u6642m\u0101 gia\u030dh\u7b46\u5275\u4f5c\uff0c\u662f\u4e00\u4e2a\u5c0a\u656c\u6587\u5b78kap\u60f3beh\u548c\u6587\u5b78\u8ac7\u6200\u611b\u00ea\u5927\u5b78\u751f\u3002<\/p>\n<p>\u6709\u8072\u6717\u8b80\uff5c\u674e\u5efa\u7a4e \u2500 \u7518\u6d3e\u79ae\u3001\u66fe\u963f\u5229kap\u5c11\u5e74\u5bb6<\/p>\n<p>\u53f0\u5357\u4eba\uff0c\u76ee\u524d\u8b80\u53f0\u5357\u4e00\u4e2d\uff0c\u81ea\u7d30\u6f22\u53d7\u81fa\u8a9e\u6717\u8b80kap\u5b57\u97f3\u5b57\u5f62\u8a13\u7df4\uff0cbat\u8457\u5168\u570b\u8a9e\u6587\u7af6\u8cfd\u81fa\u8a9e\u5b57\u97f3\u5b57\u5f62\u570b\u4e2d\u3001\u570b\u5c0f\u7d44\u982d\u540d\u3002<\/p>\n<p>\u6709\u8072\u6717\u8b80\uff5cKh\u00f3\u0358 P\u014de-b\u00edn \u2500 \u8aaa\u66f8\u3001\u77f3\u90a6\u5c3c\u2026\u7b49\u67e5\u57d4g\u00edn-\u00e1\u8072<\/p>\n<p>P\u00f3-t\u00e1u l\u00e2i \u00ea kh\u00f3\u0358-koe. \u00c0i li\u00fb-l\u014dng \u00ea ph\u0101i\u207f-\u00e1-kha. \u00d2-chiu Kok-li\u030dp T\u0101i-ha\u030dk \u00c8ng-i\u014dng G\u00ed-gi\u00e2n-ha\u030dk se\u030dk-s\u016b.\u3008Chi\u00e2\u5077\u98df\u83dc\u982d\u7cbf?!\u3009\u014de-p\u00fan k\u00f2\u0358-s\u016b chh\u00f2ng-chok-chi\u00e1. T\u00e2i-g\u00ed sia\u207f-kak, \u00e0i kh\u00f2a\u207f b\u00e0ng-gah, \u00e0i si\u00e1 Pe\u030dh-\u014de-j\u012b. B\u00f4-\u00e0i ch\u00f2 B\u00e2n.<\/p>\n<p>\u6b4c\u66f2\u6f14\u5531\uff5c\u4f0a\u85e4\u4f73\u4ee3<\/p>\n<p>\u570b\u7acb\u4e2d\u5c71\u5927\u5b78\u897f\u7063\u5b78\u9662\u7d04\u8058\u52a9\u7406\u6559\u6388<\/p>\n<p>\u6b4c\u66f2\u6f14\u5531\uff5c\u66fe\u85b0\u6167<\/p>\n<p>\u570b\u7acb\u6210\u529f\u5927\u5b78\u53f0\u7063\u6587\u5b78\u7cfb\u52a9\u7406\u6559\u6388<\/p>\n<p>\u92fc\u7434\u914d\u6a02\uff5c\u66fe\u58eb\u73cd<\/p>\n<p>\u570b\u7acb\u6210\u529f\u5927\u5b78\u901a\u8b58\u4e2d\u5fc3\u517c\u4efb\u52a9\u7406\u6559\u6388<\/p>\n<p>\u7de8\u8f2f\u52a9\u7406\uff5c\u6797\u7d00\u7504<\/p>\n<p>\u570b\u7acb\u6210\u529f\u5927\u5b78\u53f0\u7063\u6587\u5b78\u7cfb\u7562\u696d<br \/>\n\u672c\u571f\u96fb\u5b50\u520a\u7269\u300a\u958b\u8b1bkhai-k\u00e1ng\u300b\u7de8\u8f2f\u517c\u5c08\u6b04\u4f5c\u8005<\/p>\n<p>\u7e6a\u8005\u7c21\u4ecb<\/p>\n<p>\u912d\u6253\u9eb5<\/p>\n<p>\u570b\u7acb\u81fa\u7063\u85dd\u8853\u5927\u5b78\u8996\u89ba\u50b3\u9054\u8a2d\u8a08\u7cfb\u7562\u696d\uff0cg\u00e2u\u756bang-\u00e1\u5716\uff0c\u63d2\u5716m\u0101\u8db3\u5167\u884c\uff0c\u662f\u4e00\u4e2a\u7121\u62d8\u7121\u675f\u00ea\u81ea\u7531\u5275\u4f5c\u5bb6\u3002\u534a\u669d\u00e1\u7ffb\u9ede\u76ee\u776di\u00e1u-koh\u91d1khok-khok\uff0c\u96de\u672a\u557csuah\u5c31\u00e0i\u96a8\u8d77\u5e8atshia-pi\u00e0nn\uff0c\u53ea\u8981\u662fkap\u690d\u7269\u3001\u52d5\u7269\u76f8\u95dc\u00ea\u518al\u00f3ng\u8db3\u8208&#8211;\u00ea\uff0c\u505a\u8c93\u00e1\u5974\u624d\u4e0a\u7518\u9858\u3002<\/p>\n<p>IG:dame_cheng<\/p>\n<h2><strong>\u76ee\u9304<\/strong><\/h2>\n<p>\u5e8f \u4e00 \u5e78\u798f\u00ea\u672a\u4f86\u54b1\u5411\u524d\u884c<br \/>\n\u5e8f \u4e8c \u69ae\u5149\u53f0\u6587 \u767e\u5e74\u6a39\u4eba<br \/>\n\u5e8f \u4e09 Khi\u0101\u53f0\u7063 \u770b\u4e16\u754c<\/p>\n<p>\u7b2c\u4e00\u7ae0 \u4e0b\u6661\u6642\u00ea\u8ab2<br \/>\n\u7b2c\u4e8c\u7ae0 \u5370\u7248\u6240<br \/>\n\u7b2c\u4e09\u7ae0 \u5bb6<br \/>\n\u7b2c\u56db\u7ae0 \u4eba\u99ac\u5ea7\u661f\u796d<br \/>\n\u7b2c\u4e94\u7ae0 \u5929\u6c23\u8f2a\u4e4b\u5854<br \/>\n\u7b2c\u516d\u7ae0 \u9280\u6cb3\u7ad9<br \/>\n\u7b2c\u4e03\u7ae0 \u5317\u5341\u5b57kap\u6ce2\u91cc\u6b50\u8f9b\u6d77\u5cb8<br \/>\n\u7b2c\u516b\u7ae0 \u63a0\u9ce5\u00e1&#8211;\u00ea<br \/>\n\u7b2c\u4e5d\u7ae0 \u77f3\u90a6\u5c3c\u00ea\u8eca\u7968<\/p>\n<p>\u7b2c\u4e00\u7ae0 \u5348\u540e\u306e\u6388\u696d<br \/>\n\u7b2c\u4e8c\u7ae0 \u6d3b\u7248\u6240<br \/>\n\u7b2c\u4e09\u7ae0 \u5bb6<br \/>\n\u7b2c\u56db\u7ae0 \u30b1\u30f3\u30bf\u30a6\u30eb\u796d\u306e\u591c<br \/>\n\u7b2c\u4e94\u7ae0 \u5929\u6c17\u8f2a\u306e\u67f1<br \/>\n\u7b2c\u516d\u7ae0 \u9280\u6cb3\u30b9\u30c6\u30fc\u30b7\u30e7\u30f3<br \/>\n\u7b2c\u4e03\u7ae0 \u5317\u5341\u5b57\u3068\u30d7\u30ea\u30aa\u30b7\u30f3\u6d77\u5cb8<br \/>\n\u7b2c\u516b\u7ae0 \u9ce5\u3092\u6355\u308b\u4eba<br \/>\n\u7b2c\u4e5d\u7ae0 \u30b8\u30e7\u30d0\u30f3\u30cb\u306e\u5207\u7b26<\/p>\n<p>ISBN\uff1a9786267076385<br \/>\n\u51fa\u7248\u793e\uff1a\u524d\u885b<br \/>\n\u898f\u683c\uff1a\u7cbe\u88dd \/ 208\u9801 \/ 15 x 21 x 2.91 cm \/ \u666e\u901a\u7d1a \/ \u90e8\u4efd\u5168\u5f69 \/ \u521d\u7248<br \/>\n\u51fa\u7248\u5730\uff1a\u53f0\u7063<\/p>\n","protected":false},"excerpt":{"rendered":"<p>\u9280\u6cb3\u9435\u9053\u00ea\u6697\u669d\uff08\u53f0\u65e5\u96d9\u8a9e\uff0e\u9644\u53f0\u8a9e\u6717\u8b80\uff0b\u4e3b\u984c\u66f2QRcode\uff09 \u5167\u5bb9\u7c21\u4ecb \u65e5\u672c\u4eba\u4e0a\u611b\u00ea\u570b\u6c11\u4f5c\u5bb6\u5bae\u6fa4\u8ce2\u6cbb \u7559\u4e88\u4e16\u9593\u00ea&#8230;<\/p>\n","protected":false},"featured_media":101188,"comment_status":"closed","ping_status":"closed","template":"","meta":[],"product_brand":[],"product_cat":[2819,2663,3183],"product_tag":[12676,3565],"class_list":{"0":"post-101179","1":"product","2":"type-product","3":"status-publish","4":"has-post-thumbnail","6":"product_cat-2819","7":"product_cat-2663","8":"product_cat-3183","9":"product_tag-12676","10":"product_tag-3565","12":"first","13":"instock","14":"sale","15":"taxable","16":"shipping-taxable","17":"purchasable","18":"product-type-simple"},"bundled_by":[],"bundle_stock_status":"instock","bundle_stock_quantity":null,"bundle_virtual":false,"bundle_layout":"","bundle_add_to_cart_form_location":"","bundle_editable_in_cart":false,"bundle_sold_individually_context":"","bundle_item_grouping":"","bundle_min_size":"","bundle_max_size":"","bundle_price":[],"bundled_items":[],"bundle_sell_ids":[65786,138697],"_links":{"self":[{"href":"https:\/\/www.gjtaiwan.com\/new\/wp-json\/wp\/v2\/product\/101179","targetHints":{"allow":["GET"]}}],"collection":[{"href":"https:\/\/www.gjtaiwan.com\/new\/wp-json\/wp\/v2\/product"}],"about":[{"href":"https:\/\/www.gjtaiwan.com\/new\/wp-json\/wp\/v2\/types\/product"}],"replies":[{"embeddable":true,"href":"https:\/\/www.gjtaiwan.com\/new\/wp-json\/wp\/v2\/comments?post=101179"}],"wp:featuredmedia":[{"embeddable":true,"href":"https:\/\/www.gjtaiwan.com\/new\/wp-json\/wp\/v2\/media\/101188"}],"wp:attachment":[{"href":"https:\/\/www.gjtaiwan.com\/new\/wp-json\/wp\/v2\/media?parent=101179"}],"wp:term":[{"taxonomy":"product_brand","embeddable":true,"href":"https:\/\/www.gjtaiwan.com\/new\/wp-json\/wp\/v2\/product_brand?post=101179"},{"taxonomy":"product_cat","embeddable":true,"href":"https:\/\/www.gjtaiwan.com\/new\/wp-json\/wp\/v2\/product_cat?post=101179"},{"taxonomy":"product_tag","embeddable":true,"href":"https:\/\/www.gjtaiwan.com\/new\/wp-json\/wp\/v2\/product_tag?post=101179"}],"curies":[{"name":"wp","href":"https:\/\/api.w.org\/{rel}","templated":true}]}}