{"id":105287,"date":"2022-10-05T17:40:31","date_gmt":"2022-10-05T09:40:31","guid":{"rendered":"https:\/\/www.gjtaiwan.com\/new\/?post_type=product&#038;p=105287"},"modified":"2025-01-24T09:54:09","modified_gmt":"2025-01-24T01:54:09","slug":"%e7%b6%b4%e5%9c%93%e4%bb%94%e8%ac%9b%e8%87%ba%e8%aa%9e2%e5%86%8a%e5%a5%97%e6%9b%b8%e4%bd%ae-%e6%95%99%e6%88%91%e8%ac%9b%e5%8f%b0%e8%aa%9e%e5%96%ae%e5%ad%97%e5%8d%a1-%e5%84%aa%e6%83%a0%e5%a5%97","status":"publish","type":"product","link":"https:\/\/www.gjtaiwan.com\/new\/product\/%e7%b6%b4%e5%9c%93%e4%bb%94%e8%ac%9b%e8%87%ba%e8%aa%9e2%e5%86%8a%e5%a5%97%e6%9b%b8%e4%bd%ae-%e6%95%99%e6%88%91%e8%ac%9b%e5%8f%b0%e8%aa%9e%e5%96%ae%e5%ad%97%e5%8d%a1-%e5%84%aa%e6%83%a0%e5%a5%97","title":{"rendered":"\u7db4\u5713\u4ed4\u8b1b\u81fa\u8a9e2\u518a\u5957\u66f8+\u4f6e\/\u6559\u6211\u8b1b\u53f0\u8a9e\u55ae\u5b57\u5361 \u512a\u60e0\u5957\u7d44"},"content":{"rendered":"<h1><strong>\u7db4\u5713\u4ed4\u8b1b\u81fa\u8a9e2\u518a\u5957\u66f8+\u4f6e\/\u6559\u6211\u8b1b\u53f0\u8a9e\u55ae\u5b57\u5361 \u512a\u60e0\u5957\u7d44<\/strong><\/h1>\n<p><img loading=\"lazy\" decoding=\"async\" class=\"alignnone size-large wp-image-105288\" src=\"https:\/\/www.gjtaiwan.com\/new\/wp-content\/uploads\/2022\/10\/taiset-1053x800.jpg\" alt=\"\" width=\"1020\" height=\"775\" srcset=\"https:\/\/www.gjtaiwan.com\/new\/wp-content\/uploads\/2022\/10\/taiset.jpg 1053w, https:\/\/www.gjtaiwan.com\/new\/wp-content\/uploads\/2022\/10\/taiset-526x400.jpg 526w, https:\/\/www.gjtaiwan.com\/new\/wp-content\/uploads\/2022\/10\/taiset-768x584.jpg 768w, https:\/\/www.gjtaiwan.com\/new\/wp-content\/uploads\/2022\/10\/taiset-600x456.jpg 600w\" sizes=\"auto, (max-width: 1020px) 100vw, 1020px\" \/><\/p>\n<h1><strong>\u7db4\u5713\u4ed4\u8b1b\u81fa\u8a9e\u2460\uff1a\u963f\u5abd\u7684\u679c\u5b50\u5712<\/strong><\/h1>\n<p><a href=\"https:\/\/www.gjtaiwan.com\/new\/wp-content\/uploads\/2022\/09\/9789862943137_bc2.jpg\"><img loading=\"lazy\" decoding=\"async\" class=\"alignnone size-full wp-image-105193\" src=\"https:\/\/www.gjtaiwan.com\/new\/wp-content\/uploads\/2022\/09\/9789862943137_bc2.jpg\" alt=\"\" width=\"700\" height=\"779\" srcset=\"https:\/\/www.gjtaiwan.com\/new\/wp-content\/uploads\/2022\/09\/9789862943137_bc2.jpg 700w, https:\/\/www.gjtaiwan.com\/new\/wp-content\/uploads\/2022\/09\/9789862943137_bc2-359x400.jpg 359w, https:\/\/www.gjtaiwan.com\/new\/wp-content\/uploads\/2022\/09\/9789862943137_bc2-600x668.jpg 600w\" sizes=\"auto, (max-width: 700px) 100vw, 700px\" \/><\/a><\/p>\n<p><a href=\"https:\/\/www.gjtaiwan.com\/new\/wp-content\/uploads\/2022\/09\/9789862943137_b3.jpg\"><img loading=\"lazy\" decoding=\"async\" class=\"alignnone size-full wp-image-105194\" src=\"https:\/\/www.gjtaiwan.com\/new\/wp-content\/uploads\/2022\/09\/9789862943137_b3.jpg\" alt=\"\" width=\"750\" height=\"375\" srcset=\"https:\/\/www.gjtaiwan.com\/new\/wp-content\/uploads\/2022\/09\/9789862943137_b3.jpg 750w, https:\/\/www.gjtaiwan.com\/new\/wp-content\/uploads\/2022\/09\/9789862943137_b3-600x300.jpg 600w\" sizes=\"auto, (max-width: 750px) 100vw, 750px\" \/><\/a><\/p>\n<p>&nbsp;<\/p>\n<p><a href=\"https:\/\/www.gjtaiwan.com\/new\/wp-content\/uploads\/2022\/09\/9789862943137_b1.jpg\"><img loading=\"lazy\" decoding=\"async\" class=\"alignnone size-full wp-image-105196\" src=\"https:\/\/www.gjtaiwan.com\/new\/wp-content\/uploads\/2022\/09\/9789862943137_b1.jpg\" alt=\"\" width=\"850\" height=\"425\" srcset=\"https:\/\/www.gjtaiwan.com\/new\/wp-content\/uploads\/2022\/09\/9789862943137_b1.jpg 850w, https:\/\/www.gjtaiwan.com\/new\/wp-content\/uploads\/2022\/09\/9789862943137_b1-800x400.jpg 800w, https:\/\/www.gjtaiwan.com\/new\/wp-content\/uploads\/2022\/09\/9789862943137_b1-768x384.jpg 768w, https:\/\/www.gjtaiwan.com\/new\/wp-content\/uploads\/2022\/09\/9789862943137_b1-600x300.jpg 600w\" sizes=\"auto, (max-width: 850px) 100vw, 850px\" \/><\/a><\/p>\n<p><a href=\"https:\/\/www.gjtaiwan.com\/new\/wp-content\/uploads\/2022\/09\/9789862943137_b2.jpg\"><img loading=\"lazy\" decoding=\"async\" class=\"alignnone size-full wp-image-105197\" src=\"https:\/\/www.gjtaiwan.com\/new\/wp-content\/uploads\/2022\/09\/9789862943137_b2.jpg\" alt=\"\" width=\"900\" height=\"450\" srcset=\"https:\/\/www.gjtaiwan.com\/new\/wp-content\/uploads\/2022\/09\/9789862943137_b2.jpg 900w, https:\/\/www.gjtaiwan.com\/new\/wp-content\/uploads\/2022\/09\/9789862943137_b2-800x400.jpg 800w, https:\/\/www.gjtaiwan.com\/new\/wp-content\/uploads\/2022\/09\/9789862943137_b2-768x384.jpg 768w, https:\/\/www.gjtaiwan.com\/new\/wp-content\/uploads\/2022\/09\/9789862943137_b2-600x300.jpg 600w\" sizes=\"auto, (max-width: 900px) 100vw, 900px\" \/><\/a><\/p>\n<h1><strong>\u7db4\u5713\u4ed4\u8b1b\u81fa\u8a9e\u2461\uff1a\u4f6e\u963f\u516c\u8e05\u83dc\u5e02\u4ed4<\/strong><\/h1>\n<p><a href=\"https:\/\/www.gjtaiwan.com\/new\/wp-content\/uploads\/2022\/09\/9789862943120_bc1.jpg\"><img loading=\"lazy\" decoding=\"async\" class=\"alignnone size-full wp-image-105200\" src=\"https:\/\/www.gjtaiwan.com\/new\/wp-content\/uploads\/2022\/09\/9789862943120_bc1.jpg\" alt=\"\" width=\"700\" height=\"780\" srcset=\"https:\/\/www.gjtaiwan.com\/new\/wp-content\/uploads\/2022\/09\/9789862943120_bc1.jpg 700w, https:\/\/www.gjtaiwan.com\/new\/wp-content\/uploads\/2022\/09\/9789862943120_bc1-359x400.jpg 359w, https:\/\/www.gjtaiwan.com\/new\/wp-content\/uploads\/2022\/09\/9789862943120_bc1-600x669.jpg 600w\" sizes=\"auto, (max-width: 700px) 100vw, 700px\" \/><\/a><\/p>\n<p><a href=\"https:\/\/www.gjtaiwan.com\/new\/wp-content\/uploads\/2022\/09\/9789862943120_b3.jpg\"><img loading=\"lazy\" decoding=\"async\" class=\"alignnone size-full wp-image-105202\" src=\"https:\/\/www.gjtaiwan.com\/new\/wp-content\/uploads\/2022\/09\/9789862943120_b3.jpg\" alt=\"\" width=\"750\" height=\"375\" srcset=\"https:\/\/www.gjtaiwan.com\/new\/wp-content\/uploads\/2022\/09\/9789862943120_b3.jpg 750w, https:\/\/www.gjtaiwan.com\/new\/wp-content\/uploads\/2022\/09\/9789862943120_b3-600x300.jpg 600w\" sizes=\"auto, (max-width: 750px) 100vw, 750px\" \/><\/a><\/p>\n<p><a href=\"https:\/\/www.gjtaiwan.com\/new\/wp-content\/uploads\/2022\/09\/9789862943120_b2.jpg\"><img loading=\"lazy\" decoding=\"async\" class=\"alignnone size-full wp-image-105203\" src=\"https:\/\/www.gjtaiwan.com\/new\/wp-content\/uploads\/2022\/09\/9789862943120_b2.jpg\" alt=\"\" width=\"850\" height=\"425\" srcset=\"https:\/\/www.gjtaiwan.com\/new\/wp-content\/uploads\/2022\/09\/9789862943120_b2.jpg 850w, https:\/\/www.gjtaiwan.com\/new\/wp-content\/uploads\/2022\/09\/9789862943120_b2-800x400.jpg 800w, https:\/\/www.gjtaiwan.com\/new\/wp-content\/uploads\/2022\/09\/9789862943120_b2-768x384.jpg 768w, https:\/\/www.gjtaiwan.com\/new\/wp-content\/uploads\/2022\/09\/9789862943120_b2-600x300.jpg 600w\" sizes=\"auto, (max-width: 850px) 100vw, 850px\" \/><\/a><\/p>\n<p><a href=\"https:\/\/www.gjtaiwan.com\/new\/wp-content\/uploads\/2022\/09\/9789862943120_b1.jpg\"><img loading=\"lazy\" decoding=\"async\" class=\"alignnone size-full wp-image-105204\" src=\"https:\/\/www.gjtaiwan.com\/new\/wp-content\/uploads\/2022\/09\/9789862943120_b1.jpg\" alt=\"\" width=\"850\" height=\"425\" srcset=\"https:\/\/www.gjtaiwan.com\/new\/wp-content\/uploads\/2022\/09\/9789862943120_b1.jpg 850w, https:\/\/www.gjtaiwan.com\/new\/wp-content\/uploads\/2022\/09\/9789862943120_b1-800x400.jpg 800w, https:\/\/www.gjtaiwan.com\/new\/wp-content\/uploads\/2022\/09\/9789862943120_b1-768x384.jpg 768w, https:\/\/www.gjtaiwan.com\/new\/wp-content\/uploads\/2022\/09\/9789862943120_b1-600x300.jpg 600w\" sizes=\"auto, (max-width: 850px) 100vw, 850px\" \/><\/a><\/p>\n<h2><strong>\u5167\u5bb9\u7c21\u4ecb<\/strong><\/h2>\n<div class=\"mod_b type02_m057 clearfix\">\n<div class=\"bd\">\n<div class=\"content\">\n<div><strong><strong>\u5c0d\u963f\u5abd\u515c\u7684\u5927\u9580\u53e3\u51fa\u4f86\uff0c\u76f4\u76f4\u884c\uff0c\u76f4\u76f4\u884c\u3002<br \/>\n\u63091\u7b97\u523010\uff0c\u7b97\u4e09\u6539\uff0c\u5c31\u6703\u5230\u963f\u5abd\u7684\u679c\u5b50\u5712\u3002<\/strong><\/strong>\u81fa\u6587\u7248\u5bf6\u5bf6\u66f8\u4f86\u4e86\uff01\u597d\u770b\u3001\u597d\u8b80\u3001\u597d\u597d\u73a9\u3002<br \/>\n\u5206\u5225\u4ee5\u300c\u6c34\u679c\u300d\u3001\u300c\u852c\u83dc\u300d\u70ba\u4e3b\u984c\uff0c<br \/>\n\u70ba\u5bf6\u5bf6\u5e36\u4f86\u8033\u76ee\u4e00\u65b0\u53c8\u8212\u66a2\u7684\u95b1\u8b80\u7d93\u9a57\uff0c\u4e5f\u70ba\u89aa\u5b50\u5171\u8b80\u63d0\u4f9b\u4e86\u4e00\u4efd\u7f8e\u5b78\u65b0\u9078\u64c7\u3002<br \/>\n\u5e36\u52d5\u672c\u571f\u8a9e\u8a00\u5b78\u7fd2\u6301\u7e8c\u5411\u4e0b\u624e\u6839\uff0c<br \/>\n\u5b78\u81fa\u8a9e\u5c31\u8ddf\u5b78\u82f1\u8a9e\u4e00\u6a23\uff0c\u9460\u5945\uff08siak-ph\u0101nn\uff09\u53c8\u5be6\u7528\u3002\u203b\u5168\u66f8\u5370\u88fd\u542b\u6709 IONPURE\u00ae \u7121\u6a5f\u9280\u96e2\u5b50\u6297\u83cc\u6750\u6599\uff0c\u8b93\u89aa\u5b50\u5171\u8b80\u66f4\u5b89\u5fc3\uff01\u203b<\/div>\n<p>\u7db4\u5713\u4ed4\u8b1b\u81fa\u8a9e\u2460\u300a\u963f\u5abd\u7684\u679c\u5b50\u5712\u300b\u3001\u2461\u300a\u4f6e\u963f\u516c\u8e05\u83dc\u5e02\u4ed4\u300b\uff0c\u662f\u4f5c\u8005\u6d77\u72d7\u623f\u6771\u9996\u5ea6\u5617\u8a66\u8de8\u57df\uff08\u5bf6\u5bf6\u66f8\u3001\u81fa\u6587\uff09\u5275\u4f5c\uff0c\u6545\u4e8b\u5167\u5bb9\u8cbc\u8fd1\u751f\u6d3b\u7d93\u9a57\uff0c\u8a9e\u53e5\u5145\u6eff\u7bc0\u594f\u611f\uff0c\u6717\u6717\u4e0a\u53e3\u53c8\u8f15\u5feb\uff0c\u60c5\u7bc0\u5177\u5099\u7ae5\u8da3\u5e7d\u9ed8\u611f\uff0c\u8b93\u4eba\u8b80\u4f86\u6703\u5fc3\u4e00\u7b11\uff0c\u5341\u5206\u9069\u5408\uff10\uff0d\uff13\u6b72\u5b30\u5e7c\u5152\u95b1\u8b80\u3002\u5716\u50cf\u4e0a\uff0c\u9080\u8acb\u5230\u4ee5\u300c\u6d77\u737a\u963f\u4e2d\u90e8\u9577\u300d\u3001\u300c\u8c93\u54aa\u51b0\u6dc7\u6dcb\u300d\u4e4b\u8996\u89ba\u9817\u53d7\u5927\u773e\u6b61\u8fce\u548c\u6ce8\u76ee\u7684\u756b\u5bb6\u9ec3\u7acb\u4f69\u64d4\u7db1\uff0c\u7e6a\u88fd\u51fa\u98fd\u542b\u8a2d\u8a08\u611f\u3001\u7528\u8272\u5178\u96c5\u4e14\u9020\u578b\u53ef\u611b\u7684\u756b\u9762\uff0c\u8b93\u5b30\u5e7c\u5152\u5728\u95b1\u8b80\u6642\u80fd\u8fc5\u901f\u6355\u6349\u5716\u50cf\u7126\u9ede\uff0c\u96b1\u96b1\u611f\u53d7\u5230\u6545\u4e8b\u6c1b\u570d\u8207\u5167\u6db5\u3002\u540c\u6642\uff0c\u5168\u66f8\u7d93\u53f0\u7063\u5e2b\u7bc4\u5927\u5b78\u53f0\u7063\u8a9e\u6587\u5b78\u7cfb\u5442\u7f8e\u89aa\u6559\u6388\u5c08\u696d\u5be9\u8a02\uff0c\u8b93\u8a31\u591a\u5c0d\u767d\u8b80\u4f86\u986f\u5f97\u6587\u96c5\u53c8\u89aa\u5207\uff0c\u9069\u6642\u70ba\u5c0f\u5c0f\u4e3b\u89d2\u7684\u6027\u683c\u3001\u5287\u60c5\u6c1b\u570d\u6dfb\u8272\u4e0d\u5c11\u3002\u5168\u66f8\u5e36\u4f86\u8033\u76ee\u4e00\u65b0\u53c8\u8212\u66a2\u7684\u95b1\u8b80\u7d93\u9a57\uff0c\u4e5f\u70ba\u89aa\u5b50\u5171\u8b80\u63d0\u4f9b\u4e86\u4e00\u4efd\u7f8e\u5b78\u65b0\u9078\u64c7\u3002<\/p>\n<p>\u300a\u963f\u5abd\u7684\u679c\u5b50\u5712\u300b\u3001\u300a\u4f6e\u963f\u516c\u8e05\u83dc\u5e02\u4ed4\u300b\u5f9e\u5bf6\u5bf6\u6307\u7269\u8a8d\u8b58\u4e16\u754c\u958b\u59cb\uff0c\u5206\u5225\u4ee5\u300c\u6c34\u679c\u300d\u3001\u300c\u852c\u83dc\u300d\u70ba\u4e3b\u984c\uff0c\u5e0c\u671b\u8b93\u5b30\u5e7c\u5152\u5f9e\u6109\u6085\u3001\u5e78\u798f\u7684\u6545\u4e8b\u88e1\uff0c\u5b78\u7fd2\u5230\u81fa\u7063\u5bb6\u5ead\u751f\u6d3b\u4e2d\u5e38\u98df\u7528\u7684\u6c34\u679c\u548c\u852c\u83dc\u4e4b\u81fa\u8a9e\u3002\u6545\u4e8b\u7279\u5730\u5851\u9020\u4e86\u5916\u8c8c\u4e2d\u6027\u7684\u89d2\u8272\u300c\u5713\u4ed4\u300d\u548c\u963f\u516c\u3001\u963f\u5abd\u71b1\u60c5\u4e92\u52d5\uff0c\u4e0d\u4f46\u5e0c\u671b\u5f15\u9818\u5b69\u5b50\u5011\u6295\u5c04\u89d2\u8272\uff0c\u52c7\u6562\u5927\u8072\u8aaa\u81fa\u8a9e\uff0c\u4ea6\u671f\u671b\u80fd\u9f13\u52f5\u9577\u8f29\u5011\u76e1\u60c5\u7528\u6bcd\u8a9e\u8ddf\u5b6b\u5b50\u3001\u5b6b\u5973\u8aaa\u6545\u4e8b\uff0c\u8b93\u5b69\u5b50\u5011\u64c1\u6709\u66f4\u591a\u6a5f\u6703\u8046\u807d\u5230\u672c\u571f\u8a9e\u8a00\u5728\u97f3\u8abf\u3001\u8a5e\u5f59\u4e0a\u7368\u6709\u7684\u512a\u96c5\u96cb\u6717\u3002<\/p>\n<p><strong>\u672c\u66f8\u7279\u8272<\/strong><\/p>\n<p>\u81fa\u6587\u7248\u5bf6\u5bf6\u66f8\uff0c\u5206\u5225\u4ee5\u300c\u6c34\u679c\u300d\u3001\u300c\u852c\u83dc\u300d\u70ba\u984c\uff0c\u900f\u904e\u6109\u6085\u5e78\u798f\u7684\u6545\u4e8b\uff0c\u5b78\u7fd2\u81fa\u7063\u5bb6\u5ead\u5e38\u898b\u852c\u679c\u4e4b\u81fa\u8a9e\u3002\u8f15\u5feb\u7684\u6587\u53e5\u3001\u5177\u8a2d\u8a08\u611f\u53c8\u53ef\u611b\u7684\u5716\u50cf\uff0c\u7ae5\u8da3\u7684\u60c5\u7bc0\u7d93\u71df\u548c\u5c08\u696d\u7684\u81fa\u6587\u5be9\u8a02\uff0c\u76f8\u7576\u9069\u5408\uff10\uff0d\uff13\u6b72\u5b30\u5e7c\u5152\u95b1\u8b80\u3002\u8033\u76ee\u4e00\u65b0\u7684\u5275\u4f5c\uff0c\u70ba\u5171\u8b80\u589e\u6dfb\u7f8e\u5b78\u65b0\u9078\u64c7\uff0c\u4e26\u5e36\u52d5\u672c\u571f\u8a9e\u8a00\u5b78\u7fd2\u5411\u4e0b\u624e\u6839\uff0c\u9f13\u52f5\u5927\u4eba\u3001\u5c0f\u5b69\u90fd\u80fd\u958b\u59cb\u52c7\u6562\u8b1b\u81fa\u8a9e\uff0c\u800c\u4e14\u4eab\u53d7\u8b1b\u81fa\u8a9e\u3002<\/p>\n<\/div>\n<div>\n<h2><strong>\u4f5c\u8005\u7c21\u4ecb<\/strong><\/h2>\n<p><strong>\u6d77\u72d7\u623f\u6771<\/strong><\/p>\n<p>\u6545\u4e8b\u4f5c\u8005\u3001\u7e6a\u672c\u8b6f\u8005\u3001Podcast\u7bc0\u76ee\u300c\u6545\u4e8b\u4f11\u606f\u7ad9\u300d\u88fd\u4f5c\u8207\u4e3b\u6301\u4eba\uff0c\u76f8\u4fe1\u7d44\u6210\u5b87\u5b99\u7684\u6700\u5c0f\u55ae\u4f4d\u662f\u6545\u4e8b\u800c\u4e0d\u662f\u539f\u5b50\u3002\u8457\u6709\u7e6a\u672c\u300a\u82b1\u5730\u85cf\u300b\u3001\u300a\u5c0f\u77f3\u982d\u7684\u6b4c\u300b\u3001\u300a\u5abd\u5abd\u662f\u4e00\u6735\u96f2\u300b\u3001\u300a\u767c\u5149\u7684\u6a39\u300b\u3001\u300a\u4ed6\u5011\u7684\u773c\u775b\u300b\u3001\u300a\u6211\u5011\u4e00\u8d77\u73a9\u597d\u55ce\u300b\uff0c\u4ee5\u53ca\u7e6a\u672c\u9078\u66f8\u5c08\u66f8\u300a\u7e6a\u672c\u6559\u990a\u5730\u5716\u300b\u3002\u525b\u958b\u59cb\u5617\u8a66\u4ee5\u53f0\u6587\u5beb\u7e6a\u672c\u6545\u4e8b\uff0c\u300a\u963f\u5abd\u7684\u679c\u5b50\u5712\u300b\u548c\u300a\u4f6e\u963f\u516c\u8e05\u83dc\u5e02\u4ed4\u300b\u662f\u5c0d\u5bb6\u5712\u548c\u9109\u571f\u7684\u5831\u6069\uff0c\u9858\u6240\u6709\u7f8e\u9e97\u7684\u6bcd\u8a9e\u90fd\u80fd\u5065\u5eb7\u9577\u58fd\u3002<\/p>\n<p><strong>\u7e6a\u8005\u7c21\u4ecb<\/strong><\/p>\n<p>\u9ec3\u7acb\u4f69<\/p>\n<p>\u7562\u696d\u65bc\u7d10\u7d04\u8996\u89ba\u85dd\u8853\u5b78\u9662\u63d2\u756b\u7814\u7a76\u6240\uff0cHahow\u300c\u7642\u7652\u52d5\u7269\u4f3c\u984f\u7e6a\u300d\u7dda\u4e0a\u8ab2\u7a0b\u8b1b\u5e2b\u3002\u500b\u4eba\u4f5c\u54c1\u5305\u62ec\u7e6a\u672c\u300a\u6c38\u9060\u300b\u3001\u300a\u5b89\u975c\u4e5f\u53ef\u4ee5\u7f8e\u9e97\u300b\u3001\u77ed\u7bc7\u6f2b\u756b\u300a\u5730\u85cf\u7684\u788e\u5f62\u300b\u3002\u300a\u60f3\u6cd5\u624d\u662f\u4e3b\u89d2\u300b\u3001\u300a\u5f77\u5f7f\u300b\u3001\u300a\u8c93\u81c9\u5c11\u5973\u300b\u7b49\u66f8\u4e4b\u7e6a\u8005\uff0c\u63d2\u756b\u4f5c\u54c1\u4ea6\u6563\u898b\u65bc\u96dc\u8a8c\u8207\u5546\u696d\u8a2d\u8a08\u3002<\/p>\n<p><strong>\u5be9\u8a02\u8005\u7c21\u4ecb<\/strong><\/p>\n<p>\u5442\u7f8e\u89aa<\/p>\n<p>\u6e05\u83ef\u5927\u5b78\u53f0\u7063\u6587\u5b78\u6240\u78a9\u58eb\uff0c\u65e5\u672c\u4e00\u6a4b\u5927\u5b78\u8a00\u8a9e\u793e\u6703\u79d1\u535a\u58eb\uff0c\u73fe\u6b64\u6642\u662f\u53f0\u7063\u5e2b\u7bc4\u5927\u5b78\u53f0\u7063\u8a9e\u6587\u5b78\u7cfb\u52a9\u7406\u6559\u6388\u3002\u634c\u5f97\u8457\u5433\u6fc1\u6d41\u6587\u5b78\u734e\u65b0\u8a69\u6b63\u734e\u3001\u53f0\u5357\u6587\u5b78\u734e\u53f0\u8a9e\u5c0f\u8aaa\u4f6e\u53f0\u8a9e\u8a69\u9996\u734e\u3001\u6253\u72d7\u9cf3\u9091\u6587\u5b78\u734e\u53f0\u8a9e\u8a69\u9996\u734e\u3001\u53f0\u7063\u6587\u5b78\u734e\u5275\u4f5c\u985e\u53f0\u8a9e\u6563\u6587\u91d1\u5178\u734e\u7b49\u6fdf\u9805\u3002\u4e5f\u634c\u53c3\u8207\u88fd\u4f5c\u8cf4\u548c\u6587\u5b78\u97f3\u6a02\u5c08\u8f2f\u300a\u6cb3\u300b\u3001\u5171\u7de8\u300a\u53f0\u8a9e\u6587\u904b\u52d5\u8a2a\u8ac7\u66a8\u53f2\u6599\u5f59\u7de8\u300b\u3001\u51fa\u7248\u53f0\u8a9e\u8a69\u96c6\u300a\u843d\u96e8\u5f7c\u65e5\u300b\u3001\u7de8\u8b6f\u300a\u6f02\u6cca\u7684\u6c11\u65cf\uff1a\u738b\u80b2\u5fb7\u9078\u96c6\u300b\u3002\u4e3b\u8981\u7684\u7814\u7a76\u9818\u57df\u662f\u4f47\u53f0\u7063\u4e16\u754c\u8a9e\u904b\u52d5\u53f2\u3001\u6771\u4e9e\u8a9e\u6587\u6539\u9769\u904b\u52d5\u3001\u53f0\u8a9e\u6587\u5b78\u7b49\u3002<\/p>\n<p>ISBN\uff1a9789862943137<br \/>\n\u51fa\u7248\u793e\uff1a\u7389\u5c71\u793e<br \/>\n\u898f\u683c\uff1a\u7cbe\u88dd \/ 30\u9801 \/ 19 x 19 x 1 cm \/ \u666e\u901a\u7d1a \/ \u5168\u5f69\u5370\u5237 \/ \u521d\u7248<br \/>\n\u51fa\u7248\u5730\uff1a\u53f0\u7063<\/p>\n<h1><strong>\u4f6e\/\u6559\u6211\u8b1b\u53f0\u8a9e\u55ae\u5b57\u5361 kah\/k\u00e0 gu\u00e1 k\u00f3ng T\u00e2i-g\u00ed\u00a0<\/strong><\/h1>\n<p><img loading=\"lazy\" decoding=\"async\" class=\"alignnone size-large wp-image-85311\" src=\"https:\/\/www.gjtaiwan.com\/new\/wp-content\/uploads\/2021\/05\/\u4f6eI\u6559\u6211\u8b1b\u53f0\u8a9e\u55ae\u5b57\u5361\u7b2c1\u96c6_\u4e0a\u67b6\u6a21\u64ec1-800x800.jpg\" alt=\"\" width=\"800\" height=\"800\" srcset=\"https:\/\/www.gjtaiwan.com\/new\/wp-content\/uploads\/2021\/05\/\u4f6eI\u6559\u6211\u8b1b\u53f0\u8a9e\u55ae\u5b57\u5361\u7b2c1\u96c6_\u4e0a\u67b6\u6a21\u64ec1.jpg 800w, https:\/\/www.gjtaiwan.com\/new\/wp-content\/uploads\/2021\/05\/\u4f6eI\u6559\u6211\u8b1b\u53f0\u8a9e\u55ae\u5b57\u5361\u7b2c1\u96c6_\u4e0a\u67b6\u6a21\u64ec1-280x280.jpg 280w, https:\/\/www.gjtaiwan.com\/new\/wp-content\/uploads\/2021\/05\/\u4f6eI\u6559\u6211\u8b1b\u53f0\u8a9e\u55ae\u5b57\u5361\u7b2c1\u96c6_\u4e0a\u67b6\u6a21\u64ec1-400x400.jpg 400w, https:\/\/www.gjtaiwan.com\/new\/wp-content\/uploads\/2021\/05\/\u4f6eI\u6559\u6211\u8b1b\u53f0\u8a9e\u55ae\u5b57\u5361\u7b2c1\u96c6_\u4e0a\u67b6\u6a21\u64ec1-768x768.jpg 768w, https:\/\/www.gjtaiwan.com\/new\/wp-content\/uploads\/2021\/05\/\u4f6eI\u6559\u6211\u8b1b\u53f0\u8a9e\u55ae\u5b57\u5361\u7b2c1\u96c6_\u4e0a\u67b6\u6a21\u64ec1-300x300.jpg 300w, https:\/\/www.gjtaiwan.com\/new\/wp-content\/uploads\/2021\/05\/\u4f6eI\u6559\u6211\u8b1b\u53f0\u8a9e\u55ae\u5b57\u5361\u7b2c1\u96c6_\u4e0a\u67b6\u6a21\u64ec1-600x600.jpg 600w, https:\/\/www.gjtaiwan.com\/new\/wp-content\/uploads\/2021\/05\/\u4f6eI\u6559\u6211\u8b1b\u53f0\u8a9e\u55ae\u5b57\u5361\u7b2c1\u96c6_\u4e0a\u67b6\u6a21\u64ec1-100x100.jpg 100w\" sizes=\"auto, (max-width: 800px) 100vw, 800px\" \/><\/p>\n<p><img loading=\"lazy\" decoding=\"async\" class=\"alignnone size-large wp-image-85667\" src=\"https:\/\/www.gjtaiwan.com\/new\/wp-content\/uploads\/2021\/05\/2021-05-20J-1175x800.jpg\" alt=\"\" width=\"1020\" height=\"694\" srcset=\"https:\/\/www.gjtaiwan.com\/new\/wp-content\/uploads\/2021\/05\/2021-05-20J.jpg 1175w, https:\/\/www.gjtaiwan.com\/new\/wp-content\/uploads\/2021\/05\/2021-05-20J-588x400.jpg 588w, https:\/\/www.gjtaiwan.com\/new\/wp-content\/uploads\/2021\/05\/2021-05-20J-768x523.jpg 768w, https:\/\/www.gjtaiwan.com\/new\/wp-content\/uploads\/2021\/05\/2021-05-20J-600x408.jpg 600w\" sizes=\"auto, (max-width: 1020px) 100vw, 1020px\" \/><\/p>\n<p><img loading=\"lazy\" decoding=\"async\" class=\"alignnone size-large wp-image-85307\" src=\"https:\/\/www.gjtaiwan.com\/new\/wp-content\/uploads\/2021\/05\/\u4f6eI\u6559\u6211\u8b1b\u53f0\u8a9e\u55ae\u5b57\u5361\u7b2c1\u96c6_\u4e0a\u67b6\u6a21\u64ec2-800x800.jpg\" alt=\"\" width=\"800\" height=\"800\" srcset=\"https:\/\/www.gjtaiwan.com\/new\/wp-content\/uploads\/2021\/05\/\u4f6eI\u6559\u6211\u8b1b\u53f0\u8a9e\u55ae\u5b57\u5361\u7b2c1\u96c6_\u4e0a\u67b6\u6a21\u64ec2.jpg 800w, https:\/\/www.gjtaiwan.com\/new\/wp-content\/uploads\/2021\/05\/\u4f6eI\u6559\u6211\u8b1b\u53f0\u8a9e\u55ae\u5b57\u5361\u7b2c1\u96c6_\u4e0a\u67b6\u6a21\u64ec2-280x280.jpg 280w, https:\/\/www.gjtaiwan.com\/new\/wp-content\/uploads\/2021\/05\/\u4f6eI\u6559\u6211\u8b1b\u53f0\u8a9e\u55ae\u5b57\u5361\u7b2c1\u96c6_\u4e0a\u67b6\u6a21\u64ec2-400x400.jpg 400w, https:\/\/www.gjtaiwan.com\/new\/wp-content\/uploads\/2021\/05\/\u4f6eI\u6559\u6211\u8b1b\u53f0\u8a9e\u55ae\u5b57\u5361\u7b2c1\u96c6_\u4e0a\u67b6\u6a21\u64ec2-768x768.jpg 768w, https:\/\/www.gjtaiwan.com\/new\/wp-content\/uploads\/2021\/05\/\u4f6eI\u6559\u6211\u8b1b\u53f0\u8a9e\u55ae\u5b57\u5361\u7b2c1\u96c6_\u4e0a\u67b6\u6a21\u64ec2-600x600.jpg 600w, https:\/\/www.gjtaiwan.com\/new\/wp-content\/uploads\/2021\/05\/\u4f6eI\u6559\u6211\u8b1b\u53f0\u8a9e\u55ae\u5b57\u5361\u7b2c1\u96c6_\u4e0a\u67b6\u6a21\u64ec2-100x100.jpg 100w, https:\/\/www.gjtaiwan.com\/new\/wp-content\/uploads\/2021\/05\/\u4f6eI\u6559\u6211\u8b1b\u53f0\u8a9e\u55ae\u5b57\u5361\u7b2c1\u96c6_\u4e0a\u67b6\u6a21\u64ec2-300x300.jpg 300w\" sizes=\"auto, (max-width: 800px) 100vw, 800px\" \/><\/p>\n<p><img loading=\"lazy\" decoding=\"async\" class=\"alignnone size-large wp-image-85308\" src=\"https:\/\/www.gjtaiwan.com\/new\/wp-content\/uploads\/2021\/05\/\u4f6eI\u6559\u6211\u8b1b\u53f0\u8a9e\u55ae\u5b57\u5361\u7b2c1\u96c6_\u4e0a\u67b6\u6a21\u64ec3-1400x711.jpg\" alt=\"\" width=\"1020\" height=\"518\" srcset=\"https:\/\/www.gjtaiwan.com\/new\/wp-content\/uploads\/2021\/05\/\u4f6eI\u6559\u6211\u8b1b\u53f0\u8a9e\u55ae\u5b57\u5361\u7b2c1\u96c6_\u4e0a\u67b6\u6a21\u64ec3.jpg 1400w, https:\/\/www.gjtaiwan.com\/new\/wp-content\/uploads\/2021\/05\/\u4f6eI\u6559\u6211\u8b1b\u53f0\u8a9e\u55ae\u5b57\u5361\u7b2c1\u96c6_\u4e0a\u67b6\u6a21\u64ec3-788x400.jpg 788w, https:\/\/www.gjtaiwan.com\/new\/wp-content\/uploads\/2021\/05\/\u4f6eI\u6559\u6211\u8b1b\u53f0\u8a9e\u55ae\u5b57\u5361\u7b2c1\u96c6_\u4e0a\u67b6\u6a21\u64ec3-768x390.jpg 768w, https:\/\/www.gjtaiwan.com\/new\/wp-content\/uploads\/2021\/05\/\u4f6eI\u6559\u6211\u8b1b\u53f0\u8a9e\u55ae\u5b57\u5361\u7b2c1\u96c6_\u4e0a\u67b6\u6a21\u64ec3-600x305.jpg 600w\" sizes=\"auto, (max-width: 1020px) 100vw, 1020px\" \/><\/p>\n<p><img loading=\"lazy\" decoding=\"async\" class=\"alignnone size-large wp-image-85309\" src=\"https:\/\/www.gjtaiwan.com\/new\/wp-content\/uploads\/2021\/05\/\u4f6eI\u6559\u6211\u8b1b\u53f0\u8a9e\u55ae\u5b57\u5361\u7b2c1\u96c6_\u4e0a\u67b6\u6a21\u64ec4-1400x711.jpg\" alt=\"\" width=\"1020\" height=\"518\" srcset=\"https:\/\/www.gjtaiwan.com\/new\/wp-content\/uploads\/2021\/05\/\u4f6eI\u6559\u6211\u8b1b\u53f0\u8a9e\u55ae\u5b57\u5361\u7b2c1\u96c6_\u4e0a\u67b6\u6a21\u64ec4.jpg 1400w, https:\/\/www.gjtaiwan.com\/new\/wp-content\/uploads\/2021\/05\/\u4f6eI\u6559\u6211\u8b1b\u53f0\u8a9e\u55ae\u5b57\u5361\u7b2c1\u96c6_\u4e0a\u67b6\u6a21\u64ec4-788x400.jpg 788w, https:\/\/www.gjtaiwan.com\/new\/wp-content\/uploads\/2021\/05\/\u4f6eI\u6559\u6211\u8b1b\u53f0\u8a9e\u55ae\u5b57\u5361\u7b2c1\u96c6_\u4e0a\u67b6\u6a21\u64ec4-768x390.jpg 768w, https:\/\/www.gjtaiwan.com\/new\/wp-content\/uploads\/2021\/05\/\u4f6eI\u6559\u6211\u8b1b\u53f0\u8a9e\u55ae\u5b57\u5361\u7b2c1\u96c6_\u4e0a\u67b6\u6a21\u64ec4-600x305.jpg 600w\" sizes=\"auto, (max-width: 1020px) 100vw, 1020px\" \/><\/p>\n<h2><strong>\u5167\u5bb9\u7c21\u4ecb<\/strong><\/h2>\n<p>\u6bcb\u7ba1\u662f\u300c\u4f6e\u6211\u8b1b\u300d\u6291\u662f\u300c\u6559\u6211\u8b1b\u300d\uff0c\u54b1\u505a\u4f19\u4f86\u8b1b\u53f0\u8a9e\uff01<br \/>\n50\u4e2a\u6377\u7528\u8a5e(\u5e38\u7528\u8a5e)\uff0c\u6a19\u53f0\u7f85\u62fc\u97f3\u3001\u6f22\u5b57\u3001\u82f1\u6587\uff0c\u4e88\u4f60\u53f0\u8a9e\u82f1\u8a9e\u650f\u6703\u901a\u3002<\/p>\n<p>\u904e\u5e74\u904e\u7bc0\u89aa\u65cf\u805a\u6703\uff0c\u5144\u5f1f\u59ca\u59b9\u9b25\u9663\u6436\u7b54\uff1b\u4e0a\u73ed\u958b\u6703\u5f37\u6b32\u774f\u53bb\uff0c\u55ae\u5b57\u5361\u56e5\u4f47\u624b\u88e1\u62c4\u62c4\u597d\u3002\u82e5\u662f\u8b80\u8882\u51fa\u4f86\uff0c\u7dca\u53bb\u6572\u96fb\u8a71\u4e88\u89aa\u60c5\u670b\u53cb\u9b25\u8de4\u624b\uff1a\u300c\u5582\uff5e\u4f6e\/\u6559\u6211\u8b1b\u53f0\u8a9e\u597d\u7121\uff1f\u300d<\/p>\n<h2><strong>\u5546\u54c1\u8cc7\u8a0a<\/strong><\/h2>\n<p>\u4f6e\/\u6559\u6211\u8b1b\u53f0\u8a9e\u55ae\u5b57\u5361<\/p>\n<p><span style=\"font-size: 14.4px;\">\u5167\u5bb9\u5305\u542b<\/span><br style=\"font-size: 14.4px;\" \/><span style=\"font-size: 14.4px;\">50\u5f35\u96d9\u9762\u55ae\u5b57\u5361\uff0c\u6b63\u9762\u5716\u6848\u3001\u80cc\u9762\u6f22\u5b57\/\u53f0\u7f85\u62fc\u97f3\/\u82f1\u8a9e<\/span><br style=\"font-size: 14.4px;\" \/><span style=\"font-size: 14.4px;\">\u4e26\u9644\u5361\u724c\u6536\u7d0d\u76d2\u53ca\u53ef\u4ee5\u4e32\u8d77\u5361\u724c\u65b9\u4fbf\u651c\u5e36\u7684\u92fc\u74b0<\/span><\/p>\n<p>\u53f0\u6587\u5be9\u5b9a\uff5c\u9673\u8c50\u60e0<br \/>\n\u6750\u8cea\uff5c\u7d19\u3001\u92fc\u74b0\u3001\u5851\u81a0\u76d2<br \/>\n\u898f\u683c\uff5c58*88 mm \u517152\u5f35<br \/>\n\u7522\u5730\uff5c\u81fa\u7063<\/p>\n<p><a href=\"http:\/\/class.ruten.com.tw\/user\/index00.php?s=gjtwn\" target=\"_blank\" rel=\"noopener\" data-cke-saved-href=\"http:\/\/class.ruten.com.tw\/user\/index00.php?s=gjtwn\" data-cke-saved-><img decoding=\"async\" src=\"https:\/\/www.gjtaiwan.com\/image\/data\/addlpmz19qm7.png\" alt=\"\" data-cke-saved-src=\"https:\/\/www.gjtaiwan.com\/image\/data\/addlpmz19qm7.png\" \/><\/a><\/p>\n<h2><\/h2>\n<\/div>\n<\/div>\n<\/div>\n","protected":false},"excerpt":{"rendered":"<p>\u7db4\u5713\u4ed4\u8b1b\u81fa\u8a9e2\u518a\u5957\u66f8+\u4f6e\/\u6559\u6211\u8b1b\u53f0\u8a9e\u55ae\u5b57\u5361 \u512a\u60e0\u5957\u7d44 \u7db4\u5713\u4ed4\u8b1b\u81fa\u8a9e\u2460\uff1a\u963f\u5abd\u7684\u679c\u5b50\u5712 &nbsp; \u7db4\u5713\u4ed4\u8b1b\u81fa\u8a9e&#8230;<\/p>\n","protected":false},"featured_media":105288,"comment_status":"closed","ping_status":"closed","template":"","meta":[],"product_brand":[],"product_cat":[2849,2663,4349,3183],"product_tag":[],"class_list":{"0":"post-105287","1":"product","2":"type-product","3":"status-publish","4":"has-post-thumbnail","6":"product_cat-kids","7":"product_cat-2663","8":"product_cat-4349","9":"product_cat-3183","11":"first","12":"instock","13":"sale","14":"taxable","15":"shipping-taxable","16":"purchasable","17":"product-type-simple"},"bundled_by":[],"bundle_stock_status":"instock","bundle_stock_quantity":null,"bundle_virtual":false,"bundle_layout":"","bundle_add_to_cart_form_location":"","bundle_editable_in_cart":false,"bundle_sold_individually_context":"","bundle_item_grouping":"","bundle_min_size":"","bundle_max_size":"","bundle_price":[],"bundled_items":[],"bundle_sell_ids":[65786,138697],"_links":{"self":[{"href":"https:\/\/www.gjtaiwan.com\/new\/wp-json\/wp\/v2\/product\/105287","targetHints":{"allow":["GET"]}}],"collection":[{"href":"https:\/\/www.gjtaiwan.com\/new\/wp-json\/wp\/v2\/product"}],"about":[{"href":"https:\/\/www.gjtaiwan.com\/new\/wp-json\/wp\/v2\/types\/product"}],"replies":[{"embeddable":true,"href":"https:\/\/www.gjtaiwan.com\/new\/wp-json\/wp\/v2\/comments?post=105287"}],"wp:featuredmedia":[{"embeddable":true,"href":"https:\/\/www.gjtaiwan.com\/new\/wp-json\/wp\/v2\/media\/105288"}],"wp:attachment":[{"href":"https:\/\/www.gjtaiwan.com\/new\/wp-json\/wp\/v2\/media?parent=105287"}],"wp:term":[{"taxonomy":"product_brand","embeddable":true,"href":"https:\/\/www.gjtaiwan.com\/new\/wp-json\/wp\/v2\/product_brand?post=105287"},{"taxonomy":"product_cat","embeddable":true,"href":"https:\/\/www.gjtaiwan.com\/new\/wp-json\/wp\/v2\/product_cat?post=105287"},{"taxonomy":"product_tag","embeddable":true,"href":"https:\/\/www.gjtaiwan.com\/new\/wp-json\/wp\/v2\/product_tag?post=105287"}],"curies":[{"name":"wp","href":"https:\/\/api.w.org\/{rel}","templated":true}]}}