{"id":105692,"date":"2022-10-20T14:43:36","date_gmt":"2022-10-20T06:43:36","guid":{"rendered":"https:\/\/www.gjtaiwan.com\/new\/?post_type=product&#038;p=105692"},"modified":"2026-01-27T10:35:05","modified_gmt":"2026-01-27T02:35:05","slug":"%e4%b8%89%e5%8f%b0%e5%b1%b1e%e9%a2%a8-2%e6%9b%b82cd","status":"publish","type":"product","link":"https:\/\/www.gjtaiwan.com\/new\/product\/%e4%b8%89%e5%8f%b0%e5%b1%b1e%e9%a2%a8-2%e6%9b%b82cd","title":{"rendered":"\u4e09\u53f0\u5c71\u00ea\u98a8 \uff082\u66f8\uff0b2CD\uff09"},"content":{"rendered":"<h1><strong>\u4e09\u53f0\u5c71\u00ea\u98a8 \uff082\u66f8\uff0b2CD\uff09<\/strong><\/h1>\n<p><img loading=\"lazy\" decoding=\"async\" class=\"alignnone size-large wp-image-105697\" src=\"https:\/\/www.gjtaiwan.com\/new\/wp-content\/uploads\/2022\/10\/9786267076668_bc-800x800.jpg\" alt=\"\" width=\"800\" height=\"800\" srcset=\"https:\/\/www.gjtaiwan.com\/new\/wp-content\/uploads\/2022\/10\/9786267076668_bc.jpg 800w, https:\/\/www.gjtaiwan.com\/new\/wp-content\/uploads\/2022\/10\/9786267076668_bc-280x280.jpg 280w, https:\/\/www.gjtaiwan.com\/new\/wp-content\/uploads\/2022\/10\/9786267076668_bc-400x400.jpg 400w, https:\/\/www.gjtaiwan.com\/new\/wp-content\/uploads\/2022\/10\/9786267076668_bc-768x768.jpg 768w, https:\/\/www.gjtaiwan.com\/new\/wp-content\/uploads\/2022\/10\/9786267076668_bc-600x600.jpg 600w, https:\/\/www.gjtaiwan.com\/new\/wp-content\/uploads\/2022\/10\/9786267076668_bc-100x100.jpg 100w, https:\/\/www.gjtaiwan.com\/new\/wp-content\/uploads\/2022\/10\/9786267076668_bc-300x300.jpg 300w\" sizes=\"auto, (max-width: 800px) 100vw, 800px\" \/><\/p>\n<p><img loading=\"lazy\" decoding=\"async\" class=\"alignnone size-large wp-image-105693\" src=\"https:\/\/www.gjtaiwan.com\/new\/wp-content\/uploads\/2022\/10\/9786267076668_b1-571x800.jpg\" alt=\"\" width=\"571\" height=\"800\" srcset=\"https:\/\/www.gjtaiwan.com\/new\/wp-content\/uploads\/2022\/10\/9786267076668_b1-571x800.jpg 571w, https:\/\/www.gjtaiwan.com\/new\/wp-content\/uploads\/2022\/10\/9786267076668_b1-286x400.jpg 286w, https:\/\/www.gjtaiwan.com\/new\/wp-content\/uploads\/2022\/10\/9786267076668_b1.jpg 768w, https:\/\/www.gjtaiwan.com\/new\/wp-content\/uploads\/2022\/10\/9786267076668_b1-600x840.jpg 600w\" sizes=\"auto, (max-width: 571px) 100vw, 571px\" \/><\/p>\n<p><img loading=\"lazy\" decoding=\"async\" class=\"alignnone size-large wp-image-105696\" src=\"https:\/\/www.gjtaiwan.com\/new\/wp-content\/uploads\/2022\/10\/9786267076668_b5-571x800.jpg\" alt=\"\" width=\"571\" height=\"800\" srcset=\"https:\/\/www.gjtaiwan.com\/new\/wp-content\/uploads\/2022\/10\/9786267076668_b5-571x800.jpg 571w, https:\/\/www.gjtaiwan.com\/new\/wp-content\/uploads\/2022\/10\/9786267076668_b5-286x400.jpg 286w, https:\/\/www.gjtaiwan.com\/new\/wp-content\/uploads\/2022\/10\/9786267076668_b5.jpg 768w, https:\/\/www.gjtaiwan.com\/new\/wp-content\/uploads\/2022\/10\/9786267076668_b5-600x840.jpg 600w\" sizes=\"auto, (max-width: 571px) 100vw, 571px\" \/><\/p>\n<p><img loading=\"lazy\" decoding=\"async\" class=\"alignnone size-large wp-image-105694\" src=\"https:\/\/www.gjtaiwan.com\/new\/wp-content\/uploads\/2022\/10\/9786267076668_b2-571x800.jpg\" alt=\"\" width=\"571\" height=\"800\" srcset=\"https:\/\/www.gjtaiwan.com\/new\/wp-content\/uploads\/2022\/10\/9786267076668_b2-571x800.jpg 571w, https:\/\/www.gjtaiwan.com\/new\/wp-content\/uploads\/2022\/10\/9786267076668_b2-286x400.jpg 286w, https:\/\/www.gjtaiwan.com\/new\/wp-content\/uploads\/2022\/10\/9786267076668_b2.jpg 768w, https:\/\/www.gjtaiwan.com\/new\/wp-content\/uploads\/2022\/10\/9786267076668_b2-600x840.jpg 600w\" sizes=\"auto, (max-width: 571px) 100vw, 571px\" \/><\/p>\n<h2><strong>\u5167\u5bb9\u7c21\u4ecb<\/strong><\/h2>\n<p>\u4e09\u53f0\u5c71\u9802\u5357\u98a8\u8d77\uff0c\u6bdb\u67ff\u6a39\u8173\u601d\u96d9\u679d\u2026\u2026<br \/>\n20\u51ac\u5b751\u62b1\u4e09\u53f0\u5c71 \u00ea \u98a8<\/p>\n<p>\u300a\u4e09\u53f0\u5c71\u00ea\u98a8\u300b\u662f\u6046\u6625\u6c11\u8b20\u570b\u5bf6\u6731\u4e01\u9806kap\u4f0a\u00ea sai-\u00e1\u5468\u5b9a\u90a6\u00ea\u4f5c\u54c1\u5408\u8f2f\uff0c\u5167\u5e95\u4f60\u6703\u770b\u84573\u9805\u7269\u4ef6\uff1a<\/p>\n<p>\u258d2\u672c\u518a\uff0c\u5305\u542b\uff1a<br \/>\n\u300a\u7db2\u7d17\u8a18\u4e8b\u300b\uff1a\u8a18\u9304\u5e2b\u5085sai-\u00e1 t\u012b\u6046\u6625\u6c11\u8b20\u00ea\u60c5\u7de3 kap\u6731\u4e01\u9806\u70ba\u6046\u6625\u6c11\u8b20\u8ca2\u737b\u7684\u50b3\u5947\u4eba\u751f\u3002<\/p>\n<p>\u300a\u5cf6\u5dbc\u6200\u6b4c\u300b\uff1aKui\u90e8\u5c08\u8f2f\u5b8c\u6574\u00ea\u6b4c\u8a5e\u5167\u5bb9kap\u8a6e\u91cb\u3002<\/p>\n<p>\u258d2 t\u00e8 CD\uff1a\u5305\u542b\u300c\u8a71\u982d\u8a69\u300d\u3001\u300c\u6b77\u76e1\u6ec4\u6851\u7684\u571f\u5730\u6200\u6b4c\u300d\u3001\u300c\u5805\u5fc3\u50b3\u627f\u7684\u5cf6\u5dbc\u8072\u55fd\u300dkiau\u300c\u8a71\u5c3e\u66f2\u300d\u7b49\uff0c\u650f\u7e3d21\u9996\u6046\u6625\u6c11\u8b20\u00ea\u6b4c\u66f2h\u0101m 1\u90e8\u53f0\u7063\u5538\u6b4c\uff0c\u95a3\u67099\u6bb5\u300c\u8173\u6b65\u8072\uff1a\u5b78\u6046\u6625\u6c11\u8b20\u7684\u6b77\u53f2\u8072\u97f3\u7d00\u9304\u300d\u3002<\/p>\n<p>\u258d1\u7c92\u75bc\u60dc\u53f0\u7063\u6587\u5316\u00ea\u5fc3\u809d\u3002<\/p>\n<p>\u4e09\u53f0\u5c71\u9802\u5357\u98a8\u8d77\uff0c\u6bdb\u67ff\u6a39\u8173\u601d\u96d9\u679d\u2026\u2026<\/p>\n<p>\u300a\u4e09\u53f0\u5c71\u00ea\u98a8\u300b\u662f\u6046\u6625\u6c11\u8b20\u570b\u5bf6\u6731\u4e01\u9806\u548c\u4ed6\u7684\u5f92\u5f1f\u5468\u5b9a\u90a6\u7684\u4f5c\u54c1\u5408\u8f2f\uff0c\u5167\u542b\u4e09\u500b\u90e8\u5206\uff1a<\/p>\n<p>\u258d2\u672c\u66f8\uff0c\u5305\u542b\uff1a<br \/>\n\u300a\u7db2\u7d17\u8a18\u4e8b\u300b\uff1a\u8a18\u9304\u5e2b\u5f92\u9593\u8207\u6046\u6625\u6c11\u8b20\u7684\u60c5\u7de3\uff0c\u4ee5\u53ca\u6731\u4e01\u9806\u70ba\u6046\u6625\u6c11\u8b20\u8ca2\u737b\u7684\u50b3\u5947\u4eba\u751f\u3002<br \/>\n\u300a\u5cf6\u5dbc\u6200\u6b4c\u300b\uff1a\u6574\u90e8\u5c08\u8f2f\u5b8c\u6574\u7684\u6b4c\u8a5e\u5167\u5bb9\u8207\u8a6e\u91cb\u3002<\/p>\n<p>\u258d2\u7247\u97f3\u6a02\u5c08\u8f2fCD\uff1a\u5305\u542b\u300c\u8a71\u982d\u8a69\u300d\u3001\u300c\u6b77\u76e1\u6ec4\u6851\u7684\u571f\u5730\u6200\u6b4c\u300d\u3001\u300c\u5805\u5fc3\u50b3\u627f\u7684\u5cf6\u5dbc\u8072\u55fd\u300d\u3001\u300c\u8a71\u5c3e\u66f2\u300d\u7b49\uff0c\u5171\u6536\u930421\u9996\u6046\u6625\u6c11\u8b20\u7684\u6b4c\u66f2\uff0c\u4ee5\u53ca1\u90e8\u53f0\u7063\u5538\u6b4c\uff0c\u9084\u6536\u93049\u6bb5\u300c\u8173\u6b65\u8072\uff1a\u5b78\u6046\u6625\u6c11\u8b20\u7684\u6b77\u53f2\u8072\u97f3\u7d00\u9304\u300d\u3002<\/p>\n<p>\u258d1\u500b\u75bc\u60dc\u53f0\u7063\u6587\u5316\u7684\u5fc3\u809d\u3002<\/p>\n<h2><strong>\u4f5c\u8005\u7c21\u4ecb<\/strong><\/h2>\n<p>\u5468\u5b9a\u90a6<\/p>\n<p>Chiu T\u0113ng-pang<br \/>\n1958\u5e74\u51fa\u4e16\uff0c\u9e7d\u5206\u5730\u5e36\u53f0\u5357\u7e23\u5c07\u8ecd\u9109\u9752\u9be4\u9bd3\u4eba<br \/>\n\u570b\u7acb\u6210\u529f\u5927\u5b78\u53f0\u7063\u6587\u5b78\u78a9\u58eb<\/p>\n<p>\u3010\u73fe\u4efb\u3011<br \/>\n\u53f0\u7063\u8aaa\u5531\u85dd\u8853\u5de5\u4f5c\u5ba4\u85dd\u8853\u7e3d\u76e3<br \/>\n\u53f0\u6587\u7b46\u6703\u5e38\u52d9\u7406\u4e8b<br \/>\n\u570b\u7acb\u53f0\u7063\u6587\u5b78\u9928\u52a9\u7406\u7814\u7a76\u54e1<br \/>\n\u570b\u7acb\u6210\u529f\u5927\u5b78\u53f0\u7063\u6587\u5b78\u7cfb\u52a9\u7406\u6559\u6388\u7d1a\u517c\u4efb\u5c08\u5bb6<\/p>\n<p>Kin\u570b\u5bf6\u7d1a\u5538\u6b4c\u5927\u5e2b\u5433\u5929\u7f85kap\u6046\u6625\u6c11\u8b20\u570b\u5bf6\u6731\u4e01\u9806\uff0c\u5b78\u53f0\u7063\u5538\u6b4ckap\u6046\u6625\u6c11\u8b20\uff0c\u5275\u7acb\u53f0\u7063\u8aaa\u5531\u85dd\u8853\u5de5\u4f5c\u5ba4\uff0cchhui-sak\u53f0\u7063\u5538\u6b4c\u85dd\u8853\uff0c\u5275\u4f5c\u53f0\u7063\u6b4c\u4ed4\u53f2\u8a69\uff0ck\u0101\u50b3\u627f\u53f0\u7063\u5538\u6b4ckap\u6046\u6625\u6c11\u8b20\u770b\u505achit-s\u00ec-l\u00e2ng \u00ea\u4f7f\u547d\u3002<\/p>\n<p>Bat\u5f97\u8457\u9e7d\u5206\u5730\u5e36\u6587\u5b78\u5275\u4f5c\u734e\u3001\u5357\u701b\u6587\u5b78\u734e\u3001\u5ee3\u64ad\u91d1\u97f3\u734e\u5165\u570d\u734e\uff0d\u672c\u571f\u6587\u5316\u7bc0\u76ee\u4e3b\u6301\u4eba\u734e\u3001\u9ad8\u96c4\u7e23\u50b3\u7d71\u6232\u5287\u512a\u826f\u5287\u672c\u512a\u7b49\u734e\uff08\u9996\u734e\uff09\u3001\u963f\u5374\u8cde\u53f0\u8a9e\u6587\u5275\u4f5c\u734e\u3001\u6d77\u7fc1\u53f0\u8a9e\u6587\u5b78\u734e\u3001\u6046\u6625\u6c11\u8b20\u5927\u8cfd\u512a\u7b49\u734e\uff08\u7b2c\u4e00\u540d\uff09\u3001\u963f\u5374\u8cde\u53f0\u8a9e\u6587\u5b78\u7814\u7a76\u734e\u3001\u6559\u80b2\u90e8\u6bcd\u8a9e\u6587\u5b78\u5275\u4f5c\u734e\u5287\u672c\u5c0f\u8aaa\u985e\u7b2c\u4e00\u540d\u3001\u8ca1\u5718\u6cd5\u4eba\u5f6d\u660e\u654f\u6587\u6559\u57fa\u91d1\u67032008\u300c\u53f0\u7063\u7814\u7a76\u300d\u5b78\u4f4d\u8ad6\u6587\u6700\u4f73\u78a9\u58eb\u8ad6\u6587\u734e\u3001\u6559\u80b2\u90e898\u5e74\u63a8\u5c55\u672c\u571f\u8a9e\u8a00\u5091\u51fa\u8ca2\u737b\u500b\u4eba\u734e\u3001\u53f0\u5357\u6587\u5b78\u734e\u53f0\u8a9e\u5c0f\u8aaa\u7b2c\u4e00\u540d\u7b49\u734e\u9805\u3002<\/p>\n<p>\u4f5c\u54c1\u6709\u53f0\u8a9e\u8a69\u96c6\u300a\u8d77\u539d\u516e\u5de5\u5102\u300b\u3001\u300a\u6591\u829d\u82b1\u958b\u300b\u3001\u300aIlha Formosa\u300b\uff0c\u53f0\u8a9e\u5287\u672c\u300a\u564d\u5427\u54d6\u98a8\u96f2\u300b\u3001\u300a\u82f1\u96c4\u6dda\u300b\u3001\u300a\u5b64\u7dda\u6708\u7434\u300b\u3001\u300a\u53f0\u7063\u82f1\u96c4\u50b3\uff1a\u6c7a\u6230\u564d\u5427\u54d6\u300b\uff0c\u53f0\u8a9e\u751f\u614b\u7ae5\u8b20\u5f71\u97f3\u7e6a\u672c\u300a\u53f0\u7063\u52d5\u7269\u4f86\u5531\u6b4c\u300b\uff0c\u5538\u6b4c\uff08\u6b4c\u4ed4\u518a\uff09\u300a\u53f0\u8a9e\u4e03\u5b57\u4ed4\u767d\u8a71\u53f2\u8a69\uff0d\u7fa9\u6230\u564d\u5427\u54d6\u300b\u3001\u300a\u53f0\u7063\u98a8\u96f2\u699c\u300b\u3001\u300a\u53f0\u8a9e\u4e03\u5b57\u4ed4\u767d\u8a71\u53f2\u8a69\uff0d\u6842\u82b1\u6028\u300b\u3001\u5468\u5b9a\u90a6\u5538\u6b4c\u5c08\u8f2f\u300aBOK\u8840\u00ca\u5b54\u5634\u300b\u3001\u300a\u57fa\u9686\u6e2f\u671d\u9bae\u85dd\u65e6\u6b89\u60c5\u6b4c\u300b\u3001\u300a\u4e09\u53f0\u5c71\u00ea\u98a8\uff0d\u6046\u6625\u6c11\u8b20\u570b\u5bf6\u6731\u4e01\u9806kap\u5468\u5b9a\u90a6\u5e2b\u751f\u4f5c\u54c1\u5408\u96c6\u300b\u7b49\u3002<\/p>\n<h2><strong>\u76ee\u9304<\/strong><\/h2>\n<p>\u300a\u7db2\u7d17\u8a18\u4e8b\u300b<\/p>\n<p>\u3010\u96f6\u3011<br \/>\nU\u0113-th\u00e2u\u8a71\u982d<\/p>\n<p>\u3010\u58f9\u3011<br \/>\nTh\u00e2u-pha\uff1aP\u0113-ki\u00e1\u207f Ts\u00eeng<br \/>\n\u982d\u8469\uff1a\u7236\u56dd\u60c5<\/p>\n<p>\u3010\u8cb3\u3011<br \/>\nT\u0113-j\u012b pha\uff1aTing-s\u016bn Peh \u00ea H\u00eeng-tshun B\u00een-i\u00e2u S\u00e8\u207f-mi\u0101 T\u0113-t\u00f4\u0358<br \/>\n\u7b2c\u4e8c\u8469\uff1a\u4e01\u9806\u4f2f\u7684\u6046\u6625\u6c11\u8b20\u6027\u547d\u5730\u5716<\/p>\n<p>\u3010\u53c3\u3011<br \/>\nU\u0113-bu\u00e9<br \/>\n\u8a71\u5c3e<\/p>\n<p>\u3010\u8086\u3011<br \/>\nH\u00f9-lio\u030dk\uff1aTing-s\u016bn peh H\u00eeng-tshun b\u00een-i\u00e2u n\u00ee-pi\u00f3<br \/>\n\u9644\u9304\uff1a\u4e01\u9806\u4f2f\u6046\u6625\u6c11\u8b20\u5e74\u8868<\/p>\n<p>\u203b\u5c08\u8f2fCD\u6536\u9304\u66f2\u76ee<br \/>\n01\u660e\u6708\u727d\u5b64\u661f<br \/>\n02\u7434\u5b57\u5165\u5fc3\u809d<br \/>\n03\u534a\u5cf6\u7236\u56dd\u60c5<br \/>\n04\u5c71\u8def\u51b7\u98a8\u5bd2<br \/>\n05\u5805\u5fc3\u5b72\u7434\u8072<br \/>\n06\u6563\u98df\u5bb6\u5ead<br \/>\n07\u9577\u5de5\u751f\u6d3b<br \/>\n08\u694a\u69ae\u5931\u59bb<br \/>\n09\u98df\u59ca\u59b9\u684c<br \/>\n10\u7405\u5da0\u666f\u7dfb<br \/>\n11\u5931\u59bb\u601d\u60c5<br \/>\n12\u6046\u6625\u6c11\u8b20\u570b\u5bf6\u6731\u4e01\u9806\u50b3\u5947\uff1a\u6a02\u66a2\u64cd\u52de\u5c11\u5e74\u6642<br \/>\n13\u6046\u6625\u6c11\u8b20\u570b\u5bf6\u6731\u4e01\u9806\u50b3\u5947\uff1a\u50b3\u627f\u6c11\u8b20\u6578\u5341\u5e74<br \/>\n14\u9752\u9be4\u9bd3\u8a18\u4e8b\uff1a\u6f01\u6751<br \/>\n15\u9752\u9be4\u9bd3\u8a18\u4e8b\uff1a\u9e7d\u57d5<br \/>\n16\u9752\u9be4\u9bd3\u8a18\u4e8b\uff1a\u66dd\u9e7d<br \/>\n17\u9752\u9be4\u9bd3\u8a18\u4e8b\uff1a\u51fa\u5e06<br \/>\n18\u9752\u9be4\u9bd3\u8a18\u4e8b\uff1a\u8a0e\u6d77<br \/>\n19\u9752\u9be4\u9bd3\u8a18\u4e8b\uff1a\u9752\u5c71\u6e2f<br \/>\n20\u9752\u9be4\u9bd3\u8a18\u4e8b\uff1a\u666f\u7dfb<br \/>\n21\u9752\u9be4\u9bd3\u8a18\u4e8b\uff1a\u5922\u6545\u9109<br \/>\n22\u50b3\u627f\u9152<br \/>\n23\u6c11\u8b20\u50b3\u767e\u5e74<br \/>\n24\u601d\u96d9\u679d\u524d\u594f<br \/>\n25\u601d\u96d9\u679d\u843d\u66f2<br \/>\n26\u5e73\u57d4\u8abf\u524d\u594f<br \/>\n27\u5e73\u57d4\u8abf\u843d\u66f2<br \/>\n28\u4e94\u7a7a\u5c0f\u8abf\u524d\u594f<br \/>\n29\u56db\u5b63\u6625\u524d\u594f<br \/>\n30\u601d\u96d9\u679d\u7684\u8d77\u6e90<br \/>\n31\u4e01\u9806\u4f2f\u9f13\u52f5\u7684\u8a71<br \/>\n32\u6953\u6e2f\u5c0f\u8abf\u524d\u594f\u4f6e\u843d\u66f2<\/p>\n<p>ISBN\uff1a9786267076668<br \/>\n\u51fa\u7248\u793e\uff1a\u524d\u885b<br \/>\n\u898f\u683c\uff1a\u76d2\u88dd \/ 15 x 21 x 5 cm \/ \u666e\u901a\u7d1a \/ \u5168\u5f69\u5370\u5237 \/ \u521d\u7248<br \/>\n\u51fa\u7248\u5730\uff1a\u53f0\u7063<\/p>\n","protected":false},"excerpt":{"rendered":"<p>\u4e09\u53f0\u5c71\u00ea\u98a8 \uff082\u66f8\uff0b2CD\uff09 \u5167\u5bb9\u7c21\u4ecb \u4e09\u53f0\u5c71\u9802\u5357\u98a8\u8d77\uff0c\u6bdb\u67ff\u6a39\u8173\u601d\u96d9\u679d\u2026\u2026 20\u51ac\u5b751\u62b1\u4e09\u53f0\u5c71 \u00ea \u98a8 \u300a\u4e09\u53f0&#8230;<\/p>\n","protected":false},"featured_media":105697,"comment_status":"closed","ping_status":"closed","template":"","meta":[],"product_brand":[],"product_cat":[2663,3183],"product_tag":[12822,12823,3565],"class_list":{"0":"post-105692","1":"product","2":"type-product","3":"status-publish","4":"has-post-thumbnail","6":"product_cat-2663","7":"product_cat-3183","8":"product_tag-12822","9":"product_tag-12823","10":"product_tag-3565","12":"first","13":"instock","14":"sale","15":"taxable","16":"shipping-taxable","17":"purchasable","18":"product-type-simple"},"bundled_by":[],"bundle_stock_status":"instock","bundle_stock_quantity":null,"bundle_virtual":false,"bundle_layout":"","bundle_add_to_cart_form_location":"","bundle_editable_in_cart":false,"bundle_sold_individually_context":"","bundle_item_grouping":"","bundle_min_size":"","bundle_max_size":"","bundle_price":[],"bundled_items":[],"bundle_sell_ids":[65786,138697],"_links":{"self":[{"href":"https:\/\/www.gjtaiwan.com\/new\/wp-json\/wp\/v2\/product\/105692","targetHints":{"allow":["GET"]}}],"collection":[{"href":"https:\/\/www.gjtaiwan.com\/new\/wp-json\/wp\/v2\/product"}],"about":[{"href":"https:\/\/www.gjtaiwan.com\/new\/wp-json\/wp\/v2\/types\/product"}],"replies":[{"embeddable":true,"href":"https:\/\/www.gjtaiwan.com\/new\/wp-json\/wp\/v2\/comments?post=105692"}],"wp:featuredmedia":[{"embeddable":true,"href":"https:\/\/www.gjtaiwan.com\/new\/wp-json\/wp\/v2\/media\/105697"}],"wp:attachment":[{"href":"https:\/\/www.gjtaiwan.com\/new\/wp-json\/wp\/v2\/media?parent=105692"}],"wp:term":[{"taxonomy":"product_brand","embeddable":true,"href":"https:\/\/www.gjtaiwan.com\/new\/wp-json\/wp\/v2\/product_brand?post=105692"},{"taxonomy":"product_cat","embeddable":true,"href":"https:\/\/www.gjtaiwan.com\/new\/wp-json\/wp\/v2\/product_cat?post=105692"},{"taxonomy":"product_tag","embeddable":true,"href":"https:\/\/www.gjtaiwan.com\/new\/wp-json\/wp\/v2\/product_tag?post=105692"}],"curies":[{"name":"wp","href":"https:\/\/api.w.org\/{rel}","templated":true}]}}