{"id":106859,"date":"2022-11-16T09:58:25","date_gmt":"2022-11-16T01:58:25","guid":{"rendered":"https:\/\/www.gjtaiwan.com\/new\/?post_type=product&#038;p=106859"},"modified":"2026-01-27T10:22:17","modified_gmt":"2026-01-27T02:22:17","slug":"%e7%82%ba%e6%84%9b%e9%81%a0%e8%88%aa-%e4%bc%8a%e8%90%8a%e8%8e%8e%e7%89%a7%e5%b8%ab%e5%a8%98%e7%9a%84%e6%95%85%e4%ba%8b%e3%80%81%e5%ae%8b%e4%bc%8a%e8%8e%89%e8%8e%8e%e7%99%bd%e9%86%ab%e5%b8%ab%e7%9a%84","status":"publish","type":"product","link":"https:\/\/www.gjtaiwan.com\/new\/product\/%e7%82%ba%e6%84%9b%e9%81%a0%e8%88%aa-%e4%bc%8a%e8%90%8a%e8%8e%8e%e7%89%a7%e5%b8%ab%e5%a8%98%e7%9a%84%e6%95%85%e4%ba%8b%e3%80%81%e5%ae%8b%e4%bc%8a%e8%8e%89%e8%8e%8e%e7%99%bd%e9%86%ab%e5%b8%ab%e7%9a%84","title":{"rendered":"\u70ba\u611b\u9060\u822a\uff1a\u4f0a\u840a\u838e\u7267\u5e2b\u5a18\u7684\u6545\u4e8b\u3001\u5b8b\u4f0a\u8389\u838e\u767d\u91ab\u5e2b\u7684\u6545\u4e8b\uff08\u53f0\u82f1\u83ef\u4e09\u8a9e\u7e6a\u672c\uff09"},"content":{"rendered":"<h1><strong>\u70ba\u611b\u9060\u822a\uff1a\u4f0a\u840a\u838e\u7267\u5e2b\u5a18\u7684\u6545\u4e8b\u3001\u5b8b\u4f0a\u8389\u838e\u767d\u91ab\u5e2b\u7684\u6545\u4e8b\uff08\u53f0\u82f1\u83ef\u4e09\u8a9e\u7e6a\u672c\uff09<\/strong><\/h1>\n<p><img loading=\"lazy\" decoding=\"async\" class=\"alignnone size-large wp-image-106868\" src=\"https:\/\/www.gjtaiwan.com\/new\/wp-content\/uploads\/2022\/11\/4710859100566_bc-800x800.jpg\" alt=\"\" width=\"800\" height=\"800\" srcset=\"https:\/\/www.gjtaiwan.com\/new\/wp-content\/uploads\/2022\/11\/4710859100566_bc.jpg 800w, https:\/\/www.gjtaiwan.com\/new\/wp-content\/uploads\/2022\/11\/4710859100566_bc-280x280.jpg 280w, https:\/\/www.gjtaiwan.com\/new\/wp-content\/uploads\/2022\/11\/4710859100566_bc-400x400.jpg 400w, https:\/\/www.gjtaiwan.com\/new\/wp-content\/uploads\/2022\/11\/4710859100566_bc-768x768.jpg 768w, https:\/\/www.gjtaiwan.com\/new\/wp-content\/uploads\/2022\/11\/4710859100566_bc-600x600.jpg 600w, https:\/\/www.gjtaiwan.com\/new\/wp-content\/uploads\/2022\/11\/4710859100566_bc-100x100.jpg 100w, https:\/\/www.gjtaiwan.com\/new\/wp-content\/uploads\/2022\/11\/4710859100566_bc-300x300.jpg 300w\" sizes=\"auto, (max-width: 800px) 100vw, 800px\" \/><\/p>\n<p><img loading=\"lazy\" decoding=\"async\" class=\"alignnone size-large wp-image-106862\" src=\"https:\/\/www.gjtaiwan.com\/new\/wp-content\/uploads\/2022\/11\/4710859100566_b4-565x800.jpg\" alt=\"\" width=\"565\" height=\"800\" srcset=\"https:\/\/www.gjtaiwan.com\/new\/wp-content\/uploads\/2022\/11\/4710859100566_b4-565x800.jpg 565w, https:\/\/www.gjtaiwan.com\/new\/wp-content\/uploads\/2022\/11\/4710859100566_b4-283x400.jpg 283w, https:\/\/www.gjtaiwan.com\/new\/wp-content\/uploads\/2022\/11\/4710859100566_b4.jpg 768w, https:\/\/www.gjtaiwan.com\/new\/wp-content\/uploads\/2022\/11\/4710859100566_b4-600x849.jpg 600w\" sizes=\"auto, (max-width: 565px) 100vw, 565px\" \/><\/p>\n<p><img loading=\"lazy\" decoding=\"async\" class=\"alignnone size-large wp-image-106863\" src=\"https:\/\/www.gjtaiwan.com\/new\/wp-content\/uploads\/2022\/11\/4710859100566_b5-565x800.jpg\" alt=\"\" width=\"565\" height=\"800\" srcset=\"https:\/\/www.gjtaiwan.com\/new\/wp-content\/uploads\/2022\/11\/4710859100566_b5-565x800.jpg 565w, https:\/\/www.gjtaiwan.com\/new\/wp-content\/uploads\/2022\/11\/4710859100566_b5-283x400.jpg 283w, https:\/\/www.gjtaiwan.com\/new\/wp-content\/uploads\/2022\/11\/4710859100566_b5.jpg 768w, https:\/\/www.gjtaiwan.com\/new\/wp-content\/uploads\/2022\/11\/4710859100566_b5-600x849.jpg 600w\" sizes=\"auto, (max-width: 565px) 100vw, 565px\" \/><\/p>\n<p><img loading=\"lazy\" decoding=\"async\" class=\"alignnone size-large wp-image-106864\" src=\"https:\/\/www.gjtaiwan.com\/new\/wp-content\/uploads\/2022\/11\/4710859100566_b6-565x800.jpg\" alt=\"\" width=\"565\" height=\"800\" srcset=\"https:\/\/www.gjtaiwan.com\/new\/wp-content\/uploads\/2022\/11\/4710859100566_b6-565x800.jpg 565w, https:\/\/www.gjtaiwan.com\/new\/wp-content\/uploads\/2022\/11\/4710859100566_b6-283x400.jpg 283w, https:\/\/www.gjtaiwan.com\/new\/wp-content\/uploads\/2022\/11\/4710859100566_b6.jpg 768w, https:\/\/www.gjtaiwan.com\/new\/wp-content\/uploads\/2022\/11\/4710859100566_b6-600x849.jpg 600w\" sizes=\"auto, (max-width: 565px) 100vw, 565px\" \/><\/p>\n<p><img loading=\"lazy\" decoding=\"async\" class=\"alignnone size-large wp-image-106865\" src=\"https:\/\/www.gjtaiwan.com\/new\/wp-content\/uploads\/2022\/11\/4710859100566_b7-565x800.jpg\" alt=\"\" width=\"565\" height=\"800\" srcset=\"https:\/\/www.gjtaiwan.com\/new\/wp-content\/uploads\/2022\/11\/4710859100566_b7-565x800.jpg 565w, https:\/\/www.gjtaiwan.com\/new\/wp-content\/uploads\/2022\/11\/4710859100566_b7-282x400.jpg 282w, https:\/\/www.gjtaiwan.com\/new\/wp-content\/uploads\/2022\/11\/4710859100566_b7.jpg 768w, https:\/\/www.gjtaiwan.com\/new\/wp-content\/uploads\/2022\/11\/4710859100566_b7-600x850.jpg 600w\" sizes=\"auto, (max-width: 565px) 100vw, 565px\" \/><\/p>\n<p><img loading=\"lazy\" decoding=\"async\" class=\"alignnone size-large wp-image-106866\" src=\"https:\/\/www.gjtaiwan.com\/new\/wp-content\/uploads\/2022\/11\/4710859100566_b8-568x800.jpg\" alt=\"\" width=\"568\" height=\"800\" srcset=\"https:\/\/www.gjtaiwan.com\/new\/wp-content\/uploads\/2022\/11\/4710859100566_b8-568x800.jpg 568w, https:\/\/www.gjtaiwan.com\/new\/wp-content\/uploads\/2022\/11\/4710859100566_b8-284x400.jpg 284w, https:\/\/www.gjtaiwan.com\/new\/wp-content\/uploads\/2022\/11\/4710859100566_b8.jpg 768w, https:\/\/www.gjtaiwan.com\/new\/wp-content\/uploads\/2022\/11\/4710859100566_b8-600x845.jpg 600w\" sizes=\"auto, (max-width: 568px) 100vw, 568px\" \/><\/p>\n<p><img loading=\"lazy\" decoding=\"async\" class=\"alignnone size-large wp-image-106867\" src=\"https:\/\/www.gjtaiwan.com\/new\/wp-content\/uploads\/2022\/11\/4710859100566_b9-568x800.jpg\" alt=\"\" width=\"568\" height=\"800\" srcset=\"https:\/\/www.gjtaiwan.com\/new\/wp-content\/uploads\/2022\/11\/4710859100566_b9-568x800.jpg 568w, https:\/\/www.gjtaiwan.com\/new\/wp-content\/uploads\/2022\/11\/4710859100566_b9-284x400.jpg 284w, https:\/\/www.gjtaiwan.com\/new\/wp-content\/uploads\/2022\/11\/4710859100566_b9.jpg 768w, https:\/\/www.gjtaiwan.com\/new\/wp-content\/uploads\/2022\/11\/4710859100566_b9-600x845.jpg 600w\" sizes=\"auto, (max-width: 568px) 100vw, 568px\" \/><\/p>\n<h2><strong>\u5167\u5bb9\u7c21\u4ecb<\/strong><\/h2>\n<p>\u7d66\u5168\u4e16\u754c\u5c0f\u670b\u53cb\u8a8d\u8b58\u53f0\u7063\u7684\u6545\u4e8b\u7e6a\u672c<br \/>\n\u4ee5\u300c\u53f0\u6587\u3001\u82f1\u6587\u3001\u83ef\u6587\u300d\u4e09\u7a2e\u8a9e\u8a00\u5448\u73fe\u7684\u7e6a\u672c<br \/>\n\u70ba\u611b\u9060\u822a\uff1a\u4ed6\u5011\u9bae\u70ba\u4eba\u77e5\uff0c\u4f46\u5f71\u97ff\u6df1\u9060\u7684\u6545\u4e8b<\/p>\n<p>\u300a\u4f0a\u840a\u838e\u7267\u5e2b\u5a18\u7684\u6545\u4e8b\u300b<br \/>\n\u56e0\u70ba\u5979\uff0c\u53f0\u7063\u5973\u6027\u7372\u5f97\u53d7\u6559\u80b2\u7684\u6a5f\u6703\u3002<br \/>\n\u4f0a\u840a\u838e\u7267\u5e2b\u5a18\u662f\u53f0\u7063\u57fa\u7763\u9577\u8001\u6559\u6703\u7b2c\u4e00\u4f4d\u7267\u5e2b\u674e\u5ea5\u7684\u592b\u4eba\uff0c\u4e5f\u662f\u53f0\u7063\u7b2c\u4e00\u4f4d\u5973\u5ba3\u6559\u5e2b\uff0c\u66f4\u662f\u53f0\u7063\u7b2c\u4e00\u6240\u5973\u5b50\u4e2d\u5b78\u7684\u5275\u8fa6\u4eba\uff0c\u5021\u5c0e\u89e3\u653e\u7e8f\u8db3\uff0c\u6210\u70ba\u53f0\u7063\u5973\u6b0a\u904b\u52d5\u7684\u5148\u92d2\u3002<\/p>\n<p>\u300a\u5b8b\u4f0a\u8389\u838e\u767d\u91ab\u5e2b\u7684\u6545\u4e8b\u300b<br \/>\n\u56e0\u70ba\u5979\uff0c\u53f0\u7063\u5973\u6027\u8207\u5152\u7ae5\u5f97\u5230\u5c08\u696d\u7684\u91ab\u7642\u7167\u8b77\u3002<br \/>\n\u5b8b\u4f0a\u8389\u838e\u767d\u91ab\u5e2b\uff0c\u662f\u8607\u683c\u862d\u7b2c\u4e00\u4f4d\u69ae\u7372\u4e09\u500b\u91ab\u5b78\u5b78\u4f4d\u7684\u5973\u6027\u3002\u4f86\u53f0\u5f8c\uff0c\u70ba\u5ee3\u5927\u75c5\u60a3\u63d0\u4f9b\u91ab\u7642\u670d\u52d9\uff0c\u9664\u4e86\u4e0d\u6536\u53d6\u8cbb\u7528\u4e4b\u5916\uff0c\u4e5f\u6df1\u5f97\u5973\u6027\u75c5\u60a3\u7684\u4fe1\u8cf4\u3002\u5f8c\u4f86\u66f4\u5927\u529b\u63a8\u52d5\u53f0\u7063\u7b2c\u4e00\u5bb6\u5a66\u5e7c\u91ab\u9662\u7684\u8a2d\u7acb\u3002<\/p>\n<p>\u70ba\u611b\u9060\u822a\uff1a\u4ed6\u5011\u9bae\u70ba\u4eba\u77e5\uff0c\u4f46\u5f71\u97ff\u6df1\u9060\u7684\u6545\u4e8b<br \/>\n\u5169\u4f4d\u52c7\u6562\u3001\u81ea\u4fe1\u548c\u5805\u6bc5\u7684\u5973\u6027\u4f0a\u840a\u838e\u548c\u5b8b\u4f0a\u8389\u838e\u767d\uff0c\u70ba\u4e86\u50b3\u905e\u4e0a\u5e1d\u7684\u798f\u97f3\uff0c19\u4e16\u7d00\u672b\u8449\u9060\u6e21\u91cd\u6d0b\u4f86\u5230\u53f0\u7063\u3002\u5979\u5011\u514b\u670d\u7a2e\u7a2e\u56f0\u5883\uff0c\u80fc\u624b\u80dd\u8db3\u70ba\u53f0\u7063\u7684\u5973\u5b50\u6559\u80b2\u6b0a\u53ca\u91ab\u7642\u7167\u8b77\u4f5c\u51fa\u4e86\u91cd\u8981\u7684\u5efa\u8a2d\u8207\u8ca2\u737b\uff0c\u6642\u81f3\u4eca\u65e5\uff0c\u4ecd\u6709\u8a31\u591a\u53f0\u7063\u4eba\u53d7\u5176\u6069\u60e0\u3002\u5169\u4f4d\u5049\u5927\u5973\u6027\u70ba\u611b\u9060\u822a\u3001\u9020\u798f\u53f0\u7063\u7684\u6545\u4e8b\uff0c\u61c9\u5ee3\u70ba\u53f0\u7063\u4eba\u6240\u77e5\u9053\u3002<\/p>\n<p>\uff5c\u672c\u518a\u7279\u8272\uff5c<br \/>\n1. \u9996\u6b21\u4ee5\u82f1\u6587\uff0f\u53f0\u6587\u767d\u8a71\u5b57\uff0f\u6f22\u5b57\u5c0d\u7167\uff0c\u4e26\u4ee5\u7e6a\u672c\u5f62\u5f0f\u51fa\u7248\u7684\u6bcd\u8a9e\u66f8\u7c4d<br \/>\n2. \u5225\u65bc\u904e\u5f80\u4ee5\u7537\u6027\u5c0d\u53f0\u8ca2\u737b\u7684\u53f2\u89c0\uff0c\u672c\u66f8\u4ee5\u300c\u8607\u683c\u862d\u300d\uff0c\u300c\u5973\u6027\u300d\u5c0d\u53f0\u7063\u7684\u8ca2\u737b\u70ba\u4e3b\u9ad4\uff0c\u8b93\u9019\u4e9b\u5728\u767e\u5e74\u524d\uff0c\u70ba\u611b\u52c7\u6562\u4f86\u53f0\u6545\u4e8b\uff0c\u9996\u5ea6\u4ee5\u9069\u5408\u53f0\u8607\u5169\u570b\u5b69\u5b50\u5011\u95b1\u8b80\u7684\u65b9\u5f0f\u51fa\u7248\uff0e<br \/>\n3. \u85c9\u7531\u6b64\u7cfb\u5217\u7e6a\u672c\u7684\u51fa\u7248\uff0c\u91cd\u65b0\u4e32\u8d77\u53f0\u7063\u548c\u8607\u683c\u862d\u4e4b\u9593\u8d85\u904e150\u5e74\u4ee5\u4e0a\u7684\u60c5\u7de3\uff0e<\/p>\n<p>\uff5c\u611f\u5fc3\u63a8\u85a6\uff5c<br \/>\n\u300e\u5341\u4e5d\u4e16\u7d00\u4e0b\u534a\u8449\u4f86\u81fa\u7063\u7684\u57fa\u7763\u6559\u50b3\u6559\u58eb\uff0c\u7d55\u5927\u90e8\u5206\u662f\u8607\u683c\u862d\u4eba\uff0c\u70ba\u4ec0\u9ebc\uff1f\u672c\u66f8\u4f5c\u8005\u60f3\u4ecb\u7d39\u9019\u4e9b\u50b3\u6559\u58eb\u7684\u592b\u4eba\uff0c\u800c\u4e14\u8981\u7528\u82f1\u6587\u7248\u4f86\u544a\u8a34\u73fe\u4ee3\u7684\u8607\u862d\u683c\u4eba\u5979\/\u4ed6\u5011\u7684\u5148\u8f29\u5728\u81fa\u7063\u7684\u82f1\u52c7\u4e8b\u8e5f\u3002\u9019\u7a2e\u5fc3\u610f\u548c\u60c5\u64cd\u662f\u9ad8\u8cb4\u7684\uff0c\u8996\u91ce\u662f\u7368\u7279\u7684\u3002\u300f<br \/>\n\u2014\u2014\u570b\u7acb\u5c4f\u6771\u5927\u5b78\u793e\u6703\u767c\u5c55\u5b78\u7cfb\u526f\u6559\u6388\uff0c\u674e\u9326\u65ed\uff0e<\/p>\n<p>\u9019\u5957\u7e6a\u672c\u9664\u53bbh\u014d\u0358\u8b80\u8005\u5b78\u7fd2I-lai-sa kap I-l\u012b sa-pe\u030dk che 2 \u016bi\u5973\u6027\u8eab\u4e0a\u7684\u5927\u611b\u7cbe\u795e\uff0cm\u0101 \u53cd\u5c04\u51faJenny\u55ae\u7d14\u71b1\u5fc3\u771f\u6027\u60c5\u00ea\u4eba\u751fkng-i\u0101\u207f\u3002So\u0358-kek-l\u00e2n sim-p\u016b\uff0c\u53f0\u7063cha-b\u00f3\u0358 ki\u00e1\u207f\uff0ct\u012b I \u5805\u6301ch\u00e1u-chh\u014de\u6bcd\u8a9e\u771f\u76f8\u00ea\u8a08\u5283\u4e2d\uff0c\u8a18\u9304\u7121h\u00f4ng\u91cd\u8996\u7684\u53f0\u7063\uff0c\u4e00\u76f4leh\u91cd\u5efa\u5584\u826fkoh\u5f31\u52e2\u00ea\u4eba\u61c9\u8a72\u6709\u7684\u5730\u4f4d\u3002\u662f\u53f0\u7063h\u0101m\u570b\u969b\u4ea4\u6d41\uff0csi\u014dng\u503c\u5f97\u53bb\u4e86\u89e3\u00ea\u7e6a\u672c\u3002<br \/>\n\u2014\u2014\u9ad8\u96c4\u7b2c\u4e00\u793e\u5340\u5927\u5b78\u53f0\u8a9e\u6559\u5e2b\uff0c\u9673\u91d1\u82b1<\/p>\n<p>\uff5c\u51fa\u7248\u8d0a\u52a9\uff5c<br \/>\n\u8607\u683c\u862d\u53f0\u7063\u5354\u6703<br \/>\n\u56b4\u8a60\u80fd\uff38\u6253\u72d7\u4e82\u6b4c\u5718<\/p>\n<h2><strong>\u4f5c\u8005\u7c21\u4ecb<\/strong><\/h2>\n<p>\u539f\u6587\u4f5c\u8005\uff5cJenny Jamieson<br \/>\n\u9673\u73cd\u59ae\uff0c\u53f0\u7063\u9ad8\u96c4\u51fa\u751f\uff0c\u73fe\u5c45\u65bc\u8607\u683c\u862d\u3002<br \/>\n\u559c\u6b61\u65c5\u904a\uff0c\u63a2\u7d22\u53f0\u7063\u548c\u8607\u683c\u862d\u7684\u6b77\u53f2\u6587\u5316\u3002\u8eab\u70ba\u4e00\u500b\u9577\u8001\u6559\u6703\u7684\u5973\u6027\uff0c\u671f\u5f85\u900f\u904e\u66f8\u5beb\u4ee5\u8607\u683c\u862d\u5973\u5ba3\u6559\u58eb\u70ba\u4e3b\u9ad4\u7684\u7cfb\u5217\u7e6a\u672c\uff0c\u80fd\u5920\u9f13\u821e\u8a31\u591a\u61f7\u62b1\u5922\u60f3\u7684\u4eba\uff0c\u4e0d\u56e0\u6027\u5225\u6216\u6027\u50be\u5411\u611f\u5230\u6182\u616e\uff0c\u52c7\u6562\u8ffd\u5922\u3002<\/p>\n<p>\u53f0\u6587\u8b6f\u8005\uff5cLing-I Jessica Su (So\u0358 L\u00eang-g\u00ee)<br \/>\n\u8607\u73b2\u5100\uff0c\u53f0\u7063\u53f0\u5357\u4eba\uff0c\u6642\u5e38\u6232\u7a31\u81ea\u5df1\u662f\uff1a\u300eT\u012b Hoat-kok li\u00fb-l\u014dng, t\u00e0m Pa-l\u00ea m\u00ee-s\u00ed-m\u00ee-n\u014da kan-na b\u0113 k\u00f3ng T\u00e2i-g\u00ed \u00ea H\u00fa-si\u00e2\u207f l\u00e2ng.\u300f<br \/>\n\u8eab\u5728\u5df4\u9ece\u5fc3\u5728\u5e9c\u57ce\uff0c\u66fe\u5728\u4e0a\u6d77\uff0c\u9999\u6e2f\uff0c\u65b0\u52a0\u5761\u6d41\u6d6a\u904e\uff0c\u807d\u5230\u6587\u590f\u9ec3\u660f\u7684\u6545\u9109\u6703\u9f3b\u9178\uff0c\u5167\u5728\u4f4f\u8457\u8001\u9748\u9b42\u7684\u53f0\u5357\u5973\u5152\u3002\u5e0c\u671b\u85c9\u7531\u53f0\u6587\u767d\u8a71\u5b57\u518d\u6b21\u62fe\u56de\u5c6c\u65bc\u53f0\u7063\u4eba\u7684\u69ae\u8000\u548c\u6587\u5316\u3002<\/p>\n<p>\u53f0\u6587\u8b6f\u8005\uff5cT\u00e2n A-p\u00f3<br \/>\nChhut-s\u00ec t\u012b T\u014da-n\u00e2-po\u0358\u0302 \u00ea T\u00e2i-o\u00e2n-l\u00e2ng.<br \/>\nA-l\u00eang \u00ea khan-chhi\u00fa.<br \/>\n\u51fa\u4e16t\u012b\u5927\u6797\u84b2\u00ea\u53f0\u7063\u4eba\u3002<br \/>\n\u963f\u80fd\u00ea\u727d\u624b\u3002<\/p>\n<p>\u53f0\u6587\u9867\u554f\uff5cT\u00e2n Kim-hoa<br \/>\n\u9673\u91d1\u82b1\uff0c\u53f0\u8a9e\u6587\u5de5\u4f5c\u8005. \u73fe\u4efb\u53f0\u7063\u7f85\u99ac\u5b57\u5354\u6703\u5e38\u52d9\u7406\u4e8b\u66a8\u4ec1\u6b66\u5206\u6703\u9577\uff0c\u53f0\u8d8a\u6587\u5316\u4ea4\u6d41\u5354\u6703\u7406\u4e8b\u9577\uff0c\u53f0\u6587\u7b46\u6703\u7406\u4e8b\uff0c\u793e\u5718\u6cd5\u4eba\u9ad8\u96c4\u5e02\u793e\u5340\u5927\u5b78\u4fc3\u9032\u6703\u7406\u4e8b\uff0c\u53f0\u7063\u5357\u793e\u7406\u4e8b\u300243 \u6b72\u4ee5\u524ds\u012b \u53f0\u6587\u9752\u76f2\u725b\uff0c\u5b78\u7f85\u99ac\u5b57\u624d\u76eekim. T\u00f2e Tiu\u207f Ho\u030dk-ch\u00fb, Chi\u00fa\u207f \u00dbi-b\u00fbn 2 \u016bi sian-si\u207f\u5b78\u53f0\u6587\uff0ckin\u8001\u5e2b\u7a2e\u4f5c\u62cb\u8352\u00ea\u53f0\u8a9e\u7530\u5712\uff0c\u4e3b\u8981\u00ea khang-kh\u00f2e\u662f\u505a\u7b2c\u4e00\u7dda\u6bcd\u8a9e\u6559\u5b78\u30022002\u64d4\u4efb\u4e2d\u5c0f\u5b78kap\u793e\u5340\u5927\u5b78\u53f0\u8a9e\u8001\u5e2b\uff0c\u5c08\u9580\u6559si\u00e1 \u53f0\u8a9e\u7f85\u99ac\u5b57\u3002 20 \u51ac\u4f86n\u00e1\u6559n\u00e1\u5b78m\u0101\u5b8c\u6210\u53f0\u6587\u78a9\u58eb\u5b78\u4f4d\uff0ct\u012b\u6210\u529f\u5927\u5b78\u53f0\u6587\u7cfb\u3001\u53f0\u7063\u7f85\u99ac\u5b57\u5354\u6703\u3001\u9ad8\u91ab\u53f0\u8a9e\u3001\u9ad8\u96c4\u5e02\u7b2c\u4e00\u793e\u5340\u5927\u5b78\u3001\u5317\u9ad8\u96c4\u793e\u5340\u5927\u5b78\u3001\u9ad8\u5e2b\u5927\u8a9e\u6559\u4e2d\u5fc3\u73fe\u5834\u6559\u5b78\uff0c\u63a8\u52d5\u53f0\u8a9e\u6587\u5b57\u5316\u3002<br \/>\n\u66f8\u7c4d\u8457\u6709\u300a\u53f0\u8a9e\u7f85\u99ac\u5b57\u5275\u610f\u6559\u6750\u300b\uff0c\u300a\u9ad8\u96c4\u5e02\u7b2c\u4e00\u793e\u5340\u5927\u5b78\u53f0\u8a9e\u6587\u8b80\u5beb\u73ed\u5b78\u54e1\u4f5c\u54c1\u96c6\u300b\uff0c\u300aMakatao\u5e73\u57d4\u65cf\u5609\u81d8\u57d4\u591c\u796d\u300b\uff0c\u300a\u7d05\u9f9c\u7cbfchh\u014de\u59ca\u59b9\u300b\uff0c\u300a\u963f\u7f85\u7cbe\u9748\u5408\u5531\u5718\u300b\uff0c\u300a\u5927\u611bb\u0113\u6b7b\u300b\u9ec3\u62db\u69ae\u8001\u5e2b\u7d00\u5ff5\u96c6\uff0e\u97f3\u6a02\u5275\u4f5c\u6709\u7c21\u4e0a\u4ec1\u8001\u5e2b2014\u51fa\u00ea CD\u5167\u5e95\uff0c\u6709i\u66ff\u6211\u8b5c\u66f2\u7684\u300a\u53f0\u7063\u7684\u5496\u5561\u300b\u3002<br \/>\n\u5805\u4fe1\uff1a\u5357\u793e\u524d\u793e\u9577\u912d\u6b63\u715c\u8001\u5e2b\u7559h\u014d\u0358\u54b1\u53f0\u7063\u4eba\u00ea\u4e00\u53e5\u8a71\u3010\u6559\u80b2\u662f\u4e0a\u8edf\u6027koh\u4e0a\u5f37\u52e2\u00ea\u5efa\u570b\u5de5\u7a0b\u3011\u3002\u7528\u53f0\u8a9e\u6587\u5275\u4f5c\uff06\u6559\u5b78\uff0c\u5805\u5fc3\u6bcd\u8a9e\u5efa\u570b\u662f\u53f0\u7063\u6838\u5fc3\u50f9\u503c\u3002<\/p>\n<p>\u53f0\u6587\u6821\u5c0d\uff5cNg\u00f4 \u0358 Ka-b\u00eang (H\u00ea-b\u00ed)<br \/>\nT\u00e2i-g\u00ed-b\u00fbn s\u00f3a\u207f-kang \/ T\u00e2i-b\u00fbn Ke-si-m\u012b ch\u00fa-chh\u00ee j\u00een \/ T\u00e1-k\u00e1u T\u00e2i-g\u00ed-b\u00fbn Chhiok-ch\u00ecn Hia\u030dp-h\u014de l\u00ed-s\u016b\uff0e<br \/>\n\u5433\u5bb6\u9298\uff0c\u53f0\u8a9e\u6587\u6563\u5de5\/ \u53f0\u6587\u96de\u7d72\u9eb5\u4e3b\u6301\u4eba\/\u6253\u72d7\u53f0\u8a9e\u6587\u4fc3\u9032\u5354\u6703\u7406\u4e8b<\/p>\n<p>\u83ef\u6587\u8b6f\u8005\uff5cRobert R Redman ( \u5468\u9577\u5fd7)<br \/>\n\u53f0\u7063\u53f0\u5317\u5e02\u51fa\u751f\uff0c\u65c5\u5c45\u8607\u683c\u862d\u9996\u90fd\u611b\u4e01\u5821\u7684\u696d\u9918\u6587\u5b57\u611b\u597d\u8005\u3002\u559c\u6b61\u4e0b\u5eda\uff0c\u4ee5\u98df\u7269\u6703\u53cb\u3002\u5728\u7814\u7a76\u690d\u7269\u7684\u904e\u7a0b\u7576\u4e2d\uff0c\u8d6b\u7136\u767c\u73fe\u611b\u4e01\u5821\u7687\u5bb6\u690d\u7269\u5712\u88e1\u6709\u8490\u85cf\u8a31\u591a\u53f0\u7063\u7279\u6709\u7a2e\u690d\u7269\uff0c\u4f8b\u5982\uff1a\u53f0\u7063\u6749\u4ee5\u53ca\u7d05\u6a9c\u3002\u9019\u500b\u610f\u5916\u7684\u767c\u73fe\uff0c\u5f15\u767c\u4e86\u8208\u8da3\u4f86\u6316\u6398\u53f0\u7063\u8207\u8607\u683c\u862d\u5728\u6b77\u53f2\u4e0a\u3001\u6587\u5316\u4e0a\u3001\u79d1\u5b78\u4e0a\u2026\u2026\u7b49\u65b9\u9762\u7684\u9023\u7d50\u3002\u671f\u8a31\u81ea\u5df1\uff0c\u6709\u671d\u4e00\u65e5\u80fd\u5920\u628a\u300c\u767d\u8a71\u5b57\u300d\u5217\u5165\u81ea\u5df1\u63a2\u7d22\u53f0\u7063\u6b77\u53f2\u8207\u6587\u5316\u7684\u4e3b\u8981\u5de5\u5177\u3002<\/p>\n<p>\u63d2\u756b\uff5cBoris Lee (L\u00ed S\u00een-h\u00f4)<br \/>\n\u82f1\u570b\u611b\u4e01\u5821\u5927\u5b78\u63d2\u756b\u78a9\u58eb\uff0c\u73fe\u5f9e\u4e8b\u7e6a\u672c\u5275\u4f5c\u8207\u6559\u5b78\u3002\u559c\u6b61\u52d5\u7269\u3001\u5927\u81ea\u7136\u548c\u8207\u4eba\u5c0d\u8ac7\u3002\u671f\u8a31\u81ea\u5df1\u7684\u4f5c\u54c1\uff0c\u53ef\u4ee5\u6210\u70ba\u4ed6\u4eba\u7684\u529b\u91cf\uff0c\u8457\u6709\u7e6a\u672c\u300aRemember\u300b(\u5df4\u5df4\u6587\u5316)\u3002<\/p>\n<p>\u8996\u89ba\u8a2d\u8a08\uff5c\u5eb7\u5b78\u6069 (Vank Kang)<br \/>\n1986\u5e74\u751f\uff0c\u53f0\u5317\u4eba\uff0c\u4f4f\u6cb3\u908a\uff0c\u8a2d\u8a08\u7d93\u6b77\u8d85\u904e\u5341\u5e74\uff0c2020\u5e74\u8d77\u8f49\u81ea\u7531\u63a5\u6848\uff0c\u8457\u8ff7\u65bc\u7d19\u672c\u76f8\u95dc\u7684\u8a2d\u8a08\uff0c\u4ee3\u8868\u4f5c\u70ba\u300a\u54c8\u6885\u6069\u7684\u5439\u7b1b\u624b\u300b\u3002<\/p>\n<p>ISBN\uff1a4710859100566<br \/>\n\u51fa\u7248\u793e\uff1a\u524d\u885b<br \/>\n\u898f\u683c\uff1a\u7279\u6b8a\u88dd\u8a02 \/ 76\u9801 \/ 29.7 x 21 x 1 cm \/ \u666e\u901a\u7d1a \/ \u5168\u5f69\u5370\u5237 \/ \u521d\u7248<br \/>\n\u51fa\u7248\u5730\uff1a\u53f0\u7063<\/p>\n","protected":false},"excerpt":{"rendered":"<p>\u70ba\u611b\u9060\u822a\uff1a\u4f0a\u840a\u838e\u7267\u5e2b\u5a18\u7684\u6545\u4e8b\u3001\u5b8b\u4f0a\u8389\u838e\u767d\u91ab\u5e2b\u7684\u6545\u4e8b\uff08\u53f0\u82f1\u83ef\u4e09\u8a9e\u7e6a\u672c\uff09 \u5167\u5bb9\u7c21\u4ecb \u7d66\u5168\u4e16\u754c\u5c0f\u670b\u53cb\u8a8d\u8b58\u53f0\u7063\u7684\u6545\u4e8b\u7e6a&#8230;<\/p>\n","protected":false},"featured_media":106868,"comment_status":"closed","ping_status":"closed","template":"","meta":[],"product_brand":[],"product_cat":[5453,2849,2663],"product_tag":[12829,12830],"class_list":{"0":"post-106859","1":"product","2":"type-product","3":"status-publish","4":"has-post-thumbnail","6":"product_cat-5453","7":"product_cat-kids","8":"product_cat-2663","9":"product_tag-12829","10":"product_tag-12830","12":"first","13":"instock","14":"sale","15":"taxable","16":"shipping-taxable","17":"purchasable","18":"product-type-simple"},"bundled_by":[],"bundle_stock_status":"instock","bundle_stock_quantity":null,"bundle_virtual":false,"bundle_layout":"","bundle_add_to_cart_form_location":"","bundle_editable_in_cart":false,"bundle_sold_individually_context":"","bundle_item_grouping":"","bundle_min_size":"","bundle_max_size":"","bundle_price":[],"bundled_items":[],"bundle_sell_ids":[65786,138697],"_links":{"self":[{"href":"https:\/\/www.gjtaiwan.com\/new\/wp-json\/wp\/v2\/product\/106859","targetHints":{"allow":["GET"]}}],"collection":[{"href":"https:\/\/www.gjtaiwan.com\/new\/wp-json\/wp\/v2\/product"}],"about":[{"href":"https:\/\/www.gjtaiwan.com\/new\/wp-json\/wp\/v2\/types\/product"}],"replies":[{"embeddable":true,"href":"https:\/\/www.gjtaiwan.com\/new\/wp-json\/wp\/v2\/comments?post=106859"}],"wp:featuredmedia":[{"embeddable":true,"href":"https:\/\/www.gjtaiwan.com\/new\/wp-json\/wp\/v2\/media\/106868"}],"wp:attachment":[{"href":"https:\/\/www.gjtaiwan.com\/new\/wp-json\/wp\/v2\/media?parent=106859"}],"wp:term":[{"taxonomy":"product_brand","embeddable":true,"href":"https:\/\/www.gjtaiwan.com\/new\/wp-json\/wp\/v2\/product_brand?post=106859"},{"taxonomy":"product_cat","embeddable":true,"href":"https:\/\/www.gjtaiwan.com\/new\/wp-json\/wp\/v2\/product_cat?post=106859"},{"taxonomy":"product_tag","embeddable":true,"href":"https:\/\/www.gjtaiwan.com\/new\/wp-json\/wp\/v2\/product_tag?post=106859"}],"curies":[{"name":"wp","href":"https:\/\/api.w.org\/{rel}","templated":true}]}}