{"id":110427,"date":"2023-04-12T15:45:17","date_gmt":"2023-04-12T07:45:17","guid":{"rendered":"https:\/\/www.gjtaiwan.com\/new\/?post_type=product&#038;p=110427"},"modified":"2023-04-12T15:45:18","modified_gmt":"2023-04-12T07:45:18","slug":"%e6%88%91%e9%9a%a8%e6%84%8f%ef%bc%8c%e4%bd%a0%e7%9b%a1%e9%87%8f","status":"publish","type":"product","link":"https:\/\/www.gjtaiwan.com\/new\/product\/%e6%88%91%e9%9a%a8%e6%84%8f%ef%bc%8c%e4%bd%a0%e7%9b%a1%e9%87%8f","title":{"rendered":"\u6211\u96a8\u610f\uff0c\u4f60\u76e1\u91cf"},"content":{"rendered":"<h1><strong>\u6211\u96a8\u610f\uff0c\u4f60\u76e1\u91cf<\/strong><\/h1>\n<p><a href=\"https:\/\/www.gjtaiwan.com\/new\/wp-content\/uploads\/2023\/04\/0010951856.jpg\"><img loading=\"lazy\" decoding=\"async\" class=\"alignnone size-large wp-image-110428\" src=\"https:\/\/www.gjtaiwan.com\/new\/wp-content\/uploads\/2023\/04\/0010951856-562x800.jpg\" alt=\"\" width=\"562\" height=\"800\" srcset=\"https:\/\/www.gjtaiwan.com\/new\/wp-content\/uploads\/2023\/04\/0010951856-562x800.jpg 562w, https:\/\/www.gjtaiwan.com\/new\/wp-content\/uploads\/2023\/04\/0010951856-281x400.jpg 281w, https:\/\/www.gjtaiwan.com\/new\/wp-content\/uploads\/2023\/04\/0010951856.jpg 768w, https:\/\/www.gjtaiwan.com\/new\/wp-content\/uploads\/2023\/04\/0010951856-600x854.jpg 600w\" sizes=\"auto, (max-width: 562px) 100vw, 562px\" \/><\/a><\/p>\n<p><a href=\"https:\/\/www.gjtaiwan.com\/new\/wp-content\/uploads\/2023\/04\/0010951856_b_01.jpg\"><img loading=\"lazy\" decoding=\"async\" class=\"alignnone size-full wp-image-110429\" src=\"https:\/\/www.gjtaiwan.com\/new\/wp-content\/uploads\/2023\/04\/0010951856_b_01.jpg\" alt=\"\" width=\"1000\" height=\"709\" srcset=\"https:\/\/www.gjtaiwan.com\/new\/wp-content\/uploads\/2023\/04\/0010951856_b_01.jpg 768w, https:\/\/www.gjtaiwan.com\/new\/wp-content\/uploads\/2023\/04\/0010951856_b_01-564x400.jpg 564w, https:\/\/www.gjtaiwan.com\/new\/wp-content\/uploads\/2023\/04\/0010951856_b_01-600x425.jpg 600w\" sizes=\"auto, (max-width: 1000px) 100vw, 1000px\" \/><\/a><\/p>\n<p><a href=\"https:\/\/www.gjtaiwan.com\/new\/wp-content\/uploads\/2023\/04\/0010951856_b_02.jpg\"><img loading=\"lazy\" decoding=\"async\" class=\"alignnone size-full wp-image-110430\" src=\"https:\/\/www.gjtaiwan.com\/new\/wp-content\/uploads\/2023\/04\/0010951856_b_02.jpg\" alt=\"\" width=\"1000\" height=\"709\" srcset=\"https:\/\/www.gjtaiwan.com\/new\/wp-content\/uploads\/2023\/04\/0010951856_b_02.jpg 768w, https:\/\/www.gjtaiwan.com\/new\/wp-content\/uploads\/2023\/04\/0010951856_b_02-564x400.jpg 564w, https:\/\/www.gjtaiwan.com\/new\/wp-content\/uploads\/2023\/04\/0010951856_b_02-600x425.jpg 600w\" sizes=\"auto, (max-width: 1000px) 100vw, 1000px\" \/><\/a><\/p>\n<p><a href=\"https:\/\/www.gjtaiwan.com\/new\/wp-content\/uploads\/2023\/04\/0010951856_b_03.jpg\"><img loading=\"lazy\" decoding=\"async\" class=\"alignnone size-full wp-image-110431\" src=\"https:\/\/www.gjtaiwan.com\/new\/wp-content\/uploads\/2023\/04\/0010951856_b_03.jpg\" alt=\"\" width=\"1000\" height=\"709\" srcset=\"https:\/\/www.gjtaiwan.com\/new\/wp-content\/uploads\/2023\/04\/0010951856_b_03.jpg 768w, https:\/\/www.gjtaiwan.com\/new\/wp-content\/uploads\/2023\/04\/0010951856_b_03-564x400.jpg 564w, https:\/\/www.gjtaiwan.com\/new\/wp-content\/uploads\/2023\/04\/0010951856_b_03-600x425.jpg 600w\" sizes=\"auto, (max-width: 1000px) 100vw, 1000px\" \/><\/a><\/p>\n<p><a href=\"https:\/\/www.gjtaiwan.com\/new\/wp-content\/uploads\/2023\/04\/0010951856_b_04-1.jpg\"><img loading=\"lazy\" decoding=\"async\" class=\"alignnone size-full wp-image-110432\" src=\"https:\/\/www.gjtaiwan.com\/new\/wp-content\/uploads\/2023\/04\/0010951856_b_04-1.jpg\" alt=\"\" width=\"1000\" height=\"709\" srcset=\"https:\/\/www.gjtaiwan.com\/new\/wp-content\/uploads\/2023\/04\/0010951856_b_04-1.jpg 768w, https:\/\/www.gjtaiwan.com\/new\/wp-content\/uploads\/2023\/04\/0010951856_b_04-1-564x400.jpg 564w, https:\/\/www.gjtaiwan.com\/new\/wp-content\/uploads\/2023\/04\/0010951856_b_04-1-600x425.jpg 600w\" sizes=\"auto, (max-width: 1000px) 100vw, 1000px\" \/><\/a><\/p>\n<p><a href=\"https:\/\/www.gjtaiwan.com\/new\/wp-content\/uploads\/2023\/04\/0010951856_bi_02.jpg\"><img loading=\"lazy\" decoding=\"async\" class=\"alignnone size-full wp-image-110433\" src=\"https:\/\/www.gjtaiwan.com\/new\/wp-content\/uploads\/2023\/04\/0010951856_bi_02.jpg\" alt=\"\" width=\"1000\" height=\"709\" srcset=\"https:\/\/www.gjtaiwan.com\/new\/wp-content\/uploads\/2023\/04\/0010951856_bi_02.jpg 768w, https:\/\/www.gjtaiwan.com\/new\/wp-content\/uploads\/2023\/04\/0010951856_bi_02-564x400.jpg 564w, https:\/\/www.gjtaiwan.com\/new\/wp-content\/uploads\/2023\/04\/0010951856_bi_02-600x425.jpg 600w\" sizes=\"auto, (max-width: 1000px) 100vw, 1000px\" \/><\/a><\/p>\n<h2><strong>\u5167\u5bb9\u7c21\u4ecb<\/strong><\/h2>\n<p>\u6b63\u6e2f\u53f0\u6587\u7684\u6de1\u6c34\u6563\u6b65<br \/>\n\u63ee\u7051\u9592\u5c45\u5c0f\u93ae\u7684\u5eb6\u6c11\u751f\u6d3b\u98a8\u60c5\u756b\uff0c\u722c\u68b3\u4e0a\u6de1\u6c34\u9019\u500b\u512a\u52dd\u7f8e\u5730\u7684\u904e\u53bb\u548c\u73fe\u5728\uff0c<br \/>\n\u738b\u662d\u83ef\u7d50\u5408\u98a8\u7269\u63cf\u7e6a\u548c\u8d70\u8a2a\u8abf\u67e5\uff0c\u5beb\u51fa\u4e00\u5377\u5377\u8272\u5f69\u8c50\u5bcc\u591a\u8b8a\u7684\u6de1\u6c34\u4e0a\u6cb3\u5716\u3002<\/p>\n<p>\u53f0\u8a9e\u516b\u8072\u8abf\u7ae5\u8b20\u300a\u52d5\u7269\u5712\u300b\u8a5e\u66f2\u5275\u4f5c\u3001\u96fb\u5f71\u300a\u5927\u4f5b\u666e\u62c9\u65af\u300b\u7247\u5c3e\u66f2\u3008\u6709\u7121\u3009\u586b\u8a5e\u4eba\u738b\u662d\u83ef\uff0c\u53f0\u7063\u6587\u5b78\u734e\u53f0\u8a9e\u6563\u6587\u91d1\u5178\u734e\u5f97\u4e3b\uff0c\u53f0\u6587\u754c\u8015\u8018\u591a\u5e74\u7684\u5275\u4f5c\u8005\u7684\u7b2c\u4e00\u672c\u6563\u6587\u96c6\u3002<\/p>\n<p>\u672c\u66f8\u662f\u738b\u662d\u83ef1990-2014\u5e74\u9593\u5bc4\u5c45\u6de1\u6c34\u7684\u751f\u6d3b\u8a8c\uff0c\u524d\u534a\u90e8\u70ba2006\u5e74\u958b\u683c\u7684\u53f0\u6587\u90e8\u843d\u683c\u300a\u82b1\u57d5\u7167\u65e5\u300b\u820a\u6587\u589e\u4fee\uff0c\u5f9e\u3008\u5929\u516c\u751f\u3009\u5230\u3008\u4e0b\u5143\u669d\u3009\u7684\u6c11\u4fd7\u8a18\u4e8b\uff0c\u3008\u6eec\u5c3e\u9ebb\u6cb9\u3009\u3001\u3008\u6c34\u8579\u83dc\u3009\u3001\u3008\u77f3\u82b1\u3009\u3001\u3008\u7d05\u67ff\u51fa\u982d\u3009\u7b49\u98a8\u7269\u8ff0\u63cf\uff0c\u6709\u5982\u7d30\u81a9\u5de5\u7b46\u7684\u6de1\u6c34\u6563\u6b65\u3002\u540c\u540d\u6587\u7ae0\u3008\u6211\u96a8\u610f\uff0c\u4f60\u76e1\u91cf\u3009\u662f\u6de1\u6c34\u5c71\u9802\u4eba\u7684\u656c\u9152\u8a71\uff0c\u6709\u5225\u65bc\u5916\u5730\u4eba\u7684\u300c\u6211\u4e7e\u676f\uff0c\u4f60\u96a8\u610f\u300d\uff0c\u6b64\u8a71\u4e5f\u662f\u738b\u662d\u83ef\u5c0d\u8b80\u53cb\u7684\u52f8\u9032\u8a9e\uff1a\u300c\u6211\u96a8\u6211\u7684\u5fc3\u610f\u5beb\u4f5c\uff0c\u6b63\u7d93\u50eb\u8b80\uff0c\u554a\uff01\u8acb\u8b80\u8005\u4f60\u4e5f\u76e1\u91cf\u3002\u300d<\/p>\n<p>\u5f8c\u534a\u90e8\u3008\u4e0a\u6de1\u6c34\u5f80\u4e8b\u8ffd\u61b6\u3009\u70ba\u8fd1\u5169\u5e74\u65b0\u4f5c\uff0c\u5f9e\u7d00\u9304\u7247\u300a\u7da0\u7684\u6d77\u5e73\u7dda\u300b\u5beb\u8d77\uff0c\u5c55\u958b\u5927\u53f0\u5317\u5730\u8a8c\uff0c\u6797\u5409\u5d07\u91ab\u5e2b\u7684\u666f\u7f8e\u6eaa\u8222\u8228\u3001\u9673\u6f84\u6ce2\u756b\u4e2d\u7684\u8d64\u725b\u7262\u3001\u675c\u8070\u660e\u7684\u6953\u6a39\u6e56\u8207\u5317\u65b0\u8def\u3001\u6c99\u5d19\u8cc0\u4f2f\u4f2f\u7684\u53ef\u6a02\u8c6c\u8173\u3001\u674e\u96d9\u6fa4\u548c\u300c\u963fB\u7684\u300d\u8207\u77f3\u5ddd\u6b3d\u4e00\u90ce\u3001\u6728\u4e0b\u975c\u6daf\u8207\u8521\u79c9\u4e7e\u3001\u8096\u5ff5\u9673\u6046\u5609\u3001\u5df4\u62c9\u5361\u516c\u8def\u3001\u84ec\u840a\u7c73\u8207\u7af9\u5b50\u6e56\u3001\u99ac\u5055\u7684\u89c0\u97f3\u5c71\u548c\u4e94\u80a1\u5751\uff0c\u4e00\u5834\u4ee5\u53f0\u8a9e\u601d\u8003\u7684\u98a8\u571f\u9577\u65c5\u3002<\/p>\n<p>&nbsp;<\/p>\n<h1><strong>\u76ee\u9304<\/strong><\/h1>\n<p>\u57d4\u9802\u6b32\u843d\u5d0e\u3000Poo-t\u00edng beh lo\u030dh-ki\u0101<br \/>\n\u5929\u516c\u751f\u3000Thinn-kong-senn<br \/>\n\u6211\u96a8\u610f\uff0c\u4f60\u76e1\u91cf\u3000Gu\u00e1 su\u00ee-\u00ec, l\u00ed ts\u012bn-li\u014dng<br \/>\n\u5750\u8def\u908a\u770b\u4eba\u642c\u6232\u3000Ts\u0113 l\u014do-pinn khu\u00e0nn l\u00e2ng puann-h\u00ec<br \/>\n\u4e0b\u5143\u669d\u3000H\u0101-gu\u00e2n-m\u00ea<br \/>\n\u5e02\u4ed4\u7684\u82b1\u8349\u3000Tsh\u012b-\u00e1 \u00ea hue tsh\u00e1u<br \/>\n\u6eec\u5c3e\u9ebb\u6cb9\u3000H\u014do-bu\u00e9 m\u00fba-i\u00fb<br \/>\n\u6de1\u6c34\u98a8\u666f\u3000T\u0101m-tsu\u00ed hong-k\u00edng<br \/>\n\u6cf1\u3000Iann<br \/>\n\u77f3\u82b1\u3000Tsio\u030dh-hue<br \/>\n\u6c34\u8579\u83dc\u3000Tsu\u00ed-\u00ecng-tsh\u00e0i<br \/>\n\u7d05\u67ff\u51fa\u982d\u3000\u00c2ng-kh\u012b tshut-th\u00e2u<br \/>\n\u883b\u76ae\u6885\u4ed4\u6a39\u3000B\u00e2n-phu\u00ea mu\u00ee-\u00e1-tshi\u016b<br \/>\n\u572d\u67d4\u5c71\u4eba\u67da\u4ed4\u516c\u3000Kue-ji\u00fb-san-j\u00een i\u016b-\u00e1-kong<br \/>\n\u5713\u4ed4\u82b1\u4f6e\u96de\u9afb\u82b1\u3000\u00cenn-\u00e1-hue kah ke-ku\u00e8-hue<br \/>\n\u9ecf\u963f\u5abd\u3000Li\u00e2m a-m\u00e1<br \/>\n167\u53f0\u8a9e\u6c23\u8c61\u53f0\u3000167 T\u00e2i-g\u00ed kh\u00ec-si\u014dng-t\u00e2i<br \/>\n\u842c\u4ee3a-l\u00fa-mih\u9f0e\u3000B\u0101n-t\u0101i a-l\u00fa-mih ti\u00e1nn<br \/>\n\u516d\u6a13\u7684\u963f\u4f2f\u3000La\u030dk-l\u00e2u \u00ea a-peh<br \/>\n\u4e0a\u6de1\u6c34\u5f80\u4e8b\u8ffd\u61b6Si\u014dng-t\u0101m-su\u00ed \u014dng-su tui-ik<\/p>\n<h2><strong>\u4f5c\u8005\u7c21\u4ecb<\/strong><\/h2>\n<p><strong>\u738b\u662d\u83ef<\/strong><\/p>\n<p>1990-2014\u5bc4\u5c45\u6de1\u6c34\uff0c\u6de1\u6c5f\u5927\u5b78\u6642\u4ee3\u958b\u59cb\u53f0\u6587\u5275\u4f5c\u30022006\u767c\u884c\u9996\u5f35\u500b\u4eba\u53f0\u8a9e\u5275\u4f5c\u5c08\u8f2f\u30022011\u53f0\u7063\u6587\u5b78\u734e\u53f0\u8a9e\u6563\u6587\u91d1\u5178\u734e\u5f97\u4e3b\uff0c2016\u7e6a\u672c\u300a\u52d5\u7269\u5712\u300b\u53f0\u8a9e\u516b\u8072\u8abf\u4e4b\u6b4c\uff0c2017\u96fb\u5f71\u300a\u5927\u4f5b\u666e\u62c9\u65af\u300b\u7247\u5c3e\u66f2\u586b\u8a5e\u4eba\u3002\u66fe\u4efb\u51fa\u7248\u793e\u6587\u5b57\u7de8\u8f2f\uff0c\u73fe\u70ba\u570b\u5c0f\u8ab2\u6587\u7de8\u5beb\u3001\u516c\u8996\u53f0\u8a9e\u53f0\u5152\u7ae5\u7bc0\u76ee\u53f0\u8a9e\u9867\u554f\u3002<\/p>\n<div>ISBN\uff1a9789864505517<br \/>\n\u51fa\u7248\u793e\uff1a\u4e5d\u6b4c<br \/>\n\u898f\u683c\uff1a\u5e73\u88dd \/ 256\u9801 \/ 14.8 x 21 x 1.5 cm \/ \u666e\u901a\u7d1a \/ \u55ae\u8272\u5370\u5237 \/ \u521d\u7248<br \/>\n\u51fa\u7248\u5730\uff1a\u53f0\u7063<\/div>\n<div><a href=\"http:\/\/class.ruten.com.tw\/user\/index00.php?s=gjtwn\" target=\"_blank\" rel=\"noopener\"><img decoding=\"async\" src=\"https:\/\/www.gjtaiwan.com\/image\/data\/addlpmz19qm7.png\" alt=\"\" \/><\/a><\/div>\n","protected":false},"excerpt":{"rendered":"<p>\u6211\u96a8\u610f\uff0c\u4f60\u76e1\u91cf \u5167\u5bb9\u7c21\u4ecb \u6b63\u6e2f\u53f0\u6587\u7684\u6de1\u6c34\u6563\u6b65 \u63ee\u7051\u9592\u5c45\u5c0f\u93ae\u7684\u5eb6\u6c11\u751f\u6d3b\u98a8\u60c5\u756b\uff0c\u722c\u68b3\u4e0a\u6de1\u6c34\u9019\u500b\u512a\u52dd\u7f8e\u5730\u7684\u904e\u53bb\u548c\u73fe\u5728&#8230;<\/p>\n","protected":false},"featured_media":110434,"comment_status":"closed","ping_status":"closed","template":"","meta":[],"product_brand":[],"product_cat":[2663,6663],"product_tag":[],"class_list":{"0":"post-110427","1":"product","2":"type-product","3":"status-publish","4":"has-post-thumbnail","6":"product_cat-2663","7":"product_cat-6663","9":"first","10":"instock","11":"sale","12":"taxable","13":"shipping-taxable","14":"purchasable","15":"product-type-simple"},"bundled_by":[],"bundle_stock_status":"instock","bundle_stock_quantity":null,"bundle_virtual":false,"bundle_layout":"","bundle_add_to_cart_form_location":"","bundle_editable_in_cart":false,"bundle_sold_individually_context":"","bundle_item_grouping":"","bundle_min_size":"","bundle_max_size":"","bundle_price":[],"bundled_items":[],"bundle_sell_ids":[65786,138697],"_links":{"self":[{"href":"https:\/\/www.gjtaiwan.com\/new\/wp-json\/wp\/v2\/product\/110427","targetHints":{"allow":["GET"]}}],"collection":[{"href":"https:\/\/www.gjtaiwan.com\/new\/wp-json\/wp\/v2\/product"}],"about":[{"href":"https:\/\/www.gjtaiwan.com\/new\/wp-json\/wp\/v2\/types\/product"}],"replies":[{"embeddable":true,"href":"https:\/\/www.gjtaiwan.com\/new\/wp-json\/wp\/v2\/comments?post=110427"}],"wp:featuredmedia":[{"embeddable":true,"href":"https:\/\/www.gjtaiwan.com\/new\/wp-json\/wp\/v2\/media\/110434"}],"wp:attachment":[{"href":"https:\/\/www.gjtaiwan.com\/new\/wp-json\/wp\/v2\/media?parent=110427"}],"wp:term":[{"taxonomy":"product_brand","embeddable":true,"href":"https:\/\/www.gjtaiwan.com\/new\/wp-json\/wp\/v2\/product_brand?post=110427"},{"taxonomy":"product_cat","embeddable":true,"href":"https:\/\/www.gjtaiwan.com\/new\/wp-json\/wp\/v2\/product_cat?post=110427"},{"taxonomy":"product_tag","embeddable":true,"href":"https:\/\/www.gjtaiwan.com\/new\/wp-json\/wp\/v2\/product_tag?post=110427"}],"curies":[{"name":"wp","href":"https:\/\/api.w.org\/{rel}","templated":true}]}}