{"id":111069,"date":"2023-05-12T15:27:59","date_gmt":"2023-05-12T07:27:59","guid":{"rendered":"https:\/\/www.gjtaiwan.com\/new\/?post_type=product&#038;p=111069"},"modified":"2023-05-16T17:31:47","modified_gmt":"2023-05-16T09:31:47","slug":"%e8%87%ba%e7%81%a3%e5%8f%b0%e8%aa%9e%e4%bf%97%e8%ab%ba%e9%ac%bc%e7%a5%9e%e7%b4%80%e4%ba%8b","status":"publish","type":"product","link":"https:\/\/www.gjtaiwan.com\/new\/product\/%e8%87%ba%e7%81%a3%e5%8f%b0%e8%aa%9e%e4%bf%97%e8%ab%ba%e9%ac%bc%e7%a5%9e%e7%b4%80%e4%ba%8b","title":{"rendered":"\u81fa\u7063\u53f0\u8a9e\u4fd7\u8afa\u9b3c\u795e\u7d00\u4e8b"},"content":{"rendered":"<h1><strong>\u81fa\u7063\u53f0\u8a9e\u4fd7\u8afa\u9b3c\u795e\u7d00\u4e8b<\/strong><\/h1>\n<p><a href=\"https:\/\/www.gjtaiwan.com\/new\/wp-content\/uploads\/2023\/05\/0010954901.jpg\"><img loading=\"lazy\" decoding=\"async\" class=\"alignnone size-large wp-image-111070\" src=\"https:\/\/www.gjtaiwan.com\/new\/wp-content\/uploads\/2023\/05\/0010954901-577x800.jpg\" alt=\"\" width=\"577\" height=\"800\" srcset=\"https:\/\/www.gjtaiwan.com\/new\/wp-content\/uploads\/2023\/05\/0010954901-577x800.jpg 577w, https:\/\/www.gjtaiwan.com\/new\/wp-content\/uploads\/2023\/05\/0010954901-289x400.jpg 289w, https:\/\/www.gjtaiwan.com\/new\/wp-content\/uploads\/2023\/05\/0010954901.jpg 768w, https:\/\/www.gjtaiwan.com\/new\/wp-content\/uploads\/2023\/05\/0010954901-600x832.jpg 600w\" sizes=\"auto, (max-width: 577px) 100vw, 577px\" \/><\/a><\/p>\n<p><a href=\"https:\/\/www.gjtaiwan.com\/new\/wp-content\/uploads\/2023\/05\/0010954901_b_01.jpg\"><img loading=\"lazy\" decoding=\"async\" class=\"alignnone size-large wp-image-111071\" src=\"https:\/\/www.gjtaiwan.com\/new\/wp-content\/uploads\/2023\/05\/0010954901_b_01-1119x800.jpg\" alt=\"\" width=\"1020\" height=\"729\" srcset=\"https:\/\/www.gjtaiwan.com\/new\/wp-content\/uploads\/2023\/05\/0010954901_b_01.jpg 1119w, https:\/\/www.gjtaiwan.com\/new\/wp-content\/uploads\/2023\/05\/0010954901_b_01-560x400.jpg 560w, https:\/\/www.gjtaiwan.com\/new\/wp-content\/uploads\/2023\/05\/0010954901_b_01-768x549.jpg 768w, https:\/\/www.gjtaiwan.com\/new\/wp-content\/uploads\/2023\/05\/0010954901_b_01-600x429.jpg 600w\" sizes=\"auto, (max-width: 1020px) 100vw, 1020px\" \/><\/a> <a href=\"https:\/\/www.gjtaiwan.com\/new\/wp-content\/uploads\/2023\/05\/0010954901_b_02.jpg\"><img loading=\"lazy\" decoding=\"async\" class=\"alignnone size-large wp-image-111072\" src=\"https:\/\/www.gjtaiwan.com\/new\/wp-content\/uploads\/2023\/05\/0010954901_b_02-1120x800.jpg\" alt=\"\" width=\"1020\" height=\"729\" srcset=\"https:\/\/www.gjtaiwan.com\/new\/wp-content\/uploads\/2023\/05\/0010954901_b_02.jpg 1120w, https:\/\/www.gjtaiwan.com\/new\/wp-content\/uploads\/2023\/05\/0010954901_b_02-560x400.jpg 560w, https:\/\/www.gjtaiwan.com\/new\/wp-content\/uploads\/2023\/05\/0010954901_b_02-768x548.jpg 768w, https:\/\/www.gjtaiwan.com\/new\/wp-content\/uploads\/2023\/05\/0010954901_b_02-600x429.jpg 600w\" sizes=\"auto, (max-width: 1020px) 100vw, 1020px\" \/><\/a> <a href=\"https:\/\/www.gjtaiwan.com\/new\/wp-content\/uploads\/2023\/05\/0010954901_b_03.jpg\"><img loading=\"lazy\" decoding=\"async\" class=\"alignnone size-large wp-image-111073\" src=\"https:\/\/www.gjtaiwan.com\/new\/wp-content\/uploads\/2023\/05\/0010954901_b_03-1129x800.jpg\" alt=\"\" width=\"1020\" height=\"723\" srcset=\"https:\/\/www.gjtaiwan.com\/new\/wp-content\/uploads\/2023\/05\/0010954901_b_03.jpg 1129w, https:\/\/www.gjtaiwan.com\/new\/wp-content\/uploads\/2023\/05\/0010954901_b_03-564x400.jpg 564w, https:\/\/www.gjtaiwan.com\/new\/wp-content\/uploads\/2023\/05\/0010954901_b_03-768x544.jpg 768w, https:\/\/www.gjtaiwan.com\/new\/wp-content\/uploads\/2023\/05\/0010954901_b_03-600x425.jpg 600w\" sizes=\"auto, (max-width: 1020px) 100vw, 1020px\" \/><\/a> <a href=\"https:\/\/www.gjtaiwan.com\/new\/wp-content\/uploads\/2023\/05\/0010954901_b_04.jpg\"><img loading=\"lazy\" decoding=\"async\" class=\"alignnone size-large wp-image-111074\" src=\"https:\/\/www.gjtaiwan.com\/new\/wp-content\/uploads\/2023\/05\/0010954901_b_04-1126x800.jpg\" alt=\"\" width=\"1020\" height=\"725\" srcset=\"https:\/\/www.gjtaiwan.com\/new\/wp-content\/uploads\/2023\/05\/0010954901_b_04.jpg 1126w, https:\/\/www.gjtaiwan.com\/new\/wp-content\/uploads\/2023\/05\/0010954901_b_04-563x400.jpg 563w, https:\/\/www.gjtaiwan.com\/new\/wp-content\/uploads\/2023\/05\/0010954901_b_04-768x546.jpg 768w, https:\/\/www.gjtaiwan.com\/new\/wp-content\/uploads\/2023\/05\/0010954901_b_04-600x426.jpg 600w\" sizes=\"auto, (max-width: 1020px) 100vw, 1020px\" \/><\/a> <a href=\"https:\/\/www.gjtaiwan.com\/new\/wp-content\/uploads\/2023\/05\/0010954901_b_05.jpg\"><img loading=\"lazy\" decoding=\"async\" class=\"alignnone size-large wp-image-111075\" src=\"https:\/\/www.gjtaiwan.com\/new\/wp-content\/uploads\/2023\/05\/0010954901_b_05-1122x800.jpg\" alt=\"\" width=\"1020\" height=\"727\" srcset=\"https:\/\/www.gjtaiwan.com\/new\/wp-content\/uploads\/2023\/05\/0010954901_b_05.jpg 1122w, https:\/\/www.gjtaiwan.com\/new\/wp-content\/uploads\/2023\/05\/0010954901_b_05-561x400.jpg 561w, https:\/\/www.gjtaiwan.com\/new\/wp-content\/uploads\/2023\/05\/0010954901_b_05-768x548.jpg 768w, https:\/\/www.gjtaiwan.com\/new\/wp-content\/uploads\/2023\/05\/0010954901_b_05-600x428.jpg 600w\" sizes=\"auto, (max-width: 1020px) 100vw, 1020px\" \/><\/a> <a href=\"https:\/\/www.gjtaiwan.com\/new\/wp-content\/uploads\/2023\/05\/0010954901_b_06.jpg\"><img loading=\"lazy\" decoding=\"async\" class=\"alignnone size-large wp-image-111076\" src=\"https:\/\/www.gjtaiwan.com\/new\/wp-content\/uploads\/2023\/05\/0010954901_b_06-1119x800.jpg\" alt=\"\" width=\"1020\" height=\"729\" srcset=\"https:\/\/www.gjtaiwan.com\/new\/wp-content\/uploads\/2023\/05\/0010954901_b_06.jpg 1119w, https:\/\/www.gjtaiwan.com\/new\/wp-content\/uploads\/2023\/05\/0010954901_b_06-559x400.jpg 559w, https:\/\/www.gjtaiwan.com\/new\/wp-content\/uploads\/2023\/05\/0010954901_b_06-768x549.jpg 768w, https:\/\/www.gjtaiwan.com\/new\/wp-content\/uploads\/2023\/05\/0010954901_b_06-600x429.jpg 600w\" sizes=\"auto, (max-width: 1020px) 100vw, 1020px\" \/><\/a> <a href=\"https:\/\/www.gjtaiwan.com\/new\/wp-content\/uploads\/2023\/05\/0010954901_b_09.jpg\"><img loading=\"lazy\" decoding=\"async\" class=\"alignnone size-large wp-image-111077\" src=\"https:\/\/www.gjtaiwan.com\/new\/wp-content\/uploads\/2023\/05\/0010954901_b_09-1121x800.jpg\" alt=\"\" width=\"1020\" height=\"728\" srcset=\"https:\/\/www.gjtaiwan.com\/new\/wp-content\/uploads\/2023\/05\/0010954901_b_09.jpg 1121w, https:\/\/www.gjtaiwan.com\/new\/wp-content\/uploads\/2023\/05\/0010954901_b_09-561x400.jpg 561w, https:\/\/www.gjtaiwan.com\/new\/wp-content\/uploads\/2023\/05\/0010954901_b_09-768x548.jpg 768w, https:\/\/www.gjtaiwan.com\/new\/wp-content\/uploads\/2023\/05\/0010954901_b_09-600x428.jpg 600w\" sizes=\"auto, (max-width: 1020px) 100vw, 1020px\" \/><\/a> <a href=\"https:\/\/www.gjtaiwan.com\/new\/wp-content\/uploads\/2023\/05\/0010954901_bi_01.jpg\"><img loading=\"lazy\" decoding=\"async\" class=\"alignnone size-large wp-image-111078\" src=\"https:\/\/www.gjtaiwan.com\/new\/wp-content\/uploads\/2023\/05\/0010954901_bi_01-1121x800.jpg\" alt=\"\" width=\"1020\" height=\"728\" srcset=\"https:\/\/www.gjtaiwan.com\/new\/wp-content\/uploads\/2023\/05\/0010954901_bi_01.jpg 1121w, https:\/\/www.gjtaiwan.com\/new\/wp-content\/uploads\/2023\/05\/0010954901_bi_01-561x400.jpg 561w, https:\/\/www.gjtaiwan.com\/new\/wp-content\/uploads\/2023\/05\/0010954901_bi_01-768x548.jpg 768w, https:\/\/www.gjtaiwan.com\/new\/wp-content\/uploads\/2023\/05\/0010954901_bi_01-600x428.jpg 600w\" sizes=\"auto, (max-width: 1020px) 100vw, 1020px\" \/><\/a><\/p>\n<h2><strong>\u5167\u5bb9\u7c21\u4ecb<\/strong><\/h2>\n<div class=\"mod_b type02_m057 clearfix\">\n<div class=\"bd\">\n<div class=\"content\">\n<div><strong>\u300c\u7530\u982d\u7530\u5c3e\u571f\u5730\u516c\u300d\u3001\u300c\u9b3c\u4ed4\u6478\u95bb\u7f85\u738b\u5c3b\u5ddd\u300d\u00a0 \u00a0<\/strong><\/div>\n<div><strong>\u00a0\u81fa\u7063\u53f0\u8a9e\u88e1\uff0c\u8a31\u591a\u8afa\u8a9e\u6e90\u81ea\u50b3\u7d71\u6c11\u9593\u4fe1\u4ef0<\/strong><\/div>\n<div><strong>\u60f3\u66f4\u4e86\u89e3\u81fa\u7063\uff0c\u4e0d\u5982\u5c31\u5f9e\u719f\u6089\u7684\u9b3c\u795e\u3001\u65e5\u5e38\u7684\u4fe1\u4ef0<\/strong><\/div>\n<div><strong>\u4f86\u8a8d\u8b58\u5145\u6eff\u9b45\u529b\u7684\u81fa\u7063\u50b3\u7d71\u6587\u5316<\/strong><\/div>\n<div><\/div>\n<div><strong>\u3000\u3000\u25c6\u6c34\u9b3c\u505a\u4e45\u5347\u57ce\u968d\u3002Tsu\u00ed-ku\u00ed ts\u00f2 k\u00fa Sing s\u00eeng-h\u00f4ng.<\/strong><\/div>\n<div>\u3000\u3000\u53f0\u8a9e\u4fd7\u8afa\u7528\u300c\u6c34\u9b3c\u505a\u4e45\u5347\u57ce\u968d\u300d\uff0c\u4f86\u6bd4\u55bb\u4eba\u82e5\u662f\u5b88\u597d\u81ea\u5df1\u7684\u672c\u4efd\u53ca\u5d17\u4f4d\uff0c\u76e1\u529b\u5c07\u4efd\u5167\u4e8b\u52d9\u505a\u597d\uff0c\u6700\u5f8c\u4e5f\u6703\u6709\u5347\u4efb\u7684\u4e00\u65e5\u3002<\/div>\n<div><\/div>\n<div><strong>\u3000\u3000\u25c6\u4eba\u727d\u6bcb\u884c\uff0c\u9b3c\u727d\u6e9c\u6e9c\u8d70\u3002L\u00e2ng khan m\u0304 ki\u00e2nn, ku\u00ed khan li\u00f9-li\u00f9-ki\u00e2nn.<\/strong><\/div>\n<div>\u3000\u3000\u6b64\u53e5\u4fd7\u8afa\u610f\u6307\uff0c\u660e\u660e\u5c31\u6709\u5584\u4eba\u5728\u524d\u5f15\u5c0e\uff0c\u4f46\u6709\u4eba\u5c31\u662f\u504f\u504f\u8981\u8ddf\u8457\u60e1\u4eba\u53bb\u505a\u7f6a\u60e1\u4e4b\u4e8b\uff0c\u9019\u662f\u4eba\u7684\u81ea\u7518\u58ae\u843d\uff01\u4e5f\u5728\u63d0\u9192\u6240\u6709\u4eba\uff0c\u4e0d\u8981\u88ab\u50cf\u300c\u9b3c\u300d\u4e00\u822c\u7684\u300c\u60e1\u4eba\u300d\u6240\u8ff7\u60d1\u4e86\uff01<\/div>\n<div><\/div>\n<div><strong>\u3000\u3000\u25c6\u7530\u982d\u7530\u5c3e\u571f\u5730\u516c\u3002Tsh\u00e2n-th\u00e2u tsh\u00e2n-bu\u00e9 Th\u00f3o-t\u012b-kong.<\/strong><\/div>\n<div>\u3000\u3000\u5728\u81fa\u7063\u6c11\u9593\u4fe1\u4ef0\u4e2d\uff0c\u571f\u5730\u516c\u53ef\u4ee5\u8aaa\u662f\u4fe1\u773e\u6700\u591a\u7684\u795e\u660e\uff0c\u7121\u8ad6\u662f\u9109\u6751\u6216\u90fd\u5e02\uff0c\u5f9e\u5c71\u6797\u5230\u964c\u91ce\uff0c\u5230\u8655\u90fd\u53ef\u4ee5\u770b\u5230\u571f\u5730\u516c\u5edf\u7684\u8e64\u5f71\u3002\u6240\u4ee5\u53f0\u8a9e\u4fd7\u8afa\u8aaa\uff1a\u300c\u7530\u982d\u7530\u5c3e\u571f\u5730\u516c\u300d\uff0c\u5c31\u662f\u5728\u8aaa\u571f\u5730\u516c\u7684\u7121\u6240\u4e0d\u5728\u3002<\/div>\n<div><\/div>\n<div>\u3000\u3000\u81fa\u7063\u95a9\u5357\u8afa\u8a9e\u662f\u6240\u6709\u81fa\u7063\u5148\u6c11\u667a\u6167\u8207\u7d93\u9a57\u7684\u7d50\u6676\uff0c\u9760\u8457\u4e16\u4ee3\u7684\u53e3\u8033\u76f8\u50b3\uff0c\u624d\u80fd\u5920\u5c07\u9019\u4e9b\u81fa\u7063\u95a9\u5357\u8afa\u8a9e\u4fdd\u7559\u81f3\u4eca\u3002\u6211\u5011\u77e5\u9053\uff0c\u8afa\u8a9e\u662f\u6c11\u9593\u6587\u5b78\u7684\u4e00\u90e8\u4efd\uff0c\u662f\u5927\u773e\u7684\u6587\u5b78\uff0c\u662f\u6c11\u773e\u60c5\u611f\u8868\u9054\u7684\u5f62\u5f0f\u4e4b\u4e00\uff0c\u540c\u6642\u4e5f\u662f\u6c11\u773e\u8868\u9054\u77e5\u8b58\u7684\u65b9\u6cd5\u4e4b\u4e00\uff0c\u8afa\u8a9e\u7406\u6240\u7576\u7136\u5730\u6703\u627f\u8f09\u4e86\u6d41\u50b3\u5728\u6c11\u9593\u7684\u5404\u7a2e\u7d93\u9a57\u8207\u89c0\u5ff5\u3002<\/div>\n<div><\/div>\n<div>\u3000\u3000\u800c\u300c\u9b3c\u795e\u4fe1\u4ef0\u300d\u5728\u6c11\u9593\u5b97\u6559\u4e2d\uff0c\u672c\u662f\u626e\u6f14\u5341\u5206\u91cd\u8981\u7684\u89d2\u8272\uff0c\u300c\u9b3c\u795e\u4fe1\u4ef0\u300d\u53ef\u4ee5\u8aaa\u5c31\u662f\u6c11\u9593\u4fe1\u4ef0\u7684\u6839\u672c\uff0c\u6c11\u9593\u5b97\u6559\u7684\u6240\u6709\u89c0\u5ff5\u8207\u5100\u5f0f\u90fd\u662f\u4ee5\u9b3c\u795e\u70ba\u4e3b\u9ad4\u4f86\u9032\u884c\u3002\u672c\u66f8\u6b32\u5c0d\u81fa\u7063\u95a9\u5357\u8afa\u8a9e\u4e2d\u7684\u5b97\u6559\u6587\u5316\u9032\u884c\u8a0e\u8ad6\uff0c\u800c\u5b97\u6559\u6587\u5316\u4e2d\u53c8\u4ee5\u9b3c\u795e\u4fe1\u4ef0\u70ba\u5176\u4e3b\u9ad4\uff0c\u6240\u4ee5\u5167\u5bb9\u4fbf\u4ee5\u300c\u81fa\u7063\u95a9\u5357\u8afa\u8a9e\u7684\u9b3c\u795e\u6587\u5316\u300d\u70ba\u4e3b\u65e8\uff0c\u4f86\u5c0d\u81fa\u7063\u95a9\u5357\u8afa\u8a9e\u4e2d\u7684\u9b3c\u795e\u6587\u5316\u52a0\u4ee5\u95e1\u91cb\u3002<\/div>\n<div><\/div>\n<div>\u3000\u3000\u4f5c\u8005\u738b\u5d07\u61b2\uff1a\u300c\u5e0c\u671b\u85c9\u7531\u9019\u672c\u66f8\uff0c\u8b93\u53f0\u8a9e\u4fd7\u8afa\u8b8a\u6210\u662f\u53ef\u4ee5\u95b1\u8b80\u7684\u6545\u4e8b\uff0c\u6210\u70ba\u53ef\u4ee5\u8cbc\u8fd1\u4eba\u5fc3\uff0c\u8cbc\u8fd1\u60c5\u611f\uff0c\u8cbc\u8fd1\u6211\u5011\u751f\u6d3b\u9031\u906d\u7684\u4e00\u7a2e\u6d3b\u8df3\u8df3\u7684\u8a9e\u8a00\u7d00\u9304\u3002\u300d<\/div>\n<div><\/div>\n<div><strong>\u3000\u3000\u3010\u5167\u5bb9\u8a2d\u8a08\u4eae\u9ede\u3011<\/strong><\/div>\n<div><strong>\u3000\u3000\u2605\u5c08\u696d\u6717\u8b80\u97f3\u6a94<\/strong><\/div>\n<div>\u3000\u3000\u6383\u63cf\u66f8\u4e2dQRcode\uff0c\u5373\u53ef\u8046\u807d\u95a9\u5357\u8a9e\u6559\u5e2b\u539f\u97f3\u6717\u8b80\uff0c\u793a\u7bc4\u5168\u66f8\u4fd7\u8afa\u5ff5\u8aa6\u767c\u97f3\uff0c\u539f\u672c\u807d\u5f97\u9727\u715e\u715e\u7684\u95a9\u8a9e\u4fd7\u8afa\u90fd\u53ef\u4ee5\u807d\u5f97\u4e00\u6e05\u4e8c\u695a\uff0c\u56de\u53bb\u518d\u8ddf\u963f\u516c\u963f\u5b24\u958b\u69d3\u5594<\/div>\n<div><\/div>\n<div><strong>\u3000\u3000\u2605\u83ef\u6587\u8207\u9594\u5357\u6587\u5b57\u96d9\u8a9e\u5c0d\u7167<\/strong><\/div>\n<div>\u3000\u3000\u4f5c\u8005\u5c07\u4fd7\u8afa\u7de8\u6210\u6dfa\u767d\u53c8\u8da3\u5473\u7684\u77ed\u7bc7\u6545\u4e8b\uff0c\u4ee5\u83ef\u6587\u8207\u95a9\u5357\u8a9e\u6587\u5b57\u96d9\u8a9e\u5c0d\u7167\uff0c\u8b93\u8b80\u8005\u6709\u66f4\u8c50\u5bcc\u591a\u5143\u7684\u95b1\u8b80\u9ad4\u9a57\u3002<\/div>\n<div><\/div>\n<div><strong>\u672c\u66f8\u7279\u8272<\/strong><\/div>\n<div><\/div>\n<div>\u3000\u3000\u2605\u4ee5\u53f0\u8a9e\u9b3c\u795e\u4fd7\u8afa\u4ecb\u7d39\u81fa\u7063\u50b3\u7d71\u4fe1\u4ef0\u6587\u5316\u7684\u4e8b\u5178<\/div>\n<div>\u3000\u3000\u2605\u6574\u7406\u73cd\u8cb4\u81fa\u7063\u53f0\u8a9e\u8afa\u8a9e\u8cc7\u6599\u4e26\u8a73\u7d30\u8aaa\u660e\u8a9e\u53e5\u610f\u7fa9\u8207\u6587\u5316\u610f\u6db5<\/div>\n<div>\u3000\u3000\u2605\u4fd7\u8afa\u6545\u4e8b\u63a1\u83ef\u6587\u8207\u53f0\u8a9e\u6587\u96d9\u8a9e\u5c0d\u7167<\/div>\n<div>\u3000\u3000\u2605\u7279\u5225\u9644\u9304QR Code\u884c\u52d5\u5b78\u7fd2\u97f3\u6a94\uff0c\u8b80\u8005\u53ef\u53c3\u7167\u62fc\u97f3\uff0c\u807d\u5b78\u7d14\u6b63\u95a9\u5357\u8a9e\u4fd7\u8afa\u767c\u97f3<\/div>\n<div><\/div>\n<div><strong>\u5404\u754c\u8b9a\u8072\u63a8\u85a6(\u4f9d\u5b57\u9996\u7b46\u756b\u6392\u5e8f)<\/strong><\/div>\n<div><\/div>\n<div>\u3000\u3000\u53f0\u8a9e\u5716\u6587\u5275\u4f5c \u7c89\u7d05\u8272\u5c0f\u5c4b<\/div>\n<div>\u3000\u3000\u6587\u53f2\u5de5\u4f5c\u8005 \u9ec3\u9707\u5357<\/div>\n<div>\u3000\u3000\u53f0\u6587\u4f5c\u5bb6 \u912d\u9806\u8070<\/div>\n<div>\n<p>\u3000\u3000\u53f0\u5e2b\u5927\u53f0\u6587\u7cfb\u526f\u6559\u6388 \u5289\u627f\u8ce2<\/p>\n<div><strong>\u5c08\u5e8f\u63a8\u85a6<\/strong><\/div>\n<div><\/div>\n<div>\u3000\u3000\u570b\u7acb\u4e2d\u5c71\u5927\u5b78\u69ae\u8b7d\u9000\u4f11\u6559\u6388\u00a0 \u6797\u6176\u52f3<\/div>\n<div>\u3000\u3000\u570b\u7acb\u81fa\u5357\u5927\u5b78\u570b\u8a9e\u6587\u5b78\u7cfb\u6559\u6388 \u5f35\u60e0\u8c9e<\/div>\n<div>\u3000\u3000\u570b\u7acb\u81fa\u4e2d\u6559\u80b2\u5927\u5b78\u53f0\u7063\u8a9e\u6587\u5b78\u7cfb\u524d\u7279\u8058\u6559\u6388\u517c\u7cfb\u4e3b\u4efb\u00a0 \u65b9\u8000\u4e7e<\/div>\n<div>\u3000\u3000\u81fa\u4e2d\u5e02\u672c\u571f\u8a9e\u6587\u6307\u5c0e\u54e1\u00a0 \u9ec3\u6587\u4fca<\/div>\n<\/div>\n<div><\/div>\n<div><strong>\u5c08\u696d\u5e8f\u6587\u63a8\u85a6<\/strong><\/div>\n<div><\/div>\n<div>\u3000\u3000\u2605\u300c\u672c\u4eba\u8b80\u4e86\u300a\u81fa\u7063\u53f0\u8a9e\u4fd7\u8afa\u9b3c\u795e\u7d00\u4e8b\u300b\u4e00\u66f8\uff0c\u89ba\u5f97\u4f5c\u8005\u76f8\u7576\u7528\u5fc3\u6539\u7de8\u539f\u59cb\u8ad6\u6587\uff0c\u501f\u4eba\u4eba\u7405\u7405\u4e0a\u53e3\u8afa\u8a9e\u4f7f\u7528\u8207\u5b78\u7fd2\uff0c\u52a0\u5f37\u5c0d\u6bcd\u8a9e\u6587\u5316\u6df1\u5165\u8a8d\u8b58\uff0c\u540c\u6642\u71b1\u611b\u9019\u584a\u571f\u5730\u4ee5\u53ca\u95dc\u61f7\u571f\u5730\u4e0a\u751f\u6d3b\u7684\u6240\u6709\u4eba\uff0c\u9019\u6a23\u7684\u60c5\u64cd\u8207\u7406\u60f3\uff0c\u76f8\u4fe1\u662f\u6211\u5011\u6e21\u6d77\u800c\u4f86\u5148\u6c11\u907a\u50b3\u7d66\u6211\u5011\u7684\u5bf6\u8cb4\u907a\u7522\uff0c\u6211\u5011\u8981\u8b93\u9019\u4efd\u7cbe\u795e\u4ee3\u4ee3\u85aa\u50b3\uff0c\u6c38\u5782\u4e0d\u673d\u3002\u6700\u5f8c\u4e5f\u5bc4\u671b\u4f5c\u8005\u66f4\u52a0\u52aa\u529b\uff0c\u65e5\u5f8c\u80fd\u9678\u7e8c\u51fa\u7248\u985e\u4f3c\u66f8\u7c4d\uff0c\u70ba\u50b3\u905e\u81fa\u7063\u6587\u5316\u76e1\u4e00\u4efd\u5fc3\u529b\u3002\u300d\u2014\u2014\u570b\u7acb\u4e2d\u5c71\u5927\u5b78\u69ae\u8b7d\u9000\u4f11\u6559\u6388\u00a0 \u6797\u6176\u52f3<\/div>\n<div><\/div>\n<div>\u3000\u3000\u2605\u300c\u300a\u81fa\u7063\u53f0\u8a9e\u4fd7\u8afa\u9b3c\u795e\u7d00\u4e8b\u300b\u4e00\u66f8\u5145\u5206\u5448\u73fe\u5148\u6c11\u9b3c\u795e\u4fe1\u4ef0\u7684\u5167\u6db5\u548c\u6587\u5316\u73fe\u8c61\u3002\u300d\u2014\u2014\u570b\u7acb\u81fa\u5357\u5927\u5b78\u570b\u8a9e\u6587\u5b78\u7cfb\u6559\u6388 \u5f35\u60e0\u8c9e<\/div>\n<div><\/div>\n<div>\u3000\u3000\u2605\u300c\u9019\u672c\u518a\u4e5f\u771f\u901a\u4fd7\u517c\u6709\u6545\u4e8b\u6027\u3002\u9664\u4e86\u89e3\u91cb\u4fd7\u8afa\u8a9e\u7684\u610f\u6db5\u4ee5\u5916\uff0c\u5d07\u61b2\u4e5f\u5c07\u5f8c\u9762\u7684\u6545\u4e8b\uff0c\u4e00\u4e2a\u4e00\u4e2a\u7528\u96d9\u8a9e\uff0c\u53f0\u8a9e\u548c\u83ef\u8a9e\u5beb\u51fa\u4f86\u3002\u771f\u6b63\u6709\u5fc3\u3002\u300d\u2014\u2014\u570b\u7acb\u81fa\u4e2d\u6559\u80b2\u5927\u5b78\u53f0\u7063\u8a9e\u6587\u5b78\u7cfb\u524d\u7279\u8058\u6559\u6388\u517c\u7cfb\u4e3b\u4efb\u00a0 \u65b9\u8000\u4e7e<\/div>\n<div><\/div>\n<div>\u3000\u3000\u2605\u300c\u9019\u672c\u300a\u81fa\u7063\u53f0\u8a9e\u4fd7\u8afa\u9b3c\u795e\u8a18\u4e8b\u300b\u8868\u9762\u4e0a\u662f\u54a7\u8b1b\u4f6e\u9b3c\u3001\u795e\u6709\u95dc\u7684\u4fd7\u8afa\u8a9e\uff0c\u5176\u5be6\u662f\u54a7\u8b1b\u54b1\u300c\u4eba\u300d\u4f47\u4e16\u4fd7\u7684\u4eba\u4e16\u9593\u6309\u600e\u751f\u5b58\u7684\u4eba\u751f\u667a\u6167\u3002\u300d\u2014\u2014\u81fa\u4e2d\u5e02\u672c\u571f\u8a9e\u6587\u6307\u5c0e\u54e1\u00a0 \u9ec3\u6587\u4fca<\/div>\n<\/div>\n<\/div>\n<\/div>\n<div class=\"mod_b type02_m057 clearfix\"><a name=\"AuthorP00a400020009\"><\/a><\/div>\n<div>\n<h2><strong>\u4f5c\u8005\u7c21\u4ecb<\/strong><\/h2>\n<div><strong>\u738b\u5d07\u61b2<\/strong><\/div>\n<div><\/div>\n<div>\u3000\u3000\u6c11\u570b62\u5e74\u5728\u9ad8\u96c4\u51fa\u751f\u7684\u53f0\u5357\u4eba\u3002\u81fa\u7063\u5e2b\u7bc4\u5927\u5b78\u570b\u6587\u7cfb\u7562\u696d\u3001\u4e2d\u5c71\u5927\u5b78\u4e2d\u6587\u7814\u7a76\u6240\u78a9\u58eb\u3002<\/div>\n<div>\u3000\u3000\u76ee\u524d\u662f\u570b\u4e2d\u570b\u6587\u3001\u672c\u571f\u8a9e\u6587\u6559\u5e2b\u3002\u64d4\u4efb\u904e\u6559\u52d9\u4e3b\u4efb\u3001\u6559\u80b2\u90e8\u4e2d\u592e\u5718\u672c\u571f\u8a9e\u6587\u7d44\u526f\u7d44\u9577\u3002<\/div>\n<div><\/div>\n<div>\u3000\u3000\u66fe\u5f97\u904e\u6559\u80b2\u90e8\u95a9\u5ba2\u8a9e\u6587\u5b78\u734e\u95a9\u5357\u8a9e\u6559\u5e2b\u7d44\u6563\u6587\u734e\u53ca\u77ed\u7bc7\u5c0f\u8aaa\u734e\u3001A-Khioh Si\u00fann \u963f\u5374\u8cde\u53f0\u6587\u734e\u3001\u9ad8\u96c4\u5e02\u6559\u80b2\u5c40\u81fa\u7063\u5b78\u6559\u5e2b\u7d44\u6563\u6587\u734e\u3002<\/div>\n<div><\/div>\n<div>\u3000\u3000\u7c4c\u5099\u4e26\u5b8c\u6210\u300a\u9ad8\u96c4\u5e02\u672c\u571f\u8a9e\u8a00\u6587\u5b78\u6587\u672c\u5beb\u4f5c\u96c6\u66a8\u6578\u4f4d\u5316\u9304\u97f3\u8a08\u5283\u300b\uff0c\u4e5f\u53c3\u8207\u300a\u9326\u8354\u679d\u7684\u6ecb\u5473\u2014\u53f0\u8a9e\u6587\u5b78\u5ee3\u64ad\u5287\u300b\u64d4\u4efb\u300c\u4fca\u751f\u4ed4\u300d\u7684\u89d2\u8272\u3002<\/div>\n<div><\/div>\n<div>\u3000\u3000\u76ee\u524d\u81f4\u529b\u65bc\u53f0\u8a9e\u3001\u83ef\u8a9e\u96d9\u8a9e\u6559\u5b78\u7684\u5de5\u4f5c\uff0c\u5e0c\u671b\u80fd\u85c9\u7531\u8a9e\u6587\u6559\u5b78\uff0c\u8b93\u4e0b\u4e00\u4ee3\u80fd\u81ea\u5728\u5feb\u6a02\u7684\u50b3\u627f\u81fa\u7063\u9019\u584a\u571f\u5730\u6240\u860a\u80b2\u51fa\u7684\u5404\u7a2e\u7f8e\u9e97\u8a9e\u8a00\u3002<\/div>\n<h1><strong>\u76ee\u9304<\/strong><\/h1>\n<p>\u524d\u8a00<br \/>\n\u51e1\u4f8b<br \/>\n<strong>\u7b2c\u4e00\u7ae0 \u53f0\u8a9e\u4fd7\u8afa\u7684\u6587\u5b78\u6027\u8207\u5b97\u6559\u6027<\/strong><br \/>\n\u4e00\u3001\u4fd7\u8afa\u7684\u5b9a\u7fa9\u53ca\u7279\u6027<br \/>\n\u4e8c\u3001\u53f0\u8a9e\u4fd7\u8afa\u5177\u6587\u5b78\u5b97\u6559\u6027<\/p>\n<p><strong>\u7b2c\u4e8c\u7ae0 \u53f0\u8a9e\u4fd7\u8afa\u7684\u9b3c\u4fe1\u4ef0\u7d00\u4e8b<\/strong><br \/>\n\u4e00\u3001\u81fa\u7063\u6c11\u9593\u7684\u9b3c\u4fe1\u4ef0\u6587\u5316<br \/>\n\u4e8c\u3001\u53f0\u8a9e\u4fd7\u8afa\u4e2d\u7684\u9b3c<br \/>\n\uff08\u4e00\uff09 \u9b3c\u738b<br \/>\n\uff08\u4e8c\uff09 \u5c0f\u9b3c<br \/>\n\uff08\u4e09\uff09 \u6c34\u9b3c<br \/>\n\uff08\u56db\uff09 \u9322\u9b3c<br \/>\n\uff08\u4e94\uff09 \u67b5\u9b3c<br \/>\n\uff08\u516d\uff09 \u6709\u61c9\u516c<br \/>\n\u4e09\u3001\u53f0\u8a9e\u4fd7\u8afa\u4e2d\u7684\u4eba\u9b3c\u95dc\u4fc2<br \/>\n\uff08\u4e00\uff09 \u4eba\u8207\u9b3c\u7684\u95dc\u4fc2<br \/>\n\uff08\u4e8c\uff09 \u9b3c\u4f5c\u795f\u4eba\u9593<\/p>\n<p><strong>\u7b2c\u4e09\u7ae0 \u53f0\u8a9e\u4fd7\u8afa\u7684\u795e\u660e\u4fe1\u4ef0\u7d00\u4e8b<\/strong><br \/>\n\u4e00\u3001\u81fa\u7063\u6c11\u9593\u7684\u795e\u660e\u4fe1\u4ef0\u6587\u5316<br \/>\n\u4e8c\u3001\u53f0\u8a9e\u4fd7\u8afa\u4e2d\u7684\u81ea\u7136\u795e<br \/>\n\uff08\u4e00\uff09 \u96f7\u516c<br \/>\n\uff08\u4e8c\uff09 \u571f\u5730\u516c<br \/>\n\uff08\u4e09\uff09 \u4e09\u754c\u516c<br \/>\n\uff08\u56db\uff09 \u5317\u6597\u5357\u6597<br \/>\n\u4e09\u3001\u53f0\u8a9e\u4fd7\u8afa\u4e2d\u7684\u7269\u795e<br \/>\n\uff08\u4e00\uff09 \u57ce\u968d<br \/>\n\uff08\u4e8c\uff09 \u5e8a\u6bcd<br \/>\n\uff08\u4e09\uff09 \u7076\u541b<br \/>\n\u56db\u3001\u53f0\u8a9e\u4fd7\u8afa\u4e2d\u7684\u9748\u9b42\u795e<br \/>\n\uff08\u4e00\uff09 \u4f5b\u7956<br \/>\n\uff08\u4e8c\uff09 \u7389\u7687\u5927\u5e1d<br \/>\n\uff08\u4e09\uff09 \u8a3b\u751f\u5a18\u5a18<br \/>\n\uff08\u56db\uff09 \u5abd\u7956<br \/>\n\uff08\u4e94\uff09 \u5927\u9053\u516c<br \/>\n\u9644\u9304\uff1a\u672c\u66f8\u53f0\u8a9e\u4fd7\u8afa\u7d22\u5f15\u00a0 \u00a0 \u53c3\u8003\u66f8\u76ee<\/p>\n<p>&nbsp;<\/p>\n<p>ISBN\uff1a9786263298071<br \/>\n\u51fa\u7248\u793e\uff1a\u53f0\u7063\u6771\u8ca9<br \/>\n\u898f\u683c\uff1a\u5e73\u88dd \/ 216\u9801 \/ 14.7 x 21 x 1.3 cm \/ \u666e\u901a\u7d1a \/ \u55ae\u8272\u5370\u5237 \/ \u521d\u7248<br \/>\n\u51fa\u7248\u5730\uff1a\u53f0\u7063<\/p>\n<\/div>\n","protected":false},"excerpt":{"rendered":"<p>\u81fa\u7063\u53f0\u8a9e\u4fd7\u8afa\u9b3c\u795e\u7d00\u4e8b \u5167\u5bb9\u7c21\u4ecb \u300c\u7530\u982d\u7530\u5c3e\u571f\u5730\u516c\u300d\u3001\u300c\u9b3c\u4ed4\u6478\u95bb\u7f85\u738b\u5c3b\u5ddd\u300d\u00a0 \u00a0 \u00a0\u81fa\u7063\u53f0\u8a9e\u88e1\uff0c\u8a31\u591a\u8afa\u8a9e\u6e90\u81ea\u50b3\u7d71&#8230;<\/p>\n","protected":false},"featured_media":111070,"comment_status":"closed","ping_status":"closed","template":"","meta":[],"product_brand":[],"product_cat":[10327,2663,6663],"product_tag":[],"class_list":{"0":"post-111069","1":"product","2":"type-product","3":"status-publish","4":"has-post-thumbnail","6":"product_cat-10327","7":"product_cat-2663","8":"product_cat-6663","10":"first","11":"instock","12":"sale","13":"taxable","14":"shipping-taxable","15":"purchasable","16":"product-type-simple"},"bundled_by":[],"bundle_stock_status":"instock","bundle_stock_quantity":null,"bundle_virtual":false,"bundle_layout":"","bundle_add_to_cart_form_location":"","bundle_editable_in_cart":false,"bundle_sold_individually_context":"","bundle_item_grouping":"","bundle_min_size":"","bundle_max_size":"","bundle_price":[],"bundled_items":[],"bundle_sell_ids":[65786,138697],"_links":{"self":[{"href":"https:\/\/www.gjtaiwan.com\/new\/wp-json\/wp\/v2\/product\/111069","targetHints":{"allow":["GET"]}}],"collection":[{"href":"https:\/\/www.gjtaiwan.com\/new\/wp-json\/wp\/v2\/product"}],"about":[{"href":"https:\/\/www.gjtaiwan.com\/new\/wp-json\/wp\/v2\/types\/product"}],"replies":[{"embeddable":true,"href":"https:\/\/www.gjtaiwan.com\/new\/wp-json\/wp\/v2\/comments?post=111069"}],"wp:featuredmedia":[{"embeddable":true,"href":"https:\/\/www.gjtaiwan.com\/new\/wp-json\/wp\/v2\/media\/111070"}],"wp:attachment":[{"href":"https:\/\/www.gjtaiwan.com\/new\/wp-json\/wp\/v2\/media?parent=111069"}],"wp:term":[{"taxonomy":"product_brand","embeddable":true,"href":"https:\/\/www.gjtaiwan.com\/new\/wp-json\/wp\/v2\/product_brand?post=111069"},{"taxonomy":"product_cat","embeddable":true,"href":"https:\/\/www.gjtaiwan.com\/new\/wp-json\/wp\/v2\/product_cat?post=111069"},{"taxonomy":"product_tag","embeddable":true,"href":"https:\/\/www.gjtaiwan.com\/new\/wp-json\/wp\/v2\/product_tag?post=111069"}],"curies":[{"name":"wp","href":"https:\/\/api.w.org\/{rel}","templated":true}]}}