{"id":111548,"date":"2023-06-14T17:17:57","date_gmt":"2023-06-14T09:17:57","guid":{"rendered":"https:\/\/www.gjtaiwan.com\/new\/?post_type=product&#038;p=111548"},"modified":"2026-01-27T10:34:58","modified_gmt":"2026-01-27T02:34:58","slug":"%e6%8b%89%e5%b0%81%e4%b8%b9%e5%af%93%e8%a8%80%e9%9b%861-%e8%9f%aca-kah%e7%8b%97%e8%9f%bb%e5%8f%b0%e6%b3%95%e9%9b%99%e8%aa%9e%ef%bc%8e%e9%99%84%e5%8f%b0%e8%aa%9e%e6%9c%97%e8%ae%80","status":"publish","type":"product","link":"https:\/\/www.gjtaiwan.com\/new\/product\/%e6%8b%89%e5%b0%81%e4%b8%b9%e5%af%93%e8%a8%80%e9%9b%861-%e8%9f%aca-kah%e7%8b%97%e8%9f%bb%e5%8f%b0%e6%b3%95%e9%9b%99%e8%aa%9e%ef%bc%8e%e9%99%84%e5%8f%b0%e8%aa%9e%e6%9c%97%e8%ae%80","title":{"rendered":"\u62c9\u5c01\u4e39\u5bd3\u8a00\u96c61\uff1a\u87ec\u00e1 kah\u72d7\u87fb\uff08\u53f0\u6cd5\u96d9\u8a9e\uff0e\u9644\u53f0\u8a9e\u6717\u8b80\uff09"},"content":{"rendered":"<h1><strong>\u62c9\u5c01\u4e39\u5bd3\u8a00\u96c61\uff1a\u87ec\u00e1 kah\u72d7\u87fb\uff08\u53f0\u6cd5\u96d9\u8a9e\uff0e\u9644\u53f0\u8a9e\u6717\u8b80\uff09<\/strong><\/h1>\n<p><img loading=\"lazy\" decoding=\"async\" class=\"alignnone size-large wp-image-111555\" src=\"https:\/\/www.gjtaiwan.com\/new\/wp-content\/uploads\/2023\/06\/9786267325117_bc-571x800.jpg\" alt=\"\" width=\"571\" height=\"800\" srcset=\"https:\/\/www.gjtaiwan.com\/new\/wp-content\/uploads\/2023\/06\/9786267325117_bc-571x800.jpg 571w, https:\/\/www.gjtaiwan.com\/new\/wp-content\/uploads\/2023\/06\/9786267325117_bc-286x400.jpg 286w, https:\/\/www.gjtaiwan.com\/new\/wp-content\/uploads\/2023\/06\/9786267325117_bc.jpg 768w, https:\/\/www.gjtaiwan.com\/new\/wp-content\/uploads\/2023\/06\/9786267325117_bc-600x840.jpg 600w\" sizes=\"auto, (max-width: 571px) 100vw, 571px\" \/><\/p>\n<p><img loading=\"lazy\" decoding=\"async\" class=\"alignnone size-large wp-image-111549\" src=\"https:\/\/www.gjtaiwan.com\/new\/wp-content\/uploads\/2023\/06\/9786267325117_b2-571x800.jpg\" alt=\"\" width=\"571\" height=\"800\" srcset=\"https:\/\/www.gjtaiwan.com\/new\/wp-content\/uploads\/2023\/06\/9786267325117_b2-571x800.jpg 571w, https:\/\/www.gjtaiwan.com\/new\/wp-content\/uploads\/2023\/06\/9786267325117_b2-286x400.jpg 286w, https:\/\/www.gjtaiwan.com\/new\/wp-content\/uploads\/2023\/06\/9786267325117_b2.jpg 768w, https:\/\/www.gjtaiwan.com\/new\/wp-content\/uploads\/2023\/06\/9786267325117_b2-600x840.jpg 600w\" sizes=\"auto, (max-width: 571px) 100vw, 571px\" \/><\/p>\n<p><img loading=\"lazy\" decoding=\"async\" class=\"alignnone size-large wp-image-111550\" src=\"https:\/\/www.gjtaiwan.com\/new\/wp-content\/uploads\/2023\/06\/9786267325117_b3-571x800.jpg\" alt=\"\" width=\"571\" height=\"800\" srcset=\"https:\/\/www.gjtaiwan.com\/new\/wp-content\/uploads\/2023\/06\/9786267325117_b3-571x800.jpg 571w, https:\/\/www.gjtaiwan.com\/new\/wp-content\/uploads\/2023\/06\/9786267325117_b3-286x400.jpg 286w, https:\/\/www.gjtaiwan.com\/new\/wp-content\/uploads\/2023\/06\/9786267325117_b3.jpg 768w, https:\/\/www.gjtaiwan.com\/new\/wp-content\/uploads\/2023\/06\/9786267325117_b3-600x840.jpg 600w\" sizes=\"auto, (max-width: 571px) 100vw, 571px\" \/><\/p>\n<p><img loading=\"lazy\" decoding=\"async\" class=\"alignnone size-large wp-image-111551\" src=\"https:\/\/www.gjtaiwan.com\/new\/wp-content\/uploads\/2023\/06\/9786267325117_b4-571x800.jpg\" alt=\"\" width=\"571\" height=\"800\" srcset=\"https:\/\/www.gjtaiwan.com\/new\/wp-content\/uploads\/2023\/06\/9786267325117_b4-571x800.jpg 571w, https:\/\/www.gjtaiwan.com\/new\/wp-content\/uploads\/2023\/06\/9786267325117_b4-286x400.jpg 286w, https:\/\/www.gjtaiwan.com\/new\/wp-content\/uploads\/2023\/06\/9786267325117_b4.jpg 768w, https:\/\/www.gjtaiwan.com\/new\/wp-content\/uploads\/2023\/06\/9786267325117_b4-600x840.jpg 600w\" sizes=\"auto, (max-width: 571px) 100vw, 571px\" \/><\/p>\n<p><img loading=\"lazy\" decoding=\"async\" class=\"alignnone size-large wp-image-111552\" src=\"https:\/\/www.gjtaiwan.com\/new\/wp-content\/uploads\/2023\/06\/9786267325117_b5-571x800.jpg\" alt=\"\" width=\"571\" height=\"800\" srcset=\"https:\/\/www.gjtaiwan.com\/new\/wp-content\/uploads\/2023\/06\/9786267325117_b5-571x800.jpg 571w, https:\/\/www.gjtaiwan.com\/new\/wp-content\/uploads\/2023\/06\/9786267325117_b5-286x400.jpg 286w, https:\/\/www.gjtaiwan.com\/new\/wp-content\/uploads\/2023\/06\/9786267325117_b5.jpg 768w, https:\/\/www.gjtaiwan.com\/new\/wp-content\/uploads\/2023\/06\/9786267325117_b5-600x840.jpg 600w\" sizes=\"auto, (max-width: 571px) 100vw, 571px\" \/><\/p>\n<p><img loading=\"lazy\" decoding=\"async\" class=\"alignnone size-large wp-image-111553\" src=\"https:\/\/www.gjtaiwan.com\/new\/wp-content\/uploads\/2023\/06\/9786267325117_b6-571x800.jpg\" alt=\"\" width=\"571\" height=\"800\" srcset=\"https:\/\/www.gjtaiwan.com\/new\/wp-content\/uploads\/2023\/06\/9786267325117_b6-571x800.jpg 571w, https:\/\/www.gjtaiwan.com\/new\/wp-content\/uploads\/2023\/06\/9786267325117_b6-286x400.jpg 286w, https:\/\/www.gjtaiwan.com\/new\/wp-content\/uploads\/2023\/06\/9786267325117_b6.jpg 768w, https:\/\/www.gjtaiwan.com\/new\/wp-content\/uploads\/2023\/06\/9786267325117_b6-600x840.jpg 600w\" sizes=\"auto, (max-width: 571px) 100vw, 571px\" \/><\/p>\n<p><img loading=\"lazy\" decoding=\"async\" class=\"alignnone size-large wp-image-111554\" src=\"https:\/\/www.gjtaiwan.com\/new\/wp-content\/uploads\/2023\/06\/9786267325117_b7-571x800.jpg\" alt=\"\" width=\"571\" height=\"800\" srcset=\"https:\/\/www.gjtaiwan.com\/new\/wp-content\/uploads\/2023\/06\/9786267325117_b7-571x800.jpg 571w, https:\/\/www.gjtaiwan.com\/new\/wp-content\/uploads\/2023\/06\/9786267325117_b7-286x400.jpg 286w, https:\/\/www.gjtaiwan.com\/new\/wp-content\/uploads\/2023\/06\/9786267325117_b7.jpg 768w, https:\/\/www.gjtaiwan.com\/new\/wp-content\/uploads\/2023\/06\/9786267325117_b7-600x840.jpg 600w\" sizes=\"auto, (max-width: 571px) 100vw, 571px\" \/><\/p>\n<h2><strong>\u5167\u5bb9\u7c21\u4ecb<\/strong><\/h2>\n<p>\u4e16\u754c\u4e09\u5927\u5bd3\u8a00\u8a69\u4e4b\u4e00<br \/>\n\u6cd5\u570b\u8a69\u4eba\u62c9\u5c01\u4e39\u5145\u6eff\u667a\u6167\u54f2\u5b78\u00ea\u6b77\u53f2\u53e4<br \/>\n\u7528\u8da3\u5473\u8a7c\u8ae7\u00ea\u5927\u81ea\u7136\u6bd4\u55bb\uff0c\u601d\u8003\u4eba\u6027kap\u4e16\u4e8b\u00ea\u9053\u7406<br \/>\n\u53f0\u7063\u8a71\u89aa\u5207\u8f49\u5beb\uff0c\u597d\u807d\u8da3\u5473koh\u6709\u5275\u610f<\/p>\n<p>\u300c\u4e16\u754c\u6587\u5b78\u53f0\u8b80\u5c11\u5e74\u96d9\u8a9e\u7cfb\u5217\u300d\u4ee5\u5efa\u7acb\u9752\u5c11\u5e74\u5c0d\u5728\u5730\u4e3b\u9ad4\u00ea\u8a8d\u540c\u4ee5\u53cah\u00f9n\u95ca\u00ea\u4e16\u754c\u89c0\u70ba\u76ee\u6a19\uff0c\u6309\u7b97thai\u9078\u5404\u570b\u4e16\u754c\u540d\u8457\uff0c\u4ee5\u53f0\u6587\u9032\u884c\u5fe0\u65bc\u539f\u5178\u00ea\u7ffb\u8b6f\u8f49\u5beb\uff0c\u6536\u9304\u539f\u6587\u96d9\u8a9e\u51fa\u7248\u3002\u900f\u904e\u53f0\u7063\u8a71\u95b1\u8b80\u7d93\u5178\u6587\u5b78\u00ea\u771f\u9ad3\uff0c\u5f15 tshu\u0101\u8b80\u8005\u8a8dbat\u5404\u570b\u7121\u4edd\u6642\u9593\u3001\u7a7a\u9593\u00ea\u771f\u5be6\u9762\u8154kap\u6587\u5316\u5167\u6db5\u3002<\/p>\n<p>\u300a\u62c9\u5c01\u4e39\u5bd3\u8a00\u96c6\u300b\u662f\u6b77\u53f2\u4e0a\u4e09\u5927\u5bd3\u8a00\u8a69\u4e4b\u4e00\u3002\u4f5c\u8005\u62c9\u5c01\u4e39\u6a5f\u5de7\u904b\u7528\u54b1\u4eba\u5c0d\u52d5\u7269\u00ea\u4e3b\u89c0\u5370\u8c61\uff0c\u8868\u9762\u8f15\u63cf\u6de1\u5beb\u52d5\u7269kah\u81ea\u7136\u754c\u00ea\u65e5\u5e38\u4e16\u4e8b\uff0c\u6bd4\u8ad6\u7121\u4edd\u793e\u6703\u968e\u5c64\u00ea\u4ebain\u81ea\u5927\u81ea\u79c1\u3001\u75df\u8caa\u3001\u76f2\u76ee\u3001\u56fa\u57f7\u7b49\u4eba\u6027\u3002\u8a69\u6b4c\u7b46\u82b1\u8b1b\u6578\u767e\u5e74\u00ea\u6b77\u53f2\u53e4\uff0c\u6709\u3008\u87ec\u00e1 kah\u72d7\u87fb\u3009\u3001\u3008\u72d0\u72f8kah\u9db4\u3009\u7b4922\u7bc7\u52d5\u7269\u6545\u4e8b\uff0c\u98fd\u6ec7\u00ea\u5275\u610fkap\u8da3\u5473\u00ea\u601d\u8003\uff0c\u5927\u4eba\u56e1\u4ed4\u6703\u6709\u591a\u6a23\u00ea\u9818\u6703\u3002<\/p>\n<p>\u3010\u51fa\u7248\u8d0a\u52a9\u3011<br \/>\n\u5929\u6bcd\u6276\u8f2a\u793e\u3001\u5317\u5340\u6276\u8f2a\u793e\u3001\u660e\u5fb7\u6276\u8f2a\u793e<br \/>\n\u81f3\u5584\u6276\u8f2a\u793e\u3001\u5929\u548c\u6276\u8f2a\u793e\u3001\u5929\u6b23\u6276\u8f2a\u793e<\/p>\n<p>\u672c\u518a\u7279\u8272<\/p>\n<p>1. \u4e16\u754c\u6587\u5b78\u7d93\u5178\u300c\u62c9\u5c01\u4e39\u5bd3\u8a00\u96c6\u300d\u9996\u5ea6\u53f0\u6cd5\u76f4\u8b6f\uff0c\u4e16\u754c\u6b77\u53f2\u4e09\u5927\u5bd3\u8a00\u8a69\u4e4b\u4e00\uff0c\u900f\u904e\u53f0\u8a9e\u8868\u73fe\u62c9\u5c01\u4e39\u8b1b\u53e4\u00ea\u6c23\u53e3kap\u667a\u6167\u3002<br \/>\n2. \u9644\u53f0\u8a9e\u6709\u8072\u6717\u8b80QRcode\uff0c\u914d\u5408\u6545\u4e8b\u60c5\u5883\u00ea\u7cbe\u5f69\u914d\u6a02\uff0c\u95b1\u8b80\u5c0d\u7167\u7121\u8ca0\u64d4\uff0c\u53f0\u6cd5\u5b78\u7fd2\u771f\u5229\u4fbf\u3002<br \/>\n3. \u7cbe\u5f69\u63d2\u5716\u8868\u73fe22\u7bc7\u7d93\u5178\u5bd3\u8a00\u6545\u4e8b\u60c5\u7bc0\u3001\u786c\u7cbe\u88dd\u5178\u85cf\u3002<\/p>\n<p>\u540d\u5bb6\u63a8\u85a6<\/p>\n<p>\u694a\u5a49\u5100\u3000\u570b\u7acb\u4e2d\u5c71\u5927\u5b78\u54f2\u5b78\u7814\u7a76\u6240\u6559\u6388\u517c\u6240\u9577<br \/>\n\u6f58\u6021\u5e06\u3000\u6771\u6d77\u5927\u5b78\u54f2\u5b78\u7cfb\u526f\u6559\u6388<br \/>\n\u9b4f\u8070\u6d32\u3000\u6cd5\u570b\u793e\u6703\u79d1\u5b78\u9ad8\u7b49\u5b78\u9662\u6b77\u53f2\u8207\u6587\u660e\u535a\u58eb<br \/>\n\u9d5c\u6238\u8061\u3000\u660e\u6cbb\u5927\u5b66\u56fd\u969b\u65e5\u672c\u5b66\u90e8\u526f\u6559\u6388<br \/>\n\u95dc\u9996\u5947\u3000\u6cd5\u570b\u91cc\u6602\u7b2c\u4e09\u5927\u5b78\u4e2d\u570b\u6587\u5b78\u8a9e\u8a00\u5b78\u7cfb\u526f\u6559\u6388\u517c\u4e3b\u4efb<\/p>\n<p>\u6797\u8c6a\u68ee\u7528khue-h\u00e2i\u3001\u5fc3\u9069\u00ea\u5b57\u76eeh\u014d tsit\u672c\u5341\u4e03\u4e16\u7d00\u00ea\u6cd5\u570b\u6587\u5b78\u7d93\u5178\u65b0\u00ea\u6027\u547d\uff0cm\u0101\u5448\u73fe\u53f0\u8a9e\u00ea\u65b0\u5275\uff0c\u662f\u6b63\u626ekoh\u8de8\u6642\u4ee3 \u00ea\u6587\u5b78\u8a9e\u8a00\u3002\u795d\u798ftsit\u672c\u518a\uff01\u2500\u2500\u95dc\u9996\u5947\uff08\u6cd5\u570b\u91cc\u6602\u7b2c\u4e09\u5927\u5b78\u4e2d\u570b\u6587\u5b78\u8a9e\u8a00\u5b78\u7cfb\u526f\u6559\u6388\u517c\u4e3b\u4efb\uff09<\/p>\n<p>Chit p\u00fan g\u016b-gi\u00e2n chi\u030dp \u0113 thang o\u00e2n-s\u00eang T\u00e2i-g\u00ed hoan-e\u030dk kap chhut-p\u00e1n, l\u00e1n \u016b-i\u00e1\u207f chin hoa\u207f-h\u00ed. Go\u00e2n-b\u00fbn s\u012b si\u00e1 ch\u00f2e si-k\u00f9 \u00ea h\u00eang-sek, che ho\u0358\u0304 l\u00e1n leh hoan-e\u030dk \u00ea s\u00ee ke-thi\u207f b\u014de-chi\u00f3 kh\u00f9n-l\u00e2n. Ka-ch\u00e0i, i\u0101 ch\u00e8ng-l\u00e2ng \u00ea kian-sim kap h\u00f9-chhut chit \u00ea s\u016b-kang \u0113-t\u00e0ng k\u00f2e-pe\u030dh.<\/p>\n<p>Chit kho\u00e1n g\u016b-gi\u00e2n ko\u0358\u0301, tha\u030dk tio\u030dh m\u0304-n\u0101 ho\u0358\u0304 l\u00e1n exotic \u00ea sim-sek kh\u00f9i, koh ho\u0358\u0304 l\u00e1n \u00e0n chiah-\u00ea ko\u0358\u0300-s\u016b nih thang ke-ki\u00e1m l\u00ed-k\u00e1i, th\u00e9-h\u014de in se-hng l\u00e2ng kh\u00f2a\u207f-th\u0101i j\u00een-ch\u00eang s\u00e8-s\u016b \u00ea chi\u030dt k\u00f3a th\u00e0i-to\u0358\u0304 kap chh\u00fa-l\u00ed \u00ea l\u00ed-lo\u0358\u0304, i\u0101 tio\u030dh s\u012b tui-ki\u00fb b\u012bn-t\u00f9i j\u00een-seng \u00ea l\u00ed-s\u00e8ng kap t\u00ec-h\u016bi. Chit ti\u00e1m ke\u030dk \u016b k\u00e8-ta\u030dt. \u2500\u2500\u6797\u88d5\u51f1\uff08\u771f\u7406\u5927\u5b78\u53f0\u7063\u6587\u5b78\u7cfb\u52a9\u7406\u6559\u6388\u3001\u53f0\u8a9e\u8a69\u4eba\u3001\u6b4c\u4ed4\u518a\u4f5c\u5bb6\u3001\u672c\u518a\u6f64\u7a3f\u8005\uff09<\/p>\n<h2><strong>\u4f5c\u8005\u7c21\u4ecb<\/strong><\/h2>\n<p>\u7de8\u8005\u7c21\u4ecb<\/p>\n<p>\u8a08\u756b\u4e3b\u7de8\u3001\u53f0\u6587\u8b6f\u8005\uff5c\u9673\u9e97\u541b T\u00e2n L \u0113-kun<\/p>\n<p>\u570b\u7acb\u6210\u529f\u5927\u5b78\u53f0\u7063\u6587\u5b78\u7cfb\u6559\u6388\u3002\u65b0\u71df\u4eba\u3002\u5c08\u9577\u9818\u57df\u662f\u53f0\u7063\u539f\u4f4f\u6c11\u3001\u65b0\u4f4f\u6c11\u3001\u53f0\u8a9e\u65cf\u7fa4\u7b49\u8de8\u65cf\u7fa4\u3001\u8a9e\u8a00\u7684\u793e\u6703\u8a9e\u8a00\u5b78\u73fe\u8c61kap \u6559\u80b2\u653f\u7b56\u7814\u7a76\u3002\u7de8\u8457\u300a\u53f0\u8a9eABC \u771f\u8da3\u5473\u300b\u3001\u300a\u53f0\u8a9e\u62cd\u901a\u95dc\u300b\u3001\u300a\u4e9e\u6d32\u5a5a\u59fb\u79fb\u6c11\u5973\u6027\u300b\u3001\u300a\u65b0\u79fb\u6c11\u3001\u5973\u6027\u3001\u6bcd\u8a9e\u00ea \u793e\u6703\u8a9e\u8a00\u5b78\u300b\u7b49\u5c08\u66f8\u3002<\/p>\n<p>\u7e6a\u8005\u7c21\u4ecb<\/p>\n<p>\u63d2\u756b\uff5c\u5433\u96c5\u6021 Asta Wu Ng\u00f4o Ng\u00e1-\u00ee<\/p>\n<p>\u73fe\u6b64\u6642\u662f\u5c08\u8077\u00ea\u63d2\u756b\u5bb6\uff0c\u756b\u63d2\u5716\u3001\u756b\u7e6a\u672cm\u0101\u756b\u5716\u50cf\u5c0f\u8aaa\uff0c\u5556\u8a66\u5404\u7a2e\u5275\u4f5c\u00ea\u65b9\u5f0f\uff0c\u76ee\u524dtng-leh\u5f80\u5beb\u6545\u4e8b\u00ea\u65b9\u5411\u4f10\u9032\u3002\u4f6e\u610f\u795e\u8a71\u3001\u6c11\u4fd7\u50b3\u8aaakah\u8c93\u54aa\uff0c\u4e0a\u611bt\u012b\u4f5c\u54c1\u5167\u5e95\u85cf\u5c0f\u52d5\u7269kah ts\u0113-ts\u0113 \u7121\u4edd\u6b3e\u5f0f\u00ea\u5f69\u5375\u3002\uff08astawu.com\u3000IG\uff1aAsta Wu\uff09<\/p>\n<p>\u7f8e\u8853\u7de8\u8f2f\uff5c\u5433\u8283\u6b23 Ng\u00f4o H\u00f4ng-him<\/p>\n<p>\u570b\u7acb\u53f0\u7063\u85dd\u8853\u5927\u5b78\u8996\u89ba\u50b3\u9054\u8a2d\u8a08\u5b78\u7cfb\u7562\u696d\uff0c\u4f0a\u8d70\u8df3t\u012b\u8a2d\u8a08\u3001\u624b\u5de5\u85dd\u3001\u54c1\u724c\u7d93\u71df\u00ea\u76f8\u95dc\u7522\u696d\uff0c\u53ea\u8981\u662f\u8a2d\u8a08\u650f\u662f\u4f0a\u00ea\u5c08\u9580kah\u8208\u8da3\u3002\u6bcb\u7ba1\u975c\u614b\u00ea \u5e73\u9762\u3001\u7acb\u9ad4iah-s\u012b\u8cc7\u8a0a\u5f71\u97f3\u00ea \u52d5\u614b\u591a\u5143\u7d20\u6750\uff0cl\u00f3ng\u5c08\u5fc3\u6295\u5165\u62cd\u62da\u3002<\/p>\n<p>\u6717\u8b80\u8005\u7c21\u4ecb<\/p>\n<p>\u6709\u8072\u6717\u8b80\uff5c\u9ec3\u85b0\u8abc N\u0302g Hun-g\u012b<\/p>\n<p>\u6210\u5927\u53f0\u6587\u7cfb\u4e00\u5e74\u00e1 \u00ea \u5b78\u751f\uff0c\u81ea\u51fa\u4e16\u5c31\u662f\u539d&#8211;\u88e1\u300c\u962e\u515c\u8b1b\u53f0\u8a9e\u300d\u00ea \u5be6\u9a57\u54c1\uff0ctsit-m\u00e1 m\u0101 \u7e7c\u7e8cleh\u5b78\u53f0\u8a9e\u3002<\/p>\n<p>\u6709\u8072\u6717\u8b80\uff5c\u5433\u5b9c\u73ca Ng\u00f4o G\u00ee-san<\/p>\n<p>\u4eca\u5e74\u8b80\u6210\u5927\u53f0\u6587\u7cfb\u4e8c\u5e74\u4ed4\uff0ckah-\u00ec \u770b\u5c0f\u8aaa\uff0c\u6709\u7576\u6642\u561b\u63d0\u7b46\u5275\u4f5c\uff0c\u662f\u4e00\u00ea\u5c0a\u656c\u6587\u5b78kap\u60f3\u6b32\u548c\u6587\u5b78\u8ac7\u6200\u611b\u7684\u5927\u5b78\u751f\u3002<\/p>\n<p>\u6709\u8072\u6717\u8b80\uff5c\u674e\u5efa\u7a4e L\u00ed Ki\u00e0n-\u00edng<\/p>\n<p>\u53f0\u5357\u4eba\uff0c\u76ee\u524d\u8b80\u53f0\u5357\u4e00\u4e2d\uff0c\u81ea\u7d30\u6f22\u5c31\u958b\u59cb\u8a13\u7df4\u53f0\u8a9e\u6717\u8b80\u4f6e\u5b57\u97f3\u5b57\u5f62\uff0c\u634c\u8457\u5168\u570b\u8a9e\u6587\u7af6\u8cfd\u53f0\u8a9e\u5b57\u97f3\u5b57\u5f62\u570b\u4e2d\u3001\u570b\u5c0f\u7d44\u982d\u540d\uff0c\u9ad8\u4e2d\u7d44\u7279\u512a\u3002<\/p>\n<p>\u8b6f\u8005\u7c21\u4ecb<\/p>\n<p>\u53f0\u6587\u7ffb\u8b6f\uff5c\u6797\u8c6a\u68ee L\u00eem H\u00f4-sim<\/p>\n<p>\u9032\u524dt\u012b\u6cd5\u570b\u8b80\u518a\uff0c\u9019\u99act\u012b\u6cd5\u6587\u7cfb\u6559\u518a\uff1b\u540c\u9f4a\u6642m\u0101\u662f\u6210\u529f\u5927\u5b78\u53f0\u7063\u6587\u5b78\u7cfb\u535a\u58eb\u5019\u9078\u4eba\u3002\u9010\u5de5leh\u505a\u53f0\u7063\u8a71kah\u6cd5\u6587\u00ea\u7ffb\u8b6f\u3002<\/p>\n<p>\u53f0\u6587\u6f64\u7a3f\uff5c\u6797\u88d5\u51f1 L\u00eem J\u016b-kh\u00e1i<\/p>\n<p>\u016a t\u00f2e tio\u030dh T\u00e2i-b\u00fbn \u016bn-t\u014dng \u00ea me\u030dh-t\u014dng, \u00e0n 1991 n\u00ee khai-s\u00ed o\u030dh si\u00e1 T\u00e2i-g\u00ed b\u00fbn k\u00e0u ta\u207f. Bu\u030dt-l\u00ed phok-s\u016b p\u00ec\u207f ch\u00f2e T\u00e2i-b\u00fbn l\u0101u-su. Chiok \u00e0i kap l\u00e2ng th\u00e0m-th\u00f3 T\u00e2i-g\u00ed b\u00fbn chh\u00f2ng-chok su-si\u00e1 \u00ea li-li-khok-khok \u00ea b\u016bn-t\u00f4e. Ch\u00f2e-k\u016bn, \u00e0n 2020 k\u00e0u 2022 kap l\u00e2ng ha\u030dp-chok chhut-p\u00e1n 3 p\u00fan T\u00e2i-o\u00e2n b\u00fbn-ha\u030dk ko\u00e1n k\u00e8-\u014de ho\u0358\u0304 g\u00edn-\u00e1 l\u00e2ng tha\u030dk kh\u00f2a\u207f \u00ea h\u014de-p\u00fan ko\u0358\u0300-s\u016b chheh.<\/p>\n<p>\u53f0\u6587\u6f64\u7a3f\uff5c\u90b1\u5049\u6b23 Khu \u00dai-him<\/p>\n<p>T\u012b\u5fb7\u570b\u63d0\u8457\u751f\u7269\u5b78\u535a\u58eb\uff0cm\u0101 t\u012b\u5927\u5b78\u00ea\u751f\u547d\u79d1\u5b78\u7cfb\u6559\u904e\u5e7e\u51ac\uff0cchit-m\u00e1 koh \u8d70\u4f86\u6210\u529f\u5927\u5b78\u53f0\u7063\u6587\u5b78\u7cfb\u8b80\u535a\u58eb\u73ed\uff1b\u63a8\u5ee3\u53f0\u8a9e\u00ea\u79d1\u666e\u66f8\u5beb\uff0c\u505a\u6587\u5b78\u00ea\u4e8b\u5de5\uff0cm\u0101\u517c\u505a\u8a9e\u8a00\u5b78\u7814\u7a76\u3002<\/p>\n<p>\u53f0\u6587\u6821\u5c0d\u3001\u6717\u8b80\u6307\u5c0e\uff5c\u8b1d\u60e0\u8c9e Tsi\u0101 Hu\u012b-tsing<\/p>\n<p>\u53f0\u5357\u4eba\uff0ct\u012b\u570b\u5c0f\u6559\u53f0\u8a9e\uff0c\u5411\u671b\u900f\u904e\u6559\u5b78\u6703\u7576h\u014do l\u00e1n \u00ea\u56e1\u00e1\u611b\u8b1b\u53f0\u8a9e\uff0ch\u014do \u53f0\u8a9e\u7e7c\u7e8c\u6d41\u50b3&#8211;\u843d\u53bb\u3002<\/p>\n<p>\u6cd5\u6587\u6821\u5c0d\uff5c\u5eb7\u5919\u5982 Khng Siok-j\u00fb<\/p>\n<p>T\u012b\u6587\u85fb\u5916\u8a9e\u5927\u5b78\u6cd5\u6587\u7cfb\u6559\u518a\u00ea \u526f\u6559\u6388\u3002<\/p>\n<h2><strong>\u76ee\u9304<\/strong><\/h2>\n<p>\u5e8f\u4e00 \u4e16\u4e8b\u7121\u5947<br \/>\n\u5e8f\u4e8c \u8d77\u9020\u53f0\u6587\u4e4b\u8def \u6c38\u7e8c\u53f0\u7063\u547d\u6839<br \/>\n\u5e8f\u4e09 Khi\u0101 \u53f0\u7063\uff0c\u770b\u4e16\u754c\uff01<\/p>\n<p>\u87ec\u00e1 kah\u72d7\u87fb<br \/>\n\u70cf\u9d09kah\u72d0\u72f8<br \/>\n\u7530\u86e4\u00e1\u60f3beh\u8b8a\u505a\u725bhiah\u5927<br \/>\n\u5169\u96bb\u9a3e\u00e1<br \/>\n\u72fckah\u72d7<br \/>\n\u725b\u6bcd\u3001\u5c71\u7f8a\u6bcd\u3001\u7dbf\u7f8a\u6bcdkah\u7345\u00e1 tu\u00e0\u505a\u4f19<br \/>\n\u5305\u88b1\u00e1<br \/>\n\u71d5\u00e1 kah\u9ce5\u00e1<br \/>\n\u57ce\u5e02\u9ce5\u9f20kah\u5e84\u8de4\u9ce5\u9f20<br \/>\n\u72fckah\u7f8a\u00e1\u56dd<br \/>\n\u4ebakah\u4f0a\u00ea\u5f71<br \/>\nTs\u0113\u982d\u00ea\u9f8dkah ts\u0113\u5c3e\u00ea\u9f8d<br \/>\n\u8cca\u00e1 kah\u9a62\u00e1<br \/>\n\u773e\u795e\u4fdd\u8b77\u00ea Simonide<br \/>\n\u6b7b\u795ekah\u6563\u51f6\u4eba<br \/>\n\u6b7b\u795ekah tsh\u00f2\u67f4&#8211;\u00ea<br \/>\nT\u012b\u5169\u6b3e\u6b72\u982d\u00ea\u67e5\u67d0\u4e4b\u9593\u00ea\u67e5\u57d4\u4eba<br \/>\n\u72d0\u72f8kah\u9db4<br \/>\n\u56e1\u00e1 kah\u5b78\u6821\u8001\u5e2b<br \/>\n\u96de\u516ckah\u771f\u73e0<br \/>\n\u725b\u8702kah\u871c\u8702<br \/>\n\u6a61\u6a39kah\u8606\u7af9<\/p>\n<p>La Cigale et la Fourmi<br \/>\nLe Corbeau et le Renard<br \/>\nLa Grenouille qui veut se faire aussi grosse que<br \/>\nle B\u0153uf<br \/>\nLes deux Mulets<br \/>\nLe Loup et le Chien<br \/>\nLa G\u00e9nisse, la Ch\u00e8vre et la Brebis, en soci\u00e9t\u00e9 avec le Lion<br \/>\nLa Besace<br \/>\nL\u2019Hirondelle et les petits Oiseaux<br \/>\nLe Rat de ville et le Rat des champs<br \/>\nLe Loup et l\u2019Agneau<br \/>\nL\u2019Homme et son Image<br \/>\nLe Dragon \u00e0 plusieurs t\u00eates et le Dragon \u00e0 plusieurs queues<br \/>\nLes Voleurs et l\u2019\u00c2ne<br \/>\nSimonide pr\u00e9serv\u00e9 par les Dieux<br \/>\nLa Mort et le Malheureux<br \/>\nLa Mort et le B\u00fbcheron<br \/>\nL\u2019Homme entre deux \u00e2ges et ses deux Ma\u00eetresses<br \/>\nLe Renard et la Cigogne<br \/>\nL\u2019Enfant et le Ma\u00eetre d\u2019\u00e9cole<br \/>\nLe Coq et la Perle<br \/>\nLes Frelons et les Mouches \u00e0 miel<br \/>\nLe Ch\u00eane et le Roseau<\/p>\n<p>ISBN\uff1a9786267325117<br \/>\n\u51fa\u7248\u793e\uff1a\u524d\u885b<br \/>\n\u898f\u683c\uff1a\u7cbe\u88dd \/ 120\u9801 \/ 15 x 21 x 1.68 cm \/ \u666e\u901a\u7d1a \/ \u90e8\u4efd\u5168\u5f69 \/ \u521d\u7248<br \/>\n\u51fa\u7248\u5730\uff1a\u53f0\u7063<\/p>\n","protected":false},"excerpt":{"rendered":"<p>\u62c9\u5c01\u4e39\u5bd3\u8a00\u96c61\uff1a\u87ec\u00e1 kah\u72d7\u87fb\uff08\u53f0\u6cd5\u96d9\u8a9e\uff0e\u9644\u53f0\u8a9e\u6717\u8b80\uff09 \u5167\u5bb9\u7c21\u4ecb \u4e16\u754c\u4e09\u5927\u5bd3\u8a00\u8a69\u4e4b\u4e00 \u6cd5\u570b\u8a69\u4eba\u62c9\u5c01\u4e39\u5145\u6eff\u667a\u6167&#8230;<\/p>\n","protected":false},"featured_media":111555,"comment_status":"closed","ping_status":"closed","template":"","meta":[],"product_brand":[],"product_cat":[2819,2663,3183],"product_tag":[],"class_list":{"0":"post-111548","1":"product","2":"type-product","3":"status-publish","4":"has-post-thumbnail","6":"product_cat-2819","7":"product_cat-2663","8":"product_cat-3183","10":"first","11":"instock","12":"sale","13":"taxable","14":"shipping-taxable","15":"purchasable","16":"product-type-simple"},"bundled_by":[],"bundle_stock_status":"instock","bundle_stock_quantity":null,"bundle_virtual":false,"bundle_layout":"","bundle_add_to_cart_form_location":"","bundle_editable_in_cart":false,"bundle_sold_individually_context":"","bundle_item_grouping":"","bundle_min_size":"","bundle_max_size":"","bundle_price":[],"bundled_items":[],"bundle_sell_ids":[65786,138697],"_links":{"self":[{"href":"https:\/\/www.gjtaiwan.com\/new\/wp-json\/wp\/v2\/product\/111548","targetHints":{"allow":["GET"]}}],"collection":[{"href":"https:\/\/www.gjtaiwan.com\/new\/wp-json\/wp\/v2\/product"}],"about":[{"href":"https:\/\/www.gjtaiwan.com\/new\/wp-json\/wp\/v2\/types\/product"}],"replies":[{"embeddable":true,"href":"https:\/\/www.gjtaiwan.com\/new\/wp-json\/wp\/v2\/comments?post=111548"}],"wp:featuredmedia":[{"embeddable":true,"href":"https:\/\/www.gjtaiwan.com\/new\/wp-json\/wp\/v2\/media\/111555"}],"wp:attachment":[{"href":"https:\/\/www.gjtaiwan.com\/new\/wp-json\/wp\/v2\/media?parent=111548"}],"wp:term":[{"taxonomy":"product_brand","embeddable":true,"href":"https:\/\/www.gjtaiwan.com\/new\/wp-json\/wp\/v2\/product_brand?post=111548"},{"taxonomy":"product_cat","embeddable":true,"href":"https:\/\/www.gjtaiwan.com\/new\/wp-json\/wp\/v2\/product_cat?post=111548"},{"taxonomy":"product_tag","embeddable":true,"href":"https:\/\/www.gjtaiwan.com\/new\/wp-json\/wp\/v2\/product_tag?post=111548"}],"curies":[{"name":"wp","href":"https:\/\/api.w.org\/{rel}","templated":true}]}}