{"id":112370,"date":"2023-07-24T15:01:18","date_gmt":"2023-07-24T07:01:18","guid":{"rendered":"https:\/\/www.gjtaiwan.com\/new\/?post_type=product&#038;p=112370"},"modified":"2026-01-27T10:22:00","modified_gmt":"2026-01-27T02:22:00","slug":"%e5%8f%b0%e5%91%b3%e9%a3%84%e6%92%87-%e9%a3%9f%e5%a5%bd%e6%96%99%e7%9a%84%e6%89%80%e5%9c%a8","status":"publish","type":"product","link":"https:\/\/www.gjtaiwan.com\/new\/product\/%e5%8f%b0%e5%91%b3%e9%a3%84%e6%92%87-%e9%a3%9f%e5%a5%bd%e6%96%99%e7%9a%84%e6%89%80%e5%9c%a8","title":{"rendered":"\u53f0\u5473\u98c4\u6487\uff1a\u98df\u597d\u6599\u7684\u6240\u5728"},"content":{"rendered":"<h1><strong>\u53f0\u5473\u98c4\u6487\uff1a\u98df\u597d\u6599\u7684\u6240\u5728<\/strong><\/h1>\n<p><img loading=\"lazy\" decoding=\"async\" class=\"alignnone size-large wp-image-112371\" src=\"https:\/\/www.gjtaiwan.com\/new\/wp-content\/uploads\/2023\/07\/0010962848-563x800.jpg\" alt=\"\" width=\"563\" height=\"800\" srcset=\"https:\/\/www.gjtaiwan.com\/new\/wp-content\/uploads\/2023\/07\/0010962848-563x800.jpg 563w, https:\/\/www.gjtaiwan.com\/new\/wp-content\/uploads\/2023\/07\/0010962848-282x400.jpg 282w, https:\/\/www.gjtaiwan.com\/new\/wp-content\/uploads\/2023\/07\/0010962848-768x1091.jpg 768w, https:\/\/www.gjtaiwan.com\/new\/wp-content\/uploads\/2023\/07\/0010962848-600x853.jpg 600w, https:\/\/www.gjtaiwan.com\/new\/wp-content\/uploads\/2023\/07\/0010962848.jpg 986w\" sizes=\"auto, (max-width: 563px) 100vw, 563px\" \/><\/p>\n<p><img loading=\"lazy\" decoding=\"async\" class=\"alignnone size-full wp-image-112378\" src=\"https:\/\/www.gjtaiwan.com\/new\/wp-content\/uploads\/2023\/07\/0010962848_b_08.jpg\" alt=\"\" width=\"1000\" height=\"709\" srcset=\"https:\/\/www.gjtaiwan.com\/new\/wp-content\/uploads\/2023\/07\/0010962848_b_08.jpg 768w, https:\/\/www.gjtaiwan.com\/new\/wp-content\/uploads\/2023\/07\/0010962848_b_08-564x400.jpg 564w, https:\/\/www.gjtaiwan.com\/new\/wp-content\/uploads\/2023\/07\/0010962848_b_08-600x425.jpg 600w\" sizes=\"auto, (max-width: 1000px) 100vw, 1000px\" \/><\/p>\n<p><img loading=\"lazy\" decoding=\"async\" class=\"alignnone size-full wp-image-112373\" src=\"https:\/\/www.gjtaiwan.com\/new\/wp-content\/uploads\/2023\/07\/0010962848_b_03.jpg\" alt=\"\" width=\"1000\" height=\"709\" srcset=\"https:\/\/www.gjtaiwan.com\/new\/wp-content\/uploads\/2023\/07\/0010962848_b_03.jpg 768w, https:\/\/www.gjtaiwan.com\/new\/wp-content\/uploads\/2023\/07\/0010962848_b_03-564x400.jpg 564w, https:\/\/www.gjtaiwan.com\/new\/wp-content\/uploads\/2023\/07\/0010962848_b_03-600x425.jpg 600w\" sizes=\"auto, (max-width: 1000px) 100vw, 1000px\" \/><\/p>\n<p><img loading=\"lazy\" decoding=\"async\" class=\"alignnone size-full wp-image-112374\" src=\"https:\/\/www.gjtaiwan.com\/new\/wp-content\/uploads\/2023\/07\/0010962848_b_04.jpg\" alt=\"\" width=\"1000\" height=\"709\" srcset=\"https:\/\/www.gjtaiwan.com\/new\/wp-content\/uploads\/2023\/07\/0010962848_b_04.jpg 768w, https:\/\/www.gjtaiwan.com\/new\/wp-content\/uploads\/2023\/07\/0010962848_b_04-564x400.jpg 564w, https:\/\/www.gjtaiwan.com\/new\/wp-content\/uploads\/2023\/07\/0010962848_b_04-600x425.jpg 600w\" sizes=\"auto, (max-width: 1000px) 100vw, 1000px\" \/><\/p>\n<p><img loading=\"lazy\" decoding=\"async\" class=\"alignnone size-full wp-image-112375\" src=\"https:\/\/www.gjtaiwan.com\/new\/wp-content\/uploads\/2023\/07\/0010962848_b_05.jpg\" alt=\"\" width=\"1000\" height=\"709\" srcset=\"https:\/\/www.gjtaiwan.com\/new\/wp-content\/uploads\/2023\/07\/0010962848_b_05.jpg 768w, https:\/\/www.gjtaiwan.com\/new\/wp-content\/uploads\/2023\/07\/0010962848_b_05-564x400.jpg 564w, https:\/\/www.gjtaiwan.com\/new\/wp-content\/uploads\/2023\/07\/0010962848_b_05-600x425.jpg 600w\" sizes=\"auto, (max-width: 1000px) 100vw, 1000px\" \/><\/p>\n<p><img loading=\"lazy\" decoding=\"async\" class=\"alignnone size-full wp-image-112376\" src=\"https:\/\/www.gjtaiwan.com\/new\/wp-content\/uploads\/2023\/07\/0010962848_b_06.jpg\" alt=\"\" width=\"1000\" height=\"709\" srcset=\"https:\/\/www.gjtaiwan.com\/new\/wp-content\/uploads\/2023\/07\/0010962848_b_06.jpg 768w, https:\/\/www.gjtaiwan.com\/new\/wp-content\/uploads\/2023\/07\/0010962848_b_06-564x400.jpg 564w, https:\/\/www.gjtaiwan.com\/new\/wp-content\/uploads\/2023\/07\/0010962848_b_06-600x425.jpg 600w\" sizes=\"auto, (max-width: 1000px) 100vw, 1000px\" \/><\/p>\n<h2><strong>\u5167\u5bb9\u7c21\u4ecb<\/strong><\/h2>\n<p>\u2606 \u98df\u597d\u6599\uff0c\u770b\u6240\u5728\uff0c\u5beb\u51fa\u5fc3\u982d\u7684\u611b \u2606<br \/>\n\u2606 \u6fc3\u70c8\u53c8\u96a8\u610f\u7684\u53f0\u6d3e\u771f\u60c5\uff0c\u542b\u85cf\u98a8\u571f\u8207\u8a9e\u8a00\u9b45\u529b\u7684\u98f2\u98df\u66f8\u5beb \u2606<br \/>\n\u2606 \u91d1\u6f2b\u5927\u734e\u5f97\u4e3b\u962e\u5149\u6c11\u53cb\u60c5\u8de8\u5200\u7e6a\u5716 \u2606<\/p>\n<p>\u258c \u5403\u51fa\u53f0\u6d3e\u7537\u5b50\u6f22\u7684\u701f\u7051\u8207\u6df1\u60c5 \u258c<br \/>\n\u70ba\u4ec0\u9ebc\u706b\u96de\u8089\u98ef\u4e0d\u51fa\u5609\u7fa9\uff1f\u6c11\u96c4\u7684\u78c5\u76ae\u9eb5\u53c8\u7a31\u6426\u4ed4\u9eb5\uff1f\u54c1\u5690\u5e9c\u57ce\u9c54\u9b5a\u7684\u8981\u9ede\u662f\u300c\u7ff9\u300d\uff1f\u5927\u7a3b\u57d5\u7684\u8c6c\u8173\u9eb5\u7dda\u8c6a\u6c23\u53c8\u5beb\u610f\uff1f\u54c8\u746a\u661f\u4e7e\u9eb5\u5982\u5403\u6c34\u6975\u6df1\u7684\u5927\u8239\uff1f\u96e8\u90fd\u57fa\u9686\u7684\u8c46\u4e7e\u5305\u8207\u6de1\u6c34\u963f\u7d66\u6709\u4f55\u7570\u540c\uff1f\u53f0\u5317\u5357\u6a5f\u5834\u7684\u6c34\u9903\u9b5a\u5152\u822c\u6b3e\u64fa\u6e38\u53bb\uff1f\u2026\u2026<\/p>\n<p>\u51fa\u8eab\u5609\u7fa9\u6c11\u96c4\u3001\u81ea\u5e7c\u5403\u706b\u96de\u8089\u98ef\u9577\u5927\u7684\u4f5c\u8005\uff0c\u4ee5\u5bb6\u9109\u70ba\u8d77\u9ede\uff0c\u7531\u5357\u5f80\u5317\uff0c\u5f9e\u7e23\u5e02\u9109\u93ae\u5230\u57ce\u5e02\u5df7\u5f04\uff0c\u6643\u904a\u5404\u5730\uff0c\u71b1\u5207\u5730\u4eab\u7528\u4e00\u9053\u9053\u9ede\u5fc3\u5c0f\u5403\u3002\u4ed6\u900f\u904e\u517c\u5177\u98af\u723d\u7537\u5b50\u6f22\u8207\u611f\u6027\u8a69\u4eba\u7684\u7b46\u8abf\uff0c\u5206\u4eab\u5982\u4f55\u6709\u611f\u7684\u5403\u3001\u6c23\u9b44\u7684\u5403\u3001\u5167\u884c\u7684\u5403\uff0c\u5beb\u51fa\u6d3b\u8df3\u8df3\u7684\u751f\u6d3b\u6c23\u606f\uff0c\u8a18\u4e0b\u5eb6\u6c11\u7f8e\u98df\u7684\u8c50\u6c9b\u6ecb\u5473\u3002<\/p>\n<p>\u258c \u5750\u5728\u6524\u524d\uff0c\u7f6e\u8eab\u53f0\u7063\u7f8e\u98df\u7684\u6416\u6efe\u5340 \u258c<br \/>\n\u5927\u8173\u4e00\u8de8\uff0c\u4f5c\u8005\u5750\u9032\u300c\u6d77\u666f\u7b2c\u4e00\u6392\u300d\u7684\u7f8e\u98df\u6524\u524d\uff0c\u900f\u904e\u7d55\u4f73\u7684\u8996\u91ce\uff0c\u76f4\u64ca\u5e2b\u5085\u7684\u795e\u60c5\u59ff\u614b\uff0c\u89c0\u5bdf\u5404\u7a2e\u540d\u7269\u7684\u6599\u7406\u624b\u8def\uff0c\u611f\u53d7\u982d\u5bb6\u8207\u98df\u5ba2\u7684\u5f80\u4f86\u4eba\u60c5\uff0c\u6355\u6349\u5728\u5730\u7684\u74b0\u5883\u6c1b\u570d\u3002\u9032\u800c\u96b1\u96b1\u52fe\u52d2\u51fa\u53f0\u7063\u5c0f\u5403\u71b1\u706b\u5340\u57df\uff0c\u5404\u5177\u7279\u8272\u7684\u5730\u7de3\u73fe\u5834\u3001\u98a8\u571f\u80cc\u666f\uff0c\u9ede\u63cf\u51fa\u76f8\u6620\u6210\u8da3\u7684\u57ce\u9109\u6c23\u8cea\u3002<\/p>\n<p>\u4f8b\u5982\u6c11\u96c4\u300c\u5e02\u5834\u5f7c\u64d4\u8ce3\u9eb5\u7684\u300d\uff1a\u300c\u5e03\u64a9\u958b\uff0c\u5f92\u624b\u5c07\u9eb5\u6293\u5165\u7897\u4e2d\uff0c\u9019\u52d5\u4f5c\u5c31\u662f\u6426\u3002\u6700\u5f8c\u7528\u6307\u5c16\u7406\u4e00\u7406\uff0c\u6dcb\u4e0a\u6ef7\u6c41\u8207\u78c5\u76ae\uff0c\u7a0d\u7a0d\u701d\u4e00\u701d\uff0c\u6426\u4ed4\u9eb5\u5927\u529f\u544a\u6210\uff0c\u56e0\u52a0\u4e86\u78c5\u76ae\uff0c\u53c8\u53eb\u78c5\u76ae\u9eb5\u3002\u8001\u95c6\u6703\u4e3b\u52d5\u554f\u8981\u4e0d\u8981\u52a0\u849c\u84c9\uff1f\u6ef7\u86cb\uff1f\u9ede\u4ec0\u9ebc\u6e6f\u5462\uff1f\u300d\uff08\u3008\u6c11\u96c4\u6b3e\u9eb5\u98df\uff1a\u6700\u611b\u662f\u78c5\u76ae\u3009\uff09<\/p>\n<p>\u53c8\u5982\u5750\u5728\u53f0\u5317\u897f\u9580\u753a\u300c\u7f8e\u89c0\u5712\u300d\u7684\u677f\u524d\uff1a\u300c\u4ed6\u5de5\u4f5c\u6642\u5c08\u6ce8\u7684\u795e\u60c5\uff0c\u57f7\u8d77\u9b5a\u5200\u4fd0\u843d\u7247\u8089\uff0c\u6413\u624b\u53bb\u63c9\u58fd\u53f8\uff0c\u4fef\u4e0b\u8eab\u5c07\u773c\u775b\u8207\u98df\u6750\u62c9\u8fd1\uff0c\u7cbe\u6e96\u5e25\u6c23\u3002\u9694\u58c1\u7684\u5e2b\u5085\u5feb\u9910\u64fa\u76e4\u5230\u6700\u5f8c\uff0c\u7528\u52fa\u5b50\u81ea\u7f8e\u4e43\u6ecb\u6876\u4e2d\u6316\u51fa\u6fc3\u7a20\u4e00\u4e38\uff0c\u5c0d\u6e96\u5f8c\u7529\u9032\u9ad8\u9e97\u83dc\u7d72\u4e2d\uff0c\u90a3\u6a23\u7684\u52c1\u9053\uff0c\u771f\u5982\u65e5\u672c\u6642\u4ee3\u5287\u4e4b\u6b66\u58eb\u528d\u9b25\u3002\u300d\uff08\u3008\u53f0\u7063\u5f0f\u65e5\u672c\u6599\u7406\uff1a\u897f\u9580\u753a\u677f\u524d\u4e4b\u6dda\u3009\uff09<\/p>\n<p>\u258c \u7a7f\u63d2\u53f0\u8a9e\u6587\uff0c\u5730\u9053\u50b3\u9054\u5c0f\u5403\u6ecb\u5473\u8207\u6587\u5316 \u258c<br \/>\n\u4f5c\u8005\u9577\u671f\u81f4\u529b\u65bc\u53f0\u8a9e\u6587\u7684\u7814\u7a76\u8207\u63a8\u5ee3\uff0c\u66f8\u4e2d\u9069\u6642\u4ee5\u53f0\u8a9e\u6587\u7368\u5230\u7684\u8a9e\u610f\u8207\u6c23\u53e3\uff0c\u50b3\u795e\u9ede\u775b\u3002\u6216\u751f\u52d5\u9053\u51fa\u98df\u6750\u7684\u95dc\u9375\u3001\u6599\u7406\u7684\u6487\u6b65\uff0c\u6216\u63cf\u7e6a\u770b\u4f3c\u6a38\u7d20\u7684\u5eb6\u6c11\u5c0f\u5403\uff0c\u5982\u4f55\u6210\u70ba\u540d\u805e\u9050\u9087\u7684\u6392\u968a\u7f8e\u98df\uff0c\u8b93\u4eba\u7368\u6cbd\u6b64\u5473\u7b49\u7b49\u3002\u4f8b\u5982\uff1a<\/p>\n<p>\u300c\u82b3\uff08phang\uff09\u5c31\u662f\u9999\u6c23\uff0c\u662f\u5404\u5bb6\u7955\u50b3\u7684\u91ac\u6c41\uff0c\u624b\u6495\u5200\ud841\udfad\uff08li\u00f4\uff09\u7684\u706b\u96de\u8089\uff0c\u98fd\u5713\u7684\u7c73\u98ef\uff0c\u66f4\u662f\u5b8c\u98df\u5f8c\u90a3\u9918\u97fb\u7e5a\u7e5e\u7684\u8102\u6c23\u3002\u982d\uff08th\u00e2u\uff09\u662f\u8a5e\u7684\u5f8c\u7db4\uff0c\u4e5f\u5e36\u8457\u7aef\u7dd2\uff0c\u4e43\u9999\u6c23\u7684\u7e3d\u548c\u3002\u706b\u96de\u8089\u98ef\u7f8e\u5473\u7684\u7a76\u6975\u771f\u7fa9\uff1a\u82b3\u982d\uff0c\u706b\u96de\u8089\u98ef\u4e4b\u92e9\u89d2\uff08m\u00ea-kak\uff09\u3002\u300d\uff08\u3008\u706b\u96de\u8089\u98ef\u7684\u7a76\u7fa9\u3009\uff09<\/p>\n<p>\u540d\u5bb6\u63a8\u85a6<\/p>\n<p>Hally Chen \u2223 \u98f2\u98df\u6587\u5316\u8a18\u9304\u8005<br \/>\n\u738b\u6d69\u4e00 \u2223 \u96dc\u5b78\u4f5c\u5bb6<br \/>\n\u738b\u69ae\u6587 \u2223 \u9060\u6d41\u51fa\u7248\u516c\u53f8\u3001\u53f0\u7063\u6587\u5275\u767c\u5c55\u516c\u53f8\u8463\u4e8b\u9577<br \/>\n\u6bdb \u5947 \u2223 \u98f2\u98df\u4f5c\u5bb6<br \/>\n\u5305\u5b50\u9038 \u2223 \u300a\u5c0f\u5403\u7897\u4e0a\u5916\u592a\u7a7a\u300b\u3001\u300a\u98a8\u6efe\u8349\u300b\u4f5c\u8005<br \/>\n\u962e\u5149\u6c11 \u2223 \u6f2b\u756b\u5bb6<br \/>\n\u6797\u4f73\u6167 \u2223 \u6797\u8070\u660e\u6c99\u934b\u9b5a\u982d\u57f7\u884c\u9577<br \/>\n\u66f9\u9298\u5b97 \u2223 \u53f0\u7063\u6587\u53f2\u4f5c\u5bb6<br \/>\n\u90ed\u9298\u54f2 \u2223 \u300a\u96c4\u5408\u5473\u300b\u3001\u300a\u96c4\u597d\u5477\u300b\u4f5c\u8005<br \/>\n\u9673\u6dd1\u83ef \u2223 \u98f2\u98df\u4f5c\u5bb6<br \/>\n\u9673\u975c\u5b9c \u2223 \u98f2\u98df\u4f5c\u5bb6<br \/>\n\u694a\u53cc\u5b50 \u2223 \u5c0f\u8aaa\u5bb6<br \/>\n\u8b1d\u4ed5\u6df5 \u2223 \u570b\u7acb\u6210\u529f\u5927\u5b78\u6b77\u53f2\u5b78\u7cfb\u526f\u6559\u6388<br \/>\n\u2500\u2500\u63a8\u85a6\uff08\u6309\u59d3\u6c0f\u7b46\u756b\u6392\u5217\uff09<\/p>\n<p>\u71b1\u5207\u597d\u8a55<\/p>\n<p>\u9806\u8070\u662f\u6211\u5468\u570d\u5c0d\u98f2\u98df\u6587\u5316\u548c\u8a9e\u8a00\u7814\u7a76\u6700\u5bcc\u71b1\u60c5\u7684\u4eba\uff0c\u5f9e\u96fb\u53f0\u7bc0\u76ee\u5230\u5beb\u4f5c\u7bc4\u7587\uff0c\u4ed6\u8ac7\u5c0f\u5403\u4e0d\u50c5\u662f\u5728\u820c\u4e0a\u7684\u5473\u9053\uff0c\u540c\u6642\u63a2\u7a76\u80cc\u5f8c\u7684\u6587\u5316\u8207\u6b77\u53f2\uff0c\u8b93\u8b80\u8005\u5728\u7d19\u4e0a\u9068\u904a\u53f0\u7063\u7684\u540c\u6642\uff0c\u4e5f\u80fd\u5c0d\u571f\u5730\u7684\u904e\u5f80\u6709\u66f4\u6df1\u7684\u8a8d\u8b58\u3002\u95b1\u8b80\u9019\u672c\u300a\u53f0\u5473\u98c4\u6487\u300b\u4e0d\u53ea\u80fd\u5480\u56bc\u5404\u5730\u7684\u98a8\u571f\u6ecb\u5473\uff0c\u540c\u6642\u80fd\u8a8d\u8b58\u5982\uff1a\u82b3\u982d\u3001\u92e9\u89d2\u3001\ud865\udea8\u5fc3\u7b49\uff0c\u9019\u4e9b\u53f0\u8a9e\u7684\u904b\u7528\u8207\u767c\u97f3\uff0c\u53c8\u4e0d\u843d\u65bc\u8aaa\u6559\uff0c\u5c55\u73fe\u751f\u6d3b\u4e2d\u5fae\u5c0f\u53c8\u6df1\u539a\u7684\u6587\u5316\u8207\u512a\u96c5\uff0c\u5145\u6eff\u95b1\u8b80\u7684\u6a02\u8da3\u3002\u2014\u2014Hally Chen\uff08\u98f2\u98df\u6587\u5316\u8a18\u9304\u8005\uff09<\/p>\n<p>\u6211\u548c\u300a\u53f0\u5473\u98c4\u6487\u300b\u4f5c\u8005\u912d\u9806\u8070\u4e00\u898b\u9762\uff0c\u5169\u500b\u4eba\u5c31\u8feb\u4e0d\u6025\u5f85\u5730\u8a0e\u8ad6\u8d77\u706b\u96de\u8089\u98ef\u3002\u2026\u2026\u6211\u554f\u912d\u9806\u8070\uff0c\u4f60\u4f9d\u6191\u4ec0\u9ebc\u8a55\u9ede\u98df\u597d\u6599\u7684\u6240\u5728\uff0c\u50b3\u9054\u53f0\u5473\u7684\u98c4\u6487\uff1f\u4ed6\u8aaa\uff1a\u5634\u548c\u7b46\u3002\u5404\u4f4d\u770b\u500c\u8b80\u8005\u5011\uff0c\u6216\u8a31\u4f60\u5011\u4e5f\u53ef\u4ee5\u7d93\u7531\u4ed6\u6240\u9ad4\u9a57\u3001\u6240\u8a18\u8ff0\u4e0b\u7684\u9019\u4e9b\u7f8e\u98df\u9ede\u6ef4\uff0c\u52fe\u9023\u8d77\u5c6c\u65bc\u4f60\u81ea\u5df1\u7684\u9109\u6101\u3002\u2014\u2014\u738b\u69ae\u6587\uff08\u9060\u6d41\u51fa\u7248\u516c\u53f8\u3001\u53f0\u7063\u6587\u5275\u767c\u5c55\u516c\u53f8\u8463\u4e8b\u9577\uff09<\/p>\n<p>\u53f0\u6d3e\u8a9e\u6587\u5927\u5c07\u912d\u9806\u8070\u8de8\u8db3\u5beb\u5403\uff0c\u5b9a\u4f4d\u5ea7\u6a19\u5728\u300c\u98c4\u6487\u300d\uff0c\u61c2\u4e86\uff0c\u9019\u662f\u500b\u7537\u5b50\u6f22\u7684\u51fa\u5916\u9910\u684c\u3002\u912d\u9806\u8070\u5beb\u5403\uff0c\u6211\u89ba\u5f97\u7279\u5225\u597d\u770b\u7684\u662f\uff0c\u7d30\u5fc3\u6a19\u51fa\u53f0\u8a9e\u6587\u7684\u5beb\u6cd5\u8b80\u97f3\uff0c\u70f9\u716e\u6599\u7406\u7684\u52d5\u8a5e\u4e4b\u7d30\u81a9\uff0c\u8cf4\u8cf4\u8d96\uff08lu\u0101-lu\u0101-s\u00f4\uff09\u5f35\u671b\u7b49\u4e0b\u5403\u4ec0\u9ebc\u3001\u4ea4\u95dc\uff08kau-kuan\uff09\u5e97\u5bb6\uff0c\u95dc\u9375\u5b57\u4e00\u5b9a\u8981\u7528\u53f0\u8a9e\u6587\u539f\u97f3\u5448\u73fe\u624d\u5c0d\u5473\uff01\u672c\u66f8\u5fc5\u8b80\u7684\u4e00\u500b\u7406\u7531\uff0c\u9084\u6709\u912d\u9806\u8070\u51fa\u8eab\u5609\u7fa9\u6c11\u96c4\uff0c\u96de\u8089\u98ef\u8a8d\u540c\u8207\u54c1\u5473\u6050\u6015\u7121\u4eba\u80fd\u51fa\u5176\u53f3\u3002\u2014\u2014\u6bdb\u5947\uff08\u98f2\u98df\u4f5c\u5bb6\uff09<\/p>\n<p>\u6bd4\u8d77\u4e7e\u71e5\u5982\u83dc\u55ae\u7684\u7f8e\u98df\u6307\u5357\uff0c\u6211\u66f4\u559c\u6b61\u300a\u53f0\u5473\u98c4\u6487\u300b\u9019\u6b3e\u71b1\u70c8\u800c\u6587\u98a8\u98af\u723d\u7684\u5fc3\u8de1\u5256\u767d\uff0c\u5b83\u4e0d\u4f5c\u9ad8\u59ff\u614b\u610f\u5716\u6307\u9ede\u6c5f\u5c71\uff0c\u66f4\u8b1b\u7a76\u6d3b\u8df3\u8df3\u7684\u751f\u6d3b\u6c23\u6c1b\u3002\u8b80\u8d77\u4f86\u7684\u5fc3\u5883\u6bd4\u8f03\u985e\u4f3c\u7a7f\u8457\u593e\u8173\u62d6\u556a\u5566\u556a\u5566\u8e05\u51fa\u9580\uff0c\u8d70\u9032\u4e00\u723f\u7e3d\u70ba\u4f60\u7559\u500b\u8001\u4f4d\u7f6e\u7684\u5730\u65b9\u98df\u5802\u2026\u2026\u3002\u66f8\u4e2d\u63d0\u53ca\u8af8\u7f85\u5e73\u539f\u9ede\u5fc3\u4e16\u754c\u7684\u7bc7\u5e45\u6700\u5ee3\uff0c\u5149\u662f\u81f4\u656c\u706b\u96de\u8089\u98ef\u7684\u9802\u771f\uff0c\u7661\u5fc3\u7d55\u5c0d\u7684\u5beb\u6cd5\u7b97\u662f\u524d\u7121\u53e4\u4eba\uff1b\u5beb\u96e8\u90fd\u57fa\u9686\u7684\u98f2\u98df\u5373\u666f\uff0c\u4e5f\u6709\u4e0d\u5c11\u4ed6\u8655\u7f55\u898b\u7684\u53f0\u6d3e\u771f\u60c5\u3002\u2014\u2014\u5305\u5b50\u9038\uff08\u300a\u5c0f\u5403\u7897\u4e0a\u5916\u592a\u7a7a\u300b\u3001\u300a\u98a8\u6efe\u8349\u300b\u4f5c\u8005\uff09<\/p>\n<p>\u98c4\u6487\u662f\u4e00\u500b\u4eba\u5c0d\u6240\u6709\u7d30\u7bc0\u3001\u6b65\u9a5f\u90fd\u719f\u7df4\u4e26\u4e14\u5206\u5bf8\u62ff\u634f\u5f97\u5b9c\uff0c\u624d\u6709\u8fa6\u6cd5\u5c55\u73fe\u51fa\u4f86\u7684\u6c23\u9b44\u3002\u2026\u2026\u4f5c\u8005\u66f8\u5beb\u7684\u8996\u89d2\u662f\u805a\u7126\u5728\u6524\u4f4d\u7684\u6416\u6efe\u5340\uff0c\u4ed4\u7d30\u63cf\u8ff0\u9019\u4e9b\u5728\u6524\u4f4d\u9867\u7210\u706b\u7684\u7210\u4e3b\u5011\u5982\u4f55\u6599\u7406\u6bcf\u9053\u83dc\u3002\u6c92\u6709\u5957\u8def\u4e00\u81f4\u7684\u4e2d\u592e\u5eda\u623f\uff0c\u6bcf\u500b\u6524\u4f4d\u7684\u5473\u9053\u90fd\u662f\u4ee5\u4eba\u70ba\u672c\u7684\u624b\u85dd\uff0c\u624b\u628a\u624b\u7684\u50b3\u627f\uff0c\u98c4\u6487\u7684\u6c23\u97fb\u4ea6\u662f\u7368\u7279\u7684\u5b58\u5728\uff0c\u6bcf\u500b\u6599\u7406\u90fd\u7d30\u6578\u8457\u4eba\u60c5\u3001\u4e16\u4ee3\uff0c\u929c\u63a5\u5730\u65b9\u3002\u98c4\u6487\u53f0\u5473\u662f\u5e38\u6c11\u7684\u6ecb\u5473\u3002\u2014\u2014\u962e\u5149\u6c11\uff08\u6f2b\u756b\u5bb6\uff09<\/p>\n<p>\u912d\u9806\u8070\u7684\u65b0\u4f5c\u300a\u53f0\u5473\u98c4\u6487\u300b\uff0c\u4ed6\u5341\u591a\u5e74\u4f86\u8d70\u8df3\u8e0f\u67e5\u53f0\u7063\u5eb6\u6c11\u5c0f\u5403\uff0c\u9817\u6709\u65e5\u672c\u6f2b\u756b\u300a\u5b64\u7368\u7684\u7f8e\u98df\u5bb6\u300b\u4e95\u4e4b\u982d\u4e94\u90ce\u7684\u6cc1\u5473\u3002\u2026\u2026\u4ed6\u5e38\u770b\u5730\u5716\u983b\u554f\u8def\uff0c\u947d\u5165\u50fb\u975c\u5c0f\u5df7\uff0c\u5750\u5728\u6524\u5e97\u524d\u300c\u7f8e\u98df\u7b2c\u4e00\u6392\u300d\uff0c\u89c0\u5bdf\u4e3b\u4eba\u6599\u7406\u53ca\u73fe\u5834\u52d5\u614b\uff0c\u8a18\u9304\u7279\u5225\u7684\u53f0\u8a9e\u7528\u8a5e\u53ca\u8154\u8abf\uff0c\u5982\u679c\u9748\u611f\u4f86\u4e86\u4e5f\u6703\u4f5c\u8a69\u3002\u53f0\u8a9e\u300c\u98c4\u6487\u300d\u76f8\u7576\u65bc\u83ef\u8a9e\u300c\u701f\u7051\u300d\uff0c\u6211\u67e5\u300a\u81fa\u65e5\u5927\u8fad\u5178\u300b\uff0c\u9084\u6709\u5145\u6eff\u751f\u6c23\u6d3b\u529b\u7684\u6a23\u5b50\uff0c\u6b63\u597d\u7528\u4f86\u5f62\u5bb9\u672c\u66f8\u4f5c\u8005\u7684\u6c23\u9b44\u3001\u53f0\u7063\u5c0f\u5403\u7684\u6c23\u5473\u3002\u2014\u2014\u66f9\u9298\u5b97\uff08\u53f0\u7063\u6587\u53f2\u4f5c\u5bb6\uff09<\/p>\n<p>\u5f9e\u4f86\u6c92\u6709\u4eba\u5982\u6b64\u5168\u9762\u7d30\u5bc6\u7684\u62c6\u89e3\u4e00\u7897\u5609\u7fa9\u96de\u8089\u98ef\uff0c\u66f4\u7121\u4eba\u66fe\u4ee5\u53f0\u8a9e\u8fad\u5f59\u7cbe\u6e96\u7684\u69cb\u7bc9\u5b83\u7f8e\u5473\u7684\u6240\u5728\u3002\u9806\u8457\u4f5c\u8005\u7684\u751f\u547d\u8ecc\u8de1\uff0c\u4e0d\u50c5\u770b\u898b\u4ed6\u8b93\u6545\u9109\u5609\u7fa9\u6843\u57ce\u96b1\u5473\u3001\u6c11\u96c4\u8857\u4ed4\u5c0f\u98df\uff0c\u5fb9\u5e95\u5927\u89e3\u5bc6\uff0c\u90a3\u4e9b\u539f\u672c\u4eba\u5011\u719f\u6089\u7684\u9ad8\u96c4\u3001\u53f0\u5357\u3001\u57fa\u9686\uff0c\u751a\u81f3\u53f0\u5317\u5dff\u4e95\u5c0f\u5403\uff0c\u5728\u4ed6\u611f\u60c5\u7684\u99d0\u8db3\u4e0b\uff0c\u4e5f\u8ff8\u767c\u51fa\u4e00\u7a2e\u4e0d\u540c\u65bc\u5f80\u7684\u82b3\u982d\uff0c\u8b93\u4eba\u5fcd\u4e0d\u4f4f\u60f3\u8ddf\u8457\u4e0a\u8def\uff0c\u5403\u5b83\u4e00\u56de\u3002\u2014\u2014\u9673\u6dd1\u83ef\uff08\u98f2\u98df\u4f5c\u5bb6\uff09<\/p>\n<p>\u300a\u53f0\u5473\u98c4\u6487\uff1a\u98df\u597d\u6599\u7684\u6240\u5728\u300b\u662f\u912d\u9806\u8070\u7684\u65e5\u5e38\u751f\u6d3b\u7d20\u63cf\uff0c\u5beb\u7684\u662f\u5473\u9053\uff0c\u8aaa\u7684\u662f\u5fc3\u60c5\uff0c\u4ee5\u53ca\u90a3\u4e9b\u896f\u6258\u5473\u89ba\u5fc3\u60c5\u7684\u8a98\u4eba\u5834\u666f\u3002\u2026\u2026\u9019\u672c\u66f8\u53ef\u8aaa\u662f\u9577\u671f\u5f85\u5728\u98df\u597d\u6599\u6416\u6efe\u5340\u7684\u4f5c\u8005\uff0c\u5e36\u6211\u5011\u885d\u5230\u524d\u7dda\uff0c\u9ad4\u9a57\u53f0\u7063\u5473\u9053\u88e1\u7684\u98c4\u6487\u5fc3\u60c5\u3002\u5e36\u9019\u672c\u66f8\u56de\u5bb6\u8b80\u8b80\uff0c\u7df4\u7fd2\u6216\u63e3\u6469\uff0c\u6539\u5929\u63db\u81ea\u5df1\u524d\u9032\u6416\u6efe\u5340\u5427\uff01\u2014\u2014\u8b1d\u4ed5\u6df5\uff08\u570b\u7acb\u6210\u529f\u5927\u5b78\u6b77\u53f2\u5b78\u7cfb\u526f\u6559\u6388\uff09<\/p>\n<h2><strong>\u4f5c\u8005\u7c21\u4ecb<\/strong><\/h2>\n<p>\u912d\u9806\u8070<\/p>\n<p>\u5609\u7fa9\u6c11\u96c4\u4eba\u3002\u4e2d\u5c71\u5927\u5b78\u4e2d\u6587\u7cfb\uff0c\u53f0\u5e2b\u5927\u570b\u6587\u7814\u7a76\u6240\u7562\u696d\u3002<\/p>\n<p>\u66fe\u4efb\u300a\u91cd\u73fe\u53f0\u7063\u53f2\u300b\u4e3b\u7de8\u3001\u300a\u806f\u5408\u6587\u5b78\u300b\u57f7\u884c\u4e3b\u7de8\u3001\u6559\u80b2\u5ee3\u64ad\u96fb\u53f0\u300a\u62cd\u7834\u53f0\u8a9e\u985b\u5012\u52c7\u300b\u4e3b\u6301\u4eba\u3001\u516c\u8996\u53f0\u8a9e\u53f0\u300aHiHi\u5c0e\u89bd\u5148\u751f\u300b\u5275\u610f\u767c\u60f3\u548c\u53f0\u8a9e\u9867\u554f\u3002<\/p>\n<p>\u8457\u6709\u8a69\u96c6\u300a\u6642\u523b\u8868\u300b\u3001\u300a\u9ed1\u767d\u7247\u4e2d\u8981\u5927\u7b11\u300b\u3001\u300a\u6211\u5c31\u6b32\u4f86\u53bb\u300b\uff1b\u6563\u6587\u300a\u53f0\u5473\u98c4\u6487\u300b\u3001\u300a\u6d77\u908a\u6709\u5920\u71b1\u60c5\u300b\u3001\u300a\u57fa\u9686\u7684\u6c23\u5473\u300b\uff08\u5408\u8457\uff09\u3001\u300a\u53f0\u8a9e\u597d\u65e5\u5b50\u300b\u3001\u300a\u591c\u5728\u8def\u7684\u76e1\u982d\u633d\u9aee\u300b\u3001\u300a\u53f0\u8a9e\u5fc3\u82b1\u958b\u300b\uff1b\u5c0f\u8aaa\u300a\u5bb6\u5de5\u5ee0\u300b\u3001\u300a\u6643\u904a\u5730\u300b\u3001\u300a\u5927\u58eb\u723a\u539a\u706b\u6c23\u300b\uff1b\u7e6a\u672c\u300a\u4ed9\u5316\u4f2f\u7684\u70cf\u91d1\u4eba\u751f\u300b\u7b49\u3002<\/p>\n<p>\u5c01\u9762\u3001\u5167\u9801\u7e6a\u8005\u7c21\u4ecb<\/p>\n<p>\u962e\u5149\u6c11<\/p>\n<p>\u6f2b\u756b\u5bb6\u3002<\/p>\n<p>\u4f5c\u54c1\u5305\u62ec\uff1a\u300a\u7528\u4e5d\u67d1\u4ed4\u5e971-5\u300b\u3001\u300a\u9435\u9053\u594f\u9cf4\u66f2\u300b\u3001\u300a\u6771\u83ef\u6625\u7406\u9aee\u5ef31-3\u300b\u3001\u300a\u5929\u570b\u9910\u5ef3\u300b\u3001\u300a\u8b66\u8cca\uff1a\u5149\u8207\u95c7\u300b\u3001\u300a\u5929\u6a4b\u4e0a\u7684\u9b54\u8853\u5e2b \u5716\u50cf\u7248\uff1a\u962e\u5149\u6c11\u5377\u300b\u3001\u300a\u4e00\u687f\u79e4\u4ed4\u300b\u7b49\u3002<\/p>\n<p>\u66fe\u7372\u91d1\u6f2b\u734e\u300c\u9752\u5e74\u6f2b\u756b\u734e\u300d\u3001\u300c\u5e74\u5ea6\u6f2b\u756b\u5927\u734e\u300d\u3001\u300c\u8de8\u57df\u61c9\u7528\u734e\u300d\uff0c\u4ee5\u53ca\u65e5\u672c\u570b\u969b\u6f2b\u756b\u8cde\u9280\u734e\u7b49\u3002<\/p>\n<h2><strong>\u76ee\u9304<\/strong><\/h2>\n<p>\u63a8\u85a6\u8a9e\uff0fHally Chen\u3001\u738b\u69ae\u6587\u3001\u6bdb\u5947\u3001\u5305\u5b50\u9038\u3001\u962e\u5149\u6c11\u3001\u66f9\u9298\u5b97\u3001\u9673\u6dd1\u83ef\u3001\u8b1d\u4ed5\u6df5<br \/>\n\u81ea \u5e8f\uff1a\u5c0d\u7f8e\u98df\u6709\u611b<\/p>\n<p>\u3010\u8f2f\u4e00 \u4f86\u53bb\u5609\u7fa9\u3011<br \/>\n\u706b\u96de\u8089\u98ef\u4e0d\u51fa\u5609\u7fa9<br \/>\n\u706b\u96de\u8089\u98ef\u7684\u5c0f\u78ba\u5e78<br \/>\n\u706b\u96de\u8089\u98ef\u7684\u7a76\u7fa9<br \/>\n\u706b\u96de\u8089\u98ef\u79c1\u4eba\u8a55\u9451\u6703\u8b70<br \/>\n\u5609\u7fa9\u96b1\u5473\u67f4\u9b5a\u6e6f<br \/>\n\u6843\u57ce\u9435\u5e97\u6b64\u6642\u6b64\u5730<br \/>\n\u6c11\u96c4\u8857\u5e02\u773e\u6524\u4e4b\u5473<br \/>\n\u6c23\u5473\u6240\u7e6b\u4e4b\u8a18\u61b6<br \/>\n\u6c11\u96c4\u6b3e\u65e9\u9910\uff1a\u7c73\u98df\u5e78\u798f<br \/>\n\u6c11\u96c4\u6b3e\u9eb5\u98df\uff1a\u6700\u611b\u662f\u78c5\u76ae<\/p>\n<p>\u3010\u8f2f\u4e8c \u5750\u5728\u6416\u6efe\u5340\u3011<br \/>\n\u5439\u6d77\u98a8\u7684\u9eb5\u64d4\u4ed4\uff1a\u6b63\u6e2f\u9ad8\u96c4\u6b3e\u4e7e\u9eb5<br \/>\n\u606d\u4ed4\u963f\u660e\u548c\u963f\u6c5f\uff1a\u5e9c\u57ce\u9ede\u5fc3\u4e09\u9023\u62cd<br \/>\n\u4e0d\u53ea\u7095\u8089\u98ef\u8089\u5713\uff1a\u5f70\u5316\u5e02\u7d20\u98df\u5c0f\u98df<br \/>\n\u8c6c\u8173\u9eb5\u7dda\u591c\u8174\u6df1\uff1a\u5927\u7a3b\u57d5\u5abd\u7956\u5edf\u53e3<br \/>\n\u53f0\u7063\u5f0f\u65e5\u672c\u6599\u7406\uff1a\u897f\u9580\u753a\u677f\u524d\u4e4b\u6dda<br \/>\n\u8b93\u820c\u982d\u723d\u5feb\u8d77\u98db\uff1a\u5f80\u5357\u6a5f\u5834\u800c\u53bb\u5427<br \/>\n\u8001\u6642\u5149\u4e2d\u7684\u7da0\u610f\uff1a\u91d1\u83ef\u8857\u8207\u6f6e\u5dde\u8857<br \/>\n\u71ac\u5230\u5165\u9aa8\u7684\u7b49\u5f85\uff1a\u57fa\u9686\u4eba\u751f\u7518\u9732\u716e<br \/>\n\u6700\u5fb9\u5e95\u7684\u57fa\u672c\u529f\uff1a\u505a\u9f0e\u6cf0\u8c50\u7684\u6f1a\u5ba2<br \/>\n\u4f86\u5230\u8a18\u61b6\u539f\u7206\u9ede\uff1a\u70ba\u5ee3\u5cf6\u7684\u6cbe\u6c41\u9eb5<\/p>\n<p>\u3010\u8f2f\u4e09 \u9ede\u5fc3\u7cbe\u795e\u3011<br \/>\n\u7434\u9375\u822c\u7684\u8c46\u4e7e\u5305<br \/>\n\u57fa\u9686\u662f\u5ea7\u5496\u54e9\u6e2f<br \/>\n\u6d77\u5473\u540d\u7269\u5409\u53e4\u62c9<br \/>\n\u8525\u6cb9\u9905\u7684\u5e73\u7b49\u7cbe\u795e<br \/>\n\u7389\u91cc\u9eb5\u6eab\u6f64\u5982\u7389<br \/>\n\u8089\u7cbd\u4e5f\u53ef\u4ee5\u5f88\u5e7c\u79c0<br \/>\n\u6dbc\u9eb5\u8d8a\u7c21\u55ae\u8d8a\u53b2\u5bb3<br \/>\n\u4e00\u500b\u4eba\u7684\u53f0\u5317\u7c73\u7c89\u6e6f<br \/>\n\u672a\u4f86\u7cfb\u53f0\u7063\u62c9\u9eb5\u4e32\u6d41<\/p>\n<p>\u3010\u8f2f\u56db \u76f8\u501f\u554f\u3011<br \/>\n\u6e6f\u9903\u70ba\u4f55\u4e0d\u4e7e\u6fd5\u5206\u96e2\uff1f<br \/>\n\u9019\u4e9b\u98df\u7269\u5230\u5e95\u53ef\u4ee5\u591aQ\uff1f<br \/>\n\u539f\u4f86\u6211\u5011\u5403\u7684\u662f\u504f\u57f7\uff1f<br \/>\n\u4e00\u7897\u7ca5\u503c\u591a\u5c11\uff1f<br \/>\n\u534a\u719f\u86cb\u975e\u5e38\u5371\u96aa\uff1f<br \/>\n\u53f0\u7063\u4e5f\u6709\u4e09\u5927\u6d0b\u98df\uff1f<br \/>\n\u4e16\u7d00\u4e4b\u86cb\u8b0e\u5718\uff1f<\/p>\n<p>ISBN\uff1a9786263611795<br \/>\n\u51fa\u7248\u793e\uff1a\u9060\u6d41<br \/>\n\u898f\u683c\uff1a\u5e73\u88dd \/ 248\u9801 \/ 14.8 x 21 x 1.85 cm \/ \u666e\u901a\u7d1a \/ \u55ae\u8272\u5370\u5237 \/ \u521d\u7248<br \/>\n\u51fa\u7248\u5730\uff1a\u53f0\u7063<\/p>\n","protected":false},"excerpt":{"rendered":"<p>\u53f0\u5473\u98c4\u6487\uff1a\u98df\u597d\u6599\u7684\u6240\u5728 \u5167\u5bb9\u7c21\u4ecb \u2606 \u98df\u597d\u6599\uff0c\u770b\u6240\u5728\uff0c\u5beb\u51fa\u5fc3\u982d\u7684\u611b \u2606 \u2606 \u6fc3\u70c8\u53c8\u96a8\u610f\u7684\u53f0\u6d3e\u771f\u60c5\uff0c\u542b\u85cf\u98a8\u571f\u8207\u8a9e&#8230;<\/p>\n","protected":false},"featured_media":112371,"comment_status":"closed","ping_status":"closed","template":"","meta":[],"product_brand":[],"product_cat":[2663,6663],"product_tag":[6443],"class_list":{"0":"post-112370","1":"product","2":"type-product","3":"status-publish","4":"has-post-thumbnail","6":"product_cat-2663","7":"product_cat-6663","8":"product_tag-6443","10":"first","11":"instock","12":"sale","13":"taxable","14":"shipping-taxable","15":"purchasable","16":"product-type-simple"},"bundled_by":[],"bundle_stock_status":"instock","bundle_stock_quantity":null,"bundle_virtual":false,"bundle_layout":"","bundle_add_to_cart_form_location":"","bundle_editable_in_cart":false,"bundle_sold_individually_context":"","bundle_item_grouping":"","bundle_min_size":"","bundle_max_size":"","bundle_price":[],"bundled_items":[],"bundle_sell_ids":[65786,138697],"_links":{"self":[{"href":"https:\/\/www.gjtaiwan.com\/new\/wp-json\/wp\/v2\/product\/112370","targetHints":{"allow":["GET"]}}],"collection":[{"href":"https:\/\/www.gjtaiwan.com\/new\/wp-json\/wp\/v2\/product"}],"about":[{"href":"https:\/\/www.gjtaiwan.com\/new\/wp-json\/wp\/v2\/types\/product"}],"replies":[{"embeddable":true,"href":"https:\/\/www.gjtaiwan.com\/new\/wp-json\/wp\/v2\/comments?post=112370"}],"wp:featuredmedia":[{"embeddable":true,"href":"https:\/\/www.gjtaiwan.com\/new\/wp-json\/wp\/v2\/media\/112371"}],"wp:attachment":[{"href":"https:\/\/www.gjtaiwan.com\/new\/wp-json\/wp\/v2\/media?parent=112370"}],"wp:term":[{"taxonomy":"product_brand","embeddable":true,"href":"https:\/\/www.gjtaiwan.com\/new\/wp-json\/wp\/v2\/product_brand?post=112370"},{"taxonomy":"product_cat","embeddable":true,"href":"https:\/\/www.gjtaiwan.com\/new\/wp-json\/wp\/v2\/product_cat?post=112370"},{"taxonomy":"product_tag","embeddable":true,"href":"https:\/\/www.gjtaiwan.com\/new\/wp-json\/wp\/v2\/product_tag?post=112370"}],"curies":[{"name":"wp","href":"https:\/\/api.w.org\/{rel}","templated":true}]}}