{"id":113433,"date":"2023-09-27T17:40:40","date_gmt":"2023-09-27T09:40:40","guid":{"rendered":"https:\/\/www.gjtaiwan.com\/new\/?post_type=product&#038;p=113433"},"modified":"2026-01-27T10:21:56","modified_gmt":"2026-01-27T02:21:56","slug":"%e6%94%be%e6%af%92-%e5%8f%b0%e8%aa%9e%e5%b0%8f%e8%aa%aa%e9%9b%86","status":"publish","type":"product","link":"https:\/\/www.gjtaiwan.com\/new\/product\/%e6%94%be%e6%af%92-%e5%8f%b0%e8%aa%9e%e5%b0%8f%e8%aa%aa%e9%9b%86","title":{"rendered":"\u653e\u6bd2\uff1a\u53f0\u8a9e\u5c0f\u8aaa\u96c6"},"content":{"rendered":"<h1><strong>\u653e\u6bd2\uff1a\u53f0\u8a9e\u5c0f\u8aaa\u96c6<\/strong><\/h1>\n<p><img loading=\"lazy\" decoding=\"async\" class=\"alignnone size-large wp-image-113434\" src=\"https:\/\/www.gjtaiwan.com\/new\/wp-content\/uploads\/2023\/09\/0010965423-542x800.jpg\" alt=\"\" width=\"542\" height=\"800\" srcset=\"https:\/\/www.gjtaiwan.com\/new\/wp-content\/uploads\/2023\/09\/0010965423-542x800.jpg 542w, https:\/\/www.gjtaiwan.com\/new\/wp-content\/uploads\/2023\/09\/0010965423-271x400.jpg 271w, https:\/\/www.gjtaiwan.com\/new\/wp-content\/uploads\/2023\/09\/0010965423-768x1133.jpg 768w, https:\/\/www.gjtaiwan.com\/new\/wp-content\/uploads\/2023\/09\/0010965423-600x885.jpg 600w, https:\/\/www.gjtaiwan.com\/new\/wp-content\/uploads\/2023\/09\/0010965423.jpg 949w\" sizes=\"auto, (max-width: 542px) 100vw, 542px\" \/><\/p>\n<h2><strong>\u5167\u5bb9\u7c21\u4ecb<\/strong><\/h2>\n<p>\u6e60\u5168\u4e16\u754c\u00ea\u751f\u7269\u653b\u64ca\uff0c\u6e60\u5168\u5cf6\u5dbc\u00ea\u8b20\u8a00\u5047\u8a71<br \/>\n\u7d05\u8272\u6697t\u00f2\u0358\u3001\u8feb\u5bb3\u81ea\u7531\u00ea\u6bd2\uff0c\u6309\u600e\u63d0\u9632\uff1f<\/p>\n<p>\u96fb\u6a5f\u80cc\u666f\u51fa\u8eab\u00ea\u53f0\u6587\u4f5c\u5bb6\u675c\u4fe1\u9f8d\uff0c\u5c07\u8fd110\u51ac\u00ea\u6587\u5b57\u7c92\u7a4d\uff0c\u5411\u671b\u900f\u7531\u8d70\u63e3\u7d14\u6b63\u00ea\u53f0\u8a9e\uff0c\u5c07\u5728\u5730\u00ea\u751f\u6d3b\u7d93\u9a57\u3001\u8a9e\u8a00kap\u6587\u5316\u00ea\u5e95\u8482\uff0c\u5c0d\u6bcd\u8a9e\u3001\u5c0d\u6b77\u53f2\u00ea\u4e0d\u6368kap\u75bc\u5fc3\uff0c\u4ee5\u53ca\u5c0d\u793e\u6703\u6642\u4e8b\u3001\u653f\u6cbb\u73fe\u5be6\u00ea\u95dc\u5fc3kap\u61a4\u6168\uff0c\u5316\u505a\u4e00\u7bc7\u4e00\u7bc7\u7bc0\u594f\u8f15\u5feb\u3001\u7406\u8def\u6e05\u695a\u00ea\u77ed\u7bc7\u5c0f\u8aaa\u3002\u4f0a\u00ea\u4f5c\u54c1\uff0c\u4e0d\u6642\u5c55\u73fe\u51fa\u79d1\u5b78\u8a13\u7df4\u00ea\u7406\u6027\u63a8\u8ad6kap\u601d\u8003\u904e\u7a0b\uff0c\u4e00\u624b\u662f\u51b7\u975c\u00ea\u7b46\u8def\uff0c\u92ea\u5beb\u5c0d\u4eba\u6027\u4e16\u4e8b\u71b1\u671b\u7406\u89e3\u00ea\u5287\u60c5\uff1b\u4e00\u624b\u662f\u76f4\u7834\u00ea\u624b\u8def\uff0cchha\u030dk\u5165\u6b96\u6c11\u5a01\u6b0a\u5230ta\u207fi\u00e1u-b\u0113\u9000\u00ea\u6b0a\u529bkap\u4e0d\u7fa9\u3002<\/p>\n<p>\u672c\u518a\u6536\u5165\u77ed\u7bc7\u3001\u6975\u77ed\u7bc7\u5c0f\u8aaa\u7e3d\u517112\u7bc7\u3002\u6709\u5beb\u53f0\u7063\u5c0d\u5916\u9762\u5c0d\u4e2d\u5171\u00ea\u5927\u5371\u6a5f\uff0c\u5c0d\u5167\u6709\u672c\u571f\u6b77\u53f2kap\u653f\u6cbb\u727dkha\u030dp\u300c\u8f49\u578b\u6b63\u7fa9\u300d\u00ea\u7e8f\u7d5e\uff0cm\u0101\u6709\u95dc\u4fc2\u4eba\u6027\u3001\u611b\u60c5\u3001\u91ab\u75c5\u95dc\u4fc2\u00ea\u52fe\u756bkap\u63a2\u8a0e\uff0c\u5e7c\u8def\u7d30\u81a9\u3002\u7c60\u9762\u4f5c\u3008\u653e\u6bd2\u3009\u4ee5\u6b66\u6f22\u80ba\u708e\u75ab\u60c5\u505a\u4e3b\u984c\uff0c\u767c\u5c55\u4e00\u9f63\u4e2d\u5171\u52e2\u529b\u6d78\u900f\u53f0\u7063\uff0cbeh\u7528\u67e5\u67d0\u7a9f\u8a2d\u8a08\u98db\u884c\u54e1\uff0c\u4fb5\u5165\u7a7a\u8ecd\u653e\u75c5\u6bd2\u3001\u5077\u8ecd\u4e8b\u6a5f\u5bc6\u00ea\u570b\u9632\u5371\u6a5f\uff1b\u3008\u5be9\u5224\u3009\u3001\u3008Sa\u207f-kha-\u00e1\u3009\u63a2\u8a0e\u767d\u8272\u6050\u6016\u53d7\u96e3\u8005\u3001\u653f\u6cbb\u72af\u5f8c\u4ee3kap\u52a0\u5bb3\u8005\u4e4b\u9593\uff0c\u9700\u8981\u5565mih\u6b3e\u00ea\u6b63\u7fa9\uff1b\u3008PP\u57fa\u56e0\u65b0\u7a81\u8b8a\u3009\u3001\u3008\u8d70\u7968\u3009\u3001\u3008\u7d05\u5305lok\u4ed4\u3009\uff0c\u5c0d\u653f\u5ba2\u00ea\u9762\u8154kap\u9078\u8209\u6587\u5316\u6709\u5165\u9aa8\u00ea\u89c0\u5bdfkap\u8af7\u523a\u3002\u60c5\u7bc0\u7cbe\u5f69\uff0c\u675f\u7d50\u6709\u529b\u3002<\/p>\n<p>\u25ce\u672c\u518a\u63a1\u7528\u50b3\u7d71\u767d\u8a71\u5b57\uff0c\u6f22\u7f85\u7528\u5b57\u53c3\u8003\u300a\u53f0\u6587\u901a\u8a0aBONG\u5831\u300b\u3002<br \/>\n\u25ce\u672c\u4f5c\u54c1\u69ae\u7372\u570b\u85dd\u6703\u51fa\u7248\u734e\u52a9<\/p>\n<p>\u540d\u5bb6\u63a8\u85a6<\/p>\n<p>\u8523\u70ba\u6587\uff5c\u570b\u7acb\u6210\u529f\u5927\u5b78\u53f0\u7063\u6587\u5b78\u7cfb\u6559\u6388<br \/>\nT\u0113ng-pang Suyaka Chiu\uff08\u5468\u5b9a\u90a6\uff09\uff5c\u53f0\u6587\u4f5c\u5bb6\u3001\u53f0\u7063\u5538\u6b4ckah\u6046\u6625\u6c11\u8b20\u50b3\u627f\u8005<br \/>\nL\u00eem J\u016b-kh\u00e1i\uff08\u6797\u88d5\u51f1\uff09\uff5c\u53f0\u7063\u6587\u5b78\u7cfb\u52a9\u7406\u6559\u6388\u3001\u53f0\u8a9e\u8a69\u4eba\u3001\u6b4c\u4ed4\u518a\u4f5c\u5bb6<\/p>\n<h2><strong>\u4f5c\u8005\u7c21\u4ecb<\/strong><\/h2>\n<p>\u675c\u4fe1\u9f8d\u3000T\u014d\u0358 S\u00ecn-li\u00f4ng<\/p>\n<p>1981\u5e74\u53f0\u5357\u7063\u88e1\u51fa\u4e16\uff0c2006\u5e74\u4e2d\u592e\u5927\u5b78\u96fb\u6a5f\u6240\u78a9\u58eb\u7562\u696d\u3002\u73fe\u6b64\u6642\uff0c\u4f47\u5916\u5546\u516c\u53f8\u4e0a\u73ed\uff0c\u7121\u53d7\u904e\u6b63\u5f0f\u53f0\u8a9e\u6559\u80b2kap\u6587\u5b78\u8a13\u7df4\u30022013\u5e746&#8211;\u6708\uff0c\u00f9i\u53f0\u5317\u8f49\u4f86\u5e9c\u57ce\uff0c\u667a\u89ba\u539d\u5167\u963f\u59cal\u00f3ng\u8b1b\u83ef\u8a9e\uff0c\u9020\u6210kan-ta\u207f\u6703\u66c9\u8b1b\u53f0\u8a9e\u00ea\u8001\u6bcd\u58d3\u8feb\u3002\u81ea\u6309\u5462\uff0c\u5bb6\u5df1\u958b\u59cb\u5b78\u7fd2\u5beb\u53f0\u6587\u3001\u719f\u4f3c\u53f0\u8a9e\u4eba\uff08\u53f0\u6587\u7b46\u6703\uff09\u3001\u8b80\u53f0\u8a9e\u518a\uff0c\u6b32k\u0101\u53f0\u8a9ekhioh&#8211;\u8f49-\u4f86\u3002\u5411\u671b\u5bb6\u5df1\u672a\u4f86\u0113-s\u00e1i\u70ba\u53f0\u8a9e\u6587\u5b78kap\u53f0\u8a9e\u00ea\u5730\u4f4d\u4f86phah-pi\u00e0\u207f\uff0c\u8d70chh\u014de\u6bcd\u8a9e\u00ea\u5c0a\u56b4\u3002.<\/p>\n<h2><strong>\u76ee\u9304<\/strong><\/h2>\n<p>\u63a8\u85a6\u5e8f\uff5c\u53f0\u8a9e\u6587\u5b78\u00ea\u8b77\u570b\u5de5\u7a0b\u5e2b\uff0f\u8523\u70ba\u6587<br \/>\n\u63a8\u85a6\u5e8f\uff5cK\u014d\u0358 thi\u00e0\u207f\u5fc3p\u016b&#8211;\u51fa-\u4f86\u00ea s\u00fai\uff0fT\u0113ng-pang Suyaka Chiu<br \/>\n\u63a8\u85a6\u5e8f\uff5cChi\u00e2\u207f ch\u00f2e \u016b p\u0113 \u016b b\u00f3 \u00ea T\u00e2i-g\u00ed l\u00e2ng\uff0fL\u00eem J\u016b-kh\u00e1i<\/p>\n<p>\u81ea \u5e8f\uff5c\u592f\u67b7\uff0f\u675c\u4fe1\u9f8d<\/p>\n<p>\u653e\u6bd2<br \/>\nKap\u5973\u540c\u4e8b\u00ea\u7955\u5bc6<br \/>\n\u963f\u5fe0kap\u963f\u7fa9<br \/>\n\u5be9\u5224<br \/>\n\u60c5\u5200<br \/>\n\u5929\u661f\u6eaa\u6cb3<br \/>\n\u963f\u82ac<br \/>\nA-l\u00e2m<br \/>\nSa\u207f-kha-\u00e1<br \/>\nPP\u57fa\u56e0\u65b0\u7a81\u8b8a<br \/>\n\u8d70\u7968<br \/>\n\u7d05\u5305lok\u4ed4<\/p>\n<p>\u4f5c\u54c1\u5beb\u4f5c\u3001\u767c\u8868\u7d00\u9304<\/p>\n<p>ISBN\uff1a9786267325131<br \/>\n\u51fa\u7248\u793e\uff1a\u524d\u885b<br \/>\n\u898f\u683c\uff1a\u5e73\u88dd \/ 208\u9801 \/ 15 x 21 x 1.04 cm \/ \u666e\u901a\u7d1a \/ \u55ae\u8272\u5370\u5237 \/ \u521d\u7248<br \/>\n\u51fa\u7248\u5730\uff1a\u53f0\u7063<\/p>\n","protected":false},"excerpt":{"rendered":"<p>\u653e\u6bd2\uff1a\u53f0\u8a9e\u5c0f\u8aaa\u96c6 \u5167\u5bb9\u7c21\u4ecb \u6e60\u5168\u4e16\u754c\u00ea\u751f\u7269\u653b\u64ca\uff0c\u6e60\u5168\u5cf6\u5dbc\u00ea\u8b20\u8a00\u5047\u8a71 \u7d05\u8272\u6697t\u00f2\u0358\u3001\u8feb\u5bb3\u81ea\u7531\u00ea\u6bd2\uff0c\u6309\u600e\u63d0\u9632\uff1f \u96fb&#8230;<\/p>\n","protected":false},"featured_media":113434,"comment_status":"closed","ping_status":"closed","template":"","meta":[],"product_brand":[],"product_cat":[2819,2663,3183],"product_tag":[],"class_list":{"0":"post-113433","1":"product","2":"type-product","3":"status-publish","4":"has-post-thumbnail","6":"product_cat-2819","7":"product_cat-2663","8":"product_cat-3183","10":"first","11":"instock","12":"sale","13":"taxable","14":"shipping-taxable","15":"purchasable","16":"product-type-simple"},"bundled_by":[],"bundle_stock_status":"instock","bundle_stock_quantity":null,"bundle_virtual":false,"bundle_layout":"","bundle_add_to_cart_form_location":"","bundle_editable_in_cart":false,"bundle_sold_individually_context":"","bundle_item_grouping":"","bundle_min_size":"","bundle_max_size":"","bundle_price":[],"bundled_items":[],"bundle_sell_ids":[65786,138697],"_links":{"self":[{"href":"https:\/\/www.gjtaiwan.com\/new\/wp-json\/wp\/v2\/product\/113433","targetHints":{"allow":["GET"]}}],"collection":[{"href":"https:\/\/www.gjtaiwan.com\/new\/wp-json\/wp\/v2\/product"}],"about":[{"href":"https:\/\/www.gjtaiwan.com\/new\/wp-json\/wp\/v2\/types\/product"}],"replies":[{"embeddable":true,"href":"https:\/\/www.gjtaiwan.com\/new\/wp-json\/wp\/v2\/comments?post=113433"}],"wp:featuredmedia":[{"embeddable":true,"href":"https:\/\/www.gjtaiwan.com\/new\/wp-json\/wp\/v2\/media\/113434"}],"wp:attachment":[{"href":"https:\/\/www.gjtaiwan.com\/new\/wp-json\/wp\/v2\/media?parent=113433"}],"wp:term":[{"taxonomy":"product_brand","embeddable":true,"href":"https:\/\/www.gjtaiwan.com\/new\/wp-json\/wp\/v2\/product_brand?post=113433"},{"taxonomy":"product_cat","embeddable":true,"href":"https:\/\/www.gjtaiwan.com\/new\/wp-json\/wp\/v2\/product_cat?post=113433"},{"taxonomy":"product_tag","embeddable":true,"href":"https:\/\/www.gjtaiwan.com\/new\/wp-json\/wp\/v2\/product_tag?post=113433"}],"curies":[{"name":"wp","href":"https:\/\/api.w.org\/{rel}","templated":true}]}}