{"id":120418,"date":"2024-03-14T14:42:59","date_gmt":"2024-03-14T06:42:59","guid":{"rendered":"https:\/\/www.gjtaiwan.com\/new\/?post_type=product&#038;p=120418"},"modified":"2024-03-14T14:43:17","modified_gmt":"2024-03-14T06:43:17","slug":"%e5%8f%b0%e6%96%87%e6%95%85%e4%ba%8b%e7%89%88%e7%95%ab%e8%b2%bc%e7%b4%99","status":"publish","type":"product","link":"https:\/\/www.gjtaiwan.com\/new\/product\/%e5%8f%b0%e6%96%87%e6%95%85%e4%ba%8b%e7%89%88%e7%95%ab%e8%b2%bc%e7%b4%99","title":{"rendered":"\u53f0\u6587\u6545\u4e8b\u7248\u756b\u8cbc\u7d19"},"content":{"rendered":"<h1><strong>\u53f0\u6587\u6545\u4e8b\u7248\u756b\u8cbc\u7d19<\/strong><\/h1>\n<p><img loading=\"lazy\" decoding=\"async\" class=\"alignnone size-large wp-image-120423\" src=\"https:\/\/www.gjtaiwan.com\/new\/wp-content\/uploads\/2024\/03\/4710859100627_bc-800x800.jpg\" alt=\"\" width=\"800\" height=\"800\" srcset=\"https:\/\/www.gjtaiwan.com\/new\/wp-content\/uploads\/2024\/03\/4710859100627_bc.jpg 800w, https:\/\/www.gjtaiwan.com\/new\/wp-content\/uploads\/2024\/03\/4710859100627_bc-280x280.jpg 280w, https:\/\/www.gjtaiwan.com\/new\/wp-content\/uploads\/2024\/03\/4710859100627_bc-400x400.jpg 400w, https:\/\/www.gjtaiwan.com\/new\/wp-content\/uploads\/2024\/03\/4710859100627_bc-768x768.jpg 768w, https:\/\/www.gjtaiwan.com\/new\/wp-content\/uploads\/2024\/03\/4710859100627_bc-600x600.jpg 600w, https:\/\/www.gjtaiwan.com\/new\/wp-content\/uploads\/2024\/03\/4710859100627_bc-100x100.jpg 100w, https:\/\/www.gjtaiwan.com\/new\/wp-content\/uploads\/2024\/03\/4710859100627_bc-300x300.jpg 300w\" sizes=\"auto, (max-width: 800px) 100vw, 800px\" \/><\/p>\n<p><img loading=\"lazy\" decoding=\"async\" class=\"alignnone size-large wp-image-120419\" src=\"https:\/\/www.gjtaiwan.com\/new\/wp-content\/uploads\/2024\/03\/4710859100627_b1-800x800.jpg\" alt=\"\" width=\"800\" height=\"800\" srcset=\"https:\/\/www.gjtaiwan.com\/new\/wp-content\/uploads\/2024\/03\/4710859100627_b1.jpg 800w, https:\/\/www.gjtaiwan.com\/new\/wp-content\/uploads\/2024\/03\/4710859100627_b1-280x280.jpg 280w, https:\/\/www.gjtaiwan.com\/new\/wp-content\/uploads\/2024\/03\/4710859100627_b1-400x400.jpg 400w, https:\/\/www.gjtaiwan.com\/new\/wp-content\/uploads\/2024\/03\/4710859100627_b1-768x768.jpg 768w, https:\/\/www.gjtaiwan.com\/new\/wp-content\/uploads\/2024\/03\/4710859100627_b1-600x600.jpg 600w, https:\/\/www.gjtaiwan.com\/new\/wp-content\/uploads\/2024\/03\/4710859100627_b1-100x100.jpg 100w, https:\/\/www.gjtaiwan.com\/new\/wp-content\/uploads\/2024\/03\/4710859100627_b1-300x300.jpg 300w\" sizes=\"auto, (max-width: 800px) 100vw, 800px\" \/><\/p>\n<p><img loading=\"lazy\" decoding=\"async\" class=\"alignnone size-large wp-image-120420\" src=\"https:\/\/www.gjtaiwan.com\/new\/wp-content\/uploads\/2024\/03\/4710859100627_b2-800x800.jpg\" alt=\"\" width=\"800\" height=\"800\" srcset=\"https:\/\/www.gjtaiwan.com\/new\/wp-content\/uploads\/2024\/03\/4710859100627_b2.jpg 800w, https:\/\/www.gjtaiwan.com\/new\/wp-content\/uploads\/2024\/03\/4710859100627_b2-280x280.jpg 280w, https:\/\/www.gjtaiwan.com\/new\/wp-content\/uploads\/2024\/03\/4710859100627_b2-400x400.jpg 400w, https:\/\/www.gjtaiwan.com\/new\/wp-content\/uploads\/2024\/03\/4710859100627_b2-768x768.jpg 768w, https:\/\/www.gjtaiwan.com\/new\/wp-content\/uploads\/2024\/03\/4710859100627_b2-600x600.jpg 600w, https:\/\/www.gjtaiwan.com\/new\/wp-content\/uploads\/2024\/03\/4710859100627_b2-100x100.jpg 100w, https:\/\/www.gjtaiwan.com\/new\/wp-content\/uploads\/2024\/03\/4710859100627_b2-300x300.jpg 300w\" sizes=\"auto, (max-width: 800px) 100vw, 800px\" \/><\/p>\n<p><img loading=\"lazy\" decoding=\"async\" class=\"alignnone size-large wp-image-120421\" src=\"https:\/\/www.gjtaiwan.com\/new\/wp-content\/uploads\/2024\/03\/4710859100627_b3-800x800.jpg\" alt=\"\" width=\"800\" height=\"800\" srcset=\"https:\/\/www.gjtaiwan.com\/new\/wp-content\/uploads\/2024\/03\/4710859100627_b3.jpg 800w, https:\/\/www.gjtaiwan.com\/new\/wp-content\/uploads\/2024\/03\/4710859100627_b3-280x280.jpg 280w, https:\/\/www.gjtaiwan.com\/new\/wp-content\/uploads\/2024\/03\/4710859100627_b3-400x400.jpg 400w, https:\/\/www.gjtaiwan.com\/new\/wp-content\/uploads\/2024\/03\/4710859100627_b3-768x768.jpg 768w, https:\/\/www.gjtaiwan.com\/new\/wp-content\/uploads\/2024\/03\/4710859100627_b3-600x600.jpg 600w, https:\/\/www.gjtaiwan.com\/new\/wp-content\/uploads\/2024\/03\/4710859100627_b3-100x100.jpg 100w, https:\/\/www.gjtaiwan.com\/new\/wp-content\/uploads\/2024\/03\/4710859100627_b3-300x300.jpg 300w\" sizes=\"auto, (max-width: 800px) 100vw, 800px\" \/><\/p>\n<p><img loading=\"lazy\" decoding=\"async\" class=\"alignnone size-large wp-image-120422\" src=\"https:\/\/www.gjtaiwan.com\/new\/wp-content\/uploads\/2024\/03\/4710859100627_b4-800x800.jpg\" alt=\"\" width=\"800\" height=\"800\" srcset=\"https:\/\/www.gjtaiwan.com\/new\/wp-content\/uploads\/2024\/03\/4710859100627_b4.jpg 800w, https:\/\/www.gjtaiwan.com\/new\/wp-content\/uploads\/2024\/03\/4710859100627_b4-280x280.jpg 280w, https:\/\/www.gjtaiwan.com\/new\/wp-content\/uploads\/2024\/03\/4710859100627_b4-400x400.jpg 400w, https:\/\/www.gjtaiwan.com\/new\/wp-content\/uploads\/2024\/03\/4710859100627_b4-768x768.jpg 768w, https:\/\/www.gjtaiwan.com\/new\/wp-content\/uploads\/2024\/03\/4710859100627_b4-600x600.jpg 600w, https:\/\/www.gjtaiwan.com\/new\/wp-content\/uploads\/2024\/03\/4710859100627_b4-100x100.jpg 100w, https:\/\/www.gjtaiwan.com\/new\/wp-content\/uploads\/2024\/03\/4710859100627_b4-300x300.jpg 300w\" sizes=\"auto, (max-width: 800px) 100vw, 800px\" \/><\/p>\n<h2><strong>\u5167\u5bb9\u7c21\u4ecb<\/strong><\/h2>\n<p>\u7cbe\u5f69\u7684\u53f0\u8a9e\u53e4\uff0c\u5fc3\u9069\u7684\u53f0\u7063\u5473<br \/>\n\u53e4\u9310\u8cbc\u7d19\u4f47\u8eab\u908a\uff0c\u62db\u4f60\u8da3\u5473\u5b78\u53f0\u8a9e<\/p>\n<p>\u4e0d\u77e5\u9053\u53f0\u8a9e\u600e\u9ebc\u5beb\uff0c\u4e0d\u66c9\u5f97\u53f0\u8a9e\u7f85\u99ac\u5b57\uff1f\u514d\u8457\u9a5a\uff0c\u900f\u904e\u6c34\u5370\u6728\u523b\u85dd\u8853\u5bb6\u6d2a\u798f\u7530\u8001\u5e2bQ\u840c\u53e4\u9310\u7684\u7248\u756b\uff0c\u8a8d\u8b58\u53f0\u6587\u6545\u4e8b\u7d93\u5178\u89d2\u8272\uff0c\u4e00\u8d77\u9032\u5165\u53f0\u8a9e\u7684\u4e16\u754c\u5427\uff01<\/p>\n<p>\u300c\u53f0\u6587\u6545\u4e8b\u7248\u756b\u8cbc\u7d19 T\u00e2i-b\u00fbn k\u00f2o-s\u016b p\u00e1n-u\u0113 tah-tsu\u00e1\u300d\u6536\u9304\u524d\u885b\u51fa\u7248\u7684\u4e16\u754c\u7d93\u5178\u53f0\u6587\u6545\u4e8b\uff0c\u6709\u53f0\u8a9e\u7248\u300a\u5c0f\u738b\u5b50\u300b\uff0c\u300a\u50b2\u6162\u4f6e\u504f\u898b\u300b\u7684\u9054\u897f\u548c\u4f0a\u4fd0\u838e\u767d\uff0c\u9084\u6709\u912d\u9806\u8070\u53f0\u8a9e\u5947\u5e7b\u5c0f\u8aaa\u300a\u5927\u58eb\u723a\u539a\u706b\u6c23\u300b\u7684\u9ec3\u91d1\u62cd\u6a94\uff1a\u5c58\u864e\u723a\u300c\u54c8\u56c9\u300d\u548c\u8abf\u76ae\u5192\u96aa\u738b\u300c\u6329\u7a97\u300d\u3002\u53ef\u611b\u8da3\u5473\u7684\u53f0\u6587\u8cbc\u7d19\uff0c\u6f22\u5b57\u3001\u7f85\u99ac\u5b57\u901a\u901a\u6703\uff0c\u8b93\u4f60\u7b46\u96fb\u3001\u66f8\u6ac3\u3001\u624b\u5e33\u3001\u7b46\u8a18\u90fd\u53ef\u8cbc\uff0c\u5b78\u53f0\u8a9e\u5fc5\u5099\u7684\u6109\u6085\u5c0f\u7269\u3002<\/p>\n<p>\u524d\u885b\u51fa\u7248\u793e\u51fa\u54c1 \/ \u6d2a\u798f\u7530\u7e6a\u5716<br \/>\n\u5c3a\u5bf8\uff1a21.2cm \u00d7 17.2cm<br \/>\n\u6750\u8cea\uff1a\u5851\u81a0\u3001\u7d19\u5f35<br \/>\n\u7522\u5730\uff1aT\u00e2i-u\u00e2n<\/p>\n<h2><strong>\u4f5c\/\u7e6a\u8005\u7c21\u4ecb<\/strong><\/h2>\n<p>\u6d2a\u798f\u7530<\/p>\n<p>\u4e00\u76f4\u4ee5\u7e6a\u5716\u70ba\u5de5\u4f5c\uff0c\u76ee\u524d\u5c45\u4f4f\u5728\u6709\u6a39\u7684\u81fa\u5357\u5df7\u5f04\u88e1\u3002<\/p>\n<p>\u5c0d\u5edf\u5b87\u7684\u6c11\u4fd7\u7f8e\u8853\u8457\u8ff7\uff0c\u559c\u611b\u50b3\u7d71\u7684\u7248\u5370\uff0c\u4e5f\u53d7\u5230\u65e5\u6cbb\u6642\u4ee3\u4f5c\u5bb6\u897f\u5ddd\u6eff\u5f71\u97ff\uff0c\u71b1\u8877\u65bc\u85cf\u66f8\u7968\u3001\u624b\u4f5c\u9650\u5b9a\u672c\u7684\u5275\u4f5c\uff0c\u9032\u800c\u5b78\u7fd2\u50b3\u7d71\u85dd\u8853\u300c\u6728\u523b\u6c34\u5370\u300d\uff0c\u64c5\u9577\u7248\u756b\u98a8\u683c\u7684\u7e6a\u5716\u8868\u73fe\u3002<\/p>\n<p>\u51fa\u7248\u793e\uff1a\u524d\u885b<br \/>\n\u898f\u683c\uff1a\u5e73\u88dd \/ 1\u9801 \/ 17.2 x 21.2 x 0.1 cm \/ \u666e\u901a\u7d1a \/ \u55ae\u8272\u5370\u5237 \/ \u521d\u7248<br \/>\n\u51fa\u7248\u5730\uff1a\u53f0\u7063<\/p>\n","protected":false},"excerpt":{"rendered":"<p>\u53f0\u6587\u6545\u4e8b\u7248\u756b\u8cbc\u7d19 \u5167\u5bb9\u7c21\u4ecb \u7cbe\u5f69\u7684\u53f0\u8a9e\u53e4\uff0c\u5fc3\u9069\u7684\u53f0\u7063\u5473 \u53e4\u9310\u8cbc\u7d19\u4f47\u8eab\u908a\uff0c\u62db\u4f60\u8da3\u5473\u5b78\u53f0\u8a9e \u4e0d\u77e5\u9053\u53f0\u8a9e\u600e\u9ebc\u5beb\uff0c\u4e0d\u66c9&#8230;<\/p>\n","protected":false},"featured_media":120423,"comment_status":"closed","ping_status":"closed","template":"","meta":[],"product_brand":[],"product_cat":[2705,12296],"product_tag":[],"class_list":{"0":"post-120418","1":"product","2":"type-product","3":"status-publish","4":"has-post-thumbnail","6":"product_cat-2705","7":"product_cat-12296","9":"first","10":"instock","11":"sale","12":"taxable","13":"shipping-taxable","14":"purchasable","15":"product-type-simple"},"bundled_by":[],"bundle_stock_status":"instock","bundle_stock_quantity":null,"bundle_virtual":false,"bundle_layout":"","bundle_add_to_cart_form_location":"","bundle_editable_in_cart":false,"bundle_sold_individually_context":"","bundle_item_grouping":"","bundle_min_size":"","bundle_max_size":"","bundle_price":[],"bundled_items":[],"bundle_sell_ids":[65786,138697],"_links":{"self":[{"href":"https:\/\/www.gjtaiwan.com\/new\/wp-json\/wp\/v2\/product\/120418","targetHints":{"allow":["GET"]}}],"collection":[{"href":"https:\/\/www.gjtaiwan.com\/new\/wp-json\/wp\/v2\/product"}],"about":[{"href":"https:\/\/www.gjtaiwan.com\/new\/wp-json\/wp\/v2\/types\/product"}],"replies":[{"embeddable":true,"href":"https:\/\/www.gjtaiwan.com\/new\/wp-json\/wp\/v2\/comments?post=120418"}],"wp:featuredmedia":[{"embeddable":true,"href":"https:\/\/www.gjtaiwan.com\/new\/wp-json\/wp\/v2\/media\/120423"}],"wp:attachment":[{"href":"https:\/\/www.gjtaiwan.com\/new\/wp-json\/wp\/v2\/media?parent=120418"}],"wp:term":[{"taxonomy":"product_brand","embeddable":true,"href":"https:\/\/www.gjtaiwan.com\/new\/wp-json\/wp\/v2\/product_brand?post=120418"},{"taxonomy":"product_cat","embeddable":true,"href":"https:\/\/www.gjtaiwan.com\/new\/wp-json\/wp\/v2\/product_cat?post=120418"},{"taxonomy":"product_tag","embeddable":true,"href":"https:\/\/www.gjtaiwan.com\/new\/wp-json\/wp\/v2\/product_tag?post=120418"}],"curies":[{"name":"wp","href":"https:\/\/api.w.org\/{rel}","templated":true}]}}