{"id":122215,"date":"2024-04-16T17:54:34","date_gmt":"2024-04-16T09:54:34","guid":{"rendered":"https:\/\/www.gjtaiwan.com\/new\/?post_type=product&#038;p=122215"},"modified":"2025-07-16T11:21:08","modified_gmt":"2025-07-16T03:21:08","slug":"%e5%8d%81%e7%b2%92%e5%8d%b5","status":"publish","type":"product","link":"https:\/\/www.gjtaiwan.com\/new\/product\/%e5%8d%81%e7%b2%92%e5%8d%b5","title":{"rendered":"\u5341\u7c92\u5375"},"content":{"rendered":"<h1><strong>\u5341\u7c92\u5375<\/strong><\/h1>\n<p><img loading=\"lazy\" decoding=\"async\" class=\"alignnone size-large wp-image-122217\" src=\"https:\/\/www.gjtaiwan.com\/new\/wp-content\/uploads\/2024\/04\/9786269740802_bc-800x800.jpg\" alt=\"\" width=\"800\" height=\"800\" srcset=\"https:\/\/www.gjtaiwan.com\/new\/wp-content\/uploads\/2024\/04\/9786269740802_bc.jpg 800w, https:\/\/www.gjtaiwan.com\/new\/wp-content\/uploads\/2024\/04\/9786269740802_bc-280x280.jpg 280w, https:\/\/www.gjtaiwan.com\/new\/wp-content\/uploads\/2024\/04\/9786269740802_bc-400x400.jpg 400w, https:\/\/www.gjtaiwan.com\/new\/wp-content\/uploads\/2024\/04\/9786269740802_bc-768x768.jpg 768w, https:\/\/www.gjtaiwan.com\/new\/wp-content\/uploads\/2024\/04\/9786269740802_bc-600x600.jpg 600w, https:\/\/www.gjtaiwan.com\/new\/wp-content\/uploads\/2024\/04\/9786269740802_bc-100x100.jpg 100w, https:\/\/www.gjtaiwan.com\/new\/wp-content\/uploads\/2024\/04\/9786269740802_bc-300x300.jpg 300w\" sizes=\"auto, (max-width: 800px) 100vw, 800px\" \/><\/p>\n<p><img loading=\"lazy\" decoding=\"async\" class=\"alignnone size-large wp-image-122218\" src=\"https:\/\/www.gjtaiwan.com\/new\/wp-content\/uploads\/2024\/04\/9786269740802_b2-1132x800.jpg\" alt=\"\" width=\"1020\" height=\"721\" srcset=\"https:\/\/www.gjtaiwan.com\/new\/wp-content\/uploads\/2024\/04\/9786269740802_b2.jpg 1132w, https:\/\/www.gjtaiwan.com\/new\/wp-content\/uploads\/2024\/04\/9786269740802_b2-566x400.jpg 566w, https:\/\/www.gjtaiwan.com\/new\/wp-content\/uploads\/2024\/04\/9786269740802_b2-768x543.jpg 768w, https:\/\/www.gjtaiwan.com\/new\/wp-content\/uploads\/2024\/04\/9786269740802_b2-600x424.jpg 600w\" sizes=\"auto, (max-width: 1020px) 100vw, 1020px\" \/><\/p>\n<p><img loading=\"lazy\" decoding=\"async\" class=\"alignnone size-large wp-image-122219\" src=\"https:\/\/www.gjtaiwan.com\/new\/wp-content\/uploads\/2024\/04\/9786269740802_b3-1132x800.jpg\" alt=\"\" width=\"1020\" height=\"721\" srcset=\"https:\/\/www.gjtaiwan.com\/new\/wp-content\/uploads\/2024\/04\/9786269740802_b3.jpg 1132w, https:\/\/www.gjtaiwan.com\/new\/wp-content\/uploads\/2024\/04\/9786269740802_b3-566x400.jpg 566w, https:\/\/www.gjtaiwan.com\/new\/wp-content\/uploads\/2024\/04\/9786269740802_b3-768x543.jpg 768w, https:\/\/www.gjtaiwan.com\/new\/wp-content\/uploads\/2024\/04\/9786269740802_b3-600x424.jpg 600w\" sizes=\"auto, (max-width: 1020px) 100vw, 1020px\" \/><\/p>\n<p><img loading=\"lazy\" decoding=\"async\" class=\"alignnone size-large wp-image-122216\" src=\"https:\/\/www.gjtaiwan.com\/new\/wp-content\/uploads\/2024\/04\/9786269740802_b4-1132x800.jpg\" alt=\"\" width=\"1020\" height=\"721\" srcset=\"https:\/\/www.gjtaiwan.com\/new\/wp-content\/uploads\/2024\/04\/9786269740802_b4.jpg 1132w, https:\/\/www.gjtaiwan.com\/new\/wp-content\/uploads\/2024\/04\/9786269740802_b4-566x400.jpg 566w, https:\/\/www.gjtaiwan.com\/new\/wp-content\/uploads\/2024\/04\/9786269740802_b4-768x543.jpg 768w, https:\/\/www.gjtaiwan.com\/new\/wp-content\/uploads\/2024\/04\/9786269740802_b4-600x424.jpg 600w\" sizes=\"auto, (max-width: 1020px) 100vw, 1020px\" \/><\/p>\n<h2><strong>\u5167\u5bb9\u7c21\u4ecb<\/strong><\/h2>\n<p>\u56e1\u4ed4kap in\u7238\u7238\u53bb\u83dc\u5e02\u4ed4\u8cb7\u5375\uff0c\u7121\u7d30\u81a9\u8dcb\u4e00\u4e0b\uff0c\u5341\u7c92\u5375l\u00f3ng\u98db&#8211;\u51fa-\u53bb&#8211;ah\u3002\u7dcak\u0101\u63a5&#8211;\u8d77-\u4f86\uff01Ua\u030b\uff0cb\u0113\u8d74&#8211;ah\u3002Phia\u030dk\uff01Kha\u030dk\uff01Kho\u030dk\uff01Po\u030dk\uff01Tsia-\u00ea\u5375suah\u8b8a\u505a\u83dc\u812f\u5375\u3001\u8525\u982d\u7092\u5375\u3001\u4e09\u8272\u5375\u3001\u6ef7\u5375\u2026\u2026\u3002Koh\u6709\u5565mih\u5375\u00ea\u6599\u7406&#8211;leh\uff1fIn beh\u6309\u600etsiah\u597d\uff1f\u505a\u4f19\u4f86\u8b80tsit\u4e2a\u5fc3\u9069\u00ea\u6545\u4e8b\uff0c\u8a8dbat\u751f\u6d3b\u4e2d\u00ea\u53f0\u6587\uff01<\/p>\n<p>\u5c0f\u5b69\u548c\u7238\u7238\u53bb\u83dc\u5e02\u5834\u8cb7\u86cb\uff0c\u4e0d\u5c0f\u5fc3\u8dcc\u5012\u4e86\uff0c\u5341\u9846\u86cb\u90fd\u98db\u51fa\u53bb\u4e86\u3002\u5feb\u6293\u4f4f\u5b83\u554a\uff01\u54c7\uff0c\u4f86\u4e0d\u53ca\u4e86\u3002Phia\u030dk\uff01Kha\u030dk\uff01Kho\u030dk\uff01Po\u030dk\uff01\u9019\u4e9b\u86cb\u7adf\u8b8a\u6210\u4e86\u83dc\u812f\u86cb\u3001\u8525\u982d\u7092\u86cb\u3001\u4e09\u8272\u86cb\u3001\u6ef7\u86cb\u2026\u2026\u3002\u9084\u6709\u4ec0\u9ebc\u86cb\u6599\u7406\u5462\uff1f\u4ed6\u5011\u8a72\u600e\u9ebc\u8fa6\uff1f\u4e00\u8d77\u4f86\u8b80\u9019\u500b\u6709\u8da3\u7684\u6545\u4e8b\uff0c\u8a8d\u8b58\u751f\u6d3b\u4e2d\u7684\u53f0\u6587\uff01<\/p>\n<p>\u53f0\u8a9e\u4eba\u4f86\u8d0a\u8072<\/p>\n<p>Tsit\u672c\u7e6a\u672c\u300a\u5341\u7c92\u5375\u300bm\u0304-n\u0101\u756bkah\u771fsu\u00ed\uff0c\u5167\u5bb9koh\u771f\u7528\u5fc3\uff0ch\u014do\u56e1\u4ed4\u0113-t\u00e0ng\u900f\u904e\u7121\u4edd\u00ea\u5375\u4f86\u5b78\u7fd2\u52d5\u7269\u3001\u83dc\u852c\u3001\u8272\u6c34\u3001\u6587\u5316\u7bc0\u6176\u7b49\u7b49\u00ea\u53f0\u8a9e\u540d\u8a5e\uff0c\u5be6\u5728\u662f\u300c\u5927\u7897koh\u6eff\u5898\u300d\u3002\u2014\u2014\u90b5\u5927\u502b\uff08\u5ee3\u64ad\u91d1\u9418\u734e\u6700\u4f73\u6d41\u884c\u97f3\u6a02\u7bc0\u76ee\u4e3b\u6301\u4eba\uff09<\/p>\n<p>\u300a\u5341\u7c92\u5375\u300b\u756b\u672c\u5167\u5e95\uff0c\u5341\u7c92\u98db&#8211;\u51fa-\u53bb\u00ea\u5375\u96a8\u8b8a\u505a\u5341\u51fa\u82b3k\u00f2ng-k\u00f2ng \u00ea\u6599\u7406\uff0ch\u014do\u4eba\u4e00\u4e0b\u770b&#8211;\u8457\uff0c\u5599\u703eki\u014dng-beh\u6d25&#8211;\u843d-\u4f86\u3002\u2014\u2014\u6797\u674f\u4f73\uff08\u53f0\u5927\u96f2\u6797\u5206\u9662\u5c0f\u5152\u79d1\u91ab\u5e2b\uff09<\/p>\n<h2><strong>\u4f5c\u8005\u7c21\u4ecb<\/strong><\/h2>\n<p>\u9673\u80b2\u8431\uff08T\u00e2n Io\u030dk-suan\uff09<\/p>\n<p>\u53f0\u5317\u4eba\uff0c\u5169\u4e2a\u56e1\u4ed4\u00ea\u5abd\u5abd<br \/>\n\u6a02\u66a2\u89aa\u5b50\u5171\u5b78\u7a7a\u9593\u8ca0\u8cac\u4eba<\/p>\n<p>\u7e6a\u8005\u7c21\u4ecb<\/p>\n<p>\u6c88\u7a4e\u82b3\uff08S\u00edm \u00cdng-hong\uff09<\/p>\n<p>\u53f0\u5317\u4eba\uff0ctsit-m\u00e1\u8e5b\u7f8e\u570b<br \/>\n\u7f8e\u570bVirginia Commonwealth University\u85dd\u8853\u5b78\u9662\u526f\u6559\u6388<\/p>\n<p>ISBN\uff1a9786269740802<br \/>\n\u51fa\u7248\u793e\uff1a\u524d\u885b<br \/>\n\u898f\u683c\uff1a\u7cbe\u88dd \/ 56\u9801 \/ 21 x 30 x 1 cm \/ \u666e\u901a\u7d1a \/ \u5168\u5f69\u5370\u5237 \/ \u521d\u7248<br \/>\n\u51fa\u7248\u5730\uff1a\u53f0\u7063<br \/>\n\u9069\u8b80\u5e74\u9f61\uff1a6\u6b72~12\u6b72<\/p>\n","protected":false},"excerpt":{"rendered":"<p>\u5341\u7c92\u5375 \u5167\u5bb9\u7c21\u4ecb \u56e1\u4ed4kap in\u7238\u7238\u53bb\u83dc\u5e02\u4ed4\u8cb7\u5375\uff0c\u7121\u7d30\u81a9\u8dcb\u4e00\u4e0b\uff0c\u5341\u7c92\u5375l\u00f3ng\u98db&#8211;\u51fa-\u53bb&#038;#82&#8230;<\/p>\n","protected":false},"featured_media":122217,"comment_status":"closed","ping_status":"closed","template":"","meta":[],"product_brand":[],"product_cat":[2849,2663,4349,3183],"product_tag":[],"class_list":{"0":"post-122215","1":"product","2":"type-product","3":"status-publish","4":"has-post-thumbnail","6":"product_cat-kids","7":"product_cat-2663","8":"product_cat-4349","9":"product_cat-3183","11":"first","12":"instock","13":"sale","14":"taxable","15":"shipping-taxable","16":"purchasable","17":"product-type-simple"},"bundled_by":[],"bundle_stock_status":"instock","bundle_stock_quantity":null,"bundle_virtual":false,"bundle_layout":"","bundle_add_to_cart_form_location":"","bundle_editable_in_cart":false,"bundle_sold_individually_context":"","bundle_item_grouping":"","bundle_min_size":"","bundle_max_size":"","bundle_price":[],"bundled_items":[],"bundle_sell_ids":{"0":65786,"2":138697},"_links":{"self":[{"href":"https:\/\/www.gjtaiwan.com\/new\/wp-json\/wp\/v2\/product\/122215","targetHints":{"allow":["GET"]}}],"collection":[{"href":"https:\/\/www.gjtaiwan.com\/new\/wp-json\/wp\/v2\/product"}],"about":[{"href":"https:\/\/www.gjtaiwan.com\/new\/wp-json\/wp\/v2\/types\/product"}],"replies":[{"embeddable":true,"href":"https:\/\/www.gjtaiwan.com\/new\/wp-json\/wp\/v2\/comments?post=122215"}],"wp:featuredmedia":[{"embeddable":true,"href":"https:\/\/www.gjtaiwan.com\/new\/wp-json\/wp\/v2\/media\/122217"}],"wp:attachment":[{"href":"https:\/\/www.gjtaiwan.com\/new\/wp-json\/wp\/v2\/media?parent=122215"}],"wp:term":[{"taxonomy":"product_brand","embeddable":true,"href":"https:\/\/www.gjtaiwan.com\/new\/wp-json\/wp\/v2\/product_brand?post=122215"},{"taxonomy":"product_cat","embeddable":true,"href":"https:\/\/www.gjtaiwan.com\/new\/wp-json\/wp\/v2\/product_cat?post=122215"},{"taxonomy":"product_tag","embeddable":true,"href":"https:\/\/www.gjtaiwan.com\/new\/wp-json\/wp\/v2\/product_tag?post=122215"}],"curies":[{"name":"wp","href":"https:\/\/api.w.org\/{rel}","templated":true}]}}