{"id":122838,"date":"2024-05-22T15:43:40","date_gmt":"2024-05-22T07:43:40","guid":{"rendered":"https:\/\/www.gjtaiwan.com\/new\/?post_type=product&#038;p=122838"},"modified":"2026-01-27T10:34:49","modified_gmt":"2026-01-27T02:34:49","slug":"%e9%83%bd%e6%9f%8f%e6%9e%97%e4%ba%ba%e5%8f%b0%e6%96%87%e7%89%88","status":"publish","type":"product","link":"https:\/\/www.gjtaiwan.com\/new\/product\/%e9%83%bd%e6%9f%8f%e6%9e%97%e4%ba%ba%e5%8f%b0%e6%96%87%e7%89%88","title":{"rendered":"\u90fd\u67cf\u6797\u4eba\uff08\u53f0\u6587\u7248\uff09"},"content":{"rendered":"<h1><strong>\u90fd\u67cf\u6797\u4eba\uff08\u53f0\u6587\u7248\uff09<\/strong><\/h1>\n<p><img loading=\"lazy\" decoding=\"async\" class=\"alignnone size-large wp-image-122845\" src=\"https:\/\/www.gjtaiwan.com\/new\/wp-content\/uploads\/2024\/05\/9786267463178_bc-572x800.jpg\" alt=\"\" width=\"572\" height=\"800\" srcset=\"https:\/\/www.gjtaiwan.com\/new\/wp-content\/uploads\/2024\/05\/9786267463178_bc-572x800.jpg 572w, https:\/\/www.gjtaiwan.com\/new\/wp-content\/uploads\/2024\/05\/9786267463178_bc-286x400.jpg 286w, https:\/\/www.gjtaiwan.com\/new\/wp-content\/uploads\/2024\/05\/9786267463178_bc.jpg 768w, https:\/\/www.gjtaiwan.com\/new\/wp-content\/uploads\/2024\/05\/9786267463178_bc-600x839.jpg 600w\" sizes=\"auto, (max-width: 572px) 100vw, 572px\" \/><\/p>\n<p><img loading=\"lazy\" decoding=\"async\" class=\"alignnone size-large wp-image-122840\" src=\"https:\/\/www.gjtaiwan.com\/new\/wp-content\/uploads\/2024\/05\/9786267463178_b2-562x800.jpg\" alt=\"\" width=\"562\" height=\"800\" srcset=\"https:\/\/www.gjtaiwan.com\/new\/wp-content\/uploads\/2024\/05\/9786267463178_b2-562x800.jpg 562w, https:\/\/www.gjtaiwan.com\/new\/wp-content\/uploads\/2024\/05\/9786267463178_b2-281x400.jpg 281w, https:\/\/www.gjtaiwan.com\/new\/wp-content\/uploads\/2024\/05\/9786267463178_b2.jpg 768w, https:\/\/www.gjtaiwan.com\/new\/wp-content\/uploads\/2024\/05\/9786267463178_b2-600x854.jpg 600w\" sizes=\"auto, (max-width: 562px) 100vw, 562px\" \/><\/p>\n<p><img loading=\"lazy\" decoding=\"async\" class=\"alignnone size-large wp-image-122841\" src=\"https:\/\/www.gjtaiwan.com\/new\/wp-content\/uploads\/2024\/05\/9786267463178_b3-562x800.jpg\" alt=\"\" width=\"562\" height=\"800\" srcset=\"https:\/\/www.gjtaiwan.com\/new\/wp-content\/uploads\/2024\/05\/9786267463178_b3-562x800.jpg 562w, https:\/\/www.gjtaiwan.com\/new\/wp-content\/uploads\/2024\/05\/9786267463178_b3-281x400.jpg 281w, https:\/\/www.gjtaiwan.com\/new\/wp-content\/uploads\/2024\/05\/9786267463178_b3.jpg 768w, https:\/\/www.gjtaiwan.com\/new\/wp-content\/uploads\/2024\/05\/9786267463178_b3-600x854.jpg 600w\" sizes=\"auto, (max-width: 562px) 100vw, 562px\" \/><\/p>\n<p><img loading=\"lazy\" decoding=\"async\" class=\"alignnone size-large wp-image-122842\" src=\"https:\/\/www.gjtaiwan.com\/new\/wp-content\/uploads\/2024\/05\/9786267463178_b4-562x800.jpg\" alt=\"\" width=\"562\" height=\"800\" srcset=\"https:\/\/www.gjtaiwan.com\/new\/wp-content\/uploads\/2024\/05\/9786267463178_b4-562x800.jpg 562w, https:\/\/www.gjtaiwan.com\/new\/wp-content\/uploads\/2024\/05\/9786267463178_b4-281x400.jpg 281w, https:\/\/www.gjtaiwan.com\/new\/wp-content\/uploads\/2024\/05\/9786267463178_b4.jpg 768w, https:\/\/www.gjtaiwan.com\/new\/wp-content\/uploads\/2024\/05\/9786267463178_b4-600x854.jpg 600w\" sizes=\"auto, (max-width: 562px) 100vw, 562px\" \/><\/p>\n<p><img loading=\"lazy\" decoding=\"async\" class=\"alignnone size-large wp-image-122843\" src=\"https:\/\/www.gjtaiwan.com\/new\/wp-content\/uploads\/2024\/05\/9786267463178_b5-562x800.jpg\" alt=\"\" width=\"562\" height=\"800\" srcset=\"https:\/\/www.gjtaiwan.com\/new\/wp-content\/uploads\/2024\/05\/9786267463178_b5-562x800.jpg 562w, https:\/\/www.gjtaiwan.com\/new\/wp-content\/uploads\/2024\/05\/9786267463178_b5-281x400.jpg 281w, https:\/\/www.gjtaiwan.com\/new\/wp-content\/uploads\/2024\/05\/9786267463178_b5.jpg 768w, https:\/\/www.gjtaiwan.com\/new\/wp-content\/uploads\/2024\/05\/9786267463178_b5-600x854.jpg 600w\" sizes=\"auto, (max-width: 562px) 100vw, 562px\" \/><\/p>\n<p><img loading=\"lazy\" decoding=\"async\" class=\"alignnone size-large wp-image-122844\" src=\"https:\/\/www.gjtaiwan.com\/new\/wp-content\/uploads\/2024\/05\/9786267463178_b6-562x800.jpg\" alt=\"\" width=\"562\" height=\"800\" srcset=\"https:\/\/www.gjtaiwan.com\/new\/wp-content\/uploads\/2024\/05\/9786267463178_b6-562x800.jpg 562w, https:\/\/www.gjtaiwan.com\/new\/wp-content\/uploads\/2024\/05\/9786267463178_b6-281x400.jpg 281w, https:\/\/www.gjtaiwan.com\/new\/wp-content\/uploads\/2024\/05\/9786267463178_b6.jpg 768w, https:\/\/www.gjtaiwan.com\/new\/wp-content\/uploads\/2024\/05\/9786267463178_b6-600x854.jpg 600w\" sizes=\"auto, (max-width: 562px) 100vw, 562px\" \/><\/p>\n<h2><strong>\u5167\u5bb9\u7c21\u4ecb<\/strong><\/h2>\n<p>\u611b\u5442\u862d\u6587\u5b78\u5bb6\u8a79\u65af\uff0e\u82e5\u4f9d\u65af\uff08James Joyce\uff09<br \/>\n\u4e8c\u5341\u4e16\u7d00\u73fe\u4ee3\u5c0f\u8aaa\u958b\u57fa\u4e4b\u4f5c\u300a\u90fd\u67cf\u6797\u4eba\u300b<br \/>\n\u982d\u4e00\u90e8\u5168\u53f0\u6587\u8b6f\u672c\uff0c\u5c55\u73fe\u5168\u65b0\u00ea\u7d93\u5178\u98a8\u91c7<\/p>\n<p>\u300a\u90fd\u67cf\u6797\u4eba\u300b\uff081914\uff09\u662f\u611b\u5442\u862d\u6587\u5b78\u5bb6\u8a79\u65af\uff0e\u82e5\u4f9d\u65af\u982d\u4e00\u90e8\u91cd\u8981\u4f5c\u54c1\uff0c\u7531\u5341\u4e94\u7bc7\u77ed\u7bc7\u5c0f\u8aaa\u4f86\u7d44\u6210\u3002\u4f0a\u63d0\u611b\u5442\u862d\u00ea\u9996\u90fd\u3001\u4f0a\u00ea\u6545\u9109\u300c\u90fd\u67cf\u6797\u300d\u505a\u821e\u53f0\uff0c\u63a0\u4e00\u9663\u7121\u5b58\u5728\u611f\u00ea\u5e02\u6c11\u505a\u4e3b\u89d2\uff0c\u63cf\u5beb\u4e8c\u5341\u4e16\u7d00\u521d\u00ea\u90fd\u67cf\u6797\uff0cu\u00ec\u56e1\u4ed4\u3001\u9752\u5e74\u3001\u5927\u4eba\u5230\u793e\u6703\u56db\u5e38\u00ea\u6545\u4e8b\uff0c\u8868\u73fe\ud869\udf36\u4e94\u82b1\u5341\u8272\u00ea\u5167\u5fc3\u9762\u76ee\u3002\u82e5\u4f9d\u65af\u7528\u5beb\u5be6\u00ea\u7b46\u8def\uff0c\u6309\u6b65\u4f86\u9edc\u7834\u90fd\u67cf\u6797\u832b\u6e3a\u660f\u8ff7\u00ea\u751f\u6d3b\uff0c\u8a3a\u65b7\u82f1\u570b\u6b96\u6c11\u6240\u9020\u6210\u00ea\u7cbe\u795e\u9ebb\u75fa\u3002\u5341\u4e94\u7bc7\u5c0f\u8aaa\uff0c\u6546\u505a\u4e00\u4e2a\u7cfb\u7d71\u6027\u00ea\u6574\u9ad4\uff0c\u4f0a\u5beb\u4eba\uff0c\u561b\u662f\u5beb\u57ce\u5e02\u3002<\/p>\n<p>\u672c\u518a\u6210\u505a\u300a\u90fd\u67cf\u6797\u4eba\u300b\u982d\u4e00\u90e8\u5168\u53f0\u6587\u8b6f\u672c\uff0c\u6bcb\u4f46\u7ffb\u8b6f\u539f\u6587\uff0c\u95a3\u7a3d\u8003\u524d\u884c\u8b6f\u672c\u4f6e\u6587\u5316\u80cc\u666f\u505a\u8a3b\u89e3\u88dc\u5145\uff0c\u66f4\u52a0\u8981\u610f\u53f0\u8a9e\u6587\u81ea\u672c\u00ea\u7279\u8272\uff0c\u4ee5\u53f0\u8a9e\u6587\u00ea\u8a9e\u6cd5\u3001\u7528\u5b57\u4f6e\u62bc\u97fb\uff0c\u642c\u6f14\u6545\u4e8b\u00ea\u60c5\u5883\u4f6e\u6b4c\u8a69\u00ea\u8072\u97fb\u3002\u900f\u7531\u4e16\u754c\u6587\u5b78\u7d93\u5178\u00ea\u5f99\u683d\uff0c\u63a8\u6352\u53f0\u8a9e\u6587\u884c\u5165\u73fe\u4ee3\u3002<\/p>\n<p>\u25ce\u672c\u66f8\u69ae\u7372\u6587\u5316\u90e8\u300c\u8a9e\u8a00\u53cb\u5584\u74b0\u5883\u53ca\u5275\u4f5c\u61c9\u7528\u88dc\u52a9\u300d<\/p>\n<h2><strong>\u4f5c\u8005\u7c21\u4ecb<\/strong><\/h2>\n<p>\u8a79\u65af\uff0e\u82e5\u4f9d\u65af\u3000Tsiam-su Jio\u030dk-i-su\uff08James Joyce, 1882\/2\/2-1941\/1\/13\uff09<\/p>\n<p>\u611b\u5442\u862d\u5c0f\u8aaa\u5bb6\u3001\u8a69\u4eba\u4f6e\u6587\u5b78\u6279\u8a55\u5bb6\u3002\u300a\u90fd\u67cf\u6797\u4eba\u300b\uff081914\uff09\u662f\u4f0a\u00ea\u4e00\u672c\u77ed\u7bc7\u5c0f\u8aaa\u96c6\uff0c\u60c5\u7bc0\u770b\u8457\u767d\u6c6b\u7121\u5473\uff0c\u715e\u6703\u9edc\u7834\u4e3b\u89d2\u00ea\u4eba\u751f\uff0c\u7a81\u986f\u57ce\u5e02\u00ea\u7cbe\u795e\u9ebb\u75fa\uff0c\u82e5\u4f9d\u65af\u5f9e\u6b64\u4f47\u4e16\u754c\u6587\u58c7\u5f9b\u8d77\u3002\u4f0a\u00ea\u4f5c\u54c1\u5305\u62ec\u300a\u9752\u5e74\u85dd\u8853\u5bb6\u00ea\u756b\u50cf\u300b\uff081916\uff09\u3001\u300a\u5c24\u91cc\u897f\u65af\u300b\uff081922\uff09\u4ee5\u53ca\u300a\u82ac\u5c3c\u6839\u00ea\u5f9b\u9748\u669d\u300b\uff081939\uff09\u3002<\/p>\n<p>\u8b6f\u8005\u7c21\u4ecb<\/p>\n<p>\u5289\u76c8\u6210 L\u00e2u \u00ceng-s\u00eeng<\/p>\n<p>\u9ad8\u96c4\u4eba\u3002\u6e05\u83ef\u5927\u5b78\u54f2\u5b78\u78a9\u58eb\uff0c\u4e2d\u570b\u6587\u5b78\u535a\u58eb\uff0c\u4f47\u6bcd\u6821\u64d4\u4efb\u52a9\u7406\u6559\u6388\u3002\u83ef\u8a9e\u8b6f\u4f5c\u5305\u62ec\u300a\u963f\u862d\u5e03\u62c9\u5bae\u7684\u6545\u4e8b\u300b\uff082018\uff09\u3001\u300a\u91cd\u65b0\u4e08\u91cf\u4e16\u754c\u300b\uff082021\uff09\u3002\u8e7d\u843d\u53bb\u300a\u90fd\u67cf\u6797\u4eba\u300b\u00ea\u53f0\u8a9e\u7ffb\u8b6f\uff0c\u6bcb\u4f46\u70ba\u8457\u9019\u662f\u73fe\u4ee3\u5c0f\u8aaa\u00ea\u958b\u57fa\u7956\uff0c\u561b\u662f\u62cb\u78da\u5f15\u7389\uff0c\u6b32\u4e88\u4e16\u754c\u6587\u5b78\u6210\u505a\u53f0\u8a9e\u6587\u5316\u00ea\u4e00\u90e8\u4efd\u3002<\/p>\n<h2><strong>\u76ee\u9304<\/strong><\/h2>\n<p>\u8b6f\u5e8f\uff5c\u5289\u76c8\u6210<\/p>\n<p>01\uff5c\u5169\u59ca\u59b9\u3000\u3000\u3000\u3000\u3000\u3000Nn\u0304g ts\u00ed-mu\u0113<br \/>\n02\uff5c\u76f8\u642a\u3000\u3000\u3000\u3000\u3000\u3000\u3000Sio-tn\u0304g<br \/>\n03\uff5c\u963f\u62c9\u6bd4\u3000\u3000\u3000\u3000\u3000\u3000A-l\u00e1-p\u00ed<br \/>\n04\uff5c\u4f9d\u8299\u84ee\u3000\u3000\u3000\u3000\u3000\u3000I-h\u00fb-li\u00e2n<br \/>\n05\uff5c\u8cfd\u8eca\u5c3e\u5f8c\u3000\u3000\u3000\u3000\u3000S\u00e0i-tshia bu\u00e9-\u0101u<br \/>\n06\uff5c\u5169\u4f4d\u597d\u6f22\u3000\u3000\u3000\u3000\u3000Nn\u0304g u\u012b h\u00f3-h\u00e0n<br \/>\n07\uff5c\u5bc4\u8e5b\u516c\u5bd3\u3000\u3000\u3000\u3000\u3000Ki\u00e0-tu\u00e0 kong-g\u016b<br \/>\n08\uff5c\u4e00\u7d72\u8584\u96f2\u3000\u3000\u3000\u3000\u3000Tsi\u030dt-si po\u030dh-h\u00fbn<br \/>\n09\uff5c\u76f8\u7167\u5f71\u3000\u3000\u3000\u3000\u3000\u3000Sio-tsi\u00f2-i\u00e1nn<br \/>\n10\uff5c\u6f64\u5857\u3000\u3000\u3000\u3000\u3000\u3000\u3000J\u016bn-th\u00f4o<br \/>\n11\uff5c\u75db\u5fc3\u8a18\u3000\u3000\u3000\u3000\u3000\u3000Th\u00f2ng-sim k\u00ec<br \/>\n12\uff5c\u722c\u5c71\u864e\u65e5\u00ea\u6703\u8b70\u5ba4\u3000P\u00ea-suann-h\u00f3o-ji\u030dt \u00ea hu\u0113-g\u012b-sik<br \/>\n13\uff5c\u6bcd\u89aa\u3000\u3000\u3000\u3000\u3000\u3000\u3000B\u00fa-tshin<br \/>\n14\uff5c\u8056\u6069\u3000\u3000\u3000\u3000\u3000\u3000\u3000S\u00ecng-un<br \/>\n15\uff5c\u4ea1\u8005\u3000\u3000\u3000\u3000\u3000\u3000\u3000B\u00f4ng-tsi\u00e1<\/p>\n<p>\u9644\u9304\uff1a\u540d\u8a5e\u82f1\u53f0\u5c0d\u8b6f\u8868<\/p>\n<p>ISBN\uff1a9786267463178<br \/>\n\u524d\u885b\uff1a\u524d\u885b<br \/>\n\u898f\u683c\uff1a\u5e73\u88dd \/ 352\u9801 \/ 15 x 21 x 2 cm \/ \u666e\u901a\u7d1a \/ \u55ae\u8272\u5370\u5237 \/ \u521d\u7248<br \/>\n\u51fa\u7248\u5730\uff1a\u53f0\u7063<\/p>\n","protected":false},"excerpt":{"rendered":"<p>\u90fd\u67cf\u6797\u4eba\uff08\u53f0\u6587\u7248\uff09 \u5167\u5bb9\u7c21\u4ecb \u611b\u5442\u862d\u6587\u5b78\u5bb6\u8a79\u65af\uff0e\u82e5\u4f9d\u65af\uff08James Joyce\uff09 \u4e8c\u5341\u4e16\u7d00\u73fe\u4ee3\u5c0f\u8aaa\u958b\u57fa\u4e4b\u4f5c\u300a\u90fd&#8230;<\/p>\n","protected":false},"featured_media":122845,"comment_status":"closed","ping_status":"closed","template":"","meta":[],"product_brand":[],"product_cat":[2663,3183],"product_tag":[],"class_list":{"0":"post-122838","1":"product","2":"type-product","3":"status-publish","4":"has-post-thumbnail","6":"product_cat-2663","7":"product_cat-3183","9":"first","10":"instock","11":"sale","12":"taxable","13":"shipping-taxable","14":"purchasable","15":"product-type-simple"},"bundled_by":[],"bundle_stock_status":"instock","bundle_stock_quantity":null,"bundle_virtual":false,"bundle_layout":"","bundle_add_to_cart_form_location":"","bundle_editable_in_cart":false,"bundle_sold_individually_context":"","bundle_item_grouping":"","bundle_min_size":"","bundle_max_size":"","bundle_price":[],"bundled_items":[],"bundle_sell_ids":[65786,138697],"_links":{"self":[{"href":"https:\/\/www.gjtaiwan.com\/new\/wp-json\/wp\/v2\/product\/122838","targetHints":{"allow":["GET"]}}],"collection":[{"href":"https:\/\/www.gjtaiwan.com\/new\/wp-json\/wp\/v2\/product"}],"about":[{"href":"https:\/\/www.gjtaiwan.com\/new\/wp-json\/wp\/v2\/types\/product"}],"replies":[{"embeddable":true,"href":"https:\/\/www.gjtaiwan.com\/new\/wp-json\/wp\/v2\/comments?post=122838"}],"wp:featuredmedia":[{"embeddable":true,"href":"https:\/\/www.gjtaiwan.com\/new\/wp-json\/wp\/v2\/media\/122845"}],"wp:attachment":[{"href":"https:\/\/www.gjtaiwan.com\/new\/wp-json\/wp\/v2\/media?parent=122838"}],"wp:term":[{"taxonomy":"product_brand","embeddable":true,"href":"https:\/\/www.gjtaiwan.com\/new\/wp-json\/wp\/v2\/product_brand?post=122838"},{"taxonomy":"product_cat","embeddable":true,"href":"https:\/\/www.gjtaiwan.com\/new\/wp-json\/wp\/v2\/product_cat?post=122838"},{"taxonomy":"product_tag","embeddable":true,"href":"https:\/\/www.gjtaiwan.com\/new\/wp-json\/wp\/v2\/product_tag?post=122838"}],"curies":[{"name":"wp","href":"https:\/\/api.w.org\/{rel}","templated":true}]}}