{"id":123571,"date":"2024-06-27T15:42:28","date_gmt":"2024-06-27T07:42:28","guid":{"rendered":"https:\/\/www.gjtaiwan.com\/new\/?post_type=product&#038;p=123571"},"modified":"2026-01-27T10:34:47","modified_gmt":"2026-01-27T02:34:47","slug":"%e7%a6%8f%e6%91%a9%e6%80%9d%e6%8e%a2%e5%81%b5%e6%a1%88%e7%b2%be%e9%81%b8%e5%8f%b0%e8%8b%b1%e9%9b%99%e8%aa%9e%ef%bc%8e%e9%99%84%e5%8f%b0%e8%aa%9e%e6%9c%97%e8%ae%80","status":"publish","type":"product","link":"https:\/\/www.gjtaiwan.com\/new\/product\/%e7%a6%8f%e6%91%a9%e6%80%9d%e6%8e%a2%e5%81%b5%e6%a1%88%e7%b2%be%e9%81%b8%e5%8f%b0%e8%8b%b1%e9%9b%99%e8%aa%9e%ef%bc%8e%e9%99%84%e5%8f%b0%e8%aa%9e%e6%9c%97%e8%ae%80","title":{"rendered":"\u798f\u6469\u601d\u63a2\u5075\u6848\u7cbe\u9078\uff08\u53f0\u82f1\u96d9\u8a9e\uff0e\u9644\u53f0\u8a9e\u6717\u8b80\uff09"},"content":{"rendered":"<h1><strong>\u798f\u6469\u601d\u63a2\u5075\u6848\u7cbe\u9078\uff08\u53f0\u82f1\u96d9\u8a9e\uff0e\u9644\u53f0\u8a9e\u6717\u8b80\uff09<\/strong><\/h1>\n<p><img loading=\"lazy\" decoding=\"async\" class=\"alignnone size-large wp-image-123577\" src=\"https:\/\/www.gjtaiwan.com\/new\/wp-content\/uploads\/2024\/06\/9786267463260_bc-571x800.jpg\" alt=\"\" width=\"571\" height=\"800\" srcset=\"https:\/\/www.gjtaiwan.com\/new\/wp-content\/uploads\/2024\/06\/9786267463260_bc-571x800.jpg 571w, https:\/\/www.gjtaiwan.com\/new\/wp-content\/uploads\/2024\/06\/9786267463260_bc-286x400.jpg 286w, https:\/\/www.gjtaiwan.com\/new\/wp-content\/uploads\/2024\/06\/9786267463260_bc.jpg 768w, https:\/\/www.gjtaiwan.com\/new\/wp-content\/uploads\/2024\/06\/9786267463260_bc-600x840.jpg 600w\" sizes=\"auto, (max-width: 571px) 100vw, 571px\" \/><\/p>\n<p><img loading=\"lazy\" decoding=\"async\" class=\"alignnone size-large wp-image-123572\" src=\"https:\/\/www.gjtaiwan.com\/new\/wp-content\/uploads\/2024\/06\/9786267463260_b2-573x800.jpg\" alt=\"\" width=\"573\" height=\"800\" srcset=\"https:\/\/www.gjtaiwan.com\/new\/wp-content\/uploads\/2024\/06\/9786267463260_b2-573x800.jpg 573w, https:\/\/www.gjtaiwan.com\/new\/wp-content\/uploads\/2024\/06\/9786267463260_b2-287x400.jpg 287w, https:\/\/www.gjtaiwan.com\/new\/wp-content\/uploads\/2024\/06\/9786267463260_b2.jpg 768w, https:\/\/www.gjtaiwan.com\/new\/wp-content\/uploads\/2024\/06\/9786267463260_b2-600x838.jpg 600w\" sizes=\"auto, (max-width: 573px) 100vw, 573px\" \/><\/p>\n<p><img loading=\"lazy\" decoding=\"async\" class=\"alignnone size-large wp-image-123573\" src=\"https:\/\/www.gjtaiwan.com\/new\/wp-content\/uploads\/2024\/06\/9786267463260_b3-573x800.jpg\" alt=\"\" width=\"573\" height=\"800\" srcset=\"https:\/\/www.gjtaiwan.com\/new\/wp-content\/uploads\/2024\/06\/9786267463260_b3-573x800.jpg 573w, https:\/\/www.gjtaiwan.com\/new\/wp-content\/uploads\/2024\/06\/9786267463260_b3-287x400.jpg 287w, https:\/\/www.gjtaiwan.com\/new\/wp-content\/uploads\/2024\/06\/9786267463260_b3.jpg 768w, https:\/\/www.gjtaiwan.com\/new\/wp-content\/uploads\/2024\/06\/9786267463260_b3-600x838.jpg 600w\" sizes=\"auto, (max-width: 573px) 100vw, 573px\" \/><\/p>\n<p><img loading=\"lazy\" decoding=\"async\" class=\"alignnone size-large wp-image-123574\" src=\"https:\/\/www.gjtaiwan.com\/new\/wp-content\/uploads\/2024\/06\/9786267463260_b4-573x800.jpg\" alt=\"\" width=\"573\" height=\"800\" srcset=\"https:\/\/www.gjtaiwan.com\/new\/wp-content\/uploads\/2024\/06\/9786267463260_b4-573x800.jpg 573w, https:\/\/www.gjtaiwan.com\/new\/wp-content\/uploads\/2024\/06\/9786267463260_b4-287x400.jpg 287w, https:\/\/www.gjtaiwan.com\/new\/wp-content\/uploads\/2024\/06\/9786267463260_b4.jpg 768w, https:\/\/www.gjtaiwan.com\/new\/wp-content\/uploads\/2024\/06\/9786267463260_b4-600x838.jpg 600w\" sizes=\"auto, (max-width: 573px) 100vw, 573px\" \/><\/p>\n<p><img loading=\"lazy\" decoding=\"async\" class=\"alignnone size-large wp-image-123575\" src=\"https:\/\/www.gjtaiwan.com\/new\/wp-content\/uploads\/2024\/06\/9786267463260_b5-573x800.jpg\" alt=\"\" width=\"573\" height=\"800\" srcset=\"https:\/\/www.gjtaiwan.com\/new\/wp-content\/uploads\/2024\/06\/9786267463260_b5-573x800.jpg 573w, https:\/\/www.gjtaiwan.com\/new\/wp-content\/uploads\/2024\/06\/9786267463260_b5-287x400.jpg 287w, https:\/\/www.gjtaiwan.com\/new\/wp-content\/uploads\/2024\/06\/9786267463260_b5.jpg 768w, https:\/\/www.gjtaiwan.com\/new\/wp-content\/uploads\/2024\/06\/9786267463260_b5-600x838.jpg 600w\" sizes=\"auto, (max-width: 573px) 100vw, 573px\" \/><\/p>\n<p><img loading=\"lazy\" decoding=\"async\" class=\"alignnone size-large wp-image-123576\" src=\"https:\/\/www.gjtaiwan.com\/new\/wp-content\/uploads\/2024\/06\/9786267463260_b6-573x800.jpg\" alt=\"\" width=\"573\" height=\"800\" srcset=\"https:\/\/www.gjtaiwan.com\/new\/wp-content\/uploads\/2024\/06\/9786267463260_b6-573x800.jpg 573w, https:\/\/www.gjtaiwan.com\/new\/wp-content\/uploads\/2024\/06\/9786267463260_b6-287x400.jpg 287w, https:\/\/www.gjtaiwan.com\/new\/wp-content\/uploads\/2024\/06\/9786267463260_b6.jpg 768w, https:\/\/www.gjtaiwan.com\/new\/wp-content\/uploads\/2024\/06\/9786267463260_b6-600x838.jpg 600w\" sizes=\"auto, (max-width: 573px) 100vw, 573px\" \/><\/p>\n<h2><strong>\u5167\u5bb9\u7c21\u4ecb<\/strong><\/h2>\n<p>\u63a2\u5075\u6545\u4e8b\u00ea\u7d93\u5178\u96d9\u4eba\u7d44\u5408<br \/>\n\u8d70\u63e3\u85cft\u012b\u61f8\u7591\u602a\u6848\u7576\u4e2d\u00ea\u771f\u76f8<br \/>\n\u798f\u6469\u601d\u3001\u83ef\u751f\u00ea\u7cbe\u5f69\u5192\u96aa<br \/>\n\u7528\u53f0\u7063\u8a71\u89aa\u5207\u8f49\u5beb\uff0c\u5728\u5730\u6c23\u5473\u52a0\u6dfb\u523a\u6fc0\u8da3\u5473<\/p>\n<p>\u300c\u4e16\u754c\u6587\u5b78\u53f0\u8b80\u5c11\u5e74\u96d9\u8a9e\u7cfb\u5217\u300d\u4ee5\u5efa\u7acb\u9752\u5c11\u5e74\u5c0d\u5728\u5730\u4e3b\u9ad4\u00ea\u8a8d\u540c\u4ee5\u53cah\u00f9n\u95ca\u00ea\u4e16\u754c\u89c0\u70ba\u76ee\u6a19\uff0c\u6309\u7b97thai\u9078\u5404\u570b\u4e16\u754c\u540d\u8457\uff0c\u4ee5\u53f0\u6587\u9032\u884c\u5fe0\u65bc\u539f\u5178\u00ea\u7ffb\u8b6f\u8f49\u5beb\uff0c\u6536\u9304\u539f\u6587\u96d9\u8a9e\u3002\u900f\u904e\u53f0\u7063\u8a71\u95b1\u8b80\u7d93\u5178\u6587\u5b78\u00ea\u771f\u9ad3\uff0c\u5f15tshu\u0101\u8b80\u8005\u8a8dbat\u5404\u570b\u7121\u4edd\u6642\u9593\u3001\u7a7a\u9593\u00ea\u771f\u5be6\u9762\u8154kap\u6587\u5316\u5167\u6db5\u3002<\/p>\n<p>\u8b1d\u6a02\uff0e\u798f\u6469\u601d\u662f\u5168\u4e16\u754c\u4e0a\u6709\u540d\u00ea\u63a2\u5075\u3002T\u012b 19\u4e16\u7d00\u00ea\u82f1\u570b\u502b\u6566\uff0c\u4f0akah\u4f0a\u00ea\u6709\u5fd7\u83ef\u751f\u91ab\u751f\u8e5bt\u012b\u8c9d\u514b\u8857221\u865f\u4e4bB\uff0c\u63a5\u53d7u\u00ec s\u00ec-k\u00e8\u4f86\u00ea\u59d4\u8a17\uff0ck\u0101\u4eba\u89e3\u6c7a\u5404\u7a2e\u7591\u96e3\u96dc\u6848\u3002<\/p>\n<p>\u672c\u518a\u6536\u9304\u3008\u6ce2\u5e0c\u7c73\u4e9e\u00ea\u898b\u7b11\u4ee3\u3009\u3001\u3008\u9ede\u4ed4\u5e36\u5947\u6848\u3009\u5169\u7bc7\u6545\u4e8b\u3002\u6309\u83ef\u751f\u91ab\u751f\u00ea\u7d00\u9304\uff0ch\u014do\u8b80\u8005\u0113 tu\u00e8\u798f\u6469\u601d\u5de7\u5999\u00ea\u982d\u6bbc\u4f86\u770bhia\u5947\u602a\u00ea\u6848\u4ef6\uff0c\u9032\u884c\u63a2\u5075\u3001\u67e5\u6848\u00ea\u5192\u96aa\uff0ckah\u798f\u6469\u601d\u505a\u4f19\u89e3\u7834\u80cc\u5f8c\u00ea\u8907\u96dc\u8b0e\u984c\u3002<\/p>\n<p>\u3010\u51fa\u7248\u8d0a\u52a9\u3011\u5929\u6bcd\u6276\u8f2a\u793e<\/p>\n<p>\u3010\u672c\u518a\u7279\u8272\u3011<br \/>\n\u5168\u4e16\u754c\u901a\u4eba\u77e5\u00ea\u51fa\u540d\u63a2\u5075\u2500\u2500Sherlock Holmes\u300c\u798f\u723e\u6469\u65af\u300d\u7d93\u5178\u5192\u96aa\u6545\u4e8b\uff0c\u53f0\u82f1\u76f4\u8b6f\uff0c\u89aa\u5207\u52a0\u500d\u3002<br \/>\n\u9644\u53f0\u8a9e\u6709\u8072\u6717\u8b80QRcode\uff0c\u914d\u5408\u6545\u4e8b\u60c5\u5883\u00ea\u6d3b\u8df3\u914d\u6a02\uff0c\u95b1\u8b80\u5c0d\u7167\u7121\u8ca0\u64d4\uff0c\u53f0\u82f1\u5b78\u7fd2\u771f\u5229\u4fbf\u3002<br \/>\n\u63d2\u756b\u5bb6\u9e1a\u9d61\u6d32\u7cbe\u5f69\u63d2\u5716\uff0c\u8868\u73fe\u7dca\u5f35\u523a\u6fc0\u00ea\u61f8\u7591\u60c5\u5883\uff0c\u786c\u7cbe\u88dd\u5178\u85cf\u3002<\/p>\n<p>\u3010\u540d\u5bb6\u63a8\u85a6\u3011<br \/>\n\u8a31\u6167\u5982\uff08\u570b\u7acb\u53f0\u7063\u5e2b\u7bc4\u5927\u5b78\u53f0\u7063\u8a9e\u6587\u5b78\u7cfb\u6559\u6388\u517c\u7cfb\u4e3b\u4efb\uff09<br \/>\n\u4f55\u4fe1\u7ff0\uff08\u570b\u7acb\u81fa\u4e2d\u6559\u80b2\u5927\u5b78\u53f0\u7063\u8a9e\u6587\u5b78\u7cfb\u526f\u6559\u6388\uff09<br \/>\n\u9673\u8c50\u60e0\uff08\u674e\u6c5f\u5374\u53f0\u8a9e\u6587\u6559\u57fa\u91d1\u6703\u57f7\u884c\u9577\u3001\u300a\u53f0\u6587\u901a\u8a0abong\u5831\u300b\u7e3d\u7de8\u8f2f\uff09<br \/>\n\u65e2\u6674\uff08\u53f0\u7063\u72af\u7f6a\u4f5c\u5bb6\u806f\u6703\u57f7\u884c\u4e3b\u5e2d\uff09<br \/>\n\u6d2a\u654d\u9298\uff08\u63a8\u7406\u6587\u5b78\u7814\u7a76\u8005\uff09<br \/>\n\u55ac\u9f4a\u5b89\uff08\u53f0\u7063\u72af\u7f6a\u4f5c\u5bb6\u806f\u6703\u6210\u54e1\uff09<\/p>\n<h2><strong>\u4f5c\u8005\u7c21\u4ecb<\/strong><\/h2>\n<p>\u9673\u9e97\u541b\uff08\u4e3b\u7de8\uff0c\u8a08\u756b\u4e3b\u6301\u4eba\uff09<\/p>\n<p>\u570b\u7acb\u6210\u529f\u5927\u5b78\u53f0\u7063\u6587\u5b78\u7cfb\u6559\u6388\u3002\u65b0\u71df\u4eba\u3002\u5c08\u9577\u9818\u57df\u662f\u53f0\u7063\u539f\u4f4f\u6c11\u3001\u65b0\u4f4f\u6c11\u3001\u53f0\u8a9e\u65cf\u7fa4\u7b49\u8de8\u65cf\u7fa4\u3001\u8a9e\u8a00\u7684\u793e\u6703\u8a9e\u8a00\u5b78\u73fe\u8c61kap\u6559\u80b2\u653f\u7b56\u7814\u7a76\u3002\u7de8\u8457\u300a\u53f0\u8a9eABC\u771f\u8da3\u5473\u300b\u3001\u300a\u53f0\u8a9e\u62cd\u901a\u95dc\u300b\u3001\u300a\u4e9e\u6d32\u5a5a\u59fb\u79fb\u6c11\u5973\u6027\u300b\u3001\u300a\u65b0\u79fb\u6c11\u3001\u5973\u6027\u3001\u6bcd\u8a9e\u00ea\u793e\u6703\u8a9e\u8a00\u5b78\u300b\u7b49\u5c08\u66f8\u3002<\/p>\n<p>\u90b1\u828a\u6a3a<\/p>\n<p>\u570b\u7acb\u4e2d\u592e\u5927\u5b78\u4e2d\u6587\u7cfb\u5b78\u58eb\u3001\u570b\u7acb\u653f\u6cbb\u5927\u5b78\u53f0\u7063\u53f2\u7814\u7a76\u6240\u78a9\u58eb\uff0c\u53f0\u7063\u6587\u53f2\u4e3b\u984c\u66f8\u7c4d\u7de8\u8f2f\u3002<\/p>\n<p>\u7e6a\u8005\u7c21\u4ecb<\/p>\n<p>\u9e1a\u9d61\u6d32<\/p>\n<p>\u64c5\u9577\u7e6a\u88fd\u6f2b\u756b\uff0f\u63d2\u756b\uff0c\u53c3\u8207\u53f0\u7063\u7368\u7acb\u904a\u6232\u300aOPUS\uff1a\u9f8d\u8108\u5e38\u6b4c\u300b\u904a\u6232\u7f8e\u8853\u88fd\u4f5c\uff0c\u8207\u539f\u8457\u859b\u897f\u65af\u5408\u4f5c\u6f2b\u756b\u4f5c\u54c1\u300a\u4e0d\u53ef\u77e5\u8ad6\u5075\u63a2\u300b\u3002\u8fd1\u671f\u76ee\u6a19\u662f\u53bb\u5357\u6975\u88ab\u4f01\u9d5d\u570d\u7e5e\u3002<\/p>\n<p>\u6717\u8b80\u8005\u7c21\u4ecb<\/p>\n<p>\u5f90\u667a\u5d17\uff08\u798f\u6469\u601d\uff09<\/p>\n<p>\u6843\u5712\u4eba\uff0c\u9ad8\u4e2d\u8001\u5e2b\uff0c\u82f1\u8a9e\u655925\u51ac\uff0c\u6709\u8003\u904e\u53f0\u8a9e\u8a8d\u8b49\uff0c\u73fe\u6b64\u6642\u6709\u54a7\u5b78\u6821\u6559\u53f0\u8a9e\u3002\u8cf0\u00ea\u4eba\u751f\u6b32\u6c7a\u5fc3\u63a8\u6352\u53f0\u8a9e\u6587\u5fa9\u632f\u3002<\/p>\n<p>\u8cf4\u5609\u4ed5\uff08\u53e3\u767d\u3001\u83ef\u751f\u3001\u52a0\u592b\u5229\uff09<\/p>\n<p>\u5609\u7fa9\u4eba\uff0c20\u5e7e\u51ac\u00ea\u53f0\u8a9e\u5ee3\u64ad\u8cc7\u6b77\uff0c2018\u5e74\u63d0\u8457\u5ee3\u64ad\u91d1\u9418\u734e\uff0c\u73fe\u4efb\u66fe\u6587\u6eaa\u96fb\u53f0\u53f0\u9577\u3001\u300c\u6200\u6200\u66fe\u6587\u6eaa\u300d\u7bc0\u76ee\u4e3b\u6301\u4eba\u3002<\/p>\n<p>\u6709\u8072\u6717\u8b80\uff5cSoo K\u00e1i-U\u00ed\uff08\u570b\u738b\/\u6ce2\u5e0c\u7c73\u4e9e\u00ea\u898b\u7b11\u4ee3\u3001\u96f7\u91ab\u5e2b\/\u9ede\u4ed4\u5e36\u5947\u6848\uff09<\/p>\n<p>\u5c4f\u6771\u4eba\uff0c\u517c\u8077\u914d\u97f3\u54e1\uff0c\u611b\u770b\u5e03\u888b\u6232\uff0c\u901a\u904e\u6559\u80b2\u90e8\u53f0\u6aa2C1\uff0c\u611f\u89ba\u7f85\u99ac\u5b57\u8882\u8f38\u6b66\u4fe0\u5167\u529f\uff0c\u5b78\u4e88\u597d\u624d\u901a\u62cd\u901a\u53f0\u8a9e\u00ea\u7b4b\u8108\u3002<\/p>\n<p>\u9673\u6918\u82b8\uff08\u611b\u7dbe\/\u6ce2\u5e0c\u7c73\u4e9e\u00ea\u898b\u7b11\u4ee3\uff09<\/p>\n<p>\u81ea\u7d30\u6f22\u5c31\u958b\u59cb\u8b1b\u53f0\u8a9e\uff0c\u4e8c\u5341\u4e8c\u6b72\u00ea\u5927\u5b78\u751f\u3002\u5169\u51ac\u524d\u63a5\u89f8\u5287\u5834\uff0cn\u00e1\u505a\u6f14\u54e1n\u00e1\u505a\u53f0\u8a9e\u00ea\u85dd\u6587\u5de5\u4f5c\u8005\u3002<\/p>\n<p>\u5289\u96e8\u9752\uff08\u53f2\u6d77\u84ee\u3001\u8def\u4eba\u7532\/\u9ede\u4ed4\u5e36\u5947\u6848\uff09<\/p>\n<p>\u6545\u9109\u53f0\u4e2d\u9727\u5cf0\uff0c\u5de5\u4f5c\u662f\u914d\u97f3\u3001\u914d\u5531\u3001\u548c\u8072\uff0c\u561b\u662f\u5be6\u6cc1\u4e3b\uff0c\u8db3\u611b\u5c0d\u7121\u4edd\u6b4c\u66f2\u4f6e\u89d2\u8272\u00ea\u89d2\u5ea6\u53bb\u9ad4\u9a57\u7121\u4edd\u00ea\u6545\u4e8b\u4f6e\u4eba\u751f\u3002<\/p>\n<p>\u767c\u97f3\u6307\u5c0e\u8005\u7c21\u4ecb<\/p>\n<p>Gina<\/p>\n<p>\u53f0\u8a9e\u82b1\u7530\u00ea choh-sit\u4eba\u3002\u53f0\u5357\u5e02\u570b\u5c0f\u53f0\u8a9e\u6559\u5b7820 th\u00f3ng\u5e74\uff0c\u570b\u4e2d\u53f0\u8a9e\u6559\u5b7810\u5916\u51ac\u3002<\/p>\n<p>\u6821\u5c0d\u8005\u7c21\u4ecb<\/p>\n<p>\u8b1d\u60e0\u8c9e<\/p>\n<p>\u53f0\u5357\u4eba\uff0ct\u012b\u570b\u5c0f\u6559\u53f0\u8a9e\uff0c\u5411\u671b\u900f\u904e\u6559\u5b78\u6703\u7576h\u014do l\u00e1n \u00ea\u56e1\u00e1\u611b\u8b1b\u53f0\u8a9e\uff0ch\u014do\u53f0\u8a9e\u7e7c\u7e8c\u6d41\u50b3&#8211;\u843d\u53bb\u3002<\/p>\n<p>\u8607\u51f0\u862d<\/p>\n<p>\u81fa\u6771\u5927\u5b78\u83ef\u8a9e\u7cfb\u526f\u6559\u6388\u3002\u7f8e\u570bIllinois University at Urbana-Champaign\u6771\u4e9e\u8a9e\u8a00\u6587\u5316\u535a\u58eb\u3002\u9ad8\u96c4\u4eba\u3002\u5b78\u8853\u8208\u8da3\u662f\u65b0\u8a9e\u8005kap\u6bcd\u8a9e\u6559\u80b2\u3001\u96d9\u8a9e\u8b80\u5beb\u3001\u8a9e\u8a00\u5b78\u7fd2\u52d5\u6a5fkap\u8de8\u8a9e\u8a00\u5be6\u8e10\u3002<\/p>\n<p>\u8b6f\u8005\u7c21\u4ecb<\/p>\n<p>\u6731\u5fd7\u7152<\/p>\n<p>\u5c4f\u6771\u4eba\uff0c\u8882\u66c9\u6ce8\u97f3\u8f38\u5165\u6cd5\u3002\u7528\u884c\u5217\u8f38\u5165\u6cd5\u62cd\u6f22\u5b57\uff0c\u53f0\u7f85\u7528PhahTaigi kah\u6559\u80b2\u90e8\u00ea\u3002\u624b\u6a5f\u4ed4\u3001\u5e73\u678bkah\u96fb\u8166\u00ea\u4ecb\u9762l\u00f3ng\u662f\u65e5\u6587\u3002\u6559\u80b2\u90e8\u53f0\u6aa2C2\u5c08\u696d\u7d1a\u3001\u6210\u5927\u53f0\u6aa2C1\u9ad8\u7d1a\uff0c\u7814\u7a76\u6240\u8b80\u61c9\u7528\u5916\u6587\u7cfb\uff0c\u82f1\u6587\u8ad6\u6587\u00ea\u6458\u8981kah\u8b1d\u8fad\u7528\u53f0\u6587\u5beb\uff0c\u51e1\u52e2\u662f\u5c4f\u79d1\u5927\u982d\u4e00\u7bc7\u6709\u53f0\u6587\u00ea\u8ad6\u6587\u3002\u9ad8\u4e2d\u3001\u570b\u4e2d\u53f0\u8a9e\u6559\u5e2b\uff0c99.9%\u7528\u53f0\u8a9e\u8b1b\u8ab2\u3002T\u012b SNS l\u00f3ng\u662f\u5beb\u53f0\u6587\uff0c2012\u5e74\u4ee5\u5f8cblog\u6539\u7528\u53f0\u8a9e\u6587\u66f8\u5beb\uff0c\u4e00\u76f4\u5230ts\u00edn\u3002<\/p>\n<p>\u90b1\u5049\u6b23<\/p>\n<p>\u65b0\u7af9\u51fa\u4e16\u00ea\u9ad8\u96c4\u4eba\u3002\u53f0\u8a9e\u96d6\u7136\u662f\u6bcd\u8a9e\uff0c\u715e\u56e0\u70ba\u570b\u6c11\u6559\u80b2\u00ea\u95dc\u4fc2\uff0c\u96aa\u96aa\u5c31\u8882\u66c9\u8b1b\u3002\u7d93\u904e\u5341\u51ac\u00ea\u6642\u9593\uff0c\u7e3d\u7b97koh\u6703\u4f7f\u7528\u8f3e\u8f49\u00ea\u53f0\u8a9e\u4f6e\u4e16\u754c\u5c0d\u8a71\u3002\u672c\u696d\u662f\u751f\u547d\u79d1\u5b78\uff0c2013\u5e74\u958b\u59cbt\u012b\u300a\u53f0\u6587\u901a\u8a0aBONG\u5831\u300b\u5beb\u79d1\u666e\u5c08\u6b04\uff0c2021\u5e74k\u0101\u5fb7\u6587\u7ffb\u8b6f\u505a\u53f0\u6587\u00ea\u300a\u4f60\u7121\u807d&#8211;\u904e\u00ea\u683c\u6797\u7ae5\u8a71\u300b\u51fa\u7248\uff0c2023\u5e74\u71b1\u5929t\u012b\u6210\u529f\u5927\u5b78\u53f0\u7063\u6587\u5b78\u7cfb\u63d0\u8457\u6587\u5b78\u535a\u58eb\u00ea\u5b78\u4f4d\u3002\u7528\u6bcd\u8a9e\u904e\u751f\u6d3b\uff0c\u4e5f\u6709\u79d1\u5b78\uff0c\u4e5f\u6709\u6587\u5b78\uff0c\u5be6\u5728\u662fts\u00ecnn\u4e3b\u6d41koh\u5929\u516c\u5730\u9053\u00ea\u5f97\u610f\u751f\u6d3b\u3002<\/p>\n<p>\u7d00\u54c1\u5fd7<\/p>\n<p>\u8a9e\u6587\u5de5\uff0c\u6709\u53e3\u7b46\u8b6f\u3001\u8a9e\u8a00\u5b78\u3001\u8a9e\u6587\u6559\u5b78\u00ea\u8cc7\u6b77\u3002\u5b78\u751f\u6642\u4ee3\u5c0d\u8a9e\u8a00\u6709\u8da3\u5473\uff0ct\u012b\u53f0\u5927\u8b80\u8fb2\u696d\u5316\u5b78\u00ea\u671f\u9593\u63a5\u89f8\u8457\u8a9e\u8a00\u5b78\u3001\u8a9e\u8a00\u6559\u5b78kap\u53f0\u7063\u8a9e\u8a00\u7814\u7a76\uff0c\u5f8c\u4f86\u53bb\u8377\u862dLeiden\u5927\u5b78\u8b80\u8a9e\u8a00\u5b78\u78a9\u58eb\uff0c\u98df\u982d\u8def\u5e7e\u51ac\u5f8ckoh\u5b78\u53e3\u8b6f\u3002Tsit-ts\u016bn\u662f\u52a0\u62ff\u5927CTTIC\u3001ATIO\u7ffb\u8b6f\u5354\u6703\u8a8d\u8b49\u5408\u683c\u00ea\u82f1\u4e2d\u6587\u66f8\u7ffb\u8b6f\uff0c\u4e5ft\u012b\u75c5\u9662\u3001\u5b78\u6821\u3001\u793e\u798f\u55ae\u4f4d\u505a\u901a\u8b6f\u30022013\u5e74\u8d77\u53c3\u8207\u53f0\u6587\u793e\u7fa4\uff0c\u517c\u505a\u6559\u5b78\u3001\u7ffb\u8b6f\u3001\u7de8\u6821\u3001\u8a9e\u6599\u8655\u7406\u3001\u9304\u97f3\u3001\u6f14\u8b1b\u3001\u4e3b\u6301\u7b49\u7b49\u00ea\u53f0\u8a9e\u5de5\u3002\u591a\u502b\u591a\u53f0\u7063\u8a9e\u6587\u4e2d\u5fc3\u8b1b\u5e2b\u3001Bite-size Taiwanese\u5171\u540c\u5275\u8fa6\u4eba\u517c\u82f1\u53f0\u96d9\u8a9e\u6559\u6750\u7de8\u6821\u3002\u51fa\u7248\u8457\u4f5c\u6709\u300aShort Takes: A Scene-based Taiwanese Vocabulary Builder\u300b\u3002<\/p>\n<h2><strong>\u76ee\u9304<\/strong><\/h2>\n<p>\u5e8f\u4e00\uff5cTshu\u0101\u9818\u8b80\u8005\u884c\u5230\u53e6\u5916\u4e00\u4e2a\u6587\u5316\u4e16\u754c\uff0f\u8b6f\u8005\u9663<br \/>\n\u5e8f\u4e8c\uff5c\u5275\u9020\u66f4\u52a0\u591a\u5143\u00ea\u53f0\u6587\u8b80\u672c\uff0f\u8cf4\u9999\u5149<br \/>\n\u5e8f\u4e09\uff5cKhi\u0101\u53f0\u7063\uff0c\u770b\u4e16\u754c\uff01\uff0f\u9673\u9e97\u541b<\/p>\n<p>1. \u6ce2\u5e0c\u7c73\u4e9e\u00ea\u898b\u7b11\u4ee3<br \/>\n2. \u9ede\u4ed4\u5e36\u5947\u6848<\/p>\n<p>I. A SCANDAL IN BOHEMIA<br \/>\nII. THE ADVENTURE OF THE SPECKLED BAND 173<\/p>\n<p>\u5718\u968a\u7c21\u4ecb<\/p>\n<p>ISBN\uff1a9786267463260<br \/>\n\u51fa\u7248\u793e\uff1a\u524d\u885b<br \/>\n\u898f\u683c\uff1a\u7cbe\u88dd \/ 224\u9801 \/ 15 x 21 x 3.14 cm \/ \u666e\u901a\u7d1a \/ \u90e8\u4efd\u5168\u5f69 \/ \u521d\u7248<br \/>\n\u51fa\u7248\u5730\uff1a\u53f0\u7063<\/p>\n","protected":false},"excerpt":{"rendered":"<p>\u798f\u6469\u601d\u63a2\u5075\u6848\u7cbe\u9078\uff08\u53f0\u82f1\u96d9\u8a9e\uff0e\u9644\u53f0\u8a9e\u6717\u8b80\uff09 \u5167\u5bb9\u7c21\u4ecb \u63a2\u5075\u6545\u4e8b\u00ea\u7d93\u5178\u96d9\u4eba\u7d44\u5408 \u8d70\u63e3\u85cft\u012b\u61f8\u7591\u602a\u6848\u7576\u4e2d\u00ea\u771f\u76f8 \u798f\u6469&#8230;<\/p>\n","protected":false},"featured_media":123577,"comment_status":"closed","ping_status":"closed","template":"","meta":[],"product_brand":[],"product_cat":[2819,2663,3183],"product_tag":[],"class_list":{"0":"post-123571","1":"product","2":"type-product","3":"status-publish","4":"has-post-thumbnail","6":"product_cat-2819","7":"product_cat-2663","8":"product_cat-3183","10":"first","11":"instock","12":"sale","13":"taxable","14":"shipping-taxable","15":"purchasable","16":"product-type-simple"},"bundled_by":[],"bundle_stock_status":"instock","bundle_stock_quantity":null,"bundle_virtual":false,"bundle_layout":"","bundle_add_to_cart_form_location":"","bundle_editable_in_cart":false,"bundle_sold_individually_context":"","bundle_item_grouping":"","bundle_min_size":"","bundle_max_size":"","bundle_price":[],"bundled_items":[],"bundle_sell_ids":[65786,138697],"_links":{"self":[{"href":"https:\/\/www.gjtaiwan.com\/new\/wp-json\/wp\/v2\/product\/123571","targetHints":{"allow":["GET"]}}],"collection":[{"href":"https:\/\/www.gjtaiwan.com\/new\/wp-json\/wp\/v2\/product"}],"about":[{"href":"https:\/\/www.gjtaiwan.com\/new\/wp-json\/wp\/v2\/types\/product"}],"replies":[{"embeddable":true,"href":"https:\/\/www.gjtaiwan.com\/new\/wp-json\/wp\/v2\/comments?post=123571"}],"wp:featuredmedia":[{"embeddable":true,"href":"https:\/\/www.gjtaiwan.com\/new\/wp-json\/wp\/v2\/media\/123577"}],"wp:attachment":[{"href":"https:\/\/www.gjtaiwan.com\/new\/wp-json\/wp\/v2\/media?parent=123571"}],"wp:term":[{"taxonomy":"product_brand","embeddable":true,"href":"https:\/\/www.gjtaiwan.com\/new\/wp-json\/wp\/v2\/product_brand?post=123571"},{"taxonomy":"product_cat","embeddable":true,"href":"https:\/\/www.gjtaiwan.com\/new\/wp-json\/wp\/v2\/product_cat?post=123571"},{"taxonomy":"product_tag","embeddable":true,"href":"https:\/\/www.gjtaiwan.com\/new\/wp-json\/wp\/v2\/product_tag?post=123571"}],"curies":[{"name":"wp","href":"https:\/\/api.w.org\/{rel}","templated":true}]}}