{"id":123981,"date":"2024-07-15T17:21:16","date_gmt":"2024-07-15T09:21:16","guid":{"rendered":"https:\/\/www.gjtaiwan.com\/new\/?post_type=product&#038;p=123981"},"modified":"2024-07-15T17:21:17","modified_gmt":"2024-07-15T09:21:17","slug":"%e5%8f%b0%e8%aa%9e%e7%8f%be%e4%bb%a3%e6%95%a3%e6%96%87%e9%81%b8","status":"publish","type":"product","link":"https:\/\/www.gjtaiwan.com\/new\/product\/%e5%8f%b0%e8%aa%9e%e7%8f%be%e4%bb%a3%e6%95%a3%e6%96%87%e9%81%b8","title":{"rendered":"\u53f0\u8a9e\u73fe\u4ee3\u6563\u6587\u9078"},"content":{"rendered":"<h1><strong>\u53f0\u8a9e\u73fe\u4ee3\u6563\u6587\u9078<\/strong><\/h1>\n<p><img loading=\"lazy\" decoding=\"async\" class=\"alignnone size-large wp-image-123988\" src=\"https:\/\/www.gjtaiwan.com\/new\/wp-content\/uploads\/2024\/07\/9786267463284_bc-571x800.jpg\" alt=\"\" width=\"571\" height=\"800\" srcset=\"https:\/\/www.gjtaiwan.com\/new\/wp-content\/uploads\/2024\/07\/9786267463284_bc-571x800.jpg 571w, https:\/\/www.gjtaiwan.com\/new\/wp-content\/uploads\/2024\/07\/9786267463284_bc-286x400.jpg 286w, https:\/\/www.gjtaiwan.com\/new\/wp-content\/uploads\/2024\/07\/9786267463284_bc.jpg 768w, https:\/\/www.gjtaiwan.com\/new\/wp-content\/uploads\/2024\/07\/9786267463284_bc-600x840.jpg 600w\" sizes=\"auto, (max-width: 571px) 100vw, 571px\" \/><\/p>\n<p><img loading=\"lazy\" decoding=\"async\" class=\"alignnone size-large wp-image-123982\" src=\"https:\/\/www.gjtaiwan.com\/new\/wp-content\/uploads\/2024\/07\/9786267463284_b3-575x800.jpg\" alt=\"\" width=\"575\" height=\"800\" srcset=\"https:\/\/www.gjtaiwan.com\/new\/wp-content\/uploads\/2024\/07\/9786267463284_b3-575x800.jpg 575w, https:\/\/www.gjtaiwan.com\/new\/wp-content\/uploads\/2024\/07\/9786267463284_b3-288x400.jpg 288w, https:\/\/www.gjtaiwan.com\/new\/wp-content\/uploads\/2024\/07\/9786267463284_b3.jpg 768w, https:\/\/www.gjtaiwan.com\/new\/wp-content\/uploads\/2024\/07\/9786267463284_b3-600x835.jpg 600w\" sizes=\"auto, (max-width: 575px) 100vw, 575px\" \/><\/p>\n<p><img loading=\"lazy\" decoding=\"async\" class=\"alignnone size-large wp-image-123983\" src=\"https:\/\/www.gjtaiwan.com\/new\/wp-content\/uploads\/2024\/07\/9786267463284_b4-575x800.jpg\" alt=\"\" width=\"575\" height=\"800\" srcset=\"https:\/\/www.gjtaiwan.com\/new\/wp-content\/uploads\/2024\/07\/9786267463284_b4-575x800.jpg 575w, https:\/\/www.gjtaiwan.com\/new\/wp-content\/uploads\/2024\/07\/9786267463284_b4-288x400.jpg 288w, https:\/\/www.gjtaiwan.com\/new\/wp-content\/uploads\/2024\/07\/9786267463284_b4.jpg 768w, https:\/\/www.gjtaiwan.com\/new\/wp-content\/uploads\/2024\/07\/9786267463284_b4-600x835.jpg 600w\" sizes=\"auto, (max-width: 575px) 100vw, 575px\" \/><\/p>\n<p><img loading=\"lazy\" decoding=\"async\" class=\"alignnone size-large wp-image-123984\" src=\"https:\/\/www.gjtaiwan.com\/new\/wp-content\/uploads\/2024\/07\/9786267463284_b5-575x800.jpg\" alt=\"\" width=\"575\" height=\"800\" srcset=\"https:\/\/www.gjtaiwan.com\/new\/wp-content\/uploads\/2024\/07\/9786267463284_b5-575x800.jpg 575w, https:\/\/www.gjtaiwan.com\/new\/wp-content\/uploads\/2024\/07\/9786267463284_b5-288x400.jpg 288w, https:\/\/www.gjtaiwan.com\/new\/wp-content\/uploads\/2024\/07\/9786267463284_b5.jpg 768w, https:\/\/www.gjtaiwan.com\/new\/wp-content\/uploads\/2024\/07\/9786267463284_b5-600x835.jpg 600w\" sizes=\"auto, (max-width: 575px) 100vw, 575px\" \/><\/p>\n<p><img loading=\"lazy\" decoding=\"async\" class=\"alignnone size-large wp-image-123985\" src=\"https:\/\/www.gjtaiwan.com\/new\/wp-content\/uploads\/2024\/07\/9786267463284_b6-575x800.jpg\" alt=\"\" width=\"575\" height=\"800\" srcset=\"https:\/\/www.gjtaiwan.com\/new\/wp-content\/uploads\/2024\/07\/9786267463284_b6-575x800.jpg 575w, https:\/\/www.gjtaiwan.com\/new\/wp-content\/uploads\/2024\/07\/9786267463284_b6-288x400.jpg 288w, https:\/\/www.gjtaiwan.com\/new\/wp-content\/uploads\/2024\/07\/9786267463284_b6.jpg 768w, https:\/\/www.gjtaiwan.com\/new\/wp-content\/uploads\/2024\/07\/9786267463284_b6-600x835.jpg 600w\" sizes=\"auto, (max-width: 575px) 100vw, 575px\" \/><\/p>\n<p><img loading=\"lazy\" decoding=\"async\" class=\"alignnone size-large wp-image-123986\" src=\"https:\/\/www.gjtaiwan.com\/new\/wp-content\/uploads\/2024\/07\/9786267463284_b7-575x800.jpg\" alt=\"\" width=\"575\" height=\"800\" srcset=\"https:\/\/www.gjtaiwan.com\/new\/wp-content\/uploads\/2024\/07\/9786267463284_b7-575x800.jpg 575w, https:\/\/www.gjtaiwan.com\/new\/wp-content\/uploads\/2024\/07\/9786267463284_b7-288x400.jpg 288w, https:\/\/www.gjtaiwan.com\/new\/wp-content\/uploads\/2024\/07\/9786267463284_b7.jpg 768w, https:\/\/www.gjtaiwan.com\/new\/wp-content\/uploads\/2024\/07\/9786267463284_b7-600x835.jpg 600w\" sizes=\"auto, (max-width: 575px) 100vw, 575px\" \/><\/p>\n<p><img loading=\"lazy\" decoding=\"async\" class=\"alignnone size-large wp-image-123987\" src=\"https:\/\/www.gjtaiwan.com\/new\/wp-content\/uploads\/2024\/07\/9786267463284_b8-571x800.jpg\" alt=\"\" width=\"571\" height=\"800\" srcset=\"https:\/\/www.gjtaiwan.com\/new\/wp-content\/uploads\/2024\/07\/9786267463284_b8-571x800.jpg 571w, https:\/\/www.gjtaiwan.com\/new\/wp-content\/uploads\/2024\/07\/9786267463284_b8-286x400.jpg 286w, https:\/\/www.gjtaiwan.com\/new\/wp-content\/uploads\/2024\/07\/9786267463284_b8.jpg 768w, https:\/\/www.gjtaiwan.com\/new\/wp-content\/uploads\/2024\/07\/9786267463284_b8-600x840.jpg 600w\" sizes=\"auto, (max-width: 571px) 100vw, 571px\" \/><\/p>\n<h2><strong>\u5167\u5bb9\u7c21\u4ecb<\/strong><\/h2>\n<p>\u53f0\u7063\u4f5c\u5bb6\u8b70\u8ad6\u517c\u6292\u60c5\u7684\u6587\u5b78\u547c\u8072<br \/>\n\u53f0\u7063\u8a71\u73fe\u4ee3\u6563\u6587\u66f8\u5beb\u7684\u767e\u5e74\u5fc3\u60c5<\/p>\n<p>57\u4f4d\u53f0\u8a9e\u6587\u5b78\u4e0d\u540c\u6642\u4ee3\u7684\u4ee3\u8868\u4f5c\u5bb6<br \/>\n64\u7bc7\u4e3b\u984c\u8c50\u5bcc\u3001\u9762\u8c8c\u591a\u5143\u7684\u53f0\u8a9e\u6563\u6587<br \/>\n\u5fb9\u5e95\u7ffb\u8f49\u53f0\u7063\u73fe\u4ee3\u6587\u5b78\u7684\u6b77\u53f2\u8996\u91ce<br \/>\n\u91cd\u73fe\u53f0\u7063\u6587\u5b78\u591a\u8a9e\u591a\u5f69\u7684\u5e95\u860a\u8207\u82b1\u857e<\/p>\n<p>\u2500\u2500\u6230\u524d\u2500\u2500<br \/>\n\u8449\u6f22\u7ae0\uff0e\u5df4\u514b\u79ae\uff0e\u7121\u843d\u540d\uff0e\u5433\u9053\u6e90\uff0e\u9ad8\u91d1\u8072<br \/>\n\u6f58\u9053\u69ae\uff0e\u6797\u8302\u751f\uff0e\u5055\u53e1\u5ec9\uff0e\u9023\u746a\u7389\uff0e\u3000\u6027<br \/>\n\u8cf4\u3000\u548c\uff0e\u8521\u57f9\u706b\uff0e\u738b\u5b88\u52c7\uff0e\u91d1\u4ec1\u7406\uff0e\u9ec3\u77f3\u8f1d<br \/>\n\u90ed\u79cb\u751f\uff0e\u694a\u8087\u5609\uff0e\u6c6a\u5b97\u57d5\uff0e\u90ed\u660e\u6606\uff0e\u8cf4\u4ec1\u8072<\/p>\n<p>\u2500\u2500\u6230\u5f8c\u73fe\u7576\u4ee3\u2500\u2500<br \/>\n\u912d\u5152\u7389\uff0e\u8463\u82b3\u82d1\uff0e\u738b\u80b2\u5fb7\uff0e\u9673\u3000\u96f7\uff0e\u6797\u5b97\u6e90<br \/>\n\u6797\u592e\u654f\uff0e\u9ec3\u52c1\u9023\uff0e\u856d\u5e73\u6cbb\uff0e\u6771\u65b9\u767d\uff0e\u9673\u8c50\u60e0<br \/>\n\u912d\u96c5\u6021\uff0e\u80e1\u6c11\u7965\uff0e\u9673\u660e\u4ec1\uff0e\u51c3\u9806\u5f9e\uff0e\u9ec3\u6674\u7f8e<br \/>\n\u5411\u3000\u967d\uff0e\u5f35\u6625\u51f0\uff0e\u6c5f\u79c0\u9cf3\uff0e\u9673\u5ef7\u5ba3\uff0e\u85cd\u6625\u745e<br \/>\n\u674e\u52e4\u5cb8\uff0e\u80e1\u9577\u677e\uff0e\u9673\u6f54\u6c11\uff0e\u5468\u5b9a\u90a6\uff0e\u738b\u8c9e\u6587<br \/>\n\u9673\u6b63\u96c4\uff0e\u5289\u627f\u8ce2\uff0e\u5433\u5357\u5716\uff0e\u67f3\u9752\u4eae\uff0e\u674e\u6046\u5fb7<br \/>\n\u5289\u975c\u5a1f\uff0e\u738b\u79c0\u5bb9\uff0e\u5433\u5609\u82ac\uff0e\u5ed6\u7389\u8559\uff0e\u6797\u7f8e\u9e97<br \/>\n\u738b\u7f85\u871c\u591a\uff0e\u738b\u662d\u83ef<\/p>\n<p>\u53f0\u8a9e\u73fe\u4ee3\u6587\u9ad4\u7684\u8a95\u751f\uff0c\u9664\u4e86\u65e5\u672c\u6642\u4ee3\u53d7\u65e5\u672c\u300c\u8a00\u6587\u4e00\u81f4\u300d\u904b\u52d5\u3001\u4e2d\u570b\u767d\u8a71\u6587\u904b\u52d5\u8207\u6771\u4e9e\u8fd1\u73fe\u4ee3\u6587\u5b78\u767c\u5c55\u7684\u5f71\u97ff\u5916\uff0c\u9084\u6709\u4e00\u6bb5\u4e0d\u5bb9\u5ffd\u8996\u7684\u6b77\u53f2\uff0c\u4ea6\u5373\u65e9\u65bc1885\u5e74\u5275\u520a\u7684\u300a\u53f0\u7063\u5e9c\u57ce\u6559\u6703\u5831\u300b\u6240\u4f7f\u7528\u7684\u300c\u767d\u8a71\u5b57\u300d\uff08Pe\u030dh-\u014de-j\u012b\uff09\uff0c\u5728\u8a9e\u6599\u7d00\u9304\u3001\u6b77\u53f2\u6587\u737b\u8207\u6587\u5b78\u5275\u4f5c\u5404\u65b9\u9762\u7684\u91cd\u8981\u7a4d\u7d2f\u3002\u6f22\u5b57\u8207\u767d\u8a71\u5b57\uff0c\u4e0d\u4f46\u5c0d\u6b96\u6c11\u5730\u53f0\u7063\u601d\u8003\u300c\u8a00\u6587\u4e00\u81f4\u300d\u7684\u8a9e\u6587\u6539\u9769\uff0c\u4e43\u81f3\u65bc\u6587\u5b78\u3001\u6587\u5316\u8207\u653f\u6cbb\u904b\u52d5\u7684\u4e3b\u9ad4\u6027\u8ffd\u6c42\u4e2d\u7522\u751f\u6975\u5927\u4f5c\u7528\uff0c\u540c\u6642\u4e5f\u5728\u8a9e\u6587\u767c\u5c55\u7684\u904e\u7a0b\u4e2d\uff0c\u7559\u4e0b\u4e86\u5f62\u5f0f\u6b8a\u7570\u7684\u6587\u9ad4\u9762\u8c8c\u8207\u8c50\u539a\u624e\u5be6\u7684\u6587\u5b78\u4e3b\u984c\u8207\u5167\u5bb9\u3002<\/p>\n<p>\u7136\u800c\uff0c\u5728\u6230\u524d\u65e5\u6587\u548c\u6230\u5f8c\u83ef\u6587\u7684\u300c\u570b\u8a9e\u300d\u9ad4\u5236\u4e2d\uff0c\u66fe\u662f\u5927\u591a\u6578\u53f0\u7063\u4eba\u4f7f\u7528\u7684\u300c\u53f0\u7063\u8a71\u300d\uff0c\u7121\u8ad6\u662f\u6f22\u5b57\u6216\u662f\u767d\u8a71\u5b57\u4f5c\u54c1\uff0c\u90fd\u56e0\u8907\u96dc\u7684\u6b77\u53f2\u3001\u6587\u5316\u8207\u653f\u6cbb\u56e0\u7d20\u800c\u53d7\u5230\u8a31\u591a\u64e0\u58d3\u8207\u963b\u7919\uff0c\u53f0\u8a9e\u6587\u5b78\u4f5c\u5bb6\u3001\u4f5c\u54c1\u53ca\u5176\u6b77\u53f2\uff0c\u81f3\u4eca\u4ecd\u70ba\u4e3b\u6d41\u6587\u58c7\u6240\u5ffd\u8996\u3002\u5728\u83ef\u8a9e\u6563\u6587\u4e5f\u88ab\u8996\u70ba\u908a\u7de3\u6587\u985e\u7684\u60c5\u6cc1\u4e0b\uff0c\u53f0\u8a9e\u73fe\u4ee3\u6563\u6587\u7684\u96d9\u91cd\u908a\u9672\u6027\uff0c\u66f4\u662f\u81ea\u4e0d\u5f85\u8a00\u3002<\/p>\n<p>\u672c\u9078\u96c6\u6536\u9304\u6230\u524d\u8207\u6230\u5f8c\u73fe\u7576\u4ee3\u517164\u7bc7\u53f0\u8a9e\u73fe\u4ee3\u6563\u6587\uff0c\u542b\u62ec\u767d\u8a71\u5b57\u3001\u53f0\u7063\u8a71\u6587\u8207\u73fe\u4ee3\u53f0\u6587\u4f5c\u54c1\uff0c\u4ee5\u6559\u80b2\u90e8\u63a8\u85a6\u7528\u5b57\u9032\u884c\u6a19\u6e96\u5316\uff0c\u4e26\u8a73\u52a0\u8a3b\u91cb\u3002\u5f9e\u6b77\u53f2\u7684\u89d2\u843d\u51fa\u767c\uff0c\u5f15\u9818\u8b80\u8005\u56de\u9867\u53f0\u8a9e\u6563\u6587\u81ea\u6e05\u570b\u7d71\u6cbb\u4ee5\u4f86\u840c\u82bd\u767c\u5c55\u3001\u9ede\u6ef4\u532f\u6d41\u7684\u767e\u5e74\u6210\u5c31\uff0c\u4ee5\u53ca\u8fd130\u5e74\u98db\u8e8d\u6210\u9577\u7684\u8ecc\u8de1\u3002\u4e00\u8d77\u611f\u53d7\u53f0\u8a9e\u6563\u6587\u8207\u53f0\u8a9e\u6587\u904b\u52d5\u5bc6\u5207\u63a5\u5408\u7684\u6b77\u53f2\u8108\u52d5\u8207\u6587\u85dd\u6027\u683c\uff0c\u601d\u8003\u53f0\u7063\u6587\u5b78\u8207\u53f0\u8a9e\u6587\u5b78\u7684\u6642\u4ee3\u610f\u7fa9\u8207\u85dd\u8853\u5167\u6db5\u3002<\/p>\n<p>\u672c\u66f8\u7279\u8272<\/p>\n<p>1. \u7cbe\u9078\u6230\u524d\u81f3\u6230\u5f8c\u73fe\u7576\u4ee3\u517164\u7bc7\u6587\u672c\uff0c\u6df1\u5316\u4e26\u64f4\u5145\u53f0\u8a9e\u6587\u5b78\u53f2\u3001\u53f0\u8a9e\u73fe\u4ee3\u6563\u6587\u53f2\u7684\u8996\u91ce\u8207\u5167\u6db5\u3002<\/p>\n<p>2. \u53f0\u7063\u6587\u5b78\u3001\u53f0\u8a9e\u6587\u5b78\u7814\u7a76\u8005\u5442\u7f8e\u89aa\uff0c\u96c6\u9577\u5e74\u7814\u7a76\u6210\u679c\u89aa\u81ea\u7de8\u9078\u4e26\u64b0\u5beb\u8a73\u76e1\u5c0e\u8ad6\uff0c\u4ecb\u7d39\u4f5c\u54c1\u6897\u6982\uff0c\u63d0\u4f9b\u521d\u5b78\u8b80\u8005\u6709\u95dc\u53f0\u8a9e\u6587\u904b\u52d5\u3001\u53f0\u8a9e\u6587\u5b78\u95b1\u8b80\u7814\u7a76\u4e4b\u5148\u5099\u77e5\u8b58\u3002<\/p>\n<p>3. \u4ee5\u6559\u80b2\u90e8\u63a8\u85a6\u6f22\u5b57\u8207\u53f0\u7f85\u91cd\u65b0\u6b63\u5b57\u6821\u8a3b\uff0c\u9069\u5408\u53f0\u8a9e\u521d\u5b78\u8005\u3001\u81ea\u5b78\u8005\u3002<\/p>\n<p>4. \u9078\u6587\u7686\u70ba\u6587\u5b78\u53f2\u91cd\u8981\u6587\u672c\u8207\u6587\u5b78\u734e\u5f97\u734e\u4e4b\u4f5c\uff0c\u9069\u5408\u4f5c\u70ba\u95b1\u8b80\u8cde\u6790\u8207\u5275\u4f5c\u7bc4\u6587\u3002<\/p>\n<p>\u806f\u540d\u63a8\u85a6<\/p>\n<p>\u674e\u52e4\u5cb8\uff08\u570b\u7acb\u53f0\u7063\u5e2b\u7bc4\u5927\u5b78\u53f0\u7063\u8a9e\u6587\u5b78\u7cfb\u9000\u4f11\u6559\u6388\uff09<br \/>\n\u5442\u8208\u660c\uff08\u570b\u7acb\u6210\u529f\u5927\u5b78\u53f0\u7063\u6587\u5b78\u7cfb\u9000\u4f11\u6559\u6388\uff09<br \/>\n\u9673\u842c\u76ca\uff08\u570b\u7acb\u6e05\u83ef\u5927\u5b78\u53f0\u7063\u6587\u5b78\u7814\u7a76\u6240\u69ae\u8b7d\u6559\u6388\uff09<br \/>\n\u6797\u5dfe\u529b\uff08\u570b\u7acb\u53f0\u7063\u6587\u5b78\u9928\u9928\u9577\uff09<\/p>\n<p>\u25ce\u672c\u66f8\u69ae\u7372\u6587\u5316\u90e8\u300c\u8a9e\u8a00\u53cb\u5584\u74b0\u5883\u53ca\u5275\u4f5c\u61c9\u7528\u88dc\u52a9\u300d<\/p>\n<h2><strong>\u7de8\u8005\u7c21\u4ecb<\/strong><\/h2>\n<p>\u5442\u7f8e\u89aa<\/p>\n<p>\u65e5\u672c\u4e00\u6a4b\u5927\u5b78\u8a00\u8a9e\u793e\u6703\u79d1\u535a\u58eb\uff0c\u73fe\u6b64\u6642\u662f\u53f0\u7063\u5e2b\u7bc4\u5927\u5b78\u53f0\u7063\u8a9e\u6587\u5b78\u7cfb\u526f\u6559\u6388\u3002\u4e3b\u7de8\u300a\u53f0\u8a9e\u73fe\u4ee3\u5c0f\u8aaa\u9078\u300b\u3001\u300a\u53f0\u8a9e\u73fe\u4ee3\u6563\u6587\u9078\u300b\uff0c\u5171\u7de8\u300a\u53f0\u8a9e\u6587\u904b\u52d5\u8a2a\u8ac7\u66a8\u53f2\u6599\u5f59\u7de8\u300b\u3001\u300a\u9ad8\u4e2d\u53f0\u8a9e\u300b\u6559\u79d1\u66f8\uff0c\u51fa\u7248\u53f0\u8a9e\u8a69\u96c6\u300a\u843d\u96e8\u5f7c\u65e5\u300b\uff0c\u7de8\u8b6f\u300a\u6f02\u6cca\u7684\u6c11\u65cf\uff1a\u738b\u80b2\u5fb7\u9078\u96c6\u300b\u7b49\u3002\u4e5f\u53c3\u8207\u9b25\u9b27\u71b1\u8d70\u5531\u968a\u88fd\u4f5c\u8cf4\u548c\u97f3\u6a02\u5c08\u8f2f\u300a\u6cb3\u300b\u3001\u300a\u81ea\u7531\u82b1\u300b\u3002<\/p>\n<h2><strong>\u76ee\u9304<\/strong><\/h2>\n<p>\u7de8\u8005\u5c0e\u8a00\uff5c\u8def\u9014\u9059\u9060\uff0c\u8cf0\u4e09\u4e94\u6b65\uff1a\u53f0\u8a9e\u6587\u5b78\uff0c\u884c\u5411\u5f7c\u689d\u6e56\u908a\u7684\u8def\uff0f\u5442\u7f8e\u89aa<\/p>\n<p>\u7de8\u8f2f\u51e1\u4f8b<\/p>\n<p>\u6230\u524d\u2500\u2500\u2500<br \/>\n\u767d\u8a71\u5b57\u00ea\u5229\u76ca\uff0f\u8449\u6f22\u7ae0<br \/>\n\u5df4\u7267\u5e2b\u00ea\u6279\uff0f\u5df4\u514b\u79ae<br \/>\n\u72d7\u6709\u667a\u8b58\uff0f\u7121\u843d\u540d<br \/>\n\u6771\u6d0b\u8a18\u9304\uff0f\u5433\u9053\u6e90<br \/>\n\u5df4\u7267\u5e2b\u5a18\u00ea\u5c0f\u50b3\uff0f\u9ad8\u91d1\u8072<br \/>\n\u751f\u756a\u5167\u5730\u89c0\u5149\uff0f\u6f58\u9053\u69ae<br \/>\n\u656c\u5f14\u5ed6\u4e09\u91cd\u541b\uff0f\u6797\u8302\u751f<br \/>\n\u7720\u5922\uff0f\u5055\u53e1\u5ec9<br \/>\n\u9727\u793e\u00ea\u751f\u8543\uff0f\u9023\u746a\u7389<br \/>\n\u65b0\u6b63\uff0f\u6027<br \/>\n\u7121\u804a\u00ea\u56de\u61b6\uff0f\u8cf4\u548c<br \/>\n\u6211\u6240\u770b\u00ea\u53f0\u7063\uff0f\u8521\u57f9\u706b<br \/>\n\u4e5d\u5dde\u50b3\u9053\u65c5\u884c\uff0f\u738b\u5b88\u52c7<br \/>\n\u91d1\u59d1\u5a18\u00ea\u6279\uff0f\u91d1\u4ec1\u7406<br \/>\n\u600e\u6a23\u4e0d\u63d0\u5531\u9109\u571f\u6587\u5b78\uff0f\u9ec3\u77f3\u8f1d<br \/>\n\u518d\u807d\u962e1\u56de\u547c\u8072\uff0f\u90ed\u79cb\u751f<br \/>\n\u6211\u00ea\u5e0c\u671b\uff0f\u694a\u8087\u5609<br \/>\n\u8cd1\u707d\u8a18\uff0f\u6c6a\u5b97\u57d5<br \/>\n\u5317\u4eac\u96dc\u8a71\uff0f\u90ed\u660e\u6606<br \/>\n\u6f8e\u6e56\u6559\u8072\uff0f\u8cf4\u4ec1\u8072<\/p>\n<p>\u6230\u5f8c\u81f3\u7576\u4ee3\u2500\u2500\u2500<br \/>\n20\u4e16\u7d00\u70cf\u6697\u5927\u9678\u00ea\u4f7f\u5f92Su-\u00ee-s\u00e0i-n\u00ed\uff0f\u912d\u5152\u7389<br \/>\n1\u7c92\u9ea5\uff0f\u8463\u82b3\u82d1<br \/>\n\u6211\u6709\u53bb\u564d\u5427\u54d6\uff0f\u738b\u80b2\u5fb7<br \/>\n\u53f0\u7063\u6587\u5b78\u767c\u5c55\u00ea\u4e0b1\u4e2a\u968e\u6bb5\uff0f\u9673\u96f7<br \/>\n\u672a\u5fd8\u82b1\uff0f\u9673\u96f7<br \/>\n\u5efa\u7acb\u6709\u5c0a\u56b4\u00ea\u53f0\u7063\u6587\u5b78\uff0f\u6797\u5b97\u6e90<br \/>\n\u96e8\u843d\u4f47\u5609\u5357\u5e73\u539f\uff0f\u6797\u592e\u654f<br \/>\n\u56de\u6b78\u53f0\u7063\u6587\u5b78\u00ea\u9762\u8154\uff0f\u6797\u592e\u654f<br \/>\n\u5bd2\u661f\u7167\u5b64\u5f71\uff0f\u6797\u592e\u654f<br \/>\n\u6f6d\u4ed4\u5898\u624b\u8a184\u5e16\uff0f\u9ec3\u52c1\u9023<br \/>\n\u963f\u7238\u00ea\u9e7f\u89d2\u85b0\u5439\uff0f\u856d\u5e73\u6cbb<br \/>\n\u012a&#8211;\u0101 \u00ea DNA\uff0fLah-jih<br \/>\n\u7238\u56dd\u60c5\uff0f\u6771\u65b9\u767d<br \/>\n\u7518\u751c\u00ea\u300e\u7f8e\u9e97\u300f\uff0f\u9673\u8c50\u60e0<br \/>\n\u4e92\u76f8\u505a\u4f34\u00ea\u300c\u539d\u5167\u4eba\u300d\uff0f\u9673\u8c50\u60e0<br \/>\n\u4e94\u65e5\u7bc0\u00ea\u611f\u60f3\uff0f\u912d\u96c5\u6021<br \/>\n\u60f3\u8457\uff0c\u5c31\u543c\u543cleh\uff0f\u80e1\u6c11\u7965<br \/>\nT\u00f2o-s\u00e0ng\uff0f\u80e1\u6c11\u7965<br \/>\n\u5927\u5d19\u00ea\u963f\u592a\u4f6e\u7802\u9f08\uff0f\u9673\u660e\u4ec1<br \/>\n\u7c89\u7b46\u751f\u6daf\uff0f\u51c3\u9806\u5f9e<br \/>\n\u8ffd\u60f3\u56db\u4e8c\u56db\u4e8b\u4ef6\u4f6e\u962e\u515c\u00ea\u6545\u4e8b\uff0f\u9ec3\u6674\u7f8e<br \/>\n\u69ae\u5f8c\u53f0\u7063\u8a69\u4eba\u734e\u5f97\u734e\u611f\u8a00\uff0f\u5411\u967d<br \/>\n\u89c0\u9727\u8a18\u904a\uff0f\u5f35\u6625\u51f0<br \/>\n\u5c71\u8cca\u65e5\u8a18\uff0f\u6c5f\u79c0\u9cf3<br \/>\n\u8461\u8404\u96e8\uff0f\u9673\u5ef7\u5ba3<br \/>\n\u51fa\u9580\u8882\u8f38\u62cd\u7121\u53bb\u00ea\u5de5\u4eba\uff0f\u85cd\u6625\u745e<br \/>\n\u7565\u8b5c\uff0e\u8b5c\u7565\uff0f\u674e\u52e4\u5cb8<br \/>\n\u884c\u8e0f\u4f47\u897f\u62c9\u96c5\u5c0f\u8def\u00ea\u6625\u5929\uff0f\u80e1\u9577\u677e<br \/>\n\u61f7\u5ff5\u00ea\u64ad\u97f3\u54e1\uff0f\u9673\u6f54\u6c11<br \/>\n\u4f86\u53bb\u7956\u570b\uff0f\u5468\u5b9a\u90a6<br \/>\n\u6a39\u5a46\u00ea\u67e5\u67d0\u5b6b\uff0f\u738b\u8c9e\u6587<br \/>\n\u966a\u738b\u80b2\u5fb7\u884c\u8def\uff0f\u9673\u6b63\u96c4<br \/>\n\u7121\u6b63\u5e38\u00ea\u6d77\u8c6c\u4ed4\u8166\uff0f\u5289\u627f\u8ce2<br \/>\n\u947c\u8072\u82e5\u97ff\uff0f\u5433\u5357\u5716<br \/>\n1\u9818\u88c2\u7dda\u7d17\u00ea\u684c\u5dfe\uff0f\u67f3\u9752\u4eae<br \/>\n\u5f7c\u6697\u5211\u4e8b\u4f86\u962e\u515c\u63a0\u4eba\uff0f\u674e\u6046\u5fb7<br \/>\n\u820a\u886b\u6539\u65b0\uff0f\u5289\u975c\u5a1f<br \/>\n\u6211\u54a7\u5531\u6b4c\uff1a0\u6b72 \u91cd\u51fa\u4e16\uff0f\u738b\u79c0\u5bb9<br \/>\n\u6211\u54a7\u5531\u6b4c\uff1a1\u6b72 \u5976\u6bcd\u8eca\u5167\u7684\u5929\u4f7f\uff0f\u738b\u79c0\u5bb9<br \/>\n1\u679d\u83491\u9ede\u9732\uff0f\u5433\u5609\u82ac<br \/>\n\u5f7c\u5e74\u6625\u5929\uff0f\u5ed6\u7389\u8559<br \/>\n\u9662\u4e4b\u56da\uff0c\u7c60\u4e2d\u9ce5\u2500\u2500\u89c0\u5bdf\u5ba45\u65e5\uff0f\u6797\u7f8e\u9e97<br \/>\n\u53e4\u65e9\u7269\u4ef6\uff0f\u738b\u7f85\u871c\u591a<br \/>\n\u6211\u96a8\u610f\uff0c\u4f60\u76e1\u91cf\uff0f\u738b\u662d\u83ef<\/p>\n<p>ISBN\uff1a9786267463284<br \/>\n\u51fa\u7248\u793e\uff1a\u524d\u885b<br \/>\n\u898f\u683c\uff1a\u5e73\u88dd \/ 512\u9801 \/ 15 x 21 x 2.5 cm \/ \u666e\u901a\u7d1a \/ \u55ae\u8272\u5370\u5237 \/ \u521d\u7248<br \/>\n\u51fa\u7248\u5730\uff1a\u53f0\u7063<\/p>\n","protected":false},"excerpt":{"rendered":"<p>\u53f0\u8a9e\u73fe\u4ee3\u6563\u6587\u9078 \u5167\u5bb9\u7c21\u4ecb \u53f0\u7063\u4f5c\u5bb6\u8b70\u8ad6\u517c\u6292\u60c5\u7684\u6587\u5b78\u547c\u8072 \u53f0\u7063\u8a71\u73fe\u4ee3\u6563\u6587\u66f8\u5beb\u7684\u767e\u5e74\u5fc3\u60c5 57\u4f4d\u53f0\u8a9e\u6587\u5b78\u4e0d\u540c\u6642\u4ee3\u7684&#8230;<\/p>\n","protected":false},"featured_media":123988,"comment_status":"closed","ping_status":"closed","template":"","meta":[],"product_brand":[],"product_cat":[2819,2663,3183],"product_tag":[],"class_list":{"0":"post-123981","1":"product","2":"type-product","3":"status-publish","4":"has-post-thumbnail","6":"product_cat-2819","7":"product_cat-2663","8":"product_cat-3183","10":"first","11":"instock","12":"sale","13":"taxable","14":"shipping-taxable","15":"purchasable","16":"product-type-simple"},"bundled_by":[],"bundle_stock_status":"instock","bundle_stock_quantity":null,"bundle_virtual":false,"bundle_layout":"","bundle_add_to_cart_form_location":"","bundle_editable_in_cart":false,"bundle_sold_individually_context":"","bundle_item_grouping":"","bundle_min_size":"","bundle_max_size":"","bundle_price":[],"bundled_items":[],"bundle_sell_ids":[65786,138697],"_links":{"self":[{"href":"https:\/\/www.gjtaiwan.com\/new\/wp-json\/wp\/v2\/product\/123981","targetHints":{"allow":["GET"]}}],"collection":[{"href":"https:\/\/www.gjtaiwan.com\/new\/wp-json\/wp\/v2\/product"}],"about":[{"href":"https:\/\/www.gjtaiwan.com\/new\/wp-json\/wp\/v2\/types\/product"}],"replies":[{"embeddable":true,"href":"https:\/\/www.gjtaiwan.com\/new\/wp-json\/wp\/v2\/comments?post=123981"}],"wp:featuredmedia":[{"embeddable":true,"href":"https:\/\/www.gjtaiwan.com\/new\/wp-json\/wp\/v2\/media\/123988"}],"wp:attachment":[{"href":"https:\/\/www.gjtaiwan.com\/new\/wp-json\/wp\/v2\/media?parent=123981"}],"wp:term":[{"taxonomy":"product_brand","embeddable":true,"href":"https:\/\/www.gjtaiwan.com\/new\/wp-json\/wp\/v2\/product_brand?post=123981"},{"taxonomy":"product_cat","embeddable":true,"href":"https:\/\/www.gjtaiwan.com\/new\/wp-json\/wp\/v2\/product_cat?post=123981"},{"taxonomy":"product_tag","embeddable":true,"href":"https:\/\/www.gjtaiwan.com\/new\/wp-json\/wp\/v2\/product_tag?post=123981"}],"curies":[{"name":"wp","href":"https:\/\/api.w.org\/{rel}","templated":true}]}}