{"id":125832,"date":"2024-10-09T17:36:36","date_gmt":"2024-10-09T09:36:36","guid":{"rendered":"https:\/\/www.gjtaiwan.com\/new\/?post_type=product&#038;p=125832"},"modified":"2026-01-27T10:21:30","modified_gmt":"2026-01-27T02:21:30","slug":"%e6%98%a5%e5%85%89%e9%96%98%e8%a2%82%e9%9b%a2-%e6%a5%8a%e9%80%b5%e7%b6%93%e5%85%b8%e5%8f%b0%e6%96%87%e6%9c%89%e8%81%b2%e8%ae%80%e6%9c%ac","status":"publish","type":"product","link":"https:\/\/www.gjtaiwan.com\/new\/product\/%e6%98%a5%e5%85%89%e9%96%98%e8%a2%82%e9%9b%a2-%e6%a5%8a%e9%80%b5%e7%b6%93%e5%85%b8%e5%8f%b0%e6%96%87%e6%9c%89%e8%81%b2%e8%ae%80%e6%9c%ac","title":{"rendered":"\u6625\u5149\u9598\u8882\u96e2\uff1a\u694a\u9035\u7d93\u5178\u53f0\u6587\u6709\u8072\u8b80\u672c"},"content":{"rendered":"<h1><strong>\u6625\u5149\u9598\u8882\u96e2\uff1a\u694a\u9035\u7d93\u5178\u53f0\u6587\u6709\u8072\u8b80\u672c<\/strong><\/h1>\n<p><img loading=\"lazy\" decoding=\"async\" class=\"alignnone size-large wp-image-125833\" src=\"https:\/\/www.gjtaiwan.com\/new\/wp-content\/uploads\/2024\/10\/9786267463529_bc-571x800.jpg\" alt=\"\" width=\"571\" height=\"800\" srcset=\"https:\/\/www.gjtaiwan.com\/new\/wp-content\/uploads\/2024\/10\/9786267463529_bc-571x800.jpg 571w, https:\/\/www.gjtaiwan.com\/new\/wp-content\/uploads\/2024\/10\/9786267463529_bc-286x400.jpg 286w, https:\/\/www.gjtaiwan.com\/new\/wp-content\/uploads\/2024\/10\/9786267463529_bc.jpg 768w, https:\/\/www.gjtaiwan.com\/new\/wp-content\/uploads\/2024\/10\/9786267463529_bc-600x840.jpg 600w\" sizes=\"auto, (max-width: 571px) 100vw, 571px\" \/><\/p>\n<h2><strong>\u5167\u5bb9\u7c21\u4ecb<\/strong><\/h2>\n<p>\u56e0\u70ba\u6709\u694a\u9035\uff0c\u53f0\u7063\u7684\u571f\u5730\u4e0a\uff0c\u624d\u6709\u9435\u936c\u5beb\u4e0b\u7684\u8a69\u3002<\/p>\n<p>\u56e0\u70ba\u6709\u694a\u9035\uff0c1993\u5e74\uff0c\u53f0\u7063\u624d\u6709\u4e86\u7b2c\u4e00\u5f35\u300c\u53f0\u7063\u6587\u5b78\u300d\u7684\u97f3\u6a02\u4f5c\u54c1\u2500\u2500\u300a\u694a\u9035\uff1a\u9d5d\u5abd\u5abd\u51fa\u5ac1\u300b\uff0c\u6a19\u8a8c\u8457\u300c\u65b0\u53f0\u8a9e\u6b4c\u904b\u52d5\u300d\u7684\u5230\u4f86\u3002<\/p>\n<p>\u6642\u9694\u4e09\u5341\u5e74\uff0c2023\u5e74\u300c\u4e09\u5341\u9d5d\u9e97\uff1a\u9d5d\u5abd\u5abd\u51fa\u5ac130\u9031\u5e74\u5fa9\u523b\u97f3\u6a02\u6703\u300d\u4ee5\u97f3\u6a02\u91cd\u65b0\u9ede\u71c3\u610f\u8b58\u7684\u706b\u70ac\uff0c\u4e0d\u4f46\u56de\u9867\u694a\u9035\u7684\u6587\u5b78\u8207\u884c\u52d5\uff0c\u9023\u7d50\u7576\u4ee3\u53f0\u7063\uff0c\u66f4\u8981\u5ef6\u7e8c\u694a\u9035\u672a\u7adf\u7684\u8a71\u6587\uff0c\u5be6\u73fe\u4ed6\u7684\u5617\u8a66\u8207\u8ffd\u6c42\u3002<\/p>\n<p>\u672c\u66f8\u7cbe\u9078\u694a\u9035\u6578\u5c01\u300c\u7da0\u5cf6\u5bb6\u66f8\u300d\uff0c\u4ee5\u53ca\u8a69\u3001\u6563\u6587\u3001\u5c0f\u8aaa\u7b49\u5404\u6642\u671f\u7684\u4ee3\u8868\u4f5c\u8b6f\u70ba\u53f0\u6587\u3002\u900f\u904e\u694a\u9035\u7684\u6bcd\u8a9e\u3001\u65e5\u672c\u6642\u4ee3\u7684\u53f0\u7063\u8a71\uff0c\u300c\u8a00\u6587\u4e00\u81f4\u300d\u5730\u91cd\u73fe\u5176\u4f5c\u54c1\u4e2d\u7684\u8a9e\u5883\u548c\u601d\u60f3\uff0c\u4ee5\u53ca\u70ba\u8fb2\u5de5\u5927\u773e\u767c\u8072\u7684\u6587\u5b78\u95dc\u61f7\u3002\u5168\u66f8\u9644\u53f0\u8a9e\u6709\u8072\u6717\u8b80QRcode\uff0c\u4e26\u4ee5\u6559\u80b2\u90e8\u6f22\u5b57\u3001\u7f85\u99ac\u5b57\u9032\u884c\u83ef\u3001\u65e5\u6587\u4e4b\u53f0\u8b6f\u3002\u91cd\u65b0\u807d\u898b\u694a\u9035\u6587\u5b78\u7684\u8072\u97f3\uff0c\u8207\u53f0\u7063\u571f\u5730\u7684\u5171\u9cf4\u3002<\/p>\n<p>\u672c\u66f8\u7279\u8272<\/p>\n<p>1. \u7cbe\u9078\u694a\u9035\u300c\u7da0\u5cf6\u5bb6\u66f8\u300d\u8207\u5404\u6642\u671f\u4ee3\u8868\u4f5c\uff0c\u9996\u5ea6\u81ea\u539f\u6587\uff08\u65e5\u6587\u3001\u83ef\u6587\uff09\u76f4\u8b6f\u70ba\u53f0\u6587\u3002<\/p>\n<p>2. \u9644\u5168\u66f8\u5404\u7bc7\u53f0\u8a9e\u6709\u8072\u6717\u8b80QRcode\uff0c\u6709\u8072\u5167\u5bb9\u9577\u9054\u4e09\u5c0f\u6642\u3002\u7cbe\u7dfb\u7684\u8072\u97f3\u5f8c\u88fd\uff0c\u5433\u665f\u3001\u9673\u660e\u4ec1\u3001\u5411\u967d\u3001\u8def\u5bd2\u8896\u3001\u6731\u7d04\u4fe1\u3001\u694a\u7fe0\u3001\u912d\u9806\u8070\u7b49\u4eba\u737b\u8072\u6717\u8b80\uff0c\u8de8\u4e16\u4ee3\u7cbe\u5f69\u9663\u5bb9\uff0c\u9084\u539f\u694a\u9035\u5275\u4f5c\u8a9e\u5883\u3002<\/p>\n<p>3. \u300c\u4e09\u5341\u9d5d\u9e97\uff1a\u9d5d\u5abd\u5abd\u51fa\u5ac130\u9031\u5e74\u300d\u5ef6\u4f38\u8a08\u756b\uff0c\u7d00\u5ff5\u694a\u9035\u8207\u65b0\u53f0\u8a9e\u6b4c\u7684\u6642\u4ee3\u8ecc\u8de1\u3002<\/p>\n<p>\u3010\u6587\u5316\u90e8\u300c\u570b\u5bb6\u8a9e\u8a00\u6574\u9ad4\u767c\u5c55\u65b9\u6848\u300d\u8d0a\u52a9\u3011<\/p>\n<p>\u3010\u6709\u8072\u8a66\u807d\u3011<br \/>\n\u3008\u6625\u5149\u9598\u8882\u96e2\u3009\uff0c\u539f\u4f5c\uff1a\u694a\u9035\uff0c\u5538\u8b80\uff1a\u738b\u4fe1\u5141<\/p>\n<h2><strong>\u8b6f\u8005\u7c21\u4ecb<\/strong><\/h2>\n<p>\u65e5\u53f0\u8b6f\u8005\uff0f\u6797\u6771\u69ae L\u00eem Tong-\u00eeng<\/p>\n<p>1950\u5e74\u751f\uff0c\u53f0\u4e2d\u5927\u809a\u6797\u4ed4\u982d\uff08N\u00e2-\u00e1-th\u00e2u\uff09\u4eba\uff0c\u53f0\u5317\u5de5\u5c08\u6a5f\u68b0\u79d1\u3001\u4ea4\u901a\u5927\u5b78EMBA\u7562\u696d\u3002\u5728\u53f0\u65e5\u672c\u4f01\u696d\u670d\u52d9\u5f8c\u5275\u696d\u5f9e\u4e8b\u5c0d\u65e5\u8cbf\u6613\uff0c\u8b1b\u65e5\u672c\u8a71\u548c\u65e5\u672c\u4eba\u4ea4\u5f8050\u5e74\u3002\u539f\u751f\u53f0\u8a9e\u4eba\uff0c\u9000\u4f11\u5f8c\u5b78\u7fd2\u53f0\u6587\u3002\u300a\u7f85\u751f\u9580\uff1a\u82a5\u5ddd\u9f8d\u4e4b\u4ecb\u77ed\u7bc7\u5c0f\u8aaa\u9078\uff29\uff08\u53f0\u8a9e\u7ffb\u8b6f\u7248\uff09\u300b\u8b6f\u8005\u3002\u73fe\u5168\u5fc3\u6295\u5165\u65e5\u672c\u7d93\u5178\u5c0f\u8aaa\u7684\u53f0\u8b6f\u5de5\u4f5c\u53ca\u53f0\u6587\u7fd2\u4f5c\u3002<\/p>\n<p>\u83ef\u53f0\u8b6f\u8005\uff0f\u8cf4\u7005\u4f0a\u3000Lu\u0101 \u00ceng-i<\/p>\n<p>\u51fa\u751f\u65bc\u53f0\u5357\u7684\u5609\u7fa9\u4eba\uff0c\u76ee\u524d\u5c31\u8b80\u570b\u7acb\u81fa\u4e2d\u6559\u80b2\u5927\u5b78\u53f0\u7063\u8a9e\u6587\u5b78\u7cfb\u78a9\u58eb\u73ed\u3002\u53f0\u8a9e\u65b0\u805e\u904e\u97f3\u54e1\uff0c\u5f71\u8996\u5a92\u9ad4\u3001\u6587\u5275\u5ee3\u544a\u3001\u53f0\u8a9e\u6307\u5c0e\/\u53f0\u6587\u8b6f\u7a3f\u3002\u7d93\u71df\u81ea\u5a92\u9ad4\u300c\u4f0a\u00ea\u5fc3\u60c5\u5b57\u300d\u7c89\u5c08\uff0c\u9080\u8acb\u5927\u5bb6\u4e00\u8d77\u7528\u53f0\u8a9e\u8aaa\u842c\u7269\uff0c\u4ee5\u53f0\u6587\u5beb\u751f\u6d3b\u3002<\/p>\n<p>\u6709\u8072\u5538\u8b80<br \/>\n\u738b\u4fe1\u5141\u3001\u5411\u3000\u967d\u3001\u6731\u7d04\u4fe1\u3001\u674e\u62d3\u6893\u3001\u5433\u3000\u665f<br \/>\n\u6797\u6771\u69ae\u3001\u9673\u660e\u4ec1\u3001\u9673\u6df3\u6770\u3001\u5f35\u5609\u7965\u3001\u694a\u3000\u7fe0<br \/>\n\u8def\u5bd2\u8896\u3001\u8463\u82b3\u862d\u3001\u912d\u9806\u8070\u3001\u912d\u6e05\u9d3b\u3001\u8cf4\u7005\u4f0a<br \/>\n\u9b4f\u3000\u63da\uff08\u6309\u59d3\u6c0f\u7b46\u756b\u9806\u5e8f\u6392\u5217\uff09<\/p>\n<h2><strong>\u76ee\u9304<\/strong><\/h2>\n<p>\u5e8f \u5f9e\u9072\u5230\u5beb\u8d77 \u25a0\u694a\u7fe0<\/p>\n<p>\u3010\u7da0\u5cf6\u5bb6\u66f8\u3011<br \/>\n\u6211\u662f\u96f7\u516c\u6443\u8882\u6b7b\u00ea\uff5c\u6211\u662f\u96f7\u516c\u6253\u4e0d\u6b7b\u7684<br \/>\n\u7406\u60f3\u00ea\u7a4em\u0101\u901apuh\u77e3\uff5c\u7406\u60f3\u4e4b\u82bd\u4e5f\u8a72\u840c\u4e86<br \/>\n\u6211\u6bcb\u634c\u7db4\u7121\u8457\u9663\uff5c\u6211\u672a\u66fe\u843d\u904e\u4f0d<br \/>\n\u6211\u6703k\u0101\u7b11\u8072\u7d2e\u8f49\u53bb\u539d\uff5c\u6211\u6703\u628a\u7b11\u8072\u5e36\u56de\u5bb6<br \/>\n\u898f\u539d\u9593\u82b1\u82b3\u00ea\u5feb\u6a02\u4e16\u754c\uff5c\u6eff\u5c4b\u82b1\u9999\u7684\u5feb\u6a02\u4e16\u754c<br \/>\n\u672a\u4f86\u662f\u5149\u660e\u00ea\uff5c\u672a\u4f86\u662f\u5149\u660e\u7684<br \/>\n\u669d\u771f\u6697\u715e\u6709\u5929\u661f\uff5c\u9ed1\u591c\u537b\u6709\u661f\u5149<br \/>\n\u4fdd\u6301\u6a02\u89c0\u00ea\u7cbe\u795e\uff5c\u4fdd\u6301\u6a02\u89c0\u7cbe\u795e<br \/>\n\u963f\u516c\u7121\u60f3\u6b32\u8ca7\u60f0\uff5c\u516c\u516c\u6c38\u4e0d\u60f3\u5077\u61f6<br \/>\n\u514d\u9a5as\u00e0n\uff5c\u7aae\u662f\u4e0d\u5fc5\u754f\u61fc\u7684<\/p>\n<p>\u3010\u8a69\u3011<br \/>\n\u767e\u5408<br \/>\n\u4e09\u4e2a\u6207\u5927\u5446\uff5c\u4e09\u500b\u81ed\u76ae\u5320<br \/>\n\u4e00\u7c92\u597d\u7a2e\u5b50<br \/>\n\u53f0\u7063\u7f8e\u9e97\u5cf6\u2014\u5916\u4e00\u7ae0<br \/>\n\u81e8\u6642\u81e8\u5beb\uff5c\u5373\u8208<br \/>\n\u5927\u6f6e<\/p>\n<p>\u3010\u6563\u6587\u3011<br \/>\n\u611b\u807d\u4eba\u6c11\u7684\u8072\u97f3\uff5c\u50be\u807d\u4eba\u6c11\u7684\u8072\u97f3<br \/>\n\u70ba\u9019\u4e00\u5e74\u54ed\uff5c\u70ba\u6b64\u4e00\u5e74\u54ed<br \/>\n\u5f9e\u901f\u7de8\u6210\u4e0b\u9109\u5de5\u4f5c\u968a<br \/>\n\u4eba\u6c11\u00ea\u4f5c\u5bb6\uff5c\u4eba\u6c11\u7684\u4f5c\u5bb6<br \/>\n\u58be\u5712\u8a18<br \/>\n\u7f8a\u982d\u96c6<br \/>\n\u51b0\u5c71\u4e0b\u5e95\uff5c\u51b0\u5c71\u5e95\u4e0b<br \/>\n\u6211\u6709\u4e00\u584a\u78da<\/p>\n<p>\u3010\u5c0f\u8aaa\u3011<br \/>\n\u6c34\u725b<br \/>\n\u9d5d\u59ca\u4ed4\u51fa\u5ac1\uff5c\u9d5d\u5abd\u5abd\u51fa\u5ac1<br \/>\n\u6625\u5149\u9598\u8882\u96e2\uff5c\u6625\u5149\u95dc\u4e0d\u4f4f<\/p>\n<p>\u3010\u5176\u4ed6\u3011<br \/>\n\u548c\u5e73\u5ba3\u8a00\u2500\u2500\u81f4\u694a\u5efa \u25a0\u5433\u665f<br \/>\n\u5beb\u4f47\u571f\u5730\u7684\u5fc3\u809d\u9802 \u25a0\u5411\u967d<br \/>\n\u6207\u5446\u50b3\u904e\u5e7e\u4ee3\uff5c\u611a\u516c\u5e7e\u4ee3\u904e\u53bb \u25a0\u9b4f\u63da<\/p>\n<p>ISBN\uff1a9786267463529<br \/>\n\u51fa\u7248\u793e\uff1a\u524d\u885b<br \/>\n\u898f\u683c\uff1a\u5e73\u88dd \/ 136\u9801 \/ 15 x 21 x 0.85 cm \/ \u666e\u901a\u7d1a \/ \u55ae\u8272\u5370\u5237 \/ \u521d\u7248<br \/>\n\u51fa\u7248\u5730\uff1a\u53f0\u7063<\/p>\n","protected":false},"excerpt":{"rendered":"<p>\u6625\u5149\u9598\u8882\u96e2\uff1a\u694a\u9035\u7d93\u5178\u53f0\u6587\u6709\u8072\u8b80\u672c \u5167\u5bb9\u7c21\u4ecb \u56e0\u70ba\u6709\u694a\u9035\uff0c\u53f0\u7063\u7684\u571f\u5730\u4e0a\uff0c\u624d\u6709\u9435\u936c\u5beb\u4e0b\u7684\u8a69\u3002 \u56e0\u70ba\u6709\u694a\u9035\uff0c1993&#8230;<\/p>\n","protected":false},"featured_media":125833,"comment_status":"closed","ping_status":"closed","template":"","meta":[],"product_brand":[],"product_cat":[2819,2663,3183],"product_tag":[3903],"class_list":{"0":"post-125832","1":"product","2":"type-product","3":"status-publish","4":"has-post-thumbnail","6":"product_cat-2819","7":"product_cat-2663","8":"product_cat-3183","9":"product_tag-3903","11":"first","12":"instock","13":"sale","14":"taxable","15":"shipping-taxable","16":"purchasable","17":"product-type-simple"},"bundled_by":[],"bundle_stock_status":"instock","bundle_stock_quantity":null,"bundle_virtual":false,"bundle_layout":"","bundle_add_to_cart_form_location":"","bundle_editable_in_cart":false,"bundle_sold_individually_context":"","bundle_item_grouping":"","bundle_min_size":"","bundle_max_size":"","bundle_price":[],"bundled_items":[],"bundle_sell_ids":[65786,138697],"_links":{"self":[{"href":"https:\/\/www.gjtaiwan.com\/new\/wp-json\/wp\/v2\/product\/125832","targetHints":{"allow":["GET"]}}],"collection":[{"href":"https:\/\/www.gjtaiwan.com\/new\/wp-json\/wp\/v2\/product"}],"about":[{"href":"https:\/\/www.gjtaiwan.com\/new\/wp-json\/wp\/v2\/types\/product"}],"replies":[{"embeddable":true,"href":"https:\/\/www.gjtaiwan.com\/new\/wp-json\/wp\/v2\/comments?post=125832"}],"wp:featuredmedia":[{"embeddable":true,"href":"https:\/\/www.gjtaiwan.com\/new\/wp-json\/wp\/v2\/media\/125833"}],"wp:attachment":[{"href":"https:\/\/www.gjtaiwan.com\/new\/wp-json\/wp\/v2\/media?parent=125832"}],"wp:term":[{"taxonomy":"product_brand","embeddable":true,"href":"https:\/\/www.gjtaiwan.com\/new\/wp-json\/wp\/v2\/product_brand?post=125832"},{"taxonomy":"product_cat","embeddable":true,"href":"https:\/\/www.gjtaiwan.com\/new\/wp-json\/wp\/v2\/product_cat?post=125832"},{"taxonomy":"product_tag","embeddable":true,"href":"https:\/\/www.gjtaiwan.com\/new\/wp-json\/wp\/v2\/product_tag?post=125832"}],"curies":[{"name":"wp","href":"https:\/\/api.w.org\/{rel}","templated":true}]}}