{"id":126542,"date":"2024-11-13T14:29:57","date_gmt":"2024-11-13T06:29:57","guid":{"rendered":"https:\/\/www.gjtaiwan.com\/new\/?post_type=product&#038;p=126542"},"modified":"2024-11-13T14:31:50","modified_gmt":"2024-11-13T06:31:50","slug":"%e4%bd%ae-%e6%95%99%e6%88%91%e8%ac%9b%e5%8f%b0%e8%aa%9e%e5%96%ae%e5%ad%97%e5%8d%a1%ef%bc%8d%e9%bb%9e%e5%bf%83%e7%af%87-10%e5%85%a5%e5%84%aa%e6%83%a0","status":"publish","type":"product","link":"https:\/\/www.gjtaiwan.com\/new\/product\/%e4%bd%ae-%e6%95%99%e6%88%91%e8%ac%9b%e5%8f%b0%e8%aa%9e%e5%96%ae%e5%ad%97%e5%8d%a1%ef%bc%8d%e9%bb%9e%e5%bf%83%e7%af%87-10%e5%85%a5%e5%84%aa%e6%83%a0","title":{"rendered":"\u4f6e\/\u6559\u6211\u8b1b\u53f0\u8a9e\u55ae\u5b57\u5361\uff0d\u9ede\u5fc3\u7bc7 10\u5165\u512a\u60e0"},"content":{"rendered":"<h1><strong>\u4f6e\/\u6559\u6211\u8b1b\u53f0\u8a9e\u55ae\u5b57\u5361 kah\/k\u00e0 gu\u00e1 k\u00f3ng T\u00e2i-g\u00ed\u00a0\uff0d\u9ede\u5fc3\u7bc7 10\u5165\u512a\u60e0<\/strong><\/h1>\n<p><img loading=\"lazy\" decoding=\"async\" class=\"alignnone size-large wp-image-124882\" src=\"https:\/\/www.gjtaiwan.com\/new\/wp-content\/uploads\/2024\/08\/Image_20240827_115819_195-1066x800.jpg\" alt=\"\" width=\"1020\" height=\"765\" srcset=\"https:\/\/www.gjtaiwan.com\/new\/wp-content\/uploads\/2024\/08\/Image_20240827_115819_195.jpg 1066w, https:\/\/www.gjtaiwan.com\/new\/wp-content\/uploads\/2024\/08\/Image_20240827_115819_195-533x400.jpg 533w, https:\/\/www.gjtaiwan.com\/new\/wp-content\/uploads\/2024\/08\/Image_20240827_115819_195-768x576.jpg 768w, https:\/\/www.gjtaiwan.com\/new\/wp-content\/uploads\/2024\/08\/Image_20240827_115819_195-600x450.jpg 600w\" sizes=\"auto, (max-width: 1020px) 100vw, 1020px\" \/><\/p>\n<p><img loading=\"lazy\" decoding=\"async\" class=\"alignnone size-large wp-image-124875\" src=\"https:\/\/www.gjtaiwan.com\/new\/wp-content\/uploads\/2024\/08\/Image_20240827_115819_661-1066x800.jpg\" alt=\"\" width=\"1020\" height=\"765\" srcset=\"https:\/\/www.gjtaiwan.com\/new\/wp-content\/uploads\/2024\/08\/Image_20240827_115819_661.jpg 1066w, https:\/\/www.gjtaiwan.com\/new\/wp-content\/uploads\/2024\/08\/Image_20240827_115819_661-533x400.jpg 533w, https:\/\/www.gjtaiwan.com\/new\/wp-content\/uploads\/2024\/08\/Image_20240827_115819_661-768x576.jpg 768w, https:\/\/www.gjtaiwan.com\/new\/wp-content\/uploads\/2024\/08\/Image_20240827_115819_661-600x450.jpg 600w\" sizes=\"auto, (max-width: 1020px) 100vw, 1020px\" \/><\/p>\n<p><img loading=\"lazy\" decoding=\"async\" class=\"alignnone size-large wp-image-124876\" src=\"https:\/\/www.gjtaiwan.com\/new\/wp-content\/uploads\/2024\/08\/Image_20240827_115819_821-1066x800.jpg\" alt=\"\" width=\"1020\" height=\"765\" srcset=\"https:\/\/www.gjtaiwan.com\/new\/wp-content\/uploads\/2024\/08\/Image_20240827_115819_821.jpg 1066w, https:\/\/www.gjtaiwan.com\/new\/wp-content\/uploads\/2024\/08\/Image_20240827_115819_821-533x400.jpg 533w, https:\/\/www.gjtaiwan.com\/new\/wp-content\/uploads\/2024\/08\/Image_20240827_115819_821-768x576.jpg 768w, https:\/\/www.gjtaiwan.com\/new\/wp-content\/uploads\/2024\/08\/Image_20240827_115819_821-600x450.jpg 600w\" sizes=\"auto, (max-width: 1020px) 100vw, 1020px\" \/><\/p>\n<p><img loading=\"lazy\" decoding=\"async\" class=\"alignnone size-large wp-image-124877\" src=\"https:\/\/www.gjtaiwan.com\/new\/wp-content\/uploads\/2024\/08\/Image_20240827_115820_076-1066x800.jpg\" alt=\"\" width=\"1020\" height=\"765\" srcset=\"https:\/\/www.gjtaiwan.com\/new\/wp-content\/uploads\/2024\/08\/Image_20240827_115820_076.jpg 1066w, https:\/\/www.gjtaiwan.com\/new\/wp-content\/uploads\/2024\/08\/Image_20240827_115820_076-533x400.jpg 533w, https:\/\/www.gjtaiwan.com\/new\/wp-content\/uploads\/2024\/08\/Image_20240827_115820_076-768x576.jpg 768w, https:\/\/www.gjtaiwan.com\/new\/wp-content\/uploads\/2024\/08\/Image_20240827_115820_076-600x450.jpg 600w\" sizes=\"auto, (max-width: 1020px) 100vw, 1020px\" \/><\/p>\n<p><img loading=\"lazy\" decoding=\"async\" class=\"alignnone size-large wp-image-124880\" src=\"https:\/\/www.gjtaiwan.com\/new\/wp-content\/uploads\/2024\/08\/Image_20240827_115820_716-1066x800.jpg\" alt=\"\" width=\"1020\" height=\"765\" srcset=\"https:\/\/www.gjtaiwan.com\/new\/wp-content\/uploads\/2024\/08\/Image_20240827_115820_716.jpg 1066w, https:\/\/www.gjtaiwan.com\/new\/wp-content\/uploads\/2024\/08\/Image_20240827_115820_716-533x400.jpg 533w, https:\/\/www.gjtaiwan.com\/new\/wp-content\/uploads\/2024\/08\/Image_20240827_115820_716-768x576.jpg 768w, https:\/\/www.gjtaiwan.com\/new\/wp-content\/uploads\/2024\/08\/Image_20240827_115820_716-600x450.jpg 600w\" sizes=\"auto, (max-width: 1020px) 100vw, 1020px\" \/><\/p>\n<h2><strong>\u5167\u5bb9\u7c21\u4ecb<\/strong><\/h2>\n<p>\u6bcb\u7ba1\u662f\u300c\u4f6e\u6211\u8b1b\u300d\u6291\u662f\u300c\u6559\u6211\u8b1b\u300d\uff0c\u54b1\u505a\u4f19\u4f86\u8b1b\u53f0\u8a9e\uff01<br \/>\n\u5f88\u53d7\u6b61\u8fce\u7684\u300c\u4f6e\/\u6559\u6211\u8b1b\u53f0\u8a9e\u55ae\u5b57\u5361\u300d\u63a8\u51fa\u5168\u65b0\u7684\u9ede\u5fc3\u7bc7\uff01<br \/>\n\u73cd\u73e0\u5976\u8336\u3001\u611b\u7389\u3001\u725b\u8089\u6e6f\u600e\u9ebc\u8aaa\uff1f<br \/>\n50\u7a2e\u5e38\u898b\u81fa\u7063\u9ede\u5fc3\uff0c\u6a19\u53f0\u7f85\u62fc\u97f3\u3001\u6f22\u5b57\u3001\u82f1\u6587\uff0c\u4e88\u4f60\u53f0\u8a9e\u82f1\u8a9e\u650f\u6703\u901a\uff01<br \/>\n\u5927\u4eba\u5c0f\u5b69\u90fd\u9069\u7528\u54e6\uff5e<\/p>\n<h2><strong>\u5546\u54c1\u8cc7\u8a0a<\/strong><\/h2>\n<p>\u4f6e\/\u6559\u6211\u8b1b\u53f0\u8a9e\u55ae\u5b57\u5361\uff0d\u9ede\u5fc3\u7bc7<\/p>\n<p><span style=\"font-size: 14.4px;\">\u5167\u5bb9\u5305\u542b<\/span><br style=\"font-size: 14.4px;\" \/><span style=\"font-size: 14.4px;\">50\u5f35\u96d9\u9762\u55ae\u5b57\u5361\uff0c\u6b63\u9762\u5716\u6848\u3001\u80cc\u9762\u6f22\u5b57\/\u53f0\u7f85\u62fc\u97f3\/\u82f1\u8a9e<\/span><br style=\"font-size: 14.4px;\" \/><span style=\"font-size: 14.4px;\">\u4e26\u9644\u5361\u724c\u6536\u7d0d\u76d2\u53ca\u53ef\u4ee5\u4e32\u8d77\u5361\u724c\u65b9\u4fbf\u651c\u5e36\u7684\u92fc\u74b0<\/span><\/p>\n<p>\u53f0\u6587\u5be9\u5b9a\uff5c\u5442\u7f8e\u89aa<br \/>\n\u6750\u8cea\uff5c\u7d19\u3001\u92fc\u74b0\u3001\u5851\u81a0\u76d2<br \/>\n\u898f\u683c\uff5c58*88 mm \u517152\u5f35<br \/>\n\u7522\u5730\uff5c\u81fa\u7063<\/p>\n","protected":false},"excerpt":{"rendered":"<p>\u4f6e\/\u6559\u6211\u8b1b\u53f0\u8a9e\u55ae\u5b57\u5361 kah\/k\u00e0 gu\u00e1 k\u00f3ng T\u00e2i-g\u00ed\u00a0\uff0d\u9ede\u5fc3\u7bc7 10\u5165\u512a\u60e0 \u5167\u5bb9\u7c21\u4ecb \u6bcb\u7ba1\u662f\u300c\u4f6e&#8230;<\/p>\n","protected":false},"featured_media":124882,"comment_status":"closed","ping_status":"closed","template":"","meta":[],"product_brand":[],"product_cat":[2849,13059,12604,2705,5285],"product_tag":[11926,4173,11927],"class_list":{"0":"post-126542","1":"product","2":"type-product","3":"status-publish","4":"has-post-thumbnail","6":"product_cat-kids","7":"product_cat-13059","8":"product_cat-12604","9":"product_cat-2705","10":"product_cat-5285","11":"product_tag-11926","12":"product_tag-4173","13":"product_tag-11927","15":"first","16":"instock","17":"sale","18":"taxable","19":"shipping-taxable","20":"purchasable","21":"product-type-simple"},"bundled_by":[],"bundle_stock_status":"instock","bundle_stock_quantity":null,"bundle_virtual":false,"bundle_layout":"","bundle_add_to_cart_form_location":"","bundle_editable_in_cart":false,"bundle_sold_individually_context":"","bundle_item_grouping":"","bundle_min_size":"","bundle_max_size":"","bundle_price":[],"bundled_items":[],"bundle_sell_ids":[65786,138697],"_links":{"self":[{"href":"https:\/\/www.gjtaiwan.com\/new\/wp-json\/wp\/v2\/product\/126542","targetHints":{"allow":["GET"]}}],"collection":[{"href":"https:\/\/www.gjtaiwan.com\/new\/wp-json\/wp\/v2\/product"}],"about":[{"href":"https:\/\/www.gjtaiwan.com\/new\/wp-json\/wp\/v2\/types\/product"}],"replies":[{"embeddable":true,"href":"https:\/\/www.gjtaiwan.com\/new\/wp-json\/wp\/v2\/comments?post=126542"}],"wp:featuredmedia":[{"embeddable":true,"href":"https:\/\/www.gjtaiwan.com\/new\/wp-json\/wp\/v2\/media\/124882"}],"wp:attachment":[{"href":"https:\/\/www.gjtaiwan.com\/new\/wp-json\/wp\/v2\/media?parent=126542"}],"wp:term":[{"taxonomy":"product_brand","embeddable":true,"href":"https:\/\/www.gjtaiwan.com\/new\/wp-json\/wp\/v2\/product_brand?post=126542"},{"taxonomy":"product_cat","embeddable":true,"href":"https:\/\/www.gjtaiwan.com\/new\/wp-json\/wp\/v2\/product_cat?post=126542"},{"taxonomy":"product_tag","embeddable":true,"href":"https:\/\/www.gjtaiwan.com\/new\/wp-json\/wp\/v2\/product_tag?post=126542"}],"curies":[{"name":"wp","href":"https:\/\/api.w.org\/{rel}","templated":true}]}}