{"id":126594,"date":"2024-11-14T17:55:29","date_gmt":"2024-11-14T09:55:29","guid":{"rendered":"https:\/\/www.gjtaiwan.com\/new\/?post_type=product&#038;p=126594"},"modified":"2026-01-27T10:21:27","modified_gmt":"2026-01-27T02:21:27","slug":"%e8%87%ba%e7%81%a3%e5%90%8d%e4%ba%ba%e5%82%b3%e8%a8%98%e6%bc%ab%e7%95%ab-%e8%a8%b1%e4%b8%96%e8%b3%a2%e5%8f%b0%e6%96%87%e7%89%88","status":"publish","type":"product","link":"https:\/\/www.gjtaiwan.com\/new\/product\/%e8%87%ba%e7%81%a3%e5%90%8d%e4%ba%ba%e5%82%b3%e8%a8%98%e6%bc%ab%e7%95%ab-%e8%a8%b1%e4%b8%96%e8%b3%a2%e5%8f%b0%e6%96%87%e7%89%88","title":{"rendered":"\u81fa\u7063\u540d\u4eba\u50b3\u8a18\u6f2b\u756b\uff1a\u8a31\u4e16\u8ce2\u3010\u53f0\u6587\u7248\u3011"},"content":{"rendered":"<h1><strong>\u81fa\u7063\u540d\u4eba\u50b3\u8a18\u6f2b\u756b\uff1a\u8a31\u4e16\u8ce2\u3010\u53f0\u6587\u7248\u3011<\/strong><\/h1>\n<p><img loading=\"lazy\" decoding=\"async\" class=\"alignnone size-large wp-image-126595\" src=\"https:\/\/www.gjtaiwan.com\/new\/wp-content\/uploads\/2024\/11\/\u8a31\u4e16\u8ce2300dpi\u7acb\u9ad4\u66f8\u5c01_1025-630x800.jpg\" alt=\"\" width=\"630\" height=\"800\" srcset=\"https:\/\/www.gjtaiwan.com\/new\/wp-content\/uploads\/2024\/11\/\u8a31\u4e16\u8ce2300dpi\u7acb\u9ad4\u66f8\u5c01_1025-630x800.jpg 630w, https:\/\/www.gjtaiwan.com\/new\/wp-content\/uploads\/2024\/11\/\u8a31\u4e16\u8ce2300dpi\u7acb\u9ad4\u66f8\u5c01_1025-315x400.jpg 315w, https:\/\/www.gjtaiwan.com\/new\/wp-content\/uploads\/2024\/11\/\u8a31\u4e16\u8ce2300dpi\u7acb\u9ad4\u66f8\u5c01_1025.jpg 768w, https:\/\/www.gjtaiwan.com\/new\/wp-content\/uploads\/2024\/11\/\u8a31\u4e16\u8ce2300dpi\u7acb\u9ad4\u66f8\u5c01_1025-600x762.jpg 600w\" sizes=\"auto, (max-width: 630px) 100vw, 630px\" \/><\/p>\n<p><img loading=\"lazy\" decoding=\"async\" class=\"alignnone size-full wp-image-126597\" src=\"https:\/\/www.gjtaiwan.com\/new\/wp-content\/uploads\/2024\/11\/9786263969520_b2.jpg\" alt=\"\" width=\"1000\" height=\"711\" srcset=\"https:\/\/www.gjtaiwan.com\/new\/wp-content\/uploads\/2024\/11\/9786263969520_b2.jpg 768w, https:\/\/www.gjtaiwan.com\/new\/wp-content\/uploads\/2024\/11\/9786263969520_b2-563x400.jpg 563w, https:\/\/www.gjtaiwan.com\/new\/wp-content\/uploads\/2024\/11\/9786263969520_b2-600x427.jpg 600w\" sizes=\"auto, (max-width: 1000px) 100vw, 1000px\" \/><\/p>\n<p><img loading=\"lazy\" decoding=\"async\" class=\"alignnone size-full wp-image-126598\" src=\"https:\/\/www.gjtaiwan.com\/new\/wp-content\/uploads\/2024\/11\/9786263969520_b3.jpg\" alt=\"\" width=\"1000\" height=\"700\" srcset=\"https:\/\/www.gjtaiwan.com\/new\/wp-content\/uploads\/2024\/11\/9786263969520_b3.jpg 768w, https:\/\/www.gjtaiwan.com\/new\/wp-content\/uploads\/2024\/11\/9786263969520_b3-571x400.jpg 571w, https:\/\/www.gjtaiwan.com\/new\/wp-content\/uploads\/2024\/11\/9786263969520_b3-600x420.jpg 600w\" sizes=\"auto, (max-width: 1000px) 100vw, 1000px\" \/><\/p>\n<p><img loading=\"lazy\" decoding=\"async\" class=\"alignnone size-full wp-image-126599\" src=\"https:\/\/www.gjtaiwan.com\/new\/wp-content\/uploads\/2024\/11\/9786263969520_b4.jpg\" alt=\"\" width=\"1000\" height=\"700\" srcset=\"https:\/\/www.gjtaiwan.com\/new\/wp-content\/uploads\/2024\/11\/9786263969520_b4.jpg 768w, https:\/\/www.gjtaiwan.com\/new\/wp-content\/uploads\/2024\/11\/9786263969520_b4-571x400.jpg 571w, https:\/\/www.gjtaiwan.com\/new\/wp-content\/uploads\/2024\/11\/9786263969520_b4-600x420.jpg 600w\" sizes=\"auto, (max-width: 1000px) 100vw, 1000px\" \/><\/p>\n<p><img loading=\"lazy\" decoding=\"async\" class=\"alignnone size-full wp-image-126600\" src=\"https:\/\/www.gjtaiwan.com\/new\/wp-content\/uploads\/2024\/11\/9786263969520_b5.jpg\" alt=\"\" width=\"1000\" height=\"713\" srcset=\"https:\/\/www.gjtaiwan.com\/new\/wp-content\/uploads\/2024\/11\/9786263969520_b5.jpg 768w, https:\/\/www.gjtaiwan.com\/new\/wp-content\/uploads\/2024\/11\/9786263969520_b5-561x400.jpg 561w, https:\/\/www.gjtaiwan.com\/new\/wp-content\/uploads\/2024\/11\/9786263969520_b5-600x428.jpg 600w\" sizes=\"auto, (max-width: 1000px) 100vw, 1000px\" \/><\/p>\n<p><img loading=\"lazy\" decoding=\"async\" class=\"alignnone size-full wp-image-126601\" src=\"https:\/\/www.gjtaiwan.com\/new\/wp-content\/uploads\/2024\/11\/9786263969520_b6.jpg\" alt=\"\" width=\"1000\" height=\"706\" srcset=\"https:\/\/www.gjtaiwan.com\/new\/wp-content\/uploads\/2024\/11\/9786263969520_b6.jpg 768w, https:\/\/www.gjtaiwan.com\/new\/wp-content\/uploads\/2024\/11\/9786263969520_b6-567x400.jpg 567w, https:\/\/www.gjtaiwan.com\/new\/wp-content\/uploads\/2024\/11\/9786263969520_b6-600x424.jpg 600w\" sizes=\"auto, (max-width: 1000px) 100vw, 1000px\" \/><\/p>\n<p><img loading=\"lazy\" decoding=\"async\" class=\"alignnone size-full wp-image-126602\" src=\"https:\/\/www.gjtaiwan.com\/new\/wp-content\/uploads\/2024\/11\/9786263969520_b7.jpg\" alt=\"\" width=\"1000\" height=\"698\" srcset=\"https:\/\/www.gjtaiwan.com\/new\/wp-content\/uploads\/2024\/11\/9786263969520_b7.jpg 768w, https:\/\/www.gjtaiwan.com\/new\/wp-content\/uploads\/2024\/11\/9786263969520_b7-573x400.jpg 573w, https:\/\/www.gjtaiwan.com\/new\/wp-content\/uploads\/2024\/11\/9786263969520_b7-600x419.jpg 600w\" sizes=\"auto, (max-width: 1000px) 100vw, 1000px\" \/><\/p>\n<p><img loading=\"lazy\" decoding=\"async\" class=\"alignnone size-large wp-image-126603\" src=\"https:\/\/www.gjtaiwan.com\/new\/wp-content\/uploads\/2024\/11\/9786263969520_b8-565x800.jpg\" alt=\"\" width=\"565\" height=\"800\" srcset=\"https:\/\/www.gjtaiwan.com\/new\/wp-content\/uploads\/2024\/11\/9786263969520_b8-565x800.jpg 565w, https:\/\/www.gjtaiwan.com\/new\/wp-content\/uploads\/2024\/11\/9786263969520_b8-282x400.jpg 282w, https:\/\/www.gjtaiwan.com\/new\/wp-content\/uploads\/2024\/11\/9786263969520_b8.jpg 768w, https:\/\/www.gjtaiwan.com\/new\/wp-content\/uploads\/2024\/11\/9786263969520_b8-600x850.jpg 600w\" sizes=\"auto, (max-width: 565px) 100vw, 565px\" \/><\/p>\n<p><img loading=\"lazy\" decoding=\"async\" class=\"alignnone size-full wp-image-126604\" src=\"https:\/\/www.gjtaiwan.com\/new\/wp-content\/uploads\/2024\/11\/9786263969520_b9.jpg\" alt=\"\" width=\"1000\" height=\"707\" srcset=\"https:\/\/www.gjtaiwan.com\/new\/wp-content\/uploads\/2024\/11\/9786263969520_b9.jpg 768w, https:\/\/www.gjtaiwan.com\/new\/wp-content\/uploads\/2024\/11\/9786263969520_b9-566x400.jpg 566w, https:\/\/www.gjtaiwan.com\/new\/wp-content\/uploads\/2024\/11\/9786263969520_b9-600x424.jpg 600w\" sizes=\"auto, (max-width: 1000px) 100vw, 1000px\" \/><\/p>\n<h2><strong>\u5167\u5bb9\u7c21\u4ecb<\/strong><\/h2>\n<p>\u524d\u7e3d\u7d71\u8521\u82f1\u6587\u63a8\u85a6\u95b1\u8b80\uff01<\/p>\n<p>\u81fa\u7063\u7b2c\u4e00\u4f4d\u91ab\u5b78\u5973\u535a\u58eb\u3001<br \/>\n\u9996\u4f4d\u7121\u9ee8\u7c4d\u5973\u6027\u5730\u65b9\u653f\u6cbb\u9996\u9577\uff0c<br \/>\n\u5609\u7fa9\u5abd\u7956\u5a46\u50b3\u5947\u7684\u4e00\u751f\uff01<\/p>\n<p>\u2605 \u96a8\u66f8\u9644\u8d08\uff1a\u83ef\u6587\u7ffb\u8b6f\u672c<\/p>\n<p>\u7a7f\u8457\u88d9\u5b50\uff0c\u8173\u8e29\u9ad8\u8ddf\u978b\uff0c\u5728\u65e5\u672c\u6642\u4ee3\u9060\u8d74\u4e5d\u5dde\uff0c\u5979\u5f97\u5230\u81fa\u7063\u7b2c\u4e00\u500b\u5973\u6027\u91ab\u5b78\u535a\u58eb\uff0c\u56de\u81fa\u958b\u8a2d\u666e\u4e16\u6fdf\u4eba\u7684\u9806\u5929\u5802\u91ab\u9662\uff1b\u7a7f\u904e\u6230\u4e82\u3001\u905e\u4ea4\u548c\u5e73\u8ac7\u5224\u66f8\uff0c\u5728\u8ffd\u6bba\u7cbe\u82f1\u7684\u4e8c\u4e8c\u516b\u8d70\u4e0a\u591c\u8def\u9003\u8dd1\u2026\u2026<\/p>\n<p>\u5979\u8d70\u904e\u5927\u8def\uff0c\u7ad9\u4e0a\u80a5\u7682\u7bb1\u3001\u5ba3\u50b3\u8eca\uff0c\u5411\u6240\u6709\u9858\u610f\u807d\u7684\u4eba\u5ba3\u8b1b\u81ea\u5df1\u7684\u7406\u5ff5\uff0c\u66f4\u7528\u4e86\u6578\u5341\u5e74\u7ad9\u5728\u8cea\u8a62\u53f0\u4e0a\u70ba\u81fa\u7063\u7684\u81ea\u7531\u8207\u6c11\u4e3b\u5927\u8072\u75be\u547c\u3001\u6311\u6230\u5a01\u6b0a\u3002<\/p>\n<p>\u8a31\u4e16\u8ce2\uff0c\u4e0d\u53ea\u662f\u81fa\u7063\u5973\u6027\u5f9e\u653f\u7684\u9818\u982d\u7f8a\uff0c\u66f4\u662f\u5b88\u8b77\u5609\u7fa9\u7684\u5abd\u7956\u5a46\u3002<\/p>\n<p>\u3010\u95dc\u65bc\u672c\u66f8\u3011<br \/>\n\u8a31\u4e16\u8ce2\u4e00\u751f\u8de8\u8d8a\u5169\u500b\u6642\u4ee3\u3001\u5169\u7a2e\u8eab\u5206\uff1b\u65e5\u672c\u6642\u4ee3\u7684\u5979\u662f\u91ab\u8005\uff0c\u958b\u8a2d\u91ab\u9928\uff0c\u6cbb\u7642\u4eba\u5011\u8eab\u9ad4\u7684\u75be\u75c5\uff1b\u570b\u6c11\u653f\u5e9c\u6642\u671f\uff0c\u5979\u5f9e\u653f\u64d4\u4efb\u516c\u8077\uff0c\u6cbb\u7642\u793e\u6703\u5f0a\u75c5\u3002\u5982\u540c\u5979\u7684\u540d\u300c\u4e16\u8ce2\u300d\uff0c\u5373\u4f7f\u6642\u4ee3\u8b8a\u9077\u3001\u8eab\u5206\u8f49\u8b8a\uff0c\u5979\u59cb\u7d42\u61f7\u62b1\u8457\u5e6b\u52a9\u4e16\u4eba\u7684\u521d\u5fc3\u3002<\/p>\n<p>\u8a31\u4e16\u8ce2\u51fa\u751f\u65bc1908\u5e74\uff0c\u7236\u89aa\u662f\u6e05\u671d\u79c0\u624d\uff0c\u81ea\u5e7c\u5728\u826f\u597d\u7684\u6559\u80b2\u74b0\u5883\u4e2d\u6210\u9577\u3002\u5979\u5f9e\u5c0f\u5c31\u5c55\u73fe\u4e86\u4e0d\u670d\u6b0a\u5a01\u3001\u7368\u7acb\u601d\u8fa8\u7684\u6027\u683c\uff0c\u4e0d\u4f46\u65e9\u65e9\u526a\u53bb\u9aee\u8fae\uff0c\u5373\u4f7f\u5728\u5b78\u6821\u63a5\u53d7\u7687\u6c11\u5316\u6559\u80b2\uff0c\u4f46\u53ea\u8981\u9047\u5230\u4e0d\u516c\u7fa9\u4e4b\u4e8b\uff0c\u90fd\u6562\u65bc\u5411\u65e5\u672c\u5148\u751f\u64da\u7406\u529b\u722d\u3002 \u8070\u660e\u53c8\u597d\u5b78\u7684\u5979\uff0c\u5973\u4e2d\u7562\u696d\u5f8c\u9078\u64c7\u5b78\u91ab\uff0c\u5a5a\u5f8c\u8207\u592b\u5a7f\u5f35\u9032\u901a\u8d74\u65e5\u672c\u6df1\u9020\uff0c\u6210\u70ba\u81fa\u7063\u7b2c\u4e00\u4f4d\u5973\u6027\u91ab\u5b78\u535a\u58eb\u3002\u6b78\u570b\u5f8c\u592b\u59bb\u5006\u5728\u5609\u7fa9\u958b\u8a2d\u300c\u9806\u5929\u5802\u91ab\u9662\u300d\uff0c\u7528\u6700\u5148\u9032\u7684\u8a2d\u5099\u8207\u6280\u8853\u670d\u52d9\u9109\u91cc\u3002<\/p>\n<p>1945\u5e74\u570b\u6c11\u653f\u5e9c\u63a5\u7ba1\u81fa\u7063\u5f8c\uff0c\u8a31\u4e16\u8ce2\u958b\u59cb\u5c55\u9732\u51fa\u5979\u7684\u653f\u6cbb\u9577\u624d\u3002\u5979\u64d4\u4efb\u5609\u5973\u6821\u9577\uff0c\u71b1\u5fc3\u5730\u65b9\u4e8b\u52d9\uff0c\u4e26\u53c3\u9078\u8b70\u54e1\u30021958\u5e74\u5979\u9000\u51fa\u570b\u6c11\u9ee8\uff0c\u4e4b\u5f8c\u4ee5\u7121\u9ee8\u7121\u6d3e\u7684\u8eab\u5206\u6295\u5165\u53c3\u9078\uff0c\u662f\u81fa\u7063\u6700\u65e9\u7684\u300c\u9ee8\u5916\u653f\u6cbb\u4eba\u58eb\u300d\u4e4b\u4e00\u30021968\u5e74\u8a31\u4e16\u8ce2\u7576\u9078\u7b2c\u516d\u5c46\u5609\u7fa9\u5e02\u9577\uff0c\u6210\u70ba\u5168\u81fa\u7b2c\u4e00\u4f4d\u5973\u6027\u7e23\u8f44\u5e02\u9577\u3002\u5728\u773e\u591a\u7684\u5e02\u9577\u7e23\u9577\u5408\u7167\u4e2d\uff0c\u53ea\u6709\u5979\u4e00\u500b\u4eba\u662f\u7a7f\u88d9\u5b50\u7684\u5973\u6027\u3002 \u4efb\u8077\u671f\u9593\uff0c\u5979\u89aa\u81ea\u76e3\u7763\u5404\u7a2e\u5de5\u7a0b\uff0c\u8b93\u5609\u7fa9\u6210\u70ba\u7b2c\u4e00\u500b\u96fb\u7e9c\u5730\u4e0b\u5316\u7684\u73fe\u4ee3\u57ce\u5e02\uff0c\u4e26\u8208\u5efa\u5168\u81fa\u7b2c\u4e00\u5ea7\u7684\u4e03\u5f69\u5674\u6c34\u6c60\u3002<\/p>\n<p>\u8a31\u4e16\u8ce2\u7d93\u6b77\u65e5\u672c\u6642\u4ee3\u3001\u4e8c\u4e8c\u516b\u4e8b\u8b8a\u3001\u6212\u56b4\u2026\u2026\uff0c\u5373\u4f7f\u6642\u5c40\u8271\u96aa\uff0c\u4f46\u5979\u6c92\u6709\u4e00\u6b21\u9078\u64c7\u6c89\u9ed8\uff0c\u800c\u662f\u52c7\u6562\u7ad9\u51fa\u4f86\uff0c\u634d\u885b\u7406\u5ff5\uff0c\u70ba\u5f31\u52e2\u722d\u53d6\u3002\u8822\u7f8a\u7528\u6a38\u5be6\u4e4b\u7b46\u63cf\u7e6a\u8a31\u4e16\u8ce2\u7684\u4eba\u751f\u6545\u4e8b\uff0c \u5e36\u9818\u6211\u5011\u5f9e\u4e2d\u770b\u5230\u4e00\u4ee3\u5973\u5091\u9762\u5c0d\u6642\u4ee3\u7684\u98a8\u9aa8\uff0c\u4e5f\u53ef\u4e00\u7aba\u81fa\u7063\u6c11\u4e3b\u8207\u5973\u6b0a\u7684\u6f14\u9032\u3002<\/p>\n<p>\u540d\u4eba\u63a8\u85a6\u8a9e<\/p>\n<p>\u8ca1\u5718\u6cd5\u4eba\u5f35\u9032\u901a\u8a31\u4e16\u8ce2\u6587\u6559\u57fa\u91d1\u6703\u3001\u738b\u5b50\u78a9 \u805a\u73cd\u81fa\u7063\u7e3d\u76e3\u2500\u2500\u5167\u5bb9\u5be9\u5b9a<br \/>\n\u6797\u975c\u5100 \u885b\u751f\u798f\u5229\u90e8\u653f\u52d9\u6b21\u9577\u3001\u9ec3\u654f\u60e0 \u5609\u7fa9\u5e02\u5e02\u9577\u2500\u2500\u5c08\u6587\u4f5c\u5e8f<br \/>\n\u738b\u7f8e\u60e0 \u5609\u7fa9\u5e02\u7acb\u6cd5\u59d4\u54e1\u3001\u6797\u4f73\u6167 \u6797\u8070\u660e\u6c99\u934b\u9b5a\u982d\u57f7\u884c\u9577\u3001\u300c\u5cf6\u547c\u518a\u5e97\u300d\u7368\u7acb\u66f8\u5e97\u3001\u300c\u5609\u7fa9\u7570\u9109\u4eba\u300d\u7c89\u7d72\u5c08\u9801\u2500\u2500\u5728\u5730\u652f\u6301<br \/>\n\u67ef\u8431\u5982 \u5f8b\u5e2b\/\u8aee\u5546\u5fc3\u7406\u5e2b\u2500\u2500\u5973\u529b\u63a8\u85a6<br \/>\n\u203b\uff1a\u63a8\u85a6\u4eba\u4f9d\u9996\u5b57\u7b46\u756b\u6392\u5e8f<\/p>\n<p>\u8a31\u4e16\u8ce2\u524d\u8f29\u662f\u53d7\u4eba\u5c0a\u656c\u53ca\u61f7\u5ff5\u7684\u7236\u6bcd\u5b98\uff0c\u9019\u672c\u53f0\u8a9e\u6f2b\u756b\u6df1\u6df1\u523b\u756b\u4e86\u8a31\u5e02\u9577\u4e00\u751f\u70ba\u54b1\u5609\u7fa9\u7684\u596e\u9b25\uff0c\u5979\u7684\u7cbe\u795e\u6c38\u7559\u6211\u5011\u5fc3\u4e2d\u3002\u2500\u2500\u738b\u7f8e\u60e0 \u5609\u7fa9\u5e02\u7acb\u6cd5\u59d4\u54e1<\/p>\n<p>\u5f9e\u5c0f\u6642\u5019\u5c31\u807d\u805e\u8a31\u591a\u95dc\u65bc\u8a31\u4e16\u8ce2\u535a\u58eb\u666e\u4e16\u6fdf\u4eba\u7684\u50b3\u5947\u4e8b\u8e5f\uff0c\u4e0d\u50c5\u662f\u4e00\u4f4d\u4ee4\u4eba\u656c\u4f69\u7684\u5609\u7fa9\u6bcd\u89aa\uff0c\u66f4\u662f\u5728\u5730\u53d7\u4eba\u666f\u4ef0\u7684\u5973\u6027\u699c\u6a23\uff0c\u5bb6\u65cf\u50b3\u627f\u7684\u6c11\u4e3b\u6545\u4e8b\uff0c\u4e0d\u5351\u4e0d\u4ea2\u7684\u8655\u4e16\u7cbe\u795e\uff0c\u662f\u81fa\u7063\u6700\u300c\u5609\u300d\u7684\u5973\u529b\u4ee3\u8868\uff01\u2500\u2500\u6797\u4f73\u6167 \u6797\u8070\u660e\u6c99\u934b\u9b5a\u982d\u57f7\u884c\u9577<\/p>\n<h2><strong>\u4f5c\u8005\u7c21\u4ecb<\/strong><\/h2>\n<p>\u8822\u7f8a\uff08\u7f8a\u5be7\u6b23\uff09<\/p>\n<p>\u81fa\u7063\u85dd\u8853\u5927\u5b78\u7f8e\u8853\u7cfb\u7562\u696d\uff0c\u73fe\u70ba\u8077\u696d\u6f2b\u756b\u5bb6\u3002\u81f4\u529b\u65bc\u300a\u68d2\u7403\u4eba\u751f\u8cfd\u300b\u3001\u300a\u52d5\u7269\u570b\u5bb6\u300b\u3001\u300a\u81fa\u7063\u540d\u4eba\u50b3\u8a18\u6f2b\u756b\u300b\u7b49\u5404\u7a2e\u5275\u4f5c\u3002\u8fd1\u671f\u6b63\u52aa\u529b\u9084\u50b5\uff0c\u76ee\u6a19\u662f\u6d3b\u8457\u756b\u5b8c\u6b20\u7684\u516d\u672c\u5546\u696d\u6f2b\u756b\u3002<\/p>\n<p>\u8457\u6709\uff1a\u300a\u706b\u4ebaFEUERWEHR\u300b\u3001\u300a\u83dc\u6bd4\u5df4\u8b66\u9d3f\u6210\u9577\u65e5\u8a18\u300b\u3001\u300a\u68d2\u7403\u4eba\u751f\u8cfd1~7\uff08\u672a\u5b8c\uff09\u300b\u3001\u300a\u81fa\u7063\u540d\u4eba\u50b3\u8a18\u6f2b\u756b\uff1a\u6e6f\u5fb7\u7ae0\u300b\u3001\u300a\u81fa\u7063\u540d\u4eba\u50b3\u8a18\u6f2b\u756b\uff1a\u5df4\u514b\u79ae\u300b\u3001\u300a\u6d41\u9ebb\u6e9d\u5341\u4e94\u865f\uff08\u6f2b\u756b\uff09\u300b\u3001\u300a\u81fa\u7063\u540d\u4eba\u50b3\u8a18\u6f2b\u756b\uff08\u7279\u5225\u7bc7\uff09\uff1a\u99ac\u5055\u300b\u3001\u300a\u52d5\u7269\u570b\u5bb6\u300b<\/p>\n<p>FB\uff1a\u8822\u7f8a\u8207\u5947\u602a\u751f\u7269<br \/>\nIG\uff1astupidsheep003<\/p>\n<p>\u8b6f\u8005\u7c21\u4ecb<\/p>\n<p>\u674e\u76c8\u4f73<\/p>\n<p>\u9ad8\u96c4\u4eba\u3002\u56e1\u4ed4\u6642\u5c31\u807d\u5e8f\u5927\u4eba\u8b1bin\u54a7\u865f\u76c8\u4f73\u9019\u4e2a\u540d\u7684\u6642\u9663\uff0c\u6709\u7528\u53f0\u8a9e\u5538\u904e\uff0c\u843d\u5c3e\u624d\u77e5\u5f71\u9019\u6b3e\u505a\u6cd5\u8aa0\u7f55\u898b\u3002\u5165\u53bb\u5e7c\u7a1a\u5712\u9032\u524d\u5e72\u7126\u6703\u66c9\u8b1b\u53f0\u8a9e\uff0c\u6bcb\u904e\u958b\u5b78\u7121\u504c\u4e45\u5c31\u96aa\u96aa\u8882\u8a18\u5f97\u4e86\u4e86\u3002\u4f73\u54c9\u4e88\u539d\u88e1\u7684\u4eba\u6551\u8f49\u4f86\uff0c\u5230\u4eca\u7336\u95a3\u6709\u6cd5\u5ea6\u8b1b\u3002<\/p>\n<p>\u859b\u7ff0\u99ff<\/p>\n<p>T\u00e2i-l\u00e2m-l\u00e2ng\uff0c\u7d30\u6f22\u4f47\u5b78\u7532\uff0c\u5927\u6f22\u8e5b\u6e56\u7f8e\uff0c\u9019\u99ac\u5f9b\u65b0\u5317\u6295\u3002\u5927\u5b78\u8e2e\u516c\u9928o\u030dh\u6b77\u53f2\uff0c\u505a\u5175\u4f47\u5927\u9b6f\u5b9bs\u00e9\u76f8\u7247\uff0c\u9000\u4f0d\u53bb\u6843\u5712ts\u00e1u\u65b0\u805e\u3002\u634c\u4f47\u300a\u81ea\u7531\u6642\u5831\u300b\u3001\u300a\u6c83\u8349\u300bts\u00f2\u8a18\u8005\u3001\u300a\u516c\u8996\u53f0\u8a9e\u53f0\u300bts\u00f2\u4f01\u5283\uff0c\u9019\u99ac\u4f47\u300a\u6c83\u8349\u300bts\u00f2\u7e3d\u7de8\u8f2f\u3002\u4f6e\u9802\u61f8\u7684\u76c8\u4f73\u662f\u7fc1\u67d0\uff0c\u6709\u4e8c\u4e2a\u56e1\u4ed4\u3002<\/p>\n<p>\u53f0\u6587\u5be9\u5b9a\u8005\u7c21\u4ecb<\/p>\n<p>\u9673\u8c50\u60e0<\/p>\n<p>\u674e\u6c5f\u5374\u53f0\u8a9e\u6587\u6559\u57fa\u91d1\u6703\u57f7\u884c\u9577<br \/>\n\u300a\u53f0\u6587\u901a\u8a0aBONG\u5831\u300b\u96dc\u8a8c\u7e3d\u7de8\u8f2f<br \/>\n\u81fa\u7063\u5927\u5b78\u517c\u4efb\u53f0\u8a9e\u8ab2\u7a0b\u8b1b\u5e2b<br \/>\n\u300a\u6c11\u8996\u53f0\u7063\u5b78\u5802\u300b\u300c\u8b1b\u53f0\u8a9e\u7576\u8457\u6642\u300d\u3001\u300c\u53f0\u8a9e\u8b1b\u4e16\u4e8b\u300d\u7bc0\u76ee\u5c0d\u8ac7\u4eba<br \/>\n\u300a\u516c\u5171\u96fb\u8996\u53f0\u8a9e\u53f0\u300b\u53f0\u8a9e\u6587\u9867\u554f<\/p>\n<h2><strong>\u76ee\u9304<\/strong><\/h2>\n<p><img loading=\"lazy\" decoding=\"async\" class=\"alignnone size-large wp-image-126596\" src=\"https:\/\/www.gjtaiwan.com\/new\/wp-content\/uploads\/2024\/11\/9786263969520_b1-564x800.jpg\" alt=\"\" width=\"564\" height=\"800\" srcset=\"https:\/\/www.gjtaiwan.com\/new\/wp-content\/uploads\/2024\/11\/9786263969520_b1-564x800.jpg 564w, https:\/\/www.gjtaiwan.com\/new\/wp-content\/uploads\/2024\/11\/9786263969520_b1-282x400.jpg 282w, https:\/\/www.gjtaiwan.com\/new\/wp-content\/uploads\/2024\/11\/9786263969520_b1.jpg 768w, https:\/\/www.gjtaiwan.com\/new\/wp-content\/uploads\/2024\/11\/9786263969520_b1-600x851.jpg 600w\" sizes=\"auto, (max-width: 564px) 100vw, 564px\" \/><\/p>\n<p>\u4e00\u3001\u4e16\u8ce2\u662f\u6211\u7684\u540d<br \/>\n\u4e8c\u3001\u9d1b\u9d26\u535a\u58eb<br \/>\n\u4e09\u3001\u5169\u4eba\u70ba\u5929\uff1a\u9806\u5929\u5802\u91ab\u9662<br \/>\n\u56db\u3001\u65b0\u9078\u64c7<br \/>\n\u4e94\u3001\u7a7f\u88d9\u7684<br \/>\n\u516d\u3001\u4e03\u5f69\u7684\u5e0c\u671b<br \/>\n\u4e03\u3001\u5609\u7fa9\u5abd\u7956\u5a46<br \/>\n\u5f8c\u8a71<\/p>\n<p>\u3010\u9644\u9304\u3011<br \/>\n\u8a31\u4e16\u8ce2\u5e74\u8868<br \/>\n\u5609\u7fa9\u8a31\u4e16\u8ce2\u53f2\u8de1<\/p>\n<p>\u3010\u63a8\u85a6\u6587\u3011<br \/>\n\u4e00\u76f4\u5b58\u5728\u7684\u5973\u4eba\u5011<br \/>\n\u2500\u2500\u6797\u975c\u5100 \u885b\u751f\u798f\u5229\u90e8\u653f\u52d9\u6b21\u9577<br \/>\n\u54b1\u5609\u7fa9\u6c38\u9060\u7684\u5abd\u7956\u5a46<br \/>\n\u2500\u2500\u9ec3\u654f\u60e0\u3000\u5609\u7fa9\u5e02\u5e02\u9577<\/p>\n<p>\u5404\u65b9\u63a8\u85a6<br \/>\n\u53c3\u8003\u8cc7\u6599<br \/>\n\u4f5c\u8005\u7c21\u4ecb<\/p>\n<p>ISBN\uff1a9786263969520<br \/>\n\u51fa\u7248\u793e\uff1a\u6642\u5831\u51fa\u7248<br \/>\n\u898f\u683c\uff1a\u5e73\u88dd \/ 144\u9801 \/ 14.8 x 21 x 0.86 cm \/ \u666e\u901a\u7d1a \/ \u55ae\u8272\u5370\u5237 \/ \u521d\u7248<br \/>\n\u51fa\u7248\u5730\uff1a\u53f0\u7063<\/p>\n","protected":false},"excerpt":{"rendered":"<p>\u81fa\u7063\u540d\u4eba\u50b3\u8a18\u6f2b\u756b\uff1a\u8a31\u4e16\u8ce2\u3010\u53f0\u6587\u7248\u3011 \u5167\u5bb9\u7c21\u4ecb \u524d\u7e3d\u7d71\u8521\u82f1\u6587\u63a8\u85a6\u95b1\u8b80\uff01 \u81fa\u7063\u7b2c\u4e00\u4f4d\u91ab\u5b78\u5973\u535a\u58eb\u3001 \u9996\u4f4d\u7121\u9ee8\u7c4d\u5973\u6027\u5730&#8230;<\/p>\n","protected":false},"featured_media":126595,"comment_status":"closed","ping_status":"closed","template":"","meta":[],"product_brand":[],"product_cat":[5453,2663,2731,12731],"product_tag":[],"class_list":{"0":"post-126594","1":"product","2":"type-product","3":"status-publish","4":"has-post-thumbnail","6":"product_cat-5453","7":"product_cat-2663","8":"product_cat-2731","9":"product_cat-12731","11":"first","12":"instock","13":"sale","14":"taxable","15":"shipping-taxable","16":"purchasable","17":"product-type-simple"},"bundled_by":[],"bundle_stock_status":"instock","bundle_stock_quantity":null,"bundle_virtual":false,"bundle_layout":"","bundle_add_to_cart_form_location":"","bundle_editable_in_cart":false,"bundle_sold_individually_context":"","bundle_item_grouping":"","bundle_min_size":"","bundle_max_size":"","bundle_price":[],"bundled_items":[],"bundle_sell_ids":[65786,138697],"_links":{"self":[{"href":"https:\/\/www.gjtaiwan.com\/new\/wp-json\/wp\/v2\/product\/126594","targetHints":{"allow":["GET"]}}],"collection":[{"href":"https:\/\/www.gjtaiwan.com\/new\/wp-json\/wp\/v2\/product"}],"about":[{"href":"https:\/\/www.gjtaiwan.com\/new\/wp-json\/wp\/v2\/types\/product"}],"replies":[{"embeddable":true,"href":"https:\/\/www.gjtaiwan.com\/new\/wp-json\/wp\/v2\/comments?post=126594"}],"wp:featuredmedia":[{"embeddable":true,"href":"https:\/\/www.gjtaiwan.com\/new\/wp-json\/wp\/v2\/media\/126595"}],"wp:attachment":[{"href":"https:\/\/www.gjtaiwan.com\/new\/wp-json\/wp\/v2\/media?parent=126594"}],"wp:term":[{"taxonomy":"product_brand","embeddable":true,"href":"https:\/\/www.gjtaiwan.com\/new\/wp-json\/wp\/v2\/product_brand?post=126594"},{"taxonomy":"product_cat","embeddable":true,"href":"https:\/\/www.gjtaiwan.com\/new\/wp-json\/wp\/v2\/product_cat?post=126594"},{"taxonomy":"product_tag","embeddable":true,"href":"https:\/\/www.gjtaiwan.com\/new\/wp-json\/wp\/v2\/product_tag?post=126594"}],"curies":[{"name":"wp","href":"https:\/\/api.w.org\/{rel}","templated":true}]}}