{"id":126850,"date":"2024-11-25T17:16:36","date_gmt":"2024-11-25T09:16:36","guid":{"rendered":"https:\/\/www.gjtaiwan.com\/new\/?post_type=product&#038;p=126850"},"modified":"2026-01-27T10:21:26","modified_gmt":"2026-01-27T02:21:26","slug":"%e5%b0%b1%e6%84%9b%e9%80%99%e5%91%b3-%e9%98%bf%e6%97%bb%e6%95%99%e4%bd%a0%e7%85%ae%e5%85%a8%e5%ae%87%e5%ae%99%e9%a0%ad%e4%b8%80%e6%9c%ac%e8%87%ba%e8%aa%9e%e6%96%87%e9%a3%9f%e8%ad%9c%ef%bc%8e%e9%99%84","status":"publish","type":"product","link":"https:\/\/www.gjtaiwan.com\/new\/product\/%e5%b0%b1%e6%84%9b%e9%80%99%e5%91%b3-%e9%98%bf%e6%97%bb%e6%95%99%e4%bd%a0%e7%85%ae%e5%85%a8%e5%ae%87%e5%ae%99%e9%a0%ad%e4%b8%80%e6%9c%ac%e8%87%ba%e8%aa%9e%e6%96%87%e9%a3%9f%e8%ad%9c%ef%bc%8e%e9%99%84","title":{"rendered":"\u5c31\u611b\u9019\u5473\uff1a\u963f\u65fb\u6559\u4f60\u716e\u3010\u5168\u5b87\u5b99\u982d\u4e00\u672c\u81fa\u8a9e\u6587\u98df\u8b5c\uff0e\u9644\u716e\u98df\u793a\u7bc4\u77ed\u5f71\u97f3QR Code\u3011"},"content":{"rendered":"<h1><strong>\u5c31\u611b\u9019\u5473\uff1a\u963f\u65fb\u6559\u4f60\u716e\u3010\u5168\u5b87\u5b99\u982d\u4e00\u672c\u81fa\u8a9e\u6587\u98df\u8b5c\uff0e\u9644\u716e\u98df\u793a\u7bc4\u77ed\u5f71\u97f3QR Code\u3011<\/strong><\/h1>\n<p><img loading=\"lazy\" decoding=\"async\" class=\"alignnone size-large wp-image-126858\" src=\"https:\/\/www.gjtaiwan.com\/new\/wp-content\/uploads\/2024\/11\/9786267463635_bc-571x800.jpg\" alt=\"\" width=\"571\" height=\"800\" srcset=\"https:\/\/www.gjtaiwan.com\/new\/wp-content\/uploads\/2024\/11\/9786267463635_bc-571x800.jpg 571w, https:\/\/www.gjtaiwan.com\/new\/wp-content\/uploads\/2024\/11\/9786267463635_bc-286x400.jpg 286w, https:\/\/www.gjtaiwan.com\/new\/wp-content\/uploads\/2024\/11\/9786267463635_bc.jpg 768w, https:\/\/www.gjtaiwan.com\/new\/wp-content\/uploads\/2024\/11\/9786267463635_bc-600x840.jpg 600w\" sizes=\"auto, (max-width: 571px) 100vw, 571px\" \/><\/p>\n<p><img loading=\"lazy\" decoding=\"async\" class=\"alignnone size-large wp-image-126851\" src=\"https:\/\/www.gjtaiwan.com\/new\/wp-content\/uploads\/2024\/11\/9786267463635_b2-571x800.jpg\" alt=\"\" width=\"571\" height=\"800\" srcset=\"https:\/\/www.gjtaiwan.com\/new\/wp-content\/uploads\/2024\/11\/9786267463635_b2-571x800.jpg 571w, https:\/\/www.gjtaiwan.com\/new\/wp-content\/uploads\/2024\/11\/9786267463635_b2-285x400.jpg 285w, https:\/\/www.gjtaiwan.com\/new\/wp-content\/uploads\/2024\/11\/9786267463635_b2.jpg 768w, https:\/\/www.gjtaiwan.com\/new\/wp-content\/uploads\/2024\/11\/9786267463635_b2-600x841.jpg 600w\" sizes=\"auto, (max-width: 571px) 100vw, 571px\" \/><\/p>\n<p><img loading=\"lazy\" decoding=\"async\" class=\"alignnone size-large wp-image-126852\" src=\"https:\/\/www.gjtaiwan.com\/new\/wp-content\/uploads\/2024\/11\/9786267463635_b3-571x800.jpg\" alt=\"\" width=\"571\" height=\"800\" srcset=\"https:\/\/www.gjtaiwan.com\/new\/wp-content\/uploads\/2024\/11\/9786267463635_b3-571x800.jpg 571w, https:\/\/www.gjtaiwan.com\/new\/wp-content\/uploads\/2024\/11\/9786267463635_b3-285x400.jpg 285w, https:\/\/www.gjtaiwan.com\/new\/wp-content\/uploads\/2024\/11\/9786267463635_b3.jpg 768w, https:\/\/www.gjtaiwan.com\/new\/wp-content\/uploads\/2024\/11\/9786267463635_b3-600x841.jpg 600w\" sizes=\"auto, (max-width: 571px) 100vw, 571px\" \/><\/p>\n<p><img loading=\"lazy\" decoding=\"async\" class=\"alignnone size-large wp-image-126853\" src=\"https:\/\/www.gjtaiwan.com\/new\/wp-content\/uploads\/2024\/11\/9786267463635_b4-571x800.jpg\" alt=\"\" width=\"571\" height=\"800\" srcset=\"https:\/\/www.gjtaiwan.com\/new\/wp-content\/uploads\/2024\/11\/9786267463635_b4-571x800.jpg 571w, https:\/\/www.gjtaiwan.com\/new\/wp-content\/uploads\/2024\/11\/9786267463635_b4-285x400.jpg 285w, https:\/\/www.gjtaiwan.com\/new\/wp-content\/uploads\/2024\/11\/9786267463635_b4.jpg 768w, https:\/\/www.gjtaiwan.com\/new\/wp-content\/uploads\/2024\/11\/9786267463635_b4-600x841.jpg 600w\" sizes=\"auto, (max-width: 571px) 100vw, 571px\" \/><\/p>\n<p><img loading=\"lazy\" decoding=\"async\" class=\"alignnone size-large wp-image-126854\" src=\"https:\/\/www.gjtaiwan.com\/new\/wp-content\/uploads\/2024\/11\/9786267463635_b5-571x800.jpg\" alt=\"\" width=\"571\" height=\"800\" srcset=\"https:\/\/www.gjtaiwan.com\/new\/wp-content\/uploads\/2024\/11\/9786267463635_b5-571x800.jpg 571w, https:\/\/www.gjtaiwan.com\/new\/wp-content\/uploads\/2024\/11\/9786267463635_b5-285x400.jpg 285w, https:\/\/www.gjtaiwan.com\/new\/wp-content\/uploads\/2024\/11\/9786267463635_b5.jpg 768w, https:\/\/www.gjtaiwan.com\/new\/wp-content\/uploads\/2024\/11\/9786267463635_b5-600x841.jpg 600w\" sizes=\"auto, (max-width: 571px) 100vw, 571px\" \/><\/p>\n<p><img loading=\"lazy\" decoding=\"async\" class=\"alignnone size-large wp-image-126855\" src=\"https:\/\/www.gjtaiwan.com\/new\/wp-content\/uploads\/2024\/11\/9786267463635_b6-571x800.jpg\" alt=\"\" width=\"571\" height=\"800\" srcset=\"https:\/\/www.gjtaiwan.com\/new\/wp-content\/uploads\/2024\/11\/9786267463635_b6-571x800.jpg 571w, https:\/\/www.gjtaiwan.com\/new\/wp-content\/uploads\/2024\/11\/9786267463635_b6-285x400.jpg 285w, https:\/\/www.gjtaiwan.com\/new\/wp-content\/uploads\/2024\/11\/9786267463635_b6.jpg 768w, https:\/\/www.gjtaiwan.com\/new\/wp-content\/uploads\/2024\/11\/9786267463635_b6-600x841.jpg 600w\" sizes=\"auto, (max-width: 571px) 100vw, 571px\" \/><\/p>\n<p><img loading=\"lazy\" decoding=\"async\" class=\"alignnone size-large wp-image-126856\" src=\"https:\/\/www.gjtaiwan.com\/new\/wp-content\/uploads\/2024\/11\/9786267463635_b7-572x800.jpg\" alt=\"\" width=\"572\" height=\"800\" srcset=\"https:\/\/www.gjtaiwan.com\/new\/wp-content\/uploads\/2024\/11\/9786267463635_b7-572x800.jpg 572w, https:\/\/www.gjtaiwan.com\/new\/wp-content\/uploads\/2024\/11\/9786267463635_b7-286x400.jpg 286w, https:\/\/www.gjtaiwan.com\/new\/wp-content\/uploads\/2024\/11\/9786267463635_b7.jpg 768w, https:\/\/www.gjtaiwan.com\/new\/wp-content\/uploads\/2024\/11\/9786267463635_b7-600x839.jpg 600w\" sizes=\"auto, (max-width: 572px) 100vw, 572px\" \/><\/p>\n<p><img loading=\"lazy\" decoding=\"async\" class=\"alignnone size-large wp-image-126857\" src=\"https:\/\/www.gjtaiwan.com\/new\/wp-content\/uploads\/2024\/11\/9786267463635_b8-572x800.jpg\" alt=\"\" width=\"572\" height=\"800\" srcset=\"https:\/\/www.gjtaiwan.com\/new\/wp-content\/uploads\/2024\/11\/9786267463635_b8-572x800.jpg 572w, https:\/\/www.gjtaiwan.com\/new\/wp-content\/uploads\/2024\/11\/9786267463635_b8-286x400.jpg 286w, https:\/\/www.gjtaiwan.com\/new\/wp-content\/uploads\/2024\/11\/9786267463635_b8.jpg 768w, https:\/\/www.gjtaiwan.com\/new\/wp-content\/uploads\/2024\/11\/9786267463635_b8-600x839.jpg 600w\" sizes=\"auto, (max-width: 572px) 100vw, 572px\" \/><\/p>\n<h2><strong>\u5167\u5bb9\u7c21\u4ecb<\/strong><\/h2>\n<p>\u81fa\u7063\u8a71\u98df\u56db\u65b9\uff0c\u9010\u9805\u6599\u7406\u650f\u662f\u4e00\u4e2a\u5bb6\u9109<br \/>\n\u7528\u81fa\u6587\u7d00\u9304\uff0c\u914d\u81fa\u8a9e\u8abf\u5473<br \/>\n\u54b1\u90a3\u716e\u90a3\u8b1b\uff0c\u9b25\u9663\u8d70\u63e3\u4f60\u4e0a\u611b\u5f7c\u5473<\/p>\n<p>\u51fa\u8eab\u5357\u6295\uff0c\u5168\u5bb6\u597d\u624b\u85dd\u7684\u5a92\u9ad4\u4eba\u300c\u963f\u65fb\u300d\u66fe\u5049\u65fb\uff0c\u56e0\u70ba\u51fa\u570b\u8b80\u518a\u6578\u5ff5\u5bb6\u9109\u5473\uff0c\u958b\u59cb\u5b78\u716e\u98df\u3001\u634c\u6599\u7406\u3002\u4f0a\u5c0d\u5357\u6295\u5728\u5730\u7684\u597d\u6ecb\u5473\u958b\u59cb\uff0c\u4ee5\u81fa\u7063\u53f0\u8a9e\u4f6e\u5176\u4ed6\u672c\u571f\u8a9e\u8a00\u4ea4\u6d41\uff0c\u5b78\u7fd2\u5176\u4ed6\u65cf\u7fa4\u6599\u7406\u3001\u98df\u98df\u7684\u6587\u5316\u4f6e\u89c0\u5ff5\uff0c\u7528\u81fa\u8a9e\u6587\u914d\u4fd7\u8afa\u8a9e\uff0c\u4ecb\u7d39\u5275\u610f\u597d\u6599\u4f6e\u716e\u98df\u6487\u6b65\uff0c\u5beb\u51fa\u9019\u672c\u5168\u81fa\u7063\u3001\u5168\u5b87\u5b99\u982d\u4e00\u672c\u7684\u5168\u81fa\u6587\u98df\u8b5c\uff01<\/p>\n<p>\u5275\u65b0\u81fa\u83dc\u3001\u5ba2\u5bb6\u6599\u7406\u3001\u539f\u4f4f\u6c11\u98a8\u5473\u3001\u99ac\u7956\u6d77\u5473\u2026\u2026\u98df\u6750\u7684\u6027\u8cea\u3001\u6599\u7406\u7684\u5167\u6db5\uff0c\u650f\u6709\u7121\u4edd\u65cf\u7fa4\u7684\u7d93\u9a57\u4f6e\u667a\u6167\uff0c\u900f\u753120\u9805\u624b\u8def\u83dc\uff0c\u4e88\u4f60\u8f15\u9b06\u505a\u3001\u7c21\u55ae\u8b1b\uff0c\u98df\u904e\u5c31\u4e86\u89e3\u3002<\/p>\n<p>\u914d\u5408\u963f\u65fb\u89aa\u8eab\u793a\u7bc4\u77ed\u5f71\u97f3\uff0cQR Code\u96a8\u6383\u96a8\u770b\uff0c\u9010\u9805\u7167\u6b65\u4f86\uff0c\u514d\u9a5a\u6703\u5931\u6557\u3002\u9b25\u9663\u9867\u8179\u809a\uff0c\u561b\u901a\u9867\u54b1\u8a9e\u8a00\u6587\u5316\u7684\u4f5b\u7956\u3002<\/p>\n<p>\u5c08\u6587\u7d32\u5599\u63a8\u85a6<\/p>\n<p>\u9019\u672c\u518a\u9664\u4e86\u4e88\u4f60\u770b\u53f0\u8a9e\u98df\u8b5c\u5b78\u716e\u83dc\uff0c\u95a3\u6709\u4e88\u4eba\u770b\u7532\u6b32\u6d41\u5599\u703e\u7684\u5aa0\u5716\uff0c\u9010\u7bc7\u6eab\u6696\u7684\u6545\u4e8b\u4f6e\u667a\u8b58\uff0c\u77ed\u77ed\u4ed4\u8aa0\u8f15\u9b06\uff0c\u62c4\u597d\u63d0\u4f86\u90a3\u5556\u7cdd\u90a3\u958b\u8b1b\uff0c\u7528\u4f47\u6559\u5b78\u771f\u6b63\u8b9a\u3002\u2500\u2500\u738b\u79c0\u5bb9\uff08\u672c\u571f\u8a9e\u8a00\u5091\u51fa\u8ca2\u737b\u734e\u5f97\u4e3b\uff09<\/p>\n<p>\u5049\u65fb\u672c\u4eba\u5c31\u8882\u8f38\u9019\u672c\u66f8\u4edd\u6b3e\uff0c\u6709\u8c50\u5bcc\u00ea \u5167\u6db5\uff0c \u95a3\u591a\u624d\u591a\u85dd\uff0c\u6bcb\u4f46\u6709\u65b0\u805e\u50b3\u64adkah\u4e3b\u6301\u00ea\u5c08\u696d\uff0c\u716e\u98df\u561b\u662f\u6709\u6b63\u5f0f\u8b49\u7167\u639b\u4fdd\u8b49\u3002\u800c\u4e14\u5049\u65fb\u00ea \u5fc3\u601d\u771f\u5e7c\u8def\uff0c\u601d\u8003\u561b\u771f\u6df1\u5165\u3002\u4f0a\u6703\u60f3\u8457\u505a\u9019\u672c\u53f0\u6587\u66f8\u5beb\u00ea \u98df\u8b5c\uff0c\u54b1\u5c31\u770b\u6703\u51fa\u4f86\u3002\u2500\u2500\u8a31\u6167\u5982\uff08\u570b\u7acb\u81fa\u7063\u5e2b\u7bc4\u5927\u5b78\u81fa\u7063\u8a9e\u6587\u5b78\u7cfb\u6559\u6388\uff09<\/p>\n<p>\u5049\u65fb\u662f\u4e00\u4f4d\u65b0\u6642\u4ee3\u7684\u5a92\u9ad4\u4eba\u3001\u6587\u5316\u4eba\uff0c\u4eca\u95a3\u6210\u505a\u4f5c\u5bb6\uff0c\u591a\u624d\u591a\u85dd\u3002\u4f0a\u561b\u662f\u4e00\u4f4d\u591a\u8a9e\u4eba\uff0c\u9019\u672c\u98df\u8b5c\u518a\u4e0a\u6709\u898b\u89e3\u7684\uff0c\u662f\u7528\u53f0\u6587\u4f86\u5beb\u5ba2\u5bb6\u3001\u539f\u4f4f\u6c11\u3001\u99ac\u7956\u7684\u716e\u98df\uff0c \u6b63\u6b63\u662f\u8a9e\u5e73\u7cbe\u795e\uff0c\u561b\u662f\u54b1\u81fa\u7063\u771f\u5be6\u7684\u98df\u98df\u98a8\u666f\u3002\u2500\u2500\u912d\u9806\u8070\uff08\u4f5c\u5bb6\uff09<\/p>\n<h2><strong>\u4f5c\u8005\u7c21\u4ecb<\/strong><\/h2>\n<p>\u66fe\u5049\u65fb<\/p>\n<p>\u963f\u65fb\uff0c\u66fe\u5049\u65fb\u3002<br \/>\n\u4f47\u81fa\u7063\u552f\u4e00\u7121\u501a\u6d77\u7684\u5357\u6295\u5e02\u5927\u6f22\u3002<br \/>\n\u81ea\u7d30\u6f22\u5c31\u300c\u51fa\u4e00\u652f\u5599\u300d\uff0c\u53c3\u52a0\u81fa\u8a9e\u6f14\u8b1b\u3001\u6717\u8b80\u6bd4\u8cfd\uff0c\u7528\u5599\u548c\u4eba\u62da\u8f38\u8d0f\uff0c\u561b\u81ea\u5f7c\u6642\u958b\u59cb\uff0c\u4e0b\u5b9a\u5fd7\u9858\u6b32\u505a\u8a18\u8005\u3001\u505a\u4e3b\u64ad\uff0c\u7e7c\u7e8c\u7528\u5599\u505a\u5bb6\u5df1\u7684\u8208\u8da3\u4f6e\u5fd7\u696d\u3002<br \/>\n\u5e7e\u51ac\u5f8c\u6c7a\u5fc3\u7121\u6b32\u505a\u83ef\u8a9e\u8a18\u8005\uff0c\u5831\u8003\u5e2b\u5927\u81fa\u6587\u7cfb\u535a\u58eb\u73ed\uff0c\u699c\u9996\u5165\u5b78\uff0c\u8e7d\u843d\u53bb\u505a\u81fa\u8a9e\u5fa9\u632f\uff0c\u52a0\u5165\u81fa\u8a9e\u50b3\u64ad\u7814\u7a76\u548c\u81fa\u8a9e\u4e3b\u6301\u9019\u9014\u3002<br \/>\n\u9019\u9663\u4edd\u6b3e\u300c\u51fa\u4e00\u652f\u5599\u300d\uff0c\u7528\u300c\u716e\u98df\u7684\u5599\u300d\u548c\u9010\u5bb6\u518d\u76f8\u6703\u3002\u81fa\u8a9e\u7684\u8def\u7336\u771f\u9577\uff0c\u9080\u8acb\u9010\u5bb6\u505a\u4f19\u8e7d\u843d\u53bb\u3002<\/p>\n<p>\u963f\u65fb\u7684\u9762\u518a\u8ff7\u773e\u9801\uff1awww.facebook.com\/page.benchor<\/p>\n<h2><strong>\u76ee\u9304<\/strong><\/h2>\n<p>\u63a8\u85a6\u5e8f \u90a3\u770b\u90a3\u51fa\u8072\uff0f\u738b\u79c0\u5bb9 \u00d4ng Si\u00fa-i\u00f4ng<br \/>\n\u63a8\u85a6\u5e8f \u8f15\u9b06\u4ed4\u8b80\u3001\u7a69\u5fc3\u4ed4\u716e\u3001\u6b61\u559c\u4ed4\u98df\uff0f\u8a31\u6167\u5982 Kh\u00f3o Hu\u012b-l\u00fb<br \/>\n\u63a8\u85a6\u5e8f \u6b63\u7bc4\u53f0\u7063\u8a9e\u6587\u5473\uff0f\u912d\u9806\u8070 T\u0113nn S\u016bn-tshong<br \/>\n\u81ea \u5e8f \u53cb\u5584\u672c\u571f\u8a9e\u8a00 \u716e\u98df\u4f86\u5be6\u8e10\uff0f\u66fe\u5049\u65fb Tsan U\u00ed-b\u00een<\/p>\n<p>\u8e0f\u8a71\u982d \u6578\u5ff5\u5357\u6295\u7684\u5bb6\u9109\u5473<\/p>\n<p>\u5c31\u611b\u51fa\u6599\u7406\uff1a20\u9805\u624b\u8def\u83dc\u5831\u4f60\u77e5<br \/>\n01\uff5c\u9d1b\u9d26\u83dc\u812f\u5375 Uan-iunn Tsh\u00e0i-p\u00f3o-nn\u0304g<br \/>\n02\uff5c\u859f\u7532\u885d\u7159\u859f\u6912\u9b5a Hiam kah tsh\u00ecng-ian Hiam-tsio-h\u00ee<br \/>\n03\uff5c\u727d\u7d72\u756a\u85af\u89d2 Khan-si han-ts\u00ee kak<br \/>\n04\uff5c\u67b5\u9b3c\u8c6c\u809d\u6e6f Iau-ku\u00ed Ti-kuann-thng<br \/>\n05\uff5c\u8986\u83dc\u8089\u7247\u6e6f Phak-tsh\u00e0i Bah-ph\u00ecnn-thng<br \/>\n06\uff5c\u6b6a\u5599\u96de\u89aa\u5b50\u4e3c Uai-tshu\u00ec-ke Tshin-ts\u00fa-t\u00f2ng<br \/>\n07\uff5c\u70cf\u91d1\u6ef7\u8089\u98ef Oo-kim L\u00f3o-bah-pn\u0304g<br \/>\n08\uff5c\u8d81\u5bb6\u4f19\u67ff\u7cbf Th\u00e0n ke-hu\u00e9 Kh\u012b-ku\u00e9<br \/>\n09\uff5c\u8525\u714f\u8089\u7d72 Tshang piak bah-si<br \/>\n10\uff5c\u6c99\u8336\u8579\u83dc\u725b\u8089 Sua-te \u00ecng-tsh\u00e0i g\u00fb-bah<br \/>\n11\uff5c\u849c\u82b3\u8c6c\u982d\u76ae Su\u00e0n phang Ti-th\u00e2u-phu\u00ea<br \/>\n12\uff5c\u828b\u9999\u7092\u98ef Vu hiong\u02ca cau\u02cb fan<br \/>\n13\uff5c\u8178\u8178\u97ed\u97ed Cong\u02c7 cong\u02c7 giu\u02cb giu\u02cb<br \/>\n14\uff5c\u8591\u7f8a\u5927\u8cca\u726f\uff08\u8591\u7f8a\u5927\u76dc\uff09 Giong\u02ca iong\u02c7 tai ced gu\u02cb<br \/>\n15\uff5c\u9ec3\u68a8\u9999\u83c7\u96de Vong\u02c7 li\u02c7 Hiong\u02ca gu\u02ca gie\u02ca<br \/>\n16\uff5c\u7126\u9999\u849c\u4ec1\u9165 Zeu\u02ca hiong\u02ca son in\u02c7 su\u02ca<br \/>\n17\uff5c\u7d05\u7cdf\u767d\u529b\u9b5a \u00c2ng-tsau Pe\u030dh-li\u030dk-h\u00ee<br \/>\n18\uff5c\u523a\u8525\u714e\u5375 Tsh\u00ec-tshang Tsian-nn\u0304g<br \/>\n19\uff5c\u99ac\u544a\u708a\u9b5a Maqaw Tshue-h\u00ee<br \/>\n20\uff5c\u82b1\u81a0\u4eff\u9b5a\u7fc5\u7b52\u4ed4 Hue-ka h\u00f3ng h\u00ee-tsh\u00ec-t\u00e2ng-\u00e1<\/p>\n<p>ISBN\uff1a9786267463635<br \/>\n\u51fa\u7248\u793e\uff1a\u524d\u885b<br \/>\n\u898f\u683c\uff1a\u5e73\u88dd \/ 160\u9801 \/ 15 x 21 x 0.9 cm \/ \u666e\u901a\u7d1a \/ \u55ae\u8272\u5370\u5237 \/ \u521d\u7248<br \/>\n\u51fa\u7248\u5730\uff1a\u53f0\u7063<\/p>\n","protected":false},"excerpt":{"rendered":"<p>\u5c31\u611b\u9019\u5473\uff1a\u963f\u65fb\u6559\u4f60\u716e\u3010\u5168\u5b87\u5b99\u982d\u4e00\u672c\u81fa\u8a9e\u6587\u98df\u8b5c\uff0e\u9644\u716e\u98df\u793a\u7bc4\u77ed\u5f71\u97f3QR Code\u3011 \u5167\u5bb9\u7c21\u4ecb \u81fa\u7063\u8a71\u98df\u56db\u65b9\uff0c\u9010\u9805\u6599&#8230;<\/p>\n","protected":false},"featured_media":126858,"comment_status":"closed","ping_status":"closed","template":"","meta":[],"product_brand":[],"product_cat":[2663,6663,3183],"product_tag":[],"class_list":{"0":"post-126850","1":"product","2":"type-product","3":"status-publish","4":"has-post-thumbnail","6":"product_cat-2663","7":"product_cat-6663","8":"product_cat-3183","10":"first","11":"instock","12":"sale","13":"taxable","14":"shipping-taxable","15":"purchasable","16":"product-type-simple"},"bundled_by":[],"bundle_stock_status":"instock","bundle_stock_quantity":null,"bundle_virtual":false,"bundle_layout":"","bundle_add_to_cart_form_location":"","bundle_editable_in_cart":false,"bundle_sold_individually_context":"","bundle_item_grouping":"","bundle_min_size":"","bundle_max_size":"","bundle_price":[],"bundled_items":[],"bundle_sell_ids":[65786,138697],"_links":{"self":[{"href":"https:\/\/www.gjtaiwan.com\/new\/wp-json\/wp\/v2\/product\/126850","targetHints":{"allow":["GET"]}}],"collection":[{"href":"https:\/\/www.gjtaiwan.com\/new\/wp-json\/wp\/v2\/product"}],"about":[{"href":"https:\/\/www.gjtaiwan.com\/new\/wp-json\/wp\/v2\/types\/product"}],"replies":[{"embeddable":true,"href":"https:\/\/www.gjtaiwan.com\/new\/wp-json\/wp\/v2\/comments?post=126850"}],"wp:featuredmedia":[{"embeddable":true,"href":"https:\/\/www.gjtaiwan.com\/new\/wp-json\/wp\/v2\/media\/126858"}],"wp:attachment":[{"href":"https:\/\/www.gjtaiwan.com\/new\/wp-json\/wp\/v2\/media?parent=126850"}],"wp:term":[{"taxonomy":"product_brand","embeddable":true,"href":"https:\/\/www.gjtaiwan.com\/new\/wp-json\/wp\/v2\/product_brand?post=126850"},{"taxonomy":"product_cat","embeddable":true,"href":"https:\/\/www.gjtaiwan.com\/new\/wp-json\/wp\/v2\/product_cat?post=126850"},{"taxonomy":"product_tag","embeddable":true,"href":"https:\/\/www.gjtaiwan.com\/new\/wp-json\/wp\/v2\/product_tag?post=126850"}],"curies":[{"name":"wp","href":"https:\/\/api.w.org\/{rel}","templated":true}]}}