{"id":126859,"date":"2024-11-25T17:27:26","date_gmt":"2024-11-25T09:27:26","guid":{"rendered":"https:\/\/www.gjtaiwan.com\/new\/?post_type=product&#038;p=126859"},"modified":"2026-01-27T10:34:43","modified_gmt":"2026-01-27T02:34:43","slug":"%e7%9c%8b%e5%9c%96%e5%ad%b8%e8%ac%9b%e5%8f%b0%e7%81%a3%e8%a9%b1","status":"publish","type":"product","link":"https:\/\/www.gjtaiwan.com\/new\/product\/%e7%9c%8b%e5%9c%96%e5%ad%b8%e8%ac%9b%e5%8f%b0%e7%81%a3%e8%a9%b1","title":{"rendered":"\u770b\u5716\u5b78\u8b1b\u53f0\u7063\u8a71"},"content":{"rendered":"<h1><strong>\u770b\u5716\u5b78\u8b1b\u53f0\u7063\u8a71<\/strong><\/h1>\n<p><img loading=\"lazy\" decoding=\"async\" class=\"alignnone size-large wp-image-126863\" src=\"https:\/\/www.gjtaiwan.com\/new\/wp-content\/uploads\/2024\/11\/9786267463482_bc-571x800.jpg\" alt=\"\" width=\"571\" height=\"800\" srcset=\"https:\/\/www.gjtaiwan.com\/new\/wp-content\/uploads\/2024\/11\/9786267463482_bc-571x800.jpg 571w, https:\/\/www.gjtaiwan.com\/new\/wp-content\/uploads\/2024\/11\/9786267463482_bc-286x400.jpg 286w, https:\/\/www.gjtaiwan.com\/new\/wp-content\/uploads\/2024\/11\/9786267463482_bc.jpg 768w, https:\/\/www.gjtaiwan.com\/new\/wp-content\/uploads\/2024\/11\/9786267463482_bc-600x840.jpg 600w\" sizes=\"auto, (max-width: 571px) 100vw, 571px\" \/><\/p>\n<p><img loading=\"lazy\" decoding=\"async\" class=\"alignnone size-large wp-image-126860\" src=\"https:\/\/www.gjtaiwan.com\/new\/wp-content\/uploads\/2024\/11\/9786267463482_b2-800x800.jpg\" alt=\"\" width=\"800\" height=\"800\" srcset=\"https:\/\/www.gjtaiwan.com\/new\/wp-content\/uploads\/2024\/11\/9786267463482_b2.jpg 800w, https:\/\/www.gjtaiwan.com\/new\/wp-content\/uploads\/2024\/11\/9786267463482_b2-280x280.jpg 280w, https:\/\/www.gjtaiwan.com\/new\/wp-content\/uploads\/2024\/11\/9786267463482_b2-400x400.jpg 400w, https:\/\/www.gjtaiwan.com\/new\/wp-content\/uploads\/2024\/11\/9786267463482_b2-768x768.jpg 768w, https:\/\/www.gjtaiwan.com\/new\/wp-content\/uploads\/2024\/11\/9786267463482_b2-600x600.jpg 600w, https:\/\/www.gjtaiwan.com\/new\/wp-content\/uploads\/2024\/11\/9786267463482_b2-100x100.jpg 100w, https:\/\/www.gjtaiwan.com\/new\/wp-content\/uploads\/2024\/11\/9786267463482_b2-300x300.jpg 300w\" sizes=\"auto, (max-width: 800px) 100vw, 800px\" \/><\/p>\n<p><img loading=\"lazy\" decoding=\"async\" class=\"alignnone size-large wp-image-126861\" src=\"https:\/\/www.gjtaiwan.com\/new\/wp-content\/uploads\/2024\/11\/9786267463482_b3-800x800.jpg\" alt=\"\" width=\"800\" height=\"800\" srcset=\"https:\/\/www.gjtaiwan.com\/new\/wp-content\/uploads\/2024\/11\/9786267463482_b3.jpg 800w, https:\/\/www.gjtaiwan.com\/new\/wp-content\/uploads\/2024\/11\/9786267463482_b3-280x280.jpg 280w, https:\/\/www.gjtaiwan.com\/new\/wp-content\/uploads\/2024\/11\/9786267463482_b3-400x400.jpg 400w, https:\/\/www.gjtaiwan.com\/new\/wp-content\/uploads\/2024\/11\/9786267463482_b3-768x768.jpg 768w, https:\/\/www.gjtaiwan.com\/new\/wp-content\/uploads\/2024\/11\/9786267463482_b3-600x600.jpg 600w, https:\/\/www.gjtaiwan.com\/new\/wp-content\/uploads\/2024\/11\/9786267463482_b3-100x100.jpg 100w, https:\/\/www.gjtaiwan.com\/new\/wp-content\/uploads\/2024\/11\/9786267463482_b3-300x300.jpg 300w\" sizes=\"auto, (max-width: 800px) 100vw, 800px\" \/><\/p>\n<p><img loading=\"lazy\" decoding=\"async\" class=\"alignnone size-large wp-image-126862\" src=\"https:\/\/www.gjtaiwan.com\/new\/wp-content\/uploads\/2024\/11\/9786267463482_b4-800x800.jpg\" alt=\"\" width=\"800\" height=\"800\" srcset=\"https:\/\/www.gjtaiwan.com\/new\/wp-content\/uploads\/2024\/11\/9786267463482_b4.jpg 800w, https:\/\/www.gjtaiwan.com\/new\/wp-content\/uploads\/2024\/11\/9786267463482_b4-280x280.jpg 280w, https:\/\/www.gjtaiwan.com\/new\/wp-content\/uploads\/2024\/11\/9786267463482_b4-400x400.jpg 400w, https:\/\/www.gjtaiwan.com\/new\/wp-content\/uploads\/2024\/11\/9786267463482_b4-768x768.jpg 768w, https:\/\/www.gjtaiwan.com\/new\/wp-content\/uploads\/2024\/11\/9786267463482_b4-600x600.jpg 600w, https:\/\/www.gjtaiwan.com\/new\/wp-content\/uploads\/2024\/11\/9786267463482_b4-100x100.jpg 100w, https:\/\/www.gjtaiwan.com\/new\/wp-content\/uploads\/2024\/11\/9786267463482_b4-300x300.jpg 300w\" sizes=\"auto, (max-width: 800px) 100vw, 800px\" \/><\/p>\n<h2><strong>\u5167\u5bb9\u7c21\u4ecb<\/strong><\/h2>\n<p>\u2605\u7d14 \u53f0 \u8a9e\u2606<br \/>\n\u2605\u7d14 \u53f0 \u6587\u2606<\/p>\n<p>\u963f\u798fin\u515c\u6709\u4e5d\u4e2a\u4eba\u4e00\u96bb\u8c93\uff0c\u662f\u4e00\u4e2a\u7528\u53f0\u8a9e\u751f\u6d3b\u904e\u65e5\u00ea\u5927\u5bb6\u5ead\u3002<br \/>\n\u539d\u5167\u5927\u7d30\u842c\u9805\u4ee3\u8a8c\uff0c\u5c0d\u7076\u8de4\u5230\u5ba2\u5ef3\u650f\u8b1b\u53f0\u7063\u8a71\u3002<br \/>\n\u963f\u798f\u62db\u4f60\u5171\u9019\u672c\u66f8\u6380\u958b\uff0c\u9b25\u9663\u4f86\u300a\u770b\u5716\u5b78\u8b1b\u53f0\u7063\u8a71\u300b\uff01<\/p>\n<p>\u2605\u5805\u5f37\u9304\u97f3\u9663\u5bb9\uff0c\u5168\u66f8\u5171\u8d85\u904e2000\u500b\u97f3\u6a94<br \/>\n\u7531\u5c08\u696d\u914d\u97f3\u54e1\u5bf6\u5cf6\u65b0\u8072\u524d\u4e3b\u6301\u4ebaMOMO\u8a31\u6167\u76c8\u9818\u8ecd\uff0c\u91d1\u9418\u5ee3\u64ad\u7bc0\u76ee\u4e3b\u6301\u4eba\u5f97\u4e3b\u90b5\u5927\u502b\u8de8\u5200\uff0c\u5e36\u9818\u81ea\u7136\u767c\u8072\u7684\u53f0\u5317\u8154\u4f7f\u7528\u8005\u9304\u88fd\u97f3\u6a94\u3002\u5531\u7247\u88fd\u4f5c\u7b49\u7d1a\u9304\u97f3\u6c34\u6e96\u3002<\/p>\n<p>\u2605\u5c08\u696d\u53f0\u8a9e\u6587\u5718\u968a<br \/>\n\u4e26\u7531\u674e\u6c5f\u5374\u53f0\u8a9e\u6587\u6559\u57fa\u91d1\u6703\u8cf4\u662d\u7537\u8001\u5e2b\u5168\u7a0b\u5be9\u5b9a\uff0c\u53f0\u6587\u7a0b\u5ea6\u767e\u5206\u4e4b\u4e00\u767e\u3002<\/p>\n<p>\u3010\u672c\u66f8\u767c\u60f3\u3011<br \/>\n\u53f0\u7063\u81ea2020\u5e74\u7b2c\u4e00\u672c\u9644\u6709\u8072\u6717\u8b80\u7684\u53f0\u8a9e\u7248\u300a\u5c0f\u738b\u5b50\u300b\u51fa\u7248\u5f8c,\u8208\u8d77\u300e\u53f0\u6587\u71b1\u300f\u3002\u7136\u800c\u555f\u8499\u5e7c\u5152\u5b57\u5f59\u529b\u7684\u5716\u5178\u66f8\u4e2d\u7adf\u7121\u53f0\u8a9e\u7248\u3002\u5c31\u7b97\u6709\u53f0\u8a9e\u767c\u97f3\uff0c\u4e5f\u5927\u90fd\u4f9d\u9644\u5728\u83ef\u6587\u3001\u82f1\u6587\u7b49\u5176\u4ed6\u8a9e\u8a00\u4e4b\u4e0b\uff0c\u7121\u6cd5\u4f7f\u5152\u7ae5\u81ea\u5c0f\u57f9\u990a\u53f0\u8a9e\u8166\u3002\u56e0\u6b64\uff0c\u51fa\u7248\u53f0\u8a9e\u672c\u4f4d\u7684\u5e7c\u5152\u53f0\u8a9e\u6709\u8072\u66f8,\u662f\u53f0\u8a9e\u5fa9\u632f\u7684\u91cd\u8981\u8f49\u6369\u9ede\u3002<\/p>\n<p>\u672c\u66f8\u4ee5\u540d\u70ba\u963f\u798f\u7684\u5c0f\u7537\u5b69\u4e00\u5bb6\u5171\u4e5d\u4eba\u53ca\u4e00\u8c93\uff0c\u70ba\u5e7c\u7ae5\u958b\u555f\u5404\u500b\u9818\u57df\u7684\u5b78\u7fd2\u3002<\/p>\n<p>\u3010\u51fa\u7248\u4eae\u9ede\u3011<br \/>\n\u25cf\u7d14\u53f0\u8a9e\u6587,\u7121\u6df7\u96dc\u5176\u4ed6\u8a9e\u8a00\u3002\u5f37\u8abf\u53f0\u6587\u7684\u4e3b\u9ad4\u6027<br \/>\n\u25cf\u53f0\u6587\u548c\u914d\u97f3\u8154\u8abf\u70ba\u53f0\u5317\u8154\uff08\u65b0\u6cc9\u8154)\u3002\u5448\u73fe\u53f0\u8a9e\u8154\u8abf\u7684\u5730\u65b9\u7279\u8272\u3002<br \/>\n\u25cf36\u5f35\u5168\u5f69\u8de8\u9801 \u63d2\u5716\u6e05\u695a\u53c8\u53ef\u611b<br \/>\n\u25cf\u53ef\u7fd2\u5f97\u8d85\u904e700\u500b\u9644\u6709\u6717\u8b80\u97f3\u6a94\u7684\u65e5\u5e38\u7528\u8a5e<br \/>\n\u25cf\u6240\u6709\u5716\u6587\u5167\u5bb9\u7686\u70ba\u53f0\u7063\u672c\u4f4d<\/p>\n<p>\u914d\u5408\u9ede\u8b80\u7b46\uff08\u672c\u66f8\u914d\u5408KIDsREAD\u9ede\u8b80\u7b46\u3002\u9700\u53e6\u8cfc\uff09\u53ef\u518d\u89e3\u7463\uff1a<br \/>\n\u25cf\u5404\u500b\u89d2\u8272\u65bc\u5404\u9801\u7684\u53f0\u8a5e\uff0c\u66f4\u6dfb\u6545\u4e8b\u8da3\u5473\u6027<br \/>\n\u25cf\u5716\u4e2d\u6bcf\u4e00\u7269\u4ef6\u7686\u6709\u5b57\u8a5e\u97f3\u6a94<br \/>\n\u25cf\u7279\u5b9a\u7269\u54c1\u9644\u201d\u97f3\u6548\u201d\u66f4\u6dfb\u81e8\u5834\u611f<br \/>\n\u25cf\u5169\u7a2e\u904a\u6232\u6a21\u5f0f\uff08\u807d\u529b\u53ca\u601d\u8003\u529b\uff09<br \/>\n\u25cf\u4e09\u9996\u5168\u65b0\u7368\u7acb\u88fd\u4f5c\u7684\u5152\u7ae5\u77ed\u8b20\uff1a\u6211\u6b32\u4f86\u5f48g\u00ec-t\u00e0\/ \u5341\u4e8c\u751f\u76f8\/ \u7b97\u7269\u4ef6<\/p>\n<h2><strong>\u4f5c\u8005\u7c21\u4ecb<\/strong><\/h2>\n<p>\u7e3d\u7b56\u5283 \uff1a<br \/>\n\u8a31\u6167\u76c8<\/p>\n<p>\u25cf \u300c\u5de7\u828b\u7cbf\u6587\u5316\u5de5\u4f5c\u5ba4\u300d\u8ca0\u8cac\u4eba<br \/>\n\u25cf \u7d93\u6b77:<br \/>\n\u25cb \u300e\u53f0\u8a9e\u6b63\u5e38\u5316\u63a8\u52d5\u806f\u76df\u300f\u53ec\u96c6\u4eba<br \/>\n\u25cb \u300e\u674e\u6c5f\u5374\u53f0\u8a9e\u6587\u6559\u57fa\u91d1\u6703\u300f\u8463\u4e8b<br \/>\n\u25cb \u300e\u53f0\u7063\u516c\u6c11\u53c3\u8207\u5354\u6703\u300f\u526f\u7406\u4e8b\u9577<br \/>\n\u25cb \u50ac\u751f\u300e\u53f0\u8a9e\u516c\u5171\u96fb\u8996\u53f0\u300f\u806f\u76df\u767c\u8d77\u4eba\u517c\u806f\u7d61\u4eba<br \/>\n\u25cb \u300e\u5bf6\u5cf6\u65b0\u8072\u5ee3\u64ad\u96fb\u53f0\u300f\u7bc0\u76ee\u4e3b\u6301\u4eba<br \/>\n\u25cb \u6c11\u8996\u53f0\u7063\u5b78\u5802\u300e\u53f0\u8a9e\u8b1b\u4e16\u4e8b\u300f\u4e3b\u6301\u4eba<\/p>\n<p>\u5354\u540c\u7b56\u5283\uff1a<br \/>\n\u9673\u80b2\u8431<br \/>\n\u25cf \u300e\u6a02\u66a2\u89aa\u5b50\u5171\u5b78\u7a7a\u9593\u300f\u8ca0\u8cac\u4eba<br \/>\n\u25cf \u963f\u5374\u8cde\u53f0\u8a9e\u7e6a\u672c\u300a\u5341\u7c92\u5375\u300b\u4f5c\u8005<br \/>\n\u25cf \u5c0d\u56e1\u4ed4\u8b1b\u53f0\u8a9e\u00ea\u5abd\u5abd<\/p>\n<p>\u9673\u71d5\u537f<br \/>\n\u25cf \u300e\u6a02\u66a2\u89aa\u5b50\u5171\u5b78\u7a7a\u9593\u300f\u5e97\u9577<br \/>\n\u25cf \u300e\u6a02\u8b1b\u53f0\u6587\u73ed\u300f\u7d50\u696d\u6210\u54e1<br \/>\n\u25cf \u5c0d\u56e1\u4ed4\u8b1b\u53f0\u8a9e\u00ea\u5abd\u5abd<\/p>\n<p>\u7e6a\u8005<br \/>\n\u549a\u6771<br \/>\n\u25cf \u7e6a\u672c\u51fa\u7248<br \/>\n\u300a\u5c0f\u5471\u5c0f\u8778:\u4e0d\u52c7\u6562\u4e5f\u6c92\u95dc\u4fc2\u300b\u3001\u300a\u5c0f\u5c0f\u97f3\u6a02\u5bb6\u300b\u3001\u300a\u6703\u662f\u4e00\u652f\u5168\u58d8\u6253\u55ce\u300b<\/p>\n<p>\u53f0\u6587\u9867\u554f<br \/>\n\u8cf4\u662d\u7537<br \/>\n\u25cf \u300a\u53f0\u6587\u901a\u8a0aBONG\u5831\u300b\u96dc\u8a8c\u8cc7\u6df1\u4e3b\u7de8<br \/>\n\u25cf \u6559\u80b2\u90e8\u95a9\u5357\u8a9e\u8a9e\u97f3\u5efa\u7f6e\u8a08\u756b-\u8a9e\u6599\u9304\u97f3\u76e3\u7763<br \/>\n\u25cf \u300a\u6c11\u8996\u53f0\u7063\u5b78\u5802\u300b\u7bc0\u76ee\u300c\u53f0\u8a9e\u8b1b\u4e16\u4e8b\u300d\u53f0\u8a9e\u6559\u5b78\u8cc7\u6599\u64b0\u5beb<br \/>\n\u25cf \u300a\u516c\u8996\u53f0\u8a9e\u53f0\u300b\u7bc0\u76ee\u300c\u975e\u5e38\u4e86\u4e0d\u8d77\u300d\u53f0\u8a9e\u6307\u5c0e<br \/>\n\u25cf \u5bf6\u5cf6\u806f\u64ad\u7db2\u3001\u53e4\u4ead\u6559\u6703\u7b49\u53f0\u8a9e\u73ed\u8b1b\u5e2b<\/p>\n<p>\u751f\u614b\u5be9\u5b9a<br \/>\n\u5468\u4fca\u5ef7<br \/>\n\u25cf\u7368\u7acb\u5f71\u50cf\u5de5\u4f5c\u8005\u3001\u53f0\u8a9e\u751f\u614b\u5e36\u8def\u87f2<br \/>\n\u25cf\u4e2d\u8208\u5927\u5b78\u6606\u87f2\u5b78\u7cfb\u5b78\u58eb\u3001\u6771\u83ef\u5927\u5b78\u6d77\u6d0b\u751f\u7269\u7814\u7a76\u6240\u78a9\u58eb<br \/>\n\u25cf\u300a\u53f0\u7063\u52d5\u7269\u4f86\u5531\u6b4cT\u00e2i-o\u00e2n T\u014dng-bu\u030dt L\u00e2i Chhi\u00f2-koa\u300b\u4f5c\u8005<\/p>\n<h2><strong>\u76ee\u9304<\/strong><\/h2>\n<p>\u500b\u4eba<br \/>\n\u25cf \u6211\u7684\u8eab\u8ec0<br \/>\n\u25cf \u52d5\u4f5c<\/p>\n<p>\u5bb6\u5ead<br \/>\n\u25cf \u539d\u88e1\u7684\u4eba<br \/>\n\u25cf \u5ba2\u5ef3<br \/>\n\u25cf\u7076\u8de4<br \/>\n\u25cf \u6d17\u8eab\u8ec0\u9593\u4fbf\u6240<br \/>\n\u25cf \u623f\u9593<br \/>\n\u25cf \u684c\u9802<br \/>\n\u25cf \u6ae5\u4ed4\u5167<br \/>\n\u25cf \u98df\u98ef\u684c\u9802<br \/>\n\u25cf \u5bb6\u65cf\u6a39<\/p>\n<p>\u6236\u5916\u6d3b\u52d5<br \/>\n\u25cf \u51fa\u9580\u7684\u6e96\u5099<br \/>\n\u25cf \u4f47\u516c\u5712\u800d<br \/>\n\u25cf \u91ce\u5916<br \/>\n\u25cf \u904b\u52d5<br \/>\n\u25cf \u57ce\u5e02<\/p>\n<p>\u52d5\u690d\u7269<br \/>\n\u25cf \u9752\u83dc1&amp;2<br \/>\n\u25cf \u679c\u5b50<br \/>\n\u25cf \u6d77\u7522\u64d4<br \/>\n\u25cf \u6c34\u65cf\u9928<br \/>\n\u25cf \u87f2<br \/>\n\u25cf \u52d5\u7269\u4f6e\u9ce5\u4ed4<\/p>\n<p>\u8a9e\u6587<br \/>\n\u25cf \u758a\u8a5e<br \/>\n\u25cf \u5f62\u5bb9\u8a5e<br \/>\n\u25cf \u53f0\u8a9e\u7f85\u99ac\u5b57<\/p>\n<p>\u6578\u5b57\u751f\u6d3b<br \/>\n\u25cf \u6642\u9593<br \/>\n\u25cf \u7b97\u7269\u4ef6<br \/>\n\u25cf \u5831\u865f\u78bc<\/p>\n<p>\u8a8d\u8b58\u53f0\u7063<br \/>\n\u25cf \u53f0\u7063<\/p>\n<p>\u8a8d\u8b58\u4e16\u754c<br \/>\n\u25cf \u4e16\u754c<\/p>\n<p>\u65e5\u5e38\u751f\u6d3b<br \/>\n\u25cf \u91cd\u8981\u7684\u65e5\u5b50<br \/>\n\u25cf \u4ea4\u901a\u5de5\u5177<br \/>\n\u25cf \u56db\u5b63\/\u5831\u5929\u6c23<br \/>\n\u25cf \u8272\u6c34<br \/>\n\u25cf \u5f62\u72c0<\/p>\n<p>ISBN\uff1a9786267463482<br \/>\n\u51fa\u7248\u793e\uff1a\u524d\u885b<br \/>\n\u898f\u683c\uff1a\u7cbe\u88dd \/ 74\u9801 \/ 20.5 x 20.5 x 3.5 cm \/ \u666e\u901a\u7d1a \/ \u5168\u5f69\u5370\u5237 \/ \u521d\u7248<br \/>\n\u51fa\u7248\u5730\uff1a\u53f0\u7063<\/p>\n","protected":false},"excerpt":{"rendered":"<p>\u770b\u5716\u5b78\u8b1b\u53f0\u7063\u8a71 \u5167\u5bb9\u7c21\u4ecb \u2605\u7d14 \u53f0 \u8a9e\u2606 \u2605\u7d14 \u53f0 \u6587\u2606 \u963f\u798fin\u515c\u6709\u4e5d\u4e2a\u4eba\u4e00\u96bb\u8c93\uff0c\u662f\u4e00\u4e2a\u7528\u53f0\u8a9e\u751f\u6d3b\u904e\u65e5\u00ea\u5927\u5bb6&#8230;<\/p>\n","protected":false},"featured_media":126863,"comment_status":"closed","ping_status":"closed","template":"","meta":[],"product_brand":[],"product_cat":[2663,3183],"product_tag":[],"class_list":{"0":"post-126859","1":"product","2":"type-product","3":"status-publish","4":"has-post-thumbnail","6":"product_cat-2663","7":"product_cat-3183","9":"first","10":"instock","11":"sale","12":"taxable","13":"shipping-taxable","14":"purchasable","15":"product-type-simple"},"bundled_by":[],"bundle_stock_status":"instock","bundle_stock_quantity":null,"bundle_virtual":false,"bundle_layout":"","bundle_add_to_cart_form_location":"","bundle_editable_in_cart":false,"bundle_sold_individually_context":"","bundle_item_grouping":"","bundle_min_size":"","bundle_max_size":"","bundle_price":[],"bundled_items":[],"bundle_sell_ids":[65786,138697],"_links":{"self":[{"href":"https:\/\/www.gjtaiwan.com\/new\/wp-json\/wp\/v2\/product\/126859","targetHints":{"allow":["GET"]}}],"collection":[{"href":"https:\/\/www.gjtaiwan.com\/new\/wp-json\/wp\/v2\/product"}],"about":[{"href":"https:\/\/www.gjtaiwan.com\/new\/wp-json\/wp\/v2\/types\/product"}],"replies":[{"embeddable":true,"href":"https:\/\/www.gjtaiwan.com\/new\/wp-json\/wp\/v2\/comments?post=126859"}],"wp:featuredmedia":[{"embeddable":true,"href":"https:\/\/www.gjtaiwan.com\/new\/wp-json\/wp\/v2\/media\/126863"}],"wp:attachment":[{"href":"https:\/\/www.gjtaiwan.com\/new\/wp-json\/wp\/v2\/media?parent=126859"}],"wp:term":[{"taxonomy":"product_brand","embeddable":true,"href":"https:\/\/www.gjtaiwan.com\/new\/wp-json\/wp\/v2\/product_brand?post=126859"},{"taxonomy":"product_cat","embeddable":true,"href":"https:\/\/www.gjtaiwan.com\/new\/wp-json\/wp\/v2\/product_cat?post=126859"},{"taxonomy":"product_tag","embeddable":true,"href":"https:\/\/www.gjtaiwan.com\/new\/wp-json\/wp\/v2\/product_tag?post=126859"}],"curies":[{"name":"wp","href":"https:\/\/api.w.org\/{rel}","templated":true}]}}