{"id":127246,"date":"2024-12-10T16:22:50","date_gmt":"2024-12-10T08:22:50","guid":{"rendered":"https:\/\/www.gjtaiwan.com\/new\/?post_type=product&#038;p=127246"},"modified":"2026-01-27T10:21:25","modified_gmt":"2026-01-27T02:21:25","slug":"%e5%8f%b0%e8%aa%9e%e9%b9%bf%e9%9f%b3%e6%a8%82%e5%86%8a-%e7%ae%97%e7%9c%8b%e8%a6%93","status":"publish","type":"product","link":"https:\/\/www.gjtaiwan.com\/new\/product\/%e5%8f%b0%e8%aa%9e%e9%b9%bf%e9%9f%b3%e6%a8%82%e5%86%8a-%e7%ae%97%e7%9c%8b%e8%a6%93","title":{"rendered":"\u53f0\u8a9e\u9e7f\u97f3\u6a02\u518a\uff1a\u7b97\u770b\u8993"},"content":{"rendered":"<h1><strong>\u53f0\u8a9e\u9e7f\u97f3\u6a02\u518a\uff1a\u7b97\u770b\u8993<\/strong><\/h1>\n<p><img loading=\"lazy\" decoding=\"async\" class=\"alignnone size-large wp-image-127254\" src=\"https:\/\/www.gjtaiwan.com\/new\/wp-content\/uploads\/2024\/12\/9786267463291_bc-571x800.jpg\" alt=\"\" width=\"571\" height=\"800\" srcset=\"https:\/\/www.gjtaiwan.com\/new\/wp-content\/uploads\/2024\/12\/9786267463291_bc-571x800.jpg 571w, https:\/\/www.gjtaiwan.com\/new\/wp-content\/uploads\/2024\/12\/9786267463291_bc-286x400.jpg 286w, https:\/\/www.gjtaiwan.com\/new\/wp-content\/uploads\/2024\/12\/9786267463291_bc.jpg 768w, https:\/\/www.gjtaiwan.com\/new\/wp-content\/uploads\/2024\/12\/9786267463291_bc-600x840.jpg 600w\" sizes=\"auto, (max-width: 571px) 100vw, 571px\" \/><\/p>\n<p><img loading=\"lazy\" decoding=\"async\" class=\"alignnone size-large wp-image-127247\" src=\"https:\/\/www.gjtaiwan.com\/new\/wp-content\/uploads\/2024\/12\/9786267463291_b1-800x800.jpg\" alt=\"\" width=\"800\" height=\"800\" srcset=\"https:\/\/www.gjtaiwan.com\/new\/wp-content\/uploads\/2024\/12\/9786267463291_b1.jpg 800w, https:\/\/www.gjtaiwan.com\/new\/wp-content\/uploads\/2024\/12\/9786267463291_b1-280x280.jpg 280w, https:\/\/www.gjtaiwan.com\/new\/wp-content\/uploads\/2024\/12\/9786267463291_b1-400x400.jpg 400w, https:\/\/www.gjtaiwan.com\/new\/wp-content\/uploads\/2024\/12\/9786267463291_b1-768x768.jpg 768w, https:\/\/www.gjtaiwan.com\/new\/wp-content\/uploads\/2024\/12\/9786267463291_b1-300x300.jpg 300w, https:\/\/www.gjtaiwan.com\/new\/wp-content\/uploads\/2024\/12\/9786267463291_b1-600x600.jpg 600w, https:\/\/www.gjtaiwan.com\/new\/wp-content\/uploads\/2024\/12\/9786267463291_b1-100x100.jpg 100w\" sizes=\"auto, (max-width: 800px) 100vw, 800px\" \/><\/p>\n<p><img loading=\"lazy\" decoding=\"async\" class=\"alignnone size-large wp-image-127248\" src=\"https:\/\/www.gjtaiwan.com\/new\/wp-content\/uploads\/2024\/12\/9786267463291_b2-800x800.jpg\" alt=\"\" width=\"800\" height=\"800\" srcset=\"https:\/\/www.gjtaiwan.com\/new\/wp-content\/uploads\/2024\/12\/9786267463291_b2.jpg 800w, https:\/\/www.gjtaiwan.com\/new\/wp-content\/uploads\/2024\/12\/9786267463291_b2-280x280.jpg 280w, https:\/\/www.gjtaiwan.com\/new\/wp-content\/uploads\/2024\/12\/9786267463291_b2-400x400.jpg 400w, https:\/\/www.gjtaiwan.com\/new\/wp-content\/uploads\/2024\/12\/9786267463291_b2-768x768.jpg 768w, https:\/\/www.gjtaiwan.com\/new\/wp-content\/uploads\/2024\/12\/9786267463291_b2-300x300.jpg 300w, https:\/\/www.gjtaiwan.com\/new\/wp-content\/uploads\/2024\/12\/9786267463291_b2-600x600.jpg 600w, https:\/\/www.gjtaiwan.com\/new\/wp-content\/uploads\/2024\/12\/9786267463291_b2-100x100.jpg 100w\" sizes=\"auto, (max-width: 800px) 100vw, 800px\" \/><\/p>\n<p><img loading=\"lazy\" decoding=\"async\" class=\"alignnone size-large wp-image-127249\" src=\"https:\/\/www.gjtaiwan.com\/new\/wp-content\/uploads\/2024\/12\/9786267463291_b3-800x800.jpg\" alt=\"\" width=\"800\" height=\"800\" srcset=\"https:\/\/www.gjtaiwan.com\/new\/wp-content\/uploads\/2024\/12\/9786267463291_b3.jpg 800w, https:\/\/www.gjtaiwan.com\/new\/wp-content\/uploads\/2024\/12\/9786267463291_b3-280x280.jpg 280w, https:\/\/www.gjtaiwan.com\/new\/wp-content\/uploads\/2024\/12\/9786267463291_b3-400x400.jpg 400w, https:\/\/www.gjtaiwan.com\/new\/wp-content\/uploads\/2024\/12\/9786267463291_b3-768x768.jpg 768w, https:\/\/www.gjtaiwan.com\/new\/wp-content\/uploads\/2024\/12\/9786267463291_b3-300x300.jpg 300w, https:\/\/www.gjtaiwan.com\/new\/wp-content\/uploads\/2024\/12\/9786267463291_b3-600x600.jpg 600w, https:\/\/www.gjtaiwan.com\/new\/wp-content\/uploads\/2024\/12\/9786267463291_b3-100x100.jpg 100w\" sizes=\"auto, (max-width: 800px) 100vw, 800px\" \/><\/p>\n<p><img loading=\"lazy\" decoding=\"async\" class=\"alignnone size-large wp-image-127250\" src=\"https:\/\/www.gjtaiwan.com\/new\/wp-content\/uploads\/2024\/12\/9786267463291_b4-801x800.jpg\" alt=\"\" width=\"801\" height=\"800\" srcset=\"https:\/\/www.gjtaiwan.com\/new\/wp-content\/uploads\/2024\/12\/9786267463291_b4.jpg 801w, https:\/\/www.gjtaiwan.com\/new\/wp-content\/uploads\/2024\/12\/9786267463291_b4-280x280.jpg 280w, https:\/\/www.gjtaiwan.com\/new\/wp-content\/uploads\/2024\/12\/9786267463291_b4-400x400.jpg 400w, https:\/\/www.gjtaiwan.com\/new\/wp-content\/uploads\/2024\/12\/9786267463291_b4-768x767.jpg 768w, https:\/\/www.gjtaiwan.com\/new\/wp-content\/uploads\/2024\/12\/9786267463291_b4-300x300.jpg 300w, https:\/\/www.gjtaiwan.com\/new\/wp-content\/uploads\/2024\/12\/9786267463291_b4-600x600.jpg 600w, https:\/\/www.gjtaiwan.com\/new\/wp-content\/uploads\/2024\/12\/9786267463291_b4-100x100.jpg 100w\" sizes=\"auto, (max-width: 801px) 100vw, 801px\" \/><\/p>\n<p><img loading=\"lazy\" decoding=\"async\" class=\"alignnone size-large wp-image-127251\" src=\"https:\/\/www.gjtaiwan.com\/new\/wp-content\/uploads\/2024\/12\/9786267463291_b5-801x800.jpg\" alt=\"\" width=\"801\" height=\"800\" srcset=\"https:\/\/www.gjtaiwan.com\/new\/wp-content\/uploads\/2024\/12\/9786267463291_b5.jpg 801w, https:\/\/www.gjtaiwan.com\/new\/wp-content\/uploads\/2024\/12\/9786267463291_b5-280x280.jpg 280w, https:\/\/www.gjtaiwan.com\/new\/wp-content\/uploads\/2024\/12\/9786267463291_b5-400x400.jpg 400w, https:\/\/www.gjtaiwan.com\/new\/wp-content\/uploads\/2024\/12\/9786267463291_b5-768x767.jpg 768w, https:\/\/www.gjtaiwan.com\/new\/wp-content\/uploads\/2024\/12\/9786267463291_b5-300x300.jpg 300w, https:\/\/www.gjtaiwan.com\/new\/wp-content\/uploads\/2024\/12\/9786267463291_b5-600x600.jpg 600w, https:\/\/www.gjtaiwan.com\/new\/wp-content\/uploads\/2024\/12\/9786267463291_b5-100x100.jpg 100w\" sizes=\"auto, (max-width: 801px) 100vw, 801px\" \/><\/p>\n<p><img loading=\"lazy\" decoding=\"async\" class=\"alignnone size-large wp-image-127252\" src=\"https:\/\/www.gjtaiwan.com\/new\/wp-content\/uploads\/2024\/12\/9786267463291_b6-799x800.jpg\" alt=\"\" width=\"799\" height=\"800\" srcset=\"https:\/\/www.gjtaiwan.com\/new\/wp-content\/uploads\/2024\/12\/9786267463291_b6.jpg 799w, https:\/\/www.gjtaiwan.com\/new\/wp-content\/uploads\/2024\/12\/9786267463291_b6-280x280.jpg 280w, https:\/\/www.gjtaiwan.com\/new\/wp-content\/uploads\/2024\/12\/9786267463291_b6-400x400.jpg 400w, https:\/\/www.gjtaiwan.com\/new\/wp-content\/uploads\/2024\/12\/9786267463291_b6-768x769.jpg 768w, https:\/\/www.gjtaiwan.com\/new\/wp-content\/uploads\/2024\/12\/9786267463291_b6-300x300.jpg 300w, https:\/\/www.gjtaiwan.com\/new\/wp-content\/uploads\/2024\/12\/9786267463291_b6-600x600.jpg 600w, https:\/\/www.gjtaiwan.com\/new\/wp-content\/uploads\/2024\/12\/9786267463291_b6-100x100.jpg 100w\" sizes=\"auto, (max-width: 799px) 100vw, 799px\" \/><\/p>\n<p><img loading=\"lazy\" decoding=\"async\" class=\"alignnone size-large wp-image-127253\" src=\"https:\/\/www.gjtaiwan.com\/new\/wp-content\/uploads\/2024\/12\/9786267463291_b7-800x800.jpg\" alt=\"\" width=\"800\" height=\"800\" srcset=\"https:\/\/www.gjtaiwan.com\/new\/wp-content\/uploads\/2024\/12\/9786267463291_b7.jpg 800w, https:\/\/www.gjtaiwan.com\/new\/wp-content\/uploads\/2024\/12\/9786267463291_b7-280x280.jpg 280w, https:\/\/www.gjtaiwan.com\/new\/wp-content\/uploads\/2024\/12\/9786267463291_b7-400x400.jpg 400w, https:\/\/www.gjtaiwan.com\/new\/wp-content\/uploads\/2024\/12\/9786267463291_b7-768x768.jpg 768w, https:\/\/www.gjtaiwan.com\/new\/wp-content\/uploads\/2024\/12\/9786267463291_b7-300x300.jpg 300w, https:\/\/www.gjtaiwan.com\/new\/wp-content\/uploads\/2024\/12\/9786267463291_b7-600x600.jpg 600w, https:\/\/www.gjtaiwan.com\/new\/wp-content\/uploads\/2024\/12\/9786267463291_b7-100x100.jpg 100w\" sizes=\"auto, (max-width: 800px) 100vw, 800px\" \/><\/p>\n<h2><strong>\u5167\u5bb9\u7c21\u4ecb<\/strong><\/h2>\n<p>\u7d50\u5408\u624b\u6309\u97f3\u6a02\u66f8\u3001\u627e\u627e\u5716\u3001\u4e92\u52d5\u5f71\u97f3\u7684\u56e1\u4ed4\u518a<br \/>\n16\u9996\u6b4c\u300116\u500b\u4e3b\u984c\uff0c\u5305\u542b\u65e5\u5e38\u751f\u6d3b\u5e38\u898b\u7684\u60c5\u5883<br \/>\n\u8b93\u5c0f\u670b\u53cb\u908a\u904a\u6232\u908a\u5b78\u53f0\u8a9e\uff01<\/p>\n<p>\u5bb6\u9577\u7684\u5728\u4e4e\uff0c\u6211\u5011\u7684\u5805\u6301<\/p>\n<p>\u300a\u53f0\u8a9e\u9e7f\u97f3\u6a02\u518a-\u7b97\u770b\u8993\u300b\u7684\u88fd\u4f5c\u5718\u968a\u662f\u5e36\u5b69\u5b50\u8d70\u53f0\u8a9e\u8def\u7684\u5bb6\u9577\uff0c\u6211\u5011\u4e86\u89e3\u5bb6\u9577\u5011\u7684\u9700\u6c42\uff0c\u6211\u5011\u5805\u6301\uff1a<\/p>\n<p>\u2611\u6559\u80b2\u6027<br \/>\n\u60c5\u5883\u5f0f\u6559\u5b78\u7684\u6392\u7248\uff0c\u8b93\u5b69\u5b50\u4e00\u6b21\u5b78\u6703\u8a72\u5834\u57df\u9700\u8981\u6703\u7684\u53f0\u8a9e\u8a5e\u5f59\uff0c\u5e6b\u52a9\u5b69\u5b50\u81ea\u7136\u800c\u7136\u958b\u53e3\u8aaa\u53f0\u8a9e<\/p>\n<p>\u2611\u77e5\u8b58\u6027<br \/>\n\u7531\u5409\u7965\u7269\u300c\u53f0\u8a9e\u9e7f\u300d\u7d50\u5408\u6642\u4e8b\u4f86\u51fa\u6f14\u4e92\u52d5\u5f71\u7247\uff0c\u5ef6\u4f3816\u500b\u4e92\u52d5\u554f\u7b54\uff0c\u77e5\u8b58\u4e5f\u5b78\u7fd2\u53f0\u8a9e<\/p>\n<p>\u2611\u6b63\u78ba\u6027<br \/>\n\u5275\u4f5c\u8a5e\u66f2\u54ac\u5408\u6e96\u78ba\uff0c\u807d\u6b4c\u5c31\u80fd\u6b63\u78ba\u5b78\u7fd2\u53f0\u8a9e\uff1b\u6587\u5b57\u7d93\u53f0\u6587\u9867\u554f\u5be9\u6838\uff0c\u4f7f\u7528\u6f22\u5b57\u53ca\u53f0\u8a9e\u7f85\u99ac\u5b57<\/p>\n<p>\u2611\u65b9\u4fbf\u6027<br \/>\n\u4f7f\u7528USB\u5145\u96fb\uff0c\u7121\u9808\u66f4\u63db\u96fb\u6c60\uff1b\u9285\u7248\u7d19\u4e0a\u819c\uff0c\u8010\u73a9\u597d\u6e05\u7406<\/p>\n<p>\u2611\u5b89\u5168\u6027<br \/>\n\u4f7f\u7528\u5b89\u5168\u5927\u8c46\u74b0\u4fdd\u6cb9\u58a8\uff0c\u78ba\u4fdd\u5152\u7ae5\u4f7f\u7528\u5b89\u5168<\/p>\n<p>16\u9996\u6b4c\u66f2\u642d\u914d16\u500b\u60c5\u5883\uff0c\u5e36\u5b69\u5b50\u5b78\u6703160\u500b\u8a5e\u5f59\uff01\u908a\u5531\u3001\u908a\u73a9\u3001\u908a\u5b78\u53f0\u8a9e\uff0c\u8b93\u5b69\u5b50\u66f4\u6709\u5171\u9cf4\uff0c\u5b78\u7fd2\u66f4\u6709\u8da3\uff01<\/p>\n<p>\u203b\u203b\u203b<\/p>\n<p>\u300a\u53f0\u8a9e\u9e7f\u97f3\u6a02\u518a-\u7b97\u770b\u8993\u300b\u662f\u4e00\u672c\u9069\u5408\u5e7c\u5152\u904a\u6232\u5b78\u7fd2\u7684\u97f3\u6a02\u66f8\uff0c\u6b64\u66f8\u7d50\u5408\u624b\u6309\u97f3\u6a02\u66f8\u3001\u53f0\u8a9e\u56e1\u4ed4\u6b4c\u3001\u627e\u627e\u5716\u3001\u53f0\u8a9e\u9e7f\u4e92\u52d5\u5f71\u97f3&#8230;\u7b49\u5143\u7d20\uff0c\u8b93\u5b69\u5b50\u8a8d\u8b58\u5404\u7a2e\u7269\u54c1\u7684\u53f0\u8a9e\u540d\u7a31\u3001\u7406\u89e3\u5834\u666f\u7279\u9ede\uff0c\u4e26\u57f9\u990a\u89c0\u5bdf\u529b\u8207\u5c08\u6ce8\u529b\u3002<\/p>\n<p>\u88e1\u9762\u7684\u56e1\u4ed4\u6b4c\u597d\u807d\u3001\u5716\u7247\u8c50\u5bcc\u591a\u6a23\uff0c\u662f\u5c08\u70ba\u53f0\u8a9e\u5bb6\u5ead\u53ca\u60f3\u8981\u5b78\u7fd2\u53f0\u8a9e\u7684\u89aa\u5b50\u8a2d\u8a08\u7684\u300e\u53f0\u8a9e\u97f3\u6a02\u904a\u6232\u627e\u627e\u66f8\u300f\uff0c\u8b93\u5bb6\u9577\u8207\u5b69\u5b50\u80fd\u908a\u904a\u6232\u908a\u5b78\u7fd2\u53f0\u8a9e\u3002<\/p>\n<p>\u672c\u66f8\u7279\u8272<\/p>\n<p>\u25c6\u672c\u66f8\u7d50\u5408\u4e86\u300c\u53f0\u8a9e\u8def\u89aa\u5b50\u6a02\u5718\u300d\u768416\u9996\u56e1\u4ed4\u6b4c\u4ee5\u53ca\u300c\u904a\u6232\u627e\u627e\u66f8\u300d\u3002<br \/>\n\u25c7\u300c\u627e\u627e\u5716\u300d\u4ee5\u53f0\u8a9e\u9e7f\u70ba\u4e3b\u89d2\uff0c\u5716\u7247\u7531\u6b4c\u66f2\u5ef6\u4f38\uff0c\u6db5\u84cb\u4e0d\u540c\u4e3b\u984c\u3002<br \/>\n\u25c6\u624b\u6309\u5c31\u80fd\u653e\u97f3\u6a02\u7684\u8a2d\u8a08\uff0c\u8b93\u5e7c\u7ae5\u80fd\u81ea\u5df1\u52d5\u624b\u64ad\u653e\u559c\u6b61\u7684\u97f3\u6a02\u3002<br \/>\n\u25c7\u6bcf\u500b\u4e3b\u984c\u7686\u6709\u76f8\u5c0d\u61c9\u7684\u300c\u53f0\u8a9e\u9e7f\u300d\u4e92\u52d5\u77ed\u7247\uff0c\u51fa\u984c\u8003\u8003\u5c0f\u670b\u53cb\uff0c\u589e\u52a0\u8da3\u5473\u6027\u3002<br \/>\n\u25c6\u5168\u66f8\u5167\u5bb9\u7d93\u5c08\u5bb6\u5be9\u5b9a\uff0c100%\u53f0\u6587\uff0c\u4e26\u9644\u6709\u83ef\u8a9e\u7ffb\u8b6f\u3002<br \/>\n\u25c7\u7531\u767c\u97f3\u6e05\u695a\u7684\u53f0\u8a9e\u56e1\u4ed4\u4f86\u793a\u7bc4\u767c\u97f3\uff0c\u53e4\u9310\u7684\u8072\u97f3\uff0c\u589e\u52a0\u56e1\u4ed4\u9ede\u8b80\u7684\u610f\u9858\u3002<\/p>\n<p>\u8d0a\u8072\u63a8\u85a6<\/p>\n<p>\u90b5\u5927\u502b\uff5c\u5bf6\u5cf6\u806f\u64ad\u7db2 \u96fb\u53f0\u4e3b\u6301\u4eba<br \/>\n\u9019\u662f\u5e8f\u5927\u966a\u56e1\u4ed4\u5171\u5b78\u4e0a\u5229\u4fbf\u00ea\u5de5\u5177\u518a\uff0c\u4e88\u56e1\u4ed4\u9664\u4e863C\u4ee5\u5916\uff0c\u6703\u7576\u4fdd\u6301\u5c0d\u518a\u672c\u00ea\u71b1\u60c5\u4ee5\u53ca\u6587\u5b57\u00ea\u8a8d\u634c\uff0c\u8f15\u9b06\u8da3\u5473\ud850\uddac\u9010\u5bb6\u7528\u53f0\u8a9e\u4f86\u719f\u4f3c\u4e16\u754c\u3002<\/p>\n<p>\u738b\u79c0\u5bb9 \uff5c\u516c\u8996\u53f0\u8a9e\u53f0\u7bc0\u76ee\u53f0\u8a9e\u9867\u554f\uff0f\u4f5c\u5bb6\u3001\u6559\u80b2\u90e8\u63a8\u5c55\u672c\u571f\u8a9e\u8a00\u5091\u51fa\u8ca2\u737b\u500b\u4eba\u5f97\u4e3b<br \/>\n\u9019\u672c\u518a\u8db3\u5aa0\u8db3\u8da3\u5473\uff0c\u770b\u4e86\u8db3\u60f3\u6b32\u505a\u963f\u5abd\uff0c\u901a\u966a\u5b6b\u7684\u90a3\u5531\u90a3\u800d\uff0c \u4eba\u5b9a\u8457\u6703\u5475\u54be\u962e\u91d1\u5b6b\u7684\uff0c\u53f0\u8a9e\u6709\u5920\ud842\udc95\uff0c\u982d\u6bbc\u6709\u5920\u5de7\uff01<\/p>\n<p>\u9ec3\u975c\u96c5\uff5c\u3008\u6625\u5929\u4f47\u4f57\u4f4d\u3009\u8a5e\u66f2\u5275\u4f5c\u8005<br \/>\n\u5927\u4eba\u56e1\u4ed4\u9b25\u9663\u4f86\u5b78\u53f0\u8a9e\uff0c\u9019\u672c\u97f3\u6a02\u518a\u6b63\u6e2f\u662f\u4e0a\u65b9\u4fbf\u7684\u5de5\u5177\uff0c\u7dca\u8cb7\u4f86\u8a66\u770b\u8993\uff0c\u771f\u8da3\u5473\u5594\uff01<\/p>\n<p>\u963f\u6771\uff5c\u53f0\u8a9e\u6587\u793e\u7fa4\u63a8\u5ee3\u8005<br \/>\n\u300a\u53f0\u8a9e\u9e7f\u97f3\u6a02\u518a-\u7b97\u770b\u8993\u300b\u4e88\u56e1\u4ed4\u90a3\u800d\u90a3\u5b78\uff0c\u95a3\u6709\u53e4\u9310\u8da3\u5473\u53f0\u8a9e\u56e1\u4ed4\u6b4c\u901a\u807d\uff01\u5b78\u53f0\u8a9e\u8b1b\u53f0\u8a9e\uff0c\u4e88\u56e1\u4ed4\u81ea\u7d30\u6f22\u5c31\u958b\u59cb\u3002<\/p>\n<p>\u963f\u9054\u3001\u4fd0\u541b\uff5c\u8fb2\u6751\u6b66\u88dd\u9752\u5e74<br \/>\n16\u689d\u56e1\u4ed4\u6b4c\uff0c\u97f3\u6a02\u597d\u807d\u95a3\u7d32\u62cd\u3001\u5167\u5bb9\u7cbe\u5f69\u591a\u5143\u95a3\u517c\u5b78\u667a\u8b58\u3002\u8eab\u70ba\u539d\u88e1\u6709\u7d30\u6f22\u56e1\u4ed4\u7684\u963f\u7238\u963f\u6bcd\uff0c\u962e\u5df2\u7d93\u7b49\u8882\u8d74\u6b32\u548c\u56e1\u4ed4\u505a\u4f19\u4f86\u800d\u9019\u5957\u300a\u53f0\u8a9e\u9e7f\u97f3\u6a02\u518a-\u7b97\u770b\u8993\u300b\u3002<\/p>\n<p>\u9673\u80b2\u8431\uff5c\u6a02\u66a2\u89aa\u5b50\u5171\u5b78\u7a7a\u9593\u982d\u5bb6<br \/>\n\u8f15\u9b06\u95a3\u8da3\u5473\u00ea\u5167\u5bb9\uff0c\u56e1\u4ed4\u650f\u8db3\u4f6e\u610f\u00ea\u6b4c\u66f2\uff0c\u6703\u7576\u5145\u96fb\u00ea\u6709\u8072\u66f8\uff0c\u771f\u9069\u5408\u7d30\u6f22\u56e1\u4ed4&#8211;\u5594\uff01\u8db3\u597d\u63e4&#8211;\u00ea\uff01\u9b25\u9663\u4f86\u652f\u6301\uff01<\/p>\n<p>\u9673\u8c50\u60e0\uff5c\u674e\u6c5f\u5374\u53f0\u8a9e\u6587\u6559\u57fa\u91d1\u6703\u57f7\u884c\u9577<br \/>\nTsia-\u00ea\u53f0\u8a9e\u5bb6\u5ead\u00ea\u5c11\u5e74\u7238\u6bcd\u5be6\u5728\u662f\u6709\u5920\u71b1\u60c5koh\u6709\u5920\u6709\u624d\u60c5\u7684\u5566\uff01\u770b\u8457tsiah-n\u012b\u8c50\u6c9b\u00ea\u53f0\u8a9e\u9ede\u8b80\u6709\u8072\u518a\uff0c\u7336\u95a3teh\u7b49\u5565\uff1f\u8de4\u624b\u7121\u8f03m\u00e9&#8211;leh\u662f\u6436\u7121\u5594\uff01<\/p>\n<p>\u912d\u9806\u8070\uff5c\u53f0\u6587\u4f5c\u5bb6<br \/>\n\u514d\u9a5a\uff0c\u514d\u9a5a\uff0c\u63e4\u843d\u53bb\u96a8\u6709\u8072\uff1b<br \/>\n\u6b4c\u8072\uff0c\u6b4c\u8072\uff0c\u6709\u6599\u95a3\u771f\u597d\u807d\u3002<br \/>\n\u4e94\u5f69\u8b8a\u5316\u82e5\u96fb\u5f71\uff0c\u4e92\u52d5\u5fc3\u9069\u4e0a\u6642\u884c\uff1b<br \/>\n\u88fd\u4f5c\u9802\u771f\u6d3b\u8df3\u8df3\uff0c\u90a3\u8b80\u90a3\u5171\u6bcd\u8a9e\u665f\u3002<\/p>\n<p>Ko Suan-san\uff5c\u8a8d\u771f\u8b80\u518a \u8f15\u9b06\u6559\u56dd<br \/>\n\u300a\u53f0\u8a9e\u9e7f\u56e1\u4ed4\u518a-\u7b97\u770b\u8993\u300b\u5f9e\u65e5\u5e38\u751f\u6d3b\u5230\u5916\u592a\u7a7a\uff0c\u5305\u542b\u4e86\u5e73\u5e38\u8ddf\u5c0f\u5b69\u5171\u8b80\u7e6a\u672c\u6240\u9700\u8981\u7684\u53f0\u8a9e\u8a5e\u5f59\u3002\u4e0d\u53ea\u662f\u5b69\u5b50\u53ef\u4ee5\u5728\u904a\u6232\u4e2d\u5b78\u7fd2\u53f0\u8a9e\uff0c\u5bb6\u9577\u4e5f\u80fd\u85c9\u6b64\u66f8\u88dc\u5145\u5e38\u7528\u53f0\u8a9e\u8a5e\u5f59\uff0c\u4e00\u672c\u66f8\u591a\u7a2e\u7528\u9014\uff01<\/p>\n<p>\u6797\u5072\u5029\uff5c\u5abd\u5abd\u9700\u8981\u5beb\u65e5\u8a18 \u7248\u4e3b<br \/>\n\u53f0\u7063\u9700\u8981\u4e0d\u65b7\u66f4\u65b0\u7684\u56e1\u4ed4\u6b4c\uff0c\u56e1\u4ed4\u518a\u662f\u6700\u597d\u7684\u5a92\u4ecb\uff0c\u300a\u53f0\u8a9e\u9e7f\u97f3\u6a02\u518a\u300b\u6b4c\u597d\u807d\uff0c\u89aa\u5b50\u4f5c\u4f19\u7ffb\u518a\u6309\u4e00\u6309\uff0c\u5927\u8072\u5531\u54b1\u611b\u7684\u6b4c\u3002<\/p>\n<p>\u9b5a\u4ed4\u6797 H\u00ee-\u00e1 L\u00eem\uff5c\u62f7\u79cb\u52e4\uff0f\u52de\u52d5\u670d\u52d9 \u4e3b\u5531<br \/>\n\u6b63\u6e2f\u53f0\u7063\u5473\u00ea\u97f3\u6a02\u518a\uff01<br \/>\n\u7121\u4f46\u6703\u7576\u4e88\u53f0\u8a9e\u9032\u6b65\u3001koh\u6703\u7576\u9810\u9632tiktok\u6d17\u8166<br \/>\nkoh\u54a7\u4e88\u56e1\u4ed4\u8df3\u300c\u79d1\u76ee\u4e09\u300d\uff1f\u771f\u6b63\u662ft\u00f2e\u6642\u4ee3\u8882&#8211;ah<\/p>\n<h2><strong>\u4f5c\u8005\u7c21\u4ecb<\/strong><\/h2>\n<p>\u53f0\u8a9e\u8def\u89aa\u5b50\u6a02\u5718<\/p>\n<p>\u4e3b\u8981\u88fd\u4f5c\u5718\u968a\u5305\u62ec\uff1a<br \/>\n\u53f0\u8a9e\u8def\u89aa\u5b50\u6a02\u5718\u5718\u9577 \/ \u97f3\u6a02\u88fd\u4f5c\u4eba \u694a\u6649\u6df5<br \/>\n\u63d2\u5716\u7e6a\u8005\/\u7f8e\u7de8 \u9b91\u54c1\u5ffb<br \/>\n\u97f3\u6a02\u5275\u4f5c\/\u53f0\u6587\u6821\u7a3f \u738b\u662d\u83ef<br \/>\n\u651d\u5f71 \u9673\u5fd7\u8aa0<br \/>\n\u97f3\u6a02\u518a\u4e3b\u89d2 \u53f0\u8a9e\u9e7f<\/p>\n<p>\u51fa\u7248\u88dc\u52a9 \u6587\u5316\u90e8\u8a9e\u8a00\u53cb\u5584\u74b0\u5883\u53ca\u5275\u4f5c\u61c9\u7528\u8207\u63a8\u5ee3\u88dc\u52a9<\/p>\n<p>\u6a02\u5718\u6210\u54e1\u5747\u70ba\u300c\u53f0\u8a9e\u8def\u5171\u5b78\u5718\u300d\u5bb6\u9577\uff0c\u4ea6\u6709\u591a\u4f4d\u5171\u5b78\u5718\u5bb6\u9577\u4e00\u540c\u53c3\u8207\u97f3\u6a02\u518a\u7684\u88fd\u4f5c\u767c\u884c\u5de5\u4f5c\uff0c\u5354\u529b\u5275\u4f5c\u4e26\u5206\u6524\u5404\u9805\u884c\u653f\u5de5\u4f5c\uff0c\u4e26\u53e6\u7279\u8058\u7d93\u9a57\u8c50\u5bcc\u7684\u5531\u7247\u88fd\u4f5c\u4eba\u9673\u662d\u5b87\u3001\u63d2\u756b\u7e6a\u88fd\u9b91\u54c1\u5ffb\u5171\u540c\u88fd\u4f5c\u3002\u5c0d\u6bcd\u8a9e\u7684\u71b1\u60c5\u8207\u4f7f\u547d\u611f\uff0c\u662f\u8b93\u6211\u5011\u805a\u5728\u4e00\u8d77\u6253\u62fc\u7684\u539f\u52d5\u529b\uff01<\/p>\n<h2><strong>\u76ee\u9304<\/strong><\/h2>\n<p>1.\u4f86\u8df3\u821e<br \/>\n2.\u9a0e\u9435\u99ac<br \/>\n3.\u6452\u6383PARTY<br \/>\n4.\u4e00\u96bb\u6c34\u96de<br \/>\n5.\u8776\u4ed4<br \/>\n6.\u6905\u4ed4\u6905\u4ed4\u5537<br \/>\n7.\u8679<br \/>\n8.\u767d\u7fce\u9de5\u98df\u9eb5<br \/>\n9.\u7121\u9a5a\u7121\u9a5a<br \/>\n10.\u6416\u5b30\u4ed4\u774f<br \/>\n11.\u5916\u592a\u7a7a<br \/>\n12.\u53e4\u9310\u00ea\u56e1\u4ed4<br \/>\n13.\u98db\u8d77\u53bb<br \/>\n14.\u8c93\u4ed4\u8a71<br \/>\n15.\u5718\u5713\u597d\u904e\u5e74<br \/>\n16.\u706b\u8ecatsh\u012bn-tshi\u00e0ng<\/p>\n<p>ISBN\uff1a9786267463291<br \/>\n\u51fa\u7248\u793e\uff1a\u524d\u885b<br \/>\n\u898f\u683c\uff1a\u76d2\u88dd \/ 38\u9801 \/ 20.5 x 20.5 x 1 cm \/ \u666e\u901a\u7d1a \/ \u5168\u5f69\u5370\u5237 \/ \u521d\u7248<br \/>\n\u51fa\u7248\u5730\uff1a\u53f0\u7063<\/p>\n","protected":false},"excerpt":{"rendered":"<p>\u53f0\u8a9e\u9e7f\u97f3\u6a02\u518a\uff1a\u7b97\u770b\u8993 \u5167\u5bb9\u7c21\u4ecb \u7d50\u5408\u624b\u6309\u97f3\u6a02\u66f8\u3001\u627e\u627e\u5716\u3001\u4e92\u52d5\u5f71\u97f3\u7684\u56e1\u4ed4\u518a 16\u9996\u6b4c\u300116\u500b\u4e3b\u984c\uff0c\u5305\u542b\u65e5\u5e38\u751f\u6d3b\u5e38&#8230;<\/p>\n","protected":false},"featured_media":127254,"comment_status":"closed","ping_status":"closed","template":"","meta":[],"product_brand":[],"product_cat":[2849,2663,3183],"product_tag":[],"class_list":{"0":"post-127246","1":"product","2":"type-product","3":"status-publish","4":"has-post-thumbnail","6":"product_cat-kids","7":"product_cat-2663","8":"product_cat-3183","10":"first","11":"instock","12":"sale","13":"taxable","14":"shipping-taxable","15":"purchasable","16":"product-type-simple"},"bundled_by":[],"bundle_stock_status":"instock","bundle_stock_quantity":null,"bundle_virtual":false,"bundle_layout":"","bundle_add_to_cart_form_location":"","bundle_editable_in_cart":false,"bundle_sold_individually_context":"","bundle_item_grouping":"","bundle_min_size":"","bundle_max_size":"","bundle_price":[],"bundled_items":[],"bundle_sell_ids":[65786,138697],"_links":{"self":[{"href":"https:\/\/www.gjtaiwan.com\/new\/wp-json\/wp\/v2\/product\/127246","targetHints":{"allow":["GET"]}}],"collection":[{"href":"https:\/\/www.gjtaiwan.com\/new\/wp-json\/wp\/v2\/product"}],"about":[{"href":"https:\/\/www.gjtaiwan.com\/new\/wp-json\/wp\/v2\/types\/product"}],"replies":[{"embeddable":true,"href":"https:\/\/www.gjtaiwan.com\/new\/wp-json\/wp\/v2\/comments?post=127246"}],"wp:featuredmedia":[{"embeddable":true,"href":"https:\/\/www.gjtaiwan.com\/new\/wp-json\/wp\/v2\/media\/127254"}],"wp:attachment":[{"href":"https:\/\/www.gjtaiwan.com\/new\/wp-json\/wp\/v2\/media?parent=127246"}],"wp:term":[{"taxonomy":"product_brand","embeddable":true,"href":"https:\/\/www.gjtaiwan.com\/new\/wp-json\/wp\/v2\/product_brand?post=127246"},{"taxonomy":"product_cat","embeddable":true,"href":"https:\/\/www.gjtaiwan.com\/new\/wp-json\/wp\/v2\/product_cat?post=127246"},{"taxonomy":"product_tag","embeddable":true,"href":"https:\/\/www.gjtaiwan.com\/new\/wp-json\/wp\/v2\/product_tag?post=127246"}],"curies":[{"name":"wp","href":"https:\/\/api.w.org\/{rel}","templated":true}]}}