{"id":130147,"date":"2025-02-25T15:12:00","date_gmt":"2025-02-25T07:12:00","guid":{"rendered":"https:\/\/www.gjtaiwan.com\/new\/?post_type=product&#038;p=130147"},"modified":"2026-01-27T10:34:39","modified_gmt":"2026-01-27T02:34:39","slug":"%e5%b3%b6%e5%b6%bc%e6%99%82%e5%85%89%e6%a9%9f-%e8%87%ba%e7%81%a3%e6%96%87%e5%ad%b8%e6%95%85%e4%ba%8b%e8%87%ba%e7%81%a3%e5%8f%b0%e8%aa%9e%e7%89%88","status":"publish","type":"product","link":"https:\/\/www.gjtaiwan.com\/new\/product\/%e5%b3%b6%e5%b6%bc%e6%99%82%e5%85%89%e6%a9%9f-%e8%87%ba%e7%81%a3%e6%96%87%e5%ad%b8%e6%95%85%e4%ba%8b%e8%87%ba%e7%81%a3%e5%8f%b0%e8%aa%9e%e7%89%88","title":{"rendered":"\u5cf6\u5dbc\u6642\u5149\u6a5f\uff1a\u81fa\u7063\u6587\u5b78\u6545\u4e8b\uff08\u81fa\u7063\u53f0\u8a9e\u7248\uff09"},"content":{"rendered":"<h1><strong>\u5cf6\u5dbc\u6642\u5149\u6a5f\uff1a\u81fa\u7063\u6587\u5b78\u6545\u4e8b\uff08\u81fa\u7063\u53f0\u8a9e\u7248\uff09<\/strong><\/h1>\n<p><img loading=\"lazy\" decoding=\"async\" class=\"alignnone size-large wp-image-130148\" src=\"https:\/\/www.gjtaiwan.com\/new\/wp-content\/uploads\/2025\/02\/0011014347-609x800.jpg\" alt=\"\" width=\"609\" height=\"800\" srcset=\"https:\/\/www.gjtaiwan.com\/new\/wp-content\/uploads\/2025\/02\/0011014347-609x800.jpg 609w, https:\/\/www.gjtaiwan.com\/new\/wp-content\/uploads\/2025\/02\/0011014347-304x400.jpg 304w, https:\/\/www.gjtaiwan.com\/new\/wp-content\/uploads\/2025\/02\/0011014347.jpg 768w, https:\/\/www.gjtaiwan.com\/new\/wp-content\/uploads\/2025\/02\/0011014347-600x788.jpg 600w\" sizes=\"auto, (max-width: 609px) 100vw, 609px\" \/><\/p>\n<p><img loading=\"lazy\" decoding=\"async\" class=\"alignnone size-large wp-image-130149\" src=\"https:\/\/www.gjtaiwan.com\/new\/wp-content\/uploads\/2025\/02\/0011014347_b_01-1128x800.jpg\" alt=\"\" width=\"1020\" height=\"723\" srcset=\"https:\/\/www.gjtaiwan.com\/new\/wp-content\/uploads\/2025\/02\/0011014347_b_01.jpg 1128w, https:\/\/www.gjtaiwan.com\/new\/wp-content\/uploads\/2025\/02\/0011014347_b_01-564x400.jpg 564w, https:\/\/www.gjtaiwan.com\/new\/wp-content\/uploads\/2025\/02\/0011014347_b_01-768x545.jpg 768w, https:\/\/www.gjtaiwan.com\/new\/wp-content\/uploads\/2025\/02\/0011014347_b_01-600x426.jpg 600w\" sizes=\"auto, (max-width: 1020px) 100vw, 1020px\" \/><\/p>\n<p><img loading=\"lazy\" decoding=\"async\" class=\"alignnone size-large wp-image-130150\" src=\"https:\/\/www.gjtaiwan.com\/new\/wp-content\/uploads\/2025\/02\/0011014347_b_02-1128x800.jpg\" alt=\"\" width=\"1020\" height=\"723\" srcset=\"https:\/\/www.gjtaiwan.com\/new\/wp-content\/uploads\/2025\/02\/0011014347_b_02.jpg 1128w, https:\/\/www.gjtaiwan.com\/new\/wp-content\/uploads\/2025\/02\/0011014347_b_02-564x400.jpg 564w, https:\/\/www.gjtaiwan.com\/new\/wp-content\/uploads\/2025\/02\/0011014347_b_02-768x545.jpg 768w, https:\/\/www.gjtaiwan.com\/new\/wp-content\/uploads\/2025\/02\/0011014347_b_02-600x426.jpg 600w\" sizes=\"auto, (max-width: 1020px) 100vw, 1020px\" \/><\/p>\n<p><img loading=\"lazy\" decoding=\"async\" class=\"alignnone size-large wp-image-130151\" src=\"https:\/\/www.gjtaiwan.com\/new\/wp-content\/uploads\/2025\/02\/0011014347_b_03-1128x800.jpg\" alt=\"\" width=\"1020\" height=\"723\" srcset=\"https:\/\/www.gjtaiwan.com\/new\/wp-content\/uploads\/2025\/02\/0011014347_b_03.jpg 1128w, https:\/\/www.gjtaiwan.com\/new\/wp-content\/uploads\/2025\/02\/0011014347_b_03-564x400.jpg 564w, https:\/\/www.gjtaiwan.com\/new\/wp-content\/uploads\/2025\/02\/0011014347_b_03-768x545.jpg 768w, https:\/\/www.gjtaiwan.com\/new\/wp-content\/uploads\/2025\/02\/0011014347_b_03-600x426.jpg 600w\" sizes=\"auto, (max-width: 1020px) 100vw, 1020px\" \/><\/p>\n<p><img loading=\"lazy\" decoding=\"async\" class=\"alignnone size-large wp-image-130152\" src=\"https:\/\/www.gjtaiwan.com\/new\/wp-content\/uploads\/2025\/02\/0011014347_b_04-1128x800.jpg\" alt=\"\" width=\"1020\" height=\"723\" srcset=\"https:\/\/www.gjtaiwan.com\/new\/wp-content\/uploads\/2025\/02\/0011014347_b_04.jpg 1128w, https:\/\/www.gjtaiwan.com\/new\/wp-content\/uploads\/2025\/02\/0011014347_b_04-564x400.jpg 564w, https:\/\/www.gjtaiwan.com\/new\/wp-content\/uploads\/2025\/02\/0011014347_b_04-768x545.jpg 768w, https:\/\/www.gjtaiwan.com\/new\/wp-content\/uploads\/2025\/02\/0011014347_b_04-600x426.jpg 600w\" sizes=\"auto, (max-width: 1020px) 100vw, 1020px\" \/><\/p>\n<h2><strong>\u5167\u5bb9\u7c21\u4ecb<\/strong><\/h2>\n<p>\u8449\u8001\u5e2b\u662f\u5c0f\u8aaa\u5bb6\uff0cm\u0101\u662f\u6587\u5b78\u8a55\u8ad6\u5bb6\uff0c\u4f0a\u6536\u85cf\u898f\u539d\u9593\u00ea\u81fa\u7063\u6587\u5b78\u4f5c\u54c1kah\u8cc7\u6599\u3002\u963f\u6587kah\u963f\u5b78\u6709\u6a5f\u7de3\u4f47\u8449\u8001\u5e2b\ud852\uddc5\u515c\u719f\u4f3c\uff0c\u4f47\u96a8\u4ebateh\u6380\u770b\u85cf\u66f8\u00ea\u4e2d\u9593\uff0c\u5169\u4ebasuah\u5c0d\u5565\u7269\u662f\u300c\u81fa\u7063\u6587\u5b78\u300d\u8d77\u722d\u8ad6\u3002\u8449\u8001\u5e2b\u5c31\u6c7a\u5b9ak\u0101\ud852\uddc5\u8b1b\u8d77\u81fa\u7063\u4f5c\u5bb6\u00ea\u6545\u4e8b\uff0c\u900f\u904e\u7d39\u4ecb\u6fdf\u6fdf\u4f47\u6587\u5b78\u821e\u81fa\u9802\u00ea\u4eba\u7269\uff0c\u4e5f\u6c93\u6c93k\u0101\u81fa\u7063\u6587\u5b78\u00ea\u7c21\u53f2\u92ea\u6392\u51fa\u4f86\u3002\u8449\u8001\u5e2b\u8b1b\uff0c\u81fa\u7063\u6587\u5b78\u53f2\u5c31\u89aa\u50cf1\u53f0\u6642\u5149\u6a5f\uff0c\u4e88\u54b1\u8f49\u53bbk\u00e0u\u7121\u4edd\u6642\u4ee3\uff0c\u6703\u5f97\u7528\u6bcf1\u4e2a\u4f5c\u5bb6\u00ea\u76ee\u776d\u53bb\u9ad4\u9a57\u7121\u4edd\u89c0\u9ede\u00ea\u4e16\u754c\u2026\u2026\u3002<\/p>\n<p>\u9019\u662f1\u672c\u5beb\u4e88\u81fa\u7063\u5c11\u5e74\u4eba\u00ea\u81fa\u7063\u6587\u5b78\u6545\u4e8b\uff0c\u9069\u540812-16\u6b72\u00ea\u5c11\u5e74\u56e1\u4ed4\uff0c\u60f3\u6b32\u8a8d\u634c\u81fa\u7063\u6587\u5b78\u00ea\u8b80\u8005m\u0101\u650f\u6703\u7576\u4f86\u8b80\u3002\u672c\u518a\u9080\u8acb6\u4f4d\u6709\u81fa\u7063\u6587\u5b78\u5c08\u696d\u6291\u662f\u5c0d\u6587\u53f2\u8f49\u8b6f\u6709\u5c08\u9577\u00ea\u4f5c\u8005\u5171\u540c\u5beb\u4f5c\uff0c\u5167\u9801\u00ea\u63d2\u5716m\u0101\u9080\u8acb\u9010\u4e2a\u6240\u77e5\u00ea b\u00e0ng-g\u00e0\u756b\u5bb6\u8822\u7f8a\u4f86\u5275\u4f5c\uff0c\u95a3\u4e5fk\u0101\u90e8\u5206\u00ea\u6587\u5b78\u4f5c\u5bb6\u00ea\u6545\u4e8b\u4ee5b\u00e0ng-g\u00e0 \u00ea\u5f62\u5f0f\u4f86\u5448\u73fe\u3002\u8b80\u8005\u6703\u7576k\u0101\u8449\u8001\u5e2b\u3001\u963f\u6587kah\u963f\u5b78\u90193\u4f4d\u4e3b\u89d2\u00ea\u8a0e\u8ad6\u7576\u505a\u5165\u9580\uff0c\u900f\u904e\u901933\u4e2a\u6587\u5b78\u53f2\u6545\u4e8b\u30015\u5927\u55ae\u5143\uff0c\u4f86\u638c\u63e1\u81fa\u7063\u6587\u5b78k\u00e0u-tann\u6240\u7c92\u7a4d\u00ea\u8c50\u6c9b\u6210\u679c\u3002<\/p>\n<h2><strong>\u4f5c\u8005\u7c21\u4ecb<\/strong><\/h2>\n<p>\u9322\u771f<\/p>\n<p>\u672c\u540d\u9322\u6620\u771f\uff0c\u5357\u6295\u7af9\u5c71\u4eba\uff0c\u73fe\u5c45\u81fa\u5357\uff0c\u5beb\u4f5c\u4ea6\u5b78\u7fd2\u5357\u7ba1\u3002\u570b\u7acb\u4e2d\u592e\u5927\u5b78\u5927\u6c23\u7269\u7406\u7814\u7a76\u6240\u78a9\u58eb\uff0c\u66fe\u4efb\u9ad8\u4e2d\u5730\u7403\u79d1\u5b78\u6559\u5e2b\u3002\u66fe\u7372\u81fa\u7063\u6b77\u53f2\u5c0f\u8aaa\u734e\u3001\u5168\u7403\u83ef\u6587\u6587\u5b78\u661f\u96f2\u734e\u6b77\u53f2\u5c0f\u8aaa\u734e\u3001\u6253\u72d7\u9cf3\u9091\u6587\u5b78\u734e\u3001\u5357\u6295\u7e23\u7389\u5c71\u6587\u5b78\u734e\u3001\u6843\u57ce\u6587\u5b78\u734e\u3001\u81fa\u4e2d\u6587\u5b78\u734e\u3002\u8457\u4f5c\u300a\u7f85\u6f22\u9580\u300b\u3001\u300a\u7de3\u6545\u5730\u300b\u3002<\/p>\n<p>\u73ed\u8207\u5510<\/p>\n<p>1993\u5e74\u751f\uff0c\u66fe\u7372\u53f0\u7a4d\u96fb\u6587\u5b78\u8cde\u7b49\u6587\u5b78\u734e\uff0c\u8457\u6709\u6b77\u53f2\u5c0f\u8aaa\u300a\u98df\u8089\u7684\u571f\u4e18\u300b\u3001\u300a\u5b89\u96c5\u4e4b\u5730\u300b\u3002\u5beb\u5c0f\u8aaa\u4e4b\u9918\uff0c\u55dc\u597d\u63a2\u52d8\u6709\u8da3\u7684\u81fa\u7063\u6b77\u53f2\uff0c\u7d93\u71dfFB\u3001IG \u4ee5\u53caYouTube\u983b\u9053\u300c\u71ac\u591c\u7684\u4fbf\u7576\uff08BenDon\uff09\u300d\u3002<\/p>\n<p>\u5f90\u6dd1\u8ce2<\/p>\n<p>\u82b1\u84ee\u4eba\uff0c\u570b\u7acb\u6e05\u83ef\u5927\u5b78\u81fa\u7063\u6587\u5b78\u7814\u7a76\u6240\u535a\u58eb\u3002\u570b\u7acb\u6e05\u83ef\u5927\u5b78\u901a\u8b58\u6559\u80b2\u4e2d\u5fc3\u517c\u4efb\u52a9\u7406\u6559\u6388\u3001\u81fa\u7063\u8a9e\u8a00\u7814\u7a76\u8207\u6559\u5b78\u7814\u7a76\u6240\u5b78\u5206\u73ed\u8b1b\u5e2b\u3002\u7814\u7a76\u9818\u57df\u70ba\u65e5\u6cbb\u6642\u671f\u81fa\u7063\u53e4\u5178\u6587\u5b78\u3001\u66f8\u756b\u5546\u696d\u6d3b\u52d5\u3002\u8457\u6709\u5c08\u66f8\u300a\u81fa\u7063\u58eb\u7d33\u7684\u4e09\u4eac\u66f8\u5beb\uff1a\u4ee51930-1940\u5e74\u4ee3\u300a\u98a8\u6708\u5831\u300b\u3001\u300a\u5357\u65b9\u300b\u3001\u300a\u8a69\u5831\u300b\u70ba\u4e2d\u5fc3\u300b\u3002<\/p>\n<p>\u856d\u921e\u6bc5<\/p>\n<p>1988\u5e74\u751f\uff0c\u570b\u7acb\u6e05\u83ef\u5927\u5b78\u81fa\u7063\u6587\u5b78\u7814\u7a76\u6240\u535a\u58eb\u751f\u3002\u66fe\u7372\u81fa\u5317\u6587\u5b78\u734e\u5c0f\u8aaa\u9996\u734e\u3001\u6797\u69ae\u4e09\u6587\u5b78\u734e\u5c0f\u8aaa\u9996\u734e\u7b49\u6587\u5b78\u734e\u82e5\u5e72\u3002\u4f5c\u54c1\u5165\u9078\u4e5d\u6b4c\u51fa\u7248\u300a\u4e00\u25cb\u56db\u5c0f\u8aaa\u9078\u300b\uff0c\u66fe\u4efb\u96fb\u5b50\u66f8\u8a55\u520a\u7269\u300a\u79d8\u5bc6\u8b80\u8005\u300b\u7de8\u8f2f\u540c\u4ec1\u4e4b\u4e00\u3002<\/p>\n<p>\u7fc1\u667a\u7426<\/p>\n<p>\u570b\u7acb\u653f\u6cbb\u5927\u5b78\u81fa\u7063\u6587\u5b78\u7814\u7a76\u6240\u535a\u58eb\u3002\u66fe\u4efb\u5df4\u9ece\u793e\u79d1\u9662\u8a2a\u554f\u5b78\u4eba\u3001\u91dc\u5c71\u570b\u7acb\u5927\u5b78\u4e2d\u6587\u7cfb\u5ba2\u5ea7\u6559\u6388\uff0c\u73fe\u4efb\u6559\u65bc\u570b\u7acb\u81fa\u5317\u6559\u80b2\u5927\u5b78\u81fa\u6587\u6240\u3002<\/p>\n<p>\u6c5f\u663a\u5d19<\/p>\n<p>\u570b\u7acb\u81fa\u7063\u5927\u5b78\u8084\u696d\u3001\u6587\u5b57\u5de5\u4f5c\u8005\u3002\u66fe\u65bc\u6eaa\u5dde\u9109\u516c\u6240\u3001\u570b\u7acb\u81fa\u7063\u6587\u5b78\u9928\u670d\u52d9\u3002\u53c3\u8207\u904e\u64b0\u5beb\u300a\u53f2\u660e\u53e3\u8ff0\u53f2\u300b\u3001\u300a\u7d42\u6230\u90a3\u4e00\u5929\u300b\u3001\u300a\u6587\u5354\u4e00\u767e\u9ede\uff1a\u81fa\u7063\u771f\u6709\u529b\u5730\u666f\u6307\u5357\u300b\u3001\u300a\u6c38\u9060\u7684\u8fb2\u696d\u4eba\uff1a\u674e\u767b\u8f1d\u8207\u81fa\u7063\u8fb2\u696d\u300b\u7b49\u66f8\u3002<\/p>\n<p>\u7e6a\u8005\u7c21\u4ecb<\/p>\n<p>\u8822\u7f8a\uff08\u7f8a\u5be7\u6b23\uff09<\/p>\n<p>\u81fa\u7063\u85dd\u8853\u5927\u5b78\u7f8e\u8853\u7cfb\u7562\u696d\uff0c\u73fe\u70ba\u8077\u696d\u6f2b\u756b\u5bb6\u3002\u81f4\u529b\u65bc\u300a\u68d2\u7403\u4eba\u751f\u8cfd\u300b\u3001\u300a\u52d5\u7269\u570b\u5bb6\u300b\u3001\u300a\u81fa\u7063\u540d\u4eba\u50b3\u8a18\u6f2b\u756b\u300b\u7b49\u5404\u7a2e\u5275\u4f5c\u3002\u8fd1\u671f\u8a08\u756b\u5617\u8a66\u4e00\u4e9b\u4e0d\u540c\u7684\u6311\u6230\uff0c\u6bd4\u5982\u7576\u500b\u6cb9\u571f\u4f2f\u3002\u8457\u6709\uff1a\u300a\u706b\u4ebaFEUERWEHR\u300b\u3001\u300a\u83dc\u6bd4\u5df4\u8b66\u9d3f\u6210\u9577\u65e5\u8a18\u300b\u3001\u300a\u68d2\u7403\u4eba\u751f\u8cfd1\uff5e7\uff08\u672a\u5b8c\uff09\u300b\u3001\u300a\u81fa\u7063\u540d\u4eba\u50b3\u8a18\u6f2b\u756b\uff1a\u6e6f\u5fb7\u7ae0\u300b\u3001\u300a\u81fa\u7063\u540d\u4eba\u50b3\u8a18\u6f2b\u756b\uff1a\u5df4\u514b\u79ae\u300b\u3001\u300a\u6d41\u9ebb\u6e9d\u5341\u4e94\u865f\uff08\u6f2b\u756b\uff09\u300b\u3001\u300a\u81fa\u7063\u540d\u4eba\u50b3\u8a18\u6f2b\u756b\uff08\u7279\u5225\u7bc7\uff09\uff1a\u99ac\u5055\u300b\u3002<\/p>\n<h2><strong>\u76ee\u9304<\/strong><\/h2>\n<p>14 \u524d \u5c0e \u5cf6\u5dbc\u6642\u5149\u6a5f\uff0c\u8d77\u884c\uff01<\/p>\n<p>20 \u7b2c\u4e00\u7ae0 Tu\u00ec \u7956\u9748\u4f86 \u00ea \u8072\u97f3<br \/>\n\u539f\u4f4f\u6c11\u65cf \u00ea \u53e3\u50b3\u6587\u5b78<br \/>\n22 \u9050 \u00ea tu\u00ec\u300c\u53e4\u65e9\u53e4\u65e9\u300d\u958b\u59cb\u8b1b \u00ea \u6545\u4e8b\u2026\u2026<br \/>\n28 \u539f\u4f4f\u6c11\u65cf \u00ea \u53e3\u50b3\u795e\u8a71<br \/>\n\u6587\u5b78\u6bcb\u4f46\u5b64\u6587\u5b57\u9019\u6b3e\u8f09\u9ad4<\/p>\n<p>34 \u7b2c\u4e8c\u7ae0 \u6f22\u5b57\u521d\u9ad4\u9a57<br \/>\n\u660e\u6e05\u6642\u671f\u6f22\u4eba\u66f8\u9762\u6587\u5b78 \u00ea \u5f99\u683d kah \u91d8\u6839\uff08\u7d04\u7565 1662 \u2212 1895\uff09<br \/>\n36 17\u4e16\u7d00 \u00ea \u81fa\u7063\u5927\u5192\u96aa\uff1a\u90c1\u6c38\u6cb3 \u00ea \u63a1\u786b\u65c5\u9014<br \/>\n40 \u6c88\u5149\u6587 \u6f02\u6d41\u4f86\u81fa\u7063\uff0c\u6210\u505a\u982d\u4e00\u4e2a\u6f22\u4eba \u00ea \u66f8\u9762\u6587\u5b78\u4f5c\u5bb6<br \/>\n\u6587\u5b78\u5c0f\u9326\u56ca \u6e05\u570b\u6642\u4ee3\u521d\u671f \u00ea \u904a\u5ba6\u6587\u4eba<br \/>\n44 \u912d\u7528\u932b \u81fa\u7063\u672c\u5730\u9032\u58eb kah \u5712\u6797\u6587\u5b78 \u00ea \u958b\u57fa<br \/>\n46 \u9673\u8087\u8208 T\u012b \u6559\u5b78\u9014\u4e2d\u8a2a\u9f8d\u76ee\u4e95\uff0c\u5beb\u51fa\u81fa\u7063 \u00ea \u793e\u6703\u6c11\u60c5<br \/>\n48 \u4e18\u9022\u7532 \u4e59\u672a\u5272\u81fa \u00ea \u6b77\u53f2\u7d93\u9a57 kah \u6587\u5b78<\/p>\n<p>52 \u7b2c\u4e09\u7ae0 \u81ea\u7531\u82b1\u854a\u6b63\u840c\u82bd<br \/>\n\u65e5\u672c\u6642\u4ee3\u65b0\u820a\u601d\u6f6e \u00ea \u76f8\u6fc0\uff081895-1945 \u524d\u5f8c\uff09<br \/>\n54 \u9032\u51fa\uff08ts\u00ecn-tshut\uff09\u65e5\u672c\u6587\u58c7\uff01\u9280\u884c\u54e1\u9f8d\u745b\u5b97 \u00ea \u6587\u5b78\u5922<br \/>\n60 \u6d2a\u68c4\u751f \u6bcb\u9858\u9806\u8d81\u65b0\u653f\u6b0a \u00ea \u907a\u6c11\u5fc3\u8072<br \/>\n64 \u5f35\u674e\u5fb7\u548c \u96f2\u6797\u5973\u5b50\u767b\u6821\u8a18<br \/>\n\u6587\u5b78\u5c0f\u9326\u56ca \u65e5\u672c\u6642\u4ee3 \u00ea \u5973\u6027\u4f5c\u5bb6<br \/>\n70 \u8cf4\u548c T\u012b\u884c\u91ab\u6fdf\u4e16 \u00ea \u4e2d\u9593\uff0c\u5be6\u9a57\u767d\u8a71\u5c0f\u8aaa \u00ea \u5beb\u4f5c<br \/>\n\u6587\u5b78\u5c0f\u9326\u56ca \u65b0\u6587\u5b78\u767c\u7a4e kah \u91cd\u8981 \u00ea \u8def\u7ad9\u7891<br \/>\n78 \u8521\u57f9\u706b \u4e09\u5de5\u5b78\u6703\u66c9\u767d\u8a71\u5b57\uff0ck\u014do \u4e00\u672c\u6563\u6587\u5be6\u8e10\u53f0\u8a9e \u00ea \u5beb\u4f5c<br \/>\n82 \u9ec3\u77f3\u8f1d K\u014do \u81fa\u7063\u8a71\u5beb\u9109\u571f\u6587\u5b78 \u00ea \u4e3b\u5f35<br \/>\n86 \u738b\u767d\u6df5 \u65c5\u65e5\u9752\u5e74\u8fa6\u85dd\u6587\u520a\u7269\u4f86\u63a9\u8b77\u5de6\u7ffc \u00ea \u9023\u651c<br \/>\n90 \u5f35\u6df1\u5207 \u5168\u5cf6\u4f5c\u5bb6\u5927\u7d50\u76df \u00ea \u6545\u4e8b<br \/>\n92 \u90ed\u6c34\u6f6d vs \u694a\u71be\u660c \u73fe\u5be6\u642a\u8457\u8d85\u73fe\u5be6\uff0c\u5357\u81fa\u7063 \u00ea \u6587\u85dd\u601d\u6f6e\u4ed9\u62da\u4ed9<br \/>\n96 \u694a\u9035 \u81fa\u7063\u4f5c\u5bb6\u982d\u64fa t\u012b \u65e5\u672c\u6587\u58c7\u5f9b\u8d77<br \/>\n98 \u5f90\u5764\u6cc9 \u8f49\u4efb\u7de8\u8f2f\u300a\u98a8\u6708\u5831\u300b\uff0c\u884c\u5411\u5927\u773e\u95b1\u8b80 \u00ea \u6642\u4ee3\u6f6e\u6d41<br \/>\n102 \u5442\u8d6b\u82e5 T\u012b \u6230\u722d\u671f \u00ea \u591a\u5143\u85dd\u8853\u8ffd\u6c42 kah \u6587\u58c7\u6d3b\u52d5<br \/>\n106 \u897f\u5ddd\u6eff vs \u5f35\u6587\u74b0 \u4e8c\u6230\u5f8c\u671f\u81fa\u7063\u6587\u58c7 \u00ea \u5169\u5927\u9663\u71df<\/p>\n<p>110 \u7b2c\u56db\u7ae0 \u807d\u5019\u5929\u5149<br \/>\nTu\u00ec \u653f\u6cbb\u7981\u5236\u5230\u56de\u8f49 (hu\u00ea-t\u0144g) \u73fe\u5be6\uff081945 \u2212 1980\uff09<br \/>\n112 \u5012 t\u012b \u8840\u6c60\u88e1 \u00ea \u7b46\u8015\u8005\uff1a\u937e\u7406\u548c \u00ea \u574e\u5777\u6587\u5b78\u8def<br \/>\n116 \u59dc\u8cb4 \u81ea\u8cbb\u51fa\u7248\u300a\u65cb\u98a8\u300b\uff0c\u6210\u505a\u53cd\u5171\u6587\u5b78 \u00ea \u4ee3\u8868\u6027\u4f5c\u54c1<br \/>\n\u6587\u5b78\u5c0f\u9326\u56ca \u53cd\u5171\u6587\u85dd \u00ea \u7d44\u7e54 kah \u6a5f\u5236<br \/>\n122 \u7d00\u5f26 \u63d0\u51fa\u516d\u5927\u4fe1\u689d\uff0c\u5f15\u8d77\u73fe\u4ee3\u8a69\u8ad6\u6230<br \/>\n124 \u6797\u6d77\u97f3 \u4f0a \u00ea \u5ba2\u5ef3\u5c31\u662f\u534a\u4e2a\u6587\u58c7<br \/>\n128 \u937e\u8087\u653f \u7701\u7c4d\u4f5c\u5bb6\u6cb9\u5370\u300a\u6587\u53cb\u901a\u8a0a\u300b\uff0c\u8d77\u9020\u6587\u5b78\u53cb\u8abc<br \/>\n132 \u767d\u5148\u52c7 Kah \u540c\u7a97\u8fa6\u300a\u73fe\u4ee3\u6587\u5b78\u300b\uff0ct\u012b \u8a66\u9a57\u4e2d\u641c\u63e3\u73fe\u4ee3\u4e3b\u7fa9\u6587\u5b78<br \/>\n\u6587\u5b78\u5c0f\u9326\u56ca 1960 \u5e74\u4ee3 \u00ea \u6587\u85dd\u96dc\u8a8c<br \/>\n136 \u738b\u798e\u548c \u4ee5\u73fe\u4ee3\u4e3b\u7fa9 \u00ea \u6ecb\u990a\u4f86\u63cf\u5beb\u9109\u571f \u00ea \u5c0f\u8aaa\u5bb6<br \/>\n138 \u6797\u4ea8\u6cf0 \u53c3\u8207\u767c\u8d77\u7b20\u8a69\u793e\uff0c\u8fd2\u8a9e\u8a00\u8a69\u4eba tu\u00ec \u73fe\u4ee3\u884c\u5411\u5beb\u5be6<br \/>\n\u6587\u5b78\u5c0f\u9326\u56ca \u8fd2\u8a9e\u8a00\u4e16\u4ee3 \u00ea \u4f5c\u5bb6<br \/>\n142 \u9ec3\u6625\u660e \u898f\u5283\u7fd5\u51fa\u300a\u5bf6\u5cf6\u82ac\u82b3\u300b\uff0c<br \/>\n\u9109\u571f\u6587\u5b78\u601d\u6f6e kah \u5f71\u8996\u7522\u696d \u00ea \u8fd2\u9818\u57df\u7d93\u9a57<br \/>\n146 \u59da\u4e00\u8466 Tu\u00ec \u7f8e\u570b\u56de\u570b\u4e86\u5f8c\uff0c\u5275\u4f5c\u300a\u4e00\u53e3\u7bb1\u5b50\u300b<br \/>\n150 \u674e\u55ac \u4ee5\u5927\u6cb3\u5c0f\u8aaa\u91cd\u65b0\u8d77\u9020\u81fa\u7063\u6b77\u53f2 kah \u5ba2\u5bb6\u6587\u5316<\/p>\n<p>152 \u7b2c\u4e94\u7ae0 \u6587\u5b78\u91cd\u958b\u6a5f<br \/>\n\u89e3\u56b4\u524d\u5f8c \u00ea \u773e\u8072\u55a7\u5629 (Tsi\u00f2ng-siann Suan-hua)\uff081980 \u2212 \uff09<br \/>\n154 \u53d7\u58d3\u5236 \u00ea \u504f\u908a\u4e4b\u8072\uff1aTu\u00ec \u674e\u6602 \u00ea \u3008\u6bba\u592b\u3009\u8b1b\u8d77<br \/>\n160 \u5289\u514b\u8944 T\u012b \u6e2c\u5929\u5cf6\u767c\u898b\u70cf\u9dfa \u00ea \u6b7b\u9ad4\uff0c<br \/>\n\u81fa\u7063\u793e\u6703 kah \u81ea\u7136\u751f\u614b\u66f8\u5beb \u00ea \u521d\u6703<br \/>\n\u6587\u5b78\u5c0f\u9326\u56ca \u5433\u660e\u76ca kah \u81ea\u7136\u66f8\u5beb<br \/>\n164 \u8449\u77f3\u6fe4 \u8fd2\u904e\u8a9e\u8a00\u95a3\u518d\u8d77\u7a0b\uff0c\u91cd\u65b0\u8d77\u9020\u81fa\u7063\u6587\u5b78\u53f2<br \/>\n\u6587\u5b78\u5c0f\u9326\u56ca \u300c\u81fa\u7063\u6587\u5b78\u53f2\u300dkah\u300c\u53f0\u8a9e\u6587\u5b78\u53f2\u300d\u00ea \u6b77\u53f2<br \/>\n170 Syaman Rapongan\uff08\u590f\u66fc\u30fb\u85cd\u6ce2\u5b89\uff09<br \/>\n\u8f49\u53bb\u7d05\u982d\u5dbc\uff0c\u7528\u66f8\u5beb kah \u884c\u52d5 k\u0101 \u65cf\u7fa4\u8a8d\u540c\u63e3\u8f49\u4f86<br \/>\n\u6587\u5b78\u5c0f\u9326\u56ca \u300a\u5c71\u6d77\u96dc\u8a8c\u300bkah \u539f\u904b\u4e16\u4ee3<br \/>\n176 \u90b1\u5999\u6d25 \u7d55\u671b\u4e2d\u5beb\u51fa \u00ea \u540c\u5fd7 \u00ea \u611b\uff0c\u5beb\u4f5c\u4e88\u6027\u547d\u5f97\u8457\u6568\u653e<br \/>\n180 \u590f\u5b87 \u800d\u6587\u5b57\u63a5\u9b25\u6025\u667a\u8a69\u7bc7\uff0c\u5f8c\u73fe\u4ee3\u8272\u7dfb \u00ea \u5be6\u9a57\u6027\u5beb\u4f5c<br \/>\n184 \u74ca\u7464 \u300a\u9084\u73e0\u683c\u683c\u300b\u96fb\u8996\u5287\u64ad\u51fa\uff0c\u611b\u60c5\u5c0f\u8aaa\u4e88\u7121\u4edd\u4e16\u4ee3\u76ef\u76ee t\u012b \u87a2\u5e55\u9802<\/p>\n<p>188 \u7d42 \u7ae0 \u95dc\u4fc2\u81fa\u7063\u6587\u5b78\uff0c<br \/>\n\u7336\u6709\u8db3\u6fdf\u8b1b\u8882\u900f\u6a5f \u00ea \u6545\u4e8b<br \/>\n192 \u53c3\u8003\u8cc7\u6599<\/p>\n<p>200 \u672c\u66f8\u4f5c\u8005\u7c21\u4ecb<\/p>\n<p>ISBN\uff1a9786263950993<br \/>\n\u51fa\u7248\u793e\uff1a\u806f\u7d93<br \/>\n\u898f\u683c\uff1a\u5e73\u88dd \/ 202\u9801 \/ 14.8 x 21 x 1.01 cm \/ \u666e\u901a\u7d1a \/ \u5168\u5f69\u5370\u5237 \/ \u521d\u7248<br \/>\n\u51fa\u7248\u5730\uff1a\u53f0\u7063<\/p>\n","protected":false},"excerpt":{"rendered":"<p>\u5cf6\u5dbc\u6642\u5149\u6a5f\uff1a\u81fa\u7063\u6587\u5b78\u6545\u4e8b\uff08\u81fa\u7063\u53f0\u8a9e\u7248\uff09 \u5167\u5bb9\u7c21\u4ecb \u8449\u8001\u5e2b\u662f\u5c0f\u8aaa\u5bb6\uff0cm\u0101\u662f\u6587\u5b78\u8a55\u8ad6\u5bb6\uff0c\u4f0a\u6536\u85cf\u898f\u539d\u9593\u00ea\u81fa\u7063\u6587\u5b78\u4f5c\u54c1&#8230;<\/p>\n","protected":false},"featured_media":130148,"comment_status":"closed","ping_status":"closed","template":"","meta":[],"product_brand":[],"product_cat":[2819,2663],"product_tag":[],"class_list":{"0":"post-130147","1":"product","2":"type-product","3":"status-publish","4":"has-post-thumbnail","6":"product_cat-2819","7":"product_cat-2663","9":"first","10":"instock","11":"sale","12":"taxable","13":"shipping-taxable","14":"purchasable","15":"product-type-simple"},"bundled_by":[],"bundle_stock_status":"instock","bundle_stock_quantity":null,"bundle_virtual":false,"bundle_layout":"","bundle_add_to_cart_form_location":"","bundle_editable_in_cart":false,"bundle_sold_individually_context":"","bundle_item_grouping":"","bundle_min_size":"","bundle_max_size":"","bundle_price":[],"bundled_items":[],"bundle_sell_ids":[65786,138697],"_links":{"self":[{"href":"https:\/\/www.gjtaiwan.com\/new\/wp-json\/wp\/v2\/product\/130147","targetHints":{"allow":["GET"]}}],"collection":[{"href":"https:\/\/www.gjtaiwan.com\/new\/wp-json\/wp\/v2\/product"}],"about":[{"href":"https:\/\/www.gjtaiwan.com\/new\/wp-json\/wp\/v2\/types\/product"}],"replies":[{"embeddable":true,"href":"https:\/\/www.gjtaiwan.com\/new\/wp-json\/wp\/v2\/comments?post=130147"}],"wp:featuredmedia":[{"embeddable":true,"href":"https:\/\/www.gjtaiwan.com\/new\/wp-json\/wp\/v2\/media\/130148"}],"wp:attachment":[{"href":"https:\/\/www.gjtaiwan.com\/new\/wp-json\/wp\/v2\/media?parent=130147"}],"wp:term":[{"taxonomy":"product_brand","embeddable":true,"href":"https:\/\/www.gjtaiwan.com\/new\/wp-json\/wp\/v2\/product_brand?post=130147"},{"taxonomy":"product_cat","embeddable":true,"href":"https:\/\/www.gjtaiwan.com\/new\/wp-json\/wp\/v2\/product_cat?post=130147"},{"taxonomy":"product_tag","embeddable":true,"href":"https:\/\/www.gjtaiwan.com\/new\/wp-json\/wp\/v2\/product_tag?post=130147"}],"curies":[{"name":"wp","href":"https:\/\/api.w.org\/{rel}","templated":true}]}}