{"id":130915,"date":"2025-04-02T15:47:36","date_gmt":"2025-04-02T07:47:36","guid":{"rendered":"https:\/\/www.gjtaiwan.com\/new\/?post_type=product&#038;p=130915"},"modified":"2025-04-02T15:47:37","modified_gmt":"2025-04-02T07:47:37","slug":"1984%e5%8f%b0%e6%96%87%e7%89%88","status":"publish","type":"product","link":"https:\/\/www.gjtaiwan.com\/new\/product\/1984%e5%8f%b0%e6%96%87%e7%89%88","title":{"rendered":"1984\u53f0\u6587\u7248"},"content":{"rendered":"<h1><strong>1984\u53f0\u6587\u7248<\/strong><\/h1>\n<p><img loading=\"lazy\" decoding=\"async\" class=\"alignnone size-large wp-image-130916\" src=\"https:\/\/www.gjtaiwan.com\/new\/wp-content\/uploads\/2025\/04\/0011017201-575x800.jpg\" alt=\"\" width=\"575\" height=\"800\" srcset=\"https:\/\/www.gjtaiwan.com\/new\/wp-content\/uploads\/2025\/04\/0011017201-575x800.jpg 575w, https:\/\/www.gjtaiwan.com\/new\/wp-content\/uploads\/2025\/04\/0011017201-287x400.jpg 287w, https:\/\/www.gjtaiwan.com\/new\/wp-content\/uploads\/2025\/04\/0011017201.jpg 768w, https:\/\/www.gjtaiwan.com\/new\/wp-content\/uploads\/2025\/04\/0011017201-600x835.jpg 600w\" sizes=\"auto, (max-width: 575px) 100vw, 575px\" \/><\/p>\n<p><img loading=\"lazy\" decoding=\"async\" class=\"alignnone size-large wp-image-130917\" src=\"https:\/\/www.gjtaiwan.com\/new\/wp-content\/uploads\/2025\/04\/0011017201_b_02-530x800.jpg\" alt=\"\" width=\"530\" height=\"800\" srcset=\"https:\/\/www.gjtaiwan.com\/new\/wp-content\/uploads\/2025\/04\/0011017201_b_02-530x800.jpg 530w, https:\/\/www.gjtaiwan.com\/new\/wp-content\/uploads\/2025\/04\/0011017201_b_02-265x400.jpg 265w, https:\/\/www.gjtaiwan.com\/new\/wp-content\/uploads\/2025\/04\/0011017201_b_02-600x905.jpg 600w, https:\/\/www.gjtaiwan.com\/new\/wp-content\/uploads\/2025\/04\/0011017201_b_02.jpg 663w\" sizes=\"auto, (max-width: 530px) 100vw, 530px\" \/><\/p>\n<p><img loading=\"lazy\" decoding=\"async\" class=\"alignnone size-large wp-image-130918\" src=\"https:\/\/www.gjtaiwan.com\/new\/wp-content\/uploads\/2025\/04\/0011017201_b_03-530x800.jpg\" alt=\"\" width=\"530\" height=\"800\" srcset=\"https:\/\/www.gjtaiwan.com\/new\/wp-content\/uploads\/2025\/04\/0011017201_b_03-530x800.jpg 530w, https:\/\/www.gjtaiwan.com\/new\/wp-content\/uploads\/2025\/04\/0011017201_b_03-265x400.jpg 265w, https:\/\/www.gjtaiwan.com\/new\/wp-content\/uploads\/2025\/04\/0011017201_b_03-600x905.jpg 600w, https:\/\/www.gjtaiwan.com\/new\/wp-content\/uploads\/2025\/04\/0011017201_b_03.jpg 663w\" sizes=\"auto, (max-width: 530px) 100vw, 530px\" \/><\/p>\n<p><img loading=\"lazy\" decoding=\"async\" class=\"alignnone size-large wp-image-130919\" src=\"https:\/\/www.gjtaiwan.com\/new\/wp-content\/uploads\/2025\/04\/0011017201_b_04-530x800.jpg\" alt=\"\" width=\"530\" height=\"800\" srcset=\"https:\/\/www.gjtaiwan.com\/new\/wp-content\/uploads\/2025\/04\/0011017201_b_04-530x800.jpg 530w, https:\/\/www.gjtaiwan.com\/new\/wp-content\/uploads\/2025\/04\/0011017201_b_04-265x400.jpg 265w, https:\/\/www.gjtaiwan.com\/new\/wp-content\/uploads\/2025\/04\/0011017201_b_04-600x905.jpg 600w, https:\/\/www.gjtaiwan.com\/new\/wp-content\/uploads\/2025\/04\/0011017201_b_04.jpg 663w\" sizes=\"auto, (max-width: 530px) 100vw, 530px\" \/><\/p>\n<p><img loading=\"lazy\" decoding=\"async\" class=\"alignnone size-large wp-image-130920\" src=\"https:\/\/www.gjtaiwan.com\/new\/wp-content\/uploads\/2025\/04\/0011017201_b_05-530x800.jpg\" alt=\"\" width=\"530\" height=\"800\" srcset=\"https:\/\/www.gjtaiwan.com\/new\/wp-content\/uploads\/2025\/04\/0011017201_b_05-530x800.jpg 530w, https:\/\/www.gjtaiwan.com\/new\/wp-content\/uploads\/2025\/04\/0011017201_b_05-265x400.jpg 265w, https:\/\/www.gjtaiwan.com\/new\/wp-content\/uploads\/2025\/04\/0011017201_b_05-600x905.jpg 600w, https:\/\/www.gjtaiwan.com\/new\/wp-content\/uploads\/2025\/04\/0011017201_b_05.jpg 663w\" sizes=\"auto, (max-width: 530px) 100vw, 530px\" \/><\/p>\n<p><img loading=\"lazy\" decoding=\"async\" class=\"alignnone size-large wp-image-130921\" src=\"https:\/\/www.gjtaiwan.com\/new\/wp-content\/uploads\/2025\/04\/0011017201_b_06-530x800.jpg\" alt=\"\" width=\"530\" height=\"800\" srcset=\"https:\/\/www.gjtaiwan.com\/new\/wp-content\/uploads\/2025\/04\/0011017201_b_06-530x800.jpg 530w, https:\/\/www.gjtaiwan.com\/new\/wp-content\/uploads\/2025\/04\/0011017201_b_06-265x400.jpg 265w, https:\/\/www.gjtaiwan.com\/new\/wp-content\/uploads\/2025\/04\/0011017201_b_06-600x905.jpg 600w, https:\/\/www.gjtaiwan.com\/new\/wp-content\/uploads\/2025\/04\/0011017201_b_06.jpg 663w\" sizes=\"auto, (max-width: 530px) 100vw, 530px\" \/><\/p>\n<h2><strong>\u5167\u5bb9\u7c21\u4ecb<\/strong><\/h2>\n<p>20\u4e16\u7d00\u82f1\u570b\u4f5c\u5bb6George Orwell \u00ea\u540d\u8457\u300a1984\u300b\u662f\u8882\u9000\u6642\u00ea\u653f\u6cbb\u9810\u8a00\u7d93\u5178\u3002\u51fa\u7248\u8d85\u904e75\u51ac\uff0c\u8a2d\u5b9a\u00ea\u5e74\u671fm\u0101\u8d85\u904e40\u51ac\u77e3\uff0c\u4e16\u9593\u54a7\u8ac7\u8ad6\u653f\u6cbb\u7336\u662f\u5b9a\u5b9a\u6703\u5f15\u7528\u8457\u3002\u53ea\u8981\u4e16\u754c\u7336\u6709\u6b32\u7d55\u5c0d\u638c\u6b0a\u3001\u5171\u773e\u4ebau\u00ec\u884c\u70ba\u5230\u601d\u60f3\u650f\u63a7\u5236\u7262\u7262\u00ea\u52e2\u529b\uff0cOrwell\u63cf\u5beb\u00ea\u6050\u6016kah\u8352\u8b40\u5c31\u96e2\u4e16\u4eba\u650f\u7121\u9060\u3002<\/p>\n<p>\u53f0\u7063\u4eba\u6709\u5bb6\u5df1\u00ea\u8a9e\u8a00\uff0c\u6bcb\u662fkan-na\u503c\u5f97\u7528\u4e2d\u6587\u3002\u53f0\u8a9e\u611b\u6b63\u5e38\u5316\u3002\u4f47\u73fe\u6642\u5728\u5730\u00ea\u8a9e\u8a00\u74b0\u5883\uff0c\u300a1984\u300b\u51fa\u53f0\u6587\u7248\uff0c\u7121\u53ef\u80fd\u662f\u70ba\u8457\u4e00\u822c\u8b6f\u518a\u00ea\u76ee\u7684\u2014\u2014\u5171\u5916\u570b\u518a\u7528\u54b1\u570b\u4eba\u719f\u634c\u00ea\u8a9e\u6587\u4ecb\u7d39\u4e88\u4eba\u770b\u6709\u3002Tsit\u4e2a\u7ffb\u8b6f\u5de5\u7a0b\u6709\u767c\u5c55\u8a9e\u8a00\u00ea\u76ee\u7684\uff0c\u6240\u4ee5\u898f\u672c\u00ea\u7528\u8a5e\u6392\u53e5\u650f\u6709\u5c0d\u91cd\u76f8\u95dc\u00ea\u50f9\u503c\u3002\u53f0\u8a9e\u884c\u5230\u5728\u4f86\u751f\u4efd\u00ea\u9818\u57df\uff0c\u8b80\u8005m\u0101\u662f\u54a7\u53c3\u8207\u958b\u5275\u3002<\/p>\n<h2><strong>\u4f5c\u8005\u7c21\u4ecb<\/strong><\/h2>\n<p>George Orwell<\/p>\n<p>\u82f1\u570b\u4f5c\u5bb6\u3001\u8a18\u8005\uff0c1903\u5e74\u51fa\u4e16\uff0c1950\u5e74\u56e0\u70ba\u80ba\u7646\u904e\u8eab\u3002\u4f0a\u4e2d\u5b78\u51fa\u696d\u4e86\u5f8c\u53bbBurma\u505a\u6b96\u6c11\u5730\u8b66\u5bdf\uff0c\u4e94\u5e74\u5f8c\u8fad\u982d\u8def\uff0c\u8f49\u82f1\u570b\u8ffd\u6c42\u5beb\u4f5c\u00ea\u5fd7\u671b\u30021936\u5e74\u53bb\u53c3\u52a0\u897f\u73ed\u7259\u5167\u6230\u62cd\u6cd5\u897f\u65af\uff0c\u715e\u9ad4\u9a57\u8457\u8607\u806f\u5f0f\u653f\u6cbb\u9b25\u722d\u00ea\u70cf\u6697\u7c97\u6b98\uff0c\u8a3b\u5b9a\u4f0a\u7d32\u843d\u4f86\u62da\u52e2\u6279\u5224\u4e00\u5207\u6975\u6b0a\u4e3b\u7fa9\u3002\u300a1984\u300b\u4f471949\u5e74\u51fa\u7248\uff0c\u5c31\u662f\u6700\u5f8c\u3001\u7e3d\u7d50\u00ea\u4ee3\u8868\u4f5c\u3002<\/p>\n<p>\u8b6f\u8005\u7c21\u4ecb<\/p>\n<p>\u5468\u76c8\u6210<\/p>\n<p>\u4e2d\u5e74\u7537\uff0c\u8cbf\u6613\u5546\uff0c\u524d\u8a18\u8005\u3002\u65e5\u5e38\u5beb\u53f0\u6587\u5341\u6345\u5e74\u3002\u9762\u518a\u5c08\u9801\uff1a\u4e16\u754c\u53f0 S\u00e8-k\u00e0i T\u00e2i\u3002<\/p>\n<h2><strong>\u76ee\u9304<\/strong><\/h2>\n<p>I<br \/>\nII<br \/>\nIII<br \/>\n\u9644\u9304 \u65b0\u8b1b\u539f\u7406<br \/>\n\u8b6f\u8005\u00ea\u8a71<\/p>\n<p>ISBN\uff1a9786269867882<br \/>\n\u51fa\u7248\u793e\uff1a\u4e3b\u6d41\u51fa\u7248<br \/>\n\u898f\u683c\uff1a\u5e73\u88dd \/ 384\u9801 \/ 12.6 x 19 x 1.92 cm \/ \u666e\u901a\u7d1a \/ \u55ae\u8272\u5370\u5237 \/ \u521d\u7248<br \/>\n\u51fa\u7248\u5730\uff1a\u53f0\u7063<\/p>\n","protected":false},"excerpt":{"rendered":"<p>1984\u53f0\u6587\u7248 \u5167\u5bb9\u7c21\u4ecb 20\u4e16\u7d00\u82f1\u570b\u4f5c\u5bb6George Orwell \u00ea\u540d\u8457\u300a1984\u300b\u662f\u8882\u9000\u6642\u00ea\u653f\u6cbb\u9810\u8a00\u7d93\u5178&#8230;<\/p>\n","protected":false},"featured_media":130916,"comment_status":"closed","ping_status":"closed","template":"","meta":[],"product_brand":[],"product_cat":[2819,2663,3183],"product_tag":[],"class_list":{"0":"post-130915","1":"product","2":"type-product","3":"status-publish","4":"has-post-thumbnail","6":"product_cat-2819","7":"product_cat-2663","8":"product_cat-3183","10":"first","11":"instock","12":"sale","13":"taxable","14":"shipping-taxable","15":"purchasable","16":"product-type-simple"},"bundled_by":[],"bundle_stock_status":"instock","bundle_stock_quantity":null,"bundle_virtual":false,"bundle_layout":"","bundle_add_to_cart_form_location":"","bundle_editable_in_cart":false,"bundle_sold_individually_context":"","bundle_item_grouping":"","bundle_min_size":"","bundle_max_size":"","bundle_price":[],"bundled_items":[],"bundle_sell_ids":[65786,138697],"_links":{"self":[{"href":"https:\/\/www.gjtaiwan.com\/new\/wp-json\/wp\/v2\/product\/130915","targetHints":{"allow":["GET"]}}],"collection":[{"href":"https:\/\/www.gjtaiwan.com\/new\/wp-json\/wp\/v2\/product"}],"about":[{"href":"https:\/\/www.gjtaiwan.com\/new\/wp-json\/wp\/v2\/types\/product"}],"replies":[{"embeddable":true,"href":"https:\/\/www.gjtaiwan.com\/new\/wp-json\/wp\/v2\/comments?post=130915"}],"wp:featuredmedia":[{"embeddable":true,"href":"https:\/\/www.gjtaiwan.com\/new\/wp-json\/wp\/v2\/media\/130916"}],"wp:attachment":[{"href":"https:\/\/www.gjtaiwan.com\/new\/wp-json\/wp\/v2\/media?parent=130915"}],"wp:term":[{"taxonomy":"product_brand","embeddable":true,"href":"https:\/\/www.gjtaiwan.com\/new\/wp-json\/wp\/v2\/product_brand?post=130915"},{"taxonomy":"product_cat","embeddable":true,"href":"https:\/\/www.gjtaiwan.com\/new\/wp-json\/wp\/v2\/product_cat?post=130915"},{"taxonomy":"product_tag","embeddable":true,"href":"https:\/\/www.gjtaiwan.com\/new\/wp-json\/wp\/v2\/product_tag?post=130915"}],"curies":[{"name":"wp","href":"https:\/\/api.w.org\/{rel}","templated":true}]}}