{"id":132613,"date":"2025-06-24T17:49:12","date_gmt":"2025-06-24T09:49:12","guid":{"rendered":"https:\/\/www.gjtaiwan.com\/new\/?post_type=product&#038;p=132613"},"modified":"2026-01-27T10:21:12","modified_gmt":"2026-01-27T02:21:12","slug":"%e9%98%bf%e7%83%8f%e6%9c%83%e5%ad%b8%e6%b8%b8a-oo-e-o%cc%8dh-iu-%e5%8f%b0%e8%aa%9e%e6%95%85%e4%ba%8b%e6%9c%89%e8%81%b2%e9%9f%b3%e9%9f%bb%e8%a9%a9","status":"publish","type":"product","link":"https:\/\/www.gjtaiwan.com\/new\/product\/%e9%98%bf%e7%83%8f%e6%9c%83%e5%ad%b8%e6%b8%b8a-oo-e-o%cc%8dh-iu-%e5%8f%b0%e8%aa%9e%e6%95%85%e4%ba%8b%e6%9c%89%e8%81%b2%e9%9f%b3%e9%9f%bb%e8%a9%a9","title":{"rendered":"\u963f\u70cf\u6703\u5b78\u6e38A-oo \u0112 O\u030dh I\u00fb\uff1a\u53f0\u8a9e\u6545\u4e8b\u6709\u8072\u97f3\u97fb\u8a69"},"content":{"rendered":"<h1><strong>\u963f\u70cf\u6703\u5b78\u6e38A-oo \u0112 O\u030dh I\u00fb\uff1a\u53f0\u8a9e\u6545\u4e8b\u6709\u8072\u97f3\u97fb\u8a69<\/strong><\/h1>\n<p><img loading=\"lazy\" decoding=\"async\" class=\"alignnone size-large wp-image-132621\" src=\"https:\/\/www.gjtaiwan.com\/new\/wp-content\/uploads\/2025\/06\/9786267727041_bc-572x800.jpg\" alt=\"\" width=\"572\" height=\"800\" srcset=\"https:\/\/www.gjtaiwan.com\/new\/wp-content\/uploads\/2025\/06\/9786267727041_bc-572x800.jpg 572w, https:\/\/www.gjtaiwan.com\/new\/wp-content\/uploads\/2025\/06\/9786267727041_bc-286x400.jpg 286w, https:\/\/www.gjtaiwan.com\/new\/wp-content\/uploads\/2025\/06\/9786267727041_bc.jpg 768w, https:\/\/www.gjtaiwan.com\/new\/wp-content\/uploads\/2025\/06\/9786267727041_bc-600x839.jpg 600w\" sizes=\"auto, (max-width: 572px) 100vw, 572px\" \/><\/p>\n<p><img loading=\"lazy\" decoding=\"async\" class=\"alignnone size-large wp-image-132614\" src=\"https:\/\/www.gjtaiwan.com\/new\/wp-content\/uploads\/2025\/06\/9786267727041_b2-573x800.jpg\" alt=\"\" width=\"573\" height=\"800\" srcset=\"https:\/\/www.gjtaiwan.com\/new\/wp-content\/uploads\/2025\/06\/9786267727041_b2-573x800.jpg 573w, https:\/\/www.gjtaiwan.com\/new\/wp-content\/uploads\/2025\/06\/9786267727041_b2-287x400.jpg 287w, https:\/\/www.gjtaiwan.com\/new\/wp-content\/uploads\/2025\/06\/9786267727041_b2.jpg 768w, https:\/\/www.gjtaiwan.com\/new\/wp-content\/uploads\/2025\/06\/9786267727041_b2-600x837.jpg 600w\" sizes=\"auto, (max-width: 573px) 100vw, 573px\" \/><\/p>\n<p><img loading=\"lazy\" decoding=\"async\" class=\"alignnone size-large wp-image-132615\" src=\"https:\/\/www.gjtaiwan.com\/new\/wp-content\/uploads\/2025\/06\/9786267727041_b3-575x800.jpg\" alt=\"\" width=\"575\" height=\"800\" srcset=\"https:\/\/www.gjtaiwan.com\/new\/wp-content\/uploads\/2025\/06\/9786267727041_b3-575x800.jpg 575w, https:\/\/www.gjtaiwan.com\/new\/wp-content\/uploads\/2025\/06\/9786267727041_b3-287x400.jpg 287w, https:\/\/www.gjtaiwan.com\/new\/wp-content\/uploads\/2025\/06\/9786267727041_b3.jpg 768w, https:\/\/www.gjtaiwan.com\/new\/wp-content\/uploads\/2025\/06\/9786267727041_b3-600x835.jpg 600w\" sizes=\"auto, (max-width: 575px) 100vw, 575px\" \/><\/p>\n<p><img loading=\"lazy\" decoding=\"async\" class=\"alignnone size-large wp-image-132616\" src=\"https:\/\/www.gjtaiwan.com\/new\/wp-content\/uploads\/2025\/06\/9786267727041_b4-573x800.jpg\" alt=\"\" width=\"573\" height=\"800\" srcset=\"https:\/\/www.gjtaiwan.com\/new\/wp-content\/uploads\/2025\/06\/9786267727041_b4-573x800.jpg 573w, https:\/\/www.gjtaiwan.com\/new\/wp-content\/uploads\/2025\/06\/9786267727041_b4-287x400.jpg 287w, https:\/\/www.gjtaiwan.com\/new\/wp-content\/uploads\/2025\/06\/9786267727041_b4.jpg 768w, https:\/\/www.gjtaiwan.com\/new\/wp-content\/uploads\/2025\/06\/9786267727041_b4-600x837.jpg 600w\" sizes=\"auto, (max-width: 573px) 100vw, 573px\" \/><\/p>\n<p><img loading=\"lazy\" decoding=\"async\" class=\"alignnone size-large wp-image-132617\" src=\"https:\/\/www.gjtaiwan.com\/new\/wp-content\/uploads\/2025\/06\/9786267727041_b5-575x800.jpg\" alt=\"\" width=\"575\" height=\"800\" srcset=\"https:\/\/www.gjtaiwan.com\/new\/wp-content\/uploads\/2025\/06\/9786267727041_b5-575x800.jpg 575w, https:\/\/www.gjtaiwan.com\/new\/wp-content\/uploads\/2025\/06\/9786267727041_b5-287x400.jpg 287w, https:\/\/www.gjtaiwan.com\/new\/wp-content\/uploads\/2025\/06\/9786267727041_b5.jpg 768w, https:\/\/www.gjtaiwan.com\/new\/wp-content\/uploads\/2025\/06\/9786267727041_b5-600x835.jpg 600w\" sizes=\"auto, (max-width: 575px) 100vw, 575px\" \/><\/p>\n<p><img loading=\"lazy\" decoding=\"async\" class=\"alignnone size-large wp-image-132618\" src=\"https:\/\/www.gjtaiwan.com\/new\/wp-content\/uploads\/2025\/06\/9786267727041_b6-575x800.jpg\" alt=\"\" width=\"575\" height=\"800\" srcset=\"https:\/\/www.gjtaiwan.com\/new\/wp-content\/uploads\/2025\/06\/9786267727041_b6-575x800.jpg 575w, https:\/\/www.gjtaiwan.com\/new\/wp-content\/uploads\/2025\/06\/9786267727041_b6-287x400.jpg 287w, https:\/\/www.gjtaiwan.com\/new\/wp-content\/uploads\/2025\/06\/9786267727041_b6.jpg 768w, https:\/\/www.gjtaiwan.com\/new\/wp-content\/uploads\/2025\/06\/9786267727041_b6-600x835.jpg 600w\" sizes=\"auto, (max-width: 575px) 100vw, 575px\" \/><\/p>\n<p><img loading=\"lazy\" decoding=\"async\" class=\"alignnone size-large wp-image-132619\" src=\"https:\/\/www.gjtaiwan.com\/new\/wp-content\/uploads\/2025\/06\/9786267727041_b7-573x800.jpg\" alt=\"\" width=\"573\" height=\"800\" srcset=\"https:\/\/www.gjtaiwan.com\/new\/wp-content\/uploads\/2025\/06\/9786267727041_b7-573x800.jpg 573w, https:\/\/www.gjtaiwan.com\/new\/wp-content\/uploads\/2025\/06\/9786267727041_b7-287x400.jpg 287w, https:\/\/www.gjtaiwan.com\/new\/wp-content\/uploads\/2025\/06\/9786267727041_b7.jpg 768w, https:\/\/www.gjtaiwan.com\/new\/wp-content\/uploads\/2025\/06\/9786267727041_b7-600x837.jpg 600w\" sizes=\"auto, (max-width: 573px) 100vw, 573px\" \/><\/p>\n<p><img loading=\"lazy\" decoding=\"async\" class=\"alignnone size-large wp-image-132620\" src=\"https:\/\/www.gjtaiwan.com\/new\/wp-content\/uploads\/2025\/06\/9786267727041_b8-573x800.jpg\" alt=\"\" width=\"573\" height=\"800\" srcset=\"https:\/\/www.gjtaiwan.com\/new\/wp-content\/uploads\/2025\/06\/9786267727041_b8-573x800.jpg 573w, https:\/\/www.gjtaiwan.com\/new\/wp-content\/uploads\/2025\/06\/9786267727041_b8-287x400.jpg 287w, https:\/\/www.gjtaiwan.com\/new\/wp-content\/uploads\/2025\/06\/9786267727041_b8.jpg 768w, https:\/\/www.gjtaiwan.com\/new\/wp-content\/uploads\/2025\/06\/9786267727041_b8-600x837.jpg 600w\" sizes=\"auto, (max-width: 573px) 100vw, 573px\" \/><\/p>\n<h2><strong>\u5167\u5bb9\u7c21\u4ecb<\/strong><\/h2>\n<p>\u97f3\u97fb\u662f\u8d70\u63e3\u53f0\u8a9e\u5bf6\u7684\u9396\u5319\uff0c<br \/>\n\u81fa\u7f85\u3001\u6f22\u5b57\u662f\u50b3\u627f\u53f0\u8a9e\u7684\u958b\u59cb\u3002<br \/>\n\u97f3\u63a0\u4e88\u6e96\uff0c\u807d\u8aaa\u53f0\u8a9e\u81ea\u4fe1\u95a3\u6b61\u559c\uff0c<br \/>\n\u5b57\u83ab\u82b1\u53bb\uff0c\u8b80\u5beb\u53f0\u6587\u5aa0\u6c23\u95a3\u8da3\u5473\u3002<\/p>\n<p>\u9019\u672c\u518a\u5927\u7897\u95a3\u6eff\u5898\uff0c\u662f\u4f60\u5b78\u81fa\u7f85\u3001\u5b78\u97f3\u5b57\uff0c<br \/>\n\u81ea\u5b78\u3001\u6559\u5b78\u3001\u7af6\u8cfd\u3001\u8a8d\u8b49\uff0c\u7df4\u807d\u8b1b\u8b80\u5beb\u7684\u6b66\u5668\uff0c<br \/>\n\u662f\u9010\u5bb6\u89aa\u8fd1\u53f0\u8a9e\u4e0a\u8b9a\u3001\u4e0a\u8cbc\u5fc3\u7684m\u00e1-tsih.<\/p>\n<p>\u672c\u571f\u8a9e\u8a00\u5091\u51fa\u8ca2\u737b\u734e\u5f97\u4e3b\u3001\u5c08\u696d\u7d1a\u53f0\u8a9e\u535a\u58eb\u738b\u79c0\u5bb9\uff0c\u7528\u4f0a\u81ea\u5b78\u3001\u8b1b\u5ea7\u53f0\u8a9e\u7684\u7d93\u9a57\uff0c\u4f6e\u4f0a\u5c0d\u8a9e\u8a00\u3001\u6587\u5316\u3001\u6587\u5b78\u5e7c\u81a9\u7684\u601d\u8003\u4f6e\u7b46\u529b\uff0c\u5beb25\u7bc7\u662f\u8a69\u3001\u662f\u6b4c\u3001\u662f\u5538\u8b20\u7684\u751f\u6d3b\u6545\u4e8b\uff0c\u7528\u807d\u97f3\u3001\u8fa8\u97f3\u3001\u8a18\u97f3\u3001\u767c\u97f3\u7684\u5b78\u7fd2\u539f\u7406\uff0c\u6b32\u4e88\u8b80\u8005\u5171\u53f0\u8a9e\u97f3\u97fb\u7df4\u4e88\u8f03\u6ed1\u6e9c\u3001\u8f03\u7cbe\u78ba\u3002<\/p>\n<p>\u5ef6\u7e8c\u300a\u6211\u54a7\u5531\u6b4c\u300b\u3001\u300a\u54b1\u4f86\u8b80\u8b80\u300b\u5169\u672c\u6563\u6587\u96c6\u5973\u6027\u66f8\u5beb\u7684\u751f\u82b1\u5999\u7b46\u4f6e\u6709\u8072\u5167\u5bb9\uff0c\u738b\u79c0\u5bb9\u4ee5\u5c08\u696d\u7684\u914d\u97f3\u7d93\u9a57\u4f6e\u6709\u516c\u4fe1\u7684\u767c\u97f3\u793a\u7bc4\uff0c\u966a\u4f34\u8b80\u8005\u5b78\u7fd2\u81fa\u7f85\uff0c\u4e86\u89e3\u97f3\u97fb\u539f\u7406\uff0c\u5efa\u7acb\u767c\u97f3\u4e00\u7406\u901a\u842c\u7406\u5fb9\u7684\u81ea\u4fe1\u3002<\/p>\n<p>\u5168\u518a\u97f3\u97fb\u8a69\u3001\u61c9\u7b54\u77ed\u6587\u650f\u6709\u5aa0\u8072\u6717\u8b80\uff0cQR Code \u96a8\u6383\u96a8\u807d\u3002\u95a3\u6709\u53e4\u9310\u7684\u97f3\u5b57\u8882\u82b1\u53bb\u4e09\u8a9e\u5716\u5178\uff0c\u70ba\u54b1\u53f0\u8a9e\u62cd\u5e95\u8482\u3002\u561b\u6709\u4fd7\u8afa\u4e09\u8a9e\u5feb\u8b6f\u901a\uff0c\u6b32\u4e88\u5916\u570b\u4eba\u561b\u770b\u6709\u53f0\u8a9e\u7684\u667a\u6167\u3002\u9010\u7bc7\u90fd\u6709\u53f0\u8a9e\u6f22\u5b57\u3001\u81fa\u7f85\u514b\u6f0f\u5b57\u5b78\u7fd2\u55ae\uff0c\u81ea\u5b78\u6559\u5b78\u650f\u9460\u5945\u3002<\/p>\n<p>\u7dca\u4f86\u5171\u9019\u672c\u518a\u6380\u958b\uff0c\u7528\u751f\u6d3b\u6545\u4e8b\u5feb\u6a02\u5b78\u8072\u97fb\uff0c\u4f28\u4f60\u53f0\u8a9e\u807d\u8b1b\u8b80\u5beb\u9806\u9806\u9806\uff0c\u7528\u54f2\u5b78\u601d\u8003\u8da3\u5473\u8b1b\u5fc3\u5883\uff0c\u4e88\u54b1\u611f\u6069\u5be7\u975c\u6e21\u98a8\u6e67\uff0c\u81ea\u7531\u81ea\u5728\u904e\u4eba\u751f\u3002<\/p>\n<p>\u672c\u66f8\u7279\u8272<\/p>\n<p>\u2460 25\u7bc7\u751f\u6d3b\u6545\u4e8b\u53f0\u8a9e\u97f3\u97fb\u8a69\uff0c\u6717\u8b80\u5538\u6b4c\u81ea\u7136\u5b78\u7fd2\u53f0\u8a9e\u97fb\u6bcd<br \/>\n\u2461 \u97f3\u97fb\u8a69\u9644\u6559\u80b2\u90e8\u9812\u8a02\u6f22\u5b57\u3001\u81fa\u7f85\u5c0d\u7167<br \/>\n\u2462 \u97f3\u97fb\u8a69\u3001\u61c9\u7b54\u77ed\u6587\u6709\u8072QR Code\u96a8\u6383\u96a8\u807d<br \/>\n\u2463 \u7c21\u55ae\u8a3b\u89e3\u3001\u83ef\u53f0\u82f1\u4fd7\u8afa\u5c0d\u7167\u3001\u76f8\u8fd1\u97f3\u5b57\u7df4\u7fd2\u3001\u554f\u7b54\u984c\u76ee\uff0c\u770b\u5716\u60c5\u5883\u9020\u53e5\u5c0d\u8a71\u771f\u597d\u7528<br \/>\n\u2464 \u97f3\u97fb\u8a69\u9644\u6f22\u5b57\u3001\u81fa\u7f85\u514b\u6f0f\u5b57\uff0c\u914d\u5408\u97f3\u6a94\u807d\u5beb\u7df4\u7fd2\u9032\u6b65\u7dca<\/p>\n<p>\u25ce\u672c\u66f8\u69ae\u7372\u6587\u5316\u90e8\u300c\u8a9e\u8a00\u53cb\u5584\u74b0\u5883\u53ca\u5275\u4f5c\u61c9\u7528\u88dc\u52a9\u300d<\/p>\n<p>\u5fc3\u9069\u63a8\u85a6<\/p>\n<p>\u738b\u5d07\u61b2\uff08\u9ad8\u96c4\u4e94\u798f\u570b\u4e2d\u53f0\u8a9e\u8001\u5e2b\uff0c\u53f0\u6587\u4f5c\u5bb6\u3001\u8b6f\u8005\uff09<br \/>\n\u5442\u7f8e\u89aa\uff08\u570b\u7acb\u81fa\u7063\u5e2b\u7bc4\u5927\u5b78\u81fa\u7063\u8a9e\u6587\u5b78\u7cfb\u526f\u6559\u6388\u3001\u53f0\u6587\u4f5c\u5bb6\uff09<br \/>\n\u6d2a\u6dd1\u662d\uff08\u9ad8\u96c4\u5e02\u5149\u83ef\u570b\u4e2d\u53f0\u8a9e\u8001\u5e2b\uff0c\u53f0\u6587\u4f5c\u5bb6\u3001\u8b6f\u8005\uff09<br \/>\n\u9ec3\u9707\u5357\uff08\u6587\u53f2\u5de5\u4f5c\u8005\uff09<br \/>\n\u912d\u9806\u8070\uff08\u53f0\u6587\u4f5c\u5bb6\uff09<\/p>\n<h2><strong>\u4f5c\u8005\u7c21\u4ecb<\/strong><\/h2>\n<p>\u738b\u79c0\u5bb9<\/p>\n<p>\u9ad8\u96c4\u4eba\u3002\u81fa\u7063\u5e2b\u7bc4\u5927\u5b78\u53f0\u6587\u5b78\u7cfb\u535a\u58eb\u3001\u975c\u5b9c\u5927\u5b78\u82f1\u8a9e\u7cfb\u78a9\u58eb\u3001\u6210\u529f\u5927\u5b78\u5916\u6587\u7cfb\u5b78\u58eb\u3002\u81fa\u7063\u5e2b\u7bc4\u5927\u5b78\u53f0\u6587\u7cfb\u3001\u9ece\u660e\u6280\u8853\u5b78\u9662\u517c\u4efb\u52a9\u7406\u6559\u6388\u3002\u516c\u8996\u53f0\u8a9e\u53f0\u7bc0\u76ee\u9867\u554f\u3001\u6559\u80b2\u90e8\u81fa\u7063\u53f0\u8a9e\u5e38\u7528\u8a5e\u8fad\u5178\u9304\u97f3\u3001\u53f0\u8a9e\u914d\u97f3\u54e1\u3001\u6559\u80b2\u90e8\u5b78\u79d1\u8853\u8a9e\u7de8\u8f2f\u9304\u97f3\u3001\u516c\u8996\u53f0\u8a9e\u53f0\u65b0\u8a5e\u8fad\u5eab\u7de8\u5be9\u3001\u570b\u5c0f\u570b\u4e2d\u9ad8\u4e2d\u53f0\u8a9e\u6559\u79d1\u518a\u7de8\u8f2f\u4e3b\u7de8\u3002\u81fa\u5927\u3001\u81fa\u5e2b\u5927\u570b\u969b\u6559\u6750\u6821\u5be9\u914d\u97f3\u3002\u81fa\u5317\u5e02\u570b\u4e2d\u53f0\u8a9e\u6559\u5e2b\u3002\u65b0\u5317\u5e02\u570b\u4e2d\u82f1\u8a9e\u53f0\u8a9e\u6559\u5e2b\u9000\u4f11\u3002<\/p>\n<p>\u91cd\u8981\u7d93\u6b77\uff1a100\u5e74\u6559\u80b2\u90e8\u63a8\u5c55\u672c\u571f\u8a9e\u8a00\u5091\u51fa\u8ca2\u737b\u734e\uff1b104\u5e74\u6559\u80b2\u90e8\u95a9\u5357\u8a9e\u8a9e\u8a00\u80fd\u529b\u8a8d\u8b49\u5c08\u696d\u7d1a\uff1b102-109\u5e74\u6559\u80b2\u90e8\u95b1\u8b80\u95b1\u61c2\u95a9\u5ba2\u8a9e\u5c08\u6b04\u3001\u6717\u8b80\u7a3f\u4f5c\u8005\uff1b\u6559\u80b2\u90e8\u4f6e\u65b0\u5317\u5e02\u6587\u5b78\u734e\uff1b\u5168\u570b\u8a9e\u6587\u7af6\u8cfd\u95a9\u5357\u8a9e\u5b57\u97f3\u5b57\u5f62\u7b2c\u4e00\u540d\u3001\u6f14\u8aaa\u7b2c\u56db\u3001\u7b2c\u4e94\u540d\u3001\u6717\u8b80\u512a\u7b49\uff1b\u6559\u80b2\u90e8\u512a\u79c0\u672c\u571f\u8a9e\u8a00\u6307\u5c0e\u54e1\uff1b\u65b0\u5317\u5e02\u512a\u79c0\u8f14\u5c0e\u5718\u54e1\uff1b\u5168\u570b\u4f6e\u7e23\u5e02\u8a9e\u6587\u7af6\u8cfd\u4f6e\u6559\u5b78\u547d\u984c\u3001\u8a55\u5be9\u3001\u6307\u5c0e\u3001\u8b1b\u5e2b\uff1b\u516c\u8996\u53f0\u8a9e\u53f0\u300c\u54b1\u7684\u6b4c\u53f0\u8a9e\u56e1\u4ed4\u6b4c\u300d\u4f5c\u8a5e\u6f14\u5531\u8a55\u5be9\u9867\u554f\uff1b\u570b\u969b\u7ffb\u8b6f\u793e\u7ffb\u8b6f\u5e2b\uff1b\u653f\u5927\u5e2b\u5927\u570b\u969b\u5b78\u751f\u6388\u8ab2\uff1b\u53f0\u8a9e\u6709\u8072\u6559\u6750\u4f6e\u5f71\u97f3\u4f5c\u8005\u3001\u7de8\u8f2f\u3001\u9304\u97f3\u3001\u5be9\u807d\u3001\u6307\u5c0e\uff1b\u65b0\u5317\u5e02\u95a9\u5357\u8a9e\u5b57\u97f3\u5b57\u5f62\u5de5\u4f5c\u574a\u6210\u679c\u4e3b\u7de8\u3002\u56db\u754c\u650f\u6709\u4f0a\u7684\u8072\uff0c\u4eba\u53eb\u4f0a\u53f0\u8a9eGoogle\u5c0f\u59d0\uff0c\u4f0a\u8b1b\u5bb6\u5df1\u662f\u53f0\u8a9e\u6c38\u9060\u7684\u5b78\u751f\u3001\u8654\u8aa0\u7684\u4fe1\u5f92\u3001\u50b3\u64ad\u53f0\u8a9e\u5aa0\u4f6e\u8da3\u5473\u7684\u8774\u8776\u516c\u4e3b\u3002\u4f0a\u4e0a\u611b\u8b1b\u300c\u82e5\u6b32\u5aa0\u98df\u679c\u5b50\uff0c\u82e5\u6b32\u5de7\u8b1b\u53f0\u8a9e\u300d\u30022020\u5e74\u51fa\u7248\u300a\u6211\u54a7\u5531\u6b4c\u300b\u30012023\u5e74\u51fa\u7248\u300a\u54b1\u4f86\u8b80\u8b80\u300b\u53f0\u8a9e\u6709\u8072\u6563\u6587\u96c6\u3002<\/p>\n<p>\u7e6a\u8005\u7c21\u4ecb<\/p>\n<p>\u6797\u82b8\u7444<\/p>\n<p>\u81fa\u5317\u4eba\uff0c\u81fa\u5317\u85dd\u8853\u5927\u5b78\u7f8e\u8853\u5b78\u7cfb\u7562\u696d\uff0c\u5728\u5b78\u671f\u9593\u662f\u7248\u756b\u7d44\uff0c\u9032\u884c\u500b\u4eba\u5275\u4f5c\u3001\u5c55\u89bd\u7684\u5e73\u9762\u8a2d\u8a08\u4f6e\u520a\u7269\u7de8\u8f2f\u3002\u7562\u696d\u4e86\u5f8c\uff0c\u6ce8\u5fc3\u4f47\u63d2\u756b\u5275\u4f5c\u3001\u5e73\u9762\u8a2d\u8a08\uff0c\u4f5c\u54c1\u7e7c\u7e8c\u7d2f\u7a4d\u4e2d\u3002\u5c08\u9577\u4f47\u904b\u7528\u7c21\u55ae\u7684\u7dda\u689d\u52fe\u756b\uff0c\u95a3\u7528\u7269\u4ef6\u91cd\u7d44\u5806\u758a\uff0c\u62fc\u8cbc\u51fa\u65e5\u5e38\u4e2d\u7684\u5947\u5e7b\u6642\u7a7a\u3002<\/p>\n<h2><strong>\u76ee\u9304<\/strong><\/h2>\n<p>\u81ea\u5e8f \u963f\u70cf\u6703\u5b78\u6e38 \u81ea\u5728\u95a3\u81ea\u7531<\/p>\n<p>1. a<br \/>\n\u963f\u5abd\u8e5b\u4f47\u82b1\u84ee\u7684\u5e84\u8de4 A-m\u00e1 Tu\u00e0 t\u012b Hua-li\u00e2n \u00ea Tsng-kha<br \/>\n2. oo<br \/>\n\u963f\u70cf\u53bb\u6563\u6b65 A-oo Kh\u00ec S\u00e0n-p\u014do<br \/>\n3. e<br \/>\n\u963f\u59ca\u5b78\u624b\u85dd A-ts\u00e9 O\u030dh Tshi\u00fa-g\u0113<br \/>\n4. o<br \/>\n\u963f\u5a46\u98fc\u9d5d A-p\u00f4 Tsh\u012b G\u00f4<br \/>\n5. i<br \/>\n\u963f\u7fa9\u8e05\u591c\u5e02 A-g\u012b Se\u030dh I\u0101-tsh\u012b<br \/>\n6. u<br \/>\n\u963f\u8205\u637e\u8c46\u6cb9 A-k\u016b Ku\u0101nn T\u0101u-i\u00fb<br \/>\n7. ai<br \/>\n\u963f\u6d77\u611b\u8ce3\u83dc A-h\u00e1i \u00c0i B\u0113 Tsh\u00e0i<br \/>\n8. au<br \/>\n\u963f\u5b5d\ud842\udc95\u98fc\u72d7 A-h\u00e0u G\u00e2u Tsh\u012b K\u00e1u<br \/>\n9. iau<br \/>\n\u9ce5\u9f20\u4f6e\u8c93 Ni\u00e1u-tsh\u00ed Kah Niau<br \/>\n10. io<br \/>\n\u6416\u554a\u6416\u904e\u540a\u6a4b I\u00f4 ah I\u00f4 Ku\u00e8 Ti\u00e0u-ki\u00f4<br \/>\n11. im<br \/>\n\u963f\u6b3d\u5f48\u7434 A-khim Tu\u00e2nn Kh\u00eem<br \/>\n12. in<br \/>\n\u90ed\u654f\u6709\u54c1\u7121\u904e\u654f Kueh B\u00edn \u016a-ph\u00edn B\u00f4 Ku\u00e8-b\u00edn<br \/>\n13. ing<br \/>\n\u963f\u6e05\u963f\u975c\u4e0a\u8208\u51b0\u8c46\u5976 A-tshing A-ts\u012bng Si\u014dng H\u00ecng Ping T\u0101u-ling<br \/>\n14. m<br \/>\n\u6562\u662f\u963f\u59c6\uff1f K\u00e1m-s\u012b A-\u1e3f?<br \/>\n15. ng<br \/>\n\u963f\u9ec3\u4f6e\u963f\u962e A-n\u0302g kah A-\u0144g<br \/>\n16. ann onn enn inn unn<br \/>\n\u7d05\u8c46\u9921 \u00c2ng-t\u0101u-\u0101nn<br \/>\n17. am iam<br \/>\n\u91d1\u542b\u548c\u9e7d Kim-k\u00e2m H\u0101m I\u00e2m<br \/>\n18. an ian<br \/>\n\u963f\u5b89\u963f\u71d5\u611f\u52d5\u5929 A-an A-i\u00e0n K\u00e1m-t\u014dng Thian<br \/>\n19. ang iang<br \/>\n\u5916\u884c\u7fc1\u63a0\u8702\u5047\u716c Gu\u0101-h\u00e2ng Ang Lia\u030dh Phang K\u00e9-i\u0101ng<br \/>\n20. ap at ak ah<br \/>\n\u9435\u76d2\u6f06\u6f06\u56db\u89d2\u6709\u5408 Thih-a\u030dp Tshat Tshat S\u00ec-kak \u016a Ha\u030dh<br \/>\n21. ip it ik ih<br \/>\n\u8457\u6025\u5fc5\u5b9a\u7389\u8b8a\u9435 Tio\u030dh-kip Pit-t\u012bng Gi\u030dk Pi\u00e0n Thih<br \/>\n22. ooh oh<br \/>\n\u5594\uff01\u8acb\u540c\u5b78\uff01 Ooh! Tshi\u00e1nn T\u00f4ng-o\u030dh!<br \/>\n23. om ong onn op ok<br \/>\n\u8349\u4ed4\u8302\u8302\u8302 Tsh\u00e1u-\u00e1 \u014cm-\u014dm-\u014dm<br \/>\n24. un uan uann uang<br \/>\n\u963f\u6069\u963f\u9060\u63db\u5fc3\u610f\u8882\u95a3\u56be A-un A-u\u00e1n U\u0101nn Sim-\u00ec B\u0113 Koh Uang<br \/>\n25. ia mia nia ngia iann<br \/>\n\u963f\u5a18\u8fce\u5abd\u7956 A-ni\u00e2 Ngi\u00e2 M\u00e1-ts\u00f3o<\/p>\n<p>ISBN\uff1a9786267727041<br \/>\n\u51fa\u7248\u793e\uff1a\u524d\u885b<br \/>\n\u898f\u683c\uff1a\u5e73\u88dd \/ 304\u9801 \/ 15 x 21 x 1.75 cm \/ \u666e\u901a\u7d1a \/ \u55ae\u8272\u5370\u5237 \/ \u521d\u7248<br \/>\n\u51fa\u7248\u5730\uff1a\u53f0\u7063<\/p>\n","protected":false},"excerpt":{"rendered":"<p>\u963f\u70cf\u6703\u5b78\u6e38A-oo \u0112 O\u030dh I\u00fb\uff1a\u53f0\u8a9e\u6545\u4e8b\u6709\u8072\u97f3\u97fb\u8a69 \u5167\u5bb9\u7c21\u4ecb \u97f3\u97fb\u662f\u8d70\u63e3\u53f0\u8a9e\u5bf6\u7684\u9396\u5319\uff0c \u81fa\u7f85\u3001\u6f22\u5b57\u662f\u50b3\u627f&#8230;<\/p>\n","protected":false},"featured_media":132621,"comment_status":"closed","ping_status":"closed","template":"","meta":[],"product_brand":[],"product_cat":[2663],"product_tag":[],"class_list":{"0":"post-132613","1":"product","2":"type-product","3":"status-publish","4":"has-post-thumbnail","6":"product_cat-2663","8":"first","9":"instock","10":"sale","11":"taxable","12":"shipping-taxable","13":"purchasable","14":"product-type-simple"},"bundled_by":[],"bundle_stock_status":"instock","bundle_stock_quantity":null,"bundle_virtual":false,"bundle_layout":"","bundle_add_to_cart_form_location":"","bundle_editable_in_cart":false,"bundle_sold_individually_context":"","bundle_item_grouping":"","bundle_min_size":"","bundle_max_size":"","bundle_price":[],"bundled_items":[],"bundle_sell_ids":{"0":65786,"2":138697},"_links":{"self":[{"href":"https:\/\/www.gjtaiwan.com\/new\/wp-json\/wp\/v2\/product\/132613","targetHints":{"allow":["GET"]}}],"collection":[{"href":"https:\/\/www.gjtaiwan.com\/new\/wp-json\/wp\/v2\/product"}],"about":[{"href":"https:\/\/www.gjtaiwan.com\/new\/wp-json\/wp\/v2\/types\/product"}],"replies":[{"embeddable":true,"href":"https:\/\/www.gjtaiwan.com\/new\/wp-json\/wp\/v2\/comments?post=132613"}],"wp:featuredmedia":[{"embeddable":true,"href":"https:\/\/www.gjtaiwan.com\/new\/wp-json\/wp\/v2\/media\/132621"}],"wp:attachment":[{"href":"https:\/\/www.gjtaiwan.com\/new\/wp-json\/wp\/v2\/media?parent=132613"}],"wp:term":[{"taxonomy":"product_brand","embeddable":true,"href":"https:\/\/www.gjtaiwan.com\/new\/wp-json\/wp\/v2\/product_brand?post=132613"},{"taxonomy":"product_cat","embeddable":true,"href":"https:\/\/www.gjtaiwan.com\/new\/wp-json\/wp\/v2\/product_cat?post=132613"},{"taxonomy":"product_tag","embeddable":true,"href":"https:\/\/www.gjtaiwan.com\/new\/wp-json\/wp\/v2\/product_tag?post=132613"}],"curies":[{"name":"wp","href":"https:\/\/api.w.org\/{rel}","templated":true}]}}