{"id":134894,"date":"2025-10-01T12:20:11","date_gmt":"2025-10-01T04:20:11","guid":{"rendered":"https:\/\/www.gjtaiwan.com\/new\/?post_type=product&#038;p=134894"},"modified":"2026-01-27T10:34:30","modified_gmt":"2026-01-27T02:34:30","slug":"%e8%b6%b3%e8%8a%b3%e7%9a%84%e9%99%84%e7%b7%9a%e4%b8%8a%e5%8f%b0%e8%aa%9e%e6%9c%97%e8%ae%80%e9%9f%b3%e6%aa%94","status":"publish","type":"product","link":"https:\/\/www.gjtaiwan.com\/new\/product\/%e8%b6%b3%e8%8a%b3%e7%9a%84%e9%99%84%e7%b7%9a%e4%b8%8a%e5%8f%b0%e8%aa%9e%e6%9c%97%e8%ae%80%e9%9f%b3%e6%aa%94","title":{"rendered":"\u8db3\u82b3\u7684\uff08\u9644\u7dda\u4e0a\u53f0\u8a9e\u6717\u8b80\u97f3\u6a94\uff09"},"content":{"rendered":"<h1><strong>\u8db3\u82b3\u7684\uff08\u9644\u7dda\u4e0a\u53f0\u8a9e\u6717\u8b80\u97f3\u6a94\uff09<\/strong><\/h1>\n<p><img loading=\"lazy\" decoding=\"async\" class=\"alignnone size-large wp-image-134895\" src=\"https:\/\/www.gjtaiwan.com\/new\/wp-content\/uploads\/2025\/10\/0011032645-800x800.jpg\" alt=\"\" width=\"800\" height=\"800\" srcset=\"https:\/\/www.gjtaiwan.com\/new\/wp-content\/uploads\/2025\/10\/0011032645.jpg 800w, https:\/\/www.gjtaiwan.com\/new\/wp-content\/uploads\/2025\/10\/0011032645-280x280.jpg 280w, https:\/\/www.gjtaiwan.com\/new\/wp-content\/uploads\/2025\/10\/0011032645-400x400.jpg 400w, https:\/\/www.gjtaiwan.com\/new\/wp-content\/uploads\/2025\/10\/0011032645-768x768.jpg 768w, https:\/\/www.gjtaiwan.com\/new\/wp-content\/uploads\/2025\/10\/0011032645-600x600.jpg 600w, https:\/\/www.gjtaiwan.com\/new\/wp-content\/uploads\/2025\/10\/0011032645-100x100.jpg 100w, https:\/\/www.gjtaiwan.com\/new\/wp-content\/uploads\/2025\/10\/0011032645-300x300.jpg 300w\" sizes=\"auto, (max-width: 800px) 100vw, 800px\" \/><\/p>\n<p><img loading=\"lazy\" decoding=\"async\" class=\"alignnone size-large wp-image-134896\" src=\"https:\/\/www.gjtaiwan.com\/new\/wp-content\/uploads\/2025\/10\/0011032645_b_02-565x800.jpg\" alt=\"\" width=\"565\" height=\"800\" srcset=\"https:\/\/www.gjtaiwan.com\/new\/wp-content\/uploads\/2025\/10\/0011032645_b_02-565x800.jpg 565w, https:\/\/www.gjtaiwan.com\/new\/wp-content\/uploads\/2025\/10\/0011032645_b_02-283x400.jpg 283w, https:\/\/www.gjtaiwan.com\/new\/wp-content\/uploads\/2025\/10\/0011032645_b_02.jpg 768w, https:\/\/www.gjtaiwan.com\/new\/wp-content\/uploads\/2025\/10\/0011032645_b_02-600x849.jpg 600w\" sizes=\"auto, (max-width: 565px) 100vw, 565px\" \/><\/p>\n<p><img loading=\"lazy\" decoding=\"async\" class=\"alignnone size-large wp-image-134897\" src=\"https:\/\/www.gjtaiwan.com\/new\/wp-content\/uploads\/2025\/10\/0011032645_b_03-565x800.jpg\" alt=\"\" width=\"565\" height=\"800\" srcset=\"https:\/\/www.gjtaiwan.com\/new\/wp-content\/uploads\/2025\/10\/0011032645_b_03-565x800.jpg 565w, https:\/\/www.gjtaiwan.com\/new\/wp-content\/uploads\/2025\/10\/0011032645_b_03-283x400.jpg 283w, https:\/\/www.gjtaiwan.com\/new\/wp-content\/uploads\/2025\/10\/0011032645_b_03.jpg 768w, https:\/\/www.gjtaiwan.com\/new\/wp-content\/uploads\/2025\/10\/0011032645_b_03-600x849.jpg 600w\" sizes=\"auto, (max-width: 565px) 100vw, 565px\" \/><\/p>\n<p><img loading=\"lazy\" decoding=\"async\" class=\"alignnone size-large wp-image-134898\" src=\"https:\/\/www.gjtaiwan.com\/new\/wp-content\/uploads\/2025\/10\/0011032645_b_04-1131x800.jpg\" alt=\"\" width=\"1020\" height=\"721\" srcset=\"https:\/\/www.gjtaiwan.com\/new\/wp-content\/uploads\/2025\/10\/0011032645_b_04.jpg 1131w, https:\/\/www.gjtaiwan.com\/new\/wp-content\/uploads\/2025\/10\/0011032645_b_04-566x400.jpg 566w, https:\/\/www.gjtaiwan.com\/new\/wp-content\/uploads\/2025\/10\/0011032645_b_04-768x543.jpg 768w, https:\/\/www.gjtaiwan.com\/new\/wp-content\/uploads\/2025\/10\/0011032645_b_04-600x424.jpg 600w\" sizes=\"auto, (max-width: 1020px) 100vw, 1020px\" \/><\/p>\n<p><img loading=\"lazy\" decoding=\"async\" class=\"alignnone size-large wp-image-134899\" src=\"https:\/\/www.gjtaiwan.com\/new\/wp-content\/uploads\/2025\/10\/0011032645_b_05-1131x800.jpg\" alt=\"\" width=\"1020\" height=\"721\" srcset=\"https:\/\/www.gjtaiwan.com\/new\/wp-content\/uploads\/2025\/10\/0011032645_b_05.jpg 1131w, https:\/\/www.gjtaiwan.com\/new\/wp-content\/uploads\/2025\/10\/0011032645_b_05-566x400.jpg 566w, https:\/\/www.gjtaiwan.com\/new\/wp-content\/uploads\/2025\/10\/0011032645_b_05-768x543.jpg 768w, https:\/\/www.gjtaiwan.com\/new\/wp-content\/uploads\/2025\/10\/0011032645_b_05-600x424.jpg 600w\" sizes=\"auto, (max-width: 1020px) 100vw, 1020px\" \/><\/p>\n<p><img loading=\"lazy\" decoding=\"async\" class=\"alignnone size-large wp-image-134900\" src=\"https:\/\/www.gjtaiwan.com\/new\/wp-content\/uploads\/2025\/10\/0011032645_b_06-1131x800.jpg\" alt=\"\" width=\"1020\" height=\"721\" srcset=\"https:\/\/www.gjtaiwan.com\/new\/wp-content\/uploads\/2025\/10\/0011032645_b_06.jpg 1131w, https:\/\/www.gjtaiwan.com\/new\/wp-content\/uploads\/2025\/10\/0011032645_b_06-566x400.jpg 566w, https:\/\/www.gjtaiwan.com\/new\/wp-content\/uploads\/2025\/10\/0011032645_b_06-768x543.jpg 768w, https:\/\/www.gjtaiwan.com\/new\/wp-content\/uploads\/2025\/10\/0011032645_b_06-600x424.jpg 600w\" sizes=\"auto, (max-width: 1020px) 100vw, 1020px\" \/><\/p>\n<p><img loading=\"lazy\" decoding=\"async\" class=\"alignnone size-large wp-image-134901\" src=\"https:\/\/www.gjtaiwan.com\/new\/wp-content\/uploads\/2025\/10\/0011032645_b_07-1131x800.jpg\" alt=\"\" width=\"1020\" height=\"721\" srcset=\"https:\/\/www.gjtaiwan.com\/new\/wp-content\/uploads\/2025\/10\/0011032645_b_07.jpg 1131w, https:\/\/www.gjtaiwan.com\/new\/wp-content\/uploads\/2025\/10\/0011032645_b_07-566x400.jpg 566w, https:\/\/www.gjtaiwan.com\/new\/wp-content\/uploads\/2025\/10\/0011032645_b_07-768x543.jpg 768w, https:\/\/www.gjtaiwan.com\/new\/wp-content\/uploads\/2025\/10\/0011032645_b_07-600x424.jpg 600w\" sizes=\"auto, (max-width: 1020px) 100vw, 1020px\" \/><\/p>\n<h2><strong>\u5167\u5bb9\u7c21\u4ecb<\/strong><\/h2>\n<p>\u53f0\u6587\u4e94\u611f\u958b\u767c\u7e6a\u672c<br \/>\n\u8ddf\u7368\u89d2\u4ed9\u3001\u868a\u5b50\u3001\u6bdb\u6bdb\u87f2\u4e00\u8d77\u805e\u4e00\u805e\uff0c\u5927\u8072\u8aaa\u300c\u8db3\u82b3\u7684\uff01\u300d<\/p>\n<p>\u53f0\u8a9eYouTube\u983b\u9053\u300c\u963f\u5abd\u8b1b\u53e4\u4e88\u4f60\u807d\u300d\u3001\u8c93\u982d\u9df9\u89aa\u5b50\u6559\u80b2\u5354\u6703\u5275\u8fa6\u4eba\u674e\u82d1\u82b3\u9996\u90e8\u53f0\u6587\u7e6a\u672c<br \/>\nX<br \/>\n\u9ea5\u514b\u7c73\u502b\u5716\u756b\u66f8\u734e\u9996\u734e\uff08The Macmillan Prize\uff09\u5f97\u4e3b\u5ed6\u66f8\u837b\u806f\u624b\u5408\u4f5c<\/p>\n<p>\u9644\u4f5c\u8005\u7dda\u4e0a\u89aa\u81ea\u6717\u8b80\u97f3\u6a94<\/p>\n<p>\u258b\u5be9\u8a02\u258b<br \/>\n\u9673\u8c50\u60e0\uff0f\u674e\u6c5f\u5374\u53f0\u8a9e\u6587\u6559\u57fa\u91d1\u6703\u57f7\u884c\u9577<\/p>\n<p>\u258b\u912d\u91cd\u63a8\u85a6\u258b<br \/>\n\u5468\u4fca\u5ef7\uff08A-t\u00eang\uff09\uff0f\u516c\u8996\u53f0\u8a9e\u53f0\u300a\u8d96\u4f86\u8d96\u53bb 3 \u96bb\u87f2\u300b\u4e3b\u6301\u4eba\u3001\u53f0\u8a9e\u751f\u614b\u7ae5\u8b20\u5f71\u97f3\u7e6a\u672c\u300a\u53f0\u7063\u52d5\u7269\u4f86\u5531\u6b4c T\u00e2i-o\u00e2n T\u014dng-bu\u030dt L\u00e2i Chhi\u00f2-koa\u300b\u4f5c\u8005\u3001\u300a\u51fa\u5916\u8b1b\u53f0\u8a9e\u300b\u5275\u8fa6\u4eba<br \/>\n\u5f35\u6dd1\u74ca\uff0f\u7ae5\u66f8\u95b1\u8b80\u63a8\u5ee3\u4eba<br \/>\n\u8463\u529b\u7384\uff0f\u53f0\u7063\u53f0\u8a9e\u8def\u5354\u6703\u7406\u4e8b\u9577<br \/>\n\u76e7\u65b9\u65b9\uff0f\u5f8c\u9752\u6625\u7e6a\u672c\u9928\u4e3b\u7de8<\/p>\n<p>\u258b\u5167\u5bb9\u7c21\u4ecb\u258b<br \/>\n\u4f60\u770b\uff01\u906e\u6709\u898f\u7247\u8349\u57d4\u3002\u5976\u725b\u5171\u982d\u5411\u843d\u4f86\u9f3b\u4e00\u4e0b\uff0c\u8b1b\uff1a\u300c\u8db3\u82b3\u7684\uff01\u300d<br \/>\n\u906e\u6709\u4e00\u6b09\u6a39\u4ed4\u3002\u9e7f\u89d2\u9f9c\u5171\u982d\u5411\u843d\u4f86\uff0c\u8b1b\uff1a\u300c\u8db3\u82b3\u7684\uff01\u300d<\/p>\n<p>\u4f60\u770b\uff01\u9019\u88e1\u6709\u4e00\u5927\u7247\u8349\u5730\u3002\u4e73\u725b\u4f4e\u4e0b\u982d\u4f86\u805e\u4e00\u805e\uff0c\u8aaa\uff1a\u300c\u597d\u9999\u5594\uff01\u300d<br \/>\n\u9019\u88e1\u6709\u4e00\u68f5\u6a39\u3002\u7368\u89d2\u4ed9\u4f4e\u4e0b\u982d\uff0c\u8aaa\uff1a\u300c\u597d\u9999\u5594\uff01\u300d<\/p>\n<p>\u9084\u6709\u4ec0\u9ebc\u4e5f\u597d\u9999\u5462\uff1f<\/p>\n<p>\u300a\u8db3\u82b3\u7684\uff01\u300b\u7528\u53f0\u6587\u958b\u555f\u5b69\u5b50\u4e94\u611f\uff0c\u966a\u4f34\u5b69\u5b50\u7df4\u7fd2\u63db\u500b\u89d2\u5ea6\u770b\u4e16\u754c\u3002<\/p>\n<p>\u258b\u672c\u66f8\u7279\u8272\u258b<br \/>\n\u2605\u4e94\u611f\u958b\u767c\u7e6a\u672c<br \/>\n\u4ee5\u4e0d\u540c\u52d5\u7269\u89ba\u5f97\u9999\u7684\u6771\u897f\uff0c\u958b\u555f\u5b69\u5b50\u7684\u611f\u5b98\u9ad4\u9a57\u3002<\/p>\n<p>\u2605\u7ffb\u9801\u904e\u7a0b\u4e2d\u731c\u4e00\u731c\u7684\u9a5a\u559c<br \/>\n\u8a2d\u8a08\u7ffb\u9801\u5f8c\u51fa\u73fe\u7b54\u6848\uff0c\u7ffb\u9801\u524d\u89aa\u5b50\u53ef\u4ee5\u4e00\u8d77\u731c\u4e00\u731c\uff0c\u589e\u52a0\u89aa\u5b50\u4e92\u52d5\uff0c\u4e26\u6fc0\u767c\u5b69\u5b50\u7684\u597d\u5947\u5fc3\u3002<\/p>\n<p>\u2605\u53f0\u8a9e\u8fad\u5f59\u5b78\u7fd2<br \/>\n\u6587\u4e2d\u5305\u542b\u52d5\u690d\u7269\u53f0\u6587\u8a9e\u8a5e\uff0c\u5e6b\u52a9\u5b69\u5b50\u81ea\u7136\u800c\u7136\u589e\u52a0\u8fad\u5f59\u91cf\u3002<\/p>\n<p>\u2605\u6709\u97fb\u5f8b\u7684\u6587\u5b57<br \/>\n\u4ee5\u6717\u6717\u4e0a\u53e3\u7684\u5f8b\u6587\u8a2d\u8a08\uff0c\u63d0\u5347\u8a18\u61b6\u6548\u679c\uff0c\u5b78\u7fd2\u53f0\u8a9e\u66f4\u52a0\u8f15\u9b06\u6709\u8da3\u3002<\/p>\n<p>\u2605\u8272\u5f69\u9bae\u660e\u7684\u63d2\u756b<br \/>\n\u7e6a\u8005\u904b\u7528\u98fd\u548c\u4eae\u9e97\u7684\u8272\u5f69\uff0c\u5438\u5f15\u5b69\u5b50\u76ee\u5149\uff0c\u589e\u6dfb\u95b1\u8b80\u6a02\u8da3\u3002<\/p>\n<p>\u2605\u57f9\u990a\u540c\u7406\u5fc3\u7684\u8d77\u9ede<br \/>\n\u900f\u904e\u4e0d\u540c\u52d5\u7269\u5c0d\u9999\u5473\u7684\u7368\u7279\u611f\u53d7\uff0c\u5f15\u5c0e\u5b69\u5b50\u5b78\u6703\u7ad9\u5728\u5225\u4eba\u7684\u89d2\u5ea6\u601d\u8003\u3002<\/p>\n<p>\u2605\u6eab\u99a8\u89aa\u60c5\u7684\u7e6a\u672c<br \/>\n\u5f9e\u9999\u5473\u5e36\u51fa\u5b69\u5b50\u5c0d\u65bc\u5abd\u5abd\u7684\u60f3\u5ff5\uff0c\u662f\u4e00\u672c\u6eab\u99a8\u7684\u89aa\u60c5\u8b80\u672c\u3002<\/p>\n<p>\u2605 \u9644\u7dda\u4e0a\u6717\u8b80\u97f3\u6a94<br \/>\n\u7531\u4f5c\u8005\u89aa\u81ea\u6717\u8b80\uff0c\u5e36\u8457\u5b69\u5b50\u4e00\u8d77\u807d\u6545\u4e8b\u5b78\u53f0\u8a9e\u3002<\/p>\n<p>\u9069\u8b80\u5e74\u9f61\uff1a2\u6b72\u4ee5\u4e0a<br \/>\n\u9818\u57df\uff1a\u7d9c\u5408\u6d3b\u52d5\u3001\u672c\u571f\u8a9e\u8a00<br \/>\n\u95dc\u9375\u5b57\uff1a\u7e6a\u672c\u3001\u751f\u6d3b\u6559\u80b2\u3001\u53f0\u6587<\/p>\n<p>\u258b\u4f5c\u7e6a\u8005\u7684\u8a71\u258b<br \/>\n\u25c6\u5f88\u4e45\u4ee5\u524d\uff0c\u6211\u548c\u5b69\u5b50\u5011\u56de\u53bb\u770b\u5abd\u5abd\uff0c\u4e00\u9032\u96fb\u68af\uff0c\u5b69\u5b50\u5011\u4e0d\u7d04\u800c\u540c\u7684\u8aaa\uff1a\u300c\u963f\u5b24\u525b\u525b\u642d\u96fb\u68af\u5537\uff01\u300d\u539f\u4f86\uff0c\u6211\u7684\u6bcd\u89aa\uff0c\u5df2\u5728\u6211\u548c\u5b69\u5b50\u7684\u55c5\u89ba\u4e2d\uff0c\u6a19\u8a18\u4e86\u5c08\u5c6c\u65bc\u5979\u7684\u6c23\u5473\uff0c\u90a3\u662f\u611b\uff0c\u4e5f\u662f\u555f\u52d5\u6211\u5011\u8207\u6bcd\u89aa\u7684\u9023\u7d50\u3002<\/p>\n<p>\u90a3\u5929\u665a\u4e0a\uff0c\u6211\u8457\u624b\u5beb\u4e0b\u9019\u500b\u6545\u4e8b\u7684\u8349\u7a3f\uff0c\u6211\u8a66\u5716\u5f9e\u5404\u7a2e\u4e0d\u540c\u7684\u52d5\u7269\uff0c\u5c0d\u300c\u9999\u300d\u7684\u6c23\u5473\u7684\u60f3\u671b\u4e2d\uff0c\u5e36\u51fa\u6bcd\u89aa\u662f\u5b69\u5b50\u5473\u857e\u7684\u5b9a\u9328\uff0c\u66f4\u662f\u6211\u9019\u8f29\u5b50\u6700\u601d\u5ff5\u7684\u6c23\u5473\u3002<\/p>\n<p>\u8b39\u4ee5\u6b64\u66f8\uff0c\u737b\u7d66\u6211\u6700\u611b\u7684\u6bcd\u89aa\u3002<br \/>\n\u2014\u2014\u674e\u82d1\u82b3\uff0f\u4f5c\u8005<\/p>\n<p>\u25c6\u7e6a\u88fd\u9019\u672c\u66f8\u4e4b\u524d\uff0c\u807d\u82d1\u82b3\u8001\u5e2b\u5206\u4eab\u9748\u611f\uff0c\u662f\u67d0\u6b21\u5076\u7136\u805e\u5230\u8a18\u61b6\u4e2d\u5abd\u5abd\u8eab\u4e0a\u7684\u9999\u6c34\u5473\uff0c\u90a3\u7a2e\u611f\u89f8\u3001\u90a3\u4efd\u61f7\u5ff5\u3002\u9019\u6a23\u7684\u63cf\u8ff0\u4e5f\u559a\u8d77\u4e86\u6211\u7684\u56de\u61b6\uff0c\u4e0d\u53ea\u662f\u5abd\u5abd\u7684\u9999\u6c23\uff0c\u9084\u6709\u5979\u716e\u7684\u5404\u7a2e\u62ff\u624b\u83dc\u3002\u90a3\u4e00\u523b\uff0c\u6211\u4e5f\u4e0d\u81ea\u89ba\u9589\u4e0a\u773c\uff0c\u5fc3\u88e1\u6d6e\u51fa\u4e00\u53e5\uff1a\u300c\u597d\u9999\u554a\uff01\u300d<\/p>\n<p>\u6240\u4ee5\u756b\u756b\u7684\u6642\u5019\uff0c\u6211\u60f3\u50cf\u6bcf\u500b\u89d2\u8272\u805e\u5230\u9999\u5473\u6642\u7684\u8868\u60c5\uff1a\u6eff\u8db3\u3001\u67d4\u8edf\u3001\u9583\u9583\u767c\u5149\u3002\u9999\u5473\u96d6\u7136\u770b\u4e0d\u898b\uff0c\u4f46\u5b83\u80fd\u85cf\u5728\u8a18\u61b6\u88e1\uff0c\u4e5f\u80fd\u8eb2\u9032\u8a9e\u8a00\u88e1\u3002\u5e0c\u671b\u8b80\u9019\u672c\u66f8\u6642\uff0c\u5927\u5bb6\u80fd\u4e00\u8d77\u805e\u3001\u4e00\u8d77\u8aaa\u3001\u4e00\u8d77\u7b11\uff0c\u8b93\u53f0\u8a9e\u7684\u8072\u97f3\u548c\u9999\u5473\uff0c\u4e00\u8d77\u4f4f\u9032\u5fc3\u88e1\u3002<br \/>\n\u2014\u2014\u5ed6\u66f8\u837b\uff0f\u7e6a\u8005<\/p>\n<h2><strong>\u4f5c\u8005\u7c21\u4ecb<\/strong><\/h2>\n<p>\u674e\u82d1\u82b3<br \/>\n\u5f9e\u5c0f\uff0c\u5929\u5929\u807d\u5abd\u5abd\u8aaa\u6545\u4e8b\u9577\u5927\uff0c\u6210\u4eba\u5f8c\uff0c\u611b\u5ff5\u6545\u4e8b\u7d66\u81ea\u5df1\u7684\u5b69\u5b50\u3001\u5225\u4eba\u7684\u5b69\u5b50\u3001\u5f31\u52e2\u7684\u5b69\u5b50\u3001\u5c11\u5e74\u77ef\u6b63\u6a5f\u69cb\u7684\u5b69\u5b50\u807d\uff1b\u66f4\u611b\u70ba\u6240\u6709\u7684\u5b69\u5b50\u5beb\u6545\u4e8b\uff01<\/p>\n<p>\u4e8c\u3007\u3007\u3007\u5e74\u5275\u8fa6\u8c93\u982d\u9df9\u89aa\u5b50\u6559\u80b2\u5354\u6703\uff0c\u9f13\u5439\u6240\u6709\u7684\u5927\u4eba\u5ff5\u6545\u4e8b\u7d66\u8eab\u908a\u7684\u5b69\u5b50\u807d\uff0c\u5e0c\u671b\u6bcf\u500b\u5b69\u5b50\u90fd\u80fd\u5728\u6545\u4e8b\u4e2d\uff0c\u5e73\u5b89\u9577\u5927\u3002<\/p>\n<p>\u7e6a\u8005\u7c21\u4ecb<\/p>\n<p>\u5ed6\u66f8\u837b<br \/>\n\u662f\u4e00\u4f4d\u611b\u7b11\u7684\u63d2\u756b\u5bb6\uff0c\u4e5f\u662f\u4e00\u540d\u8a2d\u8a08\u5e2b\u3002\u7562\u696d\u65bc\u82f1\u570b\u528d\u6a4b\u85dd\u8853\u5b78\u9662\u7ae5\u66f8\u63d2\u756b\u78a9\u58eb\u3002\u559c\u6b61\u7528\u756b\u7b46\u8a18\u4e0b\u751f\u6d3b\u88e1\u7684\u5c0f\u5c0f\u89c0\u5bdf\uff0c\u628a\u65e5\u5e38\u8b8a\u6210\u6545\u4e8b\uff0c\u518d\u8b8a\u6210\u4e00\u9801\u9801\u7684\u5716\u756b\u66f8\u3002\u73fe\u5728\u4f4f\u5728\u53f0\u7063\uff0c\u5e73\u5e38\u756b\u5716\u3001\u5beb\u66f8\uff0c\u4e5f\u7d93\u71df\u300c\u963f\u73bb\u5c0f\u59d0\u300d\u7684\u7c89\u7d72\u5c08\u9801\u548cIG\u300c@shutiliao\u300d\u3002<\/p>\n<p>\u51fa\u7248\u904e\u300a\u63a2\u9ed1\u300b\u3001\u300a\u4ea4\u63db\u4e00\u5929\u300b\u3001\u300a\u963f\u557e\u5728\u54ea\u88e1\u300b\u7b49\u7e6a\u672c\uff0c\u5e0c\u671b\u9019\u4e9b\u6545\u4e8b\u80fd\u5e36\u7d66\u5927\u5bb6\u4e00\u9ede\u9ede\u6eab\u6696\u3001\u4e00\u9ede\u9ede\u5fae\u7b11\u3002<\/p>\n<p>ISBN\uff1a9786267525760<br \/>\n\u51fa\u7248\u793e\uff1a\u5c0f\u9ea5\u7530<br \/>\n\u898f\u683c\uff1a\u7cbe\u88dd \/ 36\u9801 \/ 29.7 x 21 x 0.95 cm \/ \u666e\u901a\u7d1a \/ \u5168\u5f69\u5370\u5237<br \/>\n\u51fa\u7248\u5730\uff1a\u53f0\u7063<\/p>\n","protected":false},"excerpt":{"rendered":"<p>\u8db3\u82b3\u7684\uff08\u9644\u7dda\u4e0a\u53f0\u8a9e\u6717\u8b80\u97f3\u6a94\uff09 \u5167\u5bb9\u7c21\u4ecb \u53f0\u6587\u4e94\u611f\u958b\u767c\u7e6a\u672c \u8ddf\u7368\u89d2\u4ed9\u3001\u868a\u5b50\u3001\u6bdb\u6bdb\u87f2\u4e00\u8d77\u805e\u4e00\u805e\uff0c\u5927\u8072\u8aaa\u300c\u8db3\u82b3\u7684\uff01\u300d&#8230;<\/p>\n","protected":false},"featured_media":134895,"comment_status":"closed","ping_status":"closed","template":"","meta":[],"product_brand":[],"product_cat":[2849,2663,3183],"product_tag":[],"class_list":{"0":"post-134894","1":"product","2":"type-product","3":"status-publish","4":"has-post-thumbnail","6":"product_cat-kids","7":"product_cat-2663","8":"product_cat-3183","10":"first","11":"instock","12":"sale","13":"taxable","14":"shipping-taxable","15":"purchasable","16":"product-type-simple"},"bundled_by":[],"bundle_stock_status":"instock","bundle_stock_quantity":null,"bundle_virtual":false,"bundle_layout":"","bundle_add_to_cart_form_location":"","bundle_editable_in_cart":false,"bundle_sold_individually_context":"","bundle_item_grouping":"","bundle_min_size":"","bundle_max_size":"","bundle_price":[],"bundled_items":[],"bundle_sell_ids":{"0":65786,"2":138697},"_links":{"self":[{"href":"https:\/\/www.gjtaiwan.com\/new\/wp-json\/wp\/v2\/product\/134894","targetHints":{"allow":["GET"]}}],"collection":[{"href":"https:\/\/www.gjtaiwan.com\/new\/wp-json\/wp\/v2\/product"}],"about":[{"href":"https:\/\/www.gjtaiwan.com\/new\/wp-json\/wp\/v2\/types\/product"}],"replies":[{"embeddable":true,"href":"https:\/\/www.gjtaiwan.com\/new\/wp-json\/wp\/v2\/comments?post=134894"}],"wp:featuredmedia":[{"embeddable":true,"href":"https:\/\/www.gjtaiwan.com\/new\/wp-json\/wp\/v2\/media\/134895"}],"wp:attachment":[{"href":"https:\/\/www.gjtaiwan.com\/new\/wp-json\/wp\/v2\/media?parent=134894"}],"wp:term":[{"taxonomy":"product_brand","embeddable":true,"href":"https:\/\/www.gjtaiwan.com\/new\/wp-json\/wp\/v2\/product_brand?post=134894"},{"taxonomy":"product_cat","embeddable":true,"href":"https:\/\/www.gjtaiwan.com\/new\/wp-json\/wp\/v2\/product_cat?post=134894"},{"taxonomy":"product_tag","embeddable":true,"href":"https:\/\/www.gjtaiwan.com\/new\/wp-json\/wp\/v2\/product_tag?post=134894"}],"curies":[{"name":"wp","href":"https:\/\/api.w.org\/{rel}","templated":true}]}}