{"id":138073,"date":"2026-02-24T15:22:57","date_gmt":"2026-02-24T07:22:57","guid":{"rendered":"https:\/\/www.gjtaiwan.com\/new\/?post_type=product&#038;p=138073"},"modified":"2026-03-06T17:32:33","modified_gmt":"2026-03-06T09:32:33","slug":"%e4%ba%ba%e9%96%93%e5%a4%b1%e6%a0%bc-%e5%a4%aa%e5%ae%b0%e6%b2%bb%e7%b6%93%e5%85%b8%e4%bb%a3%e8%a1%a8%e4%bd%9c%ef%bc%8e%e9%a6%96%e5%ba%a6%e5%8f%b0%e8%aa%9e%e7%bf%bb%e8%ad%af%e7%89%8834%e5%87%ba","status":"publish","type":"product","link":"https:\/\/www.gjtaiwan.com\/new\/product\/%e4%ba%ba%e9%96%93%e5%a4%b1%e6%a0%bc-%e5%a4%aa%e5%ae%b0%e6%b2%bb%e7%b6%93%e5%85%b8%e4%bb%a3%e8%a1%a8%e4%bd%9c%ef%bc%8e%e9%a6%96%e5%ba%a6%e5%8f%b0%e8%aa%9e%e7%bf%bb%e8%ad%af%e7%89%8834%e5%87%ba","title":{"rendered":"\u4eba\u9593\u5931\u683c\uff1a\u592a\u5bb0\u6cbb\u7d93\u5178\u4ee3\u8868\u4f5c\uff0e\u9996\u5ea6\u53f0\u8a9e\u7ffb\u8b6f\u7248"},"content":{"rendered":"<h1><strong>\u4eba\u9593\u5931\u683c\uff1a\u592a\u5bb0\u6cbb\u7d93\u5178\u4ee3\u8868\u4f5c\uff0e\u9996\u5ea6\u53f0\u8a9e\u7ffb\u8b6f\u7248<\/strong><\/h1>\n<p><img loading=\"lazy\" decoding=\"async\" class=\"alignnone wp-image-138074 size-large\" src=\"https:\/\/www.gjtaiwan.com\/new\/wp-content\/uploads\/2026\/02\/0011045930-572x800.jpg\" alt=\"\" width=\"572\" height=\"800\" srcset=\"https:\/\/www.gjtaiwan.com\/new\/wp-content\/uploads\/2026\/02\/0011045930-572x800.jpg 572w, https:\/\/www.gjtaiwan.com\/new\/wp-content\/uploads\/2026\/02\/0011045930-286x400.jpg 286w, https:\/\/www.gjtaiwan.com\/new\/wp-content\/uploads\/2026\/02\/0011045930-768x1074.jpg 768w, https:\/\/www.gjtaiwan.com\/new\/wp-content\/uploads\/2026\/02\/0011045930-510x713.jpg 510w, https:\/\/www.gjtaiwan.com\/new\/wp-content\/uploads\/2026\/02\/0011045930.jpg 1000w\" sizes=\"auto, (max-width: 572px) 100vw, 572px\" \/><\/p>\n<h2><strong>\u5167\u5bb9\u7c21\u4ecb<\/strong><\/h2>\n<p>\uff0a\u53f0\u8a9e\u7ffb\u8b6f\u982d\u4e00\u672c<br \/>\n\uff0a\u65e5\u672c\u6587\u8c6a\u592a\u5bb0\u6cbb\u6d41\u50b3\u5f8c\u4e16\u7684\u7d93\u5178\u540d\u4f5c<br \/>\n\uff0a\u4e8c\u6230\u5f8c\u4e9e\u6d32\u300c\u5b58\u5728\u4e3b\u7fa9\u300d\u4ee3\u8868\u6027\u5c0f\u8aaa<\/p>\n<p>\u3010\u8853\u4ed4\u56dd\uff0c\u9023\u5e78\u798f\u561b\u9a5a\uff0c\u6478\u8457\u7dbf\u4ed4\u6703\u5272\u624b\uff0c\u508d\u8457\u798f\u6c23\u4f86\u8457\u50b7\u3002\u3011<br \/>\n\u300a\u4eba\u9593\u5931\u683c\u300b\u4f47\u65e5\u6587\u7684\u610f\u601d\u662f\u300c\u5931\u53bb\u505a\u4eba\u7684\u8cc7\u683c\u300d\uff0c\u662f\u592a\u5bb0\u6cbb\u5728\u4e16\u6642\u4e0a\u5c3e\u4e00\u90e8\u4f5c\u54c1\uff0c\u561b\u662f\u65e5\u672c\u6587\u5b78\u6c38\u4e16\u7684\u7d93\u5178\u3002\u898f\u672c\u518a\u5206\u505a\u8e0f\u8a71\u982d\u3001\u4e09\u7bc7\u624b\u8a18\u3001\u5f8c\u8a18\uff0c\u63cf\u5beb\u4e3b\u89d2\u5927\u5ead\u8449\u85cf\u81ea\u7d30\u6f22\u3001\u5c11\u5e74\u6642\u5230\u4e8c\u5341\u5916\u6b72\u7684\u4eba\u751f\u3002\u70ba\u8457\u6b32\u9003\u907f\u73fe\u5be6\uff0c\u653e\u4eba\u751f\u5ee2\u589c\u53bb\uff0c\u6b79\u56dd\u6d6a\u8569\uff0c\u766e\u9152\uff0c\u81ea\u6bba\uff0c\u98df\u85e5\u4ed4\u81ea\u6211\u9ebb\u9189\u3002\u4e00\u6b65\u4e00\u6b65\u8e0f\u5165\u4e0d\u6b78\u8def\uff0c\u8dcb\u843d\u53bb\u7a00\u5fae\u7684\u842c\u5e95\u6df1\u5751\u3002<br \/>\n\u592a\u5bb0\u6cbb\u900f\u904e\u4e3b\u89d2\u7684\u7d93\u6b77\uff0c\u5c0d\u5bb6\u5df1\u6b63\u527e\u5012\u524a\u7684\u6c23\u53e3\uff0c\u6d88\u6568\u4e45\u5e74\u4f86\u7869\u4f47\u5fc3\u809d\u982d\u7684\u9b31\u5352\uff0c\u5411\u671b\u4e88\u4eba\u75bc\u60dc\u3001\u4e88\u4eba\u63a5\u53d7\u3002\u6709\u4eba\u8b1b\u9019\u662f\u4f5c\u8005\u7684\u534a\u81ea\u50b3\u4f5c\u54c1\uff0c\u82e5\u89aa\u50cf\u6b32\u5171\u865b\u5047\u7684\u4eba\u4e16\u9edc\u7834\uff0c\u5531\u8072\u8b1b\uff1a\u300c\u505a\u4eba\uff0c\u6309\u600e\u624d\u6709\u5920\u683c\uff1f\u300d\u5c0f\u8aaa\u5167\u7684\u9010\u5b57\u9010\u53e5\uff0c\u650f\u662f\u4f0a\u7dbf\u721b\u7c92\u7a4d\u7684\u6efe\u7d5e\u6359\u62da\u3002<br \/>\n\u4e3b\u89d2\u6065\u7b11\u5bb6\u5df1\u7684\u4eba\u751f\u662f\u898b\u7b11\u4ee3\uff0c\u715e\u4e88\u5343\u5343\u842c\u842c\u7684\u8b80\u8005\u766e\u4ed9\u54e5\uff0c\u70ba\u6545\u4e8b\u7684\u98c4\u6487\u6c23\u5473\u4f86\u75f4\u8ff7\u3002\u5171\u4eba\u985e\u7684\u672c\u8cea\u770b\u900f\u900f\uff0c\u9ede\u7834\u4eba\u6027\u4e4b\u5783\u573e\u7a62\u6d97\u3002<br \/>\n\u4eba\u751f\u7684\u8def\uff0c\u82e5\u5931\u53bb\u505a\u4eba\u7684\u683c\uff1b\u8b80\u300a\u4eba\u9593\u5931\u683c\u300b\uff0c\u7528\u53f0\u6587\u4f86\u8d16\u7f6a\u3002<br \/>\n\u25cf<br \/>\n\u3010\u53f0\u6587\u5be9\u5b9a\uff1d\u6797\u6771\u69aeL\u00eem Tong-\u00eeng\u3011<br \/>\n\u65e5\u6587\u7d93\u5178\u6587\u5b78\u7684\u53f0\u6587\u8b6f\u8005\uff0c\u7279\u5225\u5c08\u5fc3\u4f47\u82a5\u5ddd\u9f8d\u4e4b\u4ecb\u7684\u77ed\u7bc7\u5c0f\u8aaa\u4f6e\u5c0f\u6cc9\u516b\u96f2\u7684\u602a\u8ac7\u6587\u5b78\u3002\u8b6f\u4f5c\u6709\u300a\u7f85\u751f\u9580\uff1a\u82a5\u5ddd\u9f8d\u4e4b\u4ecb\u77ed\u7bc7\u5c0f\u8aaa\u9078\uff29\u300b\uff08\u6728\u99ac\u6587\u5316\uff09\u3001\u81fa\u7063\u524d\u8f29\u4f5c\u5bb6\u694a\u9035\u5148\u751f\u65e5\u6587\u7248\u4f5c\u54c1\u3008\u9d5d\u59ca\u4ed4\u51fa\u5ac1\u3009\u3001\u3008\u6c34\u725b\u3009\u7b49\uff08\u6536\u9304\u4f47\u524d\u885b\u51fa\u7248\u7684\u300a\u694a\u9035\u7d93\u5178\u53f0\u6587\u6709\u8072\u8b80\u672c\uff1a\u6625\u5149\u9598\u8882\u96e2\u300b\uff09\u3002<br \/>\n\u53f0\u6587\u6563\u6587\u5275\u4f5c\u767c\u8868\u4f47\u300a\u81ea\u7531\u526f\u520a\u300b\u3001\u300a\u81fa\u6c5f\u81fa\u8a9e\u6587\u5b78\u300b\u3001\u300a\u53f0\u6587\u6230\u7dda\u300b\u3001\u300a\u6d77\u7fc1\u53f0\u8a9e\u6587\u5b78\u300b\u7b49\u3002\u7372\u4e8c\u3007\u4e8c\u4e94\u5e74\u300c\u96f2\u6797\u7e23\u6587\u5b78\u734e\u300d\u6563\u6587\u985e\u512a\u9078\u3002<br \/>\n\u25cf<br \/>\n\u3010\u53f0\u6587\u6821\u5c0d\uff1d\u8463\u80b2\u5112T\u00e1ng Io\u030dk-j\u00fb\u3011<br \/>\n\u4e00\u4e5d\u516d\u56db\u5e74\u751f\uff0c\u5609\u7fa9\u7e23\u4e2d\u57d4\u9109\u4eba\uff0c\u8f14\u4ec1\u5927\u5b78\u8a9e\u8a00\u5b78\u7814\u7a76\u6240\u78a9\u58eb\u3002\u4e00\u4e5d\u516b\u56db\u5e74\u958b\u59cb\u53f0\u8a9e\u7814\u7a76\uff0c\u53c3\u52a0\u5e7e\u82e5\u64fa\u7684\u570b\u969b\u6027\u95a9\u5357\u8a9e\u7814\u8a0e\u6703\u4e26\u6709\u8ad6\u6587\u767c\u8868\uff0c\u6709\u5341\u5916\u7bc7\u53f0\u8a9e\u6587\u634c\u767c\u8868\u4f47\u6578\u7a2e\u53f0\u8a9e\u6587\u96dc\u8a8c\u9802\u9762\uff1b\u4e00\u4e5d\u4e5d\u4e5d\u5e74\u69ae\u7372\u81fa\u7063\u7701\u516b\u516b\u5e74\u9109\u571f\u8a9e\u6587\u7af6\u8cfd\u95a9\u5357\u8a9e\u6559\u5e2b\u7d44\u97f3\u5b57\u9805\u7b2c\u4e00\u540d\uff1b\u4e8c\u3007\u3007\u3007\u5e74\u66fe\u64d4\u4efb\u5168\u7701\u6027\u95a9\u5357\u8a9e\u7af6\u8cfd\u7684\u8a55\u5224\u4f6e\u5404\u5730\u6bcd\u8a9e\u6559\u5e2b\u7814\u7fd2\u71df\u8b1b\u5e2b\u3002<\/p>\n<h2><strong>\u4f5c\u8005\u7c21\u4ecb<\/strong><\/h2>\n<p>\u592a\u5bb0\u6cbb\uff08Th\u00e0i-ts\u00e1i T\u012b\uff0fDazai Osamu, 1909-1948\uff09<br \/>\n\u672c\u540d\u6d25\u5cf6\u4fee\u6cbb\uff08Tsin-t\u00f3 Siu-t\u012b\uff0fTsushima Sh\u016bji\uff09\uff0c\u4e00\u4e5d\u3007\u4e5d\u5e74\u516d\u6708\u5341\u4e5d\u51fa\u4e16\uff0c\u65e5\u672c\u9752\u68ee\u7e23\u5317\u6d25\u8f15\u90e1\u91d1\u6728\u753a\u7684\u4ed5\u7d33\u5bb6\u5ead\u51fa\u8eab\u3002\u8001\u7238\u634c\u505a\u904e\u773e\u8b70\u9662\u8b70\u54e1\u3001\u8cb4\u65cf\u9662\u8b70\u54e1\uff0c\u7d93\u71df\u9280\u884c\u3001\u9435\u9053\u7b49\u7b49\u4e8b\u696d\u3002\u4e2d\u5b78\u6642\u4ee3\u53d7\u8457\u82a5\u5ddd\u9f8d\u4e4b\u4ecb\uff08K\u00e0i-tshuan Li\u00f4ng-tsi-k\u00e0i\uff0fAkutagawa Ry\u016bnosuke\uff09\u7b49\u4eba\u7684\u4f5c\u54c1\u5f71\u97ff\uff0c\u6c7a\u5fd7\u505a\u4f5c\u5bb6\u3002<br \/>\n\u4e00\u4e5d\u4e09\u3007\u5e74\u5165\u53bb\u6771\u4eac\u5e1d\u570b\u5927\u5b78\u8b80\u6cd5\u6587\u79d1\uff0c\u62dc\u4e95\u4f0f\u9c52\u4e8c\uff08Ts\u00edng-ho\u030dk Ts\u00fan-j\u012b\uff0fIbuse Masuji\uff09\u70ba\u5e2b\uff1b\u5f8c\u4f86\u56e0\u70ba\u53c3\u8207\u5de6\u7ffc\u904b\u52d5\uff0c\u7121\u5fc3\u901a\u9867\u5b78\u696d\uff0c\u4e88\u5b78\u6821\u958b\u9664\u5b78\u7c4d\u3002\u4e00\u4e5d\u4e09\u4e09\u5e74\u958b\u59cb\u7528\u300c\u592a\u5bb0\u6cbb\u300d\u9019\u4e2a\u7b46\u540d\u5beb\u4f5c\uff0c\u4e00\u4e5d\u4e09\u4e94\u5e74\u77ed\u7bc7\u5c0f\u8aaa\u300a\u9006\u884c\u300b\u5165\u9078\u7b2c\u4e00\u5c46\u82a5\u5ddd\u8cde\u6c7a\u9078\uff0c\u4e00\u4e5d\u4e09\u4e5d\u5e74\u77ed\u7bc7\u5c0f\u8aaa\u300a\u5973\u751f\u5f92\u300b\u5f97\u8457\u7b2c\u56db\u5c46\u5317\u6751\u900f\u8c37\u8cde\u3002\u77ed\u77ed\u5beb\u4f5c\u751f\u6daf\u4e2d\uff0c\u7e3d\u5171\u5275\u4f5c\u4e09\u5341\u5916\u90e8\u4f5c\u54c1\uff0c\u5305\u62ec\u300a\u4eba\u9593\u5931\u683c\u300b\u3001\u300a\u659c\u967d\u300b\u3001\u300a\u665a\u5e74\u300b\u3001\u300a\u5bcc\u5dbd\u767e\u666f\u300b\u3001\u300a\u5973\u751f\u5f92\u300b\u3001\u300a\u6d25\u8f15\u300b\u7b49\u7b49\uff0c\u650f\u662f\u65e5\u672c\u901a\u4eba\u77e5\u7684\u7d93\u5178\u3002\u4e00\u4e5d\u56db\u516b\u5e74\uff0c\u4f0a\u4f6e\u611b\u4eba\u4ed4\u5c71\u5d0e\u5bcc\u69ae\uff08San-k\u00ee H\u00f9-\u00eeng\uff0fYamazaki Tomie\uff09\u53bb\u6771\u4eac\u4e09\u9df9\u7389\u5ddd\u4e0a\u6c34\uff0c\u6295\u6c34\u81ea\u76e1\uff0c\u9b31\u5352\u3001\u77db\u76fe\u95a3\u50b3\u5947\u7684\u4e00\u751f\u5c31\u6b64\u715e\u9f13\u3002<br \/>\n\u592a\u5bb0\u6cbb\u7684\u4eba\u751f\u5c31\u662f\u4e00\u9f63\u60b2\u5287\uff0c\u5c0d\u4e8c\u5341\u6b72\u958b\u59cb\u634c\u81ea\u6bba\u4e94\u64fa\uff0c\u4e0d\u6642\u5c31\u98df\u9152\u9189\uff0c\u4f6e\u6fdf\u6fdf\u67e5\u67d0\u4eba\u5077\u4f86\u6697\u53bb\uff0c\u561b\u634c\u56e0\u70ba\u7528\u85e5\u4ed4\u4e2d\u6bd2\u3002\u898f\u4e16\u4eba\u5beb\u7684\u4ee5\u5bb6\u5df1\u7684\u4eba\u751f\u505a\u85cd\u672c\uff0c\u4f5c\u54c1\u5167\u5e95\u81ea\u50b3\u5f0f\u7684\u8a18\u6301\u76f8\u727d\u76f8\u9023\uff0c\u4f5c\u54c1\u7528\u81ea\u6127\u3001\u5426\u5b9a\u3001\u61f6\u5c4d\u62cd\u5e95\uff0c\u4e00\u5b57\u4e00\u53e5\u650f\u662f\u54f2\u5b78\u601d\u8003\uff0c\u95a3\u900f\u5e7e\u5206\u4ed4\u5fc3\u9069\u6c23\uff0c\u5f97\u8457\u6fdf\u6fdf\u6587\u5b78\u611b\u597d\u8005\u4e00\u81f4\u8d0a\u8072\u3002\u4f0a\u4f6e\u5ddd\u7aef\u5eb7\u6210\uff08Tshuan-tuan Khong-s\u00eeng\uff0fKawabata Yasunari\uff09\u3001\u4e09\u5cf6\u7531\u7d00\u592b\uff08Sam-t\u00f3 I\u00fb-k\u00ed-hu\uff0fMishima Yukio\uff09\u7b49\u4f5c\u5bb6\uff0c\u650f\u4e88\u4eba\u770b\u505a\u662f\u65e5\u672c\u6230\u5f8c\u6587\u5b78\u9020\u8a63\u767b\u9802\u4e00\u7b49\u4e00\u7684\u540d\u5bb6\u5927\u5e2b\u3002<\/p>\n<p>\u8b6f\u8005\u7c21\u4ecb<br \/>\n\u5433\u5b5f\u5112G\u00f4o B\u012bng-j\u00fb<br \/>\n\u6771\u4eac\u98df\u982d\u8def\u7684\u96f2\u6797\u56e1\u4ed4\u3002\u5728\u65e5\u81fa\u7063\u4eba\u8edf\u9ad4\u5de5\u7a0b\u5e2b\u3002<br \/>\n\u6210\u5927\u5916\u6587\u7cfb\u5b78\u58eb\u3001\u5e2b\u5927\u7ffb\u8b6f\u6240\u78a9\u58eb\uff0c\u73fe\u6b64\u6642\u4f47\u65e5\u672c\u4e00\u6a4b\u5927\u5b78\u535a\u58eb\u73ed\u505a\u53f0\u8a9e\u901a\u7ffb\u8b6f\u7814\u7a76\u3002<br \/>\n\u7d30\u6f22\u53f0\u8a9e\u9807\u9862\u8b1b\uff0c\u561b\u8882\u766e\u8b1b\u3002\u7559\u5b78\u5f7c\u6642\u62c4\u8457\u539d\u88e1\u5e72\u7126\u8b1b\u53f0\u8a9e\u7684\u53f0\u7f8e\u4eba\uff0c\u624d\u767c\u73fe\u5bb6\u5df1\u7684\u6bcd\u8a9e\u662f\u6709\u4eba\u62da\u6b7b\u6b32\u7559\u843d\u4f86\u7684\u5bf6\u3002<br \/>\n\u5b9a\u671f\u8209\u8fa6\u53f0\u8a9e\u6d3b\u52d5\u3002\u7dda\u9802\u7df4\u4edd\u6b65\u901a\u8b6f\u3001\u8a0e\u8ad6\u6587\u5b78\u7ffb\u8b6f\uff1b\u6771\u4eac\u6709\u5be6\u9ad4\u6d3b\u52d5\uff0c\u62db\u5728\u65e5\u81fa\u7063\u4eba\u3001\u6703\u66c9\u53f0\u8a9e\u7684\u65e5\u672c\u4eba\u7b49\u7b49\uff0c\u505a\u4f19\u53f0\u8a9e\u958b\u8b1b\u7f54\u7834\u8c46\u3002<br \/>\n\u5411\u671b\u773e\u8a9e\u5e73\u7b49\u3002\u6bcd\u8a9e\u4e5f\u597d\uff0c\u5916\u8a9e\u4e5f\u7f77\uff0c\u6b32\u8b1b\u6bcb\u8b1b\u4e88\u5404\u4eba\u5bb6\u5df1\u53bb\u6c7a\u5b9a\u3002\u672c\u571f\u8a9e\u8a00\u6709\u539f\u5ba2\u53f0\u8a9e\u6fdf\u6fdf\u7a2e\uff0c\u807d\u7121\u7121\u8981\u7dca\uff0c\u53ea\u8981\u9858\u610f\u807d\uff0c\u5c0a\u91cd\u5c0d\u65b9\u8b1b\u6bcd\u8a9e\u7684\u57fa\u672c\u4eba\u6b0a\uff0c\u5c31\u6709\u6a5f\u6703\u4fdd\u5b58\u81fa\u7063\u7684\u591a\u5143\u6587\u5316\u3002\u5e0c\u671b\u6709\u4e00\u5de5\uff0c\u81fa\u7063\u6703\u7576\u6210\u505a\u4e00\u4e2a\u773e\u8a9e\u8a00\u81ea\u7531\u8b1b\u3001\u81ea\u5728\u807d\u7684\u591a\u8a9e\u793e\u6703\u3002<br \/>\n\u82f1\u7ffb\u83ef\u8b6f\u4f5c\uff1a\u300a\u683c\u96f7\u7684\u756b\u50cf\u300b\u3001\u300a\u8aaaYES\u7684\u7537\u4eba\u300b\u3001\u300a\u8ddf\u8457\u5927\u8166\u53bb\u65c5\u884c\uff1a\u5206\u5fc3\u6642\uff0c\u5927\u8166\u5230\u5e95\u604d\u795e\u53bb\u54ea\u88e1\u300b\u650f\u7e3d\u4e8c\u5341\u516d\u672c\u3002<br \/>\n\u65e5\u7ffb\u53f0\u8b6f\u4f5c\uff1a\u300a\u4eba\u9593\u5931\u683c\u300b\u3002<\/p>\n<h2><strong>\u76ee\u9304<\/strong><\/h2>\n<p>\u3010\u4eba\u9593\u5931\u683c\u3011<br \/>\n\u8e0f\u8a71\u982d<br \/>\n\u7b2c\u4e00\u624b\u8a18<br \/>\n\u7b2c\u4e8c\u624b\u8a18<br \/>\n\u7b2c\u4e09\u624b\u8a18<br \/>\n\u5f8c\u8a18<\/p>\n<p>\u3010\u9644\u9304\u3011<br \/>\n\u5916\u8a9e\u4eba\u540d\u6309\u600e\u7ffbkhah\u597d\u52e2\uff1fU\u00ec\u300a\u4eba\u9593\u5931\u683c\u300b\u8b1b\u8d77<br \/>\n\u7ffb\u8b6f\u501f\u8a5e\u771f\u5229\u4fbf\uff0cm\u0304-koh\u5565mi\u030dh \u0113-t\u00e0ng\u501f\u3001\u5565mi\u030dh b\u0113-t\u00e0ng\uff1f<br \/>\n\u53f0\u8a9e\u6b20\u8a5e\u6309\u600e\u88dc\uff1f<\/p>\n<p>ISBN\uff1a9786263149076<br \/>\n\u51fa\u7248\u793e\uff1a\u6728\u99ac\u6587\u5316<br \/>\n\u898f\u683c\uff1a\u5e73\u88dd \/ 208\u9801 \/ 21 x 14.8 x 1.3 cm \/ \u666e\u901a\u7d1a \/ \u55ae\u8272\u5370\u5237 \/ \u521d\u7248<br \/>\n\u51fa\u7248\u5730\uff1a\u53f0\u7063<\/p>\n","protected":false},"excerpt":{"rendered":"<p>\u4eba\u9593\u5931\u683c\uff1a\u592a\u5bb0\u6cbb\u7d93\u5178\u4ee3\u8868\u4f5c\uff0e\u9996\u5ea6\u53f0\u8a9e\u7ffb\u8b6f\u7248 \u5167\u5bb9\u7c21\u4ecb \uff0a\u53f0\u8a9e\u7ffb\u8b6f\u982d\u4e00\u672c \uff0a\u65e5\u672c\u6587\u8c6a\u592a\u5bb0\u6cbb\u6d41\u50b3\u5f8c\u4e16\u7684\u7d93\u5178\u540d\u4f5c \uff0a&#8230;<\/p>\n","protected":false},"featured_media":138074,"comment_status":"closed","ping_status":"closed","template":"","meta":[],"product_brand":[],"product_cat":[2663,2819,3183],"product_tag":[],"class_list":{"0":"post-138073","1":"product","2":"type-product","3":"status-publish","4":"has-post-thumbnail","6":"product_cat-2663","7":"product_cat-2819","8":"product_cat-3183","10":"first","11":"instock","12":"sale","13":"taxable","14":"shipping-taxable","15":"purchasable","16":"product-type-simple"},"bundled_by":[],"bundle_stock_status":"instock","bundle_stock_quantity":null,"bundle_virtual":false,"bundle_layout":"","bundle_add_to_cart_form_location":"","bundle_editable_in_cart":false,"bundle_sold_individually_context":"","bundle_item_grouping":"","bundle_min_size":"","bundle_max_size":"","bundle_price":[],"bundled_items":[],"bundle_sell_ids":[65786,138697],"_links":{"self":[{"href":"https:\/\/www.gjtaiwan.com\/new\/wp-json\/wp\/v2\/product\/138073","targetHints":{"allow":["GET"]}}],"collection":[{"href":"https:\/\/www.gjtaiwan.com\/new\/wp-json\/wp\/v2\/product"}],"about":[{"href":"https:\/\/www.gjtaiwan.com\/new\/wp-json\/wp\/v2\/types\/product"}],"replies":[{"embeddable":true,"href":"https:\/\/www.gjtaiwan.com\/new\/wp-json\/wp\/v2\/comments?post=138073"}],"wp:featuredmedia":[{"embeddable":true,"href":"https:\/\/www.gjtaiwan.com\/new\/wp-json\/wp\/v2\/media\/138074"}],"wp:attachment":[{"href":"https:\/\/www.gjtaiwan.com\/new\/wp-json\/wp\/v2\/media?parent=138073"}],"wp:term":[{"taxonomy":"product_brand","embeddable":true,"href":"https:\/\/www.gjtaiwan.com\/new\/wp-json\/wp\/v2\/product_brand?post=138073"},{"taxonomy":"product_cat","embeddable":true,"href":"https:\/\/www.gjtaiwan.com\/new\/wp-json\/wp\/v2\/product_cat?post=138073"},{"taxonomy":"product_tag","embeddable":true,"href":"https:\/\/www.gjtaiwan.com\/new\/wp-json\/wp\/v2\/product_tag?post=138073"}],"curies":[{"name":"wp","href":"https:\/\/api.w.org\/{rel}","templated":true}]}}