{"id":138797,"date":"2026-03-24T17:55:13","date_gmt":"2026-03-24T09:55:13","guid":{"rendered":"https:\/\/www.gjtaiwan.com\/new\/?post_type=product&#038;p=138797"},"modified":"2026-03-24T17:55:13","modified_gmt":"2026-03-24T09:55:13","slug":"%e9%b3%a5%e8%aa%9e%e5%a3%ab%e4%ba%82%e5%bd%88tsi%c3%a1u-g%c3%ba-s%c5%ab-l%c4%81n-th%c3%a2n-%e6%96%b0%e4%b8%96%e4%bb%a3%e5%8f%b0%e8%aa%9e%e9%95%b7%e7%af%87%e7%a7%91%e5%b9%bb%e5%b0%8f%e8%aa%aa","status":"publish","type":"product","link":"https:\/\/www.gjtaiwan.com\/new\/product\/%e9%b3%a5%e8%aa%9e%e5%a3%ab%e4%ba%82%e5%bd%88tsi%c3%a1u-g%c3%ba-s%c5%ab-l%c4%81n-th%c3%a2n-%e6%96%b0%e4%b8%96%e4%bb%a3%e5%8f%b0%e8%aa%9e%e9%95%b7%e7%af%87%e7%a7%91%e5%b9%bb%e5%b0%8f%e8%aa%aa","title":{"rendered":"\u9ce5\u8a9e\u58eb\u4e82\u5f48Tsi\u00e1u-g\u00fa-s\u016b l\u0101n-th\u00e2n\uff1a\u3010\u65b0\u4e16\u4ee3\u53f0\u8a9e\u9577\u7bc7\u79d1\u5e7b\u5c0f\u8aaa\u3011"},"content":{"rendered":"<h1><strong>\u9ce5\u8a9e\u58eb\u4e82\u5f48Tsi\u00e1u-g\u00fa-s\u016b l\u0101n-th\u00e2n\uff1a\u3010\u65b0\u4e16\u4ee3\u53f0\u8a9e\u9577\u7bc7\u79d1\u5e7b\u5c0f\u8aaa\u3011<\/strong><\/h1>\n<p><img loading=\"lazy\" decoding=\"async\" class=\"alignnone size-large wp-image-138803\" src=\"https:\/\/www.gjtaiwan.com\/new\/wp-content\/uploads\/2026\/03\/9786267727737_bc-800x800.jpg\" alt=\"\" width=\"800\" height=\"800\" srcset=\"https:\/\/www.gjtaiwan.com\/new\/wp-content\/uploads\/2026\/03\/9786267727737_bc-800x800.jpg 800w, https:\/\/www.gjtaiwan.com\/new\/wp-content\/uploads\/2026\/03\/9786267727737_bc-400x400.jpg 400w, https:\/\/www.gjtaiwan.com\/new\/wp-content\/uploads\/2026\/03\/9786267727737_bc-280x280.jpg 280w, https:\/\/www.gjtaiwan.com\/new\/wp-content\/uploads\/2026\/03\/9786267727737_bc-768x768.jpg 768w, https:\/\/www.gjtaiwan.com\/new\/wp-content\/uploads\/2026\/03\/9786267727737_bc-510x510.jpg 510w, https:\/\/www.gjtaiwan.com\/new\/wp-content\/uploads\/2026\/03\/9786267727737_bc-100x100.jpg 100w, https:\/\/www.gjtaiwan.com\/new\/wp-content\/uploads\/2026\/03\/9786267727737_bc.jpg 1000w\" sizes=\"auto, (max-width: 800px) 100vw, 800px\" \/><\/p>\n<p><img loading=\"lazy\" decoding=\"async\" class=\"alignnone size-large wp-image-138802\" src=\"https:\/\/www.gjtaiwan.com\/new\/wp-content\/uploads\/2026\/03\/9786267727737_b2-800x800.jpg\" alt=\"\" width=\"800\" height=\"800\" srcset=\"https:\/\/www.gjtaiwan.com\/new\/wp-content\/uploads\/2026\/03\/9786267727737_b2-800x800.jpg 800w, https:\/\/www.gjtaiwan.com\/new\/wp-content\/uploads\/2026\/03\/9786267727737_b2-400x400.jpg 400w, https:\/\/www.gjtaiwan.com\/new\/wp-content\/uploads\/2026\/03\/9786267727737_b2-280x280.jpg 280w, https:\/\/www.gjtaiwan.com\/new\/wp-content\/uploads\/2026\/03\/9786267727737_b2-768x768.jpg 768w, https:\/\/www.gjtaiwan.com\/new\/wp-content\/uploads\/2026\/03\/9786267727737_b2-510x510.jpg 510w, https:\/\/www.gjtaiwan.com\/new\/wp-content\/uploads\/2026\/03\/9786267727737_b2-100x100.jpg 100w, https:\/\/www.gjtaiwan.com\/new\/wp-content\/uploads\/2026\/03\/9786267727737_b2.jpg 1000w\" sizes=\"auto, (max-width: 800px) 100vw, 800px\" \/><\/p>\n<p><img loading=\"lazy\" decoding=\"async\" class=\"alignnone size-large wp-image-138801\" src=\"https:\/\/www.gjtaiwan.com\/new\/wp-content\/uploads\/2026\/03\/9786267727737_b3-800x800.jpg\" alt=\"\" width=\"800\" height=\"800\" srcset=\"https:\/\/www.gjtaiwan.com\/new\/wp-content\/uploads\/2026\/03\/9786267727737_b3-800x800.jpg 800w, https:\/\/www.gjtaiwan.com\/new\/wp-content\/uploads\/2026\/03\/9786267727737_b3-400x400.jpg 400w, https:\/\/www.gjtaiwan.com\/new\/wp-content\/uploads\/2026\/03\/9786267727737_b3-280x280.jpg 280w, https:\/\/www.gjtaiwan.com\/new\/wp-content\/uploads\/2026\/03\/9786267727737_b3-768x768.jpg 768w, https:\/\/www.gjtaiwan.com\/new\/wp-content\/uploads\/2026\/03\/9786267727737_b3-510x510.jpg 510w, https:\/\/www.gjtaiwan.com\/new\/wp-content\/uploads\/2026\/03\/9786267727737_b3-100x100.jpg 100w, https:\/\/www.gjtaiwan.com\/new\/wp-content\/uploads\/2026\/03\/9786267727737_b3.jpg 1000w\" sizes=\"auto, (max-width: 800px) 100vw, 800px\" \/><\/p>\n<p><img loading=\"lazy\" decoding=\"async\" class=\"alignnone size-large wp-image-138800\" src=\"https:\/\/www.gjtaiwan.com\/new\/wp-content\/uploads\/2026\/03\/9786267727737_b4-800x800.jpg\" alt=\"\" width=\"800\" height=\"800\" srcset=\"https:\/\/www.gjtaiwan.com\/new\/wp-content\/uploads\/2026\/03\/9786267727737_b4-800x800.jpg 800w, https:\/\/www.gjtaiwan.com\/new\/wp-content\/uploads\/2026\/03\/9786267727737_b4-400x400.jpg 400w, https:\/\/www.gjtaiwan.com\/new\/wp-content\/uploads\/2026\/03\/9786267727737_b4-280x280.jpg 280w, https:\/\/www.gjtaiwan.com\/new\/wp-content\/uploads\/2026\/03\/9786267727737_b4-768x768.jpg 768w, https:\/\/www.gjtaiwan.com\/new\/wp-content\/uploads\/2026\/03\/9786267727737_b4-510x510.jpg 510w, https:\/\/www.gjtaiwan.com\/new\/wp-content\/uploads\/2026\/03\/9786267727737_b4-100x100.jpg 100w, https:\/\/www.gjtaiwan.com\/new\/wp-content\/uploads\/2026\/03\/9786267727737_b4.jpg 1000w\" sizes=\"auto, (max-width: 800px) 100vw, 800px\" \/><\/p>\n<p><img loading=\"lazy\" decoding=\"async\" class=\"alignnone size-large wp-image-138799\" src=\"https:\/\/www.gjtaiwan.com\/new\/wp-content\/uploads\/2026\/03\/9786267727737_b5-800x800.jpg\" alt=\"\" width=\"800\" height=\"800\" srcset=\"https:\/\/www.gjtaiwan.com\/new\/wp-content\/uploads\/2026\/03\/9786267727737_b5-800x800.jpg 800w, https:\/\/www.gjtaiwan.com\/new\/wp-content\/uploads\/2026\/03\/9786267727737_b5-400x400.jpg 400w, https:\/\/www.gjtaiwan.com\/new\/wp-content\/uploads\/2026\/03\/9786267727737_b5-280x280.jpg 280w, https:\/\/www.gjtaiwan.com\/new\/wp-content\/uploads\/2026\/03\/9786267727737_b5-768x768.jpg 768w, https:\/\/www.gjtaiwan.com\/new\/wp-content\/uploads\/2026\/03\/9786267727737_b5-510x510.jpg 510w, https:\/\/www.gjtaiwan.com\/new\/wp-content\/uploads\/2026\/03\/9786267727737_b5-100x100.jpg 100w, https:\/\/www.gjtaiwan.com\/new\/wp-content\/uploads\/2026\/03\/9786267727737_b5.jpg 1000w\" sizes=\"auto, (max-width: 800px) 100vw, 800px\" \/><\/p>\n<p><img loading=\"lazy\" decoding=\"async\" class=\"alignnone size-large wp-image-138798\" src=\"https:\/\/www.gjtaiwan.com\/new\/wp-content\/uploads\/2026\/03\/9786267727737_b6-800x800.jpg\" alt=\"\" width=\"800\" height=\"800\" srcset=\"https:\/\/www.gjtaiwan.com\/new\/wp-content\/uploads\/2026\/03\/9786267727737_b6-800x800.jpg 800w, https:\/\/www.gjtaiwan.com\/new\/wp-content\/uploads\/2026\/03\/9786267727737_b6-400x400.jpg 400w, https:\/\/www.gjtaiwan.com\/new\/wp-content\/uploads\/2026\/03\/9786267727737_b6-280x280.jpg 280w, https:\/\/www.gjtaiwan.com\/new\/wp-content\/uploads\/2026\/03\/9786267727737_b6-768x768.jpg 768w, https:\/\/www.gjtaiwan.com\/new\/wp-content\/uploads\/2026\/03\/9786267727737_b6-510x510.jpg 510w, https:\/\/www.gjtaiwan.com\/new\/wp-content\/uploads\/2026\/03\/9786267727737_b6-100x100.jpg 100w, https:\/\/www.gjtaiwan.com\/new\/wp-content\/uploads\/2026\/03\/9786267727737_b6.jpg 1000w\" sizes=\"auto, (max-width: 800px) 100vw, 800px\" \/><\/p>\n<h2><strong>\u5167\u5bb9\u7c21\u4ecb<\/strong><\/h2>\n<p>\u300c\u9ce5\u8a9e\u300d\u662f\u8a9e\u8a00\u00ea\u539f\u578b\u3001\u4e00\u5207\u6b0a\u529b\u00ea\u6c34\u982d<br \/>\n\u4eba\u985e\u8a9e\u8a00\u4e88\u79d1\u6280\u62c6\u7834\u4e86\u5f8c<br \/>\n\u4e00\u5834\u722d\u596a\u300c\u9ce5\u8a9e\u300d\u00ea\u8840\u6230\uff0c\u5373\u6642\u7206\u767c\u2026\u2026<\/p>\n<p>\u81ea\u7d30\u6f22\uff0c\u9673\u5fc3\u68fb\u5c31\u6703\u7576u\u00ec\u9b22\u908a\u00ea\u8108\u8df3\u667a\u89batio\u030dh\u6c23\u904b\u597d\u6b79\uff0c\u9019\u7a2e\u611f\u5b98\u4f0a\u865f\u505a\u300c\u523a\u947f\u300d\u3002\u5f7c\u6642\u4f0a\u7336\u6bcb\u77e5\u9019\u6b3e\u80fd\u529b\u4f6e\u5168\u4e16\u754c\u50b3\u6e60\u00ea\u300c\u9ce5\u8a9e\u50b3\u8aaa\u300d\u6709\u95dc\u4fc2\u2500\u2500\u539f\u4f86\u4f0a\u662f\u300c\u9ce5\u8a9e\u300d\u00ea\u611f\u67d3\u8005\uff0c\u4e5f\u662f\u5cf6\u5167\u8ecd\u8b66\u52e2\u529b\u300c\u7e3d\u6a5f\u95dc\u300d\u73fe\u6b64\u6642\u4e0a\u8981\u7dca\u00ea\u8ffd\u6355\u5c0d\u8c61\u3002<\/p>\n<p>\u5230\u5e95\u300c\u9ce5\u8a9e\u300d\u6697\u85cf\u5565\u6b3e\u795e\u7955\u529b\u91cf\uff0c\u53c8\u95a3\u6309\u600e\u727d\u78d5\u5cf6\u5167\u5916\u5404\u65b9\u52e2\u529b\u00ea\u722d\u9b25\uff1f\u5fc3\u68fb\u6562\u6709\u6cd5\u5ea6\u4f6e\u540c\u4f34\u8d70\u812b\u91cd\u91cd\u96e3\u95dc\uff0c\u8d70\u63e3\u5c0d\u81ea\u7531\u00ea\u5411\u671b\uff1f<\/p>\n<p>\u53f0\u8a9e\u6587\u5b78\u65b0\u4e16\u4ee3\u4f5c\u5bb6\u9673\u9019\uff0c\u4ee5\u79d1\u5e7b\u60f3\u50cf\u91cd\u5beb\u6642\u4ee3\u5bd3\u8a00\u3002\u8a9e\u8a00\u54f2\u5b78\u00ea\u8faf\u8b49\u3001\u793e\u6703\u6587\u5316\u00ea\u518d\u73fe\u3001\u5cf6\u5dbc\u73fe\u5be6\u00ea\u865b\u5e7b\u6295\u5f71\uff0c\u4f0a\u6b32\u7528\u65b0\u53e3\u5473\u3001\u65b0\u9762\u8154\u5411\u4e16\u754c\u5ba3\u544a\uff1a\u9019\u5c31\u662f\u672a\u4f86\u00ea\u53f0\u6587\u79d1\u5e7b\uff01<\/p>\n<p>\u25ce\u672c\u4f5c\u54c1\u69ae\u7372\u570b\u85dd\u6703\u51fa\u7248\u734e\u52a9<\/p>\n<h2><strong>\u4f5c\u8005\u7c21\u4ecb<\/strong><\/h2>\n<p>\u9673\u9019<\/p>\n<p>T\u00e2n Che\u662f\u672c\u540d\u3002<\/p>\n<p>2000\u5e74\u51fa\u4e16\uff0c\u8001\u6bcd\u53f0\u5317\u4eba\uff0c\u8001\u7238\u5609\u7fa9\u4eba\u3002\u81fa\u7063\u5927\u5b78\u653f\u6cbb\u7cfb\u96d9\u4e3b\u4fee\u5730\u7406\u7cfb\u7562\u696d\uff0c\u9019\u7ad9\u4f47\u570b\u5bb6\u592a\u7a7a\u4e2d\u5fc3\uff08TASA\uff09\u505a\u653f\u7b56\u5206\u6790\u3002\u5beb\u4f5c\uff0c\u8208\u807d\u8001\u6b4c\u3001\u884c\u8def\u3001\u53bb\u5ee2\u589f\u5f04\u96aa\u3002<\/p>\n<p>Bat\u5f97tio\u030dh\u7b2c\u5341\u4e00\u5c46\u6253\u72d7\u9cf3\u9091\u6587\u5b78\u734e\u81fa\u8a9e\u65b0\u8a69\u4f73\u4f5c\u3001\u7b2c\u4e8c\u5341\u4e00\u5c46\u7d05\u6a13\u73fe\u4ee3\u6587\u5b78\u734e\u73fe\u4ee3\u8a69\u4f73\u4f5c\u3001\u7b2c\u5341\u4e09\u5c46\u81fa\u5357\u6587\u5b78\u734e\u81fa\u8a9e\u6563\u6587\u4f73\u4f5c\u3002<\/p>\n<p>\u53f0\u8a9e\u79d1\u5e7b\u9577\u7bc7\u5c0f\u8aaa\u300a\u9ce5\u8a9e\u58eb\u4e82\u5f48\u300b\u53d7\u6587\u5316\u90e8\u9752\u5e74\u5275\u4f5c\u734e\u52f5\u88dc\u52a9\u3001\u570b\u85dd\u6703\u51fa\u7248\u88dc\u52a9\u3002<\/p>\n<p>\u5c01\u9762\u3001\u5167\u6587\u63d2\u5716\uff5c\u8cf4\u5b50\u701a<\/p>\n<p>Performative male.<\/p>\n<h2><strong>\u76ee\u9304<\/strong><\/h2>\n<p>\u5e8f<\/p>\n<p>\u7b2c\u4e00\u7ae0\u3000\u767c\u96fb\u6240<br \/>\n\u7b2c\u4e8c\u7ae0\u3000\u523a\u947f<br \/>\n\u7b2c\u4e09\u7ae0\u3000\u5b89\u96fb\u4ed4<br \/>\n\u7b2c\u56db\u7ae0\u3000\u523a\u947f\uff08\u4e8c\uff09<br \/>\n\u7b2c\u4e94\u7ae0\u3000\u5b89\u96fb\u4ed4\uff08\u4e8c\uff09<br \/>\n\u7b2c\u516d\u7ae0\u3000\u9ce5\u8a9e\u58eb<\/p>\n<p>ISBN\uff1a9786267727737<br \/>\n\u51fa\u7248\u793e\uff1a\u524d\u885b<br \/>\n\u898f\u683c\uff1a\u5e73\u88dd \/ 288\u9801 \/ 15 x 21 x 1.65 cm \/ \u666e\u901a\u7d1a \/ \u55ae\u8272\u5370\u5237 \/ \u521d\u7248<br \/>\n\u51fa\u7248\u5730\uff1a\u53f0\u7063<\/p>\n","protected":false},"excerpt":{"rendered":"<p>\u9ce5\u8a9e\u58eb\u4e82\u5f48Tsi\u00e1u-g\u00fa-s\u016b l\u0101n-th\u00e2n\uff1a\u3010\u65b0\u4e16\u4ee3\u53f0\u8a9e\u9577\u7bc7\u79d1\u5e7b\u5c0f\u8aaa\u3011 \u5167\u5bb9\u7c21\u4ecb \u300c\u9ce5\u8a9e\u300d\u662f\u8a9e\u8a00\u00ea\u539f\u578b&#8230;<\/p>\n","protected":false},"featured_media":138803,"comment_status":"closed","ping_status":"closed","template":"","meta":[],"product_brand":[],"product_cat":[2663,2819,3183],"product_tag":[],"class_list":{"0":"post-138797","1":"product","2":"type-product","3":"status-publish","4":"has-post-thumbnail","6":"product_cat-2663","7":"product_cat-2819","8":"product_cat-3183","10":"first","11":"instock","12":"sale","13":"taxable","14":"shipping-taxable","15":"purchasable","16":"product-type-simple"},"bundled_by":[],"bundle_stock_status":"instock","bundle_stock_quantity":null,"bundle_virtual":false,"bundle_layout":"","bundle_add_to_cart_form_location":"","bundle_editable_in_cart":false,"bundle_sold_individually_context":"","bundle_item_grouping":"","bundle_min_size":"","bundle_max_size":"","bundle_price":[],"bundled_items":[],"bundle_sell_ids":[65786,138697],"_links":{"self":[{"href":"https:\/\/www.gjtaiwan.com\/new\/wp-json\/wp\/v2\/product\/138797","targetHints":{"allow":["GET"]}}],"collection":[{"href":"https:\/\/www.gjtaiwan.com\/new\/wp-json\/wp\/v2\/product"}],"about":[{"href":"https:\/\/www.gjtaiwan.com\/new\/wp-json\/wp\/v2\/types\/product"}],"replies":[{"embeddable":true,"href":"https:\/\/www.gjtaiwan.com\/new\/wp-json\/wp\/v2\/comments?post=138797"}],"wp:featuredmedia":[{"embeddable":true,"href":"https:\/\/www.gjtaiwan.com\/new\/wp-json\/wp\/v2\/media\/138803"}],"wp:attachment":[{"href":"https:\/\/www.gjtaiwan.com\/new\/wp-json\/wp\/v2\/media?parent=138797"}],"wp:term":[{"taxonomy":"product_brand","embeddable":true,"href":"https:\/\/www.gjtaiwan.com\/new\/wp-json\/wp\/v2\/product_brand?post=138797"},{"taxonomy":"product_cat","embeddable":true,"href":"https:\/\/www.gjtaiwan.com\/new\/wp-json\/wp\/v2\/product_cat?post=138797"},{"taxonomy":"product_tag","embeddable":true,"href":"https:\/\/www.gjtaiwan.com\/new\/wp-json\/wp\/v2\/product_tag?post=138797"}],"curies":[{"name":"wp","href":"https:\/\/api.w.org\/{rel}","templated":true}]}}