{"id":139020,"date":"2026-04-08T15:50:31","date_gmt":"2026-04-08T07:50:31","guid":{"rendered":"https:\/\/www.gjtaiwan.com\/new\/?post_type=product&#038;p=139020"},"modified":"2026-04-08T15:50:31","modified_gmt":"2026-04-08T07:50:31","slug":"%e5%b3%b6%e5%b6%bce%e6%99%82%e5%85%89%e7%b9%94%e7%b7%9a","status":"publish","type":"product","link":"https:\/\/www.gjtaiwan.com\/new\/product\/%e5%b3%b6%e5%b6%bce%e6%99%82%e5%85%89%e7%b9%94%e7%b7%9a","title":{"rendered":"\u5cf6\u5dbc\u00ea\u6642\u5149\u7e54\u7dda"},"content":{"rendered":"<h1><strong>\u5cf6\u5dbc\u00ea\u6642\u5149\u7e54\u7dda<\/strong><\/h1>\n<p><img loading=\"lazy\" decoding=\"async\" class=\"alignnone wp-image-139026 size-large\" src=\"https:\/\/www.gjtaiwan.com\/new\/wp-content\/uploads\/2026\/04\/0011036081-800x800.jpg\" alt=\"\" width=\"800\" height=\"800\" srcset=\"https:\/\/www.gjtaiwan.com\/new\/wp-content\/uploads\/2026\/04\/0011036081-800x800.jpg 800w, https:\/\/www.gjtaiwan.com\/new\/wp-content\/uploads\/2026\/04\/0011036081-400x400.jpg 400w, https:\/\/www.gjtaiwan.com\/new\/wp-content\/uploads\/2026\/04\/0011036081-280x280.jpg 280w, https:\/\/www.gjtaiwan.com\/new\/wp-content\/uploads\/2026\/04\/0011036081-768x768.jpg 768w, https:\/\/www.gjtaiwan.com\/new\/wp-content\/uploads\/2026\/04\/0011036081-510x510.jpg 510w, https:\/\/www.gjtaiwan.com\/new\/wp-content\/uploads\/2026\/04\/0011036081-100x100.jpg 100w, https:\/\/www.gjtaiwan.com\/new\/wp-content\/uploads\/2026\/04\/0011036081.jpg 1000w\" sizes=\"auto, (max-width: 800px) 100vw, 800px\" \/><\/p>\n<p><img loading=\"lazy\" decoding=\"async\" class=\"alignnone size-full wp-image-139025\" src=\"https:\/\/www.gjtaiwan.com\/new\/wp-content\/uploads\/2026\/04\/0011036081_b_01.jpg\" alt=\"\" width=\"1000\" height=\"616\" srcset=\"https:\/\/www.gjtaiwan.com\/new\/wp-content\/uploads\/2026\/04\/0011036081_b_01.jpg 1000w, https:\/\/www.gjtaiwan.com\/new\/wp-content\/uploads\/2026\/04\/0011036081_b_01-649x400.jpg 649w, https:\/\/www.gjtaiwan.com\/new\/wp-content\/uploads\/2026\/04\/0011036081_b_01-768x473.jpg 768w, https:\/\/www.gjtaiwan.com\/new\/wp-content\/uploads\/2026\/04\/0011036081_b_01-510x314.jpg 510w\" sizes=\"auto, (max-width: 1000px) 100vw, 1000px\" \/><\/p>\n<p><img loading=\"lazy\" decoding=\"async\" class=\"alignnone size-full wp-image-139024\" src=\"https:\/\/www.gjtaiwan.com\/new\/wp-content\/uploads\/2026\/04\/0011036081_b_02.jpg\" alt=\"\" width=\"1000\" height=\"617\" srcset=\"https:\/\/www.gjtaiwan.com\/new\/wp-content\/uploads\/2026\/04\/0011036081_b_02.jpg 1000w, https:\/\/www.gjtaiwan.com\/new\/wp-content\/uploads\/2026\/04\/0011036081_b_02-648x400.jpg 648w, https:\/\/www.gjtaiwan.com\/new\/wp-content\/uploads\/2026\/04\/0011036081_b_02-768x474.jpg 768w, https:\/\/www.gjtaiwan.com\/new\/wp-content\/uploads\/2026\/04\/0011036081_b_02-510x315.jpg 510w\" sizes=\"auto, (max-width: 1000px) 100vw, 1000px\" \/><\/p>\n<p><img loading=\"lazy\" decoding=\"async\" class=\"alignnone size-full wp-image-139023\" src=\"https:\/\/www.gjtaiwan.com\/new\/wp-content\/uploads\/2026\/04\/0011036081_b_03.jpg\" alt=\"\" width=\"1000\" height=\"615\" srcset=\"https:\/\/www.gjtaiwan.com\/new\/wp-content\/uploads\/2026\/04\/0011036081_b_03.jpg 1000w, https:\/\/www.gjtaiwan.com\/new\/wp-content\/uploads\/2026\/04\/0011036081_b_03-650x400.jpg 650w, https:\/\/www.gjtaiwan.com\/new\/wp-content\/uploads\/2026\/04\/0011036081_b_03-768x472.jpg 768w, https:\/\/www.gjtaiwan.com\/new\/wp-content\/uploads\/2026\/04\/0011036081_b_03-510x314.jpg 510w\" sizes=\"auto, (max-width: 1000px) 100vw, 1000px\" \/><\/p>\n<p><img loading=\"lazy\" decoding=\"async\" class=\"alignnone size-full wp-image-139022\" src=\"https:\/\/www.gjtaiwan.com\/new\/wp-content\/uploads\/2026\/04\/0011036081_b_04.jpg\" alt=\"\" width=\"1000\" height=\"618\" srcset=\"https:\/\/www.gjtaiwan.com\/new\/wp-content\/uploads\/2026\/04\/0011036081_b_04.jpg 1000w, https:\/\/www.gjtaiwan.com\/new\/wp-content\/uploads\/2026\/04\/0011036081_b_04-647x400.jpg 647w, https:\/\/www.gjtaiwan.com\/new\/wp-content\/uploads\/2026\/04\/0011036081_b_04-768x475.jpg 768w, https:\/\/www.gjtaiwan.com\/new\/wp-content\/uploads\/2026\/04\/0011036081_b_04-510x315.jpg 510w\" sizes=\"auto, (max-width: 1000px) 100vw, 1000px\" \/><\/p>\n<p><img loading=\"lazy\" decoding=\"async\" class=\"alignnone size-full wp-image-139021\" src=\"https:\/\/www.gjtaiwan.com\/new\/wp-content\/uploads\/2026\/04\/0011036081_b_05.jpg\" alt=\"\" width=\"1000\" height=\"617\" srcset=\"https:\/\/www.gjtaiwan.com\/new\/wp-content\/uploads\/2026\/04\/0011036081_b_05.jpg 1000w, https:\/\/www.gjtaiwan.com\/new\/wp-content\/uploads\/2026\/04\/0011036081_b_05-648x400.jpg 648w, https:\/\/www.gjtaiwan.com\/new\/wp-content\/uploads\/2026\/04\/0011036081_b_05-768x474.jpg 768w, https:\/\/www.gjtaiwan.com\/new\/wp-content\/uploads\/2026\/04\/0011036081_b_05-510x315.jpg 510w\" sizes=\"auto, (max-width: 1000px) 100vw, 1000px\" \/><\/p>\n<h2><strong>\u5167\u5bb9\u7c21\u4ecb<\/strong><\/h2>\n<p>\u5c0f\u9ed1\u5564\u548c\u5c0f\u767d\u7c73\u5728\u723a\u723a\u5bb6\u73a9\u800d\u6642\uff0c\u4e0d\u5c0f\u5fc3\u5f04\u58de\u4e86\u9435\u76ae\u6a5f\u5668\u4eba\uff0c\u9084\u88ab\u795e\u7955\u7684\u4e03\u5f69\u7e54\u7dda\u6372\u5165\u6642\u7a7a\u65cb\u6e26\uff01<\/p>\n<p>\u4e00\u908a\u8ffd\u5c0b\u6563\u843d\u5404\u8655\u7684\u6a5f\u5668\u4eba\u788e\u7247\uff0c\u4ed6\u5011\u7a7f\u8d8a\u71b1\u9b27\u7684\u5927\u54e1\u5e02\u93ae\uff0c\u8d70\u9032\u7e23\u8859\u5b98\u5370\u7684\u7955\u5bc6\u8a18\u61b6\uff0c\u9084\u63a2\u7d22\u8302\u5bc6\u7684\u6a1f\u6a39\u6797\uff0c\u9047\u4e0a\u547c\u562f\u7684\u84b8\u6c7d\u706b\u8eca\u3002\u7e54\u7dda\u727d\u5f15\u4ed6\u5011\uff0c\u8d70\u9032\u81fa\u7063\u4e0d\u540c\u6642\u4ee3\u7684\u6b77\u53f2\u5834\u666f\uff0c\u7d93\u6b77\u4e00\u5834\u5947\u5e7b\u53c8\u5145\u6eff\u9a5a\u5947\u7684\u5192\u96aa\u65c5\u7a0b\u3002<\/p>\n<p>\u539f\u4f86\uff0c\u4e0d\u8d77\u773c\u7684\u5c0f\u7269\u4ef6\uff0c\u4e5f\u80fd\u4e32\u8d77\u5cf6\u5dbc\u7684\u6642\u5149\u8a18\u61b6\u3002<\/p>\n<p>\u672c\u66f8\u7279\u8272<\/p>\n<p>\u4e00\u6bb5\u5cf6\u5dbc\u4ea4\u7e54\u7684\u6642\u5149\u65c5\u7a0b\uff1a\u4ee5\u5947\u5e7b\u5192\u96aa\u6545\u4e8b\u70ba\u6846\u67b6\uff0c\u4e0d\u50c5\u63a2\u7d22\u6b77\u53f2\uff0c\u66f4\u8207\u5c0f\u9ed1\u5564\u3001\u5c0f\u767d\u7c73\u4e00\u540c\u5b78\u7fd2\u5408\u4f5c\u8207\u6210\u9577\u3002\u6545\u4e8b\u4e3b\u8ef8\u5c55\u73fe\u300c\u65b0\u81fa\u7063\u53f2\u904b\u52d5\u300d\u7684\u6838\u5fc3\u7cbe\u795e\uff0c\u7a7f\u68ad\u7684\u6642\u5149\u7e54\u7dda\uff0c\u96b1\u55bb\u4eba\u7fa4\u3001\u6d77\u6d0b\u3001\u5cf6\u5dbc\u7684\u4ea4\u6703\u3002\u7e6a\u672c\u9801\u9762\u5716\u50cf\u7cbe\u7dfb\u3001\u7d30\u7bc0\u8c50\u5bcc\uff0c\u8b93\u4eba\u8eab\u6b77\u5176\u5883\uff0c\u66f4\u85cf\u6709\u6a5f\u5668\u4eba\u788e\u7247\u8207\u7e54\u7dda\u7dda\u7d22\uff0c\u5f15\u5c0e\u8b80\u8005\u908a\u627e\u908a\u8b80\uff0c\u57f9\u990a\u89c0\u5bdf\u529b\u8207\u5c08\u6ce8\u529b\u3002<\/p>\n<h2><strong>\u4f5c\u8005\u7c21\u4ecb<\/strong><\/h2>\n<p>\u8b1d\u723e\u5ead<\/p>\n<p>\u81ea\u7531\u63a5\u6848\u5167\u5bb9\u7de8\u8f2f\uff0c\u898b\u57dfCitilens\u5171\u540c\u5275\u8fa6\u4eba\u3002\u66fe\u4efb\u300a\u8ca2\u4e38\u6e6f\u300b\u96dc\u8a8c\u4e3b\u7de8\u3001\u65b9\u683c\u5b50vocus\u5e73\u53f0\u5167\u5bb9\u7d93\u7406\u3001\u300a\u6578\u4f4d\u6642\u4ee3\u300b\u7279\u7d04\u7814\u7a76\u7de8\u8f2f\u3001\u81fa\u7063\u5427\u300a\u5c0f\u9ed1\u5564\u73a9\u81fa\u7063\u300b\u7e6a\u672c\u7e3d\u4f01\u5283\uff0c\u64c5\u9577\u591a\u5143\u5f62\u5f0f\u7684\u4f01\u5283\u53ca\u7de8\u8f2f\u5de5\u4f5c\u3002<\/p>\n<p>Lu\u0101s\u00ecng-b\u00fbn \u8cf4\u8056\u6587<\/p>\n<p>\u5177\u6559\u80b2\u90e8\u95a9\u5357\u8a9e\u8a8d\u8b49\u9ad8\u7d1a\u8cc7\u683c\uff0c\u9577\u671f\u5f9e\u4e8b\u53f0\u8a9e\u7ffb\u8b6f\u8207\u807d\u6253\u5de5\u4f5c\u3002\u53c3\u8207\u5c08\u6848\u5305\u62ec\u300a\u81fa\u7063\u5427\u300b\u65b0\uff0e\u52d5\u756b\u81fa\u7063\u53f2\u53f0\u6587\u8b6f\u7a3f\u3001\u516c\u8996\u300a\u5cf6\u5dbc\u7684\u4eba\u300b\u53f0\u6587\u5b57\u5e55\u3001\u300a\u570b\u7acb\u81fa\u7063\u535a\u7269\u9928\u300b\u53f0\u8a9e\u8a9e\u97f3\u5c0e\u89bd\u7a3f\uff0c\u4ee5\u53ca\u591a\u90e8\u53f0\u8a9e\u7e6a\u672c\u8207\u6709\u8072\u66f8\u8b6f\u7a3f\uff0c\u4ea6\u64d4\u4efb\u5e03\u888b\u6232\u300a\u5927\u539f\u5de1\u67e5\u306e\u5927\u641c\u67e5\u300b\u53f0\u8a9e\u9867\u554f\uff0c\u81f4\u529b\u63a8\u5ee3\u81fa\u7063\u672c\u571f\u8a9e\u8a00\u3002<\/p>\n<p>\u7e6a\u8005\u7c21\u4ecb<\/p>\n<p>\u82b3\u5b89<\/p>\n<p>\u63d2\u756b\u5bb6\uff0c\u8207\u5169\u96bb\u8c93\u751f\u6d3b\u5728\u5145\u6eff\u967d\u5149\u7684\u5c0f\u623f\u9593\uff0c\u559c\u6b61\u81ea\u7136\u5149\u3001\u8c93\u54aa\u3001\u7e6a\u672c\u3001\u5fc3\u7406\u5b78\u3002<br \/>\n\u4f5c\u54c1\u63c9\u5408\u65e5\u5e38\u7d93\u9a57\u8207\u60f3\u50cf\u3001\u64c5\u9577\u71df\u9020\u6eab\u99a8\u53ca\u71b1\u9b27\u7684\u756b\u9762\uff0c\u671f\u8a31\u80fd\u5920\u4ee5\u6eab\u6f64\u660e\u4eae\u7684\u7b46\u89f8\uff0c\u7642\u7652\u81ea\u5df1\u4e5f\u7642\u7652\u4ed6\u4eba\u3002<\/p>\n<p>ISBN\uff1a9786269258482<br \/>\n\u51fa\u7248\u793e\uff1a\u6709\u7406\u6587\u5316<br \/>\n\u898f\u683c\uff1a\u7cbe\u88dd \/ 44\u9801 \/ 21.5 x 26.5 x 1 cm \/ \u666e\u901a\u7d1a \/ \u5168\u5f69\u5370\u5237 \/ \u521d\u7248<br \/>\n\u51fa\u7248\u5730\uff1a\u53f0\u7063<\/p>\n","protected":false},"excerpt":{"rendered":"<p>\u5cf6\u5dbc\u00ea\u6642\u5149\u7e54\u7dda \u5167\u5bb9\u7c21\u4ecb \u5c0f\u9ed1\u5564\u548c\u5c0f\u767d\u7c73\u5728\u723a\u723a\u5bb6\u73a9\u800d\u6642\uff0c\u4e0d\u5c0f\u5fc3\u5f04\u58de\u4e86\u9435\u76ae\u6a5f\u5668\u4eba\uff0c\u9084\u88ab\u795e\u7955\u7684\u4e03\u5f69\u7e54\u7dda\u6372\u5165\u6642\u7a7a\u65cb\u6e26&#8230;<\/p>\n","protected":false},"featured_media":139026,"comment_status":"closed","ping_status":"closed","template":"","meta":[],"product_brand":[],"product_cat":[2663,2849,4349],"product_tag":[],"class_list":{"0":"post-139020","1":"product","2":"type-product","3":"status-publish","4":"has-post-thumbnail","6":"product_cat-2663","7":"product_cat-kids","8":"product_cat-4349","10":"first","11":"instock","12":"sale","13":"taxable","14":"shipping-taxable","15":"purchasable","16":"product-type-simple"},"bundled_by":[],"bundle_stock_status":"instock","bundle_stock_quantity":null,"bundle_virtual":false,"bundle_layout":"","bundle_add_to_cart_form_location":"","bundle_editable_in_cart":false,"bundle_sold_individually_context":"","bundle_item_grouping":"","bundle_min_size":"","bundle_max_size":"","bundle_price":[],"bundled_items":[],"bundle_sell_ids":[65786,138697],"_links":{"self":[{"href":"https:\/\/www.gjtaiwan.com\/new\/wp-json\/wp\/v2\/product\/139020","targetHints":{"allow":["GET"]}}],"collection":[{"href":"https:\/\/www.gjtaiwan.com\/new\/wp-json\/wp\/v2\/product"}],"about":[{"href":"https:\/\/www.gjtaiwan.com\/new\/wp-json\/wp\/v2\/types\/product"}],"replies":[{"embeddable":true,"href":"https:\/\/www.gjtaiwan.com\/new\/wp-json\/wp\/v2\/comments?post=139020"}],"wp:featuredmedia":[{"embeddable":true,"href":"https:\/\/www.gjtaiwan.com\/new\/wp-json\/wp\/v2\/media\/139026"}],"wp:attachment":[{"href":"https:\/\/www.gjtaiwan.com\/new\/wp-json\/wp\/v2\/media?parent=139020"}],"wp:term":[{"taxonomy":"product_brand","embeddable":true,"href":"https:\/\/www.gjtaiwan.com\/new\/wp-json\/wp\/v2\/product_brand?post=139020"},{"taxonomy":"product_cat","embeddable":true,"href":"https:\/\/www.gjtaiwan.com\/new\/wp-json\/wp\/v2\/product_cat?post=139020"},{"taxonomy":"product_tag","embeddable":true,"href":"https:\/\/www.gjtaiwan.com\/new\/wp-json\/wp\/v2\/product_tag?post=139020"}],"curies":[{"name":"wp","href":"https:\/\/api.w.org\/{rel}","templated":true}]}}