{"id":139269,"date":"2026-04-20T17:52:12","date_gmt":"2026-04-20T09:52:12","guid":{"rendered":"https:\/\/www.gjtaiwan.com\/new\/?post_type=product&#038;p=139269"},"modified":"2026-04-20T17:54:00","modified_gmt":"2026-04-20T09:54:00","slug":"%e9%98%bf%e9%95%b7%e5%b8%ab%c3%aa%e8%a5%bf%e8%a3%9d%e5%ba%97%e5%8f%b0%e6%96%87%e7%b9%aa%e6%9c%ac-%e4%b8%80%e9%87%9d%e4%b8%80%e7%b7%9a%e7%b4%a9%e5%87%ba%e5%b9%b8%e7%a6%8f%c3%aa%e8%a8%98%e6%86%b6","status":"publish","type":"product","link":"https:\/\/www.gjtaiwan.com\/new\/product\/%e9%98%bf%e9%95%b7%e5%b8%ab%c3%aa%e8%a5%bf%e8%a3%9d%e5%ba%97%e5%8f%b0%e6%96%87%e7%b9%aa%e6%9c%ac-%e4%b8%80%e9%87%9d%e4%b8%80%e7%b7%9a%e7%b4%a9%e5%87%ba%e5%b9%b8%e7%a6%8f%c3%aa%e8%a8%98%e6%86%b6","title":{"rendered":"\u963f\u9577\u5e2b\u00ea\u897f\u88dd\u5e97\u3010\u53f0\u6587\u7e6a\u672c\u3011\uff1a\u4e00\u91dd\u4e00\u7dda\u7d29\u51fa\u5e78\u798f\u00ea\u8a18\u61b6\uff08\u9644\u6717\u8b80\u97f3\u6a94+\u897f\u88dd\u5e97\u5c0f\u767e\u79d1\u53f0\u8a9e\u5b78\u7fd2\uff09(4\/30\u51fa\u7248)"},"content":{"rendered":"<h1><strong>\u963f\u9577\u5e2b\u00ea\u897f\u88dd\u5e97\u3010\u53f0\u6587\u7e6a\u672c\u3011\uff1a\u4e00\u91dd\u4e00\u7dda\u7d29\u51fa\u5e78\u798f\u00ea\u8a18\u61b6\uff08\u9644\u6717\u8b80\u97f3\u6a94+\u897f\u88dd\u5e97\u5c0f\u767e\u79d1\u53f0\u8a9e\u5b78\u7fd2\uff09(4\/30\u51fa\u7248)<\/strong><\/h1>\n<p><img loading=\"lazy\" decoding=\"async\" class=\"alignnone size-large wp-image-139274\" src=\"https:\/\/www.gjtaiwan.com\/new\/wp-content\/uploads\/2026\/04\/0011050214-610x800.jpg\" alt=\"\" width=\"610\" height=\"800\" srcset=\"https:\/\/www.gjtaiwan.com\/new\/wp-content\/uploads\/2026\/04\/0011050214-610x800.jpg 610w, https:\/\/www.gjtaiwan.com\/new\/wp-content\/uploads\/2026\/04\/0011050214-305x400.jpg 305w, https:\/\/www.gjtaiwan.com\/new\/wp-content\/uploads\/2026\/04\/0011050214-768x1007.jpg 768w, https:\/\/www.gjtaiwan.com\/new\/wp-content\/uploads\/2026\/04\/0011050214-510x669.jpg 510w, https:\/\/www.gjtaiwan.com\/new\/wp-content\/uploads\/2026\/04\/0011050214.jpg 1000w\" sizes=\"auto, (max-width: 610px) 100vw, 610px\" \/><\/p>\n<p><img loading=\"lazy\" decoding=\"async\" class=\"alignnone size-full wp-image-139273\" src=\"https:\/\/www.gjtaiwan.com\/new\/wp-content\/uploads\/2026\/04\/0011050214_b_02.jpg\" alt=\"\" width=\"998\" height=\"679\" srcset=\"https:\/\/www.gjtaiwan.com\/new\/wp-content\/uploads\/2026\/04\/0011050214_b_02.jpg 998w, https:\/\/www.gjtaiwan.com\/new\/wp-content\/uploads\/2026\/04\/0011050214_b_02-588x400.jpg 588w, https:\/\/www.gjtaiwan.com\/new\/wp-content\/uploads\/2026\/04\/0011050214_b_02-768x523.jpg 768w, https:\/\/www.gjtaiwan.com\/new\/wp-content\/uploads\/2026\/04\/0011050214_b_02-510x347.jpg 510w\" sizes=\"auto, (max-width: 998px) 100vw, 998px\" \/><\/p>\n<p><img loading=\"lazy\" decoding=\"async\" class=\"alignnone size-full wp-image-139272\" src=\"https:\/\/www.gjtaiwan.com\/new\/wp-content\/uploads\/2026\/04\/0011050214_b_03.jpg\" alt=\"\" width=\"997\" height=\"679\" srcset=\"https:\/\/www.gjtaiwan.com\/new\/wp-content\/uploads\/2026\/04\/0011050214_b_03.jpg 997w, https:\/\/www.gjtaiwan.com\/new\/wp-content\/uploads\/2026\/04\/0011050214_b_03-587x400.jpg 587w, https:\/\/www.gjtaiwan.com\/new\/wp-content\/uploads\/2026\/04\/0011050214_b_03-768x523.jpg 768w, https:\/\/www.gjtaiwan.com\/new\/wp-content\/uploads\/2026\/04\/0011050214_b_03-510x347.jpg 510w\" sizes=\"auto, (max-width: 997px) 100vw, 997px\" \/><\/p>\n<p><img loading=\"lazy\" decoding=\"async\" class=\"alignnone size-full wp-image-139271\" src=\"https:\/\/www.gjtaiwan.com\/new\/wp-content\/uploads\/2026\/04\/0011050214_b_04.jpg\" alt=\"\" width=\"995\" height=\"678\" srcset=\"https:\/\/www.gjtaiwan.com\/new\/wp-content\/uploads\/2026\/04\/0011050214_b_04.jpg 995w, https:\/\/www.gjtaiwan.com\/new\/wp-content\/uploads\/2026\/04\/0011050214_b_04-587x400.jpg 587w, https:\/\/www.gjtaiwan.com\/new\/wp-content\/uploads\/2026\/04\/0011050214_b_04-768x523.jpg 768w, https:\/\/www.gjtaiwan.com\/new\/wp-content\/uploads\/2026\/04\/0011050214_b_04-510x348.jpg 510w\" sizes=\"auto, (max-width: 995px) 100vw, 995px\" \/><\/p>\n<p><img loading=\"lazy\" decoding=\"async\" class=\"alignnone size-full wp-image-139270\" src=\"https:\/\/www.gjtaiwan.com\/new\/wp-content\/uploads\/2026\/04\/0011050214_b_05.jpg\" alt=\"\" width=\"992\" height=\"677\" srcset=\"https:\/\/www.gjtaiwan.com\/new\/wp-content\/uploads\/2026\/04\/0011050214_b_05.jpg 992w, https:\/\/www.gjtaiwan.com\/new\/wp-content\/uploads\/2026\/04\/0011050214_b_05-586x400.jpg 586w, https:\/\/www.gjtaiwan.com\/new\/wp-content\/uploads\/2026\/04\/0011050214_b_05-768x524.jpg 768w, https:\/\/www.gjtaiwan.com\/new\/wp-content\/uploads\/2026\/04\/0011050214_b_05-510x348.jpg 510w\" sizes=\"auto, (max-width: 992px) 100vw, 992px\" \/><\/p>\n<h2><strong>\u5167\u5bb9\u7c21\u4ecb<\/strong><\/h2>\n<p>\u2726\u5165\u9078\u6587\u5316\u90e8\u300c\u7e6a\u672c\u53ca\u5716\u6587\u66f8\u5275\u4f5c\u65b0\u79c0\u734e\u52f5\u300d\u5275\u4f5c\u2726<br \/>\n\u300c\u4e00\u9593\u897f\u88dd\u5e97\uff0c\u7d29\u51fa\u5e84\u4ed4\u982d\u5e78\u798f\u00ea\u8a18\u61b6\uff0c\u561b\u7d29\u51fa\u5c0d\u539d\u5167\u4eba\u00ea\u611b\u3002\u300d<br \/>\n\u737b\u7d66\u50b3\u7d71\u6280\u85dd\u7684\u8077\u4eba\u2027\u6bcf\u4e00\u4f4d\u9ed8\u9ed8\u70ba\u5bb6\u4eba\u4ed8\u51fa\u7684\u4eba<\/p>\n<p>\u2726<br \/>\n\u4e00\u679d\u91dd\u3001\u4e00\u689d\u7dda\uff0c\u7d29\u51fa\u5e84\u4ed4\u982d\u6eab\u6696\u00ea\u611f\u60c5\u7dda\u3002<br \/>\n\u4e00\u679d\u9278\u5200\u3001\u4e00\u689d\u5e03\u5c3a\uff0c\u91cf\u51fa\u54b1\u4eba\u4e4b\u9593\u00ea\u5bf8\u5c3a\u3002<br \/>\n\u7f8e\u9e97\u00ea\u5e84\u982d\u6709\u4e00\u4e2a\u9aa8\u529b\u00ea\u897f\u88dd\u5e2b\u5085\uff0c\u9010\u5bb6\u650f\u53eb\u4f0a\u300c\u963f\u9577\u5e2b\u300d\u3002<br \/>\n\u4f47\u9010\u5bb6\u4eba\u751f\u4e0a\u91cd\u8981\u00ea\u968e\u6bb5\uff0c\u650f\u771f\u501a\u9760\u4f0a\u00ea\u597d\u624b\u85dd\u3002<br \/>\n\u963f\u9577\u5e2b\u7528\u4f0a\u5e7c\u8def\u00ea\u624b\u6280\uff0c\u4e00\u91dd\u4e00\u7dda\u7d29\u554a\u7d29\uff0c<br \/>\n\u7d29\u51fa\u6bcf\u500b\u4eba\u7684\u5e78\u798f\uff0c\u4ee5\u53ca\u5c0d\u539d\u5167\u4eba\u7684\u611b\u3002<\/p>\n<p>\u2726<br \/>\n\u5f9e\u524d\u5f9e\u524d\uff0c\u5728\u9084\u8cb7\u4e0d\u5230\u73fe\u6210\u8863\u670d\u7684\u5e74\u4ee3\uff0c<br \/>\n\u6bcf\u4e00\u4ef6\u8863\u670d\uff0c\u90fd\u662f\u5bb6\u4eba\u4e00\u91dd\u4e00\u7dda\u7e2b\u51fa\u4f86\u7684\u3002<br \/>\n\u5abd\u5abd\u70ba\u4e00\u5bb6\u4eba\u505a\u8863\u670d\u3001\u88dc\u8863\u670d\uff0c<br \/>\n\u5973\u5b69\u5728\u6210\u9577\u904e\u7a0b\u4e2d\uff0c\u4e5f\u5b78\u7fd2\u70ba\u5bb6\u4eba\u7e2b\u88fd\u8863\u670d\u3002<br \/>\n\u56e0\u6b64\u8a31\u591a\u5973\u5152\u51fa\u5ac1\u6642\uff0c\u5ac1\u599d\u88e1\u7e3d\u6703\u6709\u4e00\u53f0\u7e2b\u7d09\u6a5f\u3002<\/p>\n<p>\u5728\u90a3\u500b\u5e74\u4ee3\uff0c\u6bcf\u500b\u6751\u838a\u5e7e\u4e4e\u90fd\u6709\u4e00\u9593\u897f\u88dd\u5e97\u3002<br \/>\n\u7d50\u5a5a\u3001\u4e0a\u5b78\u3001\u904e\u5e74\u3001\u5de5\u4f5c\u2026\u2026\u4eba\u751f\u7684\u91cd\u8981\u6642\u523b\uff0c<br \/>\n\u4eba\u5011\u90fd\u6703\u8d70\u9032\u897f\u88dd\u5e97\uff0c\u70ba\u81ea\u5df1\u91cf\u8eab\u8a02\u88fd\u4e00\u4ef6\u897f\u88dd\u3002<br \/>\n\u4e00\u91dd\u4e00\u7dda\uff0c\u7e2b\u7684\u4e0d\u53ea\u662f\u8863\u670d\uff0c\u66f4\u662f\u6bcf\u500b\u4eba\u7684\u4eba\u751f\u6545\u4e8b\u3002<br \/>\n\u5373\u4f7f\u8863\u670d\u7834\u4e86\u6216\u8eab\u5f62\u6539\u8b8a\u4e86\uff0c\u4e5f\u6703\u518d\u9001\u56de\u5e97\u88e1\u7d30\u7d30\u4fee\u6539\uff0c<br \/>\n\u56e0\u70ba\u90a3\u662f\u4e00\u4ef6\uff0c\u627f\u8f09\u8457\u56de\u61b6\u3001\u503c\u5f97\u88ab\u73cd\u60dc\u7684\u8863\u670d\u3002<\/p>\n<p>\u300a\u963f\u9577\u5e2b\u00ea\u897f\u88dd\u5e97\u300b\u4f5c\u8005\u4ee5\u5973\u5152\u7684\u8996\u89d2\u51fa\u767c\uff0c<br \/>\n\u5728\u56db\u5b63\u82b1\u5349\u6d41\u8f49\u7684\u6751\u838a\u88e1\uff0c\u7de9\u7de9\u63cf\u7e6a\u6642\u9593\u7684\u75d5\u8de1\uff0c<br \/>\n\u4e5f\u63cf\u7e6a\u4e00\u4f4d\u88c1\u7e2b\u5e2b\u5085\u963f\u9577\u5e2b\u7684\u4e00\u751f\u3002<br \/>\n\u5f9e\u6751\u838a\u7684\u4eba\u60c5\u5f80\u4f86\uff0c\u5230\u897f\u88dd\u5e97\u8207\u6751\u838a\u4e4b\u9593\u6df1\u539a\u7684\u9023\u7d50\uff0c<br \/>\n\u518d\u5230\u4ed6\u70ba\u5bb6\u4eba\u65e5\u4ee5\u7e7c\u591c\u4ed8\u51fa\u7684\u8eab\u5f71\uff0c<br \/>\n\u9019\u4e9b\u770b\u4f3c\u5e73\u51e1\u7684\u65e5\u5e38\uff0c\u90fd\u5316\u6210\u4e00\u6bb5\u6bb5\u6eab\u67d4\u800c\u6df1\u523b\u7684\u8a18\u61b6\u3002<\/p>\n<p>\u2726<br \/>\n\u6bcf\u4e00\u8ec0\u886b\uff0c\u650f\u7a7f\u8457\u6bcf\u4e00\u4e2a\u4eba\u00ea\u6545\u4e8b\u3002<br \/>\n\u4f47\u54b1\u00ea\u8a18\u61b6\u5167\u9762\u650f\u6709\u4e00\u8ec0\u96e3\u5fd8\u00ea\u886b\uff0c<br \/>\n\u9019\u8ec0\u886b\uff0c\u4e88\u54b1\u60f3\u8d77\u67d0\u4e00\u4e2a\u4eba\uff0c<br \/>\n\u67d0\u4e00\u4e2a\u91cd\u8981\u00ea\u65e5\u5b50\uff0c\u4ee5\u53ca\u96e3\u5fd8\u00ea\u56de\u61b6\u3002<br \/>\n\u2726<\/p>\n<p>\u2500\u2500\u2500\u2726\u7279\u5225\u6536\u9304 \/\u897f\u88dd\u5e97\u5c0f\u767e\u79d1\uff08\u53f0\u6587\u5b78\u7fd2\u7df4\u7fd2\uff09\u2726\u2500\u2500\u2500<br \/>\n\u2726\u897f\u88dd\u5e97\u00ea\u767e\u5bf6\u7bb1\u2500\u5c07\u897f\u88dd\u5e97\u5e38\u898b\u7684\u5de5\u5177\uff0c\u4ee5\u63d2\u756b\u7e6a\u88fd\u642d\u914dQR Code\u908a\u770b\u908a\u5b78\u3002<br \/>\n\u2726\u897f\u88dd\u00ea\u5bc6\u78bc\u2500\u886b\u3001\u8932\u3001\u6d0b\u88dd\u3001\u9818\u5b50\u3001\u8896\u53e3\u2026\u2026\uff0c\u5f9e\u751f\u6d3b\u65e5\u5e38\u7528\u670d\u98fe\u5b78\u7fd2\u53f0\u8a9e\u3002<br \/>\n\u2726\u91cf\u770b\u8993\u2500\u908a\u770b\u66f8\u908a\u7528\u5e03\u5c3a\uff0c\u91cf\u51fa\u5c6c\u65bc\u4f60\u7684\u5c3a\u5bf8\uff0c\u8a18\u9304\u95b1\u8b80\u9019\u672c\u66f8\u7684\u300c\u5bf8\u5c3a\u300d\u3002<br \/>\n\u2726\u88fd\u4f5c\u897f\u88dd\u00ea\u7a0b\u5e8f\u2500\u9078\u5e03\uff0c\u91cf\u5c3a\u5bf8\u3001\u756b\u7dda\u3001\u526a\u88c1\u2026\u2026\u4e00\u8d77\u8a8d\u8b58\u88fd\u4f5c\u897f\u88dd\u7684\u6d41\u7a0b\u3002<\/p>\n<p>\u2500\u2500\u2500\u2726\u672c\u66f8\u7279\u8272\u2726\u2500\u2500\u2500<br \/>\n\u2726\u53f0\u6587\u539f\u5275\u7e6a\u672c\uff0c\u4e0d\u662f\u6559\u6750\uff0c\u662f\u751f\u6d3b\u2500\u7528\u8cbc\u8fd1\u53e3\u8a9e\u3001\u597d\u5538\u597d\u8b80\u7684\u53f0\u8a9e\uff0c\u8b93\u53f0\u6587\u56de\u5230\u300c\u8aaa\u6545\u4e8b\u300d\u7684\u4f4d\u7f6e\uff0c\u4e0d\u9700\u8981\u61c2\u5f88\u591a\u53f0\u8a9e\uff0c\u4e5f\u80fd\u611f\u53d7\u60c5\u611f\u3002<br \/>\n\u2726\u8077\u4eba\u7cbe\u795e \u00d7 \u5bb6\u5ead\u60c5\u611f\uff0c\u6eab\u67d4\u4e0d\u717d\u60c5\u2500\u4e0d\u7528\u5927\u9053\u7406\uff0c\u800c\u662f\u7528\u4e00\u91dd\u4e00\u7dda\uff0c\u6162\u6162\u770b\u898b\u4e00\u4f4d\u7236\u89aa\u5982\u4f55\u7528\u5de5\u4f5c\u5b88\u8b77\u5bb6\u4eba\u8207\u4ed6\u4eba\u3002<br \/>\n\u2726\u9069\u5408\u89aa\u5b50\u5171\u8b80\uff0c\u4e5f\u9069\u5408\u5927\u4eba\u7368\u8b80\u2500\u5b69\u5b50\u770b\u6545\u4e8b\uff0c\u5927\u4eba\u8b80\u4eba\u751f\uff1b\u662f\u4e00\u672c\u6703\u88ab\u7559\u4e0b\u4f86\u3001\u53cd\u8986\u7ffb\u95b1\u7684\u7e6a\u672c\u3002<br \/>\n\u2726\u53f0\u7063\u5728\u5730\u6587\u5316\uff0c\u537b\u4e0d\u8a2d\u9580\u6abb\u2500\u53f0\u7063\u6700\u7f8e\u7684\u5730\u65b9\u662f\u300c\u4eba\u60c5\u5473\u300d\uff0c\u5728\u9019\u6545\u4e8b\u88e1\u627e\u5230\u719f\u6089\u7684\u60c5\u611f\u8207\u5171\u9cf4\u3002<\/p>\n<p>\u2500\u2500\u2500\u2726\u95b1\u8b80\u672c\u66f8\u7684\u65b9\u6cd5\u2726\u2500\u2500\u2500<br \/>\n\u2726\u9069\u8b80\u5e74\u9f61\uff1a\u5b78\u9f61\u524d\u89aa\u5b50\u5171\u8b80\u3001\u570b\u5c0f\u3001\u570b\u4e2d\u53f0\u6587\u5b78\u7fd2<br \/>\n\u2726\u96a8\u66f8\u9644\u6717\u8b80\u97f3\u6a94\u2500\u53ef\u4ee5\u6383\u63cfQRCODE\uff0c\u8ddf\u8457\u4e00\u8d77\u95b1\u8b80\u9019\u4e00\u672c\u66f8\u3002<br \/>\n\u2726\u8ddf\u8457\u66f8\u4e2d\u7684\u5c0f\u5973\u5b69\u3001\u9ce5\u3001\u71c8\u548c\u82b1\uff0c\u4f60\u770b\u898b\u4e86\u4ec0\u9ebc\uff1f\u7528\u53f0\u8a9e\u8aaa\u51fa\u5c6c\u65bc\u4f60\u7684\u6545\u4e8b\u3002<br \/>\n\u2726\u7279\u5225\u7e6a\u88fd\u7684\u82b1\uff0c\u4ed4\u7d30\u89c0\u5bdf\u82b1\u7684\u6a23\u5b50\uff0c\u67e5\u67e5\u82b1\u7684\u540d\u5b57\uff0c\u4f60\u4e5f\u6703\u805e\u5230\u82b1\u7684\u9999\u5473\u3002<br \/>\n\u2726\u5f9e\u963f\u9577\u5e2b\u5de5\u4f5c\u7684\u89d2\u5ea6\u51fa\u767c\uff0c\u4e5f\u53ef\u4ee5\u4e86\u89e3\u88fd\u4f5c\u8863\u670d\u7684\u6d41\u7a0b\uff0c\u767c\u73fe\u5176\u4e2d\u7684\u8da3\u5473\u3002<\/p>\n<p>\u3010\u5404\u754c\u611f\u5fc3\u63a8\u85a6\u3011\uff08\u4f9d\u59d3\u540d\u7b46\u756b\u6392\u5e8f\uff09<br \/>\n\u674e\u91d1\u9d26\uff08\u9ad8\u96c4\u5e02\u7acb\u5716\u66f8\u9928\u9928\u9577\uff09<br \/>\n\u674e\u8c9e\u6167\uff08\u4f5c\u5bb6\u3001\u8b6f\u8005\u3001\u95b1\u8b80\u63a8\u5ee3\u4eba\uff09<br \/>\n\u4f73\u52f5\u3001\u73ee\u6745\uff08\u6d0b\u6d0b\u672c\u5c4b\u5e97\u4e3b\uff09<br \/>\n\u5468\u898b\u4fe1\uff08\u5716\u6587\u5275\u4f5c\u8005\uff09<br \/>\n\u6797\u851a\u6600\uff08\u4f5c\u5bb6\uff09<br \/>\n\u80e1\u81f4\u8389\uff08\u300c\u6b16\u4ec1\u5abd\u5abd\u8aaa\u6545\u4e8b\u300d\u88fd\u4f5c\u4eba\u3001\u4f5c\u8005\uff09<br \/>\n\u6d77\u72d7\u623f\u6771\uff08\u7e6a\u672c\u4f5c\u5bb6\uff09<br \/>\n\u5f35\u6587\u5a77\uff08\u6587\u5316\u90e8\u7e6a\u672c\u5b78\u6821\u5c0e\u5e2b\u3001\u5fc5\u770b\u5167\u5bb9\u5275\u8fa6\u4eba\uff09<br \/>\n\u90ed\u4e43\u6587\uff08\u7e6a\u672c\u4f5c\u5bb6\uff09<br \/>\n\u9673\u828a\u6995\uff08\u7e6a\u672c\u4f5c\u5bb6\uff09<br \/>\n\u9673\u8c50\u60e0\uff08\u674e\u6c5f\u5374\u53f0\u8a9e\u6587\u6559\u57fa\u91d1\u6703\u57f7\u884c\u9577\uff09<br \/>\n\u66fe\u742e\u5f65\uff08\u756b\u5708\u5708\u7e6a\u672c\u5275\u4f5c\u793e\u5718\u968a\u9577\u3001\u5496\u5fc5\u518a\u5e97\u8aaa\u66f8\u4eba\uff09<br \/>\n\u6e38\u73ee\u82b8\uff08\u53f0\u6771\u5927\u5b78\u5152\u7ae5\u6587\u5b78\u7814\u7a76\u6240\u6240\u9577\uff09<br \/>\n\u912d\u9806\u8070\uff08\u53f0\u6587\u4f5c\u5bb6\uff09<br \/>\n\u8af6\u6dd1\u5a77\uff08\u6587\u5b57\u5de5\u4f5c\u8005\uff09<br \/>\n\u85cd\u4f9d\u52e4\uff08\u7e6a\u672c\u661f\u7403212-7 \u7248\u4e3b\uff09<\/p>\n<p>\u5f97\u734e\u7d00\u9304<br \/>\n\u5165\u9078\u6587\u5316\u90e8\u300c\u7e6a\u672c\u53ca\u5716\u6587\u66f8\u5275\u4f5c\u65b0\u79c0\u734e\u52f5\u300d\u5275\u4f5c<\/p>\n<h2><strong>\u4f5c\u8005\u7c21\u4ecb<\/strong><\/h2>\n<p>\u3010\u5716\u6587\u4f5c\u8005\u3011\u9673\u9e97\u541b(T\u00e2n L\u0113-kun)<br \/>\n\u9ad8\u96c4\u5e2b\u7bc4\u5927\u5b78\u7f8e\u8853\u7cfb\u7814\u7a76\u6240\u7562\u696d\uff0c\u570b\u5c0f\u7f8e\u8853\u517c\u4efb\u6559\u5e2b\u3002\u7f8e\u8853\u6559\u5b78\u6642\u5e38\u7528\u7e6a\u672c\u6545\u4e8b\u5f15\u5c0e\u5b69\u5b50\u5011\u5275\u4f5c\uff0c\u559c\u6b61\u7e6a\u672c\u770b\u4f3c\u8584\u8584\u7684\u5e7e\u9801\u537b\u53ef\u6df1\u5f97\u4eba\u5fc3\u3002\u756b\u98a8\u591a\u6a23\uff0c\u5e0c\u671b\u8b93\u5927\u4eba\u5c0f\u5b69\u90fd\u80fd\u5f9e\u756b\u4e2d\u611f\u53d7\u5230\u4e0d\u4e00\u6a23\u7684\u6eab\u5ea6\u3002<br \/>\n2021\u5e74\u53c3\u52a0\u597d\u7e6a\u82bd\u5275\u4f5c\u73ed\uff0c\u958b\u59cb\u4ee5\u81fa\u7063\u539f\u5275\u7e6a\u672c\u8aaa\u6545\u4e8b\u30022024 \u5e74\u300a\u662f\u8ab0\u5077\u5403\u4e86\u7d05\u9f8d\u679c\u300b\u5165\u570d\u7b2c36 \u5c46\u4fe1\u8abc\u5e7c\u5152\u6587\u5b78\u734e\u5716\u756b\u66f8\u5275\u4f5c\u734e\u30022025 \u5e74\u300a\u963f\u9577\u5e2b\u00ea \u897f\u88dd\u5e97\u300b\u7372\u7b2c\u4e00\u5c46\u6587\u5316\u90e8\u7e6a\u672c\u53ca\u5716\u6587\u66f8\u5275\u4f5c\u65b0\u79c0\u734e\u52f5\uff0c\u7d93\u6b77\u4e00\u5e74\u57f9\u8a13\uff0c\u5c0d\u65bc\u4ee5\u7e6a\u672c\u5275\u4f5c\u6709\u66f4\u6df1\u523b\u7684\u7406\u89e3\uff0c\u671f\u8a31\u53ef\u4ee5\u7e7c\u7e8c\u4ee5\u756b\u4f5c\u5206\u4eab\u66f4\u591a\u611f\u4eba\u7684\u6545\u4e8b\u3002<\/p>\n<p>\u3010\u53f0\u6587\u5be9\u5b9a\u3011\u674e\u7d2b\u745c(L\u00ed Ts\u00ed-j\u00fb)<br \/>\n\u9ad8\u96c4\u5e2b\u7bc4\u5927\u5b78\u81fa\u7063\u7814\u7a76\u6240\u8a9e\u8a00\u7d44\u78a9\u58eb\u3002\u66fe\u4efb\u570b\u4e2d\u5c0f\u5b78\u53f0\u8a9e\u652f\u63f4\u6559\u5e2b\uff0c\u73fe\u4efb\u9ad8\u96c4\u5e2b\u7bc4\u5927\u5b78\u9032\u4fee\u5b78\u9662\u300c\u83ef\u53f0\u8a9e\u6587\u5c0d\u8b6f\u300d\u8ab2\u4efb\u8001\u5e2b\u3002\u5c08\u6ce8\u65bc\u95a9\u5357\u8a9e\u8a9e\u6cd5\u8207\u8a9e\u8a00\u5b78\u7814\u7a76\uff0c\u8457\u4f5c\u6709\u300a\u6e56\u6ff1\u6563\u8a18\u300b\u53f0\u8a9e\u8b6f\u672c\u3002<\/p>\n<p>ISBN\uff1a9786267828434<br \/>\n\u51fa\u7248\u793e\uff1a\u6674\u597d\u51fa\u7248<br \/>\n\u898f\u683c\uff1a\u7cbe\u88dd \/ 46\u9801 \/ 26 x 19 x 1 cm \/ \u666e\u901a\u7d1a \/ \u5168\u5f69\u5370\u5237 \/ \u521d\u7248<br \/>\n\u51fa\u7248\u5730\uff1a\u53f0\u7063<\/p>\n","protected":false},"excerpt":{"rendered":"<p>\u963f\u9577\u5e2b\u00ea\u897f\u88dd\u5e97\u3010\u53f0\u6587\u7e6a\u672c\u3011\uff1a\u4e00\u91dd\u4e00\u7dda\u7d29\u51fa\u5e78\u798f\u00ea\u8a18\u61b6\uff08\u9644\u6717\u8b80\u97f3\u6a94+\u897f\u88dd\u5e97\u5c0f\u767e\u79d1\u53f0\u8a9e\u5b78\u7fd2\uff09(4\/30\u51fa\u7248) \u5167\u5bb9\u7c21&#8230;<\/p>\n","protected":false},"featured_media":139274,"comment_status":"closed","ping_status":"closed","template":"","meta":[],"product_brand":[],"product_cat":[2663,2849],"product_tag":[],"class_list":{"0":"post-139269","1":"product","2":"type-product","3":"status-publish","4":"has-post-thumbnail","6":"product_cat-2663","7":"product_cat-kids","9":"first","10":"instock","11":"sale","12":"taxable","13":"shipping-taxable","14":"purchasable","15":"product-type-simple"},"bundled_by":[],"bundle_stock_status":"instock","bundle_stock_quantity":null,"bundle_virtual":false,"bundle_layout":"","bundle_add_to_cart_form_location":"","bundle_editable_in_cart":false,"bundle_sold_individually_context":"","bundle_item_grouping":"","bundle_min_size":"","bundle_max_size":"","bundle_price":[],"bundled_items":[],"bundle_sell_ids":[65786,138697],"_links":{"self":[{"href":"https:\/\/www.gjtaiwan.com\/new\/wp-json\/wp\/v2\/product\/139269","targetHints":{"allow":["GET"]}}],"collection":[{"href":"https:\/\/www.gjtaiwan.com\/new\/wp-json\/wp\/v2\/product"}],"about":[{"href":"https:\/\/www.gjtaiwan.com\/new\/wp-json\/wp\/v2\/types\/product"}],"replies":[{"embeddable":true,"href":"https:\/\/www.gjtaiwan.com\/new\/wp-json\/wp\/v2\/comments?post=139269"}],"wp:featuredmedia":[{"embeddable":true,"href":"https:\/\/www.gjtaiwan.com\/new\/wp-json\/wp\/v2\/media\/139274"}],"wp:attachment":[{"href":"https:\/\/www.gjtaiwan.com\/new\/wp-json\/wp\/v2\/media?parent=139269"}],"wp:term":[{"taxonomy":"product_brand","embeddable":true,"href":"https:\/\/www.gjtaiwan.com\/new\/wp-json\/wp\/v2\/product_brand?post=139269"},{"taxonomy":"product_cat","embeddable":true,"href":"https:\/\/www.gjtaiwan.com\/new\/wp-json\/wp\/v2\/product_cat?post=139269"},{"taxonomy":"product_tag","embeddable":true,"href":"https:\/\/www.gjtaiwan.com\/new\/wp-json\/wp\/v2\/product_tag?post=139269"}],"curies":[{"name":"wp","href":"https:\/\/api.w.org\/{rel}","templated":true}]}}