{"id":30547,"date":"2019-05-23T17:21:56","date_gmt":"2019-05-23T09:21:56","guid":{"rendered":"https:\/\/www.gjtaiwan.com\/new\/?post_type=product&#038;p=30547"},"modified":"2019-06-03T14:15:54","modified_gmt":"2019-06-03T06:15:54","slug":"1939%e8%87%ba%e5%8d%97%e9%8a%80%e5%ba%a7%e6%8b%bc%e5%9c%96520%e7%89%87","status":"publish","type":"product","link":"https:\/\/www.gjtaiwan.com\/new\/product\/1939%e8%87%ba%e5%8d%97%e9%8a%80%e5%ba%a7%e6%8b%bc%e5%9c%96520%e7%89%87","title":{"rendered":"1939\u81fa\u5357\u9280\u5ea7\u62fc\u5716(520\u7247)"},"content":{"rendered":"<h1><strong>1939\u81fa\u5357\u9280\u5ea7\u62fc\u5716(520\u7247)<\/strong><\/h1>\n<p><a href=\"https:\/\/www.gjtaiwan.com\/new\/wp-content\/uploads\/2019\/05\/DSC7448.jpg\"><img loading=\"lazy\" decoding=\"async\" class=\"alignnone size-large wp-image-30923\" src=\"https:\/\/www.gjtaiwan.com\/new\/wp-content\/uploads\/2019\/05\/DSC7448-1208x800.jpg\" alt=\"\" width=\"1020\" height=\"675\" srcset=\"https:\/\/www.gjtaiwan.com\/new\/wp-content\/uploads\/2019\/05\/DSC7448.jpg 1208w, https:\/\/www.gjtaiwan.com\/new\/wp-content\/uploads\/2019\/05\/DSC7448-604x400.jpg 604w, https:\/\/www.gjtaiwan.com\/new\/wp-content\/uploads\/2019\/05\/DSC7448-768x509.jpg 768w, https:\/\/www.gjtaiwan.com\/new\/wp-content\/uploads\/2019\/05\/DSC7448-600x397.jpg 600w\" sizes=\"auto, (max-width: 1020px) 100vw, 1020px\" \/><\/a><\/p>\n<p><a href=\"https:\/\/www.gjtaiwan.com\/new\/wp-content\/uploads\/2019\/05\/\u672b\u5ee3\u753a-fina-1.jpg\"><img loading=\"lazy\" decoding=\"async\" class=\"alignnone size-full wp-image-31125\" src=\"https:\/\/www.gjtaiwan.com\/new\/wp-content\/uploads\/2019\/05\/\u672b\u5ee3\u753a-fina-1.jpg\" alt=\"\" width=\"500\" height=\"375\" \/><\/a><\/p>\n<p>&nbsp;<\/p>\n<p><a href=\"https:\/\/www.gjtaiwan.com\/new\/wp-content\/uploads\/2019\/05\/DSC7439.jpg\"><img loading=\"lazy\" decoding=\"async\" class=\"alignnone size-large wp-image-30917\" src=\"https:\/\/www.gjtaiwan.com\/new\/wp-content\/uploads\/2019\/05\/DSC7439-1208x800.jpg\" alt=\"\" width=\"1020\" height=\"675\" srcset=\"https:\/\/www.gjtaiwan.com\/new\/wp-content\/uploads\/2019\/05\/DSC7439.jpg 1208w, https:\/\/www.gjtaiwan.com\/new\/wp-content\/uploads\/2019\/05\/DSC7439-604x400.jpg 604w, https:\/\/www.gjtaiwan.com\/new\/wp-content\/uploads\/2019\/05\/DSC7439-768x509.jpg 768w, https:\/\/www.gjtaiwan.com\/new\/wp-content\/uploads\/2019\/05\/DSC7439-600x397.jpg 600w\" sizes=\"auto, (max-width: 1020px) 100vw, 1020px\" \/><\/a><\/p>\n<p><a href=\"https:\/\/www.gjtaiwan.com\/new\/wp-content\/uploads\/2019\/05\/DSC7451.jpg\"><img loading=\"lazy\" decoding=\"async\" class=\"alignnone size-large wp-image-30927\" src=\"https:\/\/www.gjtaiwan.com\/new\/wp-content\/uploads\/2019\/05\/DSC7451-1208x800.jpg\" alt=\"\" width=\"1020\" height=\"675\" srcset=\"https:\/\/www.gjtaiwan.com\/new\/wp-content\/uploads\/2019\/05\/DSC7451.jpg 1208w, https:\/\/www.gjtaiwan.com\/new\/wp-content\/uploads\/2019\/05\/DSC7451-604x400.jpg 604w, https:\/\/www.gjtaiwan.com\/new\/wp-content\/uploads\/2019\/05\/DSC7451-768x509.jpg 768w, https:\/\/www.gjtaiwan.com\/new\/wp-content\/uploads\/2019\/05\/DSC7451-600x397.jpg 600w\" sizes=\"auto, (max-width: 1020px) 100vw, 1020px\" \/><\/a><\/p>\n<p>&nbsp;<\/p>\n<p>\u81fa\u5357\u672b\u5ee3\u753a\u5546\u5e97\u8857\u843d\u6210\u65bc1932\u5e74\uff0c\u5176\u4e2d\u7b2c\u4e00\u9ad8\u6a13\u70ba\u65e5\u4eba\u6797\u65b9\u4e00\u5275\u7acb\u7684\u6797\u767e\u8ca8\u5e97\uff0c\u81fa\u5357\u4eba\u4fd7\u7a31\u4e94\u68e7\u6a13\u4ed4(G\u014d\u0358-ch\u00e0n-l\u00e2u-\u00e1)<br \/>\n\u6797\u767e\u8ca8\u5e97\u5efa\u7bc9\u4e8c\u6230\u5f8c\u7d93\u6b77\u9e7d\u52d9\u6240\uff0c\u7ce7\u98df\u5c40\uff0c\u8ecd\u65b9\u4f54\u7528\uff0c\u5e74\u4e45\u5931\u4fee\u65e5\u6f38\u6b98\u7834\uff0c1998\u5e74\u88ab\u5b9a\u70ba\u5e02\u5b9a\u53e4\u8e5f\uff0c2010\u5e74\u5c55\u958b\u4fee\u5fa9\uff0c<br \/>\n2014\u5e74\u7d42\u65bc\u4ee5\u6587\u5275\u767e\u8ca8\u4e4b\u59ff\u91cd\u65b0\u958b\u5e55\u3002<br \/>\n\u5716\u70ba1939\u5e74\u81fa\u5357\u7b2c\u4e8c\u9ad8\u7b49\u5973\u5b78\u6821\u5b78\u751f(\u4eca\u81fa\u5357\u5973\u4e2d\u524d\u8eab)\uff0c\u5728\u7576\u6642\u6700\u7e41\u83ef\uff0c\u5225\u7a31\u81fa\u5357\u9280\u5ea7\u7684\u672b\u5ee3\u753a\u8857\u71c8\u4e0b\u60c5\u5883\u5275\u4f5c\u3002<\/p>\n<h2><strong>\u5546\u54c1\u8cc7\u8a0a<\/strong><\/h2>\n<p>\u81fa\u5357\u9280\u5ea7\u7684\u7d04\u5b9a 520\u7247\u62fc\u5716<br \/>\n\u5916\u76d2\u5c3a\u5bf8\uff1a22 x 29 x 5\u516c\u5206<br \/>\n\u62fc\u5716\u5c3a\u5bf8\uff1a38\u516c\u5206 x 53\u516c\u5206<br \/>\n<a href=\"http:\/\/class.ruten.com.tw\/user\/index00.php?s=gjtwn\" target=\"_blank\" rel=\"noopener\"><img decoding=\"async\" src=\"https:\/\/www.gjtaiwan.com\/image\/data\/addlpmz19qm7.png\" alt=\"\" \/><\/a><\/p>\n","protected":false},"excerpt":{"rendered":"<p>1939\u81fa\u5357\u9280\u5ea7\u62fc\u5716(520\u7247) &nbsp; &nbsp; \u81fa\u5357\u672b\u5ee3\u753a\u5546\u5e97\u8857\u843d\u6210\u65bc1932\u5e74\uff0c\u5176\u4e2d\u7b2c\u4e00\u9ad8\u6a13\u70ba&#8230;<\/p>\n","protected":false},"featured_media":30923,"comment_status":"closed","ping_status":"closed","template":"","meta":[],"product_brand":[],"product_cat":[7441,2705],"product_tag":[8339,5389,3845,3051,2735,3847],"class_list":{"0":"post-30547","1":"product","2":"type-product","3":"status-publish","4":"has-post-thumbnail","6":"product_cat-7441","7":"product_cat-2705","8":"product_tag-8339","9":"product_tag-5389","10":"product_tag-3845","11":"product_tag-3051","12":"product_tag-2735","13":"product_tag-3847","15":"first","16":"instock","17":"sale","18":"taxable","19":"shipping-taxable","20":"purchasable","21":"product-type-simple"},"bundled_by":[],"bundle_stock_status":"instock","bundle_stock_quantity":null,"bundle_virtual":false,"bundle_layout":"","bundle_add_to_cart_form_location":"","bundle_editable_in_cart":false,"bundle_sold_individually_context":"","bundle_item_grouping":"","bundle_min_size":"","bundle_max_size":"","bundle_price":[],"bundled_items":[],"bundle_sell_ids":[65786,138697],"_links":{"self":[{"href":"https:\/\/www.gjtaiwan.com\/new\/wp-json\/wp\/v2\/product\/30547","targetHints":{"allow":["GET"]}}],"collection":[{"href":"https:\/\/www.gjtaiwan.com\/new\/wp-json\/wp\/v2\/product"}],"about":[{"href":"https:\/\/www.gjtaiwan.com\/new\/wp-json\/wp\/v2\/types\/product"}],"replies":[{"embeddable":true,"href":"https:\/\/www.gjtaiwan.com\/new\/wp-json\/wp\/v2\/comments?post=30547"}],"wp:featuredmedia":[{"embeddable":true,"href":"https:\/\/www.gjtaiwan.com\/new\/wp-json\/wp\/v2\/media\/30923"}],"wp:attachment":[{"href":"https:\/\/www.gjtaiwan.com\/new\/wp-json\/wp\/v2\/media?parent=30547"}],"wp:term":[{"taxonomy":"product_brand","embeddable":true,"href":"https:\/\/www.gjtaiwan.com\/new\/wp-json\/wp\/v2\/product_brand?post=30547"},{"taxonomy":"product_cat","embeddable":true,"href":"https:\/\/www.gjtaiwan.com\/new\/wp-json\/wp\/v2\/product_cat?post=30547"},{"taxonomy":"product_tag","embeddable":true,"href":"https:\/\/www.gjtaiwan.com\/new\/wp-json\/wp\/v2\/product_tag?post=30547"}],"curies":[{"name":"wp","href":"https:\/\/api.w.org\/{rel}","templated":true}]}}