{"id":45253,"date":"2020-01-13T22:27:35","date_gmt":"2020-01-13T14:27:35","guid":{"rendered":"https:\/\/www.gjtaiwan.com\/new\/?post_type=product&#038;p=45253"},"modified":"2026-01-27T10:35:44","modified_gmt":"2026-01-27T02:35:44","slug":"%e4%b8%ad%e9%83%a8%e7%b2%bd%e6%b0%b4%e6%b3%a5%e7%b4%99%e9%8e%ae","status":"publish","type":"product","link":"https:\/\/www.gjtaiwan.com\/new\/product\/%e4%b8%ad%e9%83%a8%e7%b2%bd%e6%b0%b4%e6%b3%a5%e7%b4%99%e9%8e%ae","title":{"rendered":"\u4e2d\u90e8\u7cbd\u6c34\u6ce5\u7d19\u93ae"},"content":{"rendered":"<h1><strong>\u4e2d\u90e8\u7cbd\u6c34\u6ce5\u7d19\u93ae<\/strong><\/h1>\n<p><a href=\"https:\/\/www.gjtaiwan.com\/new\/wp-content\/uploads\/2020\/01\/DSC0185.jpg\"><img loading=\"lazy\" decoding=\"async\" class=\"alignnone size-large wp-image-53261\" src=\"https:\/\/www.gjtaiwan.com\/new\/wp-content\/uploads\/2020\/01\/DSC0185-1208x800.jpg\" alt=\"\" width=\"1020\" height=\"675\" srcset=\"https:\/\/www.gjtaiwan.com\/new\/wp-content\/uploads\/2020\/01\/DSC0185.jpg 1208w, https:\/\/www.gjtaiwan.com\/new\/wp-content\/uploads\/2020\/01\/DSC0185-604x400.jpg 604w, https:\/\/www.gjtaiwan.com\/new\/wp-content\/uploads\/2020\/01\/DSC0185-768x509.jpg 768w, https:\/\/www.gjtaiwan.com\/new\/wp-content\/uploads\/2020\/01\/DSC0185-600x397.jpg 600w\" sizes=\"auto, (max-width: 1020px) 100vw, 1020px\" \/><\/a><\/p>\n<p><a href=\"https:\/\/www.gjtaiwan.com\/new\/wp-content\/uploads\/2020\/01\/DSC05449.jpg\"><img loading=\"lazy\" decoding=\"async\" class=\"alignnone size-large wp-image-46055\" src=\"https:\/\/www.gjtaiwan.com\/new\/wp-content\/uploads\/2020\/01\/DSC05449-1200x800.jpg\" alt=\"\" width=\"1020\" height=\"680\" srcset=\"https:\/\/www.gjtaiwan.com\/new\/wp-content\/uploads\/2020\/01\/DSC05449.jpg 1200w, https:\/\/www.gjtaiwan.com\/new\/wp-content\/uploads\/2020\/01\/DSC05449-600x400.jpg 600w, https:\/\/www.gjtaiwan.com\/new\/wp-content\/uploads\/2020\/01\/DSC05449-768x512.jpg 768w\" sizes=\"auto, (max-width: 1020px) 100vw, 1020px\" \/><\/a><\/p>\n<p><a href=\"https:\/\/www.gjtaiwan.com\/new\/wp-content\/uploads\/2020\/01\/DSC0183.jpg\"><img loading=\"lazy\" decoding=\"async\" class=\"alignnone size-large wp-image-53259\" src=\"https:\/\/www.gjtaiwan.com\/new\/wp-content\/uploads\/2020\/01\/DSC0183-1208x800.jpg\" alt=\"\" width=\"1020\" height=\"675\" srcset=\"https:\/\/www.gjtaiwan.com\/new\/wp-content\/uploads\/2020\/01\/DSC0183.jpg 1208w, https:\/\/www.gjtaiwan.com\/new\/wp-content\/uploads\/2020\/01\/DSC0183-604x400.jpg 604w, https:\/\/www.gjtaiwan.com\/new\/wp-content\/uploads\/2020\/01\/DSC0183-768x509.jpg 768w, https:\/\/www.gjtaiwan.com\/new\/wp-content\/uploads\/2020\/01\/DSC0183-600x398.jpg 600w\" sizes=\"auto, (max-width: 1020px) 100vw, 1020px\" \/><\/a><\/p>\n<p>&nbsp;<\/p>\n<p>\u5c3a\u5bf8\u7d047x7x7cm<\/p>\n<p>\u6750\u8cea\uff1a100%\u6c34\u6ce5\uff0c\u8cea\u5730\u7d30\u7dfb\uff0c\u7d55\u5c0d\u4e0d\u542b\u4eba\u9ad4\u7d44\u7e54<\/p>\n<p>\u91cd\u91cf\uff1a115\u516c\u514b\uff0c\u93ae\u5b88\u4f60\u684c\u4e0a\u7684\u6d77\u666f\u7b2c\u4e00\u6392<\/p>\n<p>\u3010\u5beb\u4fe1\u544a\u8a34\u6211\u4eca\u5929\u7684\u6d77\u662f\u4ec0\u9ebd\u9854\u8272\u3011<br \/>\n\u751f\u70ba\u53f0\u7063\u4eba\uff0c\u6bcf\u500b\u4eba\uff0c\u90fd\u662f\u6d77\u666f\u7b2c\u4e00\u6392<br \/>\n\u53f0\u7063\u4eba\u662f\u6d77\u7684\u5b50\u6c11\uff0c\u751f\u6d3b\u4e2d\u8209\u76ee\u90fd\u662f\u5927\u6d77\u7684\u6069\u8cdc\uff0c\u7136\u800c\u4f4f\u5728\u6d77\u666f\u7b2c\u4e00\u6392\u7684\u4f60\uff0c\u771f\u7684\u77e5\u9053\u6d77\u662f\u4ec0\u9ebc\u984f\u8272\u55ce\uff1f<br \/>\n\u3010\u5b88\u8b77\u6d77\u5cb8\u7dda\uff1f\u3011<br \/>\n\u4f48\u6eff\u81fa\u7063\u6d77\u5cb8\u7684\u6d88\u6ce2\u584a\u96d6\u7136\u53ef\u4ee5\u77ed\u66ab\u963b\u64cb\u6ce2\u6d6a\uff0c\u537b\u53ef\u80fd\u56e0\u70ba\u5f37\u70c8\u7684\u53cd\u5c04\u4f5c\u7528\uff0c\u66f4\u52a0\u901f\u6d88\u6ce2\u584a\u5e95\u90e8\u6c99\u5c64\u6d41\u5931\uff0c\u6700\u5f8c\u53cd\u800c\u4fb5\u8755\u6d77\u5cb8\u54e6\uff01<br \/>\n\u800c\u6d88\u6ce2\u584a\u8207\u6c99\u7058\u7684\u5e95\u8cea\u6bd4\u91cd\u4e0d\u540c\uff0c\u7d93\u904e\u6642\u65e5\u6d88\u6ce2\u584a\u6703\u4e0d\u65b7\u4e0b\u6c89\u2026\u2026<br \/>\n\u3010\u807d\u6d77\u54ed\u7684\u8072\u97f3\u3011<br \/>\n\u8eab\u70ba\u6d77\u666f\u7b2c\u4e00\u6392\u7684\u53f0\u7063\u4eba\uff0c\u53ef\u4ee5\u8aaa\u662f\u8207\u6d77\u6d0b\u300c\u4edd\u884c\u4edd\u547d\u300d\uff08k\u0101ng-ki\u00e2nn- k\u0101ng-mi\u0101\uff09\u7684\u547d\u904b\u5171\u540c\u9ad4\uff0c\u53ea\u6709\u6d77\u6d0b\u6d3b\u5f97\u597d\uff0c\u81fa\u7063\u4eba\u624d\u80fd\u904e\u5f97\u597d\u3002<\/p>\n<p>\u628a\u641e\u7b11\u7684\u6d88\u6ce2\u584a\u7559\u7d66\u81ea\u5df1\uff0c\u628a\u6d77\u5cb8\u7dda\u9084\u7d66\u6d77\u6d0b<\/p>\n<p>\uff0a\u6c34\u6ce5\u88fd\u54c1\u8868\u9762\u53ef\u80fd\u6709\u4e9b\u8a31\u6c23\u5b54\u3001\u8868\u9762\u7c97\u7cd9\u6709\u4e9b\u5fae\u7c89\u672b\u4fc2\u5c6c\u6b63\u5e38\u73fe\u8c61<\/p>\n","protected":false},"excerpt":{"rendered":"<p>\u4e2d\u90e8\u7cbd\u6c34\u6ce5\u7d19\u93ae &nbsp; \u5c3a\u5bf8\u7d047x7x7cm \u6750\u8cea\uff1a100%\u6c34\u6ce5\uff0c\u8cea\u5730\u7d30\u7dfb\uff0c\u7d55\u5c0d\u4e0d\u542b\u4eba\u9ad4\u7d44\u7e54 \u91cd\u91cf\uff1a11&#8230;<\/p>\n","protected":false},"featured_media":53261,"comment_status":"closed","ping_status":"closed","template":"","meta":[],"product_brand":[],"product_cat":[133,2705],"product_tag":[5025,10317,10315],"class_list":{"0":"post-45253","1":"product","2":"type-product","3":"status-publish","4":"has-post-thumbnail","6":"product_cat-uncategorized","7":"product_cat-2705","8":"product_tag-5025","9":"product_tag-10317","10":"product_tag-10315","12":"first","13":"outofstock","14":"taxable","15":"shipping-taxable","16":"purchasable","17":"product-type-simple"},"bundled_by":[],"bundle_stock_status":"outofstock","bundle_stock_quantity":0,"bundle_virtual":false,"bundle_layout":"","bundle_add_to_cart_form_location":"","bundle_editable_in_cart":false,"bundle_sold_individually_context":"","bundle_item_grouping":"","bundle_min_size":"","bundle_max_size":"","bundle_price":[],"bundled_items":[],"bundle_sell_ids":[65786,138697],"_links":{"self":[{"href":"https:\/\/www.gjtaiwan.com\/new\/wp-json\/wp\/v2\/product\/45253","targetHints":{"allow":["GET"]}}],"collection":[{"href":"https:\/\/www.gjtaiwan.com\/new\/wp-json\/wp\/v2\/product"}],"about":[{"href":"https:\/\/www.gjtaiwan.com\/new\/wp-json\/wp\/v2\/types\/product"}],"replies":[{"embeddable":true,"href":"https:\/\/www.gjtaiwan.com\/new\/wp-json\/wp\/v2\/comments?post=45253"}],"wp:featuredmedia":[{"embeddable":true,"href":"https:\/\/www.gjtaiwan.com\/new\/wp-json\/wp\/v2\/media\/53261"}],"wp:attachment":[{"href":"https:\/\/www.gjtaiwan.com\/new\/wp-json\/wp\/v2\/media?parent=45253"}],"wp:term":[{"taxonomy":"product_brand","embeddable":true,"href":"https:\/\/www.gjtaiwan.com\/new\/wp-json\/wp\/v2\/product_brand?post=45253"},{"taxonomy":"product_cat","embeddable":true,"href":"https:\/\/www.gjtaiwan.com\/new\/wp-json\/wp\/v2\/product_cat?post=45253"},{"taxonomy":"product_tag","embeddable":true,"href":"https:\/\/www.gjtaiwan.com\/new\/wp-json\/wp\/v2\/product_tag?post=45253"}],"curies":[{"name":"wp","href":"https:\/\/api.w.org\/{rel}","templated":true}]}}