{"id":52133,"date":"2020-02-25T11:32:32","date_gmt":"2020-02-25T03:32:32","guid":{"rendered":"https:\/\/www.gjtaiwan.com\/new\/?post_type=product&#038;p=52133"},"modified":"2020-02-25T11:32:34","modified_gmt":"2020-02-25T03:32:34","slug":"lah-jih%e8%ba%ab%e4%b8%96kap%e8%a6%aa%e4%ba%ba","status":"publish","type":"product","link":"https:\/\/www.gjtaiwan.com\/new\/product\/lah-jih%e8%ba%ab%e4%b8%96kap%e8%a6%aa%e4%ba%ba","title":{"rendered":"Lah-jih\u8eab\u4e16kap\u89aa\u4eba"},"content":{"rendered":"<h1><strong>Lah-jih\u8eab\u4e16kap\u89aa\u4eba<\/strong><\/h1>\n<p><a href=\"https:\/\/www.gjtaiwan.com\/new\/wp-content\/uploads\/2020\/02\/9789578018877_bc.jpg\"><img loading=\"lazy\" decoding=\"async\" class=\"alignnone size-large wp-image-52135\" src=\"https:\/\/www.gjtaiwan.com\/new\/wp-content\/uploads\/2020\/02\/9789578018877_bc-571x800.jpg\" alt=\"\" width=\"571\" height=\"800\" srcset=\"https:\/\/www.gjtaiwan.com\/new\/wp-content\/uploads\/2020\/02\/9789578018877_bc-571x800.jpg 571w, https:\/\/www.gjtaiwan.com\/new\/wp-content\/uploads\/2020\/02\/9789578018877_bc-286x400.jpg 286w, https:\/\/www.gjtaiwan.com\/new\/wp-content\/uploads\/2020\/02\/9789578018877_bc.jpg 768w, https:\/\/www.gjtaiwan.com\/new\/wp-content\/uploads\/2020\/02\/9789578018877_bc-600x840.jpg 600w\" sizes=\"auto, (max-width: 571px) 100vw, 571px\" \/><\/a><\/p>\n<h2><strong>\u5167\u5bb9\u7c21\u4ecb<\/strong><\/h2>\n<p>\u53f0\u7063\u7b2c\u4e00\u672c<br \/>\n\u53f0\u8a9e\u6587\u4e09\u4ee3\u4eba\u7684\u5bb6\u65cf\u53f2<\/p>\n<p>\u53f0\u7063\u6bcd\u8a9e\u632f\u8208\u8005Lah-jih<br \/>\n\u4e0a\u89aa\u5207\u6d3b\u8df3\u00ea\u5e84\u8de4\u56e1\u4ed4\u5bb6\u65cf\u53f2<\/p>\n<p>\u53f0\u8a9e\u6587\u904b\u52d5\u8005\u856d\u5e73\u6cbb\u5805\u5fc3\u50b3\u627f\u6bcd\u8a9e\u3001\u7528\u53f0\u8a9e\u5275\u4f5c\u3002\u5c0d\u570b\u6821\u8001\u5e2b\u9000\u4f11\u4e86\u5f8c\uff0c\u5bb6\u5df1\u5b78\u53f0\u8a9e\u6587\u62fc\u97f3\uff0c\u4f4790\u5e74\u4ee3\u96fb\u8166\u7db2\u8def\u8d77\u884c\u7684\u6642\u9663\uff0c\u958b\u767c\u96fb\u8166\u62cd\u5b57\u8edf\u9ad4\uff0c\u7de8\u5beb\u6559\u6750\u3001\u8d77\u7db2\u7ad9blog\uff0c\u70ba\u8457\u53f0\u8a9e\u6587\u904b\u52d5\u62cd\u62fc\u5949\u737b\u4e8c\u5341\u5916\u51ac\uff0c\u6301\u7e8c\u63a8sak\u53f0\u7063\u4e3b\u9ad4\u6027\u00ea\u53f0\u7063\u5b78\uff08Taiwanology\uff09\u3002<\/p>\n<p>\u9019\u672c\u300aLah-jih\u8eab\u4e16kap\u89aa\u4eba\u300b\uff0c\u662f\u4f0a\u5bb6\u65cfkap\u8eab\u4e16\u00ea\u7d00\u9304\uff0c\u900f\u904e\u4e0a\u7d14\u7cb9\u3001\u4e0a\u5aa0\u6c23\u00ea\u53f0\u8a9e\u66f8\u5beb\uff0c\u5beb\u51fa\u5bb6\u5df1\u00ea\u5bb6\u65cf\u6b77\u53f2\uff0c\u898b\u8b49\u53f0\u7063\u4f47\u6e05\u570b\u3001\u65e5\u672c\u6642\u4ee3\u5230\u4eca\u4ed4\u65e5\u00ea\u4e2d\u83ef\u6c11\u570b\u4e09\u6bb5\u6b96\u6c11\u7d71\u6cbb\u4e4b\u4e0b\uff0c\u53f0\u7063\u4eba\u6c11\u00ea\u751f\u6d3b\u9ede\u6ef4\uff0c\u6703\u4f7f\u8b1b\u662f\u53f0\u7063\u6b96\u6c11\u53f2\u00ea\u7e2e\u5f71\u3002<\/p>\n<p>\u856d\u5e73\u6cbb\uff08Lah-jih\uff09\u4f47\u672c\u518a\u5beb\u51fa\u7956\u539d\u6b77\u53f2\u8b8a\u9077\u3001\u7238\u6bcd\u6148\u611b\u00ea\u4e8b\u8e5f\u3001\u5144\u5f1f\u00ea\u6eab\u6696\u89aa\u60c5\uff0cm\u00e4\u6709Lah-jih\u4f0at\u012b\u5b78\u6821\u8b80\u518a\u00ea\u8da3\u5473\u4ee3\u8a8c\u3002\u5167\u9762\u6709\u771f\u6fdf\u8a71\u8a9e\u662f\u6f38\u6f38\u62cd\u7121\u53bb\u3001\u5df2\u7d93\u5931\u50b3\u00ea\u53f0\u7063\u8a71\uff0c\u9019l\u00f3ng\u662f\u4eba\u985e\u6587\u5316\u5b78kap \u6c11\u4fd7\u5b78\u6703\u7576\u53bb\u7814\u7a76\u00ea\u597d\u6750\u6599\u3002\u9019\u672c\u518a\u5b9a\u8457\u662f\u53f0\u8a9e\u8a9e\u8a00\u5b78\u771f\u5bf6\u8cb4\u00ea\u8a9e\u6599\uff0c\u540c\u6642\u4e5f\u662f\u53f0\u7063\u5bb6\u65cf\u6b77\u53f2\u66f8\u5beb\u3001\u6b77\u53f2\u7814\u7a76\u00ea\u73cd\u5bf6\u3002<\/p>\n<h2><strong>\u4f5c\u8005\u7c21\u4ecb<\/strong><\/h2>\n<p>\u856d\u5e73\u6cbb\uff08Siau Lah-jih\uff09<\/p>\n<p>\u751f\u65e5\uff1a1941\u5e748\u67088\u65e5\uff08\u8fb2\u66c6\u958f6\u670816\u65e5\uff09<br \/>\nE-mail\uff1alahjih@gmail.com<\/p>\n<p>\u5b78\u6b77\uff1a<br \/>\n\u5f70\u5316\u7e23\u7530\u4e2d\u7b2c\u4e00\u570b\u6c11\u5b78\u6821<br \/>\n\u7701\u7acb\u5f70\u5316\u4e2d\u5b78\u521d\u4e2d\u90e8<br \/>\n\u7701\u7acb\u53f0\u4e2d\u5e2b\u7bc4\u5b78\u6821\u666e\u5e2b\u79d1\uff1a1962<br \/>\n\u7701\u7acb\u53f0\u4e2d\u5e2b\u7bc4\u5c08\u79d1\u5b78\u6821\u5e2b\u8cc7\u79d1<\/p>\n<p>\u7d93\u6b77\uff1a<br \/>\n1962.8~1977.7\u5f70\u5316\u7e23\u4e09\u6f6d\u570b\u5c0f\u6559\u5e2b<br \/>\n1977.8~2005.7\u5f70\u5316\u7e23\u7530\u4e2d\u570b\u5c0f\u6559\u5e2b<br \/>\n2000.7~2005.8\u5f70\u5316\u7e23\u672c\u571f\u8a9e\u8a00\u7a2e\u5b50\u6559\u5e2b<br \/>\n2002.7~2005.8\u5f70\u5316\u7e23\u570b\u6559\u8f14\u5c0e\u5718\u53f0\u8a9e\u8f14\u5c0e\u54e1<br \/>\n2002.7~2005.8\u5f70\u5316\u7e23\u672c\u571f\u8a9e\u8a00\u5e2b\u8cc7\u57f9\u80b2\u8b1b\u5e2b<br \/>\n2002.9.28\u670d\u52d940\u5e74\u7372\u6559\u80b2\u90e8\u8cc7\u6df1\u512a\u826f\u6559\u5e2b\u734e<br \/>\n2002.9.28\u5f70\u5316\u7e2391\u5e74\u7279\u6b8a\u512a\u826f\u6559\u5e2b (\u5e2b\u9438\u734e)<br \/>\n2002.11~2005.8\u5f70\u5316\u7e23\u570b\u5c0f\u53f0\u8a9e\u6559\u6750\u6559\u5b78\u8aee\u8a62\u59d4\u54e1<br \/>\n2002.12.26~2003.12.25\u6559\u80b2\u90e8\u570b\u8a9e\u63a8\u884c\u59d4\u54e1\u6703\u59d4\u54e1<br \/>\n2003.12~2004.1\u6559\u80b2\u90e8\u300c\u8abf\u67e5\u570b\u6c11\u4e2d\u5c0f\u5b78\u95a9\u5357\u8a9e\u6559\u79d1\u66f8\u6216\u6559\u6750\u7528\u5b57\u8a08\u756b\u300d\u5de5\u4f5c\u5c0f\u7d44\u59d4\u54e1<br \/>\n1962.8~2005.8\u5f70\u5316\u7e23\u7530\u4e2d\u570b\u6c11\u5c0f\u5b78\u9000\u4f11<br \/>\n2005.9~2019\u5f70\u5316\u7e23\u570b\u6559\u8f14\u5c0e\u5718 \u53f0\u8a9e\u8f14\u5c0e\u9867\u554f<br \/>\n2008~2012\u5f70\u5316\u7e23\u672c\u571f\u8a9e\u8a00\u63a8\u52d5\u59d4\u54e1\u6703\u59d4\u54e1<br \/>\n1996.1.1~2019\u8ca1\u5718\u6cd5\u4eba\u534a\u7dda\u6587\u6559\u57fa\u91d1\u6703\u8463\u4e8b<br \/>\n2001.9.9~2007.8\u53f0\u7063\u7f85\u99ac\u5b57\u5354\u6703\u7b2c\u4e00\u3001\u4e8c\u3001\u4e09\u5c46\u7406\u4e8b<br \/>\n2006.2.1~2010.7.31\u4e2d\u5c71\u91ab\u5b78\u5927\u5b78\u5c08\u696d\u6280\u8853\u8b1b\u5e2b<\/p>\n<p>\u53f0\u8a9e\u6587\u6559\u5b78\u7d93\u6b77\uff1a<br \/>\n1991\u5e745\u6708\uff0c\u4f47\u4e00\u4e2a\u9109\u571f\u6587\u5316\u7814\u7fd2\u71df\uff0c\u63a5\u89f8\u53f0\u8a9e\u97f3\u97fb\u5341\u4e94\u97f3\u00ea\u6559\u5b78\uff0ct\u014d\u6295\u5165\u53f0\u8a9e\u97f3\u97fb\u00ea\u7814\u7a76\u3002\u4e26chi\u00e2\u207f\u505a\u5f70\u5316\u7e23\u6bcd\u8a9e\u6559\u5b78\u7a2e\u7c7d\u6559\u5e2b\u3002<br \/>\n1993\u5e74\u6b47\u71b1\uff0c\u63a5\u89f8\u912d\u826f\u5049\u6559\u6388\u300c\u7f85\u6f22l\u0101m\u5beb\u300d\u53f0\u6587\u89c0\u5ff5\uff0c\u5beb\u51fa\u7b2c\u4e00\u7bc7\u53f0\u6587\u4f5c\u54c1\u300c\u963f\u7238\u00ea\u9e7f\u89d2\u7159\u5439\u300dt\u014d\u53d7\u8457\u80af\u5b9a\uff0c\u958b\u59cb\u53f0\u6587\u5beb\u4f5c\u00ea\u8208\u8da3\u3002<br \/>\n1995\u5e747\u6708\uff0c\u70ba\u8457\u53f0\u6587\u5beb\u4f5c\uff0c\u958b\u59cb\u5b78\u96fb\u8166\uff0c\u61c9\u7528\u53f0\u6587\u8f38\u5165\u6cd5\u5beb\u4f5c\uff0c\u6108\u5beb\u6108\u8da3\u5473\u6108\u5beb\u6108\u9032\u6b65\u3002<br \/>\n1998\u5e746\u6708\u300a\u53f0\u7063\u4fd7\u8a9e\u9e79\u9178\u751c\u4e8c\u767e\u4e94\u5341\u4e32\u300b\u7372\u6559\u80b2\u90e8\u300e\u734e\u52f5\u6f22\u8a9e\u65b9\u8a00\u7814\u7a76\u8457\u4f5c\u300f\u4f73\u4f5c\u734e\u72c0\u53ca\u734e\u91d1\u4e94\u842c\u5143\u3002<\/p>\n<h2><strong>\u76ee\u9304<\/strong><\/h2>\n<p>01 \u5fd7\u69ae\u516c_\u5d01\u9802\u5e84\u00ea\u8a18\u667a 1948-1960<br \/>\n02 \u5fd7\u69ae\u516c\u539d\u5730_\u5d01\u9802\u5ef7\u5149\u516c-\u8f1d\u9a30\u516c-\u5fd7\u69ae\u516c\u539d\u5b85\u8a18\u61b6<br \/>\n03 \u5fd7\u69ae\u516c_\u796d\u6587<br \/>\n04 \u963f\u5abd_\u963f\u5abd<br \/>\n05 \u963f\u7238_\u6328\u5f26\u4ed4\/ \u963f\u7238\u00ea\u9e7f\u89d2\u85b0\u5439<br \/>\n06 \u963f\u7238_\u963f\u7238\u505a\u5fcc<br \/>\n07 \u963f\u6bcd_\u012a&#8211;\u00e4 \u00ea DNA<br \/>\n08 \u963f\u6bcd_\u4eca\u4ed4\u65e5\u012b&#8211;\u00e4\u505a\u5fcc<br \/>\n09 \u5927\u5144_\u5927\u5144 Lah-jih<br \/>\n10 \u5927\u5144_\u963f\u91cc\u5c71\u7e23\u9577 \u2500 \u61f7\u5ff5\u5927\u5144<br \/>\n11 \u5927\u5ac2_\u5e73\u51e1\u5049\u5927\u7684\u6bcd\u89aa<br \/>\n12 \u5927\u5ac2_\u611f\u8b1d\u5927\u5ac2<br \/>\n13 \u5927\u5ac2_\u849c\u4ed4\u7092\u7159\u8178<br \/>\n14 \u4e8c\u5144_\u5531\u6b4c\u00ea\u555f\u8499\u8001\u5e2b(\u61f7\u5ff5\u4e8c\u5144)<br \/>\n15 \u4e8c\u5ac2_\u4e8c\u5ac2 \u611f\u8b1d\u4f60<br \/>\n16 \u4e8c\u5ac2_\u9580\u7e2b\u00ea\u7955\u5bc6<br \/>\n17 \u4e09\u5144_\u4e09\u5144<br \/>\n18 \u4e09\u5144_\u5249\u7518\u8517<br \/>\n19 \u56db\u5144_\u56db\u5144\u00ea\u7562\u696d\u8b49\u66f8<br \/>\n20 \u56db\u5144_\u56db\u5144 \u00ea\u4fee\u4e86\u8b49\u66f8kap\u601d\u3072\u51fa<br \/>\n21 \u56db\u5144_Harmonica kap Violin<br \/>\n22 \u856d\u5e73\u6cbb_\u4e00\u5e74\u4ed4\u751f\u653e\u5c4e\u7cca\u623f\u9593<br \/>\n23 \u856d\u5e73\u6cbb_\u4eba\u751f\u7b2c\u4e00\u5f35\u3057\u3083\u3057\u3093(\u5beb\u771f)<br \/>\n24 \u856d\u5e73\u6cbb_64\u5e74\u524d\u00ea\u820a\u76f8\u7247<br \/>\n25 \u856d\u5e73\u6cbb_\u72c0\u5143<br \/>\n26 \u856d\u5e73\u6cbb_\u60e1\u88dc10\u500b\u6708kap\u912d\u4f86\u751f\u8001\u5e2b<br \/>\n27 \u856d\u5e73\u6cbb_\u653e\u725b\u98df\u8349\u725b\u4ed4\u73ed<br \/>\n28 \u856d\u5e73\u6cbb_\u5857\u8c461\u750c5\u89d2&#8212;-chah\u98ef\u5305\u00ea\u65e5\u5b50<br \/>\n29 \u856d\u5e73\u6cbb_\u54b1\u4eba6\u670816<br \/>\n30 \u856d\u5e73\u6cbb_1961\u5e74\u570b\u6c11\u5c0f\u5b78\u6559\u54e1<br \/>\n31 \u856d\u5e73\u6cbb_\u5927\u9738\u5c16\u5c71\u53eb\u9b42\u8a18<br \/>\n32 \u856d\u5e73\u6cbb_\u97f3\u6a02\u3001\u97f3\u97ff\u3001sim-sek\u3001s\u00a1g\/ \u601d\u6bcd<br \/>\n33 \u856d\u5e73\u6cbb_\u516b\u670815\u669d<br \/>\n34 \u856d\u5e73\u6cbb_70\u8db3\u6b72\u751f\u65e5\u611f\u8a00<br \/>\n35 \u856d\u9673\u656c \u5341\u4e8c\u751f\u76f8\u6b4c<\/p>\n<p>ISBN\uff1a9789578018877<br \/>\n\u898f\u683c\uff1a\u5e73\u88dd \/ 224\u9801 \/ 15 x 21 x 1.12 cm \/ \u666e\u901a\u7d1a \/ \u55ae\u8272\u5370\u5237 \/ \u521d\u7248<br \/>\n\u51fa\u7248\u5730\uff1a\u53f0\u7063<\/p>\n<p><a href=\"http:\/\/class.ruten.com.tw\/user\/index00.php?s=gjtwn\" target=\"_blank\" rel=\"noopener\" data-cke-saved-href=\"http:\/\/class.ruten.com.tw\/user\/index00.php?s=gjtwn\" data-cke-saved-><img decoding=\"async\" src=\"https:\/\/www.gjtaiwan.com\/image\/data\/addlpmz19qm7.png\" alt=\"\" data-cke-saved-src=\"https:\/\/www.gjtaiwan.com\/image\/data\/addlpmz19qm7.png\" \/><\/a><\/p>\n","protected":false},"excerpt":{"rendered":"<p>Lah-jih\u8eab\u4e16kap\u89aa\u4eba \u5167\u5bb9\u7c21\u4ecb \u53f0\u7063\u7b2c\u4e00\u672c \u53f0\u8a9e\u6587\u4e09\u4ee3\u4eba\u7684\u5bb6\u65cf\u53f2 \u53f0\u7063\u6bcd\u8a9e\u632f\u8208\u8005Lah-jih \u4e0a\u89aa\u5207&#8230;<\/p>\n","protected":false},"featured_media":52135,"comment_status":"closed","ping_status":"closed","template":"","meta":[],"product_brand":[],"product_cat":[5453,2663],"product_tag":[],"class_list":{"0":"post-52133","1":"product","2":"type-product","3":"status-publish","4":"has-post-thumbnail","6":"product_cat-5453","7":"product_cat-2663","9":"first","10":"instock","11":"sale","12":"taxable","13":"shipping-taxable","14":"purchasable","15":"product-type-simple"},"bundled_by":[],"bundle_stock_status":"instock","bundle_stock_quantity":null,"bundle_virtual":false,"bundle_layout":"","bundle_add_to_cart_form_location":"","bundle_editable_in_cart":false,"bundle_sold_individually_context":"","bundle_item_grouping":"","bundle_min_size":"","bundle_max_size":"","bundle_price":[],"bundled_items":[],"bundle_sell_ids":[65786,138697],"_links":{"self":[{"href":"https:\/\/www.gjtaiwan.com\/new\/wp-json\/wp\/v2\/product\/52133","targetHints":{"allow":["GET"]}}],"collection":[{"href":"https:\/\/www.gjtaiwan.com\/new\/wp-json\/wp\/v2\/product"}],"about":[{"href":"https:\/\/www.gjtaiwan.com\/new\/wp-json\/wp\/v2\/types\/product"}],"replies":[{"embeddable":true,"href":"https:\/\/www.gjtaiwan.com\/new\/wp-json\/wp\/v2\/comments?post=52133"}],"wp:featuredmedia":[{"embeddable":true,"href":"https:\/\/www.gjtaiwan.com\/new\/wp-json\/wp\/v2\/media\/52135"}],"wp:attachment":[{"href":"https:\/\/www.gjtaiwan.com\/new\/wp-json\/wp\/v2\/media?parent=52133"}],"wp:term":[{"taxonomy":"product_brand","embeddable":true,"href":"https:\/\/www.gjtaiwan.com\/new\/wp-json\/wp\/v2\/product_brand?post=52133"},{"taxonomy":"product_cat","embeddable":true,"href":"https:\/\/www.gjtaiwan.com\/new\/wp-json\/wp\/v2\/product_cat?post=52133"},{"taxonomy":"product_tag","embeddable":true,"href":"https:\/\/www.gjtaiwan.com\/new\/wp-json\/wp\/v2\/product_tag?post=52133"}],"curies":[{"name":"wp","href":"https:\/\/api.w.org\/{rel}","templated":true}]}}