{"id":53581,"date":"2020-03-12T17:26:00","date_gmt":"2020-03-12T09:26:00","guid":{"rendered":"https:\/\/www.gjtaiwan.com\/new\/?post_type=product&#038;p=53581"},"modified":"2021-03-18T14:37:10","modified_gmt":"2021-03-18T06:37:10","slug":"%e9%b3%a5%e4%bb%94%e5%9b%9d%e6%8f%a3%e5%aa%bd%e5%aa%bd","status":"publish","type":"product","link":"https:\/\/www.gjtaiwan.com\/new\/product\/%e9%b3%a5%e4%bb%94%e5%9b%9d%e6%8f%a3%e5%aa%bd%e5%aa%bd","title":{"rendered":"\u9ce5\u4ed4\u56dd\u63e3\u5abd\u5abd"},"content":{"rendered":"<h1><strong>\u9ce5\u4ed4\u56dd\u63e3\u5abd\u5abd<\/strong><\/h1>\n<p><a href=\"https:\/\/www.gjtaiwan.com\/new\/wp-content\/uploads\/2020\/03\/9789869723756_bc.jpg\"><img loading=\"lazy\" decoding=\"async\" class=\"alignnone size-large wp-image-53583\" src=\"https:\/\/www.gjtaiwan.com\/new\/wp-content\/uploads\/2020\/03\/9789869723756_bc-800x800.jpg\" alt=\"\" width=\"800\" height=\"800\" srcset=\"https:\/\/www.gjtaiwan.com\/new\/wp-content\/uploads\/2020\/03\/9789869723756_bc.jpg 800w, https:\/\/www.gjtaiwan.com\/new\/wp-content\/uploads\/2020\/03\/9789869723756_bc-280x280.jpg 280w, https:\/\/www.gjtaiwan.com\/new\/wp-content\/uploads\/2020\/03\/9789869723756_bc-400x400.jpg 400w, https:\/\/www.gjtaiwan.com\/new\/wp-content\/uploads\/2020\/03\/9789869723756_bc-768x768.jpg 768w, https:\/\/www.gjtaiwan.com\/new\/wp-content\/uploads\/2020\/03\/9789869723756_bc-600x600.jpg 600w, https:\/\/www.gjtaiwan.com\/new\/wp-content\/uploads\/2020\/03\/9789869723756_bc-100x100.jpg 100w, https:\/\/www.gjtaiwan.com\/new\/wp-content\/uploads\/2020\/03\/9789869723756_bc-300x300.jpg 300w\" sizes=\"auto, (max-width: 800px) 100vw, 800px\" \/><\/a><\/p>\n<p><a href=\"https:\/\/www.gjtaiwan.com\/new\/wp-content\/uploads\/2020\/03\/9789869723756_b2.jpg\"><img loading=\"lazy\" decoding=\"async\" class=\"alignnone size-full wp-image-53585\" src=\"https:\/\/www.gjtaiwan.com\/new\/wp-content\/uploads\/2020\/03\/9789869723756_b2.jpg\" alt=\"\" width=\"1000\" height=\"354\" srcset=\"https:\/\/www.gjtaiwan.com\/new\/wp-content\/uploads\/2020\/03\/9789869723756_b2.jpg 800w, https:\/\/www.gjtaiwan.com\/new\/wp-content\/uploads\/2020\/03\/9789869723756_b2-768x272.jpg 768w, https:\/\/www.gjtaiwan.com\/new\/wp-content\/uploads\/2020\/03\/9789869723756_b2-600x212.jpg 600w\" sizes=\"auto, (max-width: 1000px) 100vw, 1000px\" \/><\/a><\/p>\n<p><a href=\"https:\/\/www.gjtaiwan.com\/new\/wp-content\/uploads\/2020\/03\/9789869723756_b4.jpg\"><img loading=\"lazy\" decoding=\"async\" class=\"alignnone size-full wp-image-53589\" src=\"https:\/\/www.gjtaiwan.com\/new\/wp-content\/uploads\/2020\/03\/9789869723756_b4.jpg\" alt=\"\" width=\"1000\" height=\"354\" srcset=\"https:\/\/www.gjtaiwan.com\/new\/wp-content\/uploads\/2020\/03\/9789869723756_b4.jpg 800w, https:\/\/www.gjtaiwan.com\/new\/wp-content\/uploads\/2020\/03\/9789869723756_b4-768x272.jpg 768w, https:\/\/www.gjtaiwan.com\/new\/wp-content\/uploads\/2020\/03\/9789869723756_b4-600x212.jpg 600w\" sizes=\"auto, (max-width: 1000px) 100vw, 1000px\" \/><\/a><\/p>\n<h2><strong>\u5167\u5bb9\u7c21\u4ecb<\/strong><\/h2>\n<p>\u672c\u66f8\u5f9e\u5c0f\u767d\u5154\uff08\u5154\u4ed4\u56dd\uff09\u3001\u5c0f\u9ce5\uff08\u9ce5\u4ed4\u56dd\uff09\u7684\u8996\u89d2\u51fa\u767c\uff0c\u63cf\u8ff0\u4e00\u96bb\u8d70\u5931\u7684\u5c0f\u9ce5\uff0c\u5728\u5c0f\u767d\u5154\u7684\u5354\u52a9\u4e0b\uff0c\u8e0f\u4e0a\u5c0b\u627e\u5abd\u5abd\u7684\u65c5\u7a0b\u3002\u5c0f\u9ce5\u4e0d\u77e5\u9053\u81ea\u5df1\u662f\u54ea\u4e00\u7a2e\u9ce5\uff0c\u53ea\u77e5\u9053\u7238\u5abd\u7fbd\u6bdb\u7684\u984f\u8272\uff0c\u65bc\u662f\u5728\u9019\u500b\u7dda\u7d22\u4e0b\uff0c\u5c0f\u767d\u5154\u6cbf\u8def\u770b\u5230\u4e0d\u540c\u7684\u9ce5\uff0c\u90fd\u5411\u524d\u8a62\u554f\u300c\u4f60\u5bb6\u7684\u5c0f\u5b69\u662f\u5426\u8d70\u5931\u4e86\uff1f\u300d\u5e7e\u756a\u8a62\u554f\uff0c\u624d\u5f97\u77e5\u5c0f\u9ce5\u53ef\u80fd\u662f\u6eaa\u908a\u53f0\u7063\u85cd\u9d72\uff08\u9577\u5c3e\u5c71\u5a18\uff09\u7684\u5c0f\u5b69\u3002\u4f86\u5230\u6eaa\u908a\uff0c\u5c0f\u9ce5\u7d42\u65bc\u770b\u5230\u81ea\u5df1\u7238\u5abd\uff0c\u958b\u5fc3\u5730\u5927\u53eb\uff0c\u4e00\u5bb6\u4eba\u4e5f\u5718\u5713\u4e86\uff01<\/p>\n<p>\u672c\u66f8\u6700\u5927\u7684\u7279\u8272\uff0c\u70ba\u7528\u624b\u7e6a\u7684\u98a8\u683c\uff0c\u5fe0\u5be6\u756b\u51fa\u5404\u7a2e\u4e0d\u540c\u9ce5\u985e\u7684\u7279\u9ede\uff0c\u5728\u5c0f\u9ce5\u6cbf\u9014\u5c0b\u627e\u5abd\u5abd\u7684\u8def\u4e0a\uff0c\u5e36\u8457\u8b80\u8005\u4e00\u8d77\u8a8d\u8b58\u4e0d\u540c\u7684\u9ce5\u985e\u3002\u6545\u4e8b\u4e2d\u63d0\u53ca\u7684\u9ce5\u985e\uff0c\u90fd\u662f\u53f0\u7063\u5728\u5730\u7684\u7279\u8272\u9ce5\u7a2e\uff0c\u65e2\u662f\u5982\u6b64\uff0c\u9019\u4e9b\u9ce5\u985e\u81ea\u7136\u64c1\u6709\u76f8\u5c0d\u61c9\u7684\u53f0\u8a9e\u540d\u7a31\u3002\u5982\u4eca\uff0c\u83ef\u8a9e\u662f\u5b78\u6821\u9ad4\u5236\u4e2d\u7684\u4e3b\u8981\u8a9e\u8a00\uff0c\u9019\u4e9b\u53f0\u8a9e\u9ce5\u985e\u540d\u7a31\uff0c\u5728\u6559\u5b78\u9ad4\u7cfb\u4e2d\u751a\u5c11\u63d0\u53ca\uff0c\u6b8a\u70ba\u53ef\u60dc\u3002<\/p>\n<p>\u8a9e\u8a00\u4e0d\u50c5\u662f\u6587\u5316\u7684\u8f09\u9ad4\uff0c\u4ea6\u860a\u85cf\u8a72\u6587\u5316\u5c0d\u81ea\u7136\u842c\u7269\u7684\u5fc3\u9748\u8a8d\u77e5\u3002\u672c\u66f8\u900f\u904e\u7c21\u55ae\u7684\u6545\u4e8b\uff0c\u7528\u5728\u5730\u7684\u8a9e\u8a00\u8b1b\u8ff0\u5728\u5730\u7684\u52d5\u7269\uff0c\u91cd\u65b0\u62fe\u56de\u7956\u5148\u5c0d\u9019\u4e9b\u751f\u547d\u7684\u7406\u89e3\u65b9\u5f0f\u3002\u70ba\u4e86\u8b93\u8b80\u8005\u9032\u4e00\u6b65\u8a8d\u8b58\u9019\u4e9b\u9ce5\u985e\uff0c\u672c\u66f8\u5728\u6545\u4e8b\u4e4b\u5916\uff0c\u9084\u7279\u5225\u8a2d\u8a08\u4e86\u300c\u9ce5\u5716\u9451\u300d\u7684\u55ae\u5143\uff0c\u7528\u5716\u6587\u5c0d\u7167\u7684\u65b9\u5f0f\uff0c\u7c21\u8981\u4ecb\u7d39\u9019\u4e9b\u5728\u5730\u9ce5\u7a2e\u7684\u751f\u6d3b\u7fd2\u6027\u3002<\/p>\n<p>\u203b\u672c\u66f8\u69ae\u7372\u6587\u5316\u90e8\u672c\u571f\u8a9e\u8a00\u5275\u4f5c\u53ca\u61c9\u7528\u88dc\u52a9<\/p>\n<h2><strong>\u4f5c\u8005\u7c21\u4ecb<\/strong><\/h2>\n<p>\u937e\u80b2\u7d0b<\/p>\n<p>\u4e00\u4e2akah\u610f\u807d\u6545\u4e8b\u00ea\u4eba\u3002\u96f2\u6797\u56e1\u4ed4\uff0c\u771fkah\u610f\u7d30\u6f22t\u012b\u5e84\u8de4\u00ea\u751f\u6d3b\uff0chit\u6642\u6642\u5e38tu\u00e8 t\u012b\u8001\u7238\u908a&#8211;a lim\u8336\uff0c\u9806su\u00e0\u807d\u5927\u4eba\u958b\u8b1b\uff1b\u966a\u7238\u6bcd\u52a0\u73ed\uff0c\u505a\u4f19\u807d\u5433\u6a02\u5929\u00ea\u8b1b\u53e4\u653e\u9001\u3002\u56e0\u70bakhang-khu\u00e8 \u00ea\u95dc\u4fc2\uff0cti\u0101nn-ti\u0101nn h\u0101m\u56e1\u4ed4\u9b25\u9663\uff0cm\u0101\u771f\u4eab\u53d7h\u0101m\u56e1\u4ed4\u958b\u8b1b\u00ea\u904e\u7a0b\u3002T\u012b\u570b\u6821\u4ed4\u505a\u5341\u5916\u51ac\u00ea\u5c0e\u5e2b\u4e86\u5f8c\uff0c\u5f8c&#8211;\u4f86\u8f49\u505a\u5c08\u4efb\u00ea\u53f0\u8a9e\u8001\u5e2b\u3002<\/p>\n<h2><strong>\u76ee\u9304<\/strong><\/h2>\n<p>\u63a8\u85a6\u00ea\u8a71<br \/>\n\u7e6a\u672c\u5716\u6587<br \/>\n\u9ce5\u5716\u9451<br \/>\n\u8a55\u5be9\u00ea\u8a71<br \/>\n\u4f5c\u8005\u00ea\u8a71<br \/>\n\u963f\u5374\u8cde\u7e6a\u672c\u5fb5\u9078\u7c21\u4ecb<br \/>\n\u53f0\u8a9e\u7528\u5b57\u8aaa\u660e<\/p>\n<p>ISBN\uff1a9789869723756<br \/>\n\u898f\u683c\uff1a\u7cbe\u88dd \/ 38\u9801 \/ 21 x 29.7 x 1 cm \/ \u5168\u5f69\u5370\u5237 \/ \u521d\u7248<br \/>\n\u51fa\u7248\u5730\uff1a\u53f0\u7063<br \/>\n\u9069\u8b80\u5e74\u9f61\uff1a3\u6b72~8\u6b72<\/p>\n<p><a href=\"http:\/\/class.ruten.com.tw\/user\/index00.php?s=gjtwn\" target=\"_blank\" rel=\"noopener\" data-cke-saved-href=\"http:\/\/class.ruten.com.tw\/user\/index00.php?s=gjtwn\" data-cke-saved-><img decoding=\"async\" src=\"https:\/\/www.gjtaiwan.com\/image\/data\/addlpmz19qm7.png\" alt=\"\" data-cke-saved-src=\"https:\/\/www.gjtaiwan.com\/image\/data\/addlpmz19qm7.png\" \/><\/a><\/p>\n","protected":false},"excerpt":{"rendered":"<p>\u9ce5\u4ed4\u56dd\u63e3\u5abd\u5abd \u5167\u5bb9\u7c21\u4ecb \u672c\u66f8\u5f9e\u5c0f\u767d\u5154\uff08\u5154\u4ed4\u56dd\uff09\u3001\u5c0f\u9ce5\uff08\u9ce5\u4ed4\u56dd\uff09\u7684\u8996\u89d2\u51fa\u767c\uff0c\u63cf\u8ff0\u4e00\u96bb\u8d70\u5931\u7684\u5c0f\u9ce5\uff0c\u5728\u5c0f\u767d\u5154\u7684\u5354\u52a9\u4e0b&#8230;<\/p>\n","protected":false},"featured_media":53583,"comment_status":"closed","ping_status":"closed","template":"","meta":[],"product_brand":[],"product_cat":[2849,2663,4349,3183],"product_tag":[7683,3565],"class_list":{"0":"post-53581","1":"product","2":"type-product","3":"status-publish","4":"has-post-thumbnail","6":"product_cat-kids","7":"product_cat-2663","8":"product_cat-4349","9":"product_cat-3183","10":"product_tag-7683","11":"product_tag-3565","13":"first","14":"outofstock","15":"sale","16":"taxable","17":"shipping-taxable","18":"purchasable","19":"product-type-simple"},"bundled_by":[],"bundle_stock_status":"outofstock","bundle_stock_quantity":null,"bundle_virtual":false,"bundle_layout":"","bundle_add_to_cart_form_location":"","bundle_editable_in_cart":false,"bundle_sold_individually_context":"","bundle_item_grouping":"","bundle_min_size":"","bundle_max_size":"","bundle_price":[],"bundled_items":[],"bundle_sell_ids":[65786,138697],"_links":{"self":[{"href":"https:\/\/www.gjtaiwan.com\/new\/wp-json\/wp\/v2\/product\/53581","targetHints":{"allow":["GET"]}}],"collection":[{"href":"https:\/\/www.gjtaiwan.com\/new\/wp-json\/wp\/v2\/product"}],"about":[{"href":"https:\/\/www.gjtaiwan.com\/new\/wp-json\/wp\/v2\/types\/product"}],"replies":[{"embeddable":true,"href":"https:\/\/www.gjtaiwan.com\/new\/wp-json\/wp\/v2\/comments?post=53581"}],"wp:featuredmedia":[{"embeddable":true,"href":"https:\/\/www.gjtaiwan.com\/new\/wp-json\/wp\/v2\/media\/53583"}],"wp:attachment":[{"href":"https:\/\/www.gjtaiwan.com\/new\/wp-json\/wp\/v2\/media?parent=53581"}],"wp:term":[{"taxonomy":"product_brand","embeddable":true,"href":"https:\/\/www.gjtaiwan.com\/new\/wp-json\/wp\/v2\/product_brand?post=53581"},{"taxonomy":"product_cat","embeddable":true,"href":"https:\/\/www.gjtaiwan.com\/new\/wp-json\/wp\/v2\/product_cat?post=53581"},{"taxonomy":"product_tag","embeddable":true,"href":"https:\/\/www.gjtaiwan.com\/new\/wp-json\/wp\/v2\/product_tag?post=53581"}],"curies":[{"name":"wp","href":"https:\/\/api.w.org\/{rel}","templated":true}]}}