{"id":59810,"date":"2020-05-13T16:40:18","date_gmt":"2020-05-13T08:40:18","guid":{"rendered":"https:\/\/www.gjtaiwan.com\/new\/?post_type=product&#038;p=59810"},"modified":"2026-01-27T10:23:28","modified_gmt":"2026-01-27T02:23:28","slug":"%e5%85%a8%e5%b3%b6%e7%b8%bd%e7%bd%b7%e5%b7%a5-%e6%ae%96%e6%b0%91%e5%9c%b0%e8%87%ba%e7%81%a3%e5%b7%a5%e9%81%8b%e5%8f%b2","status":"publish","type":"product","link":"https:\/\/www.gjtaiwan.com\/new\/product\/%e5%85%a8%e5%b3%b6%e7%b8%bd%e7%bd%b7%e5%b7%a5-%e6%ae%96%e6%b0%91%e5%9c%b0%e8%87%ba%e7%81%a3%e5%b7%a5%e9%81%8b%e5%8f%b2","title":{"rendered":"\u5168\u5cf6\u7e3d\u7f77\u5de5\uff1a\u6b96\u6c11\u5730\u81fa\u7063\u5de5\u904b\u53f2"},"content":{"rendered":"<h1><strong>\u5168\u5cf6\u7e3d\u7f77\u5de5\uff1a\u6b96\u6c11\u5730\u81fa\u7063\u5de5\u904b\u53f2<\/strong><\/h1>\n<p><a href=\"https:\/\/www.gjtaiwan.com\/new\/wp-content\/uploads\/2020\/05\/9789578019133_bc.jpg\"><img loading=\"lazy\" decoding=\"async\" class=\"alignnone size-large wp-image-59811\" src=\"https:\/\/www.gjtaiwan.com\/new\/wp-content\/uploads\/2020\/05\/9789578019133_bc-571x800.jpg\" alt=\"\" width=\"571\" height=\"800\" srcset=\"https:\/\/www.gjtaiwan.com\/new\/wp-content\/uploads\/2020\/05\/9789578019133_bc-571x800.jpg 571w, https:\/\/www.gjtaiwan.com\/new\/wp-content\/uploads\/2020\/05\/9789578019133_bc-286x400.jpg 286w, https:\/\/www.gjtaiwan.com\/new\/wp-content\/uploads\/2020\/05\/9789578019133_bc.jpg 768w, https:\/\/www.gjtaiwan.com\/new\/wp-content\/uploads\/2020\/05\/9789578019133_bc-600x841.jpg 600w\" sizes=\"auto, (max-width: 571px) 100vw, 571px\" \/><\/a><\/p>\n<h2><strong>\u5167\u5bb9\u7c21\u4ecb<\/strong><\/h2>\n<p>\u300c\u540c\u80de\u9808\u5718\u7d50\uff0c\u5718\u7d50\u771f\u6709\u529b\uff01\u300d<br \/>\n\u770b\u767e\u5e74\u524d\u7684\u81fa\u7063\u52de\u5de5\u5011\uff0c\u5982\u4f55\u4ee5\u8d85\u7d55\u7684\u884c\u52d5\u548c\u7b56\u7565\uff0c<br \/>\n\u8de8\u5ee0\u5834\u3001\u8de8\u8077\u696d\uff0c\u5168\u5cf6\u7e3d\u7f77\u5de5\uff0c\u5411\u60e1\u8001\u95c6\u8aaa\u300c\u4e0d\u300d\uff01<\/p>\n<p>\u81ea\u5df1\u7684\u5e78\u798f\u81ea\u5df1\u722d\uff0c\u65e5\u6cbb\u6642\u4ee3\u5de5\u904b\u9019\u6a23\u641e\u2500\u2500<\/p>\n<p>\u300c\u666f\u6c23\u5dee\uff1f\u4e0d\u5982\u81ea\u5df1\u505a\u982d\u5bb6\uff01\u300d<br \/>\n\u7d93\u6fdf\u4e0d\u666f\u6c23\uff0c\u8001\u95c6\u8981\u6e1b\u85aa\uff1f\u7f77\u5de5\u7684\u65b0\u7af9\u6728\u5de5\u5011\u958b\u8a2d\u53e6\u985e\u5de5\u5ee0\uff0c\u4e0d\u52de\u52d5\u8005\u4e0d\u51c6\u904e\u554f\u5de5\u5ee0\u71df\u904b\u3002\u85aa\u6c34\u81ea\u5df1\u5b9a\uff0c\u751f\u610f\u6c96\u6c96\u6efe\uff08tshi\u00e2ng-tshi\u00e2ng-k\u00fan\uff09\uff01<\/p>\n<p>\u300c\u6709\u5de5\u8cca\uff1f\u4f86\u53bb\u4ed6\u5bb6\u5403\u4e00\u9910\uff01\u300d<br \/>\n\u9ad8\u96c4\u5de5\u4eba\u7c3d\u7d04\u5354\u8b70\u7d44\u6210\u300c\u98df\u98ef\u968a\u300d\uff0c\u7f77\u5de5\u4e2d\u5982\u6709\u9055\u7d04\u6216\u64c5\u81ea\u5fa9\u8077\u7684\u5de5\u8cca\uff0c\u5fc5\u9808\u8ca0\u64d4\u5176\u9918\u7f77\u5de5\u8005\u7684\u751f\u6d3b\u8cbb\u3002\u4e00\u8d77\u5230\u5fa9\u8077\u5de5\u4eba\u7684\u5bb6\u88e1\u5403\u597d\u5403\u6eff\uff01<\/p>\n<p>\u300c\u8981\u964d\u79df\uff01\u81fa\u5357\u623f\u6771\u5687\u7834\u81bd\uff01\u300d<br \/>\n\u4e16\u754c\u7d93\u6fdf\u5927\u6050\u614c\uff0c\u6536\u5165\u92b3\u6e1b\uff0c\u5931\u696d\u98a8\u884c\u3002\u81fa\u5357\u6709\u7531\u52de\u52d5\u8005\u3001\u8ca7\u6c11\u7d44\u6210\u7684\u300c\u81fa\u5357\u501f\u5bb6\u4eba\u5354\u6703\u300d\uff0c\u752b\u6210\u7acb\u4fbf\u6709\u5c4b\u4e3b\u805e\u98a8\u60f6\u6050\uff0c\u4e3b\u52d5\u964d\u79df\uff01<\/p>\n<p>\u672c\u66f8\u4f5c\u8005\u8523\u95ca\u5b87\u4ee5\u65e5\u672c\u7d71\u6cbb\u81fa\u7063\u4e94\u5341\u5e74\u9593\u7684\u65b0\u805e\u8cc7\u6599\u70ba\u672c\uff0c\u9010\u7b46\u6574\u7406\u8207\u52de\u8cc7\u722d\u8b70\u3001\u5de5\u904b\u4e8b\u4ef6\u76f8\u95dc\u7684\u7d00\u9304\uff0c\u91cd\u65b0\u7de8\u7e54\u51fa\u4e00\u5957\u767e\u5e74\u524d\u81fa\u7063\u5de5\u4eba\u5011\u7684\u300c\u5de5\u904b\u6545\u4e8b\u96c6\u300d\u3002\u4e0d\u540c\u65bc\u904e\u5f80\u53f2\u89c0\u5f80\u5f80\u7e7c\u627f\u6b96\u6c11\u8005\u7684\u300c\u717d\u52d5\u6558\u4e8b\u300d\uff0c\u4e5f\u4e0d\u540c\u65bc\u6c11\u65cf\u4e3b\u7fa9\u8005\u5074\u91cd\u6297\u65e5\u3001\u6c11\u65cf\u8a8d\u540c\uff0c\u800c\u5c07\u52de\u5de5\u8996\u70ba\u9762\u76ee\u6a21\u7cca\u7684\u88ab\u9818\u5c0e\u968e\u7d1a\uff0c\u672c\u66f8\u81f4\u529b\u65bc\u56de\u5230\u6b77\u53f2\u7530\u91ce\uff0c\u91cd\u65b0\u767c\u73fe\u4e26\u5efa\u69cb\u81fa\u7063\u52de\u5de5\u968e\u7d1a\u7684\u4e3b\u9ad4\u6027\u8207\u80fd\u52d5\u6027\uff0c\u63a2\u8a0e\u81fa\u7063\u5de5\u4eba\u5011\u5982\u4f55\u900f\u904e\u8de8\u5ee0\u5834\u3001\u8de8\u7522\u696d\u7684\u5408\u7e31\u6297\u722d\u8207\u7f77\u5de5\uff0c\u5f71\u97ff\u4e86\u77e5\u8b58\u5206\u5b50\u8207\u5de6\u53f3\u5169\u7ffc\u5de5\u904b\u96c6\u5718\u7684\u8def\u7dda\u8207\u4e3b\u5f35\uff0c\u5f9e\u8ffd\u6c42\u500b\u4eba\u5e78\u798f\u7684\u524d\u63d0\u51fa\u767c\uff0c\u9032\u800c\u5c0b\u627e\u6574\u500b\u52de\u52d5\u968e\u7d1a\u7684\u5171\u540c\u51fa\u8def\u3002<\/p>\n<p>\u4e00\u4e5d\u4e8c\u25cb\u5e74\u4ee3\u7684\u6b96\u6c11\u5730\u81fa\u7063\u5de5\u904b\u53f2\uff0c\u53ef\u4ee5\u5e36\u7d66\u7576\u4ee3\u81fa\u7063\u54ea\u4e9b\u555f\u793a\u548c\u9ad4\u6703\uff1f\u548c\u767e\u5e74\u524d\u7684\u81fa\u7063\u5de5\u4eba\u5011\u4e00\u8d77\u91cd\u8fd4\u9019\u5834\u5c6c\u65bc\u5eb6\u6c11\u7684\u6230\u9b25\uff0c\u5728\u4e0d\u540c\u7684\u6642\u4ee3\uff0c\u5beb\u4e0b\u6297\u722d\u7684\u786c\u9053\u7406\u3002<\/p>\n<p>\u672c\u66f8\u7279\u8272<\/p>\n<p>\u25ce\u4e2d\u7814\u9662\u53f0\u53f2\u6240\u526f\u7814\u7a76\u54e1\u6797\u6587\u51f1\u5c08\u6587\u63a8\u85a6<br \/>\n\u25ce\u9996\u90e8\u65e5\u672c\u6642\u4ee3\u81fa\u7063\u52de\u5de5\u904b\u52d5\u6545\u4e8b\u96c6<br \/>\n\u25ce\u9644\u300a\u81fa\u7063\u65e5\u65e5\u65b0\u5831\u300b\u5927\u578b\u52de\u8cc7\u722d\u8b70\u5831\u5c0e\u4e00\u89bd\u8868<\/p>\n<p>\u203b\u672c\u66f8\u7372\u570b\u5bb6\u6587\u5316\u85dd\u8853\u57fa\u91d1\u6703\u8d0a\u52a9\u51fa\u7248<\/p>\n<h2><strong>\u4f5c\u8005\u7c21\u4ecb<\/strong><\/h2>\n<p>\u8523\u95ca\u5b87<\/p>\n<p>\u5357\u6295\u8349\u5c6f\u4eba\u3002\u66fe\u4efb\u6843\u5712\u5e02\u7522\u696d\u7e3d\u5de5\u6703\u3001\u5357\u4e9e\u96fb\u8def\u677f\u9326\u8208\u5ee0\u4f01\u696d\u5de5\u6703\u79d8\u66f8\u3002\u8457\u6709\u8a69\u96c6\u300a\u597d\u60f3\u628a\u4f60\u7684\u982d\u6293\u53bb\u649e\u7246\u300b\uff0c\u8207\u5468\u8056\u51f1\u5408\u7de8\u300a\u6211\u73fe\u5728\u6c92\u6709\u6642\u9593\u4e86\uff1a\u53cd\u52de\u57fa\u6cd5\u4fee\u60e1\u8a69\u9078\u300b\u3002\u73fe\u65bc\u611b\u4e01\u5821\u5927\u5b78\u7814\u7a76\u6b77\u53f2\uff0c\u9762\u671d\u6d77\u6ce2\u6d6a\uff0c\u60f3\u5ff5\u9ec3\u660f\u7684\u6545\u9109\u3002<\/p>\n<h2><strong>\u76ee\u9304<\/strong><\/h2>\n<p>\u5e8f\u4e00 \u56de\u770b\u90a3\u500b\u58ef\u95ca\u6642\u4ee3\u6797\u6587\u51f1<br \/>\n\u5e8f\u4e8c \u53cd\u601d\u7576\u4ee3\u3001\u6307\u5411\u672a\u4f86\uff0c\u5f9e\u771f\u8aa0\u9762\u5c0d\u6b77\u53f2\u958b\u59cb\u5468\u8056\u51f1<\/p>\n<p>\u7b2c\u4e00\u7ae0\u7dd2\u8ad6<br \/>\n\u7b2c\u4e00\u7bc0 \u6b96\u6c11\u5730\u81fa\u7063\u5de5\u904b\u7c21\u53f2<br \/>\n\u7b2c\u4e8c\u7bc0 \u6587\u737b\u56de\u9867\u8207\u6750\u6599\u7bc4\u570d<br \/>\n\u7b2c\u4e09\u7bc0 \u81ea\u4e3b\u5de5\u904b\u7684\u53f2\u89c0<br \/>\n\u7b2c\u56db\u7bc0 \u7ae0\u7bc0\u67b6\u69cb\u8207\u6b77\u53f2\u5206\u671f<br \/>\n\u7b2c\u4e94\u7bc0\u5de6\u53f3\u5149\u8b5c<\/p>\n<p>\u7b2c\u4e8c\u7ae0\uff5c\u9ece\u660e\u671f\uff081926-1927\uff09<br \/>\n\u7b2c\u4e00\u7bc0 \u81ea\u767c\u6027\u52de\u8cc7\u722d\u8b70<br \/>\n\u4e00\u30011926\u5e74\u4ee5\u524d\u7684\u52de\u5de5\u904b\u52d5<br \/>\n\u4e8c\u3001\u81fa\u7063\u6700\u521d\u7684\u5de5\u6703\u7d44\u7e54<br \/>\n\u7b2c\u4e8c\u7bc0 \u65b0\u81fa\u7063\u6587\u5316\u5354\u6703<br \/>\n\u4e00\u3001\u793e\u6703\u554f\u984c\u7814\u7a76\u6703<br \/>\n\u4e8c\u3001\u81fa\u5317\u7121\u7522\u9752\u5e74<br \/>\n\u4e09\u3001\u81fa\u7063\u6587\u5316\u5354\u6703\u5de6\u50be<br \/>\n\u56db\u3001\u5de5\u6703\u5de5\u4f5c\u7684\u958b\u5c55<br \/>\n\u7b2c\u4e09\u7bc0 \u9ad8\u96c4\u81fa\u7063\u9435\u5de5\u6240\u5927\u7f77\u5de5<br \/>\n\u4e00\u3001\u9ad8\u96c4\u6a5f\u68b0\u5de5\u6703\u7684\u7d44\u7e54<br \/>\n\u4e8c\u3001\u793e\u6703\u8cc7\u6e90\u6e67\u5411\u9ad8\u96c4<br \/>\n\u4e09\u3001\u81fa\u7063\u9435\u5de5\u6240\u7684\u7522\u696d\u5730\u4f4d<br \/>\n\u56db\u3001\u7f77\u5de5\u6230\u7565\u8207\u653f\u6cbb\u60f3\u50cf<br \/>\n\u7b2c\u56db\u7bc0 \u5168\u5cf6\u7e3d\u7f77\u5de5\u8207\u5f8c\u7e8c\u5de5\u6f6e<br \/>\n\u4e00\u3001\u5168\u5cf6\u7e3d\u7f77\u5de5<br \/>\n\u4e8c\u3001\u4e94\u4e00\u52de\u52d5\u7bc0\uff081927\uff09<br \/>\n\u4e09\u3001\u81fa\u5317\u65e5\u83ef\u7d21\u7e54\u682a\u5f0f\u6703\u793e\u7f77\u5de5<br \/>\n\u56db\u3001\u5609\u7fa9\u71df\u6797\u6240\u5927\u7f77\u5de5<br \/>\n\u4e94\u3001\u81fa\u5317\u4eba\u529b\u8eca\u5de5\u6f6e<br \/>\n\u516d\u3001\u81fa\u5317\u5370\u5237\u5f9e\u696d\u54e1\u7d44\u5408<br \/>\n\u7b2c\u4e94\u7bc0 \u9435\u5de5\u7f77\u696d\u7684\u5c3e\u8072<br \/>\n\u4e00\u3001\u8abf\u505c\u8005\u3001\u8b66\u5bdf\u8207\u5de5\u6703\u6539\u7d44<br \/>\n\u4e8c\u3001\u7f77\u5de5\u8005\u884c\u5546\u5718<br \/>\n\u4e09\u3001\u52de\u5de5\u81ea\u4e3b\u4f01\u696d<\/p>\n<p>\u7b2c\u4e09\u7ae0\uff5c\u6210\u719f\u671f\uff081927-1929\uff09<br \/>\n\u7b2c\u4e00\u7bc0 \u53f3\u7ffc\u5de5\u6703\u5d1b\u8d77<br \/>\n\u4e00\u3001\u6c11\u65cf\u4e3b\u7fa9\u3001\u52de\u8cc7\u5354\u8abf\u8207\u5de5\u5718\u4e3b\u7fa9<br \/>\n\u4e8c\u3001\u65b0\u7af9\u6728\u5de5\u5de5\u53cb\u6703<br \/>\n\u4e09\u3001\u53f3\u7ffc\u7d44\u7e54\u5de5\u4f5c\u7684\u9032\u5c55<br \/>\n\u56db\u3001\u5927\u7a3b\u57d5\u8336\u696d\u5de5\u4eba\u904b\u52d5<br \/>\n\u4e94\u3001\u81fa\u5317\u7802\u5229\u8239\u53cb\u6703<br \/>\n\u516d\u3001\u81fa\u5317\u83ef\u50d1\u7e3d\u5de5\u6703<br \/>\n\u4e03\u3001\u81fa\u7063\u5de5\u53cb\u7e3d\u806f\u76df\u7b2c\u4e00\u6b21\u5168\u5cf6\u4ee3\u8868\u5927\u6703<br \/>\n\u7b2c\u4e8c\u7bc0 \u5de6\u7ffc\u5de5\u6703\u5f31\u5316<br \/>\n\u4e00\u3001\u81fa\u7063\u7e3d\u5de5\u6703<br \/>\n\u4e8c\u3001\u81fa\u7063\u6a5f\u68b0\u5de5\u6703\u806f\u5408\u6703<br \/>\n\u4e09\u3001\u5de6\u7ffc\u7d44\u7e54\u5de5\u4f5c\u7684\u9032\u5c55<br \/>\n\u56db\u3001\u5de5\u53cb\u5354\u52a9\u6703\u8207\u81fa\u7063\u7e3d\u5de5\u6703<br \/>\n\u4e94\u3001\u5168\u5cf6\u52de\u52d5\u904b\u52d5\u7d71\u4e00\u806f\u76df<br \/>\n\u516d\u3001\u81fa\u7063\u5de5\u6703\u81e8\u6642\u8a55\u8b70\u6703<br \/>\n\u4e03\u3001\u81fa\u7063\u5927\u773e\u9ee8<br \/>\n\u7b2c\u4e09\u7bc0 \u98a8\u96e8\u4e2d\u7684\u52de\u52d5\u7bc0<br \/>\n\u4e00\u3001\u4e94\u4e00\u52de\u52d5\u7bc0\uff081928\uff09<br \/>\n\u4e8c\u3001\u57fa\u9686\u6d0b\u670d\u5de5\u53cb\u6703<br \/>\n\u4e09\u3001\u81fa\u5317\u77f3\u5de5\u5de5\u53cb\u6703<br \/>\n\u56db\u3001\u57fa\u9686\u8239\u70ad\u5de5\u53cb\u6703<br \/>\n\u4e94\u3001\u81fa\u5357\u5b89\u5e73\u88fd\u9e7d\u682a\u5f0f\u6703\u793e\u5927\u7f77\u5de5<br \/>\n\u516d\u3001\u9ad8\u96c4\u6dfa\u91ce\u6d0b\u7070\u682a\u5f0f\u6703\u793e\u5927\u7f77\u5de5<br \/>\n\u4e03\u3001\u81fa\u5317\u6728\u5de5\u5de5\u53cb\u6703<br \/>\n\u516b\u3001\u81fa\u5317\u91d1\u9280\u7d30\u5de5\u5de5\u53cb\u6703<br \/>\n\u4e5d\u3001\u81fa\u5357\u7406\u9aee\u5de5\u53cb\u6703<br \/>\n\u5341\u3001\u81fa\u5317\u5370\u5237\u5f9e\u696d\u54e1\u7d44\u5408\u8207\u81fa\u5317\u5370\u5237\u5de5\u6703<br \/>\n\u7b2c\u56db\u7bc0 \u81fa\u7063\u6c11\u773e\u9ee8\u8207\u5de5\u53cb\u7e3d\u806f\u76df<br \/>\n\u4e00\u3001\u81fa\u7063\u5de5\u53cb\u7e3d\u806f\u76df\u7684\u7d44\u7e54\u67b6\u69cb<br \/>\n\u4e8c\u3001\u81fa\u7063\u5de5\u53cb\u7e3d\u806f\u76df\u7b2c\u4e8c\u6b21\u5168\u5cf6\u4ee3\u8868\u5927\u6703<br \/>\n\u4e09\u3001\u81fa\u7063\u6c11\u773e\u9ee8\u8207\u52de\u5de5\u904b\u52d5<br \/>\n\u56db\u3001\u6c11\u773e\u9ee8\u5167\u7684\u968e\u7d1a\u9b25\u722d<\/p>\n<p>\u7b2c\u56db\u7ae0\uff5c\u53d7\u96e3\u671f\uff081930-1932\uff09<br \/>\n\u7b2c\u4e00\u7bc0 \u81fa\u7063\u5de5\u53cb\u7e3d\u806f\u76df\u5217\u5be7\u4e3b\u7fa9\u5316<br \/>\n\u4e00\u3001\u81fa\u7063\u5730\u65b9\u81ea\u6cbb\u806f\u76df<br \/>\n\u4e8c\u3001\u81fa\u7063\u6c11\u773e\u9ee8\u5de6\u50be<br \/>\n\u4e09\u3001\u4e09\u89d2\u6230\u7565<br \/>\n\u56db\u3001\u5927\u856d\u689d\u88e1\u7684\u7d44\u7e54\u5de5\u4f5c<br \/>\n\u4e94\u3001\u5927\u7a3b\u57d5\u91d1\u9280\u7d19\u5e97\u722d\u8b70<br \/>\n\u516d\u3001\u9ad8\u96c4\u5370\u5237\u5f9e\u696d\u54e1\u7d44\u5408<br \/>\n\u4e03\u3001\u81fa\u5317\u83ef\u50d1\u932b\u7b94\u5de5\u53cb\u6703<br \/>\n\u516b\u3001\u65b0\u7af9\u6728\u5de5\u5de5\u53cb\u6703\u7f77\u5de5<br \/>\n\u4e5d\u3001\u9ad8\u96c4\u5171\u69ae\u4e58\u5408\u81ea\u52d5\u8eca\u6703\u793e\u722d\u8b70<br \/>\n\u7b2c\u4e8c\u7bc0 \u81fa\u7063\u5171\u7522\u9ee8\u8207\u81fa\u7063\u7e3d\u5de5\u6703\u7c4c\u5099\u6703<br \/>\n\u4e00\u3001\u81fa\u7063\u5171\u7522\u9ee8\u7684\u5de5\u904b\u653f\u7b56<br \/>\n\u4e8c\u3001\u5c0d\u81fa\u7063\u5171\u7522\u9ee8\u7684\u6279\u5224<br \/>\n\u4e09\u3001\u8607\u65b0\u8207\u856d\u53cb\u5c71\u7684\u7d44\u7e54\u5de5\u4f5c<br \/>\n\u56db\u3001\u6539\u9769\u540c\u76df<br \/>\n\u4e94\u3001\u9ad8\u96c4\u82d3\u96c5\u5bee\u80a5\u6599\u888b\u5de5\u5ee0\u7f77\u5de5<br \/>\n\u516d\u3001\u81fa\u4e2d\u83f8\u8349\u7d44\u5408\u5f9e\u696d\u54e1\u7f77\u5de5<br \/>\n\u4e03\u3001\u5b9c\u862d\u8517\u6e23\u5de5\u696d\u8a66\u9a57\u6240\u722d\u8b70<br \/>\n\u516b\u3001\u81fa\u7063\u51fa\u7248\u5de5\u6703\u7c4c\u5099\u6703<br \/>\n\u4e5d\u3001\u81fa\u7063\u4ea4\u901a\u904b\u8f38\u5de5\u6703\u7c4c\u5099\u6703<br \/>\n\u5341\u3001\u81fa\u7063\u7926\u5c71\u5de5\u6703\u7c4c\u5099\u6703<br \/>\n\u7b2c\u4e09\u7bc0 \u6b96\u6c11\u5730\u52de\u5de5\u904b\u52d5\u7684\u672b\u8def<br \/>\n\u4e00\u3001\u5171\u540c\u9b25\u722d\u59d4\u54e1\u6703<br \/>\n\u4e8c\u3001\u7121\u7522\u968e\u7d1a\u5171\u540c\u6230\u7dda\u74e6\u89e3<br \/>\n\u4e09\u3001\u81fa\u5317\u5370\u5237\u5f9e\u696d\u54e1\u7d44\u5408\u5927\u7f77\u5de5<br \/>\n\u56db\u30011932\u5e74\u4ee5\u5f8c\u7684\u52de\u5de5\u904b\u52d5<br \/>\n\u7b2c\u56db\u7bc0 \u6b96\u6c11\u5730\u52de\u5de5\u904b\u52d5\u7684\u7d50\u69cb\u6027\u56de\u9867<\/p>\n<p>\u5f8c\u8a18\uff5c\u767e\u5e74\u7da6\u8f4d\u4f4e\u8ff4\u904d<\/p>\n<p>\u9644\u9304<br \/>\n\u9644\u9304\u4e00\u300a\u81fa\u7063\u65e5\u65e5\u65b0\u5831\u300b\u6240\u8f09\u5927\u578b\u52de\u8cc7\u722d\u8b70\uff081898-1926\uff09<br \/>\n\u9644\u9304\u4e8c\u300a\u81fa\u7063\u65e5\u65e5\u65b0\u5831\u300b\u6240\u8f09\u5927\u578b\u52de\u8cc7\u722d\u8b70\uff081932-1940\uff09<\/p>\n<p>\u53c3\u8003\u66f8\u76ee<\/p>\n<p>ISBN\uff1a9789578019133<br \/>\n\u51fa\u7248\u793e\uff1a\u524d\u885b<br \/>\n\u898f\u683c\uff1a\u5e73\u88dd \/ 368\u9801 \/ 17 x 23 x 1.84 cm \/ \u666e\u901a\u7d1a \/ \u55ae\u8272\u5370\u5237 \/ \u521d\u7248<br \/>\n\u51fa\u7248\u5730\uff1a\u53f0\u7063<\/p>\n<p><a href=\"http:\/\/class.ruten.com.tw\/user\/index00.php?s=gjtwn\" target=\"_blank\" rel=\"noopener\" data-cke-saved-href=\"http:\/\/class.ruten.com.tw\/user\/index00.php?s=gjtwn\" data-cke-saved-><img decoding=\"async\" src=\"https:\/\/www.gjtaiwan.com\/image\/data\/addlpmz19qm7.png\" alt=\"\" data-cke-saved-src=\"https:\/\/www.gjtaiwan.com\/image\/data\/addlpmz19qm7.png\" \/><\/a><\/p>\n","protected":false},"excerpt":{"rendered":"<p>\u5168\u5cf6\u7e3d\u7f77\u5de5\uff1a\u6b96\u6c11\u5730\u81fa\u7063\u5de5\u904b\u53f2 \u5167\u5bb9\u7c21\u4ecb \u300c\u540c\u80de\u9808\u5718\u7d50\uff0c\u5718\u7d50\u771f\u6709\u529b\uff01\u300d \u770b\u767e\u5e74\u524d\u7684\u81fa\u7063\u52de\u5de5\u5011\uff0c\u5982\u4f55\u4ee5\u8d85\u7d55\u7684\u884c\u52d5\u548c&#8230;<\/p>\n","protected":false},"featured_media":59811,"comment_status":"closed","ping_status":"closed","template":"","meta":[],"product_brand":[],"product_cat":[2733,2663],"product_tag":[3181,11055,11054,3077],"class_list":{"0":"post-59810","1":"product","2":"type-product","3":"status-publish","4":"has-post-thumbnail","6":"product_cat-2733","7":"product_cat-2663","8":"product_tag-3181","9":"product_tag-11055","10":"product_tag-11054","11":"product_tag-3077","13":"first","14":"instock","15":"sale","16":"taxable","17":"shipping-taxable","18":"purchasable","19":"product-type-simple"},"bundled_by":[],"bundle_stock_status":"instock","bundle_stock_quantity":null,"bundle_virtual":false,"bundle_layout":"","bundle_add_to_cart_form_location":"","bundle_editable_in_cart":false,"bundle_sold_individually_context":"","bundle_item_grouping":"","bundle_min_size":"","bundle_max_size":"","bundle_price":[],"bundled_items":[],"bundle_sell_ids":[65786,138697],"_links":{"self":[{"href":"https:\/\/www.gjtaiwan.com\/new\/wp-json\/wp\/v2\/product\/59810","targetHints":{"allow":["GET"]}}],"collection":[{"href":"https:\/\/www.gjtaiwan.com\/new\/wp-json\/wp\/v2\/product"}],"about":[{"href":"https:\/\/www.gjtaiwan.com\/new\/wp-json\/wp\/v2\/types\/product"}],"replies":[{"embeddable":true,"href":"https:\/\/www.gjtaiwan.com\/new\/wp-json\/wp\/v2\/comments?post=59810"}],"wp:featuredmedia":[{"embeddable":true,"href":"https:\/\/www.gjtaiwan.com\/new\/wp-json\/wp\/v2\/media\/59811"}],"wp:attachment":[{"href":"https:\/\/www.gjtaiwan.com\/new\/wp-json\/wp\/v2\/media?parent=59810"}],"wp:term":[{"taxonomy":"product_brand","embeddable":true,"href":"https:\/\/www.gjtaiwan.com\/new\/wp-json\/wp\/v2\/product_brand?post=59810"},{"taxonomy":"product_cat","embeddable":true,"href":"https:\/\/www.gjtaiwan.com\/new\/wp-json\/wp\/v2\/product_cat?post=59810"},{"taxonomy":"product_tag","embeddable":true,"href":"https:\/\/www.gjtaiwan.com\/new\/wp-json\/wp\/v2\/product_tag?post=59810"}],"curies":[{"name":"wp","href":"https:\/\/api.w.org\/{rel}","templated":true}]}}