{"id":69542,"date":"2020-08-14T11:46:05","date_gmt":"2020-08-14T03:46:05","guid":{"rendered":"https:\/\/www.gjtaiwan.com\/new\/?post_type=product&#038;p=69542"},"modified":"2020-08-14T11:46:05","modified_gmt":"2020-08-14T03:46:05","slug":"%e6%ad%b7%e5%8f%b2%e5%ad%b8%e6%9f%91%e4%bb%94%e5%ba%971","status":"publish","type":"product","link":"https:\/\/www.gjtaiwan.com\/new\/product\/%e6%ad%b7%e5%8f%b2%e5%ad%b8%e6%9f%91%e4%bb%94%e5%ba%971","title":{"rendered":"\u6b77\u53f2\u5b78\u67d1\u4ed4\u5e971"},"content":{"rendered":"<h1><strong>\u6b77\u53f2\u5b78\u67d1\u4ed4\u5e971<\/strong><\/h1>\n<p><img loading=\"lazy\" decoding=\"async\" class=\"alignnone size-large wp-image-69546\" src=\"https:\/\/www.gjtaiwan.com\/new\/wp-content\/uploads\/2020\/08\/getImage-4-2-580x800.jpg\" alt=\"\" width=\"580\" height=\"800\" srcset=\"https:\/\/www.gjtaiwan.com\/new\/wp-content\/uploads\/2020\/08\/getImage-4-2-580x800.jpg 580w, https:\/\/www.gjtaiwan.com\/new\/wp-content\/uploads\/2020\/08\/getImage-4-2-290x400.jpg 290w, https:\/\/www.gjtaiwan.com\/new\/wp-content\/uploads\/2020\/08\/getImage-4-2.jpg 768w, https:\/\/www.gjtaiwan.com\/new\/wp-content\/uploads\/2020\/08\/getImage-4-2-600x827.jpg 600w\" sizes=\"auto, (max-width: 580px) 100vw, 580px\" \/><\/p>\n<p><img loading=\"lazy\" decoding=\"async\" class=\"alignnone size-large wp-image-69549\" src=\"https:\/\/www.gjtaiwan.com\/new\/wp-content\/uploads\/2020\/08\/getImage-8-588x800.jpg\" alt=\"\" width=\"588\" height=\"800\" srcset=\"https:\/\/www.gjtaiwan.com\/new\/wp-content\/uploads\/2020\/08\/getImage-8-588x800.jpg 588w, https:\/\/www.gjtaiwan.com\/new\/wp-content\/uploads\/2020\/08\/getImage-8-294x400.jpg 294w, https:\/\/www.gjtaiwan.com\/new\/wp-content\/uploads\/2020\/08\/getImage-8.jpg 768w, https:\/\/www.gjtaiwan.com\/new\/wp-content\/uploads\/2020\/08\/getImage-8-600x816.jpg 600w\" sizes=\"auto, (max-width: 588px) 100vw, 588px\" \/><\/p>\n<p><img loading=\"lazy\" decoding=\"async\" class=\"alignnone size-large wp-image-69544\" src=\"https:\/\/www.gjtaiwan.com\/new\/wp-content\/uploads\/2020\/08\/getImage-2-2-581x800.jpg\" alt=\"\" width=\"581\" height=\"800\" srcset=\"https:\/\/www.gjtaiwan.com\/new\/wp-content\/uploads\/2020\/08\/getImage-2-2-581x800.jpg 581w, https:\/\/www.gjtaiwan.com\/new\/wp-content\/uploads\/2020\/08\/getImage-2-2-291x400.jpg 291w, https:\/\/www.gjtaiwan.com\/new\/wp-content\/uploads\/2020\/08\/getImage-2-2.jpg 768w, https:\/\/www.gjtaiwan.com\/new\/wp-content\/uploads\/2020\/08\/getImage-2-2-600x826.jpg 600w\" sizes=\"auto, (max-width: 581px) 100vw, 581px\" \/><\/p>\n<h2><strong>\u5167\u5bb9\u7c21\u4ecb<\/strong><\/h2>\n<p>\u5f9e\u81fa\u7063\u601d\u8003\u6b77\u53f2\u7684\u66f8\u5beb<br \/>\n\u4ee5\u516c\u773e\u53f2\u5b78\u8cbc\u8fd1\u4e00\u822c\u5927\u773e<\/p>\n<p>\u5c08\u696d\u53f2\u5b78\u70ba\u4f55\u8207\u5927\u773e\u5982\u6b64\u758f\u9060\uff1f\u5982\u4f55\u62c9\u8fd1\u5f7c\u6b64\u4e4b\u9593\u7684\u9d3b\u6e9d\uff1f\u7e7c\u300c\u82ad\u6a02\u4eba\u985e\u5b78\u300d\u548c\u300c\u5df7\u4ed4\u53e3\u793e\u6703\u5b78\u300d\u4e4b\u5f8c\uff0c\u5275\u7acb\u65bc2014\u5e744\u6708\u7684\u300c\u6b77\u53f2\u5b78\u67d1\u4ed4\u5e97\u300d\uff08k\u00e1m-\u00e1-ti\u00e0m\uff09\uff0c\u662f\u5b78\u9662\u5f9e\u81fa\u7063\u601d\u8003\u6b77\u53f2\u66f8\u5beb\u7684\u5171\u7b46\u5e73\u53f0\uff0c\u85c9\u7531\u666e\u53ca\u6b77\u53f2\u77e5\u8b58\u4f86\u5f37\u5316\u6b77\u53f2\u5b78\u8005\u7684\u793e\u6703\u53c3\u8207\uff0c\u8a66\u5716\u8cbc\u8fd1\u4e00\u822c\u5927\u773e\u3002<\/p>\n<p>\u5982\u540c\u672c\u66f8\u300c\u958b\u5e97\u300d\u6587\u7ae0\u3008\u5f9e\u300c\u67d1\u4ed4\u5e97\u300d\u5230\u6b77\u53f2\u5b78\u3009\u958b\u982d\u5beb\u7684\uff1a\u300c\u6b77\u53f2\u5b78\u67d1\u4ed4\u5e97\u300d\u5728\u7c4c\u5099\u968e\u6bb5\u6642\uff0c\u300c\u6771\u5bb6\u300d\u5373\u66fe\u8207\u300c\u5e97\u5c0f\u4e8c\u300d\u5011\u71b1\u70c8\u5730\u8a0e\u8ad6\u904e\u300c\u67d1\u4ed4\u5e97\u7684\u6b77\u53f2\u300d\uff0c\u624d\u767c\u73fe\u4f3c\u4e4e\u6bcf\u500b\u4eba\u90fd\u66fe\u7d93\u6709\u81ea\u5df1\u5c08\u5c6c\u7684\u300c\u67d1\u4ed4\u5e97\u300d\u8a18\u61b6\uff0c\u800c\u4e14\u6709\u4e9b\u5e97\u6771\u6216\u5e97\u5c0f\u4e8c\u81ea\u5df1\u5bb6\u65cf\u9084\u66fe\u7d93\u71df\u904e\u67d1\u4ed4\u5e97\uff0c\u807d\u805e\u4e4b\u4e0b\uff0c\u5927\u958b\u773c\u754c\u3002\u6771\u5bb6\u4e5f\u56d1\u5e7e\u500b\u5e97\u5c0f\u4e8c\u6709\u7a7a\u5c07\u9019\u4e9b\u6709\u8da3\u7684\u898b\u805e\u6536\u9304\u96c6\u7d50\uff0c\u4ee5\u4fbf\u65e5\u5f8c\u80fd\u5728\u5e97\u5167\u958b\u4e00\u300c\u5c08\u6ac3\u300d\uff0c\u4ee5\u9957\u5404\u4f4d\u4eba\u5ba2\u3002<\/p>\n<p>\u300c\u6b77\u53f2\u5b78\u67d1\u4ed4\u5e97\u300d\u662f\u540d\u526f\u5176\u5be6\u7684\u300c\u67d1\u4ed4\u5e97\u300d\uff0c\u4e0d\u4f46\u5167\u5bb9\u591a\u6a23\u9f90\u96dc\uff0c\u800c\u4e14\u6709\u80a1\u5f9e\u4e0b\u800c\u4e0a\u3001\u65fa\u76db\u7684\u8349\u6839\u6027\u3002\u5171\u7b46\u4f5c\u8005\u4ee5\u5927\u5b78\u6216\u7814\u7a76\u6a5f\u69cb\u4efb\u8077\u7684\u9752\u58ef\u8f29\u70ba\u4e3b\uff0c\u7bc4\u7587\u6db5\u84cb\u81fa\u7063\u53f2\u3001\u4e2d\u570b\u53f2\u3001\u4e16\u754c\u53f2\uff0c\u5305\u62ec\u5404\u4e3b\u984c\u5c08\u53f2\uff0c\u5982\u91ab\u7642\u53f2\u3001\u79d1\u5b78\u53f2\u3001\u6cd5\u5f8b\u53f2\u3001\u6027\u5225\u53f2\u3001\u85dd\u8853\u53f2\u7b49\uff0c\u76f8\u7576\u7a0b\u5ea6\u53cd\u6620\u4e86\u81fa\u7063\u53f2\u5b78\u754c\u7684\u73fe\u6cc1\u3002<\/p>\n<p>\u8fd1\u5e74\u4f86\u300c\u516c\u773e\u53f2\u5b78\u300d\u5728\u5c08\u696d\u53f2\u5b78\u754c\u9010\u6f38\u53d7\u5230\u91cd\u8996\uff0c\u300c\u6b77\u53f2\u5b78\u67d1\u4ed4\u5e97\u300d\u7684\u6587\u7ae0\u6574\u9ad4\u4e5f\u5448\u73fe\u591a\u5143\u800c\u7570\u8cea\u7684\u98a8\u8c8c\uff0c\u6709\u8457\u5f37\u70c8\u7684\u300c\u65b0\u6587\u5316\u53f2\u300d\u6c23\u606f\uff0c\u91cd\u8996\u4e00\u822c\u6c11\u773e\u3001\u65e5\u5e38\u751f\u6d3b\u8207\u5728\u5730\u8108\u7d61\uff0c\u5617\u8a66\u5f9e\u4e0d\u540c\u7684\u8996\u89d2\u770b\u904e\u53bb\uff0c\u7279\u5225\u662f\u50b3\u7d71\u6b77\u53f2\u66f8\u5beb\u4e2d\u88ab\u5ffd\u7565\u7684\u4eba\u7fa4\u3002\u800c\u6b77\u53f2\u7814\u7a76\u91cd\u8996\u4e00\u624b\u53f2\u6599\u7684\u7279\u6027\uff0c\u4e5f\u53cd\u6620\u5728\u4e0d\u5c11\u6587\u7ae0\u7576\u4e2d\uff0c\u5373\u7d50\u5408\u5404\u7a2e\u985e\u578b\u7684\u65b0\u3001\u820a\u53f2\u6599\uff0c\u5617\u8a66\u89f8\u6478\u300c\u904e\u53bb\u300d\u4e0d\u540c\u7684\u9762\u5411\u3002<\/p>\n<p>\u300a\u6b77\u53f2\u5b78\u67d1\u4ed4\u5e97 1\u300b\u5f9e2014\u5e74\u5275\u7acb\u81f3\u4eca\u7cbe\u9078\u51fa26\u7bc7\u6587\u7ae0\uff0c\u4ee5\u6b77\u53f2x\u793e\u6703\u3001\u6b77\u53f2x\u79d1\u5b78\u3001\u6b77\u53f2x\u91ab\u5b78\u3001\u6b77\u53f2x\u5668\u7269\u3001\u6b77\u53f2x\u751f\u6d3b\u4e94\u500b\u8de8\u57df\u7d50\u5408\u5448\u73fe\u51fa\u4f86\uff0c\u4e26\u642d\u914d300\u5f35\u7cbe\u5f69\u7684\u5716\u7247\uff0c\u5716\u6587\u4e26\u8302\u5730\u5c55\u73fe\u5728\u4e00\u822c\u5927\u773e\u9762\u524d\uff0c\u5e0c\u671b\u80fd\u5f15\u9818\u8b80\u8005\u5c0d\u6b77\u53f2\u6216\u904e\u5f80\u767c\u751f\u7684\u4eba\u4e8b\u7269\u7522\u751f\u8208\u8da3\uff0c\u9032\u800c\u5171\u540c\u63a2\u7d22\u81fa\u7063\u7684\u4e3b\u9ad4\u6027\u3002<\/p>\n<h2><strong>\u4f5c\u8005\u7c21\u4ecb<\/strong><\/h2>\n<p>\u8a31\u96c5\u60e0<\/p>\n<p>\u570b\u7acb\u81fa\u7063\u5927\u5b78\u6b77\u53f2\u5b78\u7cfb\u526f\u6559\u6388<\/p>\n<p>\u4f5c\u8005\u7c21\u4ecb\uff08\u4f9d\u6587\u7ae0\u6b21\u5e8f\u6392\u5217\uff09<\/p>\n<p>\u5442\u7d39\u7406<\/p>\n<p>\u570b\u7acb\u81fa\u7063\u5927\u5b78\u6b77\u53f2\u5b78\u7cfb\u6559\u6388<\/p>\n<p>\u674e\u8863\u96f2<\/p>\n<p>\u570b\u7acb\u653f\u6cbb\u5927\u5b78\u81fa\u7063\u53f2\u7814\u7a76\u6240\u526f\u6559\u6388<\/p>\n<p>\u9673\u6052\u5b89<\/p>\n<p>\u570b\u7acb\u6210\u529f\u5927\u5b78\u6b77\u53f2\u5b78\u7cfb\u6559\u6388<\/p>\n<p>\u5289\u9f8d\u5fc3<\/p>\n<p>\u6771\u5433\u5927\u5b78\u6b77\u53f2\u5b78\u7cfb\u6559\u6388<\/p>\n<p>\u674e\u8c9e\u5fb7<\/p>\n<p>\u4e2d\u592e\u7814\u7a76\u9662\u6b77\u53f2\u8a9e\u8a00\u7814\u7a76\u6240\u7814\u7a76\u54e1<\/p>\n<p>\u6d82\u8c50\u6069<\/p>\n<p>\u54c8\u4f5b\u5927\u5b78\u6771\u4e9e\u7cfb\u535a\u58eb<\/p>\n<p>\u8a31\u96c5\u60e0<\/p>\n<p>\u570b\u7acb\u81fa\u7063\u5927\u5b78\u6b77\u53f2\u5b78\u7cfb\u526f\u6559\u6388<\/p>\n<p>\u90ed\u6587\u83ef<\/p>\n<p>\u570b\u7acb\u967d\u660e\u5927\u5b78\u79d1\u6280\u8207\u793e\u6703\u7814\u7a76\u6240\u6559\u6388<\/p>\n<p>\u9ec3\u9298\u5d07<\/p>\n<p>\u4e2d\u7814\u9662\u6b77\u53f2\u8a9e\u8a00\u7814\u7a76\u6240\u7814\u7a76\u54e1<\/p>\n<p>\u5433\u6613\u53e1<\/p>\n<p>\u9999\u6e2f\u5927\u5b78\u674e\u5609\u8aa0\u91ab\u5b78\u9662\u3001\u91ab\u5b78\u502b\u7406\u53ca\u4eba\u6587\u5b78\u90e8\u52a9\u7406\u6559\u6388<\/p>\n<p>\u91d1\u4ed5\u8d77<\/p>\n<p>\u570b\u7acb\u653f\u6cbb\u5927\u5b78\u6b77\u53f2\u5b78\u7cfb\u526f\u6559\u6388<\/p>\n<p>\u8a31\u5b8f\u5f6c<\/p>\n<p>\u570b\u7acb\u6210\u529f\u5927\u5b78\u6b77\u53f2\u5b78\u7cfb\u526f\u6559\u6388<\/p>\n<p>\u9673\u5143\u670b<\/p>\n<p>\u570b\u7acb\u6771\u83ef\u5927\u5b78\u6b77\u53f2\u5b78\u7cfb\u526f\u6559\u6388<\/p>\n<p>\u6797\u572d\u5075<\/p>\n<p>\u4e2d\u592e\u7814\u7a76\u9662\u6b77\u53f2\u8a9e\u8a00\u7814\u7a76\u6240\u52a9\u7814\u7a76\u54e1<\/p>\n<p>\u5ed6\u5b9c\u65b9<\/p>\n<p>\u4e2d\u7814\u9662\u6b77\u53f2\u8a9e\u8a00\u7814\u7a76\u6240\u52a9\u7814\u7a76\u54e1<\/p>\n<p>\u9673\u5cd9\u7dad<\/p>\n<p>\u570b\u7acb\u81fa\u7063\u5927\u5b78\u97f3\u6a02\u5b78\u7814\u7a76\u6240\u517c\u4efb\u52a9\u7406\u6559\u6388<\/p>\n<p>\u912d\u9e97\u6995<\/p>\n<p>\u570b\u7acb\u653f\u6cbb\u5927\u5b78\u81fa\u7063\u53f2\u7814\u7a76\u6240\u52a9\u7406\u6559\u6388<\/p>\n<h2><strong>\u76ee\u9304<\/strong><\/h2>\n<p>\u7de8\u8005\u5e8f\uff0f\u8a31\u96c5\u60e0<\/p>\n<p>1. \u6b77\u53f2\u8207\u793e\u6703<br \/>\n1-1 \u5f9e\u300c\u67d1\u4ed4\u5e97\u300d\u5230\u6b77\u53f2\u5b78\uff1a\u601d\u8003\u65e5\u5e38\u751f\u6d3b\u53f2\u8207\u516c\u773e\uff08\u5927\u773e\uff09\u53f2\u7684\u4ea4\u932f\uff0f\u5442\u7d39\u7406<br \/>\n1-2 \u8aaa\u3001\u6b77\u53f2\u6545\u4e8b\uff0f\u674e\u8863\u96f2<br \/>\n1-3 \u5982\u4f55\u85c9\u666e\u53ca\u6b77\u53f2\u77e5\u8b58\u4ee5\u5f37\u5316\u6b77\u53f2\u5b78\u8005\u793e\u6703\u53c3\u8207\uff1f\uff0f\u9673\u6052\u5b89<br \/>\n1-4 \u6211\u5011\u8cf4\u4ee5\u751f\u5b58\u7684\u6b77\u53f2\uff1a\u9ad4\u6703\u3001\u5171\u4eab\u8207\u53cd\u601d\uff0f\u5289\u9f8d\u5fc3<\/p>\n<p>2. \u6b77\u53f2\u8207\u79d1\u5b78<br \/>\n2-1 \u5728\u6771\u4e9e\u4e3b\u7de8\u82f1\u6587\u671f\u520a\uff1f\uff01\uff0f\u674e\u8c9e\u5fb7<br \/>\n2-2 \u6578\u4f4d\u6642\u4ee3\uff0c\u5716\u66f8\u9928\u5c07\u4f55\u53bb\u4f55\u5f9e\uff1f\uff0f\u6d82\u8c50\u6069<br \/>\n2-3 \u8d99\u660e\u8aa0\u8207\u4ed6\u7684\u6536\u85cf\u5bb6\u670b\u53cb\u5011\uff1a\u6578\u4f4d\u4eba\u6587\u65b9\u6cd5\u521d\u63a2\uff0f\u8a31\u96c5\u60e0<br \/>\n2-4 \u89e3\u958b\u9375\u76e4\u7684\u8eab\u4e16\u5bc6\u78bc\uff08\u4e0a\uff09\uff1aQWERTY\u8207\u5927\u6613\u8f38\u5165\u7684\u793e\u6703\u53f2\uff0f\u90ed\u6587\u83ef<br \/>\n2-5 \u89e3\u958b\u9375\u76e4\u7684\u8eab\u4e16\u5bc6\u78bc\uff08\u4e0b\uff09\uff1a\u5009\u9821\u8207\u6ce8\u97f3\u8f38\u5165\u7684\u6587\u5316\u53f2\uff0f\u90ed\u6587\u83ef<br \/>\n2-6 \u300c\u5de8\u91cf\u8cc7\u6599\u300d\u6982\u5ff5\u4e0b\u7684\u53f2\u6599\u6536\u96c6\u8207\u6b77\u53f2\u66f8\u5beb\uff0f\u9ec3\u9298\u5d07<\/p>\n<p>3. \u6b77\u53f2\u8207\u91ab\u5b78<br \/>\n3-1 \u675c\u9d51\u7aa9\u88e1\u7684\u96c0\u9ce5\uff1a\u600e\u9ebc\u770b\u7cbe\u795e\u91ab\u5b78\u7684\u653f\u6cbb\u6feb\u7528\u53f2\uff0f\u5433\u6613\u53e1<br \/>\n3-2 \u8ab0\u662f\u53e4\u4e4b\u826f\u91ab\uff1f\uff0f\u91d1\u4ed5\u8d77<br \/>\n3-3 \u91ab\u7642\u3001\u7d93\u9a57\u8207\u6587\u672c\uff0f\u91d1\u4ed5\u8d77<br \/>\n3-4 \u75c5\u4eba\u7d6e\u8a9e\uff1a\u5f80\u8a3a\u8207\u770b\u91ab\u751f\u7684\u5834\u6240\uff0f\u8a31\u5b8f\u5f6c<br \/>\n3-5 \u9f8d\u9aa8\u5c0f\u53f2\uff0f\u9673\u5143\u670b<br \/>\n3-6 \u6885\u6bd2\uff1a\u4e00\u500b\u79d1\u5b78\u4e8b\u5be6\u7684\u767c\u751f\u8207\u767c\u5c55\uff0f\u9673\u6052\u5b89<\/p>\n<p>4. \u6b77\u53f2\u8207\u5668\u7269<br \/>\n4-1 \u9ed1\u6697\u6642\u4ee3\u7684\u5149\u8292\u3001\u5931\u800c\u5fa9\u5f97\u7684\u5bf6\u85cf\uff0f\u6797\u572d\u5075<br \/>\n4-2 \u8aaa\u9f0e\uff1a\u4e00\u500b\u8de8\u8d8a\u6642\u7a7a\u7684\u6587\u5316\u7b26\u78bc\uff0f\u8a31\u96c5\u60e0<br \/>\n4-3 \u5546\u738b\u6b66\u4e01\u7684\u300c\u85cd\u5bf6\u5805\u5c3c\u300d\uff0f\u9ec3\u9298\u5d07<br \/>\n4-4 \u5546\u738b\u6d17\u6fa1\uff0c\u8981\u6d17\u71b1\u6c34\uff01\u4e0d\u6d17\u71b1\u6c34\uff0c\u6d17\u4e0d\u4e7e\u6de8\uff01\uff0f\u9ec3\u9298\u5d07<br \/>\n4-5 \u9054\u4e5f\u592a\u738b\u7684\u516d\u99ac\u6d6e\u96d5\uff0f\u5ed6\u5b9c\u65b9<\/p>\n<p>5. \u6b77\u53f2\u8207\u751f\u6d3b<br \/>\n5-1\u5f9e\u300c\u570b\u8a9e\u8001\u6b4c\u300d\u8ffd\u6eaf\u300c\u5236\u5b9a\u570b\u8a9e\u300d\u7684\u5f80\u4e8b\uff0f\u9673\u5cd9\u7dad<br \/>\n5-2 \u83ef\u4eba\u6d41\u884c\u97f3\u6a02\u53f2\u4e0a\u5169\u4ef6\u91cd\u8981\u7684\u5f80\u4e8b\uff1a\u300c\u6d41\u884c\u6b4c\u300d\u4e00\u8a5e\u8207\u4e0a\u6d77\u7058\u570b\u8a9e\u6d41\u884c\u6b4c\u7684\u5927\u8e8d\u9032\uff0f\u9673\u5cd9\u7dad<br \/>\n5-3 \u70ba\u5927\u8c61\u6797\u65fa\u8207\u99ac\u862d\u5beb\u6b77\u53f2\uff0f\u912d\u9e97\u6995<br \/>\n5-4 \u5ee2\u68c4\u7269\u6216\u5b89\u6a02\u5712\uff1a\u6b77\u53f2\u4e2d\u7684\u52d5\u7269\u5b89\u846c\u6545\u4e8b\uff0f\u912d\u9e97\u6995<br \/>\n5-5 \u95dc\u65bc\u4e00\u96bb\u9ed1\u72d7\u8207\u5bb6\u65cf\u3001\u6230\u722d\u8a18\u61b6\uff0f\u912d\u9e97\u6995.<\/p>\n<p>ISBN\uff1a9789869865661<br \/>\n\u51fa\u7248\u793e\uff1a\u5de6\u5cb8\u6587\u5316<br \/>\n\u898f\u683c\uff1a\u5e73\u88dd \/ 224\u9801 \/ 19 x 26 x 1.5 cm \/ \u666e\u901a\u7d1a \/ \u5168\u5f69\u5370\u5237 \/ \u521d\u7248<br \/>\n\u51fa\u7248\u5730\uff1a\u53f0\u7063<\/p>\n<p><a href=\"http:\/\/class.ruten.com.tw\/user\/index00.php?s=gjtwn\" target=\"_blank\" rel=\"noopener\"><img decoding=\"async\" src=\"https:\/\/www.gjtaiwan.com\/image\/data\/addlpmz19qm7.png\" alt=\"\" \/><\/a><\/p>\n","protected":false},"excerpt":{"rendered":"<p>\u6b77\u53f2\u5b78\u67d1\u4ed4\u5e971 \u5167\u5bb9\u7c21\u4ecb \u5f9e\u81fa\u7063\u601d\u8003\u6b77\u53f2\u7684\u66f8\u5beb \u4ee5\u516c\u773e\u53f2\u5b78\u8cbc\u8fd1\u4e00\u822c\u5927\u773e \u5c08\u696d\u53f2\u5b78\u70ba\u4f55\u8207\u5927\u773e\u5982\u6b64\u758f\u9060\uff1f\u5982\u4f55\u62c9\u8fd1\u5f7c&#8230;<\/p>\n","protected":false},"featured_media":69546,"comment_status":"closed","ping_status":"closed","template":"","meta":[],"product_brand":[],"product_cat":[2663],"product_tag":[],"class_list":{"0":"post-69542","1":"product","2":"type-product","3":"status-publish","4":"has-post-thumbnail","6":"product_cat-2663","8":"first","9":"instock","10":"sale","11":"taxable","12":"shipping-taxable","13":"purchasable","14":"product-type-simple"},"bundled_by":[],"bundle_stock_status":"instock","bundle_stock_quantity":null,"bundle_virtual":false,"bundle_layout":"","bundle_add_to_cart_form_location":"","bundle_editable_in_cart":false,"bundle_sold_individually_context":"","bundle_item_grouping":"","bundle_min_size":"","bundle_max_size":"","bundle_price":[],"bundled_items":[],"bundle_sell_ids":[65786,138697],"_links":{"self":[{"href":"https:\/\/www.gjtaiwan.com\/new\/wp-json\/wp\/v2\/product\/69542","targetHints":{"allow":["GET"]}}],"collection":[{"href":"https:\/\/www.gjtaiwan.com\/new\/wp-json\/wp\/v2\/product"}],"about":[{"href":"https:\/\/www.gjtaiwan.com\/new\/wp-json\/wp\/v2\/types\/product"}],"replies":[{"embeddable":true,"href":"https:\/\/www.gjtaiwan.com\/new\/wp-json\/wp\/v2\/comments?post=69542"}],"wp:featuredmedia":[{"embeddable":true,"href":"https:\/\/www.gjtaiwan.com\/new\/wp-json\/wp\/v2\/media\/69546"}],"wp:attachment":[{"href":"https:\/\/www.gjtaiwan.com\/new\/wp-json\/wp\/v2\/media?parent=69542"}],"wp:term":[{"taxonomy":"product_brand","embeddable":true,"href":"https:\/\/www.gjtaiwan.com\/new\/wp-json\/wp\/v2\/product_brand?post=69542"},{"taxonomy":"product_cat","embeddable":true,"href":"https:\/\/www.gjtaiwan.com\/new\/wp-json\/wp\/v2\/product_cat?post=69542"},{"taxonomy":"product_tag","embeddable":true,"href":"https:\/\/www.gjtaiwan.com\/new\/wp-json\/wp\/v2\/product_tag?post=69542"}],"curies":[{"name":"wp","href":"https:\/\/api.w.org\/{rel}","templated":true}]}}