{"id":71013,"date":"2020-08-27T17:24:12","date_gmt":"2020-08-27T09:24:12","guid":{"rendered":"https:\/\/www.gjtaiwan.com\/new\/?post_type=product&#038;p=71013"},"modified":"2020-08-27T17:24:13","modified_gmt":"2020-08-27T09:24:13","slug":"%e6%88%91%e5%92%a7%e5%94%b1%e6%ad%8c","status":"publish","type":"product","link":"https:\/\/www.gjtaiwan.com\/new\/product\/%e6%88%91%e5%92%a7%e5%94%b1%e6%ad%8c","title":{"rendered":"\u6211\u54a7\u5531\u6b4c"},"content":{"rendered":"<h1><strong>\u6211\u54a7\u5531\u6b4c<\/strong><\/h1>\n<p><img loading=\"lazy\" decoding=\"async\" class=\"alignnone size-large wp-image-71019\" src=\"https:\/\/www.gjtaiwan.com\/new\/wp-content\/uploads\/2020\/08\/9789578019164_bc-571x800.jpg\" alt=\"\" width=\"571\" height=\"800\" srcset=\"https:\/\/www.gjtaiwan.com\/new\/wp-content\/uploads\/2020\/08\/9789578019164_bc-571x800.jpg 571w, https:\/\/www.gjtaiwan.com\/new\/wp-content\/uploads\/2020\/08\/9789578019164_bc-286x400.jpg 286w, https:\/\/www.gjtaiwan.com\/new\/wp-content\/uploads\/2020\/08\/9789578019164_bc.jpg 768w, https:\/\/www.gjtaiwan.com\/new\/wp-content\/uploads\/2020\/08\/9789578019164_bc-600x840.jpg 600w\" sizes=\"auto, (max-width: 571px) 100vw, 571px\" \/><\/p>\n<p><img loading=\"lazy\" decoding=\"async\" class=\"alignnone size-large wp-image-71018\" src=\"https:\/\/www.gjtaiwan.com\/new\/wp-content\/uploads\/2020\/08\/9789578019164_b6-569x800.jpg\" alt=\"\" width=\"569\" height=\"800\" srcset=\"https:\/\/www.gjtaiwan.com\/new\/wp-content\/uploads\/2020\/08\/9789578019164_b6-569x800.jpg 569w, https:\/\/www.gjtaiwan.com\/new\/wp-content\/uploads\/2020\/08\/9789578019164_b6-284x400.jpg 284w, https:\/\/www.gjtaiwan.com\/new\/wp-content\/uploads\/2020\/08\/9789578019164_b6.jpg 768w, https:\/\/www.gjtaiwan.com\/new\/wp-content\/uploads\/2020\/08\/9789578019164_b6-600x844.jpg 600w\" sizes=\"auto, (max-width: 569px) 100vw, 569px\" \/><\/p>\n<p><img loading=\"lazy\" decoding=\"async\" class=\"alignnone size-large wp-image-71014\" src=\"https:\/\/www.gjtaiwan.com\/new\/wp-content\/uploads\/2020\/08\/9789578019164_b2-569x800.jpg\" alt=\"\" width=\"569\" height=\"800\" srcset=\"https:\/\/www.gjtaiwan.com\/new\/wp-content\/uploads\/2020\/08\/9789578019164_b2-569x800.jpg 569w, https:\/\/www.gjtaiwan.com\/new\/wp-content\/uploads\/2020\/08\/9789578019164_b2-284x400.jpg 284w, https:\/\/www.gjtaiwan.com\/new\/wp-content\/uploads\/2020\/08\/9789578019164_b2.jpg 768w, https:\/\/www.gjtaiwan.com\/new\/wp-content\/uploads\/2020\/08\/9789578019164_b2-600x844.jpg 600w\" sizes=\"auto, (max-width: 569px) 100vw, 569px\" \/><\/p>\n<p><img loading=\"lazy\" decoding=\"async\" class=\"alignnone size-large wp-image-71017\" src=\"https:\/\/www.gjtaiwan.com\/new\/wp-content\/uploads\/2020\/08\/9789578019164_b5-569x800.jpg\" alt=\"\" width=\"569\" height=\"800\" srcset=\"https:\/\/www.gjtaiwan.com\/new\/wp-content\/uploads\/2020\/08\/9789578019164_b5-569x800.jpg 569w, https:\/\/www.gjtaiwan.com\/new\/wp-content\/uploads\/2020\/08\/9789578019164_b5-284x400.jpg 284w, https:\/\/www.gjtaiwan.com\/new\/wp-content\/uploads\/2020\/08\/9789578019164_b5.jpg 768w, https:\/\/www.gjtaiwan.com\/new\/wp-content\/uploads\/2020\/08\/9789578019164_b5-600x844.jpg 600w\" sizes=\"auto, (max-width: 569px) 100vw, 569px\" \/><\/p>\n<h2><strong>\u5167\u5bb9\u7c21\u4ecb<\/strong><\/h2>\n<p>\u6563\u98df\u56e1\u4ed4\u8b8a\u505a\u81fa\u8a9e\u535a\u58eb<br \/>\n\u5916\u6587\u5c08\u696d\u884c\u5165\u81fa\u6587\u5fd7\u696d<br \/>\n\u52de\u82e6\u696d\u547d\u9ad4\u609f\u81ea\u7531\u653e\u4e0b<br \/>\n\u4e00\u5207\u3000\u650f\u662f\u611b\u650f\u662f\u6069\u5178<br \/>\n\u842c\u9805\u3000\u650f\u611f\u8b1d\u5929\u516c\u4f2f\u4ed4<\/p>\n<p>\u6709\u4e00\u7a2e\u4eba\u751f\uff0c\u5bb6\u5883\u6563\u98df\uff0c\u963f\u6bcd\u7684\u611b\uff0c\u4e88\u4f0a\u514d\u4e00\u4e0b\u51fa\u4e16\u5c31\u9001\u4e88\u4eba\u505a\u56dd\u3002<br \/>\n\u6709\u4e00\u7a2e\u4eba\u751f\uff0c\u9aa8\u529b\u62cd\u62da\uff0c\u6207\u6207\u4ed4\u505a\uff0c\u5929\u516c\u4f2f\u4ed4\u650f\u77e5\u5f71\u561b\u5b9a\u8457\u5171\u4f0a\u75bc\u3002<br \/>\n\u6709\u4e00\u7a2e\u4eba\u751f\uff0c\u62cd\u6b7b\u6bcb\u9000\uff0c\u7121\u9a5a\u7121\u60f6\uff0c\u6b32\u4e00\u751f\u70ba\u81fa\u8a9e\u6559\u80b2\u5927\u6b65\u5411\u524d\u884c\u3002<br \/>\n\u6709\u4e00\u7a2e\u4eba\u751f\uff0c\u81ea\u7531\u81ea\u5728\uff0c\u7121\u70ba\u540d\u5229\uff0c\u6b32\u5171\u81fa\u8a9e\u7684\u5aa0\u4f6e\u8da3\u5473\u4e88\u4eba\u77e5\u5f71\u3002<\/p>\n<p>\u672c\u571f\u8a9e\u8a00\u5091\u51fa\u8ca2\u737b\u734e\u5f97\u4e3b\u3001\u8cc7\u6df1\u81fa\u8a9e\u6307\u5c0e\u54e1\u738b\u79c0\u5bb9\uff0c\u7528\u7c21\u55ae\u7684\u6587\u5b57\u3001\u65e5\u5e38\u7684\u8a71\u53e5\uff0c\u5beb\u51fa\u4f0a\u982d\u4e00\u672c\u81fa\u8a9e\u6709\u8072\u6563\u6587\u96c6\u3002\u5c0d\u6563\u98df\u7684\u56e1\u4ed4\u6642\u4ee3\uff0c\u9752\u6625\u7684\u8b80\u518a\u6b72\u6708\u3001\u6eab\u6696\u7684\u5bb6\u5ead\u6545\u4e8b\u3001\u6709\u7518\u6709\u82e6\u7684\u5a5a\u59fb\u7d93\u9a57\u3001\u52de\u82e6\u7684\u6559\u5e2b\u751f\u6daf\u3001\u6297\u764c\u7684\u8271\u82e6\u75c5\u75db\uff0c\u5c0d\u51fa\u4e16\u56db\u500b\u6708\u5beb\u5230\u4e94\u5341\u6b72\u3002\u4f0a\u5805\u5fc3\u70ba\u81fa\u8a9e\u5949\u737b\u62cd\u62da\uff0c\u6d3b\u51fa\u6709\u610f\u7fa9\u7684\u6027\u547d\uff0c\u4f0a\u5c07\u4eba\u751f\u6bcf\u4e00\u64fa\u7684\u6697\u5f71\u4f6e\u5962\u98ba\uff0c\u97cc\u547d\u4f6e\u8a8d\u547d\uff0c\u770b\u7834\u4f6e\u7a81\u7834\uff0c\u7528\u771f\u5fc3\u771f\u60c5\u8b1b\u6545\u4e8b\u4e88\u6041\u807d\uff0c\u7528\u81fa\u6587\u6d3b\u7b46\u5beb\u51fa\u5973\u6027\u7684\u904b\u547d\uff0c\u7528\u81fa\u8a9e\u5aa0\u8072\u8b1b\u51fa\u5973\u6027\u7684\u5fc3\u8072\uff0c\u6b32\u62db\u9010\u5bb6\u505a\u4f19\u4f86\u50b3\u627f\u81fa\u8a9e\u6587\u3001\u8b5c\u5531\u81fa\u8a9e\u7684\u7f8e\u9e97\u4e4b\u6b4c\u3002<\/p>\n<p>\u672c\u518a\u7279\u9ede<\/p>\n<p>\u25ce\u6559\u80b2\u90e8\u81fa\u8a9e\u63a8\u85a6\u7528\u5b57\u3001\u8a5e\u8a9e\u8a3b\u89e3\uff0c\u5b78\u81fa\u8a9e\u771f\u7c21\u55ae\u3002<br \/>\n\u25ce\u4f5c\u8005\u5168\u518a\u6717\u8b80\uff0cQRcode\u96a8\u6383\u96a8\u807d\u3002<\/p>\n<h2><strong>\u4f5c\u8005\u7c21\u4ecb<\/strong><\/h2>\n<p>\u738b\u79c0\u5bb9\u3000\u00d4ng Si\u00f9-i\u00f4ng<\/p>\n<p>\u9ad8\u96c4\u4eba\uff0c\u570b\u7acb\u81fa\u7063\u5e2b\u7bc4\u5927\u5b78\u81fa\u8a9e\u535a\u58eb\u3001\u975c\u5b9c\u5927\u5b78\u82f1\u8a9e\u78a9\u58eb\u3001\u570b\u7acb\u6210\u529f\u5927\u5b78\u5916\u6587\u5b78\u58eb\u3002\u6709\u7562\u696d\u8b49\u66f8\u7684\u518a\u8b80\u4e86\u77e3\uff0c\u6210\u505a\u662f\u81fa\u8a9e\u6c38\u9060\u7684\u5b78\u751f\uff0c\u56e0\u70ba\u81fa\u8a9e\u8db3\u5aa0\uff0c\u503c\u5f97\u4e00\u4e16\u4eba\u70ba\u4f0a\u62cd\u62da\u4f6e\u50b3\u627f\u3002\u56e0\u70ba\u611b\u81fa\u8a9e\uff0c\u81fa\u8a9e\u7684\u5de5\u8ab2\u6309\u600e\u505a\u90fd\u6b61\u559c\u95a3\u8da3\u5473\uff0c\u6240\u4ee5\u4f47\u516c\u8996\u81fa\u8a9e\u53f0\u5b9a\u5b9a\u8b1b\u300c\u82e5\u6b32\u5aa0\u98df\u679c\u5b50\uff0c\u82e5\u6b32\u5de7\u8b1b\u81fa\u8a9e\u300d\u3002\u505a\u81fa\u8a9e\u4e88\u6211\u7684\u4e00\u751f\u95a3\u8f03\u6709\u610f\u7fa9\u3001\u95a3\u8f03\u5aa0\u3002<\/p>\n<p>\u91cd\u8981\u7d93\u6b77\u6709\uff1a\u6559\u80b2\u90e8\u95a9\u5357\u8a9e\u5e38\u7528\u8a5e\u8fad\u5178\u9304\u97f3\uff1b100\u5e74\u6559\u80b2\u90e8\u63a8\u5c55\u672c\u571f\u8a9e\u8a00\u5091\u51fa\u8ca2\u737b\u734e\u500b\u4eba\uff1b104\u5e74\u95a9\u5357\u8a9e\u8a9e\u8a00\u80fd\u529b\u8a8d\u8b49\u5c08\u696d\u7d1a\uff1b102-106\u5e74\u6559\u80b2\u90e8\u95b1\u8b80\u8d8a\u61c2\u95a9\u5ba2\u8a9e\u5c08\u6b04\u4f5c\u8005\uff1b97\u5e74\u5168\u570b\u95a9\u5357\u8a9e\u5b57\u97f3\u5b57\u5f62\u7b2c\u4e00\u540d\u3001106\u5e74\u95a9\u5357\u8a9e\u6f14\u8aaa\u7b2c\u56db\u3001107\u5e74\u7b2c\u4e94\u540d\uff1b\u6559\u80b2\u90e8\u672c\u571f\u8a9e\u8a00\u6587\u5b78\u5275\u4f5c\u5c0f\u8aaa\u7b2c\u4e8c\u3001\u7b2c\u4e09\u540d\uff0c\u65b0\u8a69\u3001\u6563\u6587\u4f73\u4f5c\uff1b\u65b0\u5317\u5e02\u7ae5\u8a71\u3001\u6563\u6587\u3001\u65b0\u8a69\u3001\u6232\u5287\u7b2c\u4e00\u540d\uff0c\u6717\u8b80\u7b2c\u4e8c\u540d\uff1b\u6559\u80b2\u90e8\u512a\u79c0\u6307\u5c0e\u54e1\uff1b\u65b0\u5317\u5e02\u512a\u79c0\u8f14\u5c0e\u5718\u54e1\uff1b\u8a9e\u6587\u7af6\u8cfd\u8a55\u5be9\u6307\u5c0e\u4f6e\u7814\u7fd2\u8b1b\u5e2b\uff1b\u570b\u4e2d\u3001\u570b\u5c0f\u6559\u6750\u4f6e\u65b0\u5317\u5e02\u95a9\u5357\u8a9e\u5b57\u97f3\u5b57\u5f62\u5de5\u4f5c\u574a\u6210\u679c\u7de8\u8f2f\u3002<\/p>\n<p>\u7e6a\u8005\u7c21\u4ecb<\/p>\n<p>\u6797\u82b8\u7444<\/p>\n<p>\u81fa\u5317\u5e02\u7acb\u4e2d\u6b63\u9ad8\u4e2d\u7f8e\u8853\u73ed\u7562\u696d\uff0c\u9019\u99ac\u8b80\u570b\u7acb\u81fa\u5317\u85dd\u8853\u5927\u5b78\u7f8e\u8853\u7cfb\uff0c\u662f\u7cfb\u520a\u7de8\u8f2f\u3002\u6b63\u662f\u7b2c45\u7bc7\u4e3b\u89d2\u3002\u756b\u54a7\u756b\u54a7\u5c31\u5927\u6f22\u77e3\uff0c\u5e73\u5e38\u6642\u9664\u4e86\u611b\u756b\u5716\u561b\u611b\u651d\u5f71\uff0c\u7528\u9019\u6b3e\u65b9\u5f0f\u6c93\u6c93\u6ef4\u6ef4\u8a18\u9304\u751f\u6d3b\u3002<\/p>\n<h2><strong>\u76ee\u9304<\/strong><\/h2>\n<p>\u81ea\u5e8f<br \/>\n0 Hu\u00e8 \u91cd\u51fa\u4e16<br \/>\n1 Hu\u00e8 \u5976\u6bcd\u8eca\u5167\u7684\u5929\u4f7f<br \/>\n2 Hu\u00e8 \u9278\u6307\u7532<br \/>\n3 Hu\u00e8 \u5343\u91d1\u5c0f\u59d0\u6563\u98df\u56e1\u4ed4<br \/>\n4 Hu\u00e8 \u5df7\u4ed4\u5c3e\u7684\u96de\u7262\u4ed4<br \/>\n5 Hu\u00e8 \u534a\u5305\u9905<br \/>\n6 Hu\u00e8 \u64e2\u7262\u54a7\u7684\u5b78\u751f\u88d9<br \/>\n7 Hu\u00e8 \u5e4c\u97c6\u97a6<br \/>\n8 Hu\u00e8 \u8a0e\u8b49\u660e<br \/>\n9 Hu\u00e8 \u96fb\u982d\u9b03<br \/>\n10 Hu\u00e8 \u734e\u5b78\u91d1<br \/>\n11 Hu\u00e8 \u9435\u679d\u8def<br \/>\n12 Hu\u00e8 \u548c\u8ae7\u4eba\u751f<br \/>\n13 Hu\u00e8 \u50b7\u6e05\u6c23<br \/>\n14 Hu\u00e8 \u7279\u512a\u73ed<br \/>\n15 Hu\u00e8 \u6211\u9019\u96bb\u6207\u6591\u99ac<br \/>\n16 Hu\u00e8 \u6703\u8b8a\u4f6e\u8882\u8b8a\u7684\u670b\u53cb<br \/>\n17 Hu\u00e8 \u670d\u52d9\u7b2c\u4e00\u540d<br \/>\n18 Hu\u00e8 \u7b2c\u4e00\u689d\u80ed\u8102<br \/>\n19 Hu\u00e8 \u7f8e\u9e97\u7684\u5929\u4f7f<br \/>\n20 Hu\u00e8 \u514d\u9a5a<br \/>\n21 Hu\u00e8 \u82f1\u570b\u6587\u5b78<br \/>\n22 Hu\u00e8 \u7121\u5f69\u7121\u53bb<br \/>\n23 Hu\u00e8 \u7121\u81bd\u4f6e\u6709\u5fc3<br \/>\n24 Hu\u00e8 \u9727\u793e\u7684\u4ed9\u5973<br \/>\n25 Hu\u00e8 \u6392\u968a<br \/>\n26 Hu\u00e8 \u9a5a\u8457<br \/>\n27 Hu\u00e8 \u81fa\u5317\u662f\u6bcb\u662f\u962e\u515c<br \/>\n28 Hu\u00e8 \u904e\u95dc<br \/>\n29 Hu\u00e8 \u8d77\u5bb6\u539d<br \/>\n30 Hu\u00e8 \u5b75\u8ad6\u6587<br \/>\n31 Hu\u00e8 921 \u5927\u5730\u52d5\u5f7c\u669d<br \/>\n32 Hu\u00e8 322 \u5bf6\u8c9d<br \/>\n33 Hu\u00e8 Th\u00e1-khooh \u4eba\u751f<br \/>\n34 Hu\u00e8 \u534a\u669d\u7684\u601d\u5ff5<br \/>\n35 Hu\u00e8 \u4e94\u9032\u4e94\u9000<br \/>\n36 Hu\u00e8 \u7db4\u904b\u547d\u884c\u7684\u7d44\u9577<br \/>\n37 Hu\u00e8 \u738b\u4e3b\u4efb\u7684\u6d41\u6d6a<br \/>\n38 Hu\u00e8 \u6522\u597d\u54a7\u7b49\u54b1\u77e3<br \/>\n39 Hu\u00e8 \u5565\u7269\u650f\u5171\u6bd4<br \/>\n40 Hu\u00e8 \u6307\u5c0e\u54e1\u65a1\u89d2\u770b\u8457\u611b<br \/>\n41 Hu\u00e8 \u611b\u6069\u5178\u7684\u9304\u97f3\u535a\u58eb\u751f<br \/>\n42 Hu\u00e8 \u6539\u8b8a\u7684\u529b\u91cf<br \/>\n43 Hu\u00e8 \u62cd\u53c9\u4ed4\u5f9b\u7b8d\u4ed4<br \/>\n44 Hu\u00e8 \u95a3\u767c\u95a3\u51fa\u767c<br \/>\n45 Hu\u00e8 \u53f8\u6a5f\u517c\u66f8\u7ae5<br \/>\n46 Hu\u00e8 \u62c4\u8457\u5c0d\u624b<br \/>\n47 Hu\u00e8 \u62c4\u4ed4\u597d\u7684\u7d00\u9304<br \/>\n48 Hu\u00e8 \u65a1\u548c\u5e73\u6771\u8def<br \/>\n49 Hu\u00e8 \u6d17\u8de4<br \/>\n50 Hu\u00e8 \u6211\u54a7\u5531\u6b4c<\/p>\n<p>ISBN\uff1a9789578019164<br \/>\n\u51fa\u7248\u793e\uff1a\u524d\u885b<br \/>\n\u898f\u683c\uff1a\u5e73\u88dd \/ 304\u9801 \/ 15 x 21 x 1.52 cm \/ \u666e\u901a\u7d1a \/ \u55ae\u8272\u5370\u5237 \/ \u521d\u7248<br \/>\n\u51fa\u7248\u5730\uff1a\u53f0\u7063<\/p>\n<p><a href=\"http:\/\/class.ruten.com.tw\/user\/index00.php?s=gjtwn\" target=\"_blank\" rel=\"noopener\"><img decoding=\"async\" src=\"https:\/\/www.gjtaiwan.com\/image\/data\/addlpmz19qm7.png\" alt=\"\" \/><\/a><\/p>\n","protected":false},"excerpt":{"rendered":"<p>\u6211\u54a7\u5531\u6b4c \u5167\u5bb9\u7c21\u4ecb \u6563\u98df\u56e1\u4ed4\u8b8a\u505a\u81fa\u8a9e\u535a\u58eb \u5916\u6587\u5c08\u696d\u884c\u5165\u81fa\u6587\u5fd7\u696d \u52de\u82e6\u696d\u547d\u9ad4\u609f\u81ea\u7531\u653e\u4e0b \u4e00\u5207\u3000\u650f\u662f\u611b\u650f\u662f\u6069\u5178 \u842c&#8230;<\/p>\n","protected":false},"featured_media":71019,"comment_status":"closed","ping_status":"closed","template":"","meta":[],"product_brand":[],"product_cat":[2819,2663,3183],"product_tag":[11393,3565],"class_list":{"0":"post-71013","1":"product","2":"type-product","3":"status-publish","4":"has-post-thumbnail","6":"product_cat-2819","7":"product_cat-2663","8":"product_cat-3183","9":"product_tag-11393","10":"product_tag-3565","12":"first","13":"instock","14":"sale","15":"taxable","16":"shipping-taxable","17":"purchasable","18":"product-type-simple"},"bundled_by":[],"bundle_stock_status":"instock","bundle_stock_quantity":null,"bundle_virtual":false,"bundle_layout":"","bundle_add_to_cart_form_location":"","bundle_editable_in_cart":false,"bundle_sold_individually_context":"","bundle_item_grouping":"","bundle_min_size":"","bundle_max_size":"","bundle_price":[],"bundled_items":[],"bundle_sell_ids":[65786,138697],"_links":{"self":[{"href":"https:\/\/www.gjtaiwan.com\/new\/wp-json\/wp\/v2\/product\/71013","targetHints":{"allow":["GET"]}}],"collection":[{"href":"https:\/\/www.gjtaiwan.com\/new\/wp-json\/wp\/v2\/product"}],"about":[{"href":"https:\/\/www.gjtaiwan.com\/new\/wp-json\/wp\/v2\/types\/product"}],"replies":[{"embeddable":true,"href":"https:\/\/www.gjtaiwan.com\/new\/wp-json\/wp\/v2\/comments?post=71013"}],"wp:featuredmedia":[{"embeddable":true,"href":"https:\/\/www.gjtaiwan.com\/new\/wp-json\/wp\/v2\/media\/71019"}],"wp:attachment":[{"href":"https:\/\/www.gjtaiwan.com\/new\/wp-json\/wp\/v2\/media?parent=71013"}],"wp:term":[{"taxonomy":"product_brand","embeddable":true,"href":"https:\/\/www.gjtaiwan.com\/new\/wp-json\/wp\/v2\/product_brand?post=71013"},{"taxonomy":"product_cat","embeddable":true,"href":"https:\/\/www.gjtaiwan.com\/new\/wp-json\/wp\/v2\/product_cat?post=71013"},{"taxonomy":"product_tag","embeddable":true,"href":"https:\/\/www.gjtaiwan.com\/new\/wp-json\/wp\/v2\/product_tag?post=71013"}],"curies":[{"name":"wp","href":"https:\/\/api.w.org\/{rel}","templated":true}]}}