{"id":82424,"date":"2021-02-17T16:01:22","date_gmt":"2021-02-17T08:01:22","guid":{"rendered":"https:\/\/www.gjtaiwan.com\/new\/?post_type=product&#038;p=82424"},"modified":"2026-01-27T10:23:08","modified_gmt":"2026-01-27T02:23:08","slug":"%e8%87%ba%e7%81%a3%e5%90%8d%e4%ba%ba%e5%82%b3%e8%a8%98%e6%bc%ab%e7%95%ab-%e6%b9%af%e5%be%b7%e7%ab%a0%e8%87%ba%e6%96%87%e7%89%88","status":"publish","type":"product","link":"https:\/\/www.gjtaiwan.com\/new\/product\/%e8%87%ba%e7%81%a3%e5%90%8d%e4%ba%ba%e5%82%b3%e8%a8%98%e6%bc%ab%e7%95%ab-%e6%b9%af%e5%be%b7%e7%ab%a0%e8%87%ba%e6%96%87%e7%89%88","title":{"rendered":"\u81fa\u7063\u540d\u4eba\u50b3\u8a18\u6f2b\u756b\uff1a\u6e6f\u5fb7\u7ae0\u3010\u81fa\u6587\u7248\u3011"},"content":{"rendered":"<h1><strong>\u81fa\u7063\u540d\u4eba\u50b3\u8a18\u6f2b\u756b\uff1a\u6e6f\u5fb7\u7ae0\u3010\u81fa\u6587\u7248\u3011<\/strong><\/h1>\n<p><img loading=\"lazy\" decoding=\"async\" class=\"alignnone size-large wp-image-82425\" src=\"https:\/\/www.gjtaiwan.com\/new\/wp-content\/uploads\/2021\/02\/TT1-555x800.jpg\" alt=\"\" width=\"555\" height=\"800\" srcset=\"https:\/\/www.gjtaiwan.com\/new\/wp-content\/uploads\/2021\/02\/TT1-555x800.jpg 555w, https:\/\/www.gjtaiwan.com\/new\/wp-content\/uploads\/2021\/02\/TT1-278x400.jpg 278w, https:\/\/www.gjtaiwan.com\/new\/wp-content\/uploads\/2021\/02\/TT1-768x1107.jpg 768w, https:\/\/www.gjtaiwan.com\/new\/wp-content\/uploads\/2021\/02\/TT1-600x865.jpg 600w, https:\/\/www.gjtaiwan.com\/new\/wp-content\/uploads\/2021\/02\/TT1.jpg 972w\" sizes=\"auto, (max-width: 555px) 100vw, 555px\" \/><\/p>\n<p><img loading=\"lazy\" decoding=\"async\" class=\"alignnone size-full wp-image-82430\" src=\"https:\/\/www.gjtaiwan.com\/new\/wp-content\/uploads\/2021\/02\/TT6.jpg\" alt=\"\" width=\"839\" height=\"595\" srcset=\"https:\/\/www.gjtaiwan.com\/new\/wp-content\/uploads\/2021\/02\/TT6.jpg 839w, https:\/\/www.gjtaiwan.com\/new\/wp-content\/uploads\/2021\/02\/TT6-564x400.jpg 564w, https:\/\/www.gjtaiwan.com\/new\/wp-content\/uploads\/2021\/02\/TT6-768x545.jpg 768w, https:\/\/www.gjtaiwan.com\/new\/wp-content\/uploads\/2021\/02\/TT6-600x426.jpg 600w\" sizes=\"auto, (max-width: 839px) 100vw, 839px\" \/><\/p>\n<p><img loading=\"lazy\" decoding=\"async\" class=\"alignnone size-full wp-image-82431\" src=\"https:\/\/www.gjtaiwan.com\/new\/wp-content\/uploads\/2021\/02\/TT7.jpg\" alt=\"\" width=\"839\" height=\"595\" srcset=\"https:\/\/www.gjtaiwan.com\/new\/wp-content\/uploads\/2021\/02\/TT7.jpg 839w, https:\/\/www.gjtaiwan.com\/new\/wp-content\/uploads\/2021\/02\/TT7-564x400.jpg 564w, https:\/\/www.gjtaiwan.com\/new\/wp-content\/uploads\/2021\/02\/TT7-768x545.jpg 768w, https:\/\/www.gjtaiwan.com\/new\/wp-content\/uploads\/2021\/02\/TT7-600x426.jpg 600w\" sizes=\"auto, (max-width: 839px) 100vw, 839px\" \/><\/p>\n<p><img loading=\"lazy\" decoding=\"async\" class=\"alignnone size-full wp-image-82432\" src=\"https:\/\/www.gjtaiwan.com\/new\/wp-content\/uploads\/2021\/02\/TT8.jpg\" alt=\"\" width=\"839\" height=\"595\" srcset=\"https:\/\/www.gjtaiwan.com\/new\/wp-content\/uploads\/2021\/02\/TT8.jpg 839w, https:\/\/www.gjtaiwan.com\/new\/wp-content\/uploads\/2021\/02\/TT8-564x400.jpg 564w, https:\/\/www.gjtaiwan.com\/new\/wp-content\/uploads\/2021\/02\/TT8-768x545.jpg 768w, https:\/\/www.gjtaiwan.com\/new\/wp-content\/uploads\/2021\/02\/TT8-600x426.jpg 600w\" sizes=\"auto, (max-width: 839px) 100vw, 839px\" \/><\/p>\n<p><img loading=\"lazy\" decoding=\"async\" class=\"alignnone size-full wp-image-82433\" src=\"https:\/\/www.gjtaiwan.com\/new\/wp-content\/uploads\/2021\/02\/TT9.jpg\" alt=\"\" width=\"839\" height=\"595\" srcset=\"https:\/\/www.gjtaiwan.com\/new\/wp-content\/uploads\/2021\/02\/TT9.jpg 839w, https:\/\/www.gjtaiwan.com\/new\/wp-content\/uploads\/2021\/02\/TT9-564x400.jpg 564w, https:\/\/www.gjtaiwan.com\/new\/wp-content\/uploads\/2021\/02\/TT9-768x545.jpg 768w, https:\/\/www.gjtaiwan.com\/new\/wp-content\/uploads\/2021\/02\/TT9-600x426.jpg 600w\" sizes=\"auto, (max-width: 839px) 100vw, 839px\" \/><\/p>\n<p><img loading=\"lazy\" decoding=\"async\" class=\"alignnone size-full wp-image-82435\" src=\"https:\/\/www.gjtaiwan.com\/new\/wp-content\/uploads\/2021\/02\/TT11.jpg\" alt=\"\" width=\"832\" height=\"594\" srcset=\"https:\/\/www.gjtaiwan.com\/new\/wp-content\/uploads\/2021\/02\/TT11.jpg 832w, https:\/\/www.gjtaiwan.com\/new\/wp-content\/uploads\/2021\/02\/TT11-560x400.jpg 560w, https:\/\/www.gjtaiwan.com\/new\/wp-content\/uploads\/2021\/02\/TT11-768x548.jpg 768w, https:\/\/www.gjtaiwan.com\/new\/wp-content\/uploads\/2021\/02\/TT11-600x428.jpg 600w\" sizes=\"auto, (max-width: 832px) 100vw, 832px\" \/><\/p>\n<p><img loading=\"lazy\" decoding=\"async\" class=\"alignnone size-full wp-image-82436\" src=\"https:\/\/www.gjtaiwan.com\/new\/wp-content\/uploads\/2021\/02\/TT12.jpg\" alt=\"\" width=\"913\" height=\"669\" srcset=\"https:\/\/www.gjtaiwan.com\/new\/wp-content\/uploads\/2021\/02\/TT12.jpg 913w, https:\/\/www.gjtaiwan.com\/new\/wp-content\/uploads\/2021\/02\/TT12-546x400.jpg 546w, https:\/\/www.gjtaiwan.com\/new\/wp-content\/uploads\/2021\/02\/TT12-768x563.jpg 768w, https:\/\/www.gjtaiwan.com\/new\/wp-content\/uploads\/2021\/02\/TT12-600x440.jpg 600w\" sizes=\"auto, (max-width: 913px) 100vw, 913px\" \/><\/p>\n<p><img loading=\"lazy\" decoding=\"async\" class=\"alignnone size-full wp-image-82437\" src=\"https:\/\/www.gjtaiwan.com\/new\/wp-content\/uploads\/2021\/02\/TT13.jpg\" alt=\"\" width=\"407\" height=\"585\" srcset=\"https:\/\/www.gjtaiwan.com\/new\/wp-content\/uploads\/2021\/02\/TT13.jpg 407w, https:\/\/www.gjtaiwan.com\/new\/wp-content\/uploads\/2021\/02\/TT13-278x400.jpg 278w\" sizes=\"auto, (max-width: 407px) 100vw, 407px\" \/><\/p>\n<p>&nbsp;<\/p>\n<h2><strong>\u5167\u5bb9\u7c21\u4ecb<\/strong><\/h2>\n<p>\u81fa\u7063\u4eba\u8882\u7576\u653e\u8882\u8a18\u7684\u6b63\u7fa9\u4f6e\u52c7\u6c23\uff1b<br \/>\n\u4e8c\u4e8c\u516b\u53d7\u96e3\u4eba\u6b0a\u5f8b\u5e2b\u2500\u2500<br \/>\n\u6e6f\u5fb7\u7ae0\u52c7\u6562\u60b2\u58ef\u7684\u4e00\u751f\u3002<\/p>\n<p>\u81fa\u7063\u7b2c\u4e00\u672c\u300c\u81fa\u6587\u672c\u4f4d\u300d\u6f2b\u756b\uff01<br \/>\n\u96a8\u66f8\u9644\u8d08\uff1a\u83ef\u6587\u7ffb\u8b6f\u672c<\/p>\n<p>\u300c\u81fa\u7063\u4eba\uff0c\u842c\u6b72\uff01\u300d<br \/>\n\u9019\u662f\u6e6f\u5fb7\u7ae0\u5f8b\u5e2b\uff0c<br \/>\n\u5728\u69cd\u6c7a\u524d\uff0c\u7528\u65e5\u6587\u5927\u8072\u5436\u558a\u7684\u907a\u8a00\u3002<br \/>\n\u904e\u53bb\uff0c\u570b\u6c11\u653f\u5e9c\u8996\u4ed6\u70ba\u53db\u4e82\u66b4\u5f92\uff0c<br \/>\n\u7f75\u4ed6\u662f\u65e5\u672c\u4eba\u7684\u6df7\u8840\u8d70\u72d7\uff1b<br \/>\n\u5982\u4eca\uff0c\u81fa\u5357\u4eba\u537b\u8aaa\u4ed6\u662f\u82f1\u96c4\uff1b<br \/>\n\u81fa\u5357\u5e02\u653f\u5e9c\u66f4\u5c07\u4ed6\u88ab\u884c\u5211\u76843\u670813\u865f\u8a02\u70ba\u7d00\u5ff5\u65e5\uff0c<br \/>\n\u8996\u70ba\u81fa\u7063\u4eba\u4e0d\u53ef\u907a\u5fd8\u7684\u6b63\u7fa9\u8207\u52c7\u6c23\u2026\u2026<\/p>\n<p>\u51fa\u751f\u65bc1907\u5e74\u3001\u81fa\u65e5\u6df7\u8840\uff0c\u7cbe\u901a\u4e2d\u65e5\u81fa\u4e09\u65b9\u8a9e\u8a00\u7684\u6e6f\u5fb7\u7ae0\uff0c\u662f\u65e5\u6cbb\u6642\u671f\u7684\u81fa\u5357\u83c1\u82f1\u3002\u4ed6\u4e00\u751f\u5fd7\u5411\u90fd\u662f\u70ba\u672c\u5cf6\u4eba\uff08\u81fa\u7063\u4eba\uff09\u4f38\u5f35\u6b63\u7fa9\uff1b\u4e0d\u8ad6\u662f\u5c11\u5e74\u6642\u671f\u64d4\u4efb\u5de1\u5bdf\uff08\u8b66\u5bdf\uff09\uff0c\u4e0d\u60dc\u6297\u547d\u67e5\u8fa6\u65e5\u672c\u986f\u8cb4\u9e7f\u6cbc\u6b63\u96c4\uff1b\u5728\u65e5\u672c\u8003\u53d6\u8faf\u8b77\u58eb\uff08\u5f8b\u5e2b\uff09\u8cc7\u683c\u5f8c\uff0c\u6c7a\u5b9a\u56de\u5230\u6545\u9109\u81fa\u5357\u57f7\u696d\uff0c\u5e6b\u52a9\u5f31\u52e2\u9109\u89aa\u62b5\u6297\u6b3a\u58d3\u3002\u6df1\u53d7\u81fa\u5357\u4eba\u611b\u6234\u7684\u4ed6\uff0c\u537b\u5728\u4e8c\u4e8c\u516b\u4e8b\u4ef6\u5f8c\uff0c\u88ab\u570b\u6c11\u653f\u5e9c\u8996\u70ba\u66b4\u5f92\uff0c\u5373\u4f7f\u6c92\u6709\u72af\u932f\uff0c\u4ecd\u906d\u5230\u902e\u6355\u5211\u6c42\u3001\u6158\u906d\u69cd\u6c7a\u3002\u81e8\u5211\u524d\uff0c\u6e6f\u5fb7\u7ae0\u62d2\u7d55\u4e0b\u8dea\uff0c\u4e26\u4ee5\u65e5\u6587\u5927\u558a\u300c\u81fa\u7063\u4eba\u842c\u6b72\u300d\u5f8c\u8d74\u7fa9\uff0c\u63d0\u65e9\u7d50\u675f\u4ed6\u5e74\u8f15\u7684\u751f\u547d\u3002<\/p>\n<p>\u5f9e1947\u5e74\u6e6f\u5f8b\u5e2b\u6b9e\u547d\u5f8c\uff0c\u6b77\u7d93\u56db\u5341\u5e74\u7684\u6212\u56b4\uff0c\u6642\u4ee3\u9010\u6f38\u8f49\u8b8a\uff0c\u6e6f\u5fb7\u7ae0\u9019\u500b\u540d\u5b57\u4e5f\u518d\u6b21\u88ab\u63d0\u8d77\uff1b\u4ed6\u7684\u5fcc\u65e5\u88ab\u5b9a\u70ba\u7d00\u5ff5\u65e5\uff0c\u884c\u5211\u9ede\u6210\u70ba\u7d00\u5ff5\u516c\u5712\uff0c\u800c\u6545\u5c45\u4e5f\u5728\u81fa\u5357\u6587\u53f2\u5de5\u4f5c\u8005\u7684\u52aa\u529b\u4e0b\u88ab\u4fdd\u7559\uff0c\u5373\u5c07\u57282021\u5e74\u7684\u4e09\u6708\u958b\u653e\u8b93\u773e\u4eba\u53c3\u89c0\u3002\u95dc\u5fc3\u793e\u6703\u8b70\u984c\u7684\u6f2b\u756b\u5bb6\u8822\u7f8a\uff0c\u4e5f\u671f\u671b\u85c9\u7531\u672c\u66f8\u7684\u5275\u4f5c\uff0c\u8b93\u66f4\u591a\u4eba\u77e5\u9053\u300c\u6e6f\u5fb7\u7ae0\u300d\u7684\u6545\u4e8b\u3002\u66f8\u4e2d\u6f2b\u756b\u4ee5\u7576\u6642\u672c\u5cf6\u4eba\u7684\u4e3b\u8981\u8a9e\u8a00\u300c\u81fa\u6587\u300d\u4f86\u6558\u8ff0\uff0c\u66f8\u672b\u52a0\u4e0a\u53f2\u6599\u8207\u907a\u8de1\u7167\u7247\u505a\u89e3\u8aaa\uff0c\u5e6b\u52a9\u8b80\u8005\u66f4\u8cbc\u8fd1\u6b77\u53f2\u73fe\u5834\u3002<\/p>\n<p>\u5728\u5a01\u6b0a\u6642\u4ee3\uff0c\u7121\u8f9c\u7684\u4eba\u53ef\u80fd\u88ab\u62b9\u9ed1\u3001\u56b4\u61f2\uff0c\u751a\u81f3\u5931\u53bb\u6027\u547d\uff0c\u6700\u5f8c\u9084\u53ef\u80fd\u88ab\u4e16\u4eba\u907a\u5fd8\u3002\u9019\u6bb5\u6545\u4e8b\u5c6c\u65bc\u6e6f\u5fb7\u7ae0\u5f8b\u5e2b\u7684\u4eba\u751f\u7d93\u6b77\uff0c\u4e5f\u662f\u6211\u5011\u6240\u6709\u81fa\u7063\u4eba\u90fd\u61c9\u8a72\u6b63\u8996\u7684\u6b77\u53f2\u50b7\u53e3\u3002\u66fe\u7d93\u767c\u751f\u904e\u7684\u50b7\u75db\u96d6\u7136\u7121\u6cd5\u6539\u8b8a\uff0c\u4f46\u4eba\u5011\u5805\u6301\u7684\u4fe1\u5ff5\u537b\u4e0d\u8a72\u88ab\u907a\u5fd8\uff0c\u9019\u662f\u300c\u6e6f\u5fb7\u7ae0\u300d\u503c\u5f97\u88ab\u9298\u8a18\u7684\u7406\u7531\u3002<\/p>\n<p>\u540d\u4eba\u63a8\u85a6<\/p>\n<p>\u674e\u6587\u96c4 \u81fa\u5357\u6587\u53f2\u5de5\u4f5c\u8005\u3001\u8389\u8389\u6c34\u679c\u6587\u5316\u9928\u9928\u9577<br \/>\n\u9ec3\u5049\u54f2 \u73fe\u4efb\u81fa\u5357\u5e02\u5e02\u9577<br \/>\n\u9ec3\u5efa\u9f8d\u3000\u793e\u5718\u6cd5\u4eba\u81fa\u5357\u5e02\u6e6f\u5fb7\u7ae0\u7d00\u5ff5\u5354\u6703\u7406\u4e8b\u9577<br \/>\n\u912d\u9806\u8070\u3000\u81fa\u6587\u4f5c\u5bb6<br \/>\n\u8cf4\u6e05\u5fb7\u3000\u73fe\u4efb\u4e2d\u83ef\u6c11\u570b\u526f\u7e3d\u7d71\uff08\u7b2c\u5341\u4e94\u4efb\uff09<br \/>\n\u2500\u2500\u632f\u7b46\u8b9a\u8b7d<\/p>\n<p>\u5927\u652f \u9952\u820c\u6b4c\u624b<br \/>\n\u674e\u7b71\u5cf0 \u570b\u7acb\u81fa\u5317\u6559\u80b2\u5927\u5b78\u540d\u8b7d\u6559\u6388<br \/>\n\u6797\u6636\u4f50Freddy Lim\u3000\u7acb\u6cd5\u59d4\u54e1 \/ \u9583\u9748\u4e3b\u5531<br \/>\n\u5f35\u71e6\u9359 \u674e\u767b\u8f1d\u6c11\u4e3b\u5354\u6703\u7406\u4e8b\u9577\u3001\u524d\u81fa\u5357\u5e02\u9577<br \/>\n\u9673\u67cf\u60df \u7acb\u6cd5\u59d4\u54e1<br \/>\n\u6e6f\u8070\u6a21 \u6e6f\u5fb7\u7ae0\u4e4b\u5b50<br \/>\n\u694a\u5927\u6b63 \u6ec5\u706b\u5668\u6a02\u5718\u4e3b\u5531<br \/>\n\u2500\u2500\u611f\u52d5\u63a8\u85a6<\/p>\n<p>\u203b\u63a8\u85a6\u4eba\u4f9d\u9996\u5b57\u7b46\u756b\u6392\u5e8f<\/p>\n<p>\u6f2b\u756b\u4e0d\u662f\u779e\u5929\u4e82\u756b\uff0c\u662f\u6839\u64da\u53f2\u5be6\uff0c\u756b\u51fa\u6e6f\u5fb7\u7ae0\u6b63\u7fa9\u51dc\u7136\u3001\u56e0\u7fa9\u53d7\u96e3\u7684\u4e8b\u8e5f\u3002\u6e6f\u5fb7\u7ae0\u7684\u7cbe\u795e\uff0c\u61c9\u8207\u81fa\u7063\u4eba\u9577\u76f8\u5de6\u53f3\uff01\u2500\u2500\u674e\u7b71\u5cf0 \u570b\u7acb\u81fa\u5317\u6559\u80b2\u5927\u5b78\u540d\u8b7d\u6559\u6388<\/p>\n<p>\u611f\u8b1d\u8822\u7f8a\u7684\u4f5c\u54c1\uff0c\u8b93\u6e6f\u5fb7\u7ae0\u5148\u751f\u7684\u6545\u4e8b\u80fd\u4ee5\u66f4\u5e73\u6613\u8fd1\u4eba\u7684\u65b9\u5f0f\u8b93\u66f4\u591a\u81fa\u7063\u4eba\u77e5\u9053\u3002\u8b93\u300c\u81fa\u7063\u4eba\uff0c\u842c\u6b72\uff01\u300d\u80fd\u4e0d\u53ea\u662f\u524d\u8f29\u7684\u547c\u558a\uff0c\u800c\u5728\u66f4\u591a\u81fa\u7063\u4eba\u7684\u5fc3\u4e2d\u6df1\u6839\u3002\u2500\u2500\u6797\u6636\u4f50Freddy Lim\u3000\u7acb\u6cd5\u59d4\u54e1 \/ \u9583\u9748\u4e3b\u5531<\/p>\n<p>\u6211\u5011\u4eca\u5929\u7684\u751f\u6d3b\uff0c\u90fd\u662f\u9019\u4e9b\u524d\u8f29\u524d\u4ec6\u5f8c\u7e7c\u4ee5\u73cd\u8cb4\u7684\u751f\u547d\u63db\u5f97\u3002\u9019\u672c\u4ee5\u81fa\u6587\u70ba\u672c\u4f4d\uff0c\u63cf\u7e6a\u6e6f\u524d\u8f29\u7684\u6f2b\u756b\uff0c\u8b93\u6211\u5011\u518d\u6b21\u770b\u898b\u524d\u8f29\u7684\u98a8\u9aa8\uff01\u2500\u2500\u9673\u67cf\u60df\u3000\u7acb\u6cd5\u59d4\u54e1<\/p>\n<p>\u6f2b\u756b\u88e1\u5448\u73fe\u7684\u4e0d\u53ea\u662f\u6545\u4e8b\uff0c\u800c\u662f\u771f\u5be6\u767c\u751f\u5728\u6211\u7684\u4eba\u751f\uff0c\u4ee5\u53ca\u7576\u6642\u8a31\u591a\u4eba\u5bb6\u7684\u4e8b\u60c5\u3002\u5e0c\u671b\u85c9\u7531\u7236\u89aa\u7684\u906d\u9047\uff0c\u8b93\u66f4\u591a\u4eba\u4e86\u89e3\uff0c\u5728\u5a01\u6b0a\u4e4b\u4e0b\u4eba\u7684\u8106\u5f31\u8207\u7121\u52a9\uff0c\u8b93\u9019\u6a23\u7684\u4e8b\u60c5\u6c38\u9060\u4e0d\u8981\u518d\u767c\u751f\u3002\u2500\u2500\u6e6f\u8070\u6a21 \u6e6f\u5fb7\u7ae0\u4e4b\u5b50<\/p>\n<h2><strong>\u4f5c\u8005\u7c21\u4ecb<\/strong><\/h2>\n<p>\u8822\u7f8a\uff08\u7f8a\u5be7\u6b23\uff09<\/p>\n<p>\u81fa\u7063\u85dd\u8853\u5927\u5b78\u7f8e\u8853\u7cfb\u7562\u696d\uff0c\u66fe\u64d4\u4efb\u6c83\u8349\uff08Watchout\uff09\u7684\u7f8e\u7de8\u3002\u5728\u5bc6\u96c6\u9023\u8f09\u300a\u68d2\u7403\u4eba\u751f\u8cfd\u300b\u4e4b\u9918\uff0c\u5fcd\u4e0d\u4f4f\u6316\u4e86\u4e00\u500b\u53c8\u4e00\u500b\u7684\u65b0\u5751\uff0c\u81fa\u7063\u540d\u4eba\u50b3\u8a18\u6f2b\u756b\u7cfb\u5217\u5c31\u662f\u5176\u4e00\u3002<\/p>\n<p>\u8457\u6709\uff1a\u300a\u706b\u4ebaFEUERWEHR\u300b\u3001\u300a\u83dc\u6bd4\u5df4\u8b66\u9d3f\u6210\u9577\u65e5\u8a18\u300b\u3001\u300a\u68d2\u7403\u4eba\u751f\u8cfd1~4\uff08\u672a\u5b8c\uff09\u300b<\/p>\n<p>\u81c9\u66f8\u7c89\u7d72\u5718\uff1a\u8822\u7f8a\u8207\u5947\u602a\u751f\u7269<br \/>\nwww.facebook.com\/Nisinsheep\/<\/p>\n<p>\u81fa\u6587\u7ffb\u8b6f\uff0f\u859b\u7ff0\u99ff<\/p>\n<p>T\u00e2i-l\u00e2m-l\u00e2ng\uff0c\u7d30\u6f22\u4f47\u5b78\u7532\uff0c\u5927\u6f22\u8e5b\u6e56\u7f8e\uff0c\u9019\u99ac\u5f9b\u65b0\u5317\u6295\u3002\u5927\u5b78\u8e2e\u516c\u9928o\u030dh\u6b77\u53f2\uff0c\u505a\u5175\u4f47\u5927\u9b6f\u5b9bs\u00e9\u76f8\u7247\uff0c\u9000\u4f0d\u53bb\u6843\u5712ts\u00e1u\u65b0\u805e\u3002\u634c\u4f47\u300a\u81ea\u7531\u6642\u5831\u300b\u3001\u300a\u6c83\u8349\u300bts\u00f2\u8a18\u8005\u3001\u73fe\u6b64\u6642\u4f47\u300a\u516c\u5171\u96fb\u8996\u53f0\u8a9e\u53f0\u300bts\u00f2\u300a\u53f0\u7063\u65b0\u773c\u754c\u300b\u00ea\u4f01\u5283\u3002<\/p>\n<p>\u81fa\u6587\u7ffb\u8b6f\uff0f\u674e\u76c8\u4f73<\/p>\n<p>\u9ad8\u96c4\u4eba\u3002\u56dd\u4ed4\u6642\u5c31\u807d\u5e8f\u5927\u4eba\u8b1bin\u54a7\u865f\u76c8\u4f73\u9019\u4e2a\u540d\u7684\u6642\u9663\uff0c\u6709\u7528\u81fa\u8a9e\u5538\u904e\uff0c\u843d\u5c3e\u624d\u77e5\u5f71\u9019\u6b3e\u505a\u6cd5\u8aa0\u7f55\u898b\u3002\u5165\u53bb\u5e7c\u7a1a\u5712\u9032\u524d\u5e72\u7126\u6703\u66c9\u8b1b\u81fa\u8a9e\uff0c\u6bcb\u904e\u958b\u5b78\u7121\u504c\u4e45\u5c31\u96aa\u96aa\u8882\u8a18\u5f97\u4e86\u4e86\u3002\u4f73\u54c9\u4e88\u539d\u88e1\u7684\u4eba\u6551\u8f49\u4f86\uff0c\u5230\u4eca\u7336\u95a3\u6709\u6cd5\u5ea6\u8b1b\u3002<\/p>\n<p>\u81fa\u6587\u5be9\u5b9a\uff0f\u9673\u8c50\u60e0<\/p>\n<p>\u674e\u6c5f\u5374\u53f0\u8a9e\u6587\u6559\u57fa\u91d1\u6703\u57f7\u884c\u9577<br \/>\n\u300a\u53f0\u6587\u901a\u8a0aBONG\u5831\u300b\u96dc\u8a8c\u7e3d\u7de8\u8f2f<br \/>\n\u81fa\u7063\u5927\u5b78\u517c\u4efb\u81fa\u8a9e\u8ab2\u7a0b\u8b1b\u5e2b<br \/>\n\u300a\u6c11\u8996\u53f0\u7063\u5b78\u5802\u300b\u300c\u8b1b\u53f0\u8a9e\u7576\u8457\u6642\u300d\u3001\u300c\u53f0\u8a9e\u8b1b\u4e16\u4e8b\u300d\u7bc0\u76ee\u5c0d\u8ac7\u4eba<br \/>\n\u300a\u516c\u5171\u96fb\u8996\u53f0\u8a9e\u53f0\u300b\u81fa\u8a9e\u6587\u9867\u554f<\/p>\n<h2><strong>\u76ee\u9304<\/strong><\/h2>\n<p>\u4e00\u3001\u5de1\u67e5\u4e4b\u8840<br \/>\n\u4e8c\u3001\u6697\u5df7\u60e1\u9b25<br \/>\n\u4e09\u3001\u80cc\u5f8c\u7684\u501a\u9760<br \/>\n\u56db\u3001\u7121\u5e73\u7b49\u7684\u7a2e\u65cf<br \/>\n\u4e94\u3001\u75df\u72c2\u6771\u4eac<br \/>\n\u516d\u3001\u71e6\u721b\u7684\u6b63\u7fa9<br \/>\n\u4e03\u3001\u72d7\u53bb\u8c6c\u4f86<br \/>\n\u516b\u3001\u7121\u5b58\u5728\u7684\u540d\u55ae<br \/>\n\u4e5d\u3001\u9cf3\u51f0\u82b1\u8de4<br \/>\n\u5c3e\u8072<\/p>\n<p>\u9644\u9304<br \/>\n\u6e6f\u5fb7\u7ae0\u5e74\u8868<br \/>\n\u6e6f\u5fb7\u7ae0\u76f8\u95dc\u53f2\u8de1<\/p>\n<p>\u63a8\u85a6\u5e8f<br \/>\n\u7528\u6f2b\u756b\u4f5c\u70ba\u8a8d\u8b58\u6e6f\u5fb7\u7ae0\u7684\u958b\u59cb<br \/>\n\u2500\u2500\u674e\u6587\u96c4 \u81fa\u5357\u6587\u53f2\u5de5\u4f5c\u8005\u3001\u8389\u8389\u6c34\u679c\u6587\u5316\u9928\u9928\u9577<br \/>\n\u4e00\u540c\u5b88\u8b77\u6e6f\u5fb7\u7ae0<br \/>\n\u2500\u2500\u9ec3\u5049\u54f2 \u73fe\u4efb\u81fa\u5357\u5e02\u5e02\u9577<br \/>\n\u9580\u7e2b\u5c31\u6709\u5149\u3002\u800c\u73fe\u5728\uff0c\u6211\u5011\u6253\u958b\u9580<br \/>\n\u2500\u2500\u9ec3\u5efa\u9f8d \u793e\u5718\u6cd5\u4eba\u81fa\u5357\u5e02\u6e6f\u5fb7\u7ae0\u7d00\u5ff5\u5354\u6703\u7406\u4e8b\u9577<br \/>\n\u8b80\u6b77\u53f2\u7684\u5c2a\u4ed4\u518a\uff0c\u5171\u6b63\u7fa9\u62d1\u4e88\u7262\u7262<br \/>\n\u2500\u2500\u912d\u9806\u8070 \u81fa\u6587\u4f5c\u5bb6<br \/>\n\u7528\u5275\u4f5c\u756b\u51fa\u8f49\u578b\u6b63\u7fa9\u7684\u5149<br \/>\n\u2500\u2500\u8cf4\u6e05\u5fb7 \u73fe\u4efb\u4e2d\u83ef\u6c11\u570b\u526f\u7e3d\u7d71\uff08\u7b2c\u5341\u4e94\u4efb\uff09<\/p>\n<p>\u5404\u65b9\u63a8\u85a6<br \/>\n\u674e\u7b71\u5cf0 \uff0f\u6797\u6636\u4f50\uff0f \u9673\u67cf\u60df\uff0f\u6e6f\u8070\u6a21<br \/>\n\u203b\u63a8\u85a6\u5e8f\u3001\u8a9e\u4f9d\u9996\u5b57\u7b46\u5283\u6392\u5e8f<\/p>\n<p>\u4f5c\u8005\u5f8c\u8a18<br \/>\n\u53c3\u8003\u8cc7\u6599<\/p>\n<p>ISBN\uff1a9789571385310<br \/>\n\u51fa\u7248\u793e\uff1a\u6642\u5831<br \/>\n\u898f\u683c\uff1a\u5e73\u88dd \/ 144\u9801 \/ 14.8 x 21 x 0.9 cm \/ \u666e\u901a\u7d1a \/ \u55ae\u8272\u5370\u5237 \/ \u521d\u7248<br \/>\n\u51fa\u7248\u5730\uff1a\u53f0\u7063<\/p>\n<p><a href=\"http:\/\/class.ruten.com.tw\/user\/index00.php?s=gjtwn\" target=\"_blank\" rel=\"noopener\"><img decoding=\"async\" src=\"https:\/\/www.gjtaiwan.com\/image\/data\/addlpmz19qm7.png\" alt=\"\" \/><\/a><\/p>\n","protected":false},"excerpt":{"rendered":"<p>\u81fa\u7063\u540d\u4eba\u50b3\u8a18\u6f2b\u756b\uff1a\u6e6f\u5fb7\u7ae0\u3010\u81fa\u6587\u7248\u3011 &nbsp; \u5167\u5bb9\u7c21\u4ecb \u81fa\u7063\u4eba\u8882\u7576\u653e\u8882\u8a18\u7684\u6b63\u7fa9\u4f6e\u52c7\u6c23\uff1b \u4e8c\u4e8c\u516b\u53d7\u96e3\u4eba\u6b0a\u5f8b\u5e2b&#8230;<\/p>\n","protected":false},"featured_media":82425,"comment_status":"closed","ping_status":"closed","template":"","meta":[],"product_brand":[],"product_cat":[5453,2817,2733,2663,2731],"product_tag":[4527,8433,4175,8311],"class_list":{"0":"post-82424","1":"product","2":"type-product","3":"status-publish","4":"has-post-thumbnail","6":"product_cat-5453","7":"product_cat-2817","8":"product_cat-2733","9":"product_cat-2663","10":"product_cat-2731","11":"product_tag-4527","12":"product_tag-8433","13":"product_tag-4175","14":"product_tag-8311","16":"first","17":"instock","18":"sale","19":"taxable","20":"shipping-taxable","21":"purchasable","22":"product-type-simple"},"bundled_by":[],"bundle_stock_status":"instock","bundle_stock_quantity":null,"bundle_virtual":false,"bundle_layout":"","bundle_add_to_cart_form_location":"","bundle_editable_in_cart":false,"bundle_sold_individually_context":"","bundle_item_grouping":"","bundle_min_size":"","bundle_max_size":"","bundle_price":[],"bundled_items":[],"bundle_sell_ids":[65786,138697],"_links":{"self":[{"href":"https:\/\/www.gjtaiwan.com\/new\/wp-json\/wp\/v2\/product\/82424","targetHints":{"allow":["GET"]}}],"collection":[{"href":"https:\/\/www.gjtaiwan.com\/new\/wp-json\/wp\/v2\/product"}],"about":[{"href":"https:\/\/www.gjtaiwan.com\/new\/wp-json\/wp\/v2\/types\/product"}],"replies":[{"embeddable":true,"href":"https:\/\/www.gjtaiwan.com\/new\/wp-json\/wp\/v2\/comments?post=82424"}],"wp:featuredmedia":[{"embeddable":true,"href":"https:\/\/www.gjtaiwan.com\/new\/wp-json\/wp\/v2\/media\/82425"}],"wp:attachment":[{"href":"https:\/\/www.gjtaiwan.com\/new\/wp-json\/wp\/v2\/media?parent=82424"}],"wp:term":[{"taxonomy":"product_brand","embeddable":true,"href":"https:\/\/www.gjtaiwan.com\/new\/wp-json\/wp\/v2\/product_brand?post=82424"},{"taxonomy":"product_cat","embeddable":true,"href":"https:\/\/www.gjtaiwan.com\/new\/wp-json\/wp\/v2\/product_cat?post=82424"},{"taxonomy":"product_tag","embeddable":true,"href":"https:\/\/www.gjtaiwan.com\/new\/wp-json\/wp\/v2\/product_tag?post=82424"}],"curies":[{"name":"wp","href":"https:\/\/api.w.org\/{rel}","templated":true}]}}