{"id":84611,"date":"2021-04-16T16:39:27","date_gmt":"2021-04-16T08:39:27","guid":{"rendered":"https:\/\/www.gjtaiwan.com\/new\/?post_type=product&#038;p=84611"},"modified":"2026-01-27T10:23:04","modified_gmt":"2026-01-27T02:23:04","slug":"%e6%9c%80%e5%bc%b7%e5%a4%a9%e5%90%8e-oh-my-goddess","status":"publish","type":"product","link":"https:\/\/www.gjtaiwan.com\/new\/product\/%e6%9c%80%e5%bc%b7%e5%a4%a9%e5%90%8e-oh-my-goddess","title":{"rendered":"\u6700\u5f37\u5929\u540e\uff1aOh, my Goddess!"},"content":{"rendered":"<h1><strong>\u6700\u5f37\u5929\u540e\uff1aOh, my Goddess!<\/strong><\/h1>\n<p><a href=\"https:\/\/www.gjtaiwan.com\/new\/wp-content\/uploads\/2021\/04\/97898666345811.jpg\"><img loading=\"lazy\" decoding=\"async\" class=\"alignnone size-large wp-image-84612\" src=\"https:\/\/www.gjtaiwan.com\/new\/wp-content\/uploads\/2021\/04\/97898666345811-530x800.jpg\" alt=\"\" width=\"530\" height=\"800\" srcset=\"https:\/\/www.gjtaiwan.com\/new\/wp-content\/uploads\/2021\/04\/97898666345811-530x800.jpg 530w, https:\/\/www.gjtaiwan.com\/new\/wp-content\/uploads\/2021\/04\/97898666345811-265x400.jpg 265w, https:\/\/www.gjtaiwan.com\/new\/wp-content\/uploads\/2021\/04\/97898666345811-768x1158.jpg 768w, https:\/\/www.gjtaiwan.com\/new\/wp-content\/uploads\/2021\/04\/97898666345811-600x905.jpg 600w, https:\/\/www.gjtaiwan.com\/new\/wp-content\/uploads\/2021\/04\/97898666345811.jpg 929w\" sizes=\"auto, (max-width: 530px) 100vw, 530px\" \/><\/a><\/p>\n<p><a href=\"https:\/\/www.gjtaiwan.com\/new\/wp-content\/uploads\/2021\/04\/97898666345812.jpg\"><img loading=\"lazy\" decoding=\"async\" class=\"alignnone size-large wp-image-84613\" src=\"https:\/\/www.gjtaiwan.com\/new\/wp-content\/uploads\/2021\/04\/97898666345812-1129x800.jpg\" alt=\"\" width=\"1020\" height=\"723\" srcset=\"https:\/\/www.gjtaiwan.com\/new\/wp-content\/uploads\/2021\/04\/97898666345812.jpg 1129w, https:\/\/www.gjtaiwan.com\/new\/wp-content\/uploads\/2021\/04\/97898666345812-564x400.jpg 564w, https:\/\/www.gjtaiwan.com\/new\/wp-content\/uploads\/2021\/04\/97898666345812-768x544.jpg 768w, https:\/\/www.gjtaiwan.com\/new\/wp-content\/uploads\/2021\/04\/97898666345812-600x425.jpg 600w\" sizes=\"auto, (max-width: 1020px) 100vw, 1020px\" \/><\/a><\/p>\n<p><a href=\"https:\/\/www.gjtaiwan.com\/new\/wp-content\/uploads\/2021\/04\/97898666345813.jpg\"><img loading=\"lazy\" decoding=\"async\" class=\"alignnone size-large wp-image-84614\" src=\"https:\/\/www.gjtaiwan.com\/new\/wp-content\/uploads\/2021\/04\/97898666345813-585x800.jpg\" alt=\"\" width=\"585\" height=\"800\" srcset=\"https:\/\/www.gjtaiwan.com\/new\/wp-content\/uploads\/2021\/04\/97898666345813-585x800.jpg 585w, https:\/\/www.gjtaiwan.com\/new\/wp-content\/uploads\/2021\/04\/97898666345813-293x400.jpg 293w, https:\/\/www.gjtaiwan.com\/new\/wp-content\/uploads\/2021\/04\/97898666345813-600x820.jpg 600w, https:\/\/www.gjtaiwan.com\/new\/wp-content\/uploads\/2021\/04\/97898666345813.jpg 750w\" sizes=\"auto, (max-width: 585px) 100vw, 585px\" \/><\/a><\/p>\n<p><a href=\"https:\/\/www.gjtaiwan.com\/new\/wp-content\/uploads\/2021\/04\/97898666345814.jpg\"><img loading=\"lazy\" decoding=\"async\" class=\"alignnone size-full wp-image-84615\" src=\"https:\/\/www.gjtaiwan.com\/new\/wp-content\/uploads\/2021\/04\/97898666345814.jpg\" alt=\"\" width=\"1000\" height=\"709\" srcset=\"https:\/\/www.gjtaiwan.com\/new\/wp-content\/uploads\/2021\/04\/97898666345814.jpg 768w, https:\/\/www.gjtaiwan.com\/new\/wp-content\/uploads\/2021\/04\/97898666345814-564x400.jpg 564w, https:\/\/www.gjtaiwan.com\/new\/wp-content\/uploads\/2021\/04\/97898666345814-600x425.jpg 600w\" sizes=\"auto, (max-width: 1000px) 100vw, 1000px\" \/><\/a><\/p>\n<p><a href=\"https:\/\/www.gjtaiwan.com\/new\/wp-content\/uploads\/2021\/04\/97898666345815.jpg\"><img loading=\"lazy\" decoding=\"async\" class=\"alignnone size-large wp-image-84616\" src=\"https:\/\/www.gjtaiwan.com\/new\/wp-content\/uploads\/2021\/04\/97898666345815-585x800.jpg\" alt=\"\" width=\"585\" height=\"800\" srcset=\"https:\/\/www.gjtaiwan.com\/new\/wp-content\/uploads\/2021\/04\/97898666345815-585x800.jpg 585w, https:\/\/www.gjtaiwan.com\/new\/wp-content\/uploads\/2021\/04\/97898666345815-293x400.jpg 293w, https:\/\/www.gjtaiwan.com\/new\/wp-content\/uploads\/2021\/04\/97898666345815-600x820.jpg 600w, https:\/\/www.gjtaiwan.com\/new\/wp-content\/uploads\/2021\/04\/97898666345815.jpg 750w\" sizes=\"auto, (max-width: 585px) 100vw, 585px\" \/><\/a><\/p>\n<p><a href=\"https:\/\/www.gjtaiwan.com\/new\/wp-content\/uploads\/2021\/04\/97898666345817.jpg\"><img loading=\"lazy\" decoding=\"async\" class=\"alignnone size-large wp-image-84618\" src=\"https:\/\/www.gjtaiwan.com\/new\/wp-content\/uploads\/2021\/04\/97898666345817-585x800.jpg\" alt=\"\" width=\"585\" height=\"800\" srcset=\"https:\/\/www.gjtaiwan.com\/new\/wp-content\/uploads\/2021\/04\/97898666345817-585x800.jpg 585w, https:\/\/www.gjtaiwan.com\/new\/wp-content\/uploads\/2021\/04\/97898666345817-293x400.jpg 293w, https:\/\/www.gjtaiwan.com\/new\/wp-content\/uploads\/2021\/04\/97898666345817-600x820.jpg 600w, https:\/\/www.gjtaiwan.com\/new\/wp-content\/uploads\/2021\/04\/97898666345817.jpg 750w\" sizes=\"auto, (max-width: 585px) 100vw, 585px\" \/><\/a><\/p>\n<p><a href=\"https:\/\/www.gjtaiwan.com\/new\/wp-content\/uploads\/2021\/04\/97898666345816.jpg\"><img loading=\"lazy\" decoding=\"async\" class=\"alignnone size-large wp-image-84617\" src=\"https:\/\/www.gjtaiwan.com\/new\/wp-content\/uploads\/2021\/04\/97898666345816-1129x800.jpg\" alt=\"\" width=\"1020\" height=\"723\" srcset=\"https:\/\/www.gjtaiwan.com\/new\/wp-content\/uploads\/2021\/04\/97898666345816.jpg 1129w, https:\/\/www.gjtaiwan.com\/new\/wp-content\/uploads\/2021\/04\/97898666345816-564x400.jpg 564w, https:\/\/www.gjtaiwan.com\/new\/wp-content\/uploads\/2021\/04\/97898666345816-768x544.jpg 768w, https:\/\/www.gjtaiwan.com\/new\/wp-content\/uploads\/2021\/04\/97898666345816-600x425.jpg 600w\" sizes=\"auto, (max-width: 1020px) 100vw, 1020px\" \/><\/a><\/p>\n<p><a href=\"https:\/\/www.gjtaiwan.com\/new\/wp-content\/uploads\/2021\/04\/97898666345818.jpg\"><img loading=\"lazy\" decoding=\"async\" class=\"alignnone size-large wp-image-84619\" src=\"https:\/\/www.gjtaiwan.com\/new\/wp-content\/uploads\/2021\/04\/97898666345818-1129x800.jpg\" alt=\"\" width=\"1020\" height=\"723\" srcset=\"https:\/\/www.gjtaiwan.com\/new\/wp-content\/uploads\/2021\/04\/97898666345818.jpg 1129w, https:\/\/www.gjtaiwan.com\/new\/wp-content\/uploads\/2021\/04\/97898666345818-564x400.jpg 564w, https:\/\/www.gjtaiwan.com\/new\/wp-content\/uploads\/2021\/04\/97898666345818-768x544.jpg 768w, https:\/\/www.gjtaiwan.com\/new\/wp-content\/uploads\/2021\/04\/97898666345818-600x425.jpg 600w\" sizes=\"auto, (max-width: 1020px) 100vw, 1020px\" \/><\/a><\/p>\n<p>&nbsp;<\/p>\n<h2><strong>\u5167\u5bb9\u7c21\u4ecb<\/strong><\/h2>\n<p>\u5929\u4e0a\u8056\u6bcd\u5236\u670d\u8db4<\/p>\n<p>\u8ab0\u662f\u53f0\u7063\u6700\u5f37\u5929\u540e\uff1f<br \/>\n\u4e0d\u662f\u6c5f\u8559\uff01\u4e0d\u662f\u963f\u59b9\uff01\u4e0d\u662f\u8521\u4f9d\u6797\uff01\u4e0d\u662f\u8b1d\u91d1\u71d5\uff01<br \/>\n\u7121\u5eb8\u7f6e\u7591\uff0c\u4e00\u5b9a\u662f\u74b0\u7e5e\u6d77\u6d0b\u7684\u5cf6\u570b\uff0c\u6bcf\u4e00\u8655\u6e2f\u53e3\u6bcf\u4e00\u500b\u9109\u93ae\u5747\u53ef\u898b\u7684\u5929\u540e\u2500\u2500\u5abd\u7956\u3002<\/p>\n<p>\u6211\u5011\u6240\u719f\u6089\u7684\u5abd\u7956\uff0c\u90fd\u662f\u9999\u706b\u7e5a\u7e5e\u5f8c\u7684\u8eab\u5f71\uff0c\u76ee\u5149\u4f4e\u5782\u6148\u7965\u7684\u6bcd\u6027\u89d2\u8272\uff0c\u9019\u662f\u5979\u5f9e\u4eba\u6607\u683c\u70ba\u795e\u5f8c\uff0c\u6211\u5011\u6240\u6295\u5c04\u7684\u5f62\u8c61\u3002<br \/>\n\u4f46\u5abd\u7956\u6709\u7121\u5176\u5b83\u6a23\u8c8c\uff0c\u5728\u5176\u5e74\u8f15\u6642\uff0c\u662f\u5426\u6703\u5a25\u7709\u6de1\u6383\uff0c\u7565\u9ede\u80ed\u8102\u2026\u2026<br \/>\n\u5728\u5176\u9752\u6625\u671f\uff0c\u662f\u5426\u4e5f\u6709\u904e\u4fcf\u9e97\u6a21\u6a23\uff0c\u751a\u81f3\u4e5f\u6709\u76ee\u5149\u6295\u6ce8\u7684\u8eab\u5f71\u2026\u2026<br \/>\n\u662f\u5426\u4e5f\u6703\u547c\u7fa4\u5f15\u4f34\uff0c\u8207\u53cb\u4eba\u5011\u76f8\u7d04\u8d95\u8d74\u5dff\u96c6\uff0c\u800c\u6bcf\u500b\u9752\u6625\u5e74\u5c11\u90fd\u6703\u52aa\u529b\u88dd\u626e\u81ea\u5df1\uff0c\u5448\u73fe\u51fa\u5af5\u5a9a\u751a\u81f3\u6027\u611f\u7684\u795e\u614b\u2026\u2026<\/p>\n<p>\u63d2\u756b\u5bb6\u86a9\u5c24\uff0c\u5728\u756b\u5b8c\u300a\u5236\u670d\u81f3\u4e0a\u300b\u4e4b\u5f8c\uff0c\u56de\u9996\u95dc\u6ce8\u9019\u584a\u571f\u5730\u4e0a\u7684\u8af8\u795e\u3002<\/p>\n<p>\u86a9\u5c24\u7684\u756b\u98a8\u83ef\u9e97\u7d30\u7dfb\uff0c\u5275\u4f5c\u64c5\u9577\u7d50\u5408\u5973\u6027\u5343\u59ff\u767e\u614b\u7684\u5c55\u73fe\u3002\u4ed6\u8868\u793a\uff0c\u4e16\u9593\u6700\u512a\u7f8e\u7684\u7dda\u689d\u90fd\u5728\u5973\u6027\u8eab\u4e0a\uff0c\u7121\u8ad6\u662f\u624b\u6307\u3001\u9aee\u7d72\u3001\u773c\u775b\u7684\u5f62\u72c0\u2026\u2026\u9019\u6b21\u4f5c\u54c1\u300a\u6700\u5f37\u5929\u540e\u300b\u91cd\u65b0\u5448\u73fe\u5abd\u7956\u7531\u795e\u56de\u5230\u9752\u6625\u5e74\u5c11\u3001\u5a09\u5a77\u5973\u4ed9\u3001\u5999\u9f61\u7f8e\u5973\u7684\u59ff\u614b\u8207\u5bb9\u8c8c\uff0c\u6b63\u5982\u89c0\u4e16\u97f3\u83e9\u85a9\u793a\u73fe\u7f8e\u5973\u50cf\u4f86\u5ea6\u5316\u4e16\u4eba\u4e00\u822c\uff0c\u5438\u5f15\u66f4\u591a\u5e74\u8f15\u8b80\u8005\u7684\u76ee\u5149\u3002<\/p>\n<p>\u6bcf\u5e74\u8fb2\u6b77\u4e09\u6708\u4e8c\u5341\u4e09\u65e5\u662f\u53f0\u7063\u5abd\u7956\u7684\u8a95\u751f\u65e5\u5b50\uff0c\u4e5f\u5c31\u662f\u5979\u7684\u751f\u65e5\uff0c\u5728\u5404\u5730\u5abd\u7956\u5edf\u4e5f\u61c9\u8a72\u958b\u59cb\u6e96\u5099\u4e00\u9023\u4e32\u70ba\u6176\u751f\u6d3b\u52d5\u300c\u5abd\u7956\u7e5e\u5883\u300d\uff0c\u6210\u70ba\u4e16\u754c\u4e09\u5927\u5b97\u6559\u76db\u4e8b\uff0c\u9019\u500b\u8db4\u8e22\u71b1\u9b27\u975e\u51e1\uff0c\u9663\u982d\u8868\u6f14\u5f9e\u6c11\u521d\u65e9\u671f\u55ae\u7d14\u6572\u947c\u6253\u9f13\u821e\u7345\u821e\u9f8d\u8868\u6f14\uff0c\u5230\u4e86\u73fe\u4ee3\u6587\u660e\u70ba\u4e86\u8b93\u5edf\u6703\u6d3b\u52d5\u66f4\u8c50\u5bcc\u5167\u6db5\u66f4\u50cf\u5609\u5e74\u83ef\u6703\uff0c\u795e\u5076\u5718\u3001\u6a02\u968a\u8868\u6f14\u3001\u96fb\u5b50\u82b1\u8eca\u5927\u904a\u884c\uff0c\u8b93\u6574\u500b\u9032\u9999\u9076\u5883\u6d3b\u52d5\u589e\u52a0\u4e86\u71b1\u9b27\u6c23\u6c1b\u3002<\/p>\n<p>\u86a9\u5c24\u756b\u7b46\u4e0b\u65b0\u6f6e\u53c8\u5177\u53e4\u5178\u7f8e\u7684\u5abd\u7956\u5f62\u8c61\u63cf\u7e6a\uff0c\u5c0d\u53f0\u7063\u8fce\u5abd\u7956\u5edf\u6703\u6d3b\u52d5\u7684\u5be6\u5730\u89c0\u5bdf\uff0c\u4ee5\u53ca\u5abd\u7956\u4fe1\u4ef0\u7684\u91cd\u8981\u5143\u7d20\uff0c\u90fd\u5de7\u5999\u7684\u5448\u73fe\u5728\u756b\u9762\u4e4b\u4e2d\u3002\u9664\u6b64\u4e4b\u5916\uff0c\u65b0\u6f6e\u7684\u5343\u91cc\u773c\u8207\u9806\u98a8\u8033\u5c07\u8ecd\u3001\u571f\u5730\u516c\uff0c\u4ee5\u53ca\u56db\u6d77\u9f8d\u738b\u3001\u8a3b\u751f\u5a18\u5a18\u3001\u4e2d\u58c7\u5143\u5e25\u3001\u516b\u4ed9\u7b49\u6c11\u9593\u719f\u6089\u7684\u795e\u660e\uff0c\u4e5f\u90fd\u4e00\u4e00\u8e8d\u7136\u65bc\u7d19\u4e0a\u3002\u6700\u70ba\u96e3\u80fd\u53ef\u8cb4\u7684\u662f\uff0c\u9664\u4e86\u50b3\u7d71\u7684\u5409\u7965\u7d0b\u6a23\u4e4b\u5916\uff0c\u53f0\u7063\u672c\u571f\u8a31\u591a\u7279\u6709\u7684\u52d5\u3001\u690d\u7269\u4e5f\u90fd\u6210\u70ba\u5abd\u7956\u670d\u98fe\u4e2d\u7684\u8996\u89ba\u7126\u9ede\uff0c\u4ee4\u4eba\u5606\u70ba\u89c0\u6b62\uff01<\/p>\n<h2><strong>\u4f5c\u8005\u7c21\u4ecb<\/strong><\/h2>\n<p>\u86a9\u5c24 Chiyou<\/p>\n<p>1982\u5e74\u51fa\u751f\u65bc\u53f0\u5317\uff0c\u9577\u671f\u5728\u63d2\u756b\u4e0a\u8015\u8018\uff0c\u66fe\u4efb\u904a\u6232\u516c\u53f8\u76842D\u52d5\u756b\u5e2b\uff0c\u53c3\u8207\u904a\u6232\u7684\u89d2\u8272\u5851\u9020\uff0c\u5e0c\u671b\u900f\u904e\u6f2b\u756b\u5275\u4f5c\u628a\u60f3\u8aaa\u7684\u6545\u4e8b\u7528\u6700\u9069\u5408\u7684\u65b9\u5f0f\u8868\u73fe\u51fa\u4f86\uff0c\u4f5c\u54c1\u5448\u73fe\u7684\u5f62\u5f0f\u6709\u6642\u662f\u539a\u91cd\u7684\u5857\u62b9\uff0c\u6709\u6642\u662f\u6c34\u58a8\u7684\u611f\u89ba\uff0c\u6216\u662f\u900f\u660e\u7684\u6c34\u5f69\u611f\u3002\u53d7\u904e\u7f8e\u8853\u5b78\u9662\u7684\u4eba\u9ad4\u5beb\u751f\u8a13\u7df4\uff0c\u4f5c\u756b\u7684\u984c\u6750\u591a\u534a\u4ee5\u5973\u6027\u70ba\u4e3b\uff0c\u4e26\u8a8d\u70ba\u4e16\u9593\u6700\u512a\u7f8e\u7684\u7dda\u689d\u90fd\u8868\u73fe\u5728\u5973\u6027\u8eab\u4e0a\uff0c\u7121\u8ad6\u662f\u624b\u6307\u6216\u662f\u9aee\u7d72\uff0c\u773c\u775b\u7684\u5f62\u72c0\u7b49\u7b49\uff0c\u5973\u6027\u5343\u59ff\u767e\u614b\u7684\u8868\u9054\u65b9\u5f0f\uff0c\u6210\u70ba\u4ed6\u7684\u63d2\u756b\u4f5c\u54c1\u4e2d\u7684\u9748\u611f\u4f86\u6e90\uff0c\u6163\u7528\u5973\u6027\u5f62\u8c8c\u7d50\u5408\u60f3\u8aaa\u7684\u984c\u6750\uff0c\u4f8b\u5982\u5efa\u7bc9\u3001\u98db\u79bd\u3001\u8d70\u7378\u7b49\u3002<\/p>\n<p>\u8fd1\u4f86\u5275\u4f5c\u53d7\u5230\u5927\u81ea\u7136\u7684\u555f\u767c\uff0c\u76f8\u4fe1\u6240\u6709\u751f\u7269\u5171\u751f\u5faa\u74b0\u7684\u6cd5\u5247\uff0c\u76f8\u7576\u8a0e\u53ad\u91cd\u5de5\u696d\u7684\u6c59\u67d3\uff0c\u4f5c\u54c1\u300aThe 3\/4 waterland\u300b\u8868\u8ff0\u6f6e\u9593\u5e36\u751f\u7269\u6ec5\u7d55\u3001\u73ca\u745a\u767d\u5316\u7684\u6545\u4e8b\uff0c\u4e26\u4ee5\u5b78\u7fd2\u5927\u81ea\u7136\u8b19\u5351\u7684\u7cbe\u795e\u8207\u614b\u5ea6\u6301\u7e8c\u5275\u4f5c\u3002<\/p>\n<p>\u4f5c\u54c1\uff1a<br \/>\n\u5f9e2010\u5e74\u958b\u59cb\u5b9a\u671f\u65bc\u300a\uff23\uff23\uff23\u5275\u4f5c\u96c6\u300b\u4e0a\u767c\u8868\u63d2\u756b\u4f5c\u54c1\uff0c2013\u5e74\u4ee5\u500b\u4eba\u756b\u96c6\u300aWe Stay, We Live\u7063\u300b\u53d7\u9080\u53c3\u5c55\u6cd5\u570b\u5b89\u53e4\u862d\u6f2b\u756b\u7bc0\uff1b\u51fa\u7248\u4ee5\u57ce\u968d\u591c\u5de1\u6697\u8a2a\u70ba\u984c\u6750\u7684\u300a\u7559\u795e\u4e4b\u51a5\u300b\u30022014\u5e74\u51fa\u7248\u300a\u5236\u670d\u81f3\u4e0a\uff0d\u81fa\u7063\u5973\u9ad8\u4e2d\u751f\u5236\u670d\u90781\u300b\uff0c\u76ee\u524d\u5df2\u6388\u6b0a\u65e5\u6587\u7248\u53ca\u97d3\u6587\u7248\u30022015\u5e74\u51fa\u7248\u300a\u5236\u670d\u81f3\u4e0a\uff0d\u81fa\u7063\u5973\u9ad8\u4e2d\u751f\u5236\u670d\u90782\u300b\u3002<\/p>\n<p>\u86a9\u5c24\u90e8\u843d\u683c\uff1ablog.roodo.com\/amatizqueen<\/p>\n<p>\u5f35\u5bb6\u73e9 Chang Chia-Heng\uff0f\u64b0\u6587<\/p>\n<p>\u8f14\u4ec1\u5927\u5b78\u5b97\u6559\u5b78\u7cfb\u5b78\u58eb<\/p>\n<p>\u570b\u7acb\u81fa\u5317\u85dd\u8853\u5927\u5b78\u5efa\u7bc9\u8207\u6587\u5316\u8cc7\u7522\u7814\u7a76\u6240\uff08\u539f\u70ba\u50b3\u7d71\u85dd\u8853\u7814\u7a76\u6240\uff09\u78a9\u58eb<\/p>\n<p>\u559c\u611b\u651d\u5f71\u7684\u5edf\u6703\u796d\u5178\u72c2\u71b1\u4efd\u5b50<\/p>\n<p>\u73fe\u70ba\u64b0\u7a3f\u3001\u7f8e\u8853\u7de8\u8f2f\u8207\u6d3b\u52d5\u651d\u5f71\u7684\u81ea\u7531\u63a5\u6848\u4eba<\/p>\n<h2><strong>\u76ee\u9304<\/strong><\/h2>\n<p>\u6771\u6d77\u9f8d\u738b Tang H\u00e1i l\u00eeng \u00f4ng<br \/>\n\u5831\u99ac\u4ed4\u3001\u958b\u8def\u9f13 P\u00f2 b\u00e9 \u00e1, Khui l\u014do k\u00f3o<br \/>\n\u5100\u4ed7\u3001\u57f7\u4e8b G\u00ee ti\u014dng, Tsip s\u016b<br \/>\n\u795e\u7ae5\u3001\u5f4c\u52d2 T\u00f4ng \u00e1, Maitreya<br \/>\n\u897f\u6d77\u9f8d\u738b Se H\u00e1i l\u00eeng \u00f4ng<br \/>\n\u5341\u4e8c\u5a46\u59d0\u9663 P\u00f4 tsi\u00e1 t\u012bn<br \/>\n\u8a3b\u751f\u5a18\u5a18 Tsu senn niu niu<br \/>\n\u864e\u723a H\u00f3o i\u00e2<br \/>\n\u571f\u5730\u516c Thoo ti kong<br \/>\n\u5343\u91cc\u773c Tshian li gan<br \/>\n\u9806\u98a8\u8033 Sun hong ni<br \/>\n\u5929\u4e0a\u8056\u6bcd Mazu<br \/>\n\u4e2d\u9e92\u9e9f Kirin<br \/>\n\u54ea\u5412 Nuo zha<br \/>\n\u82b1\u9f13\u9663 Hwa Ga Chen<br \/>\n\u9f8d\u9cf3\u7345 Li\u00f4ng-h\u014dng sai t\u012bn<br \/>\n\u5b8b\u6c5f\u9663 S\u00f2ng kang t\u012bn<br \/>\n\u85dd\u95a3 Y\u00ec g\u00e9<br \/>\n\u5357\u6d77\u9f8d\u738b L\u00e2m H\u00e1i l\u00eeng \u00f4ng<br \/>\n\u516b\u4ed9 Pat sian<br \/>\n\u5317\u6d77\u9f8d\u738b Pak H\u00e1i l\u00eeng \u00f4ng<br \/>\n\u5f8c\u8a18 Postscript<\/p>\n<p>\u53c3\u8003\u8cc7\u6599<\/p>\n<p>ISBN\uff1a9789866634581<br \/>\n\u51fa\u7248\u793e\uff1a\u5927\u8fa3<br \/>\n\u898f\u683c\uff1a\u5e73\u88dd \/ 144\u9801 \/ 14.8 x 21 x 0.9 cm \/ \u666e\u901a\u7d1a \/ \u55ae\u8272\u5370\u5237 \/ \u521d\u7248<br \/>\n\u51fa\u7248\u5730\uff1a\u53f0\u7063<\/p>\n<p><a href=\"http:\/\/class.ruten.com.tw\/user\/index00.php?s=gjtwn\" target=\"_blank\" rel=\"noopener\"><img decoding=\"async\" src=\"https:\/\/www.gjtaiwan.com\/image\/data\/addlpmz19qm7.png\" alt=\"\" \/><\/a><\/p>\n","protected":false},"excerpt":{"rendered":"<p>\u6700\u5f37\u5929\u540e\uff1aOh, my Goddess! &nbsp; \u5167\u5bb9\u7c21\u4ecb \u5929\u4e0a\u8056\u6bcd\u5236\u670d\u8db4 \u8ab0\u662f\u53f0\u7063\u6700\u5f37\u5929\u540e\uff1f \u4e0d\u662f\u6c5f\u8559&#8230;<\/p>\n","protected":false},"featured_media":84612,"comment_status":"closed","ping_status":"closed","template":"","meta":[],"product_brand":[],"product_cat":[2731,5457],"product_tag":[11888,3337],"class_list":{"0":"post-84611","1":"product","2":"type-product","3":"status-publish","4":"has-post-thumbnail","6":"product_cat-2731","7":"product_cat-5457","8":"product_tag-11888","9":"product_tag-3337","11":"first","12":"instock","13":"sale","14":"taxable","15":"shipping-taxable","16":"purchasable","17":"product-type-simple"},"bundled_by":[],"bundle_stock_status":"instock","bundle_stock_quantity":null,"bundle_virtual":false,"bundle_layout":"","bundle_add_to_cart_form_location":"","bundle_editable_in_cart":false,"bundle_sold_individually_context":"","bundle_item_grouping":"","bundle_min_size":"","bundle_max_size":"","bundle_price":[],"bundled_items":[],"bundle_sell_ids":[65786,138697],"_links":{"self":[{"href":"https:\/\/www.gjtaiwan.com\/new\/wp-json\/wp\/v2\/product\/84611","targetHints":{"allow":["GET"]}}],"collection":[{"href":"https:\/\/www.gjtaiwan.com\/new\/wp-json\/wp\/v2\/product"}],"about":[{"href":"https:\/\/www.gjtaiwan.com\/new\/wp-json\/wp\/v2\/types\/product"}],"replies":[{"embeddable":true,"href":"https:\/\/www.gjtaiwan.com\/new\/wp-json\/wp\/v2\/comments?post=84611"}],"wp:featuredmedia":[{"embeddable":true,"href":"https:\/\/www.gjtaiwan.com\/new\/wp-json\/wp\/v2\/media\/84612"}],"wp:attachment":[{"href":"https:\/\/www.gjtaiwan.com\/new\/wp-json\/wp\/v2\/media?parent=84611"}],"wp:term":[{"taxonomy":"product_brand","embeddable":true,"href":"https:\/\/www.gjtaiwan.com\/new\/wp-json\/wp\/v2\/product_brand?post=84611"},{"taxonomy":"product_cat","embeddable":true,"href":"https:\/\/www.gjtaiwan.com\/new\/wp-json\/wp\/v2\/product_cat?post=84611"},{"taxonomy":"product_tag","embeddable":true,"href":"https:\/\/www.gjtaiwan.com\/new\/wp-json\/wp\/v2\/product_tag?post=84611"}],"curies":[{"name":"wp","href":"https:\/\/api.w.org\/{rel}","templated":true}]}}