{"id":91576,"date":"2021-11-02T14:40:41","date_gmt":"2021-11-02T06:40:41","guid":{"rendered":"https:\/\/www.gjtaiwan.com\/new\/?post_type=product&#038;p=91576"},"modified":"2026-01-27T10:22:43","modified_gmt":"2026-01-27T02:22:43","slug":"%e5%a5%87%e5%b9%bb%ef%bc%81%e7%9c%9f%e5%8f%b0%e7%81%a3-%e4%be%86%e8%81%bd%e5%8f%b0%e8%aa%9ee%e5%9b%a1%e4%bb%94%e5%8f%a4%e9%99%84cd","status":"publish","type":"product","link":"https:\/\/www.gjtaiwan.com\/new\/product\/%e5%a5%87%e5%b9%bb%ef%bc%81%e7%9c%9f%e5%8f%b0%e7%81%a3-%e4%be%86%e8%81%bd%e5%8f%b0%e8%aa%9ee%e5%9b%a1%e4%bb%94%e5%8f%a4%e9%99%84cd","title":{"rendered":"\u5947\u5e7b\uff01\u771f\u53f0\u7063\uff1a\u4f86\u807d\u53f0\u8a9e\u00ea\u56e1\u4ed4\u53e4(\u9644CD)"},"content":{"rendered":"<h1><strong>\u5947\u5e7b\uff01\u771f\u53f0\u7063\uff1a\u4f86\u807d\u53f0\u8a9e\u00ea\u56e1\u4ed4\u53e4(\u9644CD)<\/strong><\/h1>\n<p><img loading=\"lazy\" decoding=\"async\" class=\"alignnone size-large wp-image-91584\" src=\"https:\/\/www.gjtaiwan.com\/new\/wp-content\/uploads\/2021\/10\/\u66f8\u5c01\u976203-1198x800.jpg\" alt=\"\" width=\"1020\" height=\"681\" srcset=\"https:\/\/www.gjtaiwan.com\/new\/wp-content\/uploads\/2021\/10\/\u66f8\u5c01\u976203.jpg 1198w, https:\/\/www.gjtaiwan.com\/new\/wp-content\/uploads\/2021\/10\/\u66f8\u5c01\u976203-599x400.jpg 599w, https:\/\/www.gjtaiwan.com\/new\/wp-content\/uploads\/2021\/10\/\u66f8\u5c01\u976203-768x513.jpg 768w, https:\/\/www.gjtaiwan.com\/new\/wp-content\/uploads\/2021\/10\/\u66f8\u5c01\u976203-600x401.jpg 600w\" sizes=\"auto, (max-width: 1020px) 100vw, 1020px\" \/><\/p>\n<p><img loading=\"lazy\" decoding=\"async\" class=\"alignnone size-large wp-image-91579\" src=\"https:\/\/www.gjtaiwan.com\/new\/wp-content\/uploads\/2021\/10\/\u66f8\u5167\u980101-1198x800.jpg\" alt=\"\" width=\"1020\" height=\"681\" srcset=\"https:\/\/www.gjtaiwan.com\/new\/wp-content\/uploads\/2021\/10\/\u66f8\u5167\u980101.jpg 1198w, https:\/\/www.gjtaiwan.com\/new\/wp-content\/uploads\/2021\/10\/\u66f8\u5167\u980101-599x400.jpg 599w, https:\/\/www.gjtaiwan.com\/new\/wp-content\/uploads\/2021\/10\/\u66f8\u5167\u980101-768x513.jpg 768w, https:\/\/www.gjtaiwan.com\/new\/wp-content\/uploads\/2021\/10\/\u66f8\u5167\u980101-600x401.jpg 600w\" sizes=\"auto, (max-width: 1020px) 100vw, 1020px\" \/><\/p>\n<p><img loading=\"lazy\" decoding=\"async\" class=\"alignnone size-large wp-image-91580\" src=\"https:\/\/www.gjtaiwan.com\/new\/wp-content\/uploads\/2021\/10\/\u66f8\u5167\u980102-1198x800.jpg\" alt=\"\" width=\"1020\" height=\"681\" srcset=\"https:\/\/www.gjtaiwan.com\/new\/wp-content\/uploads\/2021\/10\/\u66f8\u5167\u980102.jpg 1198w, https:\/\/www.gjtaiwan.com\/new\/wp-content\/uploads\/2021\/10\/\u66f8\u5167\u980102-599x400.jpg 599w, https:\/\/www.gjtaiwan.com\/new\/wp-content\/uploads\/2021\/10\/\u66f8\u5167\u980102-768x513.jpg 768w, https:\/\/www.gjtaiwan.com\/new\/wp-content\/uploads\/2021\/10\/\u66f8\u5167\u980102-600x401.jpg 600w\" sizes=\"auto, (max-width: 1020px) 100vw, 1020px\" \/><\/p>\n<p><img loading=\"lazy\" decoding=\"async\" class=\"alignnone size-large wp-image-91581\" src=\"https:\/\/www.gjtaiwan.com\/new\/wp-content\/uploads\/2021\/10\/\u66f8\u5167\u980103-1198x800.jpg\" alt=\"\" width=\"1020\" height=\"681\" srcset=\"https:\/\/www.gjtaiwan.com\/new\/wp-content\/uploads\/2021\/10\/\u66f8\u5167\u980103.jpg 1198w, https:\/\/www.gjtaiwan.com\/new\/wp-content\/uploads\/2021\/10\/\u66f8\u5167\u980103-599x400.jpg 599w, https:\/\/www.gjtaiwan.com\/new\/wp-content\/uploads\/2021\/10\/\u66f8\u5167\u980103-768x513.jpg 768w, https:\/\/www.gjtaiwan.com\/new\/wp-content\/uploads\/2021\/10\/\u66f8\u5167\u980103-600x401.jpg 600w\" sizes=\"auto, (max-width: 1020px) 100vw, 1020px\" \/><\/p>\n<p><img loading=\"lazy\" decoding=\"async\" class=\"alignnone size-large wp-image-91583\" src=\"https:\/\/www.gjtaiwan.com\/new\/wp-content\/uploads\/2021\/10\/\u66f8\u5c01\u976202-1198x800.jpg\" alt=\"\" width=\"1020\" height=\"681\" srcset=\"https:\/\/www.gjtaiwan.com\/new\/wp-content\/uploads\/2021\/10\/\u66f8\u5c01\u976202.jpg 1198w, https:\/\/www.gjtaiwan.com\/new\/wp-content\/uploads\/2021\/10\/\u66f8\u5c01\u976202-599x400.jpg 599w, https:\/\/www.gjtaiwan.com\/new\/wp-content\/uploads\/2021\/10\/\u66f8\u5c01\u976202-768x513.jpg 768w, https:\/\/www.gjtaiwan.com\/new\/wp-content\/uploads\/2021\/10\/\u66f8\u5c01\u976202-600x401.jpg 600w\" sizes=\"auto, (max-width: 1020px) 100vw, 1020px\" \/><\/p>\n<h2><strong>\u8a66\u807d\u5f71\u7247<\/strong><\/h2>\n<p><iframe loading=\"lazy\" width=\"1020\" height=\"574\" src=\"https:\/\/www.youtube.com\/embed\/iRrsu3PsRwQ?feature=oembed\" frameborder=\"0\" allow=\"accelerometer; autoplay; clipboard-write; encrypted-media; gyroscope; picture-in-picture; web-share\" referrerpolicy=\"strict-origin-when-cross-origin\" allowfullscreen title=\"\u300a\u5947\u5e7b\uff01\u771f\u53f0\u7063\u300b\u53f0\u8a9e\u5152\u7ae5\u6709\u8072\u7e6a\u672c\uff5c\u8a66\u807dDemo\"><\/iframe><\/p>\n<h2><strong>\u5167\u5bb9\u7c21\u4ecb<\/strong><\/h2>\n<p>\u53f0\u7063\u662f\u500b\u5947\u5e7b\u4e4b\u5cf6\u3002<br \/>\n\u91cd\u65b0\u767c\u6398\u4ee3\u4ee3\u53e3\u50b3\uff0c\u767e\u5e74\u524d\u771f\u5be6\u5b58\u5728\u7684\u50b3\u8aaa\u6545\u4e8b\uff0c<br \/>\n\u7528\u5b83\u539f\u672c\u5c31\u61c9\u8a72\u8aaa\u7684\u8a9e\u8a00\uff0c\u8b1b\u7d66\u6211\u5011\u7684\u5b69\u5b50\u807d\u3002<\/p>\n<p><strong>\u4e88\u6545\u4e8b\u7e7c\u7e8c\u884c\uff0c<\/strong><strong>\u4e88\u53f0\u8a9e\u8882\u5b64\u55ae\u3002<\/strong><\/p>\n<p>\u65bc\u662f\uff0c\u6211\u5011\u6c7a\u5b9a\u5ef6\u4f38\u96fb\u53f0\u5ee3\u64ad\u5287\u7684\u50b3\u7d71\uff0c\u88fd\u4f5c\u51fa\u7248\u300a\u5947\u5e7b\uff01\u771f\u53f0\u7063\u300b\u9019\u5957\u53f0\u8a9e\u5152\u7ae5\u6709\u8072\u7e6a\u672c\uff0c\u7528\u6211\u5011\u81ea\u5df1\u7684\u65b9\u5f0f<strong>\u4fdd\u80b2\u81ea\u5df1\u7684\u8a9e\u8a00<\/strong>\uff01<\/p>\n<p>\u900f\u904e\u4e00\u767e\u5e74\u524d\u65e5\u672c\u4eba\u300c\u7247\u5ca1\u5dd6\u300d\u6240\u8457\u7684\u00a0\u300a\u53f0\u7063\u98a8\u4fd7\u8a8c\u300b\u00a0\u4e00\u66f8\uff0c\u52a0\u4e0a\u7530\u91ce\u8a2a\u8ac7\u8abf\u67e5\uff0c\u4e26\u7d50\u5408\u6642\u4e0b\u6700\u6d41\u884c\u7684\u300c\u5947\u5e7b\u300d\u4e3b\u984c\uff0c\u6211\u5011\u5b8c\u6210\u4e86\u4e09\u500b\u5c6c\u65bc\u6211\u5011\u81ea\u5df1\u571f\u5730\u7684\u5152\u7ae5\u5947\u5e7b\u6545\u4e8b\uff1a<\/p>\n<p>\u3008<strong>\u4e8c\u723a\u63e3\u5e72\u6a02\u3009<br \/>\nJ\u012b-i\u00e2 tshu\u0113 kan-lo\u030dk<\/strong><\/p>\n<p><strong>\u3008\u767e\u8db3\u771f\u4eba\u6cbb\u9752\u76f2\u86c7\u3009<br \/>\nPah-tsiok-tsin-j\u00een t\u012b tshenn-m\u00ea-tsu\u00e2<\/strong><\/p>\n<p><strong>\u3008\u8b1b\u8b0e\u731c\u00ea\u9b54\u795e\u4ed4\u3009<br \/>\nK\u00f3ng b\u012b-tshai \u00ea m\u00f4o-s\u00een-\u00e1<\/strong><\/p>\n<p>(\u83ef\u8a9e\uff1a\u4e8c\u723a\u627e\u9640\u87ba\/\u767e\u8db3\u771f\u4eba\u6cbb\u778e\u773c\u86c7\/\u8b1b\u8b0e\u8a9e\u7684\u9b54\u795e\u4ed4)<\/p>\n<p>\u6545\u4e8b\u7531\u8f15\u9b06\u96fb\u53f0\u7e3d\u7d93\u7406\u7ae0\u4e16\u548c\u767c\u60f3\uff0c\u53f0\u7063\u8072\u512a\u5929\u540e\u6797\u82b3\u96ea\u4e3b\u8b1b\uff0c\u4e26\u9080\u8acb\u9577\u671f\u95dc\u5fc3\u672c\u571f\u6587\u5316\u7684\u77e5\u540d\u4f5c\u5bb6\u9ec3\u8d8a\u7d8f\u3001\u53f0\u8a9e\u91d1\u66f2\u6b4c\u738b\u8b1d\u9298\u7950\u3001\u7acb\u6cd5\u59d4\u54e1\u6797\u6636\u4f50\u5171\u540c\u737b\u8072\uff0c\u70ba\u5b69\u5b50\u5011\u8b1b\u8ff0\u6545\u4e8b\u7684\u88dc\u5145\u8aaa\u660e\u3002<\/p>\n<p>\u7e6a\u672c\u7531\u65c5\u6cd5\u756b\u5bb6\u6797\u4f7e\u52f3 (Meganlin)\u3001\u65b0\u92b3\u63d2\u756b\u5bb6Min \u738b\u79d1\u9594\u8ca0\u8cac\u7e6a\u88fd\u3002<\/p>\n<p>\u6545\u4e8b\u5206\u5225\u53d6\u6750\u81ea\u53f0\u5357\u5357\u52e2\u8857\u897f\u7f85\u6bbf\u7684\u795e\u660e\u8efc\u4e8b\u3001\u66fe\u6587\u6eaa\u7554\u767e\u8db3\u771f\u4eba\u8708\u86a3\u9663\u7684\u50b3\u8aaa\uff0c\u4ee5\u53ca\u300a\u53f0\u7063\u98a8\u4fd7\u8a8c\u300b\u00a0\u4e2d\u6240\u8a18\u8f09\u7684\u767e\u5e74\u5152\u7ae5\u8b0e\u8a9e\u3002<\/p>\n<p>\u2705 \u7e6a\u672c+\u6709\u8072CD<br \/>\n\u2705 \u5168\u66f8\u9644\u53f0\u8a9e\u6f22\u5b57\u8207\u7f85\u99ac\u62fc\u97f3<br \/>\n\u2705\u00a0QR code \u6383\u63cf\u7dda\u4e0a\u5f71\u97f3\u6536\u807d<br \/>\n\u2705\u00a0\u53f0\u8a9e\u6f22\u5b57\u3001\u7f85\u99ac\u62fc\u97f3\u3001\u83ef\u6587\u5f71\u97f3\u5c0d\u7167\u5b57\u5e55<br \/>\n\u2705\u00a0\u5167\u9801\u6587\u5b57\u7bc4\u4f8b\u00a0(\u7528\u5b57\u4ee5\u6559\u80b2\u90e8\u53f0\u8a9e\u5e38\u7528\u8a5e\u8fad\u5178\u512a\u5148)\uff1a<\/p>\n<p>A-gu\u00e2n si\u014dng kah-\u00ec J\u012b-i\u00e2,<br \/>\n\u963f\u6e90\u4e0a\u4f6e\u610f\u4e8c\u723a\uff0c<br \/>\nti\u0101nn-ti\u0101nn \u0113 tsah thn\u0302g-\u00e1<br \/>\n\u5b9a\u5b9a\u6703\u7d2e\u7cd6\u4ed4<br \/>\nkh\u00ec i \u00ea s\u00een-tsun th\u00e2u-ts\u00eeng p\u00e0i-p\u00e0i.<br \/>\n\u53bb\u4f0a\u7684\u795e\u5c0a\u982d\u524d\u62dc\u62dc\u3002<\/p>\n<p><strong>\u53f0\u8a9e\u6587\u5b78\u7fd2 [\u807d\u3001\u8aaa\u3001\u8b80\u3001\u5beb] \u4e00\u6b21\u5230\u4f4d\uff01<\/strong><br \/>\n<strong>\u89aa\u5b50\u5171\u8b80\u8046\u807d\uff0c\u559a\u8d77\u5bb6\u9577\u5011\u7684\u6bcd\u8a9e\u8a18\u61b6\uff01<\/strong><\/p>\n<h2><strong>\u4f5c\u8005\u7c21\u4ecb<\/strong><\/h2>\n<p>\u88fd\u4f5c\u3001\u767c\u8d77\u4eba\uff5c\u7ae0\u4e16\u548c<\/p>\n<p>\u6545\u4e8b\u767c\u60f3\u8207\u5c08\u6848\u7d71\u7c4c\u3002\u5275\u5efa\u300a \u5947\u5e7b\uff01\u771f\u53f0\u7063 \u300b\u5c08\u6848\u7684\u521d\u8877\u662f\uff1a\u300c\u4e0d\u60f3\u5b69\u5b50\u5fd8\u8a18\u7238\u7238\u7684\u8a9e\u8a00\u300d\u3002<\/p>\n<p>\u25c6\u8f14\u5927\u6b77\u53f2\u7cfb\u7562\u696d<br \/>\n\u25c6\u8b1b\u53f0\u8a9e\u4e94\u5341\u5e74<br \/>\n\u25c6\u963f\u516c\u662f\u4e69\u7ae5\uff0c\u5f9e\u5c0f\u62dc\u738b\u723a<br \/>\n\u25c6\u8ca1\u5718\u6cd5\u4eba\u826f\u5bf6\u5bae\u59d4\u54e1<br \/>\n\u25c6\u53f0\u7063\u77e5\u540d\u7684\u985e\u6bd4\u5408\u6210\u5668\u6f14\u594f\u5bb6<br \/>\n\u25c6\u7279\u96f7\u9580\u7434 (theremin)\u6f14\u594f\u8005<br \/>\n\u25c6\u6d41\u884c\u97f3\u6a02\u7de8\u66f2\u4eba\u8207\u88fd\u4f5c\u4eba<br \/>\n\u25c6\u91d1\u66f2\u734e\u3001\u91d1\u97f3\u734e\u5165\u570d\u3001\u7372\u734e<br \/>\n\u25c62019\u5e74\u7b2c\u4e09\u5341\u5c46\u91d1\u66f2\u734e\u8a55\u5be9<br \/>\n\u25c6\u73fe\u4efb\u8f15\u9b06\u96fb\u53f0 Chillax Radio \u7e3d\u7d93\u7406<\/p>\n<p>\u6545\u4e8b\u4e3b\u8b1b\uff5c<br \/>\n\u6797\u82b3\u96ea<br \/>\n\u53f0\u7063\u8072\u512a\u5929\u540e\uff1a\u5f9e\u4e8b\u914d\u97f3\u5de5\u4f5c\u5df245\u5e74\uff0c\u7cbe\u901a\u53f0\u8a9e\u3001\u83ef\u8a9e\u3002<br \/>\n\u77e5\u540d\u914d\u97f3\uff1a\u7345\u5b50\u738b\u3001\u6211\u53eb\u91d1\u4e09\u9806\u3001\u98a8\u4e2d\u5947\u7de32\u3001\u5e78\u798f\u4e09\u6eab\u6696\u7b49\u7b49\u3002<br \/>\n\u96fb\u8996\u6232\u5287\u914d\u97f3\uff1a\u83ef\u8a9e\u8d85\u904e60\u65e5\u3001\u65e5\u97d3\u8d85\u904e20\u90e8\u3001\u6b50\u7f8e\u8d85\u904e50\u90e8\u3002<\/p>\n<p>\u5171\u540c\u737b\u8072\uff5c<br \/>\n\u9ec3\u8d8a\u7d8f<br \/>\n\u524d\u7e3d\u7d71\u5e9c\u570b\u7b56\u9867\u554f<br \/>\n\u300c\u8ca1\u5718\u6cd5\u4eba\u570b\u969b\u55ae\u89aa\u5152\u7ae5\u6587\u6559\u57fa\u91d1\u6703\u300d\u5275\u8fa6\u4eba<br \/>\n\u5a5a\u59fb\u3001\u5169\u6027\u4f5c\u5bb6\uff0c\u4e5f\u4ee5\u53f0\u8a9e\u5beb\u8a69<\/p>\n<p>\u8b1d\u9298\u7950<br \/>\n\u6b4c\u624b\u3001\u97f3\u6a02\u88fd\u4f5c\u4eba\u3001\u8a5e\u66f2\u4f5c\u8005<br \/>\n\u66fe\u7372\u91d1\u66f2\u734e\u300c\u6700\u4f73\u53f0\u8a9e\u7537\u6b4c\u624b\u734e\u300d\u53ca\u591a\u9805\u734e\u9805<br \/>\n\u4f5c\u54c1\u6eab\u6696\u52d5\u4eba\uff0c\u95dc\u61f7\u571f\u5730<\/p>\n<p>\u6797\u6636\u4f50<br \/>\n\u4e2d\u83ef\u6c11\u570b\u7b2c9-10\u5c46\u7acb\u6cd5\u59d4\u54e1<br \/>\n\u300c\u9583\u9748\u300d\u6a02\u5718\u4e3b\u5531\u3001\u4f5c\u8a5e\u4eba\u3001\u4f5c\u66f2\u4eba<br \/>\n\u66fe\u7372\u91d1\u66f2\u734e\u300c\u6700\u4f73\u6a02\u5718\u734e\u300d\u7b49\u591a\u9805\u734e\u9805<br \/>\n\u652f\u6301\u5e73\u6b0a\uff0c\u95dc\u5fc3\u53f0\u8a9e\u6587\u5316<\/p>\n<p>\u7e6a\u5716\uff5c<br \/>\n\u6797\u4f7e\u52f3(Meganlin)<br \/>\n\u6cd5\u570b\u91cc\u6602\u7b2c\u4e8c\u5927\u5b78(Universit\u00e9 Lumi\u00e8re Lyon-II)<br \/>\n\u6574\u5408\u591a\u5a92\u9ad4\u8a2d\u8a08\u7cfb\u78a9\u58eb\uff0c\u76ee\u524d\u65c5\u5c45\u6cd5\u570b<\/p>\n<p>Min \u738b\u79d1\u9594<br \/>\n\u570b\u7acb\u96f2\u6797\u79d1\u6280\u5927\u5b78\u8996\u89ba\u50b3\u9054\u8a2d\u8a08\u7cfb\u7562\u696d\uff0c\u559c\u6b61\u756b\u4eba\uff0c\u628a\u756b\u5716\u8996\u70ba\u7642\u7a0b\uff0c\u662f\u5feb\u6a02\u7684\u4f86\u6e90<\/p>\n<h2><strong>\u5546\u54c1\u5167\u5bb9<\/strong><\/h2>\n<p>\u2460 \u5be6\u9ad4\u6709\u8072 CD \u4e59\u5f35<br \/>\n\u5c08\u696d\u8072\u512a\u8207\u540d\u4eba\u737b\u8072<br \/>\n\u4e09\u500b\u53f0\u7063\u5947\u5e7b\u6545\u4e8b<br \/>\n\u9644\u9304\u6545\u4e8b\u88dc\u5145\u8aaa\u660e<br \/>\nCD \u7e3d\u9577\u7d04 30 \u5206\u9418<br \/>\nCD \u6536\u7d0d\u65bc\u7e6a\u672c\u5167\uff0c\u65b9\u4fbf\u597d\u6574\u7406<\/p>\n<p>\u2461 \u5168\u5f69\u7e6a\u672c\u4e59\u518a<br \/>\n\u5168\u66f8\u5171 100 \u9801<br \/>\n\u6bcf\u7bc7\u6545\u4e8b\u5167\u5bb9\u70ba 28 \u9801<br \/>\n\u7e6a\u672c\u5c3a\u5bf8 25\u516c\u5206 x 25\u516c\u5206<br \/>\n\u5168\u66f8\u53f0\u8a9e\u6f22\u5b57\u8207\u7f85\u99ac\u62fc\u97f3<br \/>\n\u9644\u7dda\u7a3f\u5716\uff0c\u53ef\u8b93\u5c0f\u670b\u53cb\u8457\u8272<\/p>\n<p>\u2462 \u7dda\u4e0a\u5f71\u97f3\u6536\u770b<br \/>\n\u5229\u7528 QR Code \u6383\u63cf<br \/>\n\u53f0\u8a9e\u6f22\u5b57 + \u7f85\u99ac\u62fc\u97f3 + \u83ef\u6587\u5f71\u97f3\u5c0d\u7167\u5b57\u5e55<\/p>\n<p>ISBN\uff1a9789860696004<br \/>\n\u51fa\u7248\u793e\uff1a\u57fa\u9686\u8f15\u9b06\u5ee3\u64ad\u96fb\u53f0<br \/>\n\u898f\u683c\uff1a\u7cbe\u88dd\u9644\u5149\u789f\u7247 \/ 100\u9801 \/ 25 x 25 cm \/ \u666e\u901a\u7d1a \/ \u5f69\u8272\u5370\u5237 \/ \u521d\u7248<br \/>\n\u51fa\u7248\u5730\uff1a\u53f0\u7063<\/p>\n<p><a href=\"http:\/\/class.ruten.com.tw\/user\/index00.php?s=gjtwn\" target=\"_blank\" rel=\"noopener\"><img decoding=\"async\" src=\"https:\/\/www.gjtaiwan.com\/image\/data\/addlpmz19qm7.png\" alt=\"\" \/><\/a><\/p>\n","protected":false},"excerpt":{"rendered":"<p>\u5947\u5e7b\uff01\u771f\u53f0\u7063\uff1a\u4f86\u807d\u53f0\u8a9e\u00ea\u56e1\u4ed4\u53e4(\u9644CD) \u8a66\u807d\u5f71\u7247 \u5167\u5bb9\u7c21\u4ecb \u53f0\u7063\u662f\u500b\u5947\u5e7b\u4e4b\u5cf6\u3002 \u91cd\u65b0\u767c\u6398\u4ee3\u4ee3\u53e3\u50b3\uff0c\u767e\u5e74\u524d\u771f\u5be6&#8230;<\/p>\n","protected":false},"featured_media":91584,"comment_status":"closed","ping_status":"closed","template":"","meta":[],"product_brand":[],"product_cat":[2849,2663,5555,3183],"product_tag":[9759,12179,2843,5433,3565,12180],"class_list":{"0":"post-91576","1":"product","2":"type-product","3":"status-publish","4":"has-post-thumbnail","6":"product_cat-kids","7":"product_cat-2663","8":"product_cat-5555","9":"product_cat-3183","10":"product_tag-9759","11":"product_tag-12179","12":"product_tag-2843","13":"product_tag-5433","14":"product_tag-3565","15":"product_tag-12180","17":"first","18":"outofstock","19":"sale","20":"taxable","21":"shipping-taxable","22":"purchasable","23":"product-type-simple"},"bundled_by":[],"bundle_stock_status":"outofstock","bundle_stock_quantity":null,"bundle_virtual":false,"bundle_layout":"","bundle_add_to_cart_form_location":"","bundle_editable_in_cart":false,"bundle_sold_individually_context":"","bundle_item_grouping":"","bundle_min_size":"","bundle_max_size":"","bundle_price":[],"bundled_items":[],"bundle_sell_ids":[65786,138697],"_links":{"self":[{"href":"https:\/\/www.gjtaiwan.com\/new\/wp-json\/wp\/v2\/product\/91576","targetHints":{"allow":["GET"]}}],"collection":[{"href":"https:\/\/www.gjtaiwan.com\/new\/wp-json\/wp\/v2\/product"}],"about":[{"href":"https:\/\/www.gjtaiwan.com\/new\/wp-json\/wp\/v2\/types\/product"}],"replies":[{"embeddable":true,"href":"https:\/\/www.gjtaiwan.com\/new\/wp-json\/wp\/v2\/comments?post=91576"}],"wp:featuredmedia":[{"embeddable":true,"href":"https:\/\/www.gjtaiwan.com\/new\/wp-json\/wp\/v2\/media\/91584"}],"wp:attachment":[{"href":"https:\/\/www.gjtaiwan.com\/new\/wp-json\/wp\/v2\/media?parent=91576"}],"wp:term":[{"taxonomy":"product_brand","embeddable":true,"href":"https:\/\/www.gjtaiwan.com\/new\/wp-json\/wp\/v2\/product_brand?post=91576"},{"taxonomy":"product_cat","embeddable":true,"href":"https:\/\/www.gjtaiwan.com\/new\/wp-json\/wp\/v2\/product_cat?post=91576"},{"taxonomy":"product_tag","embeddable":true,"href":"https:\/\/www.gjtaiwan.com\/new\/wp-json\/wp\/v2\/product_tag?post=91576"}],"curies":[{"name":"wp","href":"https:\/\/api.w.org\/{rel}","templated":true}]}}