{"id":93602,"date":"2021-12-07T12:35:16","date_gmt":"2021-12-07T04:35:16","guid":{"rendered":"https:\/\/www.gjtaiwan.com\/new\/?post_type=product&#038;p=93602"},"modified":"2026-01-27T10:22:40","modified_gmt":"2026-01-27T02:22:40","slug":"%e4%b8%81%e7%aa%88%e7%aa%95%e6%a8%b9-%e6%a8%b9a%e8%b7%a4e%e8%87%aa%e7%94%b1%e5%a4%a2","status":"publish","type":"product","link":"https:\/\/www.gjtaiwan.com\/new\/product\/%e4%b8%81%e7%aa%88%e7%aa%95%e6%a8%b9-%e6%a8%b9a%e8%b7%a4e%e8%87%aa%e7%94%b1%e5%a4%a2","title":{"rendered":"\u4e01\u7a88\u7a95\u6a39\uff1a\u6a39\u00e1\u8de4\u00ea\u81ea\u7531\u5922"},"content":{"rendered":"<h1><strong>\u4e01\u7a88\u7a95\u6a39\uff1a\u6a39\u00e1\u8de4\u00ea\u81ea\u7531\u5922<\/strong><\/h1>\n<p><img loading=\"lazy\" decoding=\"async\" class=\"alignnone size-large wp-image-93611\" src=\"https:\/\/www.gjtaiwan.com\/new\/wp-content\/uploads\/2021\/12\/\u4e01\u7a88\u7a95\u6a39-\u5c01\u9762_\u7acb\u9ad4\u66f8-1003x800.jpeg\" alt=\"\" width=\"1003\" height=\"800\" srcset=\"https:\/\/www.gjtaiwan.com\/new\/wp-content\/uploads\/2021\/12\/\u4e01\u7a88\u7a95\u6a39-\u5c01\u9762_\u7acb\u9ad4\u66f8.jpeg 1003w, https:\/\/www.gjtaiwan.com\/new\/wp-content\/uploads\/2021\/12\/\u4e01\u7a88\u7a95\u6a39-\u5c01\u9762_\u7acb\u9ad4\u66f8-501x400.jpeg 501w, https:\/\/www.gjtaiwan.com\/new\/wp-content\/uploads\/2021\/12\/\u4e01\u7a88\u7a95\u6a39-\u5c01\u9762_\u7acb\u9ad4\u66f8-768x613.jpeg 768w, https:\/\/www.gjtaiwan.com\/new\/wp-content\/uploads\/2021\/12\/\u4e01\u7a88\u7a95\u6a39-\u5c01\u9762_\u7acb\u9ad4\u66f8-600x479.jpeg 600w\" sizes=\"auto, (max-width: 1003px) 100vw, 1003px\" \/><\/p>\n<p><img loading=\"lazy\" decoding=\"async\" class=\"alignnone size-full wp-image-93603\" src=\"https:\/\/www.gjtaiwan.com\/new\/wp-content\/uploads\/2021\/12\/D1.jpg\" alt=\"\" width=\"1000\" height=\"685\" srcset=\"https:\/\/www.gjtaiwan.com\/new\/wp-content\/uploads\/2021\/12\/D1.jpg 768w, https:\/\/www.gjtaiwan.com\/new\/wp-content\/uploads\/2021\/12\/D1-584x400.jpg 584w, https:\/\/www.gjtaiwan.com\/new\/wp-content\/uploads\/2021\/12\/D1-600x411.jpg 600w\" sizes=\"auto, (max-width: 1000px) 100vw, 1000px\" \/><\/p>\n<p><img loading=\"lazy\" decoding=\"async\" class=\"alignnone size-full wp-image-93604\" src=\"https:\/\/www.gjtaiwan.com\/new\/wp-content\/uploads\/2021\/12\/D2.jpg\" alt=\"\" width=\"1000\" height=\"685\" srcset=\"https:\/\/www.gjtaiwan.com\/new\/wp-content\/uploads\/2021\/12\/D2.jpg 768w, https:\/\/www.gjtaiwan.com\/new\/wp-content\/uploads\/2021\/12\/D2-584x400.jpg 584w, https:\/\/www.gjtaiwan.com\/new\/wp-content\/uploads\/2021\/12\/D2-600x411.jpg 600w\" sizes=\"auto, (max-width: 1000px) 100vw, 1000px\" \/><\/p>\n<p><img loading=\"lazy\" decoding=\"async\" class=\"alignnone size-full wp-image-93605\" src=\"https:\/\/www.gjtaiwan.com\/new\/wp-content\/uploads\/2021\/12\/D3.jpg\" alt=\"\" width=\"1000\" height=\"685\" srcset=\"https:\/\/www.gjtaiwan.com\/new\/wp-content\/uploads\/2021\/12\/D3.jpg 768w, https:\/\/www.gjtaiwan.com\/new\/wp-content\/uploads\/2021\/12\/D3-584x400.jpg 584w, https:\/\/www.gjtaiwan.com\/new\/wp-content\/uploads\/2021\/12\/D3-600x411.jpg 600w\" sizes=\"auto, (max-width: 1000px) 100vw, 1000px\" \/><\/p>\n<p><img loading=\"lazy\" decoding=\"async\" class=\"alignnone size-full wp-image-93606\" src=\"https:\/\/www.gjtaiwan.com\/new\/wp-content\/uploads\/2021\/12\/D4.jpg\" alt=\"\" width=\"1000\" height=\"685\" srcset=\"https:\/\/www.gjtaiwan.com\/new\/wp-content\/uploads\/2021\/12\/D4.jpg 768w, https:\/\/www.gjtaiwan.com\/new\/wp-content\/uploads\/2021\/12\/D4-584x400.jpg 584w, https:\/\/www.gjtaiwan.com\/new\/wp-content\/uploads\/2021\/12\/D4-600x411.jpg 600w\" sizes=\"auto, (max-width: 1000px) 100vw, 1000px\" \/><\/p>\n<p><img loading=\"lazy\" decoding=\"async\" class=\"alignnone size-full wp-image-93607\" src=\"https:\/\/www.gjtaiwan.com\/new\/wp-content\/uploads\/2021\/12\/D5.jpg\" alt=\"\" width=\"1000\" height=\"685\" srcset=\"https:\/\/www.gjtaiwan.com\/new\/wp-content\/uploads\/2021\/12\/D5.jpg 768w, https:\/\/www.gjtaiwan.com\/new\/wp-content\/uploads\/2021\/12\/D5-584x400.jpg 584w, https:\/\/www.gjtaiwan.com\/new\/wp-content\/uploads\/2021\/12\/D5-600x411.jpg 600w\" sizes=\"auto, (max-width: 1000px) 100vw, 1000px\" \/><\/p>\n<p><img loading=\"lazy\" decoding=\"async\" class=\"alignnone size-full wp-image-93608\" src=\"https:\/\/www.gjtaiwan.com\/new\/wp-content\/uploads\/2021\/12\/D6.jpg\" alt=\"\" width=\"1000\" height=\"685\" srcset=\"https:\/\/www.gjtaiwan.com\/new\/wp-content\/uploads\/2021\/12\/D6.jpg 768w, https:\/\/www.gjtaiwan.com\/new\/wp-content\/uploads\/2021\/12\/D6-584x400.jpg 584w, https:\/\/www.gjtaiwan.com\/new\/wp-content\/uploads\/2021\/12\/D6-600x411.jpg 600w\" sizes=\"auto, (max-width: 1000px) 100vw, 1000px\" \/><\/p>\n<p><img loading=\"lazy\" decoding=\"async\" class=\"alignnone size-full wp-image-93609\" src=\"https:\/\/www.gjtaiwan.com\/new\/wp-content\/uploads\/2021\/12\/D7.jpg\" alt=\"\" width=\"1000\" height=\"685\" srcset=\"https:\/\/www.gjtaiwan.com\/new\/wp-content\/uploads\/2021\/12\/D7.jpg 768w, https:\/\/www.gjtaiwan.com\/new\/wp-content\/uploads\/2021\/12\/D7-584x400.jpg 584w, https:\/\/www.gjtaiwan.com\/new\/wp-content\/uploads\/2021\/12\/D7-600x411.jpg 600w\" sizes=\"auto, (max-width: 1000px) 100vw, 1000px\" \/><\/p>\n<p><img loading=\"lazy\" decoding=\"async\" class=\"alignnone size-full wp-image-93610\" src=\"https:\/\/www.gjtaiwan.com\/new\/wp-content\/uploads\/2021\/12\/D8.jpg\" alt=\"\" width=\"1000\" height=\"685\" srcset=\"https:\/\/www.gjtaiwan.com\/new\/wp-content\/uploads\/2021\/12\/D8.jpg 768w, https:\/\/www.gjtaiwan.com\/new\/wp-content\/uploads\/2021\/12\/D8-584x400.jpg 584w, https:\/\/www.gjtaiwan.com\/new\/wp-content\/uploads\/2021\/12\/D8-600x411.jpg 600w\" sizes=\"auto, (max-width: 1000px) 100vw, 1000px\" \/><\/p>\n<h2><strong>\u5167\u5bb9\u7c21\u4ecb<\/strong><\/h2>\n<p>\u9080\u8acb\u4f60\u4e00\u8d77\uff0c\u5c07\u9019\u500b\u6545\u4e8b\u5e36\u7d66\u66f4\u591a\u5b69\u5b50\uff0c\u66f4\u591a\u6211\u5011\u672a\u4f86\u7684\u5e0c\u671b<\/p>\n<p>\u904e\u53bb\u8ac7\u767d\u8272\u6050\u6016\u6642\uff0c\u591a\u96c6\u4e2d\u65bc\u7537\u6027\u653f\u6cbb\u72af\uff0c\u537b\u5ffd\u7565\u6389\u9031\u906d\u53d7\u727d\u9023\u7684\u5973\u6027\uff0c\u672c\u66f8\u4e3b\u89d2\u4e01\u7a88\u7a95\u51fa\u751f\u65bc\u65e5\u6cbb\u6642\u4ee3\uff0c\u5c31\u8b80\u65bc\u53f0\u5357\u5dde\u7acb\u7b2c\u4e8c\u9ad8\u7b49\u5973\u5b78\u6821\uff08\u4eca\u53f0\u5357\u5973\u4e2d\uff09\u3002\u7b2c\u4e8c\u6b21\u4e16\u754c\u5927\u6230\u65e5\u672c\u6295\u964d\u5f8c\uff0c\u53f0\u7063\u88ab\u300c\u7956\u570b\u300d\u653f\u5e9c\u63a5\u6536\uff0c\u6c92\u60f3\u5230\u4e01\u7a88\u7a95\u9019\u4f4d\u55ae\u7d14\u7684\u5973\u5b78\u751f\u3001\u8077\u696d\u5a66\u5973\u3001\u6bcd\u89aa\uff0c\u537b\u56e0\u5de5\u4f5c\u8a8d\u8b58\u7684\u4eba\u53d7\u727d\u9023\u5165\u7344\u2026<\/p>\n<p>\u8207\u5b69\u5b50\u5171\u8b80\u904e\u53bb\u6b77\u53f2 \u7528\u6545\u4e8b\u7a2e\u4e0b\u4eba\u6b0a\u6559\u80b2<\/p>\n<p>2015 \u5e74 8 \u6708\uff0c\u8607\u8fea\u52d2\u98b1\u98a8\u8972\u64ca\u53f0\u7063\uff0c\u53f0\u5357\u5e02\u5167\u591a\u8655\u6a39\u6728\u65b7\u6298\u3002\u5176\u4e2d\uff0c\u53f0\u5357\u5973\u4e2d\u7684\u91d1\u9f9c\u6a39\u4e5f\u662f\u65b7\u6298\u7684\u6a39\u6728\u4e4b\u4e00\u3002\u7576\u6642\u6a39\u5012\u7684\u6d88\u606f\u4f34\u96a8\u904e\u5f80\u6545\u4e8b\u5728\u7db2\u8def\u4e0a\u50b3\u958b\uff0c\u4e01\u7a88\u7a95\u7d42\u65bc\u5f9e\u773e\u4eba\u7684\u8a18\u61b6\u4e2d\u7526\u9192\u2026<\/p>\n<p>\u628a\u4eba\u6b0a\u6545\u4e8b\u4ea4\u68d2\u7d66\u4e0b\u4e00\u4ee3\uff0c\u8b93\u300c\u81ea\u7531\u300d\u4e0d\u518d\u53ea\u662f\u4e00\u5834\u5922\u3002<\/p>\n<p>\u672c\u66f8\u7279\u8272<\/p>\n<p>\u6eab\u6696\u756b\u98a8\uff1a\u6700\u597d\u6d88\u5316\u7684\u6b77\u53f2\u8b80\u672c<br \/>\n\u53f0\u6587\u66f8\u5beb\uff1a\u8cbc\u8fd1\u571f\u5730\u7684\u8a9e\u8a00\u5f62\u5f0f<br \/>\n\u6536\u85cf\u50f9\u503c\uff1a\u6642\u4ee3\u523b\u75d5\u7684\u91cd\u65b0\u8a6e\u91cb<\/p>\n<p>\u611f\u8b1d\u5404\u754c\u63a8\u85a6<\/p>\n<p>\u4f5c\u5bb6 \u6731\u5ba5\u52f3\uff0f<br \/>\n\u904e\u5f80\u8ac7\u50b3\u627f\uff0c\u90fd\u662f\u9577\u8f29\u8ddf\u5e74\u8f15\u4eba\u8aaa<br \/>\n\u2014\u2014\u4f46\u9019\u672c\u53f0\u6587\u7e6a\u672c\u5b8c\u5168\u4e0d\u540c<br \/>\n\u7531\u56db\u500b\u53f0\u5357\u5973\u4e2d\u5b78\u751f\u4e3b\u5c0e\u3001\u81ea\u767c\u6027\u5730\u8981\u6436\u6551\u8a18\u61b6\uff0c\u60f3\u8981\u544a\u8a34\u9019\u500b\u793e\u6703\uff0c\u4ee5\u53ca\u66f4\u5e74\u8f15\u7684\u5b69\u5b50\uff0c\u6709\u4e00\u4ef6\u4e8b\u60c5\u3001\u6709\u4e00\u500b\u4eba\u662f\u503c\u5f97\u88ab\u8a18\u4f4f\u7684\u3002<\/p>\n<p>\u4f5c\u5bb6 \u674e\u5c4f\u7464\uff0f<br \/>\n\u7d14\u7cb9\u7684\u9752\u6625\u3001\u4e7e\u6de8\u7684\u9748\u9b42\u53ea\u6709\u4e00\u6b21<br \/>\n\u9019\u662f\u5979\u5011\u5728\u90a3\u500b\u7576\u4e0b\u5b8c\u6210\u7684\u5275\u4f5c\uff0c\u7528\u81ea\u5df1\u7684\u65b9\u5f0f\u5beb\u4e0b\u5168\u53f0\u7063\u4eba\u90fd\u9700\u8981\u77e5\u9053\u7684\u6545\u4e8b\u3002<\/p>\n<h2><strong>\u76ee\u9304<\/strong><\/h2>\n<p>\u4f5c\u8005\u5e8f<br \/>\n\u6797\u79c0\u73cd 2<br \/>\n\u738b\u4eae\u6587 3<br \/>\n\u8521\u55bb\u5b89 4<br \/>\n\u8b1d\u6c82\u73cd 5<br \/>\n\u912d\u97f6\u6600 6<\/p>\n<p>\u6545\u4e8b\u958b\u59cb<br \/>\n\u4e01\u7a88\u7a95\u6a39\uff1a\u6a39\u00e1\u8de4\u00ea\u81ea\u7531\u5922 9-50<\/p>\n<p>\u80cc\u666f<br \/>\n\u6a39\u00e1\u8de4\u00ea\u81ea\u7531\u5922 51<\/p>\n<p>\u611f\u8b1d<br \/>\n\u5e6b\u52a9\u00ea\u4eba 57<\/p>\n<h2><strong>\u4f5c\u8005\u5e8f<\/strong><\/h2>\n<p>\u6797\u79c0\u73cd\uff08\u53f0\u5357\u5973\u4e2d\u00ea\u570b\u6587\u79d1\u6559\u5e2b\u3001\u6307\u5c0e\u53f0\u7063\u6587\u5316\u968a\u793e\u5718\u00ea\u8001\u5e2b\uff09<\/p>\n<p>Tse\u662f\u4e00\u4e2a\u6dd2\u6dbc\u00ea\u6545\u4e8b\uff0c\u60f3\u8882\u5230\u7adf\u7136\u96e2\u962ehiah-n\u012b-\u00e1\u8fd1\u3002Iah-koh\u6703\u8a18\u5f97\uff0c2013\u5e7412\u670812\uff0c\u90ed\u632f\u7d14\u5148\u8f29\u4f86\u5230\u53f0\u5357\u5973\u4e2d\uff0chit\u6642t\u00fa-\u00e1\u597d\u662f\u5b78\u6821\u904b\u52d5\u6703\u00ea\u524d\u4e00\u5de5\uff0c\u5b78\u751fl\u00f3ng leh\u7121\u9592\u4f48\u7f6e\u6703\u5834\uff0c\u90ed\u5148\u8f29tshu\u0101\u962e\u4e00\u9663\u4eba\u4f86\u5230\u904b\u52d5\u57d5\u908a\u00e1 \u00ea\u91d1\u9f9c\u6a39\u8de4\uff0ck\u0101\u962e\u8b1b\u4e01\u7a88\u7a95\u5b78\u59ca\u00ea\u6545\u4e8b\u3002\u90ed\u5148\u8f29\u8b1b\uff1a\u300c\u4e01\u7a88\u7a95ti\u0101nn-ti\u0101nn\u8b1b\uff0c\u6821\u5712\u5167\u00ea\u751f\u6d3b\u662f\u4f0atsit\u4e16\u4eba\u4e0a\u6b61\u559c\u00ea\u6642\u9663\u3002\u300d\u90ed\u5148\u8f29\u8b1b\uff0c\u4f0a\u6709k\u0101\u7a88\u7a95\u5b78\u59ca\u00ea\u4e00tshok\u982d\u6bdb\u57cbti\u00e0m tsia\uff0c\u5411\u671b\u7a88\u7a95\u5b78\u59ca\u6703\u7576\u6c38\u9060\u5b88\u8b77tsitku\u00e1\u9752\u6625\u6d3b\u6f51\u00ea\u67e5\u67d0g\u00edn-\u00e1\u3002\u7121\u6bcbtio\u030dh\uff0c\u904b\u52d5\u57d5\u908a\u00e1\u6eff\u6eff\u662f\u904b\u52d5\u6703\u9032\u524d\u00ea\u6b61\u559ctsham\u9b25\u5fd7\u3002<\/p>\n<p>Tse\u5c31\u662ftsit\u672c\u7e6a\u672c\u51fa\u7248\u00ea\u52d5\u6a5f\uff0c\u962e\u60f3beh\u8b1b\u4e00\u4e2a\u6545\u4e8b\uff0c\u4e00\u4e2a\u67e5\u67d0g\u00edn-\u00e1\u65e9\u65e9ti\u014d\u6b7b\u00ea\u6545\u4e8b\uff0chit\u4e2a\u6642\u4ee3\u5230\u5e95\u767c\u751f\u904e\u5565\u6b3e\u00ea\u4ee3\u8a8c\uff1f\u962e\u00ea\u5718\u968a\u53bb\u8a2a\u554f\u4e01\u7a88\u7a95\u9ad8\u4e2d\u4edd\u73ed\u00ea\u540c\u7a97\uff0c\u00e0n tse\u77e5\u5f71\u4f0a\u9ad8\u4e2d\u00ea\u6642\u505a\u904e\u73ed\u9577\uff0cm\u0101\u634c\u52c7\u6562k\u0101\u65e5\u672c\u8001\u5e2b\u63d0\u51fa\u5bb6\u5df1\u00ea\u610f\u898b\u30022015\u5e748\u6708\u98a8\u98b1\u300c\u8607\u8fea\u52d2\u300d\uff08Soudelor\uff09\u6383\u904e\u53f0\u7063\uff0c\u91d1\u9f9c\u6a39h\u014do\u72c2\u98a8\u5439\u5012\uff0c\u5f15\u8d77\u5404\u754c\u62da\u52e2\u6436\u6551\uff0c\u6821\u5712\u5167\u00ea\u67e5\u67d0g\u00edn-\u00e1 m\u0101\u62cd\u62da\u66ff\u6a39\u00e1\u7948\u79b1\uff0c\u4e3b\u8981\u662f\u70batio\u030dh\u8a18\u6301\u5167\u00ea\u4e01\u7a88\u7a95\u00ea\u6545\u4e8b\u3002Tsit-m\u00e1\uff0c\u91d1\u9f9c\u6a39\u5df2\u7d93koh\u6d3b\u904e\u4f86ah\uff0c\u6bcb\u904e\uff0c\u4e01\u7a88\u7a95\u00ea\u6545\u4e8biah-koh\u6709\u504c\u6fdf\u4eba\u6703\u8a18\u5f97leh\uff1f<\/p>\n<p>\u5c11\u5e74\u4eba\u5411\u671b\u900f\u904etsit\u672c\u7e6a\u672c\uff0ck\u0101 tsit\u4e2a\u8a18\u6301\u8b1bh\u014do koh-khah\u6fdf\u4eba\u807d\uff0c\u5411\u671b\u54b1tsit\u4e2al\u00fa\u4f86l\u00fa\u6587\u660ekoh\u73fe\u4ee3\u5316\u00ea\u570b\u5bb6\uff0c\u6703\u7576koh-khah\u4e3b\u52d5\u7a4d\u6975\u4f86h\u014do\u5927\u773e\u6e05\u695a\u77e5\u634ctsit-ku\u00e1\u4ee3\u8a8c\u3002<\/p>\n<p>\u962ek\u0101\u54b1\u9010\u5bb6\u61c9\u8a72\u611b\u77e5\u5f71\u00ea\u8a18\u6301\u756b\u51fa\u4f86\u3001\u5beb\u843d\u4f86\uff0c\u7528\u4e01\u7a88\u7a95\u719f\u4f3c\u00ea\u53f0\u8a9e\u4f86\u8b1b\u4f0a\u5bb6\u5df1\u00ea\u6545\u4e8b\uff0c\u5411\u671btsit\u4e2a\u51fa\u7248\u6703\u7576\u5438\u5f15koh-khah\u6fdf\u4eba\u540c\u9f4a\u4f86\u62cd\u62da\uff0ch\u014do\u6fdf\u6fdf\u54b1\u53f0\u7063\u00ea\u6545\u4e8b\u6703\u7576\u7e7c\u7e8ch\u00f4ng\u8b1b\u51fa\u4f86\u3002<\/p>\n<p>ISBN\uff1a9789860629415<br \/>\n\u51fa\u7248\u793e\uff1a\u4e3b\u6d41<br \/>\n\u898f\u683c\uff1a\u7cbe\u88dd \/ 60\u9801 \/ 20.5 x 29.7 x 1 cm \/ \u666e\u901a\u7d1a \/ \u5168\u5f69\u5370\u5237 \/ \u521d\u7248<br \/>\n\u51fa\u7248\u5730\uff1a\u53f0\u7063<\/p>\n<p><a href=\"http:\/\/class.ruten.com.tw\/user\/index00.php?s=gjtwn\" target=\"_blank\" rel=\"noopener\"><img decoding=\"async\" src=\"https:\/\/www.gjtaiwan.com\/image\/data\/addlpmz19qm7.png\" alt=\"\" \/><\/a><\/p>\n","protected":false},"excerpt":{"rendered":"<p>\u4e01\u7a88\u7a95\u6a39\uff1a\u6a39\u00e1\u8de4\u00ea\u81ea\u7531\u5922 \u5167\u5bb9\u7c21\u4ecb \u9080\u8acb\u4f60\u4e00\u8d77\uff0c\u5c07\u9019\u500b\u6545\u4e8b\u5e36\u7d66\u66f4\u591a\u5b69\u5b50\uff0c\u66f4\u591a\u6211\u5011\u672a\u4f86\u7684\u5e0c\u671b \u904e\u53bb\u8ac7\u767d\u8272\u6050\u6016\u6642\uff0c&#8230;<\/p>\n","protected":false},"featured_media":93611,"comment_status":"closed","ping_status":"closed","template":"","meta":[],"product_brand":[],"product_cat":[5453,2849,2817,2733,2663],"product_tag":[12251,12252],"class_list":{"0":"post-93602","1":"product","2":"type-product","3":"status-publish","4":"has-post-thumbnail","6":"product_cat-5453","7":"product_cat-kids","8":"product_cat-2817","9":"product_cat-2733","10":"product_cat-2663","11":"product_tag-12251","12":"product_tag-12252","14":"first","15":"instock","16":"sale","17":"taxable","18":"shipping-taxable","19":"purchasable","20":"product-type-simple"},"bundled_by":[],"bundle_stock_status":"instock","bundle_stock_quantity":null,"bundle_virtual":false,"bundle_layout":"","bundle_add_to_cart_form_location":"","bundle_editable_in_cart":false,"bundle_sold_individually_context":"","bundle_item_grouping":"","bundle_min_size":"","bundle_max_size":"","bundle_price":[],"bundled_items":[],"bundle_sell_ids":{"0":65786,"2":138697},"_links":{"self":[{"href":"https:\/\/www.gjtaiwan.com\/new\/wp-json\/wp\/v2\/product\/93602","targetHints":{"allow":["GET"]}}],"collection":[{"href":"https:\/\/www.gjtaiwan.com\/new\/wp-json\/wp\/v2\/product"}],"about":[{"href":"https:\/\/www.gjtaiwan.com\/new\/wp-json\/wp\/v2\/types\/product"}],"replies":[{"embeddable":true,"href":"https:\/\/www.gjtaiwan.com\/new\/wp-json\/wp\/v2\/comments?post=93602"}],"wp:featuredmedia":[{"embeddable":true,"href":"https:\/\/www.gjtaiwan.com\/new\/wp-json\/wp\/v2\/media\/93611"}],"wp:attachment":[{"href":"https:\/\/www.gjtaiwan.com\/new\/wp-json\/wp\/v2\/media?parent=93602"}],"wp:term":[{"taxonomy":"product_brand","embeddable":true,"href":"https:\/\/www.gjtaiwan.com\/new\/wp-json\/wp\/v2\/product_brand?post=93602"},{"taxonomy":"product_cat","embeddable":true,"href":"https:\/\/www.gjtaiwan.com\/new\/wp-json\/wp\/v2\/product_cat?post=93602"},{"taxonomy":"product_tag","embeddable":true,"href":"https:\/\/www.gjtaiwan.com\/new\/wp-json\/wp\/v2\/product_tag?post=93602"}],"curies":[{"name":"wp","href":"https:\/\/api.w.org\/{rel}","templated":true}]}}