{"id":94062,"date":"2021-12-17T17:15:07","date_gmt":"2021-12-17T09:15:07","guid":{"rendered":"https:\/\/www.gjtaiwan.com\/new\/?post_type=product&#038;p=94062"},"modified":"2026-01-27T10:22:39","modified_gmt":"2026-01-27T02:22:39","slug":"%e7%a4%be%e6%9c%83%e4%ba%8b-%e6%ac%8a%e5%8b%a2%e8%80%85%e7%9a%84%e5%8b%9d%e5%88%a9-%e5%8f%b0%e7%81%a3%e5%9c%b0%e6%96%b9%e6%94%bf%e6%b2%bb%e5%8f%b2%e7%9a%8450%e5%80%8b%e9%97%9c%e9%8d%b5","status":"publish","type":"product","link":"https:\/\/www.gjtaiwan.com\/new\/product\/%e7%a4%be%e6%9c%83%e4%ba%8b-%e6%ac%8a%e5%8b%a2%e8%80%85%e7%9a%84%e5%8b%9d%e5%88%a9-%e5%8f%b0%e7%81%a3%e5%9c%b0%e6%96%b9%e6%94%bf%e6%b2%bb%e5%8f%b2%e7%9a%8450%e5%80%8b%e9%97%9c%e9%8d%b5","title":{"rendered":"\u793e\u6703\u4e8b\u2014\u6b0a\u52e2\u8005\u7684\u52dd\u5229\uff1a\u53f0\u7063\u5730\u65b9\u653f\u6cbb\u53f2\u768450\u500b\u95dc\u9375\u5b57"},"content":{"rendered":"<h1><strong>\u793e\u6703\u4e8b\u2014\u6b0a\u52e2\u8005\u7684\u52dd\u5229\uff1a\u53f0\u7063\u5730\u65b9\u653f\u6cbb\u53f2\u768450\u500b\u95dc\u9375\u5b57<\/strong><\/h1>\n<p><img loading=\"lazy\" decoding=\"async\" class=\"alignnone size-large wp-image-94071\" src=\"https:\/\/www.gjtaiwan.com\/new\/wp-content\/uploads\/2021\/12\/9789578019942_bc-572x800.jpg\" alt=\"\" width=\"572\" height=\"800\" srcset=\"https:\/\/www.gjtaiwan.com\/new\/wp-content\/uploads\/2021\/12\/9789578019942_bc-572x800.jpg 572w, https:\/\/www.gjtaiwan.com\/new\/wp-content\/uploads\/2021\/12\/9789578019942_bc-286x400.jpg 286w, https:\/\/www.gjtaiwan.com\/new\/wp-content\/uploads\/2021\/12\/9789578019942_bc.jpg 768w, https:\/\/www.gjtaiwan.com\/new\/wp-content\/uploads\/2021\/12\/9789578019942_bc-600x839.jpg 600w\" sizes=\"auto, (max-width: 572px) 100vw, 572px\" \/><\/p>\n<p><img loading=\"lazy\" decoding=\"async\" class=\"alignnone size-large wp-image-94063\" src=\"https:\/\/www.gjtaiwan.com\/new\/wp-content\/uploads\/2021\/12\/9789578019942_b3-571x800.jpg\" alt=\"\" width=\"571\" height=\"800\" srcset=\"https:\/\/www.gjtaiwan.com\/new\/wp-content\/uploads\/2021\/12\/9789578019942_b3-571x800.jpg 571w, https:\/\/www.gjtaiwan.com\/new\/wp-content\/uploads\/2021\/12\/9789578019942_b3-286x400.jpg 286w, https:\/\/www.gjtaiwan.com\/new\/wp-content\/uploads\/2021\/12\/9789578019942_b3.jpg 768w, https:\/\/www.gjtaiwan.com\/new\/wp-content\/uploads\/2021\/12\/9789578019942_b3-600x840.jpg 600w\" sizes=\"auto, (max-width: 571px) 100vw, 571px\" \/><\/p>\n<p><img loading=\"lazy\" decoding=\"async\" class=\"alignnone size-large wp-image-94064\" src=\"https:\/\/www.gjtaiwan.com\/new\/wp-content\/uploads\/2021\/12\/9789578019942_b4-571x800.jpg\" alt=\"\" width=\"571\" height=\"800\" srcset=\"https:\/\/www.gjtaiwan.com\/new\/wp-content\/uploads\/2021\/12\/9789578019942_b4-571x800.jpg 571w, https:\/\/www.gjtaiwan.com\/new\/wp-content\/uploads\/2021\/12\/9789578019942_b4-286x400.jpg 286w, https:\/\/www.gjtaiwan.com\/new\/wp-content\/uploads\/2021\/12\/9789578019942_b4.jpg 768w, https:\/\/www.gjtaiwan.com\/new\/wp-content\/uploads\/2021\/12\/9789578019942_b4-600x840.jpg 600w\" sizes=\"auto, (max-width: 571px) 100vw, 571px\" \/><\/p>\n<p><img loading=\"lazy\" decoding=\"async\" class=\"alignnone size-large wp-image-94065\" src=\"https:\/\/www.gjtaiwan.com\/new\/wp-content\/uploads\/2021\/12\/9789578019942_b5-571x800.jpg\" alt=\"\" width=\"571\" height=\"800\" srcset=\"https:\/\/www.gjtaiwan.com\/new\/wp-content\/uploads\/2021\/12\/9789578019942_b5-571x800.jpg 571w, https:\/\/www.gjtaiwan.com\/new\/wp-content\/uploads\/2021\/12\/9789578019942_b5-286x400.jpg 286w, https:\/\/www.gjtaiwan.com\/new\/wp-content\/uploads\/2021\/12\/9789578019942_b5.jpg 768w, https:\/\/www.gjtaiwan.com\/new\/wp-content\/uploads\/2021\/12\/9789578019942_b5-600x840.jpg 600w\" sizes=\"auto, (max-width: 571px) 100vw, 571px\" \/><\/p>\n<p><img loading=\"lazy\" decoding=\"async\" class=\"alignnone size-large wp-image-94066\" src=\"https:\/\/www.gjtaiwan.com\/new\/wp-content\/uploads\/2021\/12\/9789578019942_b6-571x800.jpg\" alt=\"\" width=\"571\" height=\"800\" srcset=\"https:\/\/www.gjtaiwan.com\/new\/wp-content\/uploads\/2021\/12\/9789578019942_b6-571x800.jpg 571w, https:\/\/www.gjtaiwan.com\/new\/wp-content\/uploads\/2021\/12\/9789578019942_b6-286x400.jpg 286w, https:\/\/www.gjtaiwan.com\/new\/wp-content\/uploads\/2021\/12\/9789578019942_b6.jpg 768w, https:\/\/www.gjtaiwan.com\/new\/wp-content\/uploads\/2021\/12\/9789578019942_b6-600x840.jpg 600w\" sizes=\"auto, (max-width: 571px) 100vw, 571px\" \/><\/p>\n<p><img loading=\"lazy\" decoding=\"async\" class=\"alignnone size-large wp-image-94067\" src=\"https:\/\/www.gjtaiwan.com\/new\/wp-content\/uploads\/2021\/12\/9789578019942_b7-571x800.jpg\" alt=\"\" width=\"571\" height=\"800\" srcset=\"https:\/\/www.gjtaiwan.com\/new\/wp-content\/uploads\/2021\/12\/9789578019942_b7-571x800.jpg 571w, https:\/\/www.gjtaiwan.com\/new\/wp-content\/uploads\/2021\/12\/9789578019942_b7-286x400.jpg 286w, https:\/\/www.gjtaiwan.com\/new\/wp-content\/uploads\/2021\/12\/9789578019942_b7.jpg 768w, https:\/\/www.gjtaiwan.com\/new\/wp-content\/uploads\/2021\/12\/9789578019942_b7-600x840.jpg 600w\" sizes=\"auto, (max-width: 571px) 100vw, 571px\" \/><\/p>\n<p><img loading=\"lazy\" decoding=\"async\" class=\"alignnone size-large wp-image-94068\" src=\"https:\/\/www.gjtaiwan.com\/new\/wp-content\/uploads\/2021\/12\/9789578019942_b8-571x800.jpg\" alt=\"\" width=\"571\" height=\"800\" srcset=\"https:\/\/www.gjtaiwan.com\/new\/wp-content\/uploads\/2021\/12\/9789578019942_b8-571x800.jpg 571w, https:\/\/www.gjtaiwan.com\/new\/wp-content\/uploads\/2021\/12\/9789578019942_b8-286x400.jpg 286w, https:\/\/www.gjtaiwan.com\/new\/wp-content\/uploads\/2021\/12\/9789578019942_b8.jpg 768w, https:\/\/www.gjtaiwan.com\/new\/wp-content\/uploads\/2021\/12\/9789578019942_b8-600x840.jpg 600w\" sizes=\"auto, (max-width: 571px) 100vw, 571px\" \/><\/p>\n<p><img loading=\"lazy\" decoding=\"async\" class=\"alignnone size-large wp-image-94069\" src=\"https:\/\/www.gjtaiwan.com\/new\/wp-content\/uploads\/2021\/12\/9789578019942_b9-571x800.jpg\" alt=\"\" width=\"571\" height=\"800\" srcset=\"https:\/\/www.gjtaiwan.com\/new\/wp-content\/uploads\/2021\/12\/9789578019942_b9-571x800.jpg 571w, https:\/\/www.gjtaiwan.com\/new\/wp-content\/uploads\/2021\/12\/9789578019942_b9-286x400.jpg 286w, https:\/\/www.gjtaiwan.com\/new\/wp-content\/uploads\/2021\/12\/9789578019942_b9.jpg 768w, https:\/\/www.gjtaiwan.com\/new\/wp-content\/uploads\/2021\/12\/9789578019942_b9-600x840.jpg 600w\" sizes=\"auto, (max-width: 571px) 100vw, 571px\" \/><\/p>\n<p><img loading=\"lazy\" decoding=\"async\" class=\"alignnone size-large wp-image-94070\" src=\"https:\/\/www.gjtaiwan.com\/new\/wp-content\/uploads\/2021\/12\/9789578019942_b10-571x800.jpg\" alt=\"\" width=\"571\" height=\"800\" srcset=\"https:\/\/www.gjtaiwan.com\/new\/wp-content\/uploads\/2021\/12\/9789578019942_b10-571x800.jpg 571w, https:\/\/www.gjtaiwan.com\/new\/wp-content\/uploads\/2021\/12\/9789578019942_b10-286x400.jpg 286w, https:\/\/www.gjtaiwan.com\/new\/wp-content\/uploads\/2021\/12\/9789578019942_b10.jpg 768w, https:\/\/www.gjtaiwan.com\/new\/wp-content\/uploads\/2021\/12\/9789578019942_b10-600x840.jpg 600w\" sizes=\"auto, (max-width: 571px) 100vw, 571px\" \/><\/p>\n<h2><strong>\u5167\u5bb9\u7c21\u4ecb<\/strong><\/h2>\n<p>\u7b2c\u4e00\u672c\u5f9e50\u500b\u95dc\u9375\u5b57\u8a8d\u8b58\u53f0\u7063\u5730\u65b9\u653f\u6cbb\u5c08\u66f8\uff01<\/p>\n<p>\u9ee8\u570b\u7d50\u69cb\uff0e\u5730\u65b9\u6d3e\u7cfb\uff0e\u9ed1\u91d1\u5229\u76ca<br \/>\n\u751f\u731b\u8e81\u52d5\u7684\u53f0\u7063\u9078\u8209\u6709\u6548\u4e4b\u8853<\/p>\n<p>\u2606\u4e94\u5341\u7bc7\u95dc\u9375\u5b57\u6587\u7ae0\uff0c\u63ed\u9732\u570b\u6c11\u9ee8\u548c\u5730\u65b9\u6d3e\u7cfb\uff0c\u5730\u65b9\u6d3e\u7cfb\u8207\u9078\u6c11\u4e4b\u9593\u5229\u76ca\u4ea4\u63db\u7684\u6069\u5e87\u4f8d\u5f9e\u9ad4\u5236\uff0c\u7d30\u6578\u5730\u65b9\u653f\u6cbb\u76e4\u6839\u932f\u7bc0\u7684\u611b\u6068\u60c5\u4ec7\u53f2\u3002<\/p>\n<p>\u2606\u3010\u7802\u77f3\uff0e\u66b4\u529b\uff0e\u914d\u5408\u6b3e\u3011\u3001\u3010\u5bae\u5edf\uff0e\u6a01\u8173\uff0e\u8fb2\u6f01\u6703\u3011\u3001\u3010\u570d\u6a19\uff0e\u56de\u6263\uff0e\u4fdd\u8b77\u5098\u3011\uff0c\u56de\u9867\u53f0\u7063\u300c\u897f\u897f\u91cc\u5cf6\u300d\u5316\u768490\u5e74\u4ee3\u793e\u6703\u6c1b\u570d\uff0c\u898b\u8b49\u932f\u7d9c\u8907\u96dc\u7684\u5730\u65b9\u6d3e\u7cfb\u3001\u76e4\u6839\u932f\u7bc0\u7684\u9ed1\u91d1\u5229\u76ca\uff0c\u4ee5\u53ca\u7262\u4e0d\u53ef\u7834\u7684\u6069\u5e87\u4f8d\u5f9e\u9ad4\u5236\u7684\u9032\u5316\u3001\u6f5b\u884c\u8207\u74e6\u89e3\u3002<\/p>\n<p>\u2606\u53f0\u7063\u5730\u65b9\u653f\u6cbb\u4f55\u4ee5\u6210\u70ba\u570b\u6c11\u9ee8\u7684\u7981\u81e0\uff1f\u76f4\u64ca\u64a8\u4ee3\u8a8c\uff08tshi\u00e2u t\u0101i-ts\u00ec\uff09\u8207\u6413\u5713\u4ed4\u6e6f\uff08so \u00eenn-\u00e1-thng\uff09\u8840\u8108\u5674\u5f35\u7684\u7b2c\u4e00\u885d\u7a81\u73fe\u5834\u7e6a\u5716\u3002<\/p>\n<p>\u2606\u4e00\u8209\u638c\u63e11970\u5e74\u4ee3\u4ee5\u964d\u53f0\u7063\u653f\u6cbb\u52e2\u529b\u8b8a\u52d5\u5716\uff0c\u5f9e\u4e00\u9ee8\u7368\u5927\u5230\u5169\u9ee8\u6297\u8861\uff0c\u770b\u53f0\u7063\u5982\u4f55\u8d70\u904e\u65e2\u52d5\u76ea\u53c8\u5be7\u975c\u7684\u6c11\u4e3b\u5316\u6642\u4ee3\u3002<\/p>\n<p>\u3010\u95dc\u65bc\u672c\u66f8\u3011<br \/>\n\u4e2d\u83ef\u6c11\u570b\u652f\u914d\u7684\u9078\u8209\u904a\u6232\uff0c\u9020\u5c31\u53f0\u7063\u73fe\u4eca\u7684\u6b0a\u529b\u5206\u8d13<br \/>\n\u63ed\u958b\u53f0\u7063\u6c11\u4e3b\u5316\u7684\u5e7d\u6697\u9762\uff0c\u7aef\u770b\u5730\u65b9\u9ed1\u91d1\u6d3e\u7cfb\u7684\u934a\u6210\u9663<\/p>\n<p>\u53f0\u7063\u5f9e\u65e5\u6cbb\u5230\u6c11\u570b\u4ee5\u964d\uff0c\u5916\u4f86\u653f\u6b0a\u7686\u4f01\u5716\u4ee5\u5730\u65b9\u9078\u8209\u650f\u7d61\u4ed5\u7d33\u83c1\u82f1\u8207\u5730\u65b9\u6d3e\u7cfb\u3002\u9019\u6a23\u7684\u6536\u7de8\u6276\u690d\uff0c\u7684\u78ba\u5c0d\u978f\u56fa\u653f\u6b0a\u8d77\u4e86\u76f8\u7576\u5927\u7684\u4f5c\u7528\uff0c\u4f46\u5730\u65b9\u6d3e\u7cfb\u7d2f\u7a4d\u5be6\u529b\u5f8c\u4e0d\u9858\u518d\u4efb\u6191\u570b\u6c11\u9ee8\u652f\u914d\uff0c\u52a0\u4e0a\u4e00\u4e5d\u516b\u3007\u5e74\u4ee3\u6c11\u9032\u9ee8\u6210\u7acb\u548c\u7d93\u6fdf\u98db\u901f\u6210\u9577\u7684\u793e\u6703\u74b0\u5883\uff0c\u9020\u5c31\u4e86\u570b\u6c11\u9ee8\u8207\u9ed1\u9053\u7d50\u76df\u51fa\u99ac\u7af6\u9078\u3001\u5546\u4eba\u70ba\u978f\u56fa\u4e8b\u696d\u62c9\u650f\u9ed1\u9053\u9032\u5165\u5546\u5834\u3001\u570b\u6c11\u9ee8\u9078\u8209\u6642\u518d\u8207\u5546\u4eba\u91d1\u4e3b\u5408\u6d41\u725f\u5229\u2014\u2014\u570b\u6c11\u9ee8\u3001\u9ed1\u9053\u3001\u91d1\u4e3b\u4e09\u4f4d\u4e00\u9ad4\u7684\u300c\u9ed1\u91d1\u653f\u6cbb\u300d\u6642\u4ee3\u3002<\/p>\n<p>\u9032\u5165\u4e00\u4e5d\u4e5d\u3007\u5e74\u4ee3\uff0c\u53f0\u7063\u958b\u653e\u7acb\u6cd5\u59d4\u54e1\u5168\u9762\u6539\u9078\uff0c\u7136\u800c\u95dc\u4fc2\u8457\u570b\u5bb6\u6574\u9ad4\u767c\u5c55\u7684\u7acb\u6cd5\u9662\uff0c\u537b\u6210\u70ba\u4e86\u5730\u65b9\u52e2\u529b\u8207\u5546\u8cc8\u5de8\u5bcc\u900f\u904e\u8cb7\u7968\u8cc4\u9078\u5411\u4e0a\u6649\u5347\uff0c\u73a9\u5f04\u6b0a\u529b\u8207\u91d1\u9322\u7684\u300c\u9ed1\u91d1\u6bbf\u5802\u300d\u3002\u8207\u6b64\u540c\u6642\uff0c\u5730\u65b9\u4e0a\u7684\u5019\u9078\u4eba\u5728\u795e\u660e\u7684\u300c\u898b\u8b49\u300d\u4e4b\u4e0b\uff0c\u5354\u5546\u8cb7\u7968\u91d1\u984d\uff0c\u64d4\u4efb\u7e23\u5e02\u8b70\u54e1\u7684\u9ed1\u9053\u5927\u54e5\u5927\u7b46\u4e00\u63ee\uff0c\u628a\u6383\u8569\u516b\u5927\u884c\u696d\u7684\u9810\u7b97\u901a\u901a\u522a\u9664\uff0c\u800c\u666e\u901a\u8001\u767e\u59d3\u53ea\u56e0\u70ba\u9078\u8209\u7576\u5929\u300c\u6295\u932f\u4eba\u300d\uff0c\u4e00\u96e2\u958b\u6295\u7968\u6240\u5c31\u88ab\u5c0f\u5f1f\u6293\u53bb\u75db\u6bc6\u4e00\u9813\u2026\u2026<\/p>\n<p>\u672c\u66f8\u5c07\u9019\u4e9b\u53f0\u7063\u6c11\u4e3b\u8f49\u578b\u904e\u7a0b\u4e2d\u5730\u65b9\u4e0a\u5404\u7a2e\u5149\u602a\u9678\u96e2\u7684\u653f\u6cbb\u73fe\u8c61\uff0c\u5f59\u96c6\u6210\u56db\u5927\u7ae0\u7bc0\u7e3d\u517150\u500b\u95dc\u9375\u5b57\uff0c\u4ee5\u6dfa\u986f\u6613\u61c2\u7684\u6545\u4e8b\u4e00\u4e00\u5206\u6790\u90a3\u4e9b\u9382\u5149\u71c8\u7126\u9ede\u4e4b\u5916\u7684\u6b0a\u52e2\u7af6\u722d\u7d30\u7bc0\uff0c\u5305\u62ec\u4e86\uff1a\u5019\u9078\u4eba\u5728\u9078\u8209\u671f\u9593\uff0c\u7a76\u7adf\u662f\u900f\u904e\u90a3\u4e9b\u7d44\u7e54\u5718\u9ad4\u532f\u96c6\u9078\u7968\u8207\u7d93\u8cbb\uff1f\u7af6\u9078\u5718\u968a\u5982\u4f55\u7121\u8996\u9078\u8209\u6cd5\u898f\uff0c\u5229\u7528\u7a2e\u7a2e\u4ee4\u4eba\u77a0\u76ee\u7d50\u820c\u7684\u624b\u6bb5\u8d0f\u5f97\u9078\u8209\uff1f\u653f\u6cbb\u4eba\u7269\u5728\u7db2\u8def\u4e0d\u767c\u9054\u7684\u5e74\u4ee3\uff0c\u8981\u600e\u9ebc\u64cd\u7e31\u5a92\u9ad4\uff0c\u6a39\u7acb\u5f62\u8c61\uff1f\u4ee5\u53ca\u90a3\u4e9b\u5f9e\u653f\u80cc\u5f8c\u7684\u771f\u6b63\u76ee\u7684\uff1a\u4ee5\u653f\u6cbb\u6b0a\u529b\u70ba\u624b\u6bb5\uff0c\u5230\u5e95\u80fd\u5e36\u4f86\u591a\u9ebc\u9a5a\u4eba\u7684\u5229\u76ca\uff1f<\/p>\n<p>\u901950\u7bc7\u95dc\u9375\u5b57\u900f\u8996\u51fa\u7684\uff0c\u662f\u6211\u5011\u9019\u4e00\u4ee3\u53f0\u7063\u4eba\u6240\u4e0d\u719f\u6089\uff0c\u537b\u4e5f\u5fc5\u9808\u4e86\u89e3\u7684\u5730\u65b9\u653f\u6cbb\u6b77\u53f2\uff0c\u4e5f\u662f\u4eca\u65e5\u6301\u7e8c\u767c\u751f\uff0c\u7121\u6cd5\u9003\u907f\u7684\u9078\u8209\u771f\u5be6\u9762\u8c8c\u3002<\/p>\n<p>\u5c08\u6587\u63a8\u85a6<\/p>\n<p>\u300c\u672c\u66f8\u4e94\u5341\u500b\u95dc\u9375\u5b57\u662f\u4e94\u5341\u584a\u62fc\u5716\uff0c\u8b80\u8005\u5728\u77ed\u6642\u9593\u95b1\u8b80\u4e4b\u4e0b\u5373\u53ef\u62fc\u51fa\u4e00\u5e45\u570b\u6c11\u9ee8\u5982\u4f55\u5728\u89e3\u56b4\u5f8c\u5efa\u7acb\u8d77\u4e00\u500b\u9ed1\u91d1\u9ad4\u5236\u7684\u5716\u50cf\u3002\u300d\u2500\u2500\u8449\u6d69\uff08\u653f\u6cbb\u5927\u5b78\u653f\u6cbb\u5b78\u7cfb\u526f\u6559\u6388\uff09<\/p>\n<p>\u300c\u8981\u4e86\u89e3\u8907\u96dc\u5230\u8fd1\u4e4e\u7121\u89e3\u7684\u53f0\u7063\u5730\u65b9\u653f\u6cbb\u751f\u614b\uff0c\u751a\u81f3\u8981\u7dad\u7e6b\u4e00\u500b\u6c11\u4e3b\u81ea\u7531\u570b\u5bb6\u7684\u9577\u4e45\u751f\u5b58\uff0c\u5c31\u5148\u5f9e\u6b63\u78ba\u8a8d\u8b58\u9019\u4e94\u5341\u500b\u95dc\u9375\u5b57\u958b\u59cb\u5427\uff01\u300d\u2500\u2500\u7ba1\u4ec1\u5065\uff08\u6587\u53f2\u5de5\u4f5c\u8005\uff09<\/p>\n<p>\u300c\u5927\u5bb6\u5e38\u807d\u5230\u5730\u65b9\u6d3e\u7cfb\u9019\u500b\u8a5e\uff0c\u4f46\u76f8\u4fe1\u771f\u6b63\u4e86\u89e3\u5176\u4e2d\u610f\u601d\u7684\u4eba\u4e26\u4e0d\u591a\uff0c\u6b64\u66f8\u5c31\u80fd\u8207\u5404\u4f4d\u89e3\u8aaa\u5730\u65b9\u6d3e\u7cfb\u88e1\u7684\u5176\u4e2d\u5967\u5999\u3002\u300d\u2500\u2500\u5609\u7fa9\u5c0f\u5546\u4eba\uff08GTOKevin\uff0cPTT\u540d\u4eba\uff09<\/p>\n<p>\u300c\u5916\u4f86\u653f\u6b0a\u70ba\u7a69\u56fa\u9818\u5c0e\u6b0a\u5a01\uff0c\u5229\u7528\u5229\u76ca\u7d50\u76df\u8207\u5730\u65b9\u52e2\u529b\u5171\u751f\u5171\u5b58\uff0c\u884d\u4f38\u51fa\u4e86\u8a31\u591a\u4ee5\u73fe\u5728\u89d2\u5ea6\u4f86\u770b\u5341\u5206\u8352\u8b2c\uff0c\u800c\u4e14\u5b8c\u5168\u7121\u6cd5\u60f3\u50cf\u7684\u4e8b\u60c5\u3002\u300d\u2500\u2500\u8cf4\u54c1\u59a4\uff08\u7acb\u6cd5\u59d4\u54e1\uff09<\/p>\n<p>\u76db\u60c5\u63a8\u85a6<\/p>\n<p>\u738b\u7acb\uff08\u738b\u7acb\u7b2c\u4e8c\u6230\u7814\u6240\u7248\u4e3b\uff09<br \/>\n\u6797\u7acb\u9752\uff08\u4f5c\u5bb6\uff09<br \/>\n\u6797\u4f73\u9f8d\uff08\u524d\u4ea4\u901a\u90e8\u9577\u3001\u5149\u5408\u57fa\u91d1\u6703\u767c\u8d77\u4eba\uff09<br \/>\n\u5468\u5049\u822a\uff08\u6e23\u5831\u4e3b\u7b46\uff09<br \/>\n\u5f35\u5c11\u6fc2\uff08\u8ff7\u8d70\u5de5\u4f5c\u574a\u5275\u8fa6\u4eba\uff09<br \/>\n\u5f35\u9f61\u4e88\uff08\u4e09\u7acb\u7576\u5bb6\u4e3b\u64ad\uff09<br \/>\n\u9673\u67cf\u60df\uff08\u524d\u7acb\u6cd5\u59d4\u54e1\uff09<br \/>\n\u9ec3\u4fe1\u582f\uff08\u5c0e\u6f14\uff09<br \/>\n\u9ec3\u3000\u6377\uff08\u9ad8\u96c4\u5e02\u8b70\u54e1\uff09<br \/>\n\u8449\u5929\u502b\uff08\u5c0e\u6f14\uff09<br \/>\n\u6eab\u6717\u6771\uff08\u653f\u6cbb\u8a55\u8ad6\u4eba\uff09<br \/>\n\u937e\u6c38\u8c50\uff08\u8a69\u4eba\u3001\u6587\u5316\u5de5\u4f5c\u8005\uff09<br \/>\n\uff08\u6309\u7b46\u5283\u6392\u5217\uff09<\/p>\n<h2><strong>\u4f5c\u8005\u7c21\u4ecb<\/strong><\/h2>\n<p>\u5f35\u8fb0\u6f01<\/p>\n<p>\u73fe\u70ba\u4e16\u754c\u67d4\u8edf\u6578\u4f4d\u5f71\u50cf\u6587\u5316\u7e3d\u76e3\uff0c\u81f4\u529b\u65bc\u958b\u767c\u5177\u53f0\u7063\u5143\u7d20\u53ca\u4eba\u6587\u7cbe\u795e\u7684\u4f5c\u54c1\u4ee5\u63a8\u884c\u6b77\u53f2\u666e\u53ca\u3002\u5275\u4f5c\u542b\u5f71\u5287\u3001\u52d5\u6f2b\u756b\u3001\u684c\u904a\u3001\u793e\u6703\u8a2d\u8a08\u7b49\u9818\u57df\u3002<\/p>\n<p>\u76ee\u524d\u6b63\u63a8\u52d5\u300c\u6f2b\u8ac7\u53f0\u7063\u300d\u53f0\u7063\u53f2\u7cfb\u5217\u6f2b\u756b\u53ca\u4ee5\u8af7\u523a\u65b9\u5f0f\u53cd\u6620\u793e\u6703\u771f\u5be6\u8108\u7d61\u7684\u8de8\u9818\u57df\u5275\u4f5c\u300c\u793e\u6703\u4e8b\u300d\u7cfb\u5217\u3002<\/p>\n<p>\u838a\u5cb3\u71ca<\/p>\n<p>\u53f0\u6771\u4eba\u3002\u570b\u7acb\u53f0\u7063\u5927\u5b78\u6b77\u53f2\u5b78\u7cfb\u5b78\u58eb\u3002\u76ee\u524d\u4efb\u8077\u65bc\u4e16\u754c\u67d4\u8edf\u6578\u4f4d\u5f71\u50cf\u6587\u5316\u3002<\/p>\n<p>\u76f8\u4fe1\u300c\u6545\u4e8b\u662f\u751f\u6d3b\u7684\u96b1\u55bb\u300d\uff0c\u5e0c\u671b\u900f\u904e\u5275\u4f5c\u8b93\u5927\u773e\u767c\u73fe\u793e\u6703\u7684\u66f4\u591a\u9762\u5411\uff0c\u4e26\u671f\u8a31\u85c9\u8457\u8aaa\u6545\u4e8b\u767c\u63ee\u5f71\u97ff\u529b\u3002<\/p>\n<p>\u66fe\u6c85\u82b7<\/p>\n<p>\u53f0\u5927\u6b77\u53f2\u5b78\u78a9\u58eb\uff0c\u81ea\u5f9e\u4eba\u751f\u812b\u96e2\u5b78\u8853\u754c\u4e4b\u5f8c\u5c31\u4e0d\u65b7\u5c0b\u627e\u81ea\u5df1\u7684\u5b9a\u4f4d\uff0c\u76ee\u524d\u7d50\u5408\u7814\u7a76\u80fd\u529b\u8207\u5beb\u4f5c\u6280\u5de7\uff0c\u4ee5\u6587\u5b57\u5de5\u4f5c\u70ba\u4eba\u751f\u9053\u8def\uff0c\u5e0c\u671b\u80fd\u5728\u9019\u689d\u8def\u4e0a\u4e0d\u65b7\u7cbe\u9032\u3002<\/p>\n<p>\u8a31\u96c5\u73b2<\/p>\n<p>\u570b\u7acb\u53f0\u7063\u5927\u5b78\u6b77\u53f2\u5b78\u7cfb\u5b78\u58eb\u3001\u570b\u7acb\u653f\u6cbb\u5927\u5b78\u53f0\u7063\u53f2\u7814\u7a76\u6240\u78a9\u58eb\u3002\u8457\u6709\u300a\u5716\u89e3\u53f0\u7063\u53f2\u300b\uff08\u6668\u661f\uff0c\u8207\u738b\u54c1\u6db5\u3001\u90ed\u5a77\u7389\u3001\u838a\u5efa\u83ef\u5408\u8457\uff09\u3001\u300a\u9ed1\u8272\u602a\u8b5a\uff1a\u8b93\u4f60\u5bb3\u6015\u7684\uff0c\u771f\u7684\u662f\u9b3c\u55ce\uff1f\u300b\uff08\u806f\u5408\u6587\u5b78\uff0c\u8207\u827e\u5fb7\u5609\u7b49\u5408\u8457\uff09\u3002<\/p>\n<p>\u5433\u660c\u5cfb<\/p>\n<p>\u53f0\u5927\u6b77\u53f2\u6240\u535a\u58eb\u751f\uff0c\u66fe\u947d\u7814\u8fd1\u4ee3\u53f2\u4e2d\u5916\u95dc\u4fc2\uff0c\u9818\u57df\u64f4\u53ca\u653f\u6cbb\u3001\u5546\u696d\u3001\u4ea4\u901a\u8207\u5b97\u6559\uff0c\u4ea6\u66fe\u70ba\u6559\u79d1\u66f8\u4ee5\u53ca\u300c\u6545\u4e8b\u300d\u7db2\u7ad9\u64b0\u5beb\u6b77\u53f2\u6587\u7ae0\uff0c\u5c0d\u6b77\u53f2\u666e\u53ca\u6709\u9ad8\u5ea6\u8208\u8da3\u3002<\/p>\n<p>\u9673\u529b\u822a<\/p>\n<p>\u570b\u7acb\u6210\u529f\u5927\u5b78\u6b77\u53f2\u5b78\u7cfb\u5b78\u58eb\u3001\u570b\u7acb\u653f\u6cbb\u5927\u5b78\u53f0\u7063\u53f2\u7814\u7a76\u6240\u78a9\u58eb\u3002\u8457\u6709\u300a\u96f6\u4e0b\u516d\u5341\u516b\u5ea6\uff1a\u4e8c\u6230\u5f8c\u81fa\u7063\u4eba\u7684\u897f\u4f2f\u5229\u4e9e\u6230\u4fd8\u7d93\u9a57\u300b\uff08\u524d\u885b\uff09\u3002\u8207\u4ed6\u4eba\u5408\u8457\u5247\u6709\u300a\u5733\u6d41\u767e\u5e74\u300b\uff08\u65b9\u5bf8\uff09\u3001\u300a\u9ed1\u8272\u602a\u8b5a\uff1a\u8b93\u4f60\u5bb3\u6015\u7684\uff0c\u771f\u7684\u662f\u9b3c\u55ce\uff1f\u300b\uff08\u806f\u5408\u6587\u5b78\uff09\u3001\u300a\u4e0d\u80fd\u53ea\u6709\u6211\u770b\u5230\uff01\u53f0\u7063\u53f2\u4e0a\u7684\u5c0f\u4eba\u7269\u5927\u6709\u4e8b\u300b\uff08\u5713\u795e\uff09\u3002<\/p>\n<h2><strong>\u76ee\u9304<\/strong><\/h2>\n<p>\u63a8\u85a6\u5e8f\uff1a\u4e09\u4f4d\u4e00\u9ad4\u7684\u9ed1\u91d1\u653f\u6b0a\u539f\u4f86\u662f\u9019\u6a23\u7149\u6210\u7684\uff01\uff0f\u8449\u6d69\uff08\u653f\u6cbb\u5927\u5b78\u653f\u6cbb\u5b78\u7cfb\u526f\u6559\u6388\uff09<br \/>\n\u63a8\u85a6\u5e8f\uff1a\u5148\u5f9e\u6b63\u78ba\u8a8d\u8b58\u9019\u4e94\u5341\u500b\u95dc\u9375\u5b57\u958b\u59cb\u5427\uff01\uff0f\u7ba1\u4ec1\u5065\uff08\u6587\u53f2\u5de5\u4f5c\u8005\uff09<br \/>\n\u63a8\u85a6\u5e8f\uff1a\u53f0\u7063\u6c11\u4e3b\u5316\u904e\u7a0b\u4e2d\u7684\u653f\u6cbb\u4e8b\u8207\u793e\u6703\u4e8b\uff0f\u5609\u7fa9\u5c0f\u5546\u4eba\uff08GTOKevin\uff0cPTT\u540d\u4eba\uff09<br \/>\n\u63a8\u85a6\u5e8f\uff1a\u964c\u751f\u53c8\u719f\u6089\u7684\u95dc\u9375\u5b57\uff0c\u4e00\u7aba\u53f0\u7063\u300c\u6b0a\u52e2\u8005\u7684\u52dd\u5229\u6a21\u7d44\u300d\uff01\uff0f\u8cf4\u54c1\u59a4\uff08\u7acb\u6cd5\u59d4\u54e1\uff09<br \/>\n\u51fa\u7248\u5e8f\uff1a\u793e\u6703\u662f\u6e9c\u6e9c\u7785\u7785\uff0f\u5f35\u8fb0\u6f01\uff08\u4e16\u754c\u67d4\u8edf\u6578\u4f4d\u5f71\u50cf\u6587\u5316\u7e3d\u76e3\uff09<\/p>\n<p>\u6642\u4ee3\u80cc\u666f\u4e00\uff1a\u5f9e\u570b\u6c11\u9ee8\u4f86\u53f0\u5230\u6c11\u4e3b\u6539\u9769<br \/>\n\u6642\u4ee3\u80cc\u666f\u4e8c\uff1a\u4e00\u4e5d\u4e5d\u4e8c\uff0c\u9ed1\u91d1\u6d6e\u4e0a\u6aaf\u9762<\/p>\n<p>\u5584\u826f\u4eba\u4f47\u625b\u8f4e<br \/>\n\u5730\u65b9\u6d3e\u7cfb<br \/>\n\u6c11\u773e\u670d\u52d9\u793e<br \/>\n\u5a66\u806f\u6703\uff0f\u5a66\u5973\u6703<br \/>\n\u8fb2\u6703<br \/>\n\u6f01\u6703<br \/>\n\u8fb2\u7530\u6c34\u5229\u6703<br \/>\n\u4eba\u982d\u6703\u54e1<br \/>\n\u8fb2\u6703\u8d85\u8cb8<br \/>\n\u4fe1\u7528\u5408\u4f5c\u793e<br \/>\n\u8b66\u53cb\u6703<br \/>\n\u5b97\u89aa\u6703<br \/>\n\u9752\u679c\u5408\u4f5c\u793e<br \/>\n\u5bae\u5edf<br \/>\n\u540c\u696d\u516c\u6703<\/p>\n<p>\u51fa\u4e16\u4f86\u505a\u67f1\u4ed4\u8de4<br \/>\n\u9ed1\u9053<br \/>\n\u6413\u5713\u4ed4\u6e6f<br \/>\n\u8cb7\u5147\u6bba\u4eba<br \/>\n\u653f\u898b\u767c\u8868\u6703<br \/>\n\u65ac\u96de\u982d<br \/>\n\u6a01\u8173<br \/>\n\u8cc4\u9078<br \/>\n\u9078\u8209\u516d\u5408\u5f69<br \/>\n\u6d41\u6c34\u5e2d<br \/>\n\u4eae\u7968<br \/>\n\u505a\u7968<br \/>\n\u96c6\u9ad4\u51fa\u904a<br \/>\n\u9ed1\u91d1\u653f\u6cbb\u4eba\u7269<br \/>\n\u711a\u5316\u7210<\/p>\n<p>\u8a8d\u771f\u3001\u9aa8\u529b\u3001\u597d\u592e\u6559<br \/>\n\u7d05\u767d\u5e16<br \/>\n\u8b70\u54e1\u914d\u5408\u6b3e<br \/>\n\u8cfd\u9d3f\u8ced\u535a<br \/>\n\u6709\u7dda\u96fb\u8996<br \/>\n\u5730\u65b9\u8a18\u8005<br \/>\n\u9ed1\u9053\u66b4\u529b<br \/>\n\u559d\u82b1\u9152<\/p>\n<p>\u63c0\u8457\u4ee3\u8868\u98df\u767e\u6b72<br \/>\n\u571f\u5730\u5fb5\u6536<br \/>\n\u95dc\u8aaa<br \/>\n\u71df\u990a\u5348\u9910<br \/>\n\u653f\u5e9c\u9810\u7b97<br \/>\n\u8b70\u6703\u4fdd\u8b77\u5098<br \/>\n\u53f8\u6cd5\u6557\u58de<br \/>\n\u571f\u5730\u8b8a\u66f4<br \/>\n\u570d\u6a19<br \/>\n\u56de\u6263<br \/>\n\u7802\u77f3<br \/>\n\u8272\u60c5\u7522\u696d<br \/>\n\u8ced\u535a\u96fb\u73a9<br \/>\n\u74b0\u4fdd\u5c40<br \/>\n\u6b4c\u5ef3\u79c0<br \/>\n\u8077\u68d2\u7c3d\u8ced<\/p>\n<p>\u7d50\u8a9e\uff1a\u6211\u5011\u6210\u70ba\u4e86\u4ec0\u9ebc\u6a23\u7684\u9078\u6c11\uff1f<\/p>\n<p>ISBN\uff1a9789578019942<br \/>\n\u51fa\u7248\u793e\uff1a\u524d\u885b<br \/>\n\u898f\u683c\uff1a\u5e73\u88dd \/ 272\u9801 \/ 17 x 23 x 1.36 cm \/ \u666e\u901a\u7d1a \/ \u55ae\u8272\u5370\u5237 \/ \u521d\u7248<br \/>\n\u51fa\u7248\u5730\uff1a\u53f0\u7063<\/p>\n<p><a href=\"http:\/\/class.ruten.com.tw\/user\/index00.php?s=gjtwn\" target=\"_blank\" rel=\"noopener\"><img decoding=\"async\" src=\"https:\/\/www.gjtaiwan.com\/image\/data\/addlpmz19qm7.png\" alt=\"\" \/><\/a><\/p>\n","protected":false},"excerpt":{"rendered":"<p>\u793e\u6703\u4e8b\u2014\u6b0a\u52e2\u8005\u7684\u52dd\u5229\uff1a\u53f0\u7063\u5730\u65b9\u653f\u6cbb\u53f2\u768450\u500b\u95dc\u9375\u5b57 \u5167\u5bb9\u7c21\u4ecb \u7b2c\u4e00\u672c\u5f9e50\u500b\u95dc\u9375\u5b57\u8a8d\u8b58\u53f0\u7063\u5730\u65b9\u653f\u6cbb\u5c08\u66f8\uff01 \u9ee8\u570b&#8230;<\/p>\n","protected":false},"featured_media":94071,"comment_status":"closed","ping_status":"closed","template":"","meta":[],"product_brand":[],"product_cat":[2817,2663],"product_tag":[],"class_list":{"0":"post-94062","1":"product","2":"type-product","3":"status-publish","4":"has-post-thumbnail","6":"product_cat-2817","7":"product_cat-2663","9":"first","10":"instock","11":"sale","12":"taxable","13":"shipping-taxable","14":"purchasable","15":"product-type-simple"},"bundled_by":[],"bundle_stock_status":"instock","bundle_stock_quantity":null,"bundle_virtual":false,"bundle_layout":"","bundle_add_to_cart_form_location":"","bundle_editable_in_cart":false,"bundle_sold_individually_context":"","bundle_item_grouping":"","bundle_min_size":"","bundle_max_size":"","bundle_price":[],"bundled_items":[],"bundle_sell_ids":[65786,138697],"_links":{"self":[{"href":"https:\/\/www.gjtaiwan.com\/new\/wp-json\/wp\/v2\/product\/94062","targetHints":{"allow":["GET"]}}],"collection":[{"href":"https:\/\/www.gjtaiwan.com\/new\/wp-json\/wp\/v2\/product"}],"about":[{"href":"https:\/\/www.gjtaiwan.com\/new\/wp-json\/wp\/v2\/types\/product"}],"replies":[{"embeddable":true,"href":"https:\/\/www.gjtaiwan.com\/new\/wp-json\/wp\/v2\/comments?post=94062"}],"wp:featuredmedia":[{"embeddable":true,"href":"https:\/\/www.gjtaiwan.com\/new\/wp-json\/wp\/v2\/media\/94071"}],"wp:attachment":[{"href":"https:\/\/www.gjtaiwan.com\/new\/wp-json\/wp\/v2\/media?parent=94062"}],"wp:term":[{"taxonomy":"product_brand","embeddable":true,"href":"https:\/\/www.gjtaiwan.com\/new\/wp-json\/wp\/v2\/product_brand?post=94062"},{"taxonomy":"product_cat","embeddable":true,"href":"https:\/\/www.gjtaiwan.com\/new\/wp-json\/wp\/v2\/product_cat?post=94062"},{"taxonomy":"product_tag","embeddable":true,"href":"https:\/\/www.gjtaiwan.com\/new\/wp-json\/wp\/v2\/product_tag?post=94062"}],"curies":[{"name":"wp","href":"https:\/\/api.w.org\/{rel}","templated":true}]}}