{"id":95536,"date":"2022-02-07T23:59:11","date_gmt":"2022-02-07T15:59:11","guid":{"rendered":"https:\/\/www.gjtaiwan.com\/new\/?post_type=product&#038;p=95536"},"modified":"2026-01-27T10:22:36","modified_gmt":"2026-01-27T02:22:36","slug":"%e8%87%ba%e7%81%a3%e5%90%8d%e4%ba%ba%e5%82%b3%e8%a8%98%e6%bc%ab%e7%95%ab-%e5%b7%b4%e5%85%8b%e7%a6%ae%e8%87%ba%e6%96%87%e7%89%88","status":"publish","type":"product","link":"https:\/\/www.gjtaiwan.com\/new\/product\/%e8%87%ba%e7%81%a3%e5%90%8d%e4%ba%ba%e5%82%b3%e8%a8%98%e6%bc%ab%e7%95%ab-%e5%b7%b4%e5%85%8b%e7%a6%ae%e8%87%ba%e6%96%87%e7%89%88","title":{"rendered":"\u81fa\u7063\u540d\u4eba\u50b3\u8a18\u6f2b\u756b\uff1a\u5df4\u514b\u79ae\u3010\u81fa\u6587\u7248\u3011"},"content":{"rendered":"<h1><strong>\u81fa\u7063\u540d\u4eba\u50b3\u8a18\u6f2b\u756b\uff1a\u5df4\u514b\u79ae\u3010\u81fa\u6587\u7248\u3011<\/strong><\/h1>\n<p><img loading=\"lazy\" decoding=\"async\" class=\"alignnone size-large wp-image-95538\" src=\"https:\/\/www.gjtaiwan.com\/new\/wp-content\/uploads\/2022\/01\/\u5df4\u514b\u79ae\u7acb\u9ad4-663x800.jpeg\" alt=\"\" width=\"663\" height=\"800\" srcset=\"https:\/\/www.gjtaiwan.com\/new\/wp-content\/uploads\/2022\/01\/\u5df4\u514b\u79ae\u7acb\u9ad4-663x800.jpeg 663w, https:\/\/www.gjtaiwan.com\/new\/wp-content\/uploads\/2022\/01\/\u5df4\u514b\u79ae\u7acb\u9ad4-332x400.jpeg 332w, https:\/\/www.gjtaiwan.com\/new\/wp-content\/uploads\/2022\/01\/\u5df4\u514b\u79ae\u7acb\u9ad4.jpeg 768w, https:\/\/www.gjtaiwan.com\/new\/wp-content\/uploads\/2022\/01\/\u5df4\u514b\u79ae\u7acb\u9ad4-600x724.jpeg 600w\" sizes=\"auto, (max-width: 663px) 100vw, 663px\" \/><\/p>\n<h2><strong>\u5167\u9801\u8a66\u95b1<\/strong><\/h2>\n<p><img loading=\"lazy\" decoding=\"async\" class=\"alignnone size-large wp-image-96431\" src=\"https:\/\/www.gjtaiwan.com\/new\/wp-content\/uploads\/2022\/02\/258884070_272883771654105_8016843896116649358_n-565x800.jpg\" alt=\"\" width=\"565\" height=\"800\" srcset=\"https:\/\/www.gjtaiwan.com\/new\/wp-content\/uploads\/2022\/02\/258884070_272883771654105_8016843896116649358_n-565x800.jpg 565w, https:\/\/www.gjtaiwan.com\/new\/wp-content\/uploads\/2022\/02\/258884070_272883771654105_8016843896116649358_n-282x400.jpg 282w, https:\/\/www.gjtaiwan.com\/new\/wp-content\/uploads\/2022\/02\/258884070_272883771654105_8016843896116649358_n.jpg 768w, https:\/\/www.gjtaiwan.com\/new\/wp-content\/uploads\/2022\/02\/258884070_272883771654105_8016843896116649358_n-600x850.jpg 600w\" sizes=\"auto, (max-width: 565px) 100vw, 565px\" \/><\/p>\n<p><img loading=\"lazy\" decoding=\"async\" class=\"alignnone size-large wp-image-96439\" src=\"https:\/\/www.gjtaiwan.com\/new\/wp-content\/uploads\/2022\/02\/259964671_639474217266288_9051668769119718900_n-592x800.jpg\" alt=\"\" width=\"592\" height=\"800\" srcset=\"https:\/\/www.gjtaiwan.com\/new\/wp-content\/uploads\/2022\/02\/259964671_639474217266288_9051668769119718900_n-592x800.jpg 592w, https:\/\/www.gjtaiwan.com\/new\/wp-content\/uploads\/2022\/02\/259964671_639474217266288_9051668769119718900_n-296x400.jpg 296w, https:\/\/www.gjtaiwan.com\/new\/wp-content\/uploads\/2022\/02\/259964671_639474217266288_9051668769119718900_n.jpg 768w, https:\/\/www.gjtaiwan.com\/new\/wp-content\/uploads\/2022\/02\/259964671_639474217266288_9051668769119718900_n-600x811.jpg 600w\" sizes=\"auto, (max-width: 592px) 100vw, 592px\" \/><\/p>\n<p><img loading=\"lazy\" decoding=\"async\" class=\"alignnone size-large wp-image-96440\" src=\"https:\/\/www.gjtaiwan.com\/new\/wp-content\/uploads\/2022\/02\/273024578_966540647298670_1840164792518583220_n-569x800.jpg\" alt=\"\" width=\"569\" height=\"800\" srcset=\"https:\/\/www.gjtaiwan.com\/new\/wp-content\/uploads\/2022\/02\/273024578_966540647298670_1840164792518583220_n-569x800.jpg 569w, https:\/\/www.gjtaiwan.com\/new\/wp-content\/uploads\/2022\/02\/273024578_966540647298670_1840164792518583220_n-284x400.jpg 284w, https:\/\/www.gjtaiwan.com\/new\/wp-content\/uploads\/2022\/02\/273024578_966540647298670_1840164792518583220_n.jpg 768w, https:\/\/www.gjtaiwan.com\/new\/wp-content\/uploads\/2022\/02\/273024578_966540647298670_1840164792518583220_n-600x844.jpg 600w\" sizes=\"auto, (max-width: 569px) 100vw, 569px\" \/><\/p>\n<p><img loading=\"lazy\" decoding=\"async\" class=\"alignnone size-large wp-image-96432\" src=\"https:\/\/www.gjtaiwan.com\/new\/wp-content\/uploads\/2022\/02\/273513513_195885792741326_7819611484834299596_n-570x800.jpg\" alt=\"\" width=\"570\" height=\"800\" srcset=\"https:\/\/www.gjtaiwan.com\/new\/wp-content\/uploads\/2022\/02\/273513513_195885792741326_7819611484834299596_n-570x800.jpg 570w, https:\/\/www.gjtaiwan.com\/new\/wp-content\/uploads\/2022\/02\/273513513_195885792741326_7819611484834299596_n-285x400.jpg 285w, https:\/\/www.gjtaiwan.com\/new\/wp-content\/uploads\/2022\/02\/273513513_195885792741326_7819611484834299596_n.jpg 768w, https:\/\/www.gjtaiwan.com\/new\/wp-content\/uploads\/2022\/02\/273513513_195885792741326_7819611484834299596_n-600x842.jpg 600w\" sizes=\"auto, (max-width: 570px) 100vw, 570px\" \/><\/p>\n<p><img loading=\"lazy\" decoding=\"async\" class=\"alignnone size-large wp-image-96435\" src=\"https:\/\/www.gjtaiwan.com\/new\/wp-content\/uploads\/2022\/02\/259388256_1139622883440400_4622296150920658451_n-559x800.jpg\" alt=\"\" width=\"559\" height=\"800\" srcset=\"https:\/\/www.gjtaiwan.com\/new\/wp-content\/uploads\/2022\/02\/259388256_1139622883440400_4622296150920658451_n-559x800.jpg 559w, https:\/\/www.gjtaiwan.com\/new\/wp-content\/uploads\/2022\/02\/259388256_1139622883440400_4622296150920658451_n-280x400.jpg 280w, https:\/\/www.gjtaiwan.com\/new\/wp-content\/uploads\/2022\/02\/259388256_1139622883440400_4622296150920658451_n.jpg 768w, https:\/\/www.gjtaiwan.com\/new\/wp-content\/uploads\/2022\/02\/259388256_1139622883440400_4622296150920658451_n-600x858.jpg 600w\" sizes=\"auto, (max-width: 559px) 100vw, 559px\" \/><\/p>\n<p><img loading=\"lazy\" decoding=\"async\" class=\"alignnone size-large wp-image-96433\" src=\"https:\/\/www.gjtaiwan.com\/new\/wp-content\/uploads\/2022\/02\/273859441_355034656426745_858861682623514097_n-573x800.jpg\" alt=\"\" width=\"573\" height=\"800\" srcset=\"https:\/\/www.gjtaiwan.com\/new\/wp-content\/uploads\/2022\/02\/273859441_355034656426745_858861682623514097_n-573x800.jpg 573w, https:\/\/www.gjtaiwan.com\/new\/wp-content\/uploads\/2022\/02\/273859441_355034656426745_858861682623514097_n-286x400.jpg 286w, https:\/\/www.gjtaiwan.com\/new\/wp-content\/uploads\/2022\/02\/273859441_355034656426745_858861682623514097_n.jpg 768w, https:\/\/www.gjtaiwan.com\/new\/wp-content\/uploads\/2022\/02\/273859441_355034656426745_858861682623514097_n-600x838.jpg 600w\" sizes=\"auto, (max-width: 573px) 100vw, 573px\" \/><\/p>\n<p><img loading=\"lazy\" decoding=\"async\" class=\"alignnone size-large wp-image-96434\" src=\"https:\/\/www.gjtaiwan.com\/new\/wp-content\/uploads\/2022\/02\/273162964_475074334310513_6695068269219650513_n-573x800.jpg\" alt=\"\" width=\"573\" height=\"800\" srcset=\"https:\/\/www.gjtaiwan.com\/new\/wp-content\/uploads\/2022\/02\/273162964_475074334310513_6695068269219650513_n-573x800.jpg 573w, https:\/\/www.gjtaiwan.com\/new\/wp-content\/uploads\/2022\/02\/273162964_475074334310513_6695068269219650513_n-286x400.jpg 286w, https:\/\/www.gjtaiwan.com\/new\/wp-content\/uploads\/2022\/02\/273162964_475074334310513_6695068269219650513_n.jpg 768w, https:\/\/www.gjtaiwan.com\/new\/wp-content\/uploads\/2022\/02\/273162964_475074334310513_6695068269219650513_n-600x838.jpg 600w\" sizes=\"auto, (max-width: 573px) 100vw, 573px\" \/><\/p>\n<p><img loading=\"lazy\" decoding=\"async\" class=\"alignnone size-large wp-image-96436\" src=\"https:\/\/www.gjtaiwan.com\/new\/wp-content\/uploads\/2022\/02\/272644987_676988663492249_4133706015226566610_n-551x800.jpg\" alt=\"\" width=\"551\" height=\"800\" srcset=\"https:\/\/www.gjtaiwan.com\/new\/wp-content\/uploads\/2022\/02\/272644987_676988663492249_4133706015226566610_n-551x800.jpg 551w, https:\/\/www.gjtaiwan.com\/new\/wp-content\/uploads\/2022\/02\/272644987_676988663492249_4133706015226566610_n-276x400.jpg 276w, https:\/\/www.gjtaiwan.com\/new\/wp-content\/uploads\/2022\/02\/272644987_676988663492249_4133706015226566610_n.jpg 768w, https:\/\/www.gjtaiwan.com\/new\/wp-content\/uploads\/2022\/02\/272644987_676988663492249_4133706015226566610_n-600x871.jpg 600w\" sizes=\"auto, (max-width: 551px) 100vw, 551px\" \/><\/p>\n<p><img loading=\"lazy\" decoding=\"async\" class=\"alignnone size-full wp-image-96437\" src=\"https:\/\/www.gjtaiwan.com\/new\/wp-content\/uploads\/2022\/02\/259612486_1119153352190571_8311315489111538324_n.jpg\" alt=\"\" width=\"839\" height=\"595\" srcset=\"https:\/\/www.gjtaiwan.com\/new\/wp-content\/uploads\/2022\/02\/259612486_1119153352190571_8311315489111538324_n.jpg 839w, https:\/\/www.gjtaiwan.com\/new\/wp-content\/uploads\/2022\/02\/259612486_1119153352190571_8311315489111538324_n-564x400.jpg 564w, https:\/\/www.gjtaiwan.com\/new\/wp-content\/uploads\/2022\/02\/259612486_1119153352190571_8311315489111538324_n-768x545.jpg 768w, https:\/\/www.gjtaiwan.com\/new\/wp-content\/uploads\/2022\/02\/259612486_1119153352190571_8311315489111538324_n-600x426.jpg 600w\" sizes=\"auto, (max-width: 839px) 100vw, 839px\" \/><\/p>\n<h2><strong>\u5167\u5bb9\u7c21\u4ecb<\/strong><\/h2>\n<p>\u96d6\u7136\u4e0d\u662f\u81fa\u7063\u4eba\uff0c<br \/>\n\u537b\u6bd4\u8ab0\u90fd\u6df1\u611b\u9019\u584a\u571f\u5730\uff01<\/p>\n<p>\u9650\u91cf\u8d08\u9001\uff1a\u798f\u97f3\u8cbc\u7d19\uff0812X19cm\uff0c\u767d\u5e95\u900f\u660e\u8cbc\u7d19\uff09<br \/>\n\u8cbc\u7d19\u662f\u9650\u91cf\u7684\u3001\u798f\u97f3\u662f\u7121\u9650\u7684\uff01<\/p>\n<p>\u6f2b\u756b\u5bb6\u8822\u7f8a\u751f\u52d5\u8b5c\u5beb\uff0c<br \/>\n\u5341\u4e5d\u4e16\u7d00\u5f8c\u534a\uff0c<br \/>\n\u897f\u65b9\u5ba3\u6559\u5e2b\u5728\u81fa\u7063\u7559\u4e0b\u7684\u8db3\u8de1\u3002<\/p>\n<p>\u96a8\u66f8\u9644\u8d08\uff1a\u83ef\u6587\u7ffb\u8b6f\u672c<\/p>\n<p>1895\u5e74\uff0c\u81fa\u7063\u5272\u8b93\u7d66\u65e5\u672c\uff0c\u4e8c\u5e2b\u5718\u7684\u65e5\u672c\u8ecd\u5373\u5c07\u62b5\u9054\u81fa\u5357\uff1b<br \/>\n\u9f13\u5439\u62b5\u6297\u65e5\u672c\u4eba\u7684\u81fa\u7063\u6c11\u4e3b\u570b\u9818\u5c0e\u8005\u9023\u591c\u9003\u8dd1\uff0c\u81fa\u5357\u9677\u5165\u7121\u4e3b\u72c0\u614b\u3002<br \/>\n\u6b64\u523b\u633a\u8eab\u800c\u51fa\uff0c\u5192\u8457\u5728\u6697\u591c\u88ab\u5c04\u6bba\u7684\u5371\u96aa\uff0c<br \/>\n\u4ee3\u8868\u5e9c\u57ce\u4eba\u6c11\u51fa\u57ce\u8207\u65e5\u8ecd\u4ea4\u6d89\u7684\uff0c<br \/>\n\u537b\u662f\u8207\u9019\u5834\u6230\u722d\u6beb\u7121\u95dc\u806f\u7684\u82f1\u570b\u9577\u8001\u6559\u6703\u5ba3\u6559\u5e2b\uff01<\/p>\n<p>\u5275\u7acb\u767d\u8a71\u5b57\uff0c\u5f15\u9032\u9ad8\u7b49\u6559\u80b2\u3001\u5370\u5237\u8853\uff1b<br \/>\n\u966a\u4f34\u81fa\u7063\u4eba\u8d70\u904e\u6e05\u672b\u65e5\u521d\uff0c\u6b77\u7d93\u653f\u6b0a\u8b8a\u9077\u3002<br \/>\n\u5728\u81fa60\u5e74\u3001\u70ba\u81fa\u7063\u5949\u737b\u4e00\u751f\uff0c<br \/>\n\u6700\u5f8c\u9577\u7720\u65bc\u81fa\u7063\u7684\u82f1\u570b\u7c4d\u5ba3\u6559\u5e2b<br \/>\n\u2500\u2500\u6e6f\u746a\u4ed5\u2027\u5df4\u514b\u79ae<\/p>\n<p>\u3010\u95dc\u65bc\u672c\u66f8\u3011<br \/>\n1875\u5e74\uff0c\u4f86\u81ea\u82f1\u570b\u9577\u8001\u6559\u6703\u7684\u5ba3\u6559\u5e2b\u2500\u2500\u6e6f\u746a\u4ed5\u2027\u5df4\u514b\u79ae\uff0c\u5f9e\u6253\u72d7\u8e0f\u4e0a\u4e86\u798f\u723e\u6469\u6c99\u3002\u70ba\u4e86\u4fe1\u4ef0\u9060\u6e21\u91cd\u6d0b\u7684\u4ed6\uff0c\u4e26\u6c92\u6709\u9810\u6599\u5230\uff0c\u4ed6\u8207\u9019\u5ea7\u5c0f\u5cf6\u7684\u7de3\u5206\u9577\u9054\u516d\u5341\u5e74\uff0c\u76f4\u5230\u4ed6\u9577\u7720\u65bc\u9019\u584a\u571f\u5730\u3002<\/p>\n<p>\u5341\u4e5d\u4e16\u7d00\u672b\u7684\u81fa\u7063\uff0c\u532f\u96c6\u4e86\u5404\u65b9\u7684\u79fb\u6c11\uff0c\u5145\u65a5\u8457\u4e0d\u540c\u7684\u65cf\u7fa4\u8207\u6587\u5316\u3001\u751f\u6a5f\u52c3\u52c3\uff0c\u4f46\u4e5f\u6642\u6709\u885d\u7a81\u3002\u70ba\u4e86\u50b3\u905e\u798f\u97f3\uff0c\u5df4\u514b\u79ae\u9664\u4e86\u8981\u514b\u670d\u7576\u5730\u4eba\u7684\u4e0d\u4fe1\u4efb\uff0c\u4e5f\u5fc5\u9808\u514b\u670d\u8a9e\u8a00\u8207\u6587\u5316\u7684\u9694\u95a1\u3002<\/p>\n<p>\u4ed6\u7528\u7f85\u99ac\u62fc\u97f3\u5275\u7acb\u767d\u8a71\u5b57\uff0c\u8b93\u4e0d\u8b58\u5b57\u7684\u4e00\u822c\u4eba\u4e5f\u80fd\u8b80\u61c2\uff1b\u5f15\u5165\u9ad8\u7b49\u6559\u80b2\uff0c\u5275\u7acb\u5e9c\u57ce\u5927\u5b78\uff08\u4eca\u81fa\u5357\u795e\u5b78\u9662\uff09\uff0c\u5c07\u795e\u5b78\u6559\u80b2\u8207\u79d1\u5b78\u3001\u50b3\u7d71\u77e5\u8b58\u7d50\u5408\uff0c\u57f9\u80b2\u5728\u5730\u4eba\u624d\uff1b\u5c07\u73fe\u4ee3\u88fd\u7248\u5370\u5237\u7684\u6280\u8853\u5e36\u5165\u81fa\u7063\uff0c\u767c\u884c\u81fa\u7063\u9996\u4efd\u5831\u7d19\uff1a\u300a\u81fa\u7063\u5e9c\u57ce\u6559\u6703\u5831\u300b\uff0c\u4f86\u5ba3\u63da\u6559\u7fa9\u548c\u6559\u80b2\u4fe1\u5f92\uff0c\u800c\u9019\u4efd\u5831\u7d19\u4e0d\u50c5\u6210\u70ba\u81fa\u7063\u6b77\u53f2\u6700\u60a0\u4e45\u7684\u4e00\u4efd\u5831\u7d19\uff0c\u66f4\u5f71\u97ff\u5230\u4e4b\u5f8c\u9577\u8001\u6559\u8207\u81fa\u7063\u793e\u6703\u904b\u52d5\u7684\u9023\u7d50\uff1b\u665a\u5e74\u6295\u5165\u65b0\u820a\u7d04\u5ec8\u9580\u97f3\u7f85\u99ac\u5b57\u8056\u7d93\u7684\u4fee\u8b6f\uff0c\u7de8\u7e82\u82f1\u5ec8\u5b57\u5178\u3002<\/p>\n<p>1895\u6e05\u65e5\u7532\u5348\u6230\u722d\uff0c\u81fa\u7063\u5272\u8b93\u7d66\u65e5\u672c\uff0c\u5df4\u514b\u79ae\u7b49\u5ba3\u6559\u5e2b\u672c\u53ef\u907f\u8d70\u6d77\u5916\uff0c\u6216\u8005\u8eb2\u5165\u5927\u4f7f\u9928\u4e2d\uff0c\u4f46\u4ed6\u537b\u9858\u610f\u633a\u8eab\u800c\u51fa\uff0c\u5192\u8457\u751f\u547d\u5371\u96aa\uff0c\u4ee3\u8868\u7121\u4e3b\u7684\u81fa\u5357\uff0c\u51fa\u57ce\u8207\u65e5\u8ecd\u4ea4\u6d89\u5354\u5546\u548c\u5e73\u9032\u57ce\uff0c\u514d\u53bb\u4e86\u4e00\u5834\u8840\u6d17\u6d69\u52ab\u3002<\/p>\n<p>\u9019\u672c\u6f2b\u756b\u63cf\u8ff0\u4e86\u5ba3\u6559\u5e2b\u5df4\u514b\u79ae\u4ee5\u53ca\u5176\u592b\u4eba\u4f0a\u8389\u838e\u767d\u5c0d\u81fa\u7063\u7684\u8ca2\u737b\uff1b\u5df4\u514b\u79ae\u70ba\u4e86\u4fe1\u4ef0\u51fa\u8d70\u719f\u6089\u7684\u6bcd\u570b\uff0c\u8d70\u5411\u672a\u77e5\u5883\u5730\uff0c\u7528\u76e1\u8cc7\u6e90\u8207\u8fa6\u6cd5\uff0c\u8b93\u798f\u97f3\u8207\u73fe\u4ee3\u6559\u80b2\u6563\u5e03\u65bc\u9019\u5ea7\u5c0f\u5cf6\u3002\u900f\u904e\u4ed6\u7684\u4e00\u751f\uff0c\u4f60\u53ef\u4ee5\u770b\u5230\u81fa\u7063\u5728\u897f\u65b9\u6587\u5316\u78b0\u649e\u4e0b\u7684\u6f14\u9032\u3001\u653f\u6b0a\u9023\u756a\u4ea4\u66ff\u4e0b\u7684\u7834\u58de\u8207\u91cd\u6574\uff1b\u4e5f\u53ef\u4ee5\u770b\u5230\u9577\u8001\u6559\u6703\u65e9\u5e74\u62ab\u834a\u65ac\u68d8\u7684\u958b\u62d3\uff0c\u6700\u5f8c\u5728\u81fa\u843d\u5730\u751f\u6839\u7684\u904e\u7a0b\uff0c\u4e4b\u5f8c\u4e0d\u8ad6\u906d\u9047\u6230\u722d\u6d17\u934a\u3001\u6642\u4ee3\u8b8a\u9077\uff0c\u4ed6\u5011\u59cb\u7d42\u79c9\u6301\u4eba\u6587\u7cbe\u795e\uff0c\u966a\u4f34\u81fa\u7063\u4eba\u6e21\u904e\u3002<\/p>\n<p>\u540d\u4eba\u63a8\u85a6<\/p>\n<p>\u738b\u5b50\u78a9 \u805a\u73cd\u81fa\u7063\u7e3d\u76e3<br \/>\n\u76e7\u555f\u660e\u7267\u5e2b \u81fa\u7063\u57fa\u7763\u9577\u8001\u6559\u6703\u6b77\u53f2\u59d4\u54e1\u6703\u5e79\u4e8b\u517c\u6a94\u6848\u9928\u4e3b\u4efb<br \/>\n\u2500\u2500\u5167\u5bb9\u5be9\u5b9a<br \/>\n\u80e1\u5fe0\u9298 \u81fa\u5357\u795e\u5b78\u9662\u9662\u9577<br \/>\n\u2500\u2500\u611f\u52d5\u505a\u5e8f<br \/>\n\u6797\u7acb\u9752 \u4f5c\u5bb6<br \/>\n\u694a\u65af\u68d3\u91ab\u5e2b \u300a\u4eba\u751f\u8def\u5f15\u300b\u4f5c\u8005<br \/>\n\u2500\u2500\u771f\u8aa0\u63a8\u85a6<br \/>\n\u203b\uff1a\u4f9d\u9996\u5b57\u7b46\u756b\u6392\u5e8f<\/p>\n<p>\u5df4\u514b\u79ae\u662f\u767d\u8a71\u5b57\u7684\u5960\u57fa\u8005\uff0c\u73fe\u5728\u81fa\u7063\u6559\u6703\u7267\u5e2b\u5011\u5728\u81fa\u4e0a\u6240\u8aaa\u7684\u81fa\u8a9e\uff0c\u50b3\u627f\u65bc\u4ed6\u7ffb\u8b6f\u51fa\u4f86\u7684\u767d\u8a71\u5b57\u8056\u7d93\u53ca\u81fa\u7f85\u62fc\u97f3\u6587\u5b57\uff0c\u540c\u6642\u4ed6\u5efa\u7acb\u81fa\u7063\u7b2c\u4e00\u9593\u5831\u793e\u4e26\u4e14\u5e36\u9818\u65e5\u8ecd\u548c\u5e73\u9032\u5165\u5e9c\u57ce\u3001\u4fdd\u8b77\u81fa\u5357\u5e73\u5b89\u3002<br \/>\n\u9019\u672c\u6f2b\u756b\uff0c\u5e36\u9818\u6211\u5011\u8a8d\u8b58\u5df4\u514b\u79ae\u7684\u8ca2\u737b\u3002\u2500\u2500\u6797\u7acb\u9752 \u4f5c\u5bb6<\/p>\n<h2><strong>\u4f5c\u8005\u7c21\u4ecb<\/strong><\/h2>\n<p>\u8822\u7f8a\uff08\u7f8a\u5be7\u6b23\uff09<\/p>\n<p>\u81fa\u7063\u85dd\u8853\u5927\u5b78\u7f8e\u8853\u7cfb\u7562\u696d\uff0c\u73fe\u70ba\u8077\u696d\u6f2b\u756b\u5bb6\u3002\u81f4\u529b\u65bc\u300a\u68d2\u7403\u4eba\u751f\u8cfd\u300b\u3001\u300a\u52d5\u7269\u570b\u5bb6\u300b\u7b49\u5404\u7a2e\u5275\u4f5c\uff0c\u8fd1\u671f\u6e96\u5099\u56de\u53bb\u9762\u5c0d\u7814\u7a76\u6240\u7684\u82e6\u6d77\u3002<\/p>\n<p>\u8457\u6709\uff1a\u300a\u706b\u4ebaFEUERWEHR\u300b\u3001\u300a\u83dc\u6bd4\u5df4\u8b66\u9d3f\u6210\u9577\u65e5\u8a18\u300b\u3001\u300a\u68d2\u7403\u4eba\u751f\u8cfd1~6\uff08\u672a\u5b8c\uff09\u300b\u3001\u300a\u81fa\u7063\u540d\u4eba\u50b3\u8a18\u6f2b\u756b\uff1a\u6e6f\u5fb7\u7ae0\u300b<\/p>\n<p>FB\uff1a\u8822\u7f8a\u8207\u5947\u602a\u751f\u7269<br \/>\nIG\uff1astupidsheep003<\/p>\n<p>\u8b6f\u8005\u7c21\u4ecb<\/p>\n<p>\u9673\u8c50\u60e0<\/p>\n<p>\u674e\u6c5f\u5374\u53f0\u8a9e\u6587\u6559\u57fa\u91d1\u6703\u57f7\u884c\u9577<br \/>\n\u300a\u53f0\u6587\u901a\u8a0aBONG\u5831\u300b\u96dc\u8a8c\u7e3d\u7de8\u8f2f<br \/>\n\u81fa\u7063\u5927\u5b78\u517c\u4efb\u81fa\u8a9e\u8ab2\u7a0b\u8b1b\u5e2b<br \/>\n\u300a\u6c11\u8996\u53f0\u7063\u5b78\u5802\u300b\u300c\u8b1b\u53f0\u8a9e\u7576\u8457\u6642\u300d\u3001\u300c\u53f0\u8a9e\u8b1b\u4e16\u4e8b\u300d\u7bc0\u76ee\u5c0d\u8ac7\u4eba<br \/>\n\u300a\u516c\u5171\u96fb\u8996\u53f0\u8a9e\u53f0\u300b\u81fa\u8a9e\u6587\u9867\u554f<\/p>\n<p>\u674e\u76c8\u4f73<\/p>\n<p>\u9ad8\u96c4\u4eba\u3002\u56e1\u4ed4\u6642\u5c31\u807d\u5e8f\u5927\u4eba\u8b1bin\u54a7\u865f\u76c8\u4f73\u9019\u4e2a\u540d\u7684\u6642\u9663\uff0c\u6709\u7528\u81fa\u8a9e\u5538\u904e\uff0c\u843d\u5c3e\u624d\u77e5\u5f71\u9019\u6b3e\u505a\u6cd5\u8aa0\u7f55\u898b\u3002\u5165\u53bb\u5e7c\u7a1a\u5712\u9032\u524d\u5e72\u7126\u6703\u66c9\u8b1b\u81fa\u8a9e\uff0c\u6bcb\u904e\u958b\u5b78\u7121\u504c\u4e45\u5c31\u96aa\u96aa\u8882\u8a18\u5f97\u4e86\u4e86\u3002\u4f73\u54c9\u4e88\u539d\u88e1\u7684\u4eba\u6551\u8f49\u4f86\uff0c\u5230\u4eca\u7336\u95a3\u6709\u6cd5\u5ea6\u8b1b\u3002<\/p>\n<p>\u859b\u99ff\u7ff0<\/p>\n<p>T\u00e2i-l\u00e2m-l\u00e2ng\uff0c\u7d30\u6f22\u4f47\u5b78\u7532\uff0c\u5927\u6f22\u8e5b\u6e56\u7f8e\uff0c\u9019\u99ac\u5f9b\u65b0\u5317\u6295\u3002\u5927\u5b78\u8e2e\u516c\u9928o\u030dh\u6b77\u53f2\uff0c\u505a\u5175\u4f47\u5927\u9b6f\u5b9bs\u00e9\u76f8\u7247\uff0c\u9000\u4f0d\u53bb\u6843\u5712ts\u00e1u\u65b0\u805e\u3002\u634c\u4f47\u300a\u81ea\u7531\u6642\u5831\u300b\u3001\u300a\u6c83\u8349\u300bts\u00f2\u8a18\u8005\u3001\u300a\u516c\u8996\u53f0\u8a9e\u53f0\u300bts\u00f2\u4f01\u5283\uff0c\u9019\u99ac\u4f47\u300a\u6c83\u8349\u300bts\u00f2\u7e3d\u7de8\u8f2f\u3002\u4f6e\u9802\u61f8\u7684\u76c8\u4f73\u662f\u7fc1\u67d0\uff0c\u6709\u4e00\u4e2a\u56e1\u4ed4\u3002<\/p>\n<h2><strong>\u76ee\u9304<\/strong><\/h2>\n<p>\u2160 \u9069\u5408\u884c\u5c71\u8def\u7684\u8ebc\u8de4\u7684<br \/>\n\u2161 \u4e00\u76f4\u8fd2\u8882\u904e\u7684\u5f7c\u4e2a\u6236\u6a42<br \/>\n\u2162 \u70ba\u8457\u4e88\u81fa\u7063\u4eba\u6703\u7576\u300c\u8b80\u300d<br \/>\n\u2163 \u7d42\u8eab\u5949\u737b\u7684\u540c\u4f34<br \/>\n\u2164 \u8fd2\u904e\u6697\u669d\u7684\u82f1\u570b\u548c\u5e73\u4f7f\u8005<br \/>\n\u2165 God knows the reasons<br \/>\n\u2166 \u4e0a\u5c3e\u7684\u4efb\u52d9<br \/>\n\u5c3e\u8072<\/p>\n<p>\u9644\u9304<br \/>\n\u5df4\u514b\u79ae\u5e74\u8868<br \/>\n\u5df4\u514b\u79ae\u76f8\u95dc\u53f2\u8e5f<\/p>\n<p>\u5be9\u5b9a\u5e8f<br \/>\n\u6b63\u6e2f\u7684\u81fa\u7063\u4eba\u2500\u2500\u5df4\u514b\u79ae<br \/>\n\u2500\u2500\u738b\u5b50\u78a9 \u805a\u73cd\u81fa\u7063\u7e3d\u76e3<br \/>\n\u70ba\u81fa\u7063\u591a\u8d70\u4e00\u91cc\u8def<br \/>\n\u2500\u2500\u76e7\u555f\u660e\u7267\u5e2b \u81fa\u7063\u57fa\u7763\u9577\u8001\u6559\u6703\u6b77\u53f2\u59d4\u54e1\u6703\u5e79\u4e8b\u517c\u6a94\u6848\u9928\u4e3b\u4efb<\/p>\n<p>\u63a8\u85a6\u5e8f<br \/>\n\u7d42\u5176\u4e00\u751f\uff0c\u5c0d\u4e0a\u5e1d\u53ca\u81fa\u7063\u6c38\u6046\u7684\u611b\u8207\u8a8d\u540c<br \/>\n\u2500\u2500\u80e1\u5fe0\u9298 \u81fa\u5357\u795e\u5b78\u9662\u9662\u9577<\/p>\n<p>\u63a8\u85a6\u8a9e<br \/>\n\u4f5c\u8005\u5f8c\u8a18<br \/>\n\u53c3\u8003\u8cc7\u6599<\/p>\n<p>ISBN\uff1a9789571399317<br \/>\n\u51fa\u7248\u793e\uff1a\u6642\u5831<br \/>\n\u898f\u683c\uff1a\u5e73\u88dd \/ 144\u9801 \/ 14.8 x 21 x 0.86 cm \/ \u666e\u901a\u7d1a \/ \u55ae\u8272\u5370\u5237 \/ \u521d\u7248<br \/>\n\u51fa\u7248\u5730\uff1a\u53f0\u7063<\/p>\n<p><a href=\"http:\/\/goods.ruten.com.tw\/item\/show?21451000880481\" target=\"_blank\" rel=\"noopener\"><img decoding=\"async\" src=\"https:\/\/www.gjtaiwan.com\/image\/data\/addlpmz19qm7.png\" alt=\"\" \/><\/a><\/p>\n","protected":false},"excerpt":{"rendered":"<p>\u81fa\u7063\u540d\u4eba\u50b3\u8a18\u6f2b\u756b\uff1a\u5df4\u514b\u79ae\u3010\u81fa\u6587\u7248\u3011 \u5167\u9801\u8a66\u95b1 \u5167\u5bb9\u7c21\u4ecb \u96d6\u7136\u4e0d\u662f\u81fa\u7063\u4eba\uff0c \u537b\u6bd4\u8ab0\u90fd\u6df1\u611b\u9019\u584a\u571f\u5730\uff01 \u9650\u91cf\u8d08\u9001\uff1a\u798f&#8230;<\/p>\n","protected":false},"featured_media":96438,"comment_status":"closed","ping_status":"closed","template":"","meta":[],"product_brand":[],"product_cat":[5453,2733,2663,3313,2731],"product_tag":[4395],"class_list":{"0":"post-95536","1":"product","2":"type-product","3":"status-publish","4":"has-post-thumbnail","6":"product_cat-5453","7":"product_cat-2733","8":"product_cat-2663","9":"product_cat-3313","10":"product_cat-2731","11":"product_tag-4395","13":"first","14":"instock","15":"sale","16":"taxable","17":"shipping-taxable","18":"purchasable","19":"product-type-simple"},"bundled_by":[],"bundle_stock_status":"instock","bundle_stock_quantity":null,"bundle_virtual":false,"bundle_layout":"","bundle_add_to_cart_form_location":"","bundle_editable_in_cart":false,"bundle_sold_individually_context":"","bundle_item_grouping":"","bundle_min_size":"","bundle_max_size":"","bundle_price":[],"bundled_items":[],"bundle_sell_ids":[65786,138697],"_links":{"self":[{"href":"https:\/\/www.gjtaiwan.com\/new\/wp-json\/wp\/v2\/product\/95536","targetHints":{"allow":["GET"]}}],"collection":[{"href":"https:\/\/www.gjtaiwan.com\/new\/wp-json\/wp\/v2\/product"}],"about":[{"href":"https:\/\/www.gjtaiwan.com\/new\/wp-json\/wp\/v2\/types\/product"}],"replies":[{"embeddable":true,"href":"https:\/\/www.gjtaiwan.com\/new\/wp-json\/wp\/v2\/comments?post=95536"}],"wp:featuredmedia":[{"embeddable":true,"href":"https:\/\/www.gjtaiwan.com\/new\/wp-json\/wp\/v2\/media\/96438"}],"wp:attachment":[{"href":"https:\/\/www.gjtaiwan.com\/new\/wp-json\/wp\/v2\/media?parent=95536"}],"wp:term":[{"taxonomy":"product_brand","embeddable":true,"href":"https:\/\/www.gjtaiwan.com\/new\/wp-json\/wp\/v2\/product_brand?post=95536"},{"taxonomy":"product_cat","embeddable":true,"href":"https:\/\/www.gjtaiwan.com\/new\/wp-json\/wp\/v2\/product_cat?post=95536"},{"taxonomy":"product_tag","embeddable":true,"href":"https:\/\/www.gjtaiwan.com\/new\/wp-json\/wp\/v2\/product_tag?post=95536"}],"curies":[{"name":"wp","href":"https:\/\/api.w.org\/{rel}","templated":true}]}}