{"id":96329,"date":"2022-02-16T16:11:57","date_gmt":"2022-02-16T08:11:57","guid":{"rendered":"https:\/\/www.gjtaiwan.com\/new\/?post_type=product&#038;p=96329"},"modified":"2026-01-27T10:35:16","modified_gmt":"2026-01-27T02:35:16","slug":"%e9%9d%92%e7%93%a6%e5%8e%9de%e5%ae%89%e5%a6%ae%e5%8f%b0%e8%8b%b1%e9%9b%99%e8%aa%9e%ef%bc%8e%e9%99%84%e5%8f%b0%e8%aa%9e%e6%9c%97%e8%ae%80","status":"publish","type":"product","link":"https:\/\/www.gjtaiwan.com\/new\/product\/%e9%9d%92%e7%93%a6%e5%8e%9de%e5%ae%89%e5%a6%ae%e5%8f%b0%e8%8b%b1%e9%9b%99%e8%aa%9e%ef%bc%8e%e9%99%84%e5%8f%b0%e8%aa%9e%e6%9c%97%e8%ae%80","title":{"rendered":"\u9752\u74e6\u539d\u00ea\u5b89\u59ae\uff08\u53f0\u82f1\u96d9\u8a9e\uff0e\u9644\u53f0\u8a9e\u6717\u8b80\uff09"},"content":{"rendered":"<h1><strong>\u9752\u74e6\u539d\u00ea\u5b89\u59ae\uff08\u53f0\u82f1\u96d9\u8a9e\uff0e\u9644\u53f0\u8a9e\u6717\u8b80\uff09<\/strong><\/h1>\n<p><img loading=\"lazy\" decoding=\"async\" class=\"alignnone size-large wp-image-96338\" src=\"https:\/\/www.gjtaiwan.com\/new\/wp-content\/uploads\/2022\/02\/9786267076125_bc-571x800.jpg\" alt=\"\" width=\"571\" height=\"800\" srcset=\"https:\/\/www.gjtaiwan.com\/new\/wp-content\/uploads\/2022\/02\/9786267076125_bc-571x800.jpg 571w, https:\/\/www.gjtaiwan.com\/new\/wp-content\/uploads\/2022\/02\/9786267076125_bc-286x400.jpg 286w, https:\/\/www.gjtaiwan.com\/new\/wp-content\/uploads\/2022\/02\/9786267076125_bc.jpg 768w, https:\/\/www.gjtaiwan.com\/new\/wp-content\/uploads\/2022\/02\/9786267076125_bc-600x840.jpg 600w\" sizes=\"auto, (max-width: 571px) 100vw, 571px\" \/><\/p>\n<p><img loading=\"lazy\" decoding=\"async\" class=\"alignnone size-large wp-image-96330\" src=\"https:\/\/www.gjtaiwan.com\/new\/wp-content\/uploads\/2022\/02\/9786267076125_b2-579x800.jpg\" alt=\"\" width=\"579\" height=\"800\" srcset=\"https:\/\/www.gjtaiwan.com\/new\/wp-content\/uploads\/2022\/02\/9786267076125_b2-579x800.jpg 579w, https:\/\/www.gjtaiwan.com\/new\/wp-content\/uploads\/2022\/02\/9786267076125_b2-289x400.jpg 289w, https:\/\/www.gjtaiwan.com\/new\/wp-content\/uploads\/2022\/02\/9786267076125_b2.jpg 768w, https:\/\/www.gjtaiwan.com\/new\/wp-content\/uploads\/2022\/02\/9786267076125_b2-600x829.jpg 600w\" sizes=\"auto, (max-width: 579px) 100vw, 579px\" \/><\/p>\n<p><img loading=\"lazy\" decoding=\"async\" class=\"alignnone size-large wp-image-96331\" src=\"https:\/\/www.gjtaiwan.com\/new\/wp-content\/uploads\/2022\/02\/9786267076125_b3-572x800.jpg\" alt=\"\" width=\"572\" height=\"800\" srcset=\"https:\/\/www.gjtaiwan.com\/new\/wp-content\/uploads\/2022\/02\/9786267076125_b3-572x800.jpg 572w, https:\/\/www.gjtaiwan.com\/new\/wp-content\/uploads\/2022\/02\/9786267076125_b3-286x400.jpg 286w, https:\/\/www.gjtaiwan.com\/new\/wp-content\/uploads\/2022\/02\/9786267076125_b3.jpg 768w, https:\/\/www.gjtaiwan.com\/new\/wp-content\/uploads\/2022\/02\/9786267076125_b3-600x839.jpg 600w\" sizes=\"auto, (max-width: 572px) 100vw, 572px\" \/><\/p>\n<p><img loading=\"lazy\" decoding=\"async\" class=\"alignnone size-large wp-image-96332\" src=\"https:\/\/www.gjtaiwan.com\/new\/wp-content\/uploads\/2022\/02\/9786267076125_b4-568x800.jpg\" alt=\"\" width=\"568\" height=\"800\" srcset=\"https:\/\/www.gjtaiwan.com\/new\/wp-content\/uploads\/2022\/02\/9786267076125_b4-568x800.jpg 568w, https:\/\/www.gjtaiwan.com\/new\/wp-content\/uploads\/2022\/02\/9786267076125_b4-284x400.jpg 284w, https:\/\/www.gjtaiwan.com\/new\/wp-content\/uploads\/2022\/02\/9786267076125_b4.jpg 768w, https:\/\/www.gjtaiwan.com\/new\/wp-content\/uploads\/2022\/02\/9786267076125_b4-600x845.jpg 600w\" sizes=\"auto, (max-width: 568px) 100vw, 568px\" \/><\/p>\n<p><img loading=\"lazy\" decoding=\"async\" class=\"alignnone size-large wp-image-96333\" src=\"https:\/\/www.gjtaiwan.com\/new\/wp-content\/uploads\/2022\/02\/9786267076125_b5-568x800.jpg\" alt=\"\" width=\"568\" height=\"800\" srcset=\"https:\/\/www.gjtaiwan.com\/new\/wp-content\/uploads\/2022\/02\/9786267076125_b5-568x800.jpg 568w, https:\/\/www.gjtaiwan.com\/new\/wp-content\/uploads\/2022\/02\/9786267076125_b5-284x400.jpg 284w, https:\/\/www.gjtaiwan.com\/new\/wp-content\/uploads\/2022\/02\/9786267076125_b5.jpg 768w, https:\/\/www.gjtaiwan.com\/new\/wp-content\/uploads\/2022\/02\/9786267076125_b5-600x845.jpg 600w\" sizes=\"auto, (max-width: 568px) 100vw, 568px\" \/><\/p>\n<p><img loading=\"lazy\" decoding=\"async\" class=\"alignnone size-large wp-image-96334\" src=\"https:\/\/www.gjtaiwan.com\/new\/wp-content\/uploads\/2022\/02\/9786267076125_b6-568x800.jpg\" alt=\"\" width=\"568\" height=\"800\" srcset=\"https:\/\/www.gjtaiwan.com\/new\/wp-content\/uploads\/2022\/02\/9786267076125_b6-568x800.jpg 568w, https:\/\/www.gjtaiwan.com\/new\/wp-content\/uploads\/2022\/02\/9786267076125_b6-284x400.jpg 284w, https:\/\/www.gjtaiwan.com\/new\/wp-content\/uploads\/2022\/02\/9786267076125_b6.jpg 768w, https:\/\/www.gjtaiwan.com\/new\/wp-content\/uploads\/2022\/02\/9786267076125_b6-600x845.jpg 600w\" sizes=\"auto, (max-width: 568px) 100vw, 568px\" \/><\/p>\n<p><img loading=\"lazy\" decoding=\"async\" class=\"alignnone size-large wp-image-96335\" src=\"https:\/\/www.gjtaiwan.com\/new\/wp-content\/uploads\/2022\/02\/9786267076125_b7-568x800.jpg\" alt=\"\" width=\"568\" height=\"800\" srcset=\"https:\/\/www.gjtaiwan.com\/new\/wp-content\/uploads\/2022\/02\/9786267076125_b7-568x800.jpg 568w, https:\/\/www.gjtaiwan.com\/new\/wp-content\/uploads\/2022\/02\/9786267076125_b7-284x400.jpg 284w, https:\/\/www.gjtaiwan.com\/new\/wp-content\/uploads\/2022\/02\/9786267076125_b7.jpg 768w, https:\/\/www.gjtaiwan.com\/new\/wp-content\/uploads\/2022\/02\/9786267076125_b7-600x845.jpg 600w\" sizes=\"auto, (max-width: 568px) 100vw, 568px\" \/><\/p>\n<p><img loading=\"lazy\" decoding=\"async\" class=\"alignnone size-large wp-image-96336\" src=\"https:\/\/www.gjtaiwan.com\/new\/wp-content\/uploads\/2022\/02\/9786267076125_b8-579x800.jpg\" alt=\"\" width=\"579\" height=\"800\" srcset=\"https:\/\/www.gjtaiwan.com\/new\/wp-content\/uploads\/2022\/02\/9786267076125_b8-579x800.jpg 579w, https:\/\/www.gjtaiwan.com\/new\/wp-content\/uploads\/2022\/02\/9786267076125_b8-289x400.jpg 289w, https:\/\/www.gjtaiwan.com\/new\/wp-content\/uploads\/2022\/02\/9786267076125_b8.jpg 768w, https:\/\/www.gjtaiwan.com\/new\/wp-content\/uploads\/2022\/02\/9786267076125_b8-600x829.jpg 600w\" sizes=\"auto, (max-width: 579px) 100vw, 579px\" \/><\/p>\n<p><img loading=\"lazy\" decoding=\"async\" class=\"alignnone size-large wp-image-96337\" src=\"https:\/\/www.gjtaiwan.com\/new\/wp-content\/uploads\/2022\/02\/9786267076125_b9-579x800.jpg\" alt=\"\" width=\"579\" height=\"800\" srcset=\"https:\/\/www.gjtaiwan.com\/new\/wp-content\/uploads\/2022\/02\/9786267076125_b9-579x800.jpg 579w, https:\/\/www.gjtaiwan.com\/new\/wp-content\/uploads\/2022\/02\/9786267076125_b9-289x400.jpg 289w, https:\/\/www.gjtaiwan.com\/new\/wp-content\/uploads\/2022\/02\/9786267076125_b9.jpg 768w, https:\/\/www.gjtaiwan.com\/new\/wp-content\/uploads\/2022\/02\/9786267076125_b9-600x829.jpg 600w\" sizes=\"auto, (max-width: 579px) 100vw, 579px\" \/><\/p>\n<h2><strong>\u5167\u5bb9\u7c21\u4ecb<\/strong><\/h2>\n<p>\u4e16\u754c\u7d93\u5178\u300c\u7d05\u9aee\u5b89\u59ae\u300d\u3001\u300c\u6e05\u79c0\u4f73\u4eba\u300d\u982d\u4e00\u90e8\u53f0\u6587\u8b6f\u672c<br \/>\n\u9019\u64fa\uff0c\u54b1\u7528\u53f0\u8a9e\u966a\u4f34\u5f7c\u4e2a\u7d05\u982d\u6bdb\u00ea\u5b64\u5973<br \/>\nt\u012b\u904b\u547d\u00ea\u8003\u9a57kap\u751f\u6d3b\u00ea\u5192\u96aa\u7576\u4e2d<br \/>\n\u505a\u4f19\u8d70\u63e3\u4eba\u751f\u00ea\u6b78\u5c6ckap\u6210\u9577\u00ea\u610f\u7fa9<\/p>\n<p>\u300c\u4e16\u754c\u6587\u5b78\u53f0\u8b80\u5c11\u5e74\u96d9\u8a9e\u7cfb\u5217\u300d\u4ee5\u5efa\u7acb\u9752\u5c11\u5e74\u5c0d\u5728\u5730\u4e3b\u9ad4\u00ea\u8a8d\u540c\u4ee5\u53cah\u00f9n\u95ca\u00ea\u4e16\u754c\u89c0\u70ba\u76ee\u6a19\uff0cthai\u9078\u5404\u570b\u4e16\u754c\u540d\u8457\uff0c\u4ee5\u53f0\u6587\u9032\u884c\u5fe0\u65bc\u539f\u5178\u00ea\u7ffb\u8b6f\u8f49\u5beb\uff0c\u6536\u9304\u539f\u6587\u96d9\u8a9e\uff0c\u900f\u904e\u53f0\u7063\u8a71\u95b1\u8b80\u7d93\u5178\u6587\u5b78\u00ea\u771f\u9ad3\uff0c\u5f15tshu\u0101\u8b80\u8005\u8a8dbat\u5404\u570b\u7121\u4edd\u6642\u9593\u3001\u7a7a\u9593\u00ea\u771f\u5be6\u9762\u8154kap\u6587\u5316\u5167\u6db5\u3002<\/p>\n<p>\u672c\u7cfb\u5217\u7b2c\u4e8c\u518a\u300a\u9752\u74e6\u539d\u00ea\u5b89\u59ae\u300b\uff08\u539f\u6587\uff1aAnne of Green Gables\uff09\u00edng\u904ebat\u4ee5\u300c\u6e05\u79c0\u4f73\u4eba\u300d\u3001\u300c\u7d05\u9aee\u5b89\u59ae\u300d\u00ea\u518a\u540dtsh\u00ecng\u898f\u53f0\u7063\u3002\u4f5c\u8005Montgomery\u900f\u7531\u751f\u52d5\u00ea\u6587\u91c7\u98a8\u683c\uff0c\u63cf\u5beb\u56e0\u70bat\u00eeng-t\u00e2nn \u00ea\u5b89\u6392\uff0c\u5b89\u59ae\u7121s\u00e8-j\u012b\u4f86\u5230\u300c\u4e9e\u6aac\u91cc\u00ea\u9752\u74e6\u539d\u300d\uff0c\u672c\u6210\u81ea\u5351\u3001\u611b\u7720\u5922koh\u9752\u72c2\u00ea\u4f0a\uff0cta\u030duh-ta\u030duh-\u00e1\u5efa\u7acb\u4fe1\u5fc3\uff0ctshu\u0113-tio\u030dh\u6709\u75bc\u611b\u3001\u6709\u6069\u5178\u00ea\u4eba\u751f\u89c0\u00ea\u904e\u7a0b\u3002\u4f0a\u9818\u53d7tio\u030dh\u4e88\u4eba\u75bc\u60dc\u00ea\u771f\u611b\uff0c\u7a4d\u6975\u3001\u771f\u8aa0\u4f86\u75bc\u9867\u4f0a\u8eab\u8ec0\u908a\u00ea\u4eba\u3002\u4e0a\u7121\u7c21\u55ae\u00ea\u662f\uff1a\u5b89\u59ae\u5e6b\u52a9\u5bb6\u5df1kah\u4f0a\u56e1\u4ed4\u6642\u53d7\u50b7\u00ea\u5fc3\u548c\u89e3\uff0c\u4f0atshu\u0113-tio\u030dh\u771f\u6b63\u00ea\u5bb6\u5df1kah\u6c38\u9060\u00ea\u6b78\u5c6c\uff0c\u6709\u5f71\u4f7f\u4eba\u611f\u52d5\u3002<\/p>\n<p>\u6709\u8072\u6717\u8b80\uff0c\u7cbe\u5f69\u8a66\u807d\uff1a<a href=\"https:\/\/youtu.be\/0ERHjOjclNQ\" target=\"_blank\" rel=\"noopener\">https:\/\/youtu.be\/0ERHjOjclNQ<\/a><\/p>\n<p>\u672c\u66f8\u7279\u8272<\/p>\n<p>1.\u4e16\u754c\u6587\u5b78\u7d93\u5178\u300a\u9752\u74e6\u539d\u00ea\u5b89\u59ae\u300b\uff08\u7d05\u9aee\u5b89\u59ae\u3001\u6e05\u79c0\u4f73\u4eba\uff09\u982d\u4e00\u64fa\u53f0\u82f1\u5c0d\u8b6f\uff0c\u5c07\u5b64\u5973\u5b89\u59ae\u611f\u52d5\u00ea\u6210\u9577\u6545\u4e8b\uff0c\u7528\u53f0\u8a9e\u00ea\u60c5\u5883\u4f86\u8868\u73fe\u672c\u571f\u6c23\u5473\uff0c\u89aa\u5207\u597d\u8b80\u3002<\/p>\n<p>2.\u9644\u53f0\u8a9e\u6709\u8072\u6717\u8b80QRcode\uff0c\u914d\u5408\u6545\u4e8b\u60c5\u5883\u00ea\u7cbe\u5f69\u914d\u6a02\uff0c\u95b1\u8b80\u5c0d\u7167\u7121\u8ca0\u64d4\uff0c\u53f0\u82f1\u5b78\u7fd2\u771f\u5229\u4fbf\u3002<\/p>\n<p>3.\u7cbe\u7dfb\u63d2\u5716\u8868\u73fe\u4e3b\u89d2\u6027\u683ckah\u6545\u4e8b\u60c5\u7bc0\u3001\u786c\u7cbe\u88dd\u5178\u85cf\u3002<\/p>\n<p>\u611f\u5fc3\u63a8\u85a6<\/p>\n<p>\u65b9\u8000\u4e7e\uff08\u570b\u7acb\u53f0\u4e2d\u6559\u80b2\u5927\u5b78\u53f0\u7063\u8a9e\u6587\u5b78\u7cfb\u7279\u8058\u6559\u6388\u3001\u8a69\u4eba\uff09<br \/>\n\u6c5f\u6587\u745c\uff08\u570b\u7acb\u53f0\u7063\u5927\u5b78\u8a9e\u8a00\u5b78\u7814\u7a76\u6240\u6559\u6388\u3001\u8a69\u4eba\uff09<br \/>\n\u674e\u52e4\u5cb8\uff08\u570b\u7acb\u4e2d\u6b63\u5927\u5b78\u53f0\u7063\u6587\u5b78\u8207\u5275\u610f\u61c9\u7528\u7814\u7a76\u6240\u6559\u6388\u3001\u8a69\u4eba\uff09<br \/>\n\u9673\u6b63\u96c4\uff08\u53f0\u6587\u7b46\u6703\u7406\u4e8b\u9577\uff09<br \/>\n\u5f35\u5b78\u8b19\uff08\u570b\u7acb\u53f0\u6771\u5927\u5b78\u83ef\u8a9e\u6587\u5b78\u7cfb\u6559\u6388\uff09<br \/>\n\u6e38\u7d20\u73b2\uff08\u570b\u7acb\u6210\u529f\u5927\u5b78\u5916\u570b\u8a9e\u6587\u5b78\u7cfb\u6559\u6388\uff09<\/p>\n<p>\u51fa\u7248\u8d0a\u52a9\u2500\u2500<br \/>\n\u5929\u6bcd\u6276\u8f2a\u793e\u3001\u5317\u5340\u6276\u8f2a\u793e\u3001\u660e\u5fb7\u6276\u8f2a\u793e<br \/>\n\u81f3\u5584\u6276\u8f2a\u793e\u3001\u5929\u548c\u6276\u8f2a\u793e\u3001\u5929\u6b23\u6276\u8f2a\u793e<\/p>\n<p>\u300c\u5c07\u5916\u570b\u7684\u6587\u5b78\u7ffb\u8b6f\u4f5c\u53f0\u8a9e\uff0c\u5c0d\u958b\u62d3\u53f0\u8a9e\u6587\u7684\u66f8\u5beb\u662f\u4e00\u4e2a\u771f\u597d\u7684\u505a\u6cd5\u3002\u9019\u672c\u662f\u771f\u597d\u7684\u51fa\u767c\uff0c\u54b1\u5171\u4f0a\u5927\u8072\u62cd\u5657\u4ed4\u3002\u300d\u2500\u2500\u570b\u7acb\u53f0\u4e2d\u6559\u80b2\u5927\u5b78\u53f0\u7063\u8a9e\u6587\u5b78\u7cfb\u7279\u8058\u6559\u6388\u517c\u8a69\u4eba \u65b9\u8000\u4e7e<\/p>\n<p>\u300c\u9019\u672c\u518a\u900f\u904e\u5168\u4e16\u754c\u7368\u4e00\u7121\u4e8c\u00ea\u66f8\u5beb\u6587\u5b57\u2500\u6f22\u5b57l\u0101m\u62fc\u97f3\uff0ck\u0101\u82f1\u8a9e\u7248\u00ea\u5c11\u5973\u6210\u9577\u7d93\u5178\u5c0f\u8aaa\u7ffb\u8b6fts\u00f2\u6709\u8c50\u5bcc\u8072\u97f3\u8868\u73fekah\u5927\u91cf\u751f\u52d5\u8a5e\u5f59\u00ea\u53f0\u8a9e\u6545\u4e8b\uff0c\u771f\u63a8\u85a6\u9019\u672ck\u0101\u771f\u8da3\u5473\u00ea\u751f\u6d3b\u8a9e\u8a00kah\u5916\u570b\u6587\u5b78\u7d50\u5408\u00ea\u53f0\u8a9e\u518ah\u014d\u56e1\u4ed4kah\u5927\u4eba\u8b80\u3002\u300d\u2500\u2500\u570b\u7acb\u53f0\u7063\u5927\u5b78\u8a9e\u8a00\u5b78\u7814\u7a76\u6240\u6559\u6388\u517c\u8a69\u4eba \u6c5f\u6587\u745c<\/p>\n<h2><strong>\u4f5c\u8005\u7c21\u4ecb<\/strong><\/h2>\n<p>\u7de8\u8005\u7c21\u4ecb<\/p>\n<p>\u9673\u9e97\u541b<\/p>\n<p>\u65b0\u71df\u4eba\u3002\u570b\u7acb\u6210\u529f\u5927\u5b78\u53f0\u6587\u7cfb\u6240\u526f\u6559\u6388\uff0c\u517c\u4efb\u65b0\u805e\u4e2d\u5fc3\u4e3b\u4efb\u3001\u6027\u5225kah \u5a66\u5973\u7814\u7a76\u4e2d\u5fc3\u7814\u7a76\u54e1\u3001\u300a\u53f0\u7063\u8a9e\u6587\u7814\u7a76\u300b\u57f7\u884c\u7de8\u8f2f\u7b49\u3002\u9577\u671ftshui-sak \u53f0\u7063\u5404\u65cf\u7fa4\uff08\u539f\u4f4f\u6c11\u3001\u53f0\u8a9e\u3001\u65b0\u4f4f\u6c11\uff09\u793e\u6703\u8a9e\u8a00\u5b78\u7814\u7a76kah \u6d3b\u52d5\u3002\u6700\u8fd1\u767c\u8868\u65b0\u518a\u300a\u65b0\u79fb\u6c11\u3001\u5973\u6027\u3001\u6bcd\u8a9e\u00ea \u793e\u6703\u8a9e\u8a00\u5b78\u300b\uff082021\uff09\u3002<\/p>\n<p>\u8b6f\u8005\u7c21\u4ecb<\/p>\n<p>\u9ec3\u662d\u745e<\/p>\n<p>\u9ad8\u96c4\u539f\u751f\u7a2e\u3002\u570b\u7acb\u81fa\u5357\u5973\u4e2d\u82f1\u6587\u6559\u5e2b\u3002\u539f\u5e95\u53f0\u8a9e\u7121li\u00e0n \u8f49\uff0c\u6709\u8eab\u671f\u9593\u667a\u89batio\u030dh \u53f0\u7063\u5404\u7a2e\u8a9e\u8a00l\u00f3ng \u5f37beh \u7d55\u7a2e\u53bb\uff0c\u5c31\u6c7a\u5b9abeh kah g\u00edn-\u00e1 \u8b1b\u53f0\u8a9e\u3002\u5341\u4e8c\u5e74\u4f86k\u0101 \u83ef\u3001\u82f1\u8a9e\u6545\u4e8b\u53e3\u8b6f\u505a\u53f0\u8a9e\u6545\u4e8b\uff0c\u5efa\u7acb\u898f\u5bb6\u4f19\u00e1 \u00ea \u53f0\u8a9e\u57fa\u790e\u3002Bat \u64d4\u4efb\u846b\u8606\u5df7\u8b80\u518a\u5354\u6703\u7406\u4e8b\uff0c\u671f\u9593t\u012b \u65b0\u6a13\u5e7c\u5152\u5712h\u0101m \u5e02\u7acb\u5716\u66f8\u9928\u8b1b\u53f0\u8a9e\u6545\u4e8b\uff0c\u9f13\u52f5\u7238\u6bcdkah g\u00edn-\u00e1 \u8b1b\u6bcd\u8a9e\u3002<\/p>\n<p>\u6821\u5c0d\u8005\u7c21\u4ecb<\/p>\n<p>\u767d\u9e97\u82ac<\/p>\n<p>\u5f70\u5316\u4eba\u3002\u6559\u80b2\u90e8\u3001\u6210\u5927\u53f0\u8a9e\u8a8d\u8b49\u5c08\u696d\u7d1a\u3002104 \u5e74\u5168\u570b\u8a9e\u6587\u7af6\u8cfd\u95a9\u5357\u8a9e\u5b57\u97f3\u5b57\u5f62\u793e\u6703\u7d44\u7b2c\u4e00\u540d\u3002\u91d1\u5b89\u51fa\u7248\u793e \u300a\u54b1\u4f86\u8003C\u300b\u3001\u300a\u81fa\u8a9e\u6d3b\u8a5e\u5178\u9996\u518a\u300b \u7de8\u8f2f\u59d4\u54e1\uff0c\u5168\u570b\u8a9e\u6587\u7af6\u8cfd\u95a9\u5357\u8a9e\u6717\u8b80\u7a3f\u4f5c\u8005\u3002Bat \u64d4\u4efb\u8a9e\u6587\u7af6\u8cfd\u8b1b\u5e2b\u3001\u8a55\u5be9\uff0c\u53f0\u8a9e\u8a8d\u8b49\u7814\u7fd2\u8b1b\u5e2b\u3002\u4f5c\u54c1\u6563\u898b \u300a\u53f0\u6587\u7f54\u5831\u300b\u3001\u300a\u6d77\u7fc1\u53f0\u8a9e\u6587\u5b78\u300b\u3001\u300a\u53f0\u5ba2\u8a69\u520a\u300b\u3001\u300a\u81fa\u6c5f\u81fa\u8a9e\u6587\u5b78\u5b63\u520a\u300b\u7b49\u3002<\/p>\n<p>\u8607\u51f0\u862d<\/p>\n<p>\u7f8e\u570bIllinois University at Urbana-Champaign \u6771\u4e9e\u8a9e\u8a00\u6587\u5316\u535a\u58eb\u3002\u570b\u7acb\u81fa\u6771\u5927\u5b78\u83ef\u8a9e\u6587\u5b78\u7cfb\u526f\u6559\u6388\u3002\u5b78\u8853\u8208\u8da3\u662f\u6bcd\u8a9e\u6559\u80b2\u3001\u96d9\u8a9e\u8b80\u5beb\u3001\u8a9e\u8a00\u5b78\u7fd2\u52d5\u6a5fkap h\u0101nn \u8a9e\u8a00\u5be6\u8e10\u3002<\/p>\n<p>\u7e6a\u8005\u7c21\u4ecb<\/p>\n<p>Asta Wu \u5433\u96c5\u6021<\/p>\n<p>\u73fe\u6b64\u6642\u662f\u5c08\u8077\u00ea \u63d2\u756b\u5bb6\uff0c\u756b\u63d2\u5716\u3001\u756b\u7e6a\u672cm\u0101 \u756b\u5716\u50cf\u5c0f\u8aaa\uff0c\u5556\u8a66\u5404\u7a2e\u5275\u4f5c\u00ea \u65b9\u5f0f\uff0c\u76ee\u524dtng-leh \u5f80\u5beb\u6545\u4e8b\u00ea \u65b9\u5411\u4f10\u9032\u3002\u4f6e\u610f\u795e\u8a71\u3001\u6c11\u4fd7\u50b3\u8aaakah \u8c93\u54aa\uff0c\u4e0a\u611bt\u012b \u4f5c\u54c1\u5167\u5e95\u85cf\u5c0f\u52d5\u7269kah ts\u0113-ts\u0113 \u7121k\u00e2ng\u6b3e\u5f0f\u00ea \u5f69\u5375\u3002\uff08astawu.com\u3000IG\uff1aAsta Wu\uff09<\/p>\n<h2><strong>\u76ee\u9304<\/strong><\/h2>\n<p>\u5e8f\u3000\u4e00\u3000\u5e78\u798f\u00ea\u5411\u671b\u3000\u3000\u3000\u3000\u3000\u9ec3\u662d\u745e<br \/>\n\u5e8f\u3000\u4e8c\u3000\u5b88\u8b77\u53f0\u7063\uff0c\u75bc\u60dc\u53f0\u6587\u3000\u4faf\u8212\u6587<br \/>\n\u5e8f\u3000\u4e09\u3000Khi\u0101\u53f0\u7063\uff0c\u770b\u4e16\u754c\uff01\u3000\u9673\u9e97\u541b<\/p>\n<p>\u7b2c\u4e00\u7ae0\u3000\u8d77\u982d<br \/>\n\u7b2c\u4e8c\u7ae0\u3000\u932f\u8aa4<br \/>\n\u7b2c\u4e09\u7ae0\u3000\u5b89\u59ae\u00ea\u904e\u53bb<br \/>\n\u7b2c\u56db\u7ae0\u3000\u91cd\u8981\u00ea\u6c7a\u5b9a<br \/>\n\u7b2c\u4e94\u7ae0\u3000\u53bb\u6559\u6703<br \/>\n\u7b2c\u516d\u7ae0\u3000\u65b0\u670b\u53cb<br \/>\n\u7b2c\u4e03\u7ae0\u3000\u53bb\u5b78\u6821\u8b80\u518a<br \/>\n\u7b2c\u516b\u7ae0\u3000\u840a\u7fa9\u67cf<br \/>\n\u7b2c\u4e5d\u7ae0\u3000\u8336\u6703<br \/>\n\u7b2c\u5341\u7ae0\u3000\u767d\u592a\u592alia\u030dh\u72c2<br \/>\n\u7b2c\u5341\u4e00\u7ae0\u3000\u4f73\u54c9\u6709\u5b89\u59ae<br \/>\n\u7b2c\u5341\u4e8c\u7ae0\u3000\u7b2c\u4e00p\u00e1i\u904e\u669d<br \/>\n\u7b2c\u5341\u4e09\u7ae0\u3000\u5b89\u59aeh\u014do\u4eba\u523a\u6fc0tio\u030dh<br \/>\n\u7b2c\u5341\u56db\u7ae0\u3000\u5feb\u6a02\u00ea\u8056\u8a95\u7bc0<br \/>\n\u7b2c\u5341\u4e94\u7ae0\u3000\u7d05\u982d\u6bdb\u7121&#8211;\u53bb<br \/>\n\u7b2c\u5341\u516d\u7ae0\u3000\u8239\u00ea\u4e8b\u4ef6<br \/>\n\u7b2c\u5341\u4e03\u7ae0\u3000\u5927\u8003<br \/>\n\u7b2c\u5341\u516b\u7ae0\u3000\u734e\u5b78\u91d1<br \/>\n\u7b2c\u5341\u4e5d\u7ae0\u3000\u8271\u82e6\u00ea\u6642\u523b<br \/>\n\u7b2c\u4e8c\u5341\u7ae0\u3000\u6c38\u9060\u00ea\u9752\u74e6\u539d<\/p>\n<p>Contents<br \/>\nChapter 1\u3000The Beginning<br \/>\nChapter 2\u3000A Mistake<br \/>\nChapter 3\u3000Anne\u2019s Past<br \/>\nChapter 4\u3000An Important Decision<br \/>\nChapter 5\u3000Going to Church<br \/>\nChapter 6\u3000A New Friend<br \/>\nChapter 7\u3000Going to School<br \/>\nChapter 8\u3000Gilbert Blythe<br \/>\nChapter 9\u3000The First Tea Party<br \/>\nChapter 10\u3000Mrs. Barry Got Angry<br \/>\nChapter 11\u3000Anne to the Rescue<br \/>\nChapter 12\u3000The First Sleepover<br \/>\nChapter 13\u3000Anne Takes a Dare<br \/>\nChapter 14\u3000A Merry Christmas<br \/>\nChapter 15\u3000Gone was the Red Hair<br \/>\nChapter 16\u3000The Boating Incident<br \/>\nChapter 17\u3000The Big Exam<br \/>\nChapter 18\u3000The Scholarship<br \/>\nChapter 19\u3000Hard Times<br \/>\nChapter 20\u3000The Dear Old Green Gables<\/p>\n<p>ISBN\uff1a9786267076125<br \/>\n\u51fa\u7248\u793e\uff1a\u524d\u885b<br \/>\n\u898f\u683c\uff1a\u7cbe\u88dd \/ 208\u9801 \/ 15 x 21 x 2.91 cm \/ \u666e\u901a\u7d1a \/ \u5168\u5f69\u5370\u5237 \/ \u521d\u7248<br \/>\n\u51fa\u7248\u5730\uff1a\u53f0\u7063<\/p>\n<p><a href=\"http:\/\/class.ruten.com.tw\/user\/index00.php?s=gjtwn\" target=\"_blank\" rel=\"noopener\" data-cke-saved-href=\"http:\/\/class.ruten.com.tw\/user\/index00.php?s=gjtwn\" data-cke-saved-><img decoding=\"async\" src=\"https:\/\/www.gjtaiwan.com\/image\/data\/addlpmz19qm7.png\" alt=\"\" data-cke-saved-src=\"https:\/\/www.gjtaiwan.com\/image\/data\/addlpmz19qm7.png\" \/><\/a><\/p>\n","protected":false},"excerpt":{"rendered":"<p>\u9752\u74e6\u539d\u00ea\u5b89\u59ae\uff08\u53f0\u82f1\u96d9\u8a9e\uff0e\u9644\u53f0\u8a9e\u6717\u8b80\uff09 \u5167\u5bb9\u7c21\u4ecb \u4e16\u754c\u7d93\u5178\u300c\u7d05\u9aee\u5b89\u59ae\u300d\u3001\u300c\u6e05\u79c0\u4f73\u4eba\u300d\u982d\u4e00\u90e8\u53f0\u6587\u8b6f\u672c \u9019\u64fa\uff0c\u54b1\u7528\u53f0&#8230;<\/p>\n","protected":false},"featured_media":96338,"comment_status":"closed","ping_status":"closed","template":"","meta":[],"product_brand":[],"product_cat":[2849,2819,2663,3183],"product_tag":[12339,3565],"class_list":{"0":"post-96329","1":"product","2":"type-product","3":"status-publish","4":"has-post-thumbnail","6":"product_cat-kids","7":"product_cat-2819","8":"product_cat-2663","9":"product_cat-3183","10":"product_tag-12339","11":"product_tag-3565","13":"first","14":"instock","15":"sale","16":"taxable","17":"shipping-taxable","18":"purchasable","19":"product-type-simple"},"bundled_by":[],"bundle_stock_status":"instock","bundle_stock_quantity":null,"bundle_virtual":false,"bundle_layout":"","bundle_add_to_cart_form_location":"","bundle_editable_in_cart":false,"bundle_sold_individually_context":"","bundle_item_grouping":"","bundle_min_size":"","bundle_max_size":"","bundle_price":[],"bundled_items":[],"bundle_sell_ids":[65786,138697],"_links":{"self":[{"href":"https:\/\/www.gjtaiwan.com\/new\/wp-json\/wp\/v2\/product\/96329","targetHints":{"allow":["GET"]}}],"collection":[{"href":"https:\/\/www.gjtaiwan.com\/new\/wp-json\/wp\/v2\/product"}],"about":[{"href":"https:\/\/www.gjtaiwan.com\/new\/wp-json\/wp\/v2\/types\/product"}],"replies":[{"embeddable":true,"href":"https:\/\/www.gjtaiwan.com\/new\/wp-json\/wp\/v2\/comments?post=96329"}],"wp:featuredmedia":[{"embeddable":true,"href":"https:\/\/www.gjtaiwan.com\/new\/wp-json\/wp\/v2\/media\/96338"}],"wp:attachment":[{"href":"https:\/\/www.gjtaiwan.com\/new\/wp-json\/wp\/v2\/media?parent=96329"}],"wp:term":[{"taxonomy":"product_brand","embeddable":true,"href":"https:\/\/www.gjtaiwan.com\/new\/wp-json\/wp\/v2\/product_brand?post=96329"},{"taxonomy":"product_cat","embeddable":true,"href":"https:\/\/www.gjtaiwan.com\/new\/wp-json\/wp\/v2\/product_cat?post=96329"},{"taxonomy":"product_tag","embeddable":true,"href":"https:\/\/www.gjtaiwan.com\/new\/wp-json\/wp\/v2\/product_tag?post=96329"}],"curies":[{"name":"wp","href":"https:\/\/api.w.org\/{rel}","templated":true}]}}